{"id":10435,"date":"2025-11-02T13:28:20","date_gmt":"2025-11-02T13:28:20","guid":{"rendered":"https:\/\/ryinz.cz\/velkoobchod\/?post_type=product&#038;p=10435"},"modified":"2026-01-18T20:23:47","modified_gmt":"2026-01-18T20:23:47","slug":"ryinz-aerogrip-turisticke-rukavice-priedusny-hybrid-z-koze-a-sietoviny-pre-presnost-a-pohodlie","status":"publish","type":"product","link":"https:\/\/ryinz.cz\/velkoobchod\/sk\/product\/ryinz-aerogrip-touring-gloves-breathable-leather-mesh-hybrid-for-precision-and-comfort\/","title":{"rendered":"RYINZ AeroGrip Touring Rukavice - priedu\u0161n\u00fd hybrid z ko\u017eenej sie\u0165oviny pre presnos\u0165 a pohodlie"},"content":{"rendered":"<p data-start=\"117\" data-end=\"542\">Str\u00e1nka <strong data-start=\"170\" data-end=\"203\">RYINZ AeroGrip Touring Rukavice<\/strong> s\u00fa navrhnut\u00e9 pre jazdcov, ktor\u00ed vy\u017eaduj\u00fa prec\u00edznu kontrolu, priedu\u0161nos\u0165 a pohodlie bez toho, aby bola ohrozen\u00e1 ochrana. Navrhnut\u00e9 s pokro\u010dilou hybridnou \u0161trukt\u00farou <strong data-start=\"366\" data-end=\"405\">pr\u00e9miov\u00e1 ko\u017ea a vetran\u00e1 sie\u0165ovina<\/strong>, tieto rukavice poskytuj\u00fa dokonal\u00fa rovnov\u00e1hu medzi odolnos\u0165ou a pr\u00faden\u00edm vzduchu - ide\u00e1lne na kr\u00e1tke mestsk\u00e9 doch\u00e1dzanie aj dlh\u00e9 turistick\u00e9 jazdy.<\/p>\n<p data-start=\"544\" data-end=\"869\">Kon\u0161trukcia rukav\u00edc je majstrovsk\u00fdm pr\u00edkladom ergonomick\u00e9ho dizajnu. Str\u00e1nka . <strong data-start=\"611\" data-end=\"646\">anatomicky zakriven\u00e9 prsty<\/strong> zabezpe\u010duj\u00fa prirodzen\u00fd \u00fachop a minimalizuj\u00fa \u00fanavu po\u010das dlh\u00fdch hod\u00edn na plyne. Zosilnen\u00e9 panely v oblastiach s vysokou z\u00e1\u0165a\u017eou - vr\u00e1tane dlane, k\u013abov a kon\u010dekov prstov - poskytuj\u00fa zv\u00fd\u0161en\u00fa ochranu proti oderu a n\u00e1razom.<\/p>\n<p data-start=\"871\" data-end=\"1273\">Str\u00e1nka <strong data-start=\"875\" data-end=\"902\">dvojvrstvov\u00e1 ko\u017een\u00e1 dla\u0148<\/strong> m\u00e1 proti\u0161mykov\u00fa v\u00fdstu\u017e pre maxim\u00e1lnu presnos\u0165 a odolnos\u0165 \u0161krtiacej klapky. Zadn\u00e1 \u010das\u0165 rukavice je integrovan\u00e1 do <strong data-start=\"1026\" data-end=\"1044\">3D panely zo sie\u0165oviny<\/strong> ktor\u00e9 zais\u0165uj\u00fa nepretr\u017eit\u00fa cirkul\u00e1ciu vzduchu a udr\u017eiavaj\u00fa ruky chladn\u00e9 aj po\u010das hor\u00facich letn\u00fdch j\u00e1zd. Kombin\u00e1cia <strong data-start=\"1153\" data-end=\"1195\">\u010dierna ko\u017ea so siv\u00fdmi sie\u0165ovan\u00fdmi detailmi<\/strong> dod\u00e1va rukov\u00e4ti AeroGrip elegantn\u00fd, modern\u00fd vzh\u013ead, ktor\u00fd sa hod\u00ed k ak\u00e9muko\u013evek \u0161t\u00fdlu jazdeck\u00e9ho v\u00fdstroja.<\/p>\n<p data-start=\"1275\" data-end=\"1522\">Na zv\u00fd\u0161enie bezpe\u010dnosti s\u00fa rukavice vybaven\u00e9 <strong data-start=\"1317\" data-end=\"1344\">polstrovanie tlmiace n\u00e1razy<\/strong> a <strong data-start=\"1349\" data-end=\"1387\">vlo\u017eky z termoplastickej gumy (TPR)<\/strong> v n\u00e1razov\u00fdch z\u00f3nach. Pru\u017en\u00fd pancier na k\u013aboch sa prisp\u00f4sobuje prirodzen\u00e9mu pohybu ruky a poskytuje pohodlie a ochranu z\u00e1rove\u0148.<\/p>\n<p data-start=\"1524\" data-end=\"1786\">Nastavite\u013en\u00fd <strong data-start=\"1539\" data-end=\"1563\">Zap\u00ednanie na such\u00fd zips na z\u00e1p\u00e4st\u00ed<\/strong> zabezpe\u010duje bezpe\u010dn\u00e9 a prisp\u00f4soben\u00e9 nosenie, zatia\u013e \u010do reflexn\u00e9 \u0161vy jemne zlep\u0161uj\u00fa vidite\u013enos\u0165 v noci. V\u010faka t\u00fdmto vlastnostiam je RYINZ AeroGrip nielen ochrann\u00fd, ale aj ve\u013emi praktick\u00fd pre turistick\u00fdch aj mestsk\u00fdch jazdcov.<\/p>\n<p data-start=\"1788\" data-end=\"2047\">Ka\u017ed\u00e1 rukavica je ru\u010dne \u0161it\u00e1 pomocou <strong data-start=\"1823\" data-end=\"1863\">priemyseln\u00fd vysokopevnostn\u00fd z\u00e1vit<\/strong>, \u010do zaru\u010duje dlhotrvaj\u00facu v\u00fddr\u017e a pevnos\u0165. Prec\u00edzne \u0161itie tie\u017e prispieva k prvotriednemu pocitu a profesion\u00e1lnej povrchovej \u00faprave, ktor\u00e1 vynikne v ka\u017edej kateg\u00f3rii motocyklov\u00e9ho oble\u010denia.<\/p>\n<p data-start=\"2049\" data-end=\"2541\">Rovnako ako v\u0161etok v\u00fdstroj RYINZ, aj rukavice AeroGrip Touring s\u00fa viac ne\u017e len remeseln\u00fdm spracovan\u00edm - nes\u00fa <strong data-start=\"2144\" data-end=\"2185\">misia s\u00facitu a posilnenia<\/strong>. Ka\u017ed\u00fd p\u00e1r je eticky ru\u010dne vyroben\u00fd v r\u00e1mci zna\u010dky RYINZ <strong data-start=\"2236\" data-end=\"2265\">Program na posilnenie postavenia \u017eien<\/strong>, ktor\u00e1 podporuje bezpe\u010dn\u00e9 pracovn\u00e9 prostredie, spravodliv\u00e9 mzdy a programy emocion\u00e1lnej pohody pre \u017eeny v Pakistane a Banglad\u00e9\u0161i. Prostredn\u00edctvom tejto iniciat\u00edvy RYINZ pon\u00faka nepretr\u017eit\u00e9 vzdel\u00e1vanie, budovanie zru\u010dnost\u00ed a 24-hodinov\u00fa viacjazy\u010dn\u00fa slu\u017ebu emocion\u00e1lnej podpory vo viac ako 110 jazykoch.<\/p>\n<p data-start=\"2543\" data-end=\"2674\">V\u00fdberom zna\u010dky RYINZ si nevyber\u00e1te len kvalitu - pom\u00e1hate budova\u0165 bezpe\u010dnej\u0161iu bud\u00facnos\u0165 pre \u017eeny a rodiny na celom svete.<\/p>\n<p data-start=\"2676\" data-end=\"2695\"><strong data-start=\"2676\" data-end=\"2693\">K\u013e\u00fa\u010dov\u00e9 vlastnosti:<\/strong><\/p>\n<ul data-start=\"2696\" data-end=\"3326\">\n<li data-start=\"2696\" data-end=\"2773\">\n<p data-start=\"2698\" data-end=\"2773\">Prvotriedny hybridn\u00fd dizajn: prav\u00e1 ko\u017ea s vetran\u00fdmi sie\u0165ovan\u00fdmi panelmi.<\/p>\n<\/li>\n<li data-start=\"2774\" data-end=\"2843\">\n<p data-start=\"2776\" data-end=\"2843\">Zosilnen\u00e1 ko\u017een\u00e1 dla\u0148 s proti\u0161mykovou text\u00farou pre lep\u0161\u00ed \u00fachop.<\/p>\n<\/li>\n<li data-start=\"2844\" data-end=\"2896\">\n<p data-start=\"2846\" data-end=\"2896\">Polstrovan\u00e9 ochrann\u00e9 z\u00f3ny na k\u013aboch a prstoch.<\/p>\n<\/li>\n<li data-start=\"2897\" data-end=\"2951\">\n<p data-start=\"2899\" data-end=\"2951\">Predbe\u017ene zakriven\u00fd ergonomick\u00fd tvar na zn\u00ed\u017eenie \u00fanavy r\u00fak.<\/p>\n<\/li>\n<li data-start=\"2952\" data-end=\"3003\">\n<p data-start=\"2954\" data-end=\"3003\">Nastavite\u013en\u00e9 zap\u00ednanie na such\u00fd zips na z\u00e1p\u00e4st\u00ed pre bezpe\u010dn\u00e9 nosenie.<\/p>\n<\/li>\n<li data-start=\"3004\" data-end=\"3059\">\n<p data-start=\"3006\" data-end=\"3059\">Dvojit\u00e9 \u0161itie s vysokou pevnos\u0165ou pre v\u00e4\u010d\u0161iu odolnos\u0165.<\/p>\n<\/li>\n<li data-start=\"3060\" data-end=\"3117\">\n<p data-start=\"3062\" data-end=\"3117\">Priedu\u0161n\u00e9 zadn\u00e9 panely zo sie\u0165oviny pre vynikaj\u00facu ventil\u00e1ciu.<\/p>\n<\/li>\n<li data-start=\"3118\" data-end=\"3183\">\n<p data-start=\"3120\" data-end=\"3183\">Reflexn\u00e9 \u0161ed\u00e9 prvky na lep\u0161iu vidite\u013enos\u0165 pri slabom osvetlen\u00ed.<\/p>\n<\/li>\n<li data-start=\"3184\" data-end=\"3239\">\n<p data-start=\"3186\" data-end=\"3239\">Ide\u00e1lne na turistiku, doch\u00e1dzanie do pr\u00e1ce a celoro\u010dn\u00e9 jazdenie.<\/p>\n<\/li>\n<li data-start=\"3240\" data-end=\"3326\">\n<p data-start=\"3242\" data-end=\"3326\">Eticky ru\u010dne vyroben\u00e9 v r\u00e1mci iniciat\u00edvy spolo\u010dnosti RYINZ zameranej na posilnenie postavenia \u017eien a \u013eudsk\u00e9 pr\u00e1va.<\/p>\n<\/li>\n<\/ul>\n<p data-start=\"3328\" data-end=\"3529\">Str\u00e1nka <strong data-start=\"3332\" data-end=\"3365\">RYINZ AeroGrip Touring Rukavice<\/strong> steles\u0148uj\u00fa to, \u010do modern\u00ed jazdci h\u013eadaj\u00fa - ochranu, presnos\u0165 a \u00fa\u010delnos\u0165. Pri ka\u017edej jazde m\u00e1te na ruk\u00e1ch nielen bezpe\u010dnos\u0165, ale aj s\u00facit v srdci.<\/p>","protected":false},"excerpt":{"rendered":"<p>Rukavice RYINZ AeroGrip Touring kombinuj\u00fa priedu\u0161n\u00fa sie\u0165ovinu s odolnou ko\u017eou, \u010d\u00edm sa dosahuje maxim\u00e1lna rovnov\u00e1ha medzi pohodl\u00edm a bezpe\u010dnos\u0165ou. V\u010faka vystu\u017een\u00fdm dla\u0148ov\u00fdm \u010dastiam, polstrovaniu absorbuj\u00facemu n\u00e1razy a pru\u017enej ochrane k\u013abov s\u00fa ide\u00e1lne na dlh\u00e9 jazdy a ka\u017edodenn\u00e9 doch\u00e1dzanie do pr\u00e1ce. Vetracie panely zlep\u0161uj\u00fa pr\u00fadenie vzduchu, zatia\u013e \u010do ergonomick\u00fd strih zaru\u010duje kontrolu a pohodlie. Tieto rukavice, dokon\u010den\u00e9 v \u010diernej a sivej farbe s reflexn\u00fdmi detailmi, s\u00fa eticky vyroben\u00e9 v r\u00e1mci iniciat\u00edvy RYINZ na posilnenie postavenia \u017eien - ka\u017ed\u00fd n\u00e1kup podporuje bezpe\u010dn\u00e9 pracovn\u00e9 miesta a emocion\u00e1lnu podporu \u017eien na celom svete.<\/p>","protected":false},"featured_media":10436,"comment_status":"closed","ping_status":"closed","template":"","meta":[],"product_brand":[35],"product_cat":[1111,380,1261],"product_tag":[1266,1079,173,1073,1264,1262,121,841,1265,419,1263,1214,85,1267,1091],"class_list":{"0":"post-10435","1":"product","2":"type-product","3":"status-publish","4":"has-post-thumbnail","6":"product_brand-ryinz","7":"product_cat-motorbike","8":"product_cat-motorbike-gloves","9":"product_cat-touring-all-season-gloves","10":"product_tag-black-grey-gloves","11":"product_tag-breathable-gloves","12":"product_tag-breathable-riding-gloves","13":"product_tag-ethical-manufacturing","14":"product_tag-hybrid-riding-gloves","15":"product_tag-leather-mesh-gloves","16":"product_tag-motorbike-gloves","17":"product_tag-motorcycle-gloves","18":"product_tag-protective-touring-gear","19":"product_tag-ryinz-gloves","20":"product_tag-summer-motorcycle-gloves","21":"product_tag-touring-gloves","22":"product_tag-tpr-protection-gloves","23":"product_tag-urban-commuter-gloves","24":"product_tag-women-empowerment","26":"first","27":"instock","28":"taxable","29":"shipping-taxable","30":"purchasable","31":"product-type-simple"},"_links":{"self":[{"href":"https:\/\/ryinz.cz\/velkoobchod\/sk\/wp-json\/wp\/v2\/product\/10435","targetHints":{"allow":["GET"]}}],"collection":[{"href":"https:\/\/ryinz.cz\/velkoobchod\/sk\/wp-json\/wp\/v2\/product"}],"about":[{"href":"https:\/\/ryinz.cz\/velkoobchod\/sk\/wp-json\/wp\/v2\/types\/product"}],"replies":[{"embeddable":true,"href":"https:\/\/ryinz.cz\/velkoobchod\/sk\/wp-json\/wp\/v2\/comments?post=10435"}],"wp:featuredmedia":[{"embeddable":true,"href":"https:\/\/ryinz.cz\/velkoobchod\/sk\/wp-json\/wp\/v2\/media\/10436"}],"wp:attachment":[{"href":"https:\/\/ryinz.cz\/velkoobchod\/sk\/wp-json\/wp\/v2\/media?parent=10435"}],"wp:term":[{"taxonomy":"product_brand","embeddable":true,"href":"https:\/\/ryinz.cz\/velkoobchod\/sk\/wp-json\/wp\/v2\/product_brand?post=10435"},{"taxonomy":"product_cat","embeddable":true,"href":"https:\/\/ryinz.cz\/velkoobchod\/sk\/wp-json\/wp\/v2\/product_cat?post=10435"},{"taxonomy":"product_tag","embeddable":true,"href":"https:\/\/ryinz.cz\/velkoobchod\/sk\/wp-json\/wp\/v2\/product_tag?post=10435"}],"curies":[{"name":"wp","href":"https:\/\/api.w.org\/{rel}","templated":true}]}}