{"id":10429,"date":"2025-11-02T13:08:40","date_gmt":"2025-11-02T13:08:40","guid":{"rendered":"https:\/\/ryinz.cz\/velkoobchod\/?post_type=product&#038;p=10429"},"modified":"2026-01-18T20:23:39","modified_gmt":"2026-01-18T20:23:39","slug":"ryinz-stormguard-ce-level-2-motocyklove-rukavice-premiova-ochrana-z-hovadzej-koze","status":"publish","type":"product","link":"https:\/\/ryinz.cz\/velkoobchod\/sk\/product\/ryinz-stormguard-ce-level-2-motorcycle-gloves-premium-cowhide-leather-adventure-protection\/","title":{"rendered":"RYINZ StormGuard CE Level 2 Rukavice na motorku - ochrana pred dobrodru\u017estvom z prvotriednej hov\u00e4dzej ko\u017ee"},"content":{"rendered":"<p data-start=\"121\" data-end=\"547\">Str\u00e1nka <strong data-start=\"174\" data-end=\"223\">RYINZ StormGuard CE Level 2 Rukavice na motorku<\/strong> s\u00fa ur\u010den\u00e9 pre t\u00fdch, ktor\u00ed jazdia za hranicami - jazdcov, ktor\u00ed t\u00fa\u017eia po presnosti, pohodl\u00ed a absol\u00fatnej bezpe\u010dnosti za ak\u00fdchko\u013evek podmienok. \u010ci u\u017e man\u00e9vrujete v \u00fazkych mestsk\u00fdch z\u00e1krut\u00e1ch, prech\u00e1dzate horsk\u00fdmi priesmykmi, alebo kri\u017eujete krajiny, tieto rukavice poskytuj\u00fa profesion\u00e1lnu ochranu bez toho, aby ste obetovali pohodlie alebo kontrolu.<\/p>\n<p data-start=\"549\" data-end=\"901\">Vyroben\u00e9 z <strong data-start=\"562\" data-end=\"598\">pr\u00e9miov\u00e1 hov\u00e4dzia a kozia ko\u017ea<\/strong>, rukavice StormGuard kombinuj\u00fa odolnos\u0165 a pru\u017enos\u0165 pre prirodzen\u00fd \u00fachop a dlhotrvaj\u00faci v\u00fdkon. Vyztu\u017een\u00e9 <strong data-start=\"721\" data-end=\"751\">Pancier s certifik\u00e1tom CE \u00farovne 2<\/strong>, tieto rukavice maj\u00fa <strong data-start=\"774\" data-end=\"803\">karb\u00f3nov\u00e9 chr\u00e1ni\u010de k\u013abov<\/strong>, <strong data-start=\"805\" data-end=\"829\">polstrovan\u00e9 panely na prsty<\/strong>, a <strong data-start=\"835\" data-end=\"855\">vystu\u017een\u00e9 dlane<\/strong> pre maxim\u00e1lnu odolnos\u0165 vo\u010di n\u00e1razom a oderu.<\/p>\n<p data-start=\"903\" data-end=\"1221\">Ka\u017ed\u00e1 rukavica je ergonomicky navrhnut\u00e1 tak, aby sa prisp\u00f4sobila prirodzen\u00e9mu tvaru va\u0161ej ruky a minimalizovala \u00fanavu po\u010das dlh\u00fdch j\u00e1zd. Str\u00e1nka <strong data-start=\"1030\" data-end=\"1051\">dvojvrstvov\u00e1 dla\u0148<\/strong> s proti\u0161mykovou v\u00fdstu\u017eou zlep\u0161uje pri\u013enavos\u0165 a presnos\u0165 ovl\u00e1dania plynu, zatia\u013e \u010do <strong data-start=\"1125\" data-end=\"1152\">polstrovanie tlmiace n\u00e1razy<\/strong> v kritick\u00fdch z\u00f3nach chr\u00e1ni pred vibr\u00e1ciami a poraneniami sp\u00f4soben\u00fdmi n\u00e1razom.<\/p>\n<p data-start=\"1223\" data-end=\"1660\">Ventilovan\u00e9 ko\u017een\u00e9 vlo\u017eky udr\u017eiavaj\u00fa pr\u00fadenie vzduchu, v\u010faka \u010domu s\u00fa ruky v teple chladn\u00e9 a pohodln\u00e9. V chladnej\u0161om po\u010das\u00ed poskytuj\u00fa prirodzen\u00e9 izola\u010dn\u00e9 vlastnosti StormGuard teplo bez pridania objemu. Str\u00e1nka <strong data-start=\"1430\" data-end=\"1458\">akorde\u00f3nov\u00e9 stre\u010dov\u00e9 panely<\/strong> v oblasti prstov a z\u00e1p\u00e4stia poskytuj\u00fa vynikaj\u00facu flexibilitu a \u013eahk\u00fd pohyb, zatia\u013e \u010do pred\u013a\u017een\u00e1 man\u017eeta s <strong data-start=\"1568\" data-end=\"1603\">Popruh na such\u00fd zips a nastavova\u010d na z\u00e1p\u00e4st\u00ed<\/strong> zais\u0165uje bezpe\u010dn\u00e9 uchytenie pod ruk\u00e1vom bundy alebo cez \u0148u.<\/p>\n<p data-start=\"1662\" data-end=\"1915\">Dvojfarebn\u00e1 \u010dierno-b\u00e9\u017eov\u00e1 povrchov\u00e1 \u00faprava rukav\u00edc odr\u00e1\u017ea rafinovan\u00e9 eur\u00f3pske remeseln\u00e9 spracovanie a z\u00e1v\u00e4zok spolo\u010dnosti RYINZ k estetike vysok\u00e9ho v\u00fdkonu. Ka\u017ed\u00fd steh je vystu\u017een\u00fd <strong data-start=\"1834\" data-end=\"1852\">Z\u00e1vit KEVLAR\u00ae<\/strong>, \u010do zaru\u010duje vynikaj\u00facu odolnos\u0165 proti roztrhnutiu a dlhodob\u00fa \u017eivotnos\u0165.<\/p>\n<p data-start=\"1917\" data-end=\"2366\">Viac ako len jazdeck\u00e9 rukavice <strong data-start=\"1952\" data-end=\"1972\">RYINZ StormGuard<\/strong> predstavuje \u00fa\u010del. Ka\u017ed\u00fd p\u00e1r je eticky ru\u010dne vyroben\u00fd v r\u00e1mci zna\u010dky RYINZ <strong data-start=\"2043\" data-end=\"2092\">iniciat\u00edva za posilnenie postavenia \u017eien a \u013eudsk\u00fdch pr\u00e1v<\/strong>, \u010d\u00edm sa zabezpe\u010d\u00ed, aby kvalifikovan\u00e9 \u017eeny v Pakistane a Banglad\u00e9\u0161i pracovali v bezpe\u010dnom, spravodlivom a podpornom prostred\u00ed. Spolo\u010dnos\u0165 RYINZ reinvestuje \u010das\u0165 svojich pr\u00edjmov do programov vzdel\u00e1vania, pracovnej pr\u00edpravy a emocion\u00e1lnej podpory pre \u017eeny - poskytuje nepretr\u017eit\u00fa viacjazy\u010dn\u00fa pomoc vo viac ako 110 jazykoch.<\/p>\n<p data-start=\"2368\" data-end=\"2450\">V\u00fdberom zna\u010dky RYINZ nenos\u00edte len ochranu, ale aj d\u00f4vod.<\/p>\n<p data-start=\"2452\" data-end=\"2471\"><strong data-start=\"2452\" data-end=\"2469\">K\u013e\u00fa\u010dov\u00e9 vlastnosti:<\/strong><\/p>\n<ul data-start=\"2472\" data-end=\"3130\">\n<li data-start=\"2472\" data-end=\"2558\">\n<p data-start=\"2474\" data-end=\"2558\">Pr\u00e9miov\u00e1 kon\u0161trukcia z hov\u00e4dzej a kozej ko\u017ee pre maxim\u00e1lnu ochranu a pohodlie.<\/p>\n<\/li>\n<li data-start=\"2559\" data-end=\"2611\">\n<p data-start=\"2561\" data-end=\"2611\">Certifikovan\u00e1 ochrana CE \u00farovne 2 (EN 13594:2015).<\/p>\n<\/li>\n<li data-start=\"2612\" data-end=\"2683\">\n<p data-start=\"2614\" data-end=\"2683\">Karb\u00f3nov\u00e9 pancierovanie k\u013abov a prsty s penovou v\u00fdpl\u0148ou na tlmenie n\u00e1razov.<\/p>\n<\/li>\n<li data-start=\"2684\" data-end=\"2750\">\n<p data-start=\"2686\" data-end=\"2750\">Zosilnen\u00e1 dla\u0148 s dvojit\u00fdm ko\u017een\u00fdm vrstven\u00edm a proti\u0161mykov\u00fdm \u00fachopom.<\/p>\n<\/li>\n<li data-start=\"2751\" data-end=\"2805\">\n<p data-start=\"2753\" data-end=\"2805\">Roz\u0165ahovacie panely Accordion pre lep\u0161iu flexibilitu.<\/p>\n<\/li>\n<li data-start=\"2806\" data-end=\"2875\">\n<p data-start=\"2808\" data-end=\"2875\">Perforovan\u00e9 ko\u017een\u00e9 z\u00f3ny na vetranie a vyrovn\u00e1vanie teploty.<\/p>\n<\/li>\n<li data-start=\"2876\" data-end=\"2942\">\n<p data-start=\"2878\" data-end=\"2942\">Pred\u013a\u017een\u00e1 man\u017eeta s nastavite\u013en\u00fdm zap\u00ednan\u00edm na such\u00fd zips pre bezpe\u010dn\u00e9 uchytenie.<\/p>\n<\/li>\n<li data-start=\"2943\" data-end=\"3001\">\n<p data-start=\"2945\" data-end=\"3001\">Ergonomick\u00fd dizajn s vopred zakriven\u00fdmi prstami na lep\u0161ie ovl\u00e1danie.<\/p>\n<\/li>\n<li data-start=\"3002\" data-end=\"3063\">\n<p data-start=\"3004\" data-end=\"3063\">\u0160itie KEVLAR\u00ae pre trvanlivos\u0165 a odolnos\u0165 proti roztrhnutiu.<\/p>\n<\/li>\n<li data-start=\"3064\" data-end=\"3130\">\n<p data-start=\"3066\" data-end=\"3130\">Eticky ru\u010dne vyroben\u00e9 v r\u00e1mci misie spolo\u010dnosti RYINZ zameranej na posilnenie postavenia \u017eien.<\/p>\n<\/li>\n<\/ul>\n<p data-start=\"3132\" data-end=\"3342\">Ka\u017ed\u00fd detail <strong data-start=\"3152\" data-end=\"3182\">RYINZ StormGuard CE Rukavice<\/strong> je navrhnut\u00fd tak, aby chr\u00e1nil to najd\u00f4le\u017eitej\u0161ie - va\u0161u bezpe\u010dnos\u0165, pohodlie a hodnoty. Jazdite s istotou a vedom\u00edm, \u017ee va\u0161a v\u00fdbava znamen\u00e1 silu a s\u00facit.<\/p>","protected":false},"excerpt":{"rendered":"<p>Rukavice RYINZ StormGuard CE Level 2 poskytuj\u00fa elitn\u00fa ochranu a flexibilitu pre n\u00e1ro\u010dn\u00fdch jazdcov. S\u00fa vyroben\u00e9 z prvotriednej hov\u00e4dzej a kozej ko\u017ee s pancierom s certifik\u00e1tom CE, maj\u00fa karb\u00f3nov\u00e9 k\u013aby, zosilnen\u00e9 dlane a harmonikov\u00e9 panely pre maxim\u00e1lnu kontrolu a bezpe\u010dnos\u0165. Odvetran\u00e9 \u010dasti zlep\u0161uj\u00fa pr\u00fadenie vzduchu, zatia\u013e \u010do pred\u013a\u017een\u00e9 man\u017eety zais\u0165uj\u00fa bezpe\u010dn\u00e9 nosenie. Ka\u017ed\u00fd p\u00e1r je vyroben\u00fd eticky v r\u00e1mci iniciat\u00edvy RYINZ na posilnenie postavenia \u017eien a podporuje \u013eudsk\u00e9 pr\u00e1va, spravodliv\u00fa pr\u00e1cu a bezpe\u010dn\u00e9 pracovisk\u00e1. Spolo\u010dnos\u0165 RYINZ je in\u00e1 - ka\u017ed\u00e1 objedn\u00e1vka podporuje zmyslupln\u00fa vec.<\/p>","protected":false},"featured_media":10430,"comment_status":"closed","ping_status":"closed","template":"","meta":[],"product_brand":[35],"product_cat":[1111],"product_tag":[1225,1231,1230,1227,1212,1226,1073,1093,1218,841,1229,1228,419,1214,1091],"class_list":{"0":"post-10429","1":"product","2":"type-product","3":"status-publish","4":"has-post-thumbnail","6":"product_brand-ryinz","7":"product_cat-motorbike","8":"product_tag-adventure-motorcycle-gloves","9":"product_tag-armored-biker-gloves","10":"product_tag-breathable-leather-gloves","11":"product_tag-carbon-knuckle-protection","12":"product_tag-ce-level-2-gloves","13":"product_tag-cowhide-gloves","14":"product_tag-ethical-manufacturing","15":"product_tag-european-design-gloves","16":"product_tag-leather-biker-gloves","17":"product_tag-motorcycle-gloves","18":"product_tag-premium-motorcycle-gear","19":"product_tag-protective-riding-gear","20":"product_tag-ryinz-gloves","21":"product_tag-touring-gloves","22":"product_tag-women-empowerment","24":"first","25":"instock","26":"taxable","27":"shipping-taxable","28":"purchasable","29":"product-type-simple"},"_links":{"self":[{"href":"https:\/\/ryinz.cz\/velkoobchod\/sk\/wp-json\/wp\/v2\/product\/10429","targetHints":{"allow":["GET"]}}],"collection":[{"href":"https:\/\/ryinz.cz\/velkoobchod\/sk\/wp-json\/wp\/v2\/product"}],"about":[{"href":"https:\/\/ryinz.cz\/velkoobchod\/sk\/wp-json\/wp\/v2\/types\/product"}],"replies":[{"embeddable":true,"href":"https:\/\/ryinz.cz\/velkoobchod\/sk\/wp-json\/wp\/v2\/comments?post=10429"}],"wp:featuredmedia":[{"embeddable":true,"href":"https:\/\/ryinz.cz\/velkoobchod\/sk\/wp-json\/wp\/v2\/media\/10430"}],"wp:attachment":[{"href":"https:\/\/ryinz.cz\/velkoobchod\/sk\/wp-json\/wp\/v2\/media?parent=10429"}],"wp:term":[{"taxonomy":"product_brand","embeddable":true,"href":"https:\/\/ryinz.cz\/velkoobchod\/sk\/wp-json\/wp\/v2\/product_brand?post=10429"},{"taxonomy":"product_cat","embeddable":true,"href":"https:\/\/ryinz.cz\/velkoobchod\/sk\/wp-json\/wp\/v2\/product_cat?post=10429"},{"taxonomy":"product_tag","embeddable":true,"href":"https:\/\/ryinz.cz\/velkoobchod\/sk\/wp-json\/wp\/v2\/product_tag?post=10429"}],"curies":[{"name":"wp","href":"https:\/\/api.w.org\/{rel}","templated":true}]}}