{"id":10421,"date":"2025-11-02T12:27:02","date_gmt":"2025-11-02T12:27:02","guid":{"rendered":"https:\/\/ryinz.cz\/velkoobchod\/?post_type=product&#038;p=10421"},"modified":"2026-01-18T20:23:26","modified_gmt":"2026-01-18T20:23:26","slug":"ryinz-skyrider-blue-ce-armored-distressed-motorcycle-jeans-ride-in-freedom-style","status":"publish","type":"product","link":"https:\/\/ryinz.cz\/velkoobchod\/sk\/product\/ryinz-skyrider-blue-ce-armored-distressed-motorcycle-jeans-ride-in-freedom-style\/","title":{"rendered":"RYINZ SkyRider Blue CE-Armored Distressed Motorcycle Jeans - Jazdite slobodne a \u0161t\u00fdlovo"},"content":{"rendered":"<p data-start=\"113\" data-end=\"472\">Str\u00e1nka <strong data-start=\"166\" data-end=\"228\">RYINZ SkyRider Blue CE-Armored Distressed Motorcycle Jeans<\/strong> nanovo definova\u0165, \u010do znamen\u00e1 jazdi\u0165 s istotou a nad\u0161en\u00edm. Tieto d\u017e\u00ednsy s\u00fa navrhnut\u00e9 pre jazdcov, ktor\u00ed si cenia ochranu aj m\u00f3du, a sp\u00e1jaj\u00fa v sebe robustn\u00fa bezpe\u010dnos\u0165 na cest\u00e1ch s uvo\u013enen\u00fdm mestsk\u00fdm vzh\u013eadom, ktor\u00fd bez n\u00e1mahy prech\u00e1dza z dia\u013enice do kaviarne.<\/p>\n<p data-start=\"474\" data-end=\"921\">Vyroben\u00e9 z <strong data-start=\"484\" data-end=\"506\">11oz elastick\u00fd denim<\/strong> vystu\u017een\u00e9 <strong data-start=\"523\" data-end=\"555\">DuPont\u2122 Kevlar\u00ae aramidov\u00e9 vl\u00e1kno<\/strong>, tieto d\u017e\u00ednsy poskytuj\u00fa bezkonkuren\u010dn\u00fa odolnos\u0165 vo\u010di oderu a z\u00e1rove\u0148 si zachov\u00e1vaj\u00fa le\u017e\u00e9rny, pru\u017en\u00fd pocit. Vn\u00fatorn\u00e1 <strong data-start=\"663\" data-end=\"683\">Pancier \u00farovne CE 1<\/strong> na kolen\u00e1ch a bokoch sp\u013a\u0148a certifika\u010dn\u00e9 normy EN 1621-1, \u010d\u00edm zabezpe\u010duje ochranu pred n\u00e1razmi bez zv\u00e4\u010d\u0161enia objemu. Na ka\u017edodenn\u00e9 nosenie sa daj\u00fa pancierov\u00e9 vlo\u017eky \u013eahko odstr\u00e1ni\u0165, \u010d\u00edm sa d\u017e\u00ednsy zmenia na pohodln\u00fd a \u0161t\u00fdlov\u00fd p\u00e1r na be\u017en\u00e9 nosenie.<\/p>\n<p data-start=\"923\" data-end=\"1390\">Podpis SkyRider <strong data-start=\"948\" data-end=\"969\">z\u00fafal\u00fd dizajn<\/strong> dod\u00e1va postoj a individualitu. Ka\u017ed\u00fd vzor slzy a vyblednutia je ru\u010dne dokon\u010den\u00fd, aby sa dosiahol prirodzene opotrebovan\u00fd vzh\u013ead, ktor\u00fd vyjadruje slobodu a sk\u00fasenos\u0165. Zosilnen\u00e9 \u0161vy a rebrovan\u00e9 stre\u010dov\u00e9 panely na kolen\u00e1ch poskytuj\u00fa odolnos\u0165 a ergonomick\u00e9 pohodlie, najm\u00e4 po\u010das dlh\u00fdch j\u00e1zd. Prirodzen\u00e1 elasticita tkaniny zaru\u010duje neobmedzen\u00fd pohyb v akejko\u013evek polohe - \u010di u\u017e sa nakl\u00e1\u0148ate do z\u00e1krut, alebo kr\u00e1\u010date po meste.<\/p>\n<p data-start=\"1392\" data-end=\"1700\">Vn\u00fatro d\u017e\u00ednsov je vybaven\u00e9 <strong data-start=\"1429\" data-end=\"1455\">priedu\u0161n\u00e1 pod\u0161\u00edvka zo sie\u0165oviny<\/strong> odv\u00e1dza pot a zlep\u0161uje vetranie. Dizajn je strihan\u00fd pod\u013ea <strong data-start=\"1523\" data-end=\"1543\">\u0161t\u00edhly z\u00fa\u017een\u00fd strih<\/strong>, ktor\u00e9 vyva\u017euj\u00fa modern\u00fa estetiku s praktickos\u0165ou. Svetlomodr\u00e9 pranie dod\u00e1va d\u017e\u00ednsom \u010dist\u00fd a z\u00e1rove\u0148 v\u00fdrazn\u00fd vzh\u013ead, v\u010faka \u010domu s\u00fa vhodn\u00e9 na ka\u017ed\u00e9 ro\u010dn\u00e9 obdobie a do ka\u017ed\u00e9ho prostredia.<\/p>\n<p data-start=\"1702\" data-end=\"2217\">V r\u00e1mci z\u00e1v\u00e4zku spolo\u010dnosti RYINZ k etick\u00e9mu remeslu sa ka\u017ed\u00fd p\u00e1r d\u017e\u00ednsov SkyRider vyr\u00e1ba za bezpe\u010dn\u00fdch, spravodliv\u00fdch a posil\u0148uj\u00facich podmienok. V centre v\u00fdroby - od \u0161itia a\u017e po kontrolu kvality - s\u00fa \u017eeny, \u010d\u00edm sa zabezpe\u010duj\u00fa rovnak\u00e9 pr\u00edle\u017eitosti a d\u00f4stojnos\u0165 na pracovisku. V\u00fdberom zna\u010dky RYINZ nenos\u00edte len v\u00fdrobok, ale <strong data-start=\"2036\" data-end=\"2087\">podpora posilnenia postavenia \u017eien a \u013eudsk\u00fdch pr\u00e1v<\/strong> v Pakistane a Banglad\u00e9\u0161i, kde RYINZ poskytuje nepretr\u017eit\u00fa viacjazy\u010dn\u00fa emocion\u00e1lnu podporu pracovn\u00ed\u010dkam a ich rodin\u00e1m.<\/p>\n<p data-start=\"2219\" data-end=\"2410\">Str\u00e1nka <strong data-start=\"2223\" data-end=\"2252\">RYINZ SkyRider Blue Jeans<\/strong> s\u00fa pre jazdcov, ktor\u00ed veria, \u017ee bezpe\u010dnos\u0165 a \u0161t\u00fdl m\u00f4\u017eu \u00eds\u0165 ruka v ruke - a \u017ee ka\u017ed\u00fd n\u00e1kup m\u00f4\u017ee ma\u0165 v\u00fdznam. Jazdite pevne. Jazdite slobodne. Jazdite cie\u013eavedome.<\/p>\n<p data-start=\"2412\" data-end=\"2431\"><strong data-start=\"2412\" data-end=\"2429\">K\u013e\u00fa\u010dov\u00e9 vlastnosti:<\/strong><\/p>\n<ul data-start=\"2432\" data-end=\"3066\">\n<li data-start=\"2432\" data-end=\"2505\">\n<p data-start=\"2434\" data-end=\"2505\">Vyroben\u00e9 z 11oz pr\u00e9miovej elastickej d\u017e\u00ednsoviny vystu\u017eenej materi\u00e1lom DuPont\u2122 Kevlar\u00ae.<\/p>\n<\/li>\n<li data-start=\"2506\" data-end=\"2577\">\n<p data-start=\"2508\" data-end=\"2577\">Odn\u00edmate\u013en\u00fd pancier na kolen\u00e1ch a bokoch s certifik\u00e1ciou CE Level 1 (EN 1621-1).<\/p>\n<\/li>\n<li data-start=\"2578\" data-end=\"2639\">\n<p data-start=\"2580\" data-end=\"2639\">Ru\u010dne opracovan\u00e1 povrchov\u00e1 \u00faprava s jedine\u010dn\u00fdm vzorom vyblednutia a roztrhnutia.<\/p>\n<\/li>\n<li data-start=\"2640\" data-end=\"2704\">\n<p data-start=\"2642\" data-end=\"2704\">Rebrovan\u00e9 stre\u010dov\u00e9 panely pre v\u00e4\u010d\u0161iu flexibilitu a pohodlie.<\/p>\n<\/li>\n<li data-start=\"2705\" data-end=\"2758\">\n<p data-start=\"2707\" data-end=\"2758\">Zosilnen\u00e9 trojit\u00e9 \u0161itie na k\u013e\u00fa\u010dov\u00fdch miestach nam\u00e1hania.<\/p>\n<\/li>\n<li data-start=\"2759\" data-end=\"2807\">\n<p data-start=\"2761\" data-end=\"2807\">Priedu\u0161n\u00e1 pod\u0161\u00edvka zo sie\u0165oviny na regul\u00e1ciu vlhkosti.<\/p>\n<\/li>\n<li data-start=\"2808\" data-end=\"2874\">\n<p data-start=\"2810\" data-end=\"2874\">\u00dazky z\u00fa\u017een\u00fd strih pre modern\u00fd \u0161t\u00fdl a neobmedzen\u00fd pohyb.<\/p>\n<\/li>\n<li data-start=\"2875\" data-end=\"2940\">\n<p data-start=\"2877\" data-end=\"2940\">Zosilnen\u00e9 z\u00f3ny sedadla a kolien pre zv\u00fd\u0161en\u00fa ochranu proti oderu.<\/p>\n<\/li>\n<li data-start=\"2941\" data-end=\"2991\">\n<p data-start=\"2943\" data-end=\"2991\">Odoln\u00e9 zipsy YKK a pr\u00e9miov\u00e9 kovov\u00e9 gomb\u00edky.<\/p>\n<\/li>\n<li data-start=\"2992\" data-end=\"3066\">\n<p data-start=\"2994\" data-end=\"3066\">Eticky vyroben\u00e9 so zameran\u00edm na posilnenie postavenia \u017eien a spravodliv\u00e9 mzdy.<\/p>\n<\/li>\n<\/ul>\n<p data-start=\"3068\" data-end=\"3287\">Ka\u017ed\u00fd detail - od elastick\u00fdch \u0161vov a\u017e po prec\u00edzne stehy - odr\u00e1\u017ea poslanie spolo\u010dnosti RYINZ sp\u00e1ja\u0165 <strong data-start=\"3170\" data-end=\"3210\">v\u00fdkon, estetika a \u00fa\u010del<\/strong>. So SkyRiderom sa va\u0161a jazda stane viac ne\u017e len pohybom - stane sa zmyslom.<\/p>","protected":false},"excerpt":{"rendered":"<p>RYINZ SkyRider Blue CE-Armored Motorcycle Jeans kombinuj\u00fa slobodu, ochranu a m\u00f3du. S\u00fa vyroben\u00e9 zo stre\u010dovej d\u017e\u00ednsoviny vystu\u017eenej kevlarom\u00ae a pancierom s certifik\u00e1tom CE a zaru\u010duj\u00fa odolnos\u0165 a pohodlie pri mestsk\u00fdch alebo dlh\u00fdch jazd\u00e1ch. V\u010faka ru\u010dne potla\u010denej povrchovej \u00faprave, priedu\u0161nej sie\u0165ovanej pod\u0161\u00edvke a \u00fazkemu strihu s\u00fa \u0161t\u00fdlov\u00e9 na motorke aj mimo nej. Eticky vyroben\u00e9 v r\u00e1mci iniciat\u00edvy Ryinz na posilnenie postavenia \u017eien, ka\u017ed\u00fd n\u00e1kup podporuje \u013eudsk\u00e9 pr\u00e1va a spravodliv\u00e9 pracovn\u00e9 podmienky. Spolo\u010dnos\u0165 Ryinz je in\u00e1 - ka\u017ed\u00e1 jazda podporuje zmyslupln\u00fa vec.<\/p>","protected":false},"featured_media":10422,"comment_status":"closed","ping_status":"closed","template":"","meta":[],"product_brand":[35],"product_cat":[1111,1109],"product_tag":[],"class_list":{"0":"post-10421","1":"product","2":"type-product","3":"status-publish","4":"has-post-thumbnail","6":"product_brand-ryinz","7":"product_cat-motorbike","8":"product_cat-motorbike-apparel","10":"first","11":"instock","12":"taxable","13":"shipping-taxable","14":"purchasable","15":"product-type-simple"},"_links":{"self":[{"href":"https:\/\/ryinz.cz\/velkoobchod\/sk\/wp-json\/wp\/v2\/product\/10421","targetHints":{"allow":["GET"]}}],"collection":[{"href":"https:\/\/ryinz.cz\/velkoobchod\/sk\/wp-json\/wp\/v2\/product"}],"about":[{"href":"https:\/\/ryinz.cz\/velkoobchod\/sk\/wp-json\/wp\/v2\/types\/product"}],"replies":[{"embeddable":true,"href":"https:\/\/ryinz.cz\/velkoobchod\/sk\/wp-json\/wp\/v2\/comments?post=10421"}],"wp:featuredmedia":[{"embeddable":true,"href":"https:\/\/ryinz.cz\/velkoobchod\/sk\/wp-json\/wp\/v2\/media\/10422"}],"wp:attachment":[{"href":"https:\/\/ryinz.cz\/velkoobchod\/sk\/wp-json\/wp\/v2\/media?parent=10421"}],"wp:term":[{"taxonomy":"product_brand","embeddable":true,"href":"https:\/\/ryinz.cz\/velkoobchod\/sk\/wp-json\/wp\/v2\/product_brand?post=10421"},{"taxonomy":"product_cat","embeddable":true,"href":"https:\/\/ryinz.cz\/velkoobchod\/sk\/wp-json\/wp\/v2\/product_cat?post=10421"},{"taxonomy":"product_tag","embeddable":true,"href":"https:\/\/ryinz.cz\/velkoobchod\/sk\/wp-json\/wp\/v2\/product_tag?post=10421"}],"curies":[{"name":"wp","href":"https:\/\/api.w.org\/{rel}","templated":true}]}}