{"id":10419,"date":"2025-11-02T12:26:00","date_gmt":"2025-11-02T12:26:00","guid":{"rendered":"https:\/\/ryinz.cz\/velkoobchod\/?post_type=product&#038;p=10419"},"modified":"2026-01-18T20:23:24","modified_gmt":"2026-01-18T20:23:24","slug":"ryinz-urbanstorm-svetlosive-motocyklove-dzinsy-ce-certifikovane-zosilnene-jazdecke-dzinsy","status":"publish","type":"product","link":"https:\/\/ryinz.cz\/velkoobchod\/sk\/product\/ryinz-urbanstorm-light-grey-motorcycle-jeans-ce-certified-reinforced-riding-denim\/","title":{"rendered":"RYINZ UrbanStorm Light Grey Motocyklov\u00e9 d\u017e\u00ednsy - zosilnen\u00e1 d\u017e\u00ednsovina s certifik\u00e1tom CE"},"content":{"rendered":"<p data-start=\"112\" data-end=\"498\">Zozn\u00e1mte sa s <strong data-start=\"170\" data-end=\"218\">RYINZ UrbanStorm Svetlo\u0161ed\u00e9 d\u017e\u00ednsy na motorku<\/strong>, \u010fal\u0161ia evol\u00facia v oblasti ochrany mestsk\u00fdch motocyklov - kde sa minimalistick\u00fd eur\u00f3psky dizajn stret\u00e1va s technickou dokonalos\u0165ou. Tieto d\u017e\u00ednsy boli vytvoren\u00e9 pre jazdcov, ktor\u00ed chc\u00fa by\u0165 \u0161t\u00fdlov\u00ed mimo motorky, ale z\u00e1rove\u0148 plne chr\u00e1nen\u00ed na motorke, a nanovo definuj\u00fa, ako by sa mali c\u00edti\u0165 pohodlie, v\u00fdkon a bezpe\u010dnos\u0165.<\/p>\n<p data-start=\"500\" data-end=\"983\">Vyroben\u00e9 z <strong data-start=\"510\" data-end=\"583\">pr\u00e9miov\u00fd 12oz stre\u010dov\u00fd denim zmie\u0161an\u00fd s aramidov\u00fdmi vl\u00e1knami DuPont\u2122 Kevlar\u00ae<\/strong>, d\u017e\u00ednsy UrbanStorm poskytuj\u00fa v\u00fdnimo\u010dn\u00fa odolnos\u0165 proti oderu a roztrhnutiu. Panely z aramidu s\u00fa strategicky umiestnen\u00e9 v oblastiach s vysokou mierou z\u00e1\u0165a\u017ee - kolen\u00e1, boky a sedadlo - a poskytuj\u00fa ochranu na \u00farovni panciera, pri\u010dom si zachov\u00e1vaj\u00fa m\u00e4kk\u00fa a pru\u017en\u00fa \u0161trukt\u00faru. Na rozdiel od objemn\u00fdch tradi\u010dn\u00fdch jazdeck\u00fdch nohav\u00edc sa tieto d\u017e\u00ednsy prirodzene pohybuj\u00fa s va\u0161\u00edm telom v\u010faka integrovan\u00fdm <strong data-start=\"933\" data-end=\"956\">4-cestn\u00e9 stre\u010dov\u00e9 z\u00f3ny<\/strong> na kolen\u00e1ch a v rozkroku.<\/p>\n<p data-start=\"985\" data-end=\"1359\">Vybaven\u00e9 <strong data-start=\"999\" data-end=\"1024\">Chr\u00e1ni\u010de \u00farovne CE 1<\/strong> na kolen\u00e1ch a bokoch, d\u017e\u00ednsy sp\u013a\u0148aj\u00fa normy EN 1621-1 a spo\u013eahlivo tlmia n\u00e1razy. Chr\u00e1ni\u010de s\u00fa \u013eahko odn\u00edmate\u013en\u00e9, \u010do umo\u017e\u0148uje v\u0161estrann\u00e9 nosenie mimo bicykla. Str\u00e1nka . <strong data-start=\"1210\" data-end=\"1235\">rebrovan\u00e9 stre\u010dov\u00e9 panely<\/strong> v oblasti kolien zlep\u0161uje pohyblivos\u0165 a ergon\u00f3miu jazdy, zatia\u013e \u010do zosilnen\u00e1 kon\u0161trukcia sedadla zvy\u0161uje jeho dlhodob\u00fa odolnos\u0165.<\/p>\n<p data-start=\"1361\" data-end=\"1725\">Pre pr\u00fadenie vzduchu a pohodlie s\u00fa d\u017e\u00ednsy UrbanStorm vybaven\u00e9 <strong data-start=\"1419\" data-end=\"1442\">dvojit\u00e9 vetracie otvory na zips<\/strong> na stehn\u00e1ch - ide\u00e1lne na jazdu v teplom po\u010das\u00ed. Priedu\u0161n\u00e1 pod\u0161\u00edvka zo sie\u0165oviny zvy\u0161uje pohodlie t\u00fdm, \u017ee umo\u017e\u0148uje \u00fanik potu, a udr\u017euje v\u00e1s tak v chlade aj po\u010das dlh\u0161\u00edch ciest. Str\u00e1nka <strong data-start=\"1612\" data-end=\"1648\">anatomick\u00fd predkriven\u00fd dizajn n\u00f4h<\/strong> zabezpe\u010duje prirodzen\u00fd postoj pri jazde, \u010d\u00edm zni\u017euje tlak na kolen\u00e1 a boky.<\/p>\n<p data-start=\"1727\" data-end=\"1985\">Dokon\u010den\u00e9 v elegantnom <strong data-start=\"1750\" data-end=\"1776\">svetlosiv\u00fd vypran\u00fd t\u00f3n<\/strong>, tieto d\u017e\u00ednsy predstavuj\u00fa rafinovan\u00fd, univerz\u00e1lny vzh\u013ead, ktor\u00fd sa \u013eahko kombinuje s ak\u00fdmko\u013evek sakom alebo top\u00e1nkami. Elegantn\u00e9 ton\u00e1lne pre\u0161\u00edvanie a jemn\u00e1 zna\u010dka RYINZ odr\u00e1\u017eaj\u00fa modern\u00e9, nen\u00e1padn\u00e9 sebavedomie dne\u0161n\u00fdch jazdcov.<\/p>\n<p data-start=\"1987\" data-end=\"2431\">Rad UrbanStorm je hrd\u00fdm vyjadren\u00edm <strong data-start=\"2039\" data-end=\"2095\">Poslanie spolo\u010dnosti RYINZ v oblasti \u013eudsk\u00fdch pr\u00e1v a posilnenia postavenia \u017eien<\/strong>. Ka\u017ed\u00fd p\u00e1r je eticky vyroben\u00fd v certifikovan\u00fdch diel\u0148ach v Pakistane a Banglad\u00e9\u0161i, ktor\u00e9 poskytuj\u00fa \u017een\u00e1m bezpe\u010dn\u00e9 zamestnanie a spravodliv\u00e9 mzdy. Prostredn\u00edctvom iniciat\u00edvy spolo\u010dnosti Ryinz zameranej na viacjazy\u010dn\u00fa podporu 24\/7 maj\u00fa pracovn\u00edci a ich rodiny pr\u00edstup k du\u0161evn\u00e9mu zdraviu a emocion\u00e1lnej pomoci vo viac ako 110 jazykoch - \u010do je d\u00f4kazom filozofie spolo\u010dnosti Ryinz zameranej na cie\u013e.<\/p>\n<p data-start=\"2433\" data-end=\"2640\">Vyberte si <strong data-start=\"2440\" data-end=\"2466\">RYINZ UrbanStorm Jeans<\/strong> pre dokonal\u00fa rovnov\u00e1hu ochrany, \u0161t\u00fdlu a s\u00facitu. Ke\u010f jazd\u00edte so zna\u010dkou Ryinz, nem\u00e1te na sebe len ochrann\u00fd v\u00fdstroj - nos\u00edte hodnoty, ktor\u00e9 chr\u00e1nia \u017eivoty.<\/p>\n<p data-start=\"2642\" data-end=\"2661\"><strong data-start=\"2642\" data-end=\"2659\">K\u013e\u00fa\u010dov\u00e9 vlastnosti:<\/strong><\/p>\n<ul data-start=\"2662\" data-end=\"3291\">\n<li data-start=\"2662\" data-end=\"2728\">\n<p data-start=\"2664\" data-end=\"2728\">12oz pr\u00e9miov\u00fd stre\u010dov\u00fd denim s v\u00fdstu\u017eou DuPont\u2122 Kevlar\u00ae.<\/p>\n<\/li>\n<li data-start=\"2729\" data-end=\"2800\">\n<p data-start=\"2731\" data-end=\"2800\">Chr\u00e1ni\u010de CE Level 1 na kolen\u00e1ch a bokoch (odn\u00edmate\u013en\u00e9 a nastavite\u013en\u00e9).<\/p>\n<\/li>\n<li data-start=\"2801\" data-end=\"2866\">\n<p data-start=\"2803\" data-end=\"2866\">Zosilnen\u00e9 aramidov\u00e9 panely v n\u00e1razov\u00fdch z\u00f3nach (kolen\u00e1, sedadlo, boky).<\/p>\n<\/li>\n<li data-start=\"2867\" data-end=\"2929\">\n<p data-start=\"2869\" data-end=\"2929\">4-cestn\u00e9 stre\u010dov\u00e9 panely pre vynikaj\u00face pohodlie a flexibilitu.<\/p>\n<\/li>\n<li data-start=\"2930\" data-end=\"2987\">\n<p data-start=\"2932\" data-end=\"2987\">Rebrovan\u00e9 kolenn\u00e9 \u010dasti pre lep\u0161iu pohyblivos\u0165 a \u0161t\u00fdl.<\/p>\n<\/li>\n<li data-start=\"2988\" data-end=\"3048\">\n<p data-start=\"2990\" data-end=\"3048\">Priedu\u0161n\u00e1 pod\u0161\u00edvka zo sie\u0165oviny na regul\u00e1ciu vlhkosti a pr\u00fadenie vzduchu.<\/p>\n<\/li>\n<li data-start=\"3049\" data-end=\"3106\">\n<p data-start=\"3051\" data-end=\"3106\">Dva stehenn\u00e9 otvory na zips na regul\u00e1ciu teploty.<\/p>\n<\/li>\n<li data-start=\"3107\" data-end=\"3156\">\n<p data-start=\"3109\" data-end=\"3156\">Trojito pre\u0161it\u00e9 \u0161vy pre maxim\u00e1lnu odolnos\u0165.<\/p>\n<\/li>\n<li data-start=\"3157\" data-end=\"3215\">\n<p data-start=\"3159\" data-end=\"3215\">Jemn\u00fd n\u00e1pis RYINZ s elegantn\u00fdm siv\u00fdm spran\u00fdm povrchom.<\/p>\n<\/li>\n<li data-start=\"3216\" data-end=\"3291\">\n<p data-start=\"3218\" data-end=\"3291\">Etick\u00e1 v\u00fdroba so spravodliv\u00fdmi mzdami a posilnen\u00edm postavenia \u017eien.<\/p>\n<\/li>\n<\/ul>\n<p data-start=\"3293\" data-end=\"3466\">Ka\u017ed\u00fd detail <strong data-start=\"3313\" data-end=\"3350\">RYINZ UrbanStorm Svetlo \u0161ed\u00e9 d\u017e\u00ednsy<\/strong> odr\u00e1\u017ea oddanos\u0165 - jazdcom, bezpe\u010dnosti a \u013eudskosti. Navrhnut\u00e9 pre v\u00fdkon, navrhnut\u00e9 pre svedomie.<\/p>","protected":false},"excerpt":{"rendered":"<p>RYINZ UrbanStorm Light Grey Motorcycle Jeans pon\u00fakaj\u00fa ochranu s certifik\u00e1tom CE v elegantnom, modernom dizajne. S\u00fa vyroben\u00e9 zo stre\u010dov\u00e9ho denimu s kevlarov\u00fdmi\u00ae v\u00fdstu\u017eami a odn\u00edmate\u013en\u00fdm pancierom, \u010do zaru\u010duje flexibilitu, bezpe\u010dnos\u0165 a pohodlie pri ka\u017edej jazde. Priedu\u0161n\u00e1 pod\u0161\u00edvka zo sie\u0165oviny, stehenn\u00e9 otvory na zips a rebrovan\u00e9 panely na kolen\u00e1ch zvy\u0161uj\u00fa v\u00fdkon a pr\u00fadenie vzduchu. Navrhnut\u00e9 v Eur\u00f3pe a eticky vyroben\u00e9 v r\u00e1mci programu Ryinz na posilnenie postavenia \u017eien, ka\u017ed\u00fd p\u00e1r podporuje \u013eudsk\u00e9 pr\u00e1va a spravodliv\u00fa pr\u00e1cu. Spolo\u010dnos\u0165 Ryinz je in\u00e1 - \u0161t\u00fdl, bezpe\u010dnos\u0165 a s\u00facit sa sp\u00e1jaj\u00fa.<\/p>","protected":false},"featured_media":10420,"comment_status":"closed","ping_status":"closed","template":"","meta":[],"product_brand":[35],"product_cat":[1111,1109],"product_tag":[1199,1183,1197,1160,1073,1196,1192,1191,1164,1158,1194,1193,1195,1198,1091],"class_list":{"0":"post-10419","1":"product","2":"type-product","3":"status-publish","4":"has-post-thumbnail","6":"product_brand-ryinz","7":"product_cat-motorbike","8":"product_cat-motorbike-apparel","9":"product_tag-abrasion-resistant-jeans","10":"product_tag-armored-denim","11":"product_tag-breathable-motorcycle-jeans","12":"product_tag-ce-approved-jeans","13":"product_tag-ethical-manufacturing","14":"product_tag-european-motorcycle-gear","15":"product_tag-kevlar-motorcycle-pants","16":"product_tag-light-grey-riding-jeans","17":"product_tag-motorcycle-apparel","18":"product_tag-motorcycle-jeans","19":"product_tag-protective-biker-pants","20":"product_tag-ryinz-motorcycle-jeans","21":"product_tag-stretch-motorcycle-jeans","22":"product_tag-stylish-biker-denim","23":"product_tag-women-empowerment","25":"first","26":"instock","27":"taxable","28":"shipping-taxable","29":"purchasable","30":"product-type-simple"},"_links":{"self":[{"href":"https:\/\/ryinz.cz\/velkoobchod\/sk\/wp-json\/wp\/v2\/product\/10419","targetHints":{"allow":["GET"]}}],"collection":[{"href":"https:\/\/ryinz.cz\/velkoobchod\/sk\/wp-json\/wp\/v2\/product"}],"about":[{"href":"https:\/\/ryinz.cz\/velkoobchod\/sk\/wp-json\/wp\/v2\/types\/product"}],"replies":[{"embeddable":true,"href":"https:\/\/ryinz.cz\/velkoobchod\/sk\/wp-json\/wp\/v2\/comments?post=10419"}],"wp:featuredmedia":[{"embeddable":true,"href":"https:\/\/ryinz.cz\/velkoobchod\/sk\/wp-json\/wp\/v2\/media\/10420"}],"wp:attachment":[{"href":"https:\/\/ryinz.cz\/velkoobchod\/sk\/wp-json\/wp\/v2\/media?parent=10419"}],"wp:term":[{"taxonomy":"product_brand","embeddable":true,"href":"https:\/\/ryinz.cz\/velkoobchod\/sk\/wp-json\/wp\/v2\/product_brand?post=10419"},{"taxonomy":"product_cat","embeddable":true,"href":"https:\/\/ryinz.cz\/velkoobchod\/sk\/wp-json\/wp\/v2\/product_cat?post=10419"},{"taxonomy":"product_tag","embeddable":true,"href":"https:\/\/ryinz.cz\/velkoobchod\/sk\/wp-json\/wp\/v2\/product_tag?post=10419"}],"curies":[{"name":"wp","href":"https:\/\/api.w.org\/{rel}","templated":true}]}}