{"id":10416,"date":"2025-11-02T12:21:48","date_gmt":"2025-11-02T12:21:48","guid":{"rendered":"https:\/\/ryinz.cz\/velkoobchod\/?post_type=product&#038;p=10416"},"modified":"2026-01-18T20:23:21","modified_gmt":"2026-01-18T20:23:21","slug":"ryinz-streetrider-black-ce-pancierovane-dzinsy-na-motorku-mestska-ochrana-vo-velkom-style","status":"publish","type":"product","link":"https:\/\/ryinz.cz\/velkoobchod\/sk\/product\/ryinz-streetrider-black-ce-armored-motorcycle-jeans-urban-protection-in-style\/","title":{"rendered":"RYINZ StreetRider Black CE-Armored Motorcycle Jeans - \u0161t\u00fdlov\u00e1 ochrana v meste"},"content":{"rendered":"<p data-start=\"108\" data-end=\"490\">Str\u00e1nka <strong data-start=\"161\" data-end=\"216\">RYINZ StreetRider Black CE-Armored Motorcycle Jeans<\/strong> sp\u00e1jaj\u00fa to najlep\u0161ie z dvoch svetov - modern\u00fd streetwear dizajn a pokro\u010dil\u00fa ochranu motocykla. Tieto d\u017e\u00ednsy s\u00fa navrhnut\u00e9 pre jazdcov, ktor\u00ed \u017eij\u00fa r\u00fdchlo a vo\u013ene sa pohybuj\u00fa, a sp\u00e1jaj\u00fa v sebe prvotriedne materi\u00e1ly, eur\u00f3pske remeseln\u00e9 spracovanie a etick\u00fd pr\u00edstup k v\u00fdrobe, ktor\u00fd je pre zna\u010dku Ryinz charakteristick\u00fd.<\/p>\n<p data-start=\"492\" data-end=\"843\">Vyroben\u00e9 z <strong data-start=\"505\" data-end=\"573\">vysoko odoln\u00e1 elastick\u00e1 d\u017e\u00ednsovina zmie\u0161an\u00e1 s aramidov\u00fdmi vl\u00e1knami<\/strong>, d\u017e\u00ednsy StreetRider poskytuj\u00fa vynikaj\u00facu odolnos\u0165 proti oderu a z\u00e1rove\u0148 si zachov\u00e1vaj\u00fa prirodzen\u00fd pocit d\u017e\u00ednsoviny. S\u00fa ide\u00e1lne na doch\u00e1dzanie do mesta aj na v\u00edkendov\u00e9 jazdy, poskytuj\u00fa ochranu profesion\u00e1lnych motocyklov\u00fdch nohav\u00edc bez toho, aby bol ohrozen\u00fd \u0161t\u00fdl be\u017en\u00fdch d\u017e\u00ednsov.<\/p>\n<p data-start=\"845\" data-end=\"1287\">Funkcia d\u017e\u00ednsov <strong data-start=\"863\" data-end=\"893\">Pancier s certifik\u00e1tom CE \u00farovne 1<\/strong> na kolen\u00e1ch a bokoch, diskr\u00e9tne integrovan\u00e9 a odn\u00edmate\u013en\u00e9 na nosenie mimo bicykla. Panely zo zosilnen\u00fdch aramidov\u00fdch vl\u00e1kien v kritick\u00fdch z\u00f3nach - vr\u00e1tane sedadla, kolien a stehien - chr\u00e1nia jazdca pred odieran\u00edm a teplom po\u010das \u0161myku. Ochrann\u00e1 pod\u0161\u00edvka zo sie\u0165oviny zabezpe\u010duje priedu\u0161nos\u0165 a regul\u00e1ciu vlhkosti, zatia\u013e \u010do prirodzen\u00e1 elasticita tkaniny umo\u017e\u0148uje \u00fapln\u00fa vo\u013enos\u0165 pohybu v akejko\u013evek jazdeckej polohe.<\/p>\n<p data-start=\"1289\" data-end=\"1632\">V\u00fdrazn\u00e9 <strong data-start=\"1301\" data-end=\"1342\">rebrovan\u00e9 stre\u010dov\u00e9 panely nad kolenami<\/strong> zvy\u0161uje flexibilitu, v\u010faka \u010domu s\u00fa dlh\u00e9 jazdy alebo mestsk\u00e1 prem\u00e1vka so zast\u00e1vkami pohodlnej\u0161ie. \u00dazky strih sa prisp\u00f4sob\u00ed telu bez toho, aby obmedzoval pohyb, zatia\u013e \u010do <strong data-start=\"1510\" data-end=\"1545\">strategicky naru\u0161en\u00fd dizajn<\/strong> dod\u00e1va robustn\u00fd, za\u017eit\u00fd vzh\u013ead, ktor\u00fd dokonale dop\u013a\u0148a \u017eivotn\u00fd \u0161t\u00fdl mestsk\u00e9ho jazdca.<\/p>\n<p data-start=\"1634\" data-end=\"1915\">Tieto d\u017e\u00ednsy s\u00fa dokon\u010den\u00e9 v tmavej \u010diernej farbe s minim\u00e1lnym ozna\u010den\u00edm zna\u010dky RYINZ a s\u00fa rovnako \u0161t\u00fdlov\u00e9 mimo bicykla ako na \u0148om. Zosilnen\u00e9 trojit\u00e9 \u0161itie vo v\u0161etk\u00fdch hlavn\u00fdch \u0161voch zvy\u0161uje pevnos\u0165, zatia\u013e \u010do odoln\u00e9 zipsy YKK a nity dop\u013a\u0148aj\u00fa pr\u00e9miov\u00fa kon\u0161trukciu.<\/p>\n<p data-start=\"1917\" data-end=\"2351\">Ka\u017ed\u00fd p\u00e1r d\u017e\u00ednsov StreetRider je s\u00fa\u010das\u0165ou z\u00e1v\u00e4zku spolo\u010dnosti Ryinz <strong data-start=\"1981\" data-end=\"2032\">etick\u00e1 v\u00fdroba a obhajoba \u013eudsk\u00fdch pr\u00e1v<\/strong>. Vyr\u00e1baj\u00fa sa v certifikovan\u00fdch zariadeniach v Pakistane a Banglad\u00e9\u0161i a poskytuj\u00fa bezpe\u010dn\u00e9 pracovn\u00e9 prostredie, rovnak\u00e9 odme\u0148ovanie a pr\u00edle\u017eitosti na posilnenie postavenia \u017eien. \u010cas\u0165 z ka\u017ed\u00e9ho n\u00e1kupu podporuje nepretr\u017eit\u00fa viacjazy\u010dn\u00fa emocion\u00e1lnu podporu a vzdel\u00e1vacie programy pre \u017eeny vo viac ako 110 jazykoch - charakteristick\u00fd znak misie Ryinz.<\/p>\n<p data-start=\"2353\" data-end=\"2562\">Str\u00e1nka <strong data-start=\"2357\" data-end=\"2401\">RYINZ StreetRider Black CE-Armored Jeans<\/strong> nie s\u00fa len jazdeck\u00e9 nohavice - s\u00fa vyjadren\u00edm odolnosti, individuality a zodpovednosti. Vytvoren\u00e9 pre jazdcov, ktor\u00ed chc\u00fa vyzera\u0165 rovnako dobre, ako sa c\u00edtia bezpe\u010dne.<\/p>\n<p data-start=\"2564\" data-end=\"2583\"><strong data-start=\"2564\" data-end=\"2581\">K\u013e\u00fa\u010dov\u00e9 vlastnosti:<\/strong><\/p>\n<ul data-start=\"2584\" data-end=\"3227\">\n<li data-start=\"2584\" data-end=\"2669\">\n<p data-start=\"2586\" data-end=\"2669\">Siln\u00e1 elastick\u00e1 d\u017e\u00ednsovina s v\u00fdstu\u017eou z aramidov\u00fdch vl\u00e1kien pre odolnos\u0165 proti oderu.<\/p>\n<\/li>\n<li data-start=\"2670\" data-end=\"2741\">\n<p data-start=\"2672\" data-end=\"2741\">Odn\u00edmate\u013en\u00fd pancier CE Level 1 na kolen\u00e1ch a bokoch (certifik\u00e1t EN 1621-1).<\/p>\n<\/li>\n<li data-start=\"2742\" data-end=\"2797\">\n<p data-start=\"2744\" data-end=\"2797\">Priedu\u0161n\u00e1 pod\u0161\u00edvka zo sie\u0165oviny pre pohodlie a vetranie.<\/p>\n<\/li>\n<li data-start=\"2798\" data-end=\"2857\">\n<p data-start=\"2800\" data-end=\"2857\">Stre\u010dov\u00e9 rebrovan\u00e9 panely pre flexibilitu a pohodlie kolien.<\/p>\n<\/li>\n<li data-start=\"2858\" data-end=\"2924\">\n<p data-start=\"2860\" data-end=\"2924\">Trojito pre\u0161it\u00e9 \u0161vy v nam\u00e1han\u00fdch z\u00f3nach pre vy\u0161\u0161iu odolnos\u0165.<\/p>\n<\/li>\n<li data-start=\"2925\" data-end=\"2978\">\n<p data-start=\"2927\" data-end=\"2978\">Znehodnoten\u00fd dizajn pre mestsk\u00fa, drsn\u00fa estetiku.<\/p>\n<\/li>\n<li data-start=\"2979\" data-end=\"3040\">\n<p data-start=\"2981\" data-end=\"3040\">\u00dazky strih pre modern\u00fd \u0161t\u00fdl a optim\u00e1lnu pohyblivos\u0165.<\/p>\n<\/li>\n<li data-start=\"3041\" data-end=\"3099\">\n<p data-start=\"3043\" data-end=\"3099\">Zosilnen\u00e1 sedacia a stehenn\u00e1 \u010das\u0165 pre dlhodob\u00e9 nosenie.<\/p>\n<\/li>\n<li data-start=\"3100\" data-end=\"3148\">\n<p data-start=\"3102\" data-end=\"3148\">Odoln\u00e9 zipsy YKK a kovov\u00e9 nity.<\/p>\n<\/li>\n<li data-start=\"3149\" data-end=\"3227\">\n<p data-start=\"3151\" data-end=\"3227\">Eticky vyroben\u00e9 v r\u00e1mci misie spolo\u010dnosti Ryinz zameranej na posilnenie postavenia \u017eien a spravodliv\u00fa pr\u00e1cu.<\/p>\n<\/li>\n<\/ul>\n<p data-start=\"3229\" data-end=\"3369\">Ke\u010f nos\u00edte <strong data-start=\"3243\" data-end=\"3264\">RYINZ StreetRider<\/strong>, nos\u00edte viac ne\u017e len ochranu - nos\u00edte pokrok, sebad\u00f4veru a s\u00facit, v\u0161etko zo\u0161it\u00e9 do jedn\u00e9ho.<\/p>","protected":false},"excerpt":{"rendered":"<p>RYINZ StreetRider Black CE-Armored Jeans sp\u00e1jaj\u00fa streetwear \u0161t\u00fdl so seri\u00f3znou ochranou. S\u00fa vyroben\u00e9 zo stre\u010dov\u00e9ho denimu s aramidovou v\u00fdstu\u017eou a pancierom CE Level 1 na kolen\u00e1ch a bokoch a poskytuj\u00fa odolnos\u0165, pohodlie a flexibilitu na ka\u017edodenn\u00e9 jazdy. V\u010faka rebrovan\u00fdm panelom, \u00fazkemu strihu a po\u0161koden\u00fdm detailom s\u00fa ide\u00e1lne na nosenie na bicykli aj mimo neho. Navrhnut\u00e9 v Eur\u00f3pe a eticky vyroben\u00e9 v r\u00e1mci iniciat\u00edvy Ryinz na posilnenie postavenia \u017eien, ka\u017ed\u00e1 objedn\u00e1vka podporuje \u013eudsk\u00e9 pr\u00e1va, bezpe\u010dn\u00e9 pracovn\u00e9 miesta a spravodliv\u00e9 mzdy.<\/p>","protected":false},"featured_media":10418,"comment_status":"closed","ping_status":"closed","template":"","meta":[],"product_brand":[35],"product_cat":[1111,1109],"product_tag":[1185,1183,1163,1182,1184,1189,1073,1190,1158,1162,1165,1188,1187,1186,1091],"class_list":{"0":"post-10416","1":"product","2":"type-product","3":"status-publish","4":"has-post-thumbnail","6":"product_brand-ryinz","7":"product_cat-motorbike","8":"product_cat-motorbike-apparel","9":"product_tag-aramid-reinforced-jeans","10":"product_tag-armored-denim","11":"product_tag-biker-jeans","12":"product_tag-black-riding-jeans","13":"product_tag-ce-certified-jeans","14":"product_tag-durable-denim","15":"product_tag-ethical-manufacturing","16":"product_tag-european-design-riding-jeans","17":"product_tag-motorcycle-jeans","18":"product_tag-protective-riding-pants","19":"product_tag-ryinz-jeans","20":"product_tag-slim-fit-motorcycle-jeans","21":"product_tag-streetwear-motorcycle-gear","22":"product_tag-urban-motorcycle-wear","23":"product_tag-women-empowerment","25":"first","26":"instock","27":"taxable","28":"shipping-taxable","29":"purchasable","30":"product-type-simple"},"_links":{"self":[{"href":"https:\/\/ryinz.cz\/velkoobchod\/sk\/wp-json\/wp\/v2\/product\/10416","targetHints":{"allow":["GET"]}}],"collection":[{"href":"https:\/\/ryinz.cz\/velkoobchod\/sk\/wp-json\/wp\/v2\/product"}],"about":[{"href":"https:\/\/ryinz.cz\/velkoobchod\/sk\/wp-json\/wp\/v2\/types\/product"}],"replies":[{"embeddable":true,"href":"https:\/\/ryinz.cz\/velkoobchod\/sk\/wp-json\/wp\/v2\/comments?post=10416"}],"wp:featuredmedia":[{"embeddable":true,"href":"https:\/\/ryinz.cz\/velkoobchod\/sk\/wp-json\/wp\/v2\/media\/10418"}],"wp:attachment":[{"href":"https:\/\/ryinz.cz\/velkoobchod\/sk\/wp-json\/wp\/v2\/media?parent=10416"}],"wp:term":[{"taxonomy":"product_brand","embeddable":true,"href":"https:\/\/ryinz.cz\/velkoobchod\/sk\/wp-json\/wp\/v2\/product_brand?post=10416"},{"taxonomy":"product_cat","embeddable":true,"href":"https:\/\/ryinz.cz\/velkoobchod\/sk\/wp-json\/wp\/v2\/product_cat?post=10416"},{"taxonomy":"product_tag","embeddable":true,"href":"https:\/\/ryinz.cz\/velkoobchod\/sk\/wp-json\/wp\/v2\/product_tag?post=10416"}],"curies":[{"name":"wp","href":"https:\/\/api.w.org\/{rel}","templated":true}]}}