{"id":10390,"date":"2025-11-01T16:41:02","date_gmt":"2025-11-01T16:41:02","guid":{"rendered":"https:\/\/ryinz.cz\/velkoobchod\/?post_type=product&#038;p=10390"},"modified":"2026-01-18T20:22:00","modified_gmt":"2026-01-18T20:22:00","slug":"ryinz-defenderpro-rukavice-odolne-proti-prerezaniu-s-vysokou-viditelnostou-priemyselna-ochrana","status":"publish","type":"product","link":"https:\/\/ryinz.cz\/velkoobchod\/sk\/product\/ryinz-defenderpro-impact-cut-resistant-gloves-high-visibility-industrial-protection\/","title":{"rendered":"RYINZ DefenderPro Rukavice odoln\u00e9 proti n\u00e1razom a porezaniu - priemyseln\u00e1 ochrana s vysokou vidite\u013enos\u0165ou"},"content":{"rendered":"<p data-start=\"111\" data-end=\"576\">Predstavujeme <strong data-start=\"176\" data-end=\"227\">RYINZ DefenderPro Rukavice odoln\u00e9 proti n\u00e1razom a porezaniu<\/strong>, navrhnut\u00e9 pre pracovn\u00edkov, ktor\u00ed vy\u017eaduj\u00fa maxim\u00e1lnu bezpe\u010dnos\u0165, vidite\u013enos\u0165 a obratnos\u0165 vo vysoko rizikov\u00fdch prostrediach. Tieto rukavice, navrhnut\u00e9 v Eur\u00f3pe a vyroben\u00e9 pod\u013ea pr\u00edsnych kvalitat\u00edvnych a etick\u00fdch noriem spolo\u010dnosti Ryinz, poskytuj\u00fa vynikaj\u00facu ochranu proti n\u00e1razom, oderu a mechanick\u00fdm rizik\u00e1m - pri zachovan\u00ed flexibility a pohodlia po\u010das cel\u00e9ho pracovn\u00e9ho d\u0148a.<\/p>\n<p data-start=\"578\" data-end=\"936\">Postaven\u00e9 s <strong data-start=\"589\" data-end=\"627\">vystu\u017een\u00e9 dlane zo syntetickej ko\u017ee<\/strong> a <strong data-start=\"632\" data-end=\"679\">ochrann\u00e9 z\u00f3ny z termoplastickej gumy (TPR)<\/strong>, chr\u00e1ni\u010d DefenderPro poskytuje \u00fapln\u00e9 pokrytie chrbta ruky, prstov a k\u013abov. Odoln\u00e1 dla\u0148 zais\u0165uje v\u00fdnimo\u010dn\u00fd \u00fachop a odolnos\u0165 proti oderu, zatia\u013e \u010do prvky TPR absorbuj\u00fa n\u00e1razy a odr\u00e1\u017eaj\u00fa n\u00e1razy pri n\u00e1ro\u010dn\u00fdch priemyseln\u00fdch \u00faloh\u00e1ch.<\/p>\n<p data-start=\"938\" data-end=\"1285\">Str\u00e1nka <strong data-start=\"942\" data-end=\"973\">vysoko vidite\u013en\u00e1 oran\u017eov\u00e1 zadn\u00e1 strana<\/strong> zabezpe\u010duje, \u017ee pracovn\u00edci zostan\u00fa dobre vidite\u013en\u00ed pri slabom osvetlen\u00ed alebo v ru\u0161nom prostred\u00ed - \u010do je k\u013e\u00fa\u010dov\u00fd bezpe\u010dnostn\u00fd prvok pre stavenisk\u00e1, logistick\u00e9 centr\u00e1, ropn\u00e9 polia a prev\u00e1dzky \u00fadr\u017eby ciest. Vn\u00fatorn\u00e1 pod\u0161\u00edvka rukav\u00edc poskytuje m\u00e4kk\u00e9 pohodlie a priedu\u0161nos\u0165, udr\u017eiava ruky v suchu a zni\u017euje \u00fanavu po\u010das dlh\u00fdch zmien.<\/p>\n<p data-start=\"1287\" data-end=\"1637\">A <strong data-start=\"1289\" data-end=\"1309\">roztiahnute\u013en\u00e1 man\u017eeta<\/strong> zabezpe\u010duje pevn\u00e9 a bezpe\u010dn\u00e9 uchytenie, ktor\u00e9 zabra\u0148uje vniknutiu prachu alebo ne\u010dist\u00f4t, zatia\u013e \u010do ergonomick\u00fd dizajn podporuje prirodzen\u00fd pohyb r\u00fak a zni\u017euje nam\u00e1hanie prstov pri opakovan\u00fdch \u00faloh\u00e1ch. Ka\u017ed\u00fd \u0161ev, zakrivenie a v\u00fdstu\u017en\u00fd bod t\u00fdchto rukav\u00edc je vytvoren\u00fd tak, aby zvy\u0161oval odolnos\u0165 a v\u00fdkon v extr\u00e9mnych pracovn\u00fdch podmienkach.<\/p>\n<p data-start=\"1639\" data-end=\"1852\">RYINZ DefenderPro je ide\u00e1lny na <strong data-start=\"1674\" data-end=\"1779\">mechanici, stavebn\u00ed robotn\u00edci, skladn\u00edci, ban\u00edci a pracovn\u00edci v ropn\u00fdch a plynov\u00fdch poliach.<\/strong> ktor\u00ed potrebuj\u00fa maxim\u00e1lnu ochranu bez obmedzenia pri\u013enavosti a flexibility.<\/p>\n<p data-start=\"1854\" data-end=\"2272\">Spolo\u010dnos\u0165 Ryinz v\u0161ak prekra\u010duje r\u00e1mec dokonalosti v\u00fdrobku - ka\u017ed\u00e1 rukavica predstavuje symbol <strong data-start=\"1932\" data-end=\"1972\">\u013eudsk\u00e9 pr\u00e1va a posilnenie postavenia \u017eien<\/strong>. Ka\u017ed\u00fd p\u00e1r je vyroben\u00fd pod\u013ea spravodliv\u00fdch pracovn\u00fdch postupov, ktor\u00e9 zaru\u010duj\u00fa bezpe\u010dn\u00e9 a d\u00f4stojn\u00e9 zamestnanie \u017eien v partnersk\u00fdch zariadeniach spolo\u010dnosti Ryinz v Pakistane a Banglad\u00e9\u0161i. Spolo\u010dnos\u0165 Ryinz investuje \u010das\u0165 svojich pr\u00edjmov do programov poskytuj\u00facich vzdel\u00e1vanie, zvy\u0161ovanie povedomia o bezpe\u010dnosti a nepretr\u017eit\u00fa emocion\u00e1lnu podporu \u017een\u00e1m v 110 jazykoch.<\/p>\n<p data-start=\"2274\" data-end=\"2468\">V\u00fdberom Ryinz DefenderPro nechr\u00e1nite len svoje ruky - pom\u00e1hate chr\u00e1ni\u0165 \u017eivoty. Prispievate ku glob\u00e1lnej misii, ktor\u00e1 men\u00ed v\u00fdrobu na motor rovnosti a n\u00e1deje.<\/p>\n<p data-start=\"2470\" data-end=\"2489\"><strong data-start=\"2470\" data-end=\"2487\">K\u013e\u00fa\u010dov\u00e9 vlastnosti:<\/strong><\/p>\n<ul data-start=\"2490\" data-end=\"3177\">\n<li data-start=\"2490\" data-end=\"2563\">\n<p data-start=\"2492\" data-end=\"2563\">Ochrana prstov a k\u013abov pred n\u00e1razom z termoplastickej gumy (TPR).<\/p>\n<\/li>\n<li data-start=\"2564\" data-end=\"2640\">\n<p data-start=\"2566\" data-end=\"2640\">Vystu\u017een\u00e1 dla\u0148 zo syntetickej ko\u017ee pre vynikaj\u00facu pri\u013enavos\u0165 a odolnos\u0165 proti opotrebovaniu.<\/p>\n<\/li>\n<li data-start=\"2641\" data-end=\"2719\">\n<p data-start=\"2643\" data-end=\"2719\">Vysoko vidite\u013en\u00e1 oran\u017eov\u00e1 zadn\u00e1 strana pre zv\u00fd\u0161en\u00fa bezpe\u010dnos\u0165 v prostred\u00ed so slab\u00fdm osvetlen\u00edm.<\/p>\n<\/li>\n<li data-start=\"2720\" data-end=\"2777\">\n<p data-start=\"2722\" data-end=\"2777\">Priedu\u0161n\u00fd interi\u00e9r pre pohodlie a regul\u00e1ciu vlhkosti.<\/p>\n<\/li>\n<li data-start=\"2778\" data-end=\"2832\">\n<p data-start=\"2780\" data-end=\"2832\">Flexibiln\u00fd, ergonomick\u00fd dizajn na presn\u00fa manipul\u00e1ciu.<\/p>\n<\/li>\n<li data-start=\"2833\" data-end=\"2885\">\n<p data-start=\"2835\" data-end=\"2885\">Bezpe\u010dn\u00e1 elastick\u00e1 man\u017eeta zabra\u0148uje vnikaniu prachu a ne\u010dist\u00f4t.<\/p>\n<\/li>\n<li data-start=\"2886\" data-end=\"2941\">\n<p data-start=\"2888\" data-end=\"2941\">Kon\u0161trukcia tlmiaca n\u00e1razy na zn\u00ed\u017eenie nam\u00e1hania r\u00fak.<\/p>\n<\/li>\n<li data-start=\"2942\" data-end=\"3013\">\n<p data-start=\"2944\" data-end=\"3013\">Ide\u00e1lne pre stavebn\u00edctvo, stroj\u00e1rstvo, ropn\u00fd a plyn\u00e1rensk\u00fd priemysel a priemyseln\u00e9 pr\u00e1ce.<\/p>\n<\/li>\n<li data-start=\"3014\" data-end=\"3099\">\n<p data-start=\"3016\" data-end=\"3099\">Navrhnut\u00e9 v Eur\u00f3pe, eticky vyroben\u00e9 pod\u013ea noriem glob\u00e1lnej zodpovednosti spolo\u010dnosti Ryinz.<\/p>\n<\/li>\n<li data-start=\"3100\" data-end=\"3177\">\n<p data-start=\"3102\" data-end=\"3177\">Ka\u017ed\u00fd n\u00e1kup podporuje iniciat\u00edvy na posilnenie postavenia \u017eien a \u013eudsk\u00fdch pr\u00e1v.<\/p>\n<\/li>\n<\/ul>\n<p data-start=\"3179\" data-end=\"3353\">Spolo\u010dnos\u0165 Ryinz ver\u00ed vo vytv\u00e1ranie \u00fa\u010delovej ochrany. Ka\u017ed\u00e1 rukavica DefenderPro je viac ne\u017e len bezpe\u010dnostn\u00fd v\u00fdrobok - je to symbol kvality, starostlivosti a z\u00e1v\u00e4zku k lep\u0161iemu svetu.<\/p>","protected":false},"excerpt":{"rendered":"<p>Rukavice RYINZ DefenderPro odoln\u00e9 proti n\u00e1razom a porezaniu poskytuj\u00fa bezkonkuren\u010dn\u00fa ochranu v\u010faka pancieru TPR, zosilnen\u00fdm dla\u0148ov\u00fdm \u010dastiam a dizajnu s vysokou vidite\u013enos\u0165ou. S\u00fa vytvoren\u00e9 na priemyseln\u00e9 a mechanick\u00e9 pr\u00e1ce, sp\u00e1jaj\u00fa odolnos\u0165, \u00fachop a pohodlie v jednom. Navrhnut\u00e9 v Eur\u00f3pe a vyroben\u00e9 eticky, ka\u017ed\u00fd p\u00e1r podporuje posilnenie postavenia \u017eien a bezpe\u010dn\u00e9 pracovn\u00e9 miesta v Pakistane a Banglad\u00e9\u0161i. Ryinz je in\u00fd - kde ka\u017ed\u00e1 objedn\u00e1vka znamen\u00e1 \u013eudsk\u00e9 pr\u00e1va, zodpovednos\u0165 a trval\u00fd vplyv.<\/p>","protected":false},"featured_media":10393,"comment_status":"closed","ping_status":"closed","template":"","meta":[],"product_brand":[35],"product_cat":[82,83],"product_tag":[1078,1105,1075,1073,1080,86,1106,1096,1066,1059,1107,419,1071,1108,1091],"class_list":{"0":"post-10390","1":"product","2":"type-product","3":"status-publish","4":"has-post-thumbnail","6":"product_brand-ryinz","7":"product_cat-mechanic-industrial-gloves","8":"product_cat-mechanics-gloves","9":"product_tag-construction-gloves","10":"product_tag-cut-resistant-gloves","11":"product_tag-durable-work-gloves","12":"product_tag-ethical-manufacturing","13":"product_tag-eu-certified-gloves","14":"product_tag-heavy-duty-gloves","15":"product_tag-high-visibility-gloves","16":"product_tag-impact-gloves","17":"product_tag-industrial-gloves","18":"product_tag-mechanic-gloves","19":"product_tag-oilfield-gloves","20":"product_tag-ryinz-gloves","21":"product_tag-safety-gloves","22":"product_tag-tpr-gloves","23":"product_tag-women-empowerment","25":"first","26":"instock","27":"taxable","28":"shipping-taxable","29":"purchasable","30":"product-type-simple"},"_links":{"self":[{"href":"https:\/\/ryinz.cz\/velkoobchod\/sk\/wp-json\/wp\/v2\/product\/10390","targetHints":{"allow":["GET"]}}],"collection":[{"href":"https:\/\/ryinz.cz\/velkoobchod\/sk\/wp-json\/wp\/v2\/product"}],"about":[{"href":"https:\/\/ryinz.cz\/velkoobchod\/sk\/wp-json\/wp\/v2\/types\/product"}],"replies":[{"embeddable":true,"href":"https:\/\/ryinz.cz\/velkoobchod\/sk\/wp-json\/wp\/v2\/comments?post=10390"}],"wp:featuredmedia":[{"embeddable":true,"href":"https:\/\/ryinz.cz\/velkoobchod\/sk\/wp-json\/wp\/v2\/media\/10393"}],"wp:attachment":[{"href":"https:\/\/ryinz.cz\/velkoobchod\/sk\/wp-json\/wp\/v2\/media?parent=10390"}],"wp:term":[{"taxonomy":"product_brand","embeddable":true,"href":"https:\/\/ryinz.cz\/velkoobchod\/sk\/wp-json\/wp\/v2\/product_brand?post=10390"},{"taxonomy":"product_cat","embeddable":true,"href":"https:\/\/ryinz.cz\/velkoobchod\/sk\/wp-json\/wp\/v2\/product_cat?post=10390"},{"taxonomy":"product_tag","embeddable":true,"href":"https:\/\/ryinz.cz\/velkoobchod\/sk\/wp-json\/wp\/v2\/product_tag?post=10390"}],"curies":[{"name":"wp","href":"https:\/\/api.w.org\/{rel}","templated":true}]}}