{"id":10196,"date":"2025-10-19T10:42:40","date_gmt":"2025-10-19T10:42:40","guid":{"rendered":"https:\/\/ryinz.cz\/velkoobchod\/?post_type=product&#038;p=10196"},"modified":"2026-01-18T20:20:36","modified_gmt":"2026-01-18T20:20:36","slug":"ryinz-hnede-kozene-rukavice-na-motorku-premiova-hovadzia-koza-zosilnena-ochrana-turisticky-komfort-ce-certifikovane","status":"publish","type":"product","link":"https:\/\/ryinz.cz\/velkoobchod\/sk\/product\/ryinz-brown-leather-motorcycle-gloves-premium-cowhide-reinforced-protection-touring-comfort-ce-certified\/","title":{"rendered":"RYINZ Hned\u00e9 ko\u017een\u00e9 rukavice na motorku - pr\u00e9miov\u00e1 hov\u00e4dzia ko\u017ea, zosilnen\u00e1 ochrana a turistick\u00fd komfort | CE Certified"},"content":{"rendered":"<p data-start=\"1019\" data-end=\"1335\">Str\u00e1nka <strong data-start=\"1023\" data-end=\"1064\">RYINZ hned\u00e9 ko\u017een\u00e9 rukavice na motorku<\/strong> s\u00fa miestom, kde sa klasick\u00e9 remeseln\u00e9 spracovanie stret\u00e1va s modernou jazdeckou ochranou. Navrhnut\u00e9 pre t\u00fdch, ktor\u00ed si cenia oboje <strong data-start=\"1163\" data-end=\"1183\">\u0161t\u00fdl a bezpe\u010dnos\u0165<\/strong>, tieto rukavice s\u00fa vyroben\u00e9 z <strong data-start=\"1212\" data-end=\"1244\">100% pr\u00e9miov\u00e1 hov\u00e4dzia ko\u017ea<\/strong>, ktor\u00e9 poskytuj\u00fa odolnos\u0165, pohodlie a prirodzene m\u00e4kk\u00fd pocit, ktor\u00fd sa zlep\u0161uje s ka\u017edou jazdou.<\/p>\n<p data-start=\"1337\" data-end=\"1657\">Rukavice s\u00fa navrhnut\u00e9 pre skuto\u010dn\u00fdch jazdcov a obsahuj\u00fa <strong data-start=\"1384\" data-end=\"1414\">zosilnen\u00e9 polstrovanie k\u013abov<\/strong> ktor\u00e1 tlm\u00ed n\u00e1razy a zni\u017euje z\u00e1\u0165a\u017e po\u010das dlh\u00fdch j\u00e1zd. Str\u00e1nka <strong data-start=\"1477\" data-end=\"1527\">oblas\u0165 dlane je vybaven\u00e1 dvojvrstvov\u00fdmi ko\u017een\u00fdmi panelmi<\/strong> pre dodato\u010dn\u00fa ochranu a kontrolu uchopenia, zatia\u013e \u010do <strong data-start=\"1573\" data-end=\"1602\">mikroperforovan\u00e9 sekcie<\/strong> zlep\u0161uje vetranie, aby va\u0161e ruky zostali chladn\u00e9 a such\u00e9.<\/p>\n<p data-start=\"1659\" data-end=\"1940\">Str\u00e1nka <strong data-start=\"1663\" data-end=\"1694\">ergonomick\u00fd predkriven\u00fd dizajn<\/strong> zabezpe\u010duje dokonal\u00e9 prirodzen\u00e9 prisp\u00f4sobenie, zni\u017euje \u00fanavu r\u00fak a pon\u00faka vynikaj\u00facu flexibilitu. S <strong data-start=\"1791\" data-end=\"1818\">nastavite\u013en\u00fd popruh na such\u00fd zips<\/strong> na z\u00e1p\u00e4st\u00ed rukavice bezpe\u010dne a pohodlne sedia, zabra\u0148uj\u00fa vetru a prachu a z\u00e1rove\u0148 zachov\u00e1vaj\u00fa pln\u00fd pohyb z\u00e1p\u00e4stia.<\/p>\n<p data-start=\"1942\" data-end=\"2255\">Vizu\u00e1lne bohat\u00fd <strong data-start=\"1961\" data-end=\"2022\">hned\u00fd ko\u017een\u00fd povrch v kombin\u00e1cii s \u010diernymi kontrastn\u00fdmi detailmi<\/strong> Tieto rukavice maj\u00fa elegantn\u00fd vzh\u013ead in\u0161pirovan\u00fd vintage \u0161t\u00fdlom - s\u00fa elegantn\u00e9 a z\u00e1rove\u0148 robustn\u00e9, hodia sa k akejko\u013evek turistickej bunde alebo be\u017en\u00e9mu jazdeck\u00e9mu oble\u010deniu. Str\u00e1nka . <strong data-start=\"2150\" data-end=\"2174\">jemn\u00e9 \u010derven\u00e9 pre\u0161\u00edvanie<\/strong> dod\u00e1va prvotriedny detail, ktor\u00fd odr\u00e1\u017ea odhodlanie spolo\u010dnosti RYINZ dosahova\u0165 dokonalos\u0165.<\/p>\n<p data-start=\"2257\" data-end=\"2624\">Vhodn\u00e9 pre <strong data-start=\"2270\" data-end=\"2326\">cestovanie na motocykli, doch\u00e1dzanie do pr\u00e1ce v meste a pr\u00edle\u017eitostn\u00e9 jazdy<\/strong>, tieto rukavice s\u00fa univerz\u00e1lnou vo\u013ebou na ka\u017ed\u00e9 ro\u010dn\u00e9 obdobie. S\u00fa vyroben\u00e9 tak, aby vydr\u017eali a fungovali, a steles\u0148uj\u00fa filozofiu kvality prostredn\u00edctvom zodpovednosti spolo\u010dnosti RYINZ - ka\u017ed\u00fd p\u00e1r vyroben\u00fd pod <strong data-start=\"2501\" data-end=\"2531\">etick\u00e9 pracovn\u00e9 podmienky<\/strong>, ktor\u00e9 podporuj\u00fa <strong data-start=\"2544\" data-end=\"2592\">posilnenie postavenia \u017eien a spravodliv\u00e9 pracovn\u00e9 postupy<\/strong> vo v\u0161etk\u00fdch v\u00fdrobn\u00fdch zariadeniach.<\/p>\n<p data-start=\"2626\" data-end=\"2729\">Ka\u017ed\u00e1 jazda je zmysluplnej\u0161ia so zna\u010dkou RYINZ - zna\u010dkou, ktor\u00e1 sp\u00e1ja ochranu, v\u00e1\u0161e\u0148 a \u00fa\u010del.<\/p>\n<p data-start=\"2731\" data-end=\"2813\"><strong data-start=\"2731\" data-end=\"2773\">RYINZ - in\u0161pirovan\u00e1 hodnotami od roku 1975.<\/strong><br data-start=\"2773\" data-end=\"2776\" \/>Jazdite s hrdos\u0165ou. Jazdite cie\u013eavedome.<\/p>\n<hr data-start=\"2815\" data-end=\"2818\" \/>\n<h2 data-start=\"2820\" data-end=\"2857\">\u2699\ufe0f <strong data-start=\"2826\" data-end=\"2855\">Technick\u00e9 \u0161pecifik\u00e1cie:<\/strong><\/h2>\n<ul data-start=\"2858\" data-end=\"3344\">\n<li data-start=\"2858\" data-end=\"2904\">\n<p data-start=\"2860\" data-end=\"2904\"><strong data-start=\"2860\" data-end=\"2873\">Materi\u00e1l:<\/strong> 100% Pr\u00e9miov\u00e1 hov\u00e4dzia ko\u017ea<\/p>\n<\/li>\n<li data-start=\"2905\" data-end=\"2982\">\n<p data-start=\"2907\" data-end=\"2982\"><strong data-start=\"2907\" data-end=\"2922\">Ochrana:<\/strong> Zosilnen\u00e9 polstrovanie k\u013abov + dvojvrstvov\u00e1 ochrana dlane<\/p>\n<\/li>\n<li data-start=\"2983\" data-end=\"3035\">\n<p data-start=\"2985\" data-end=\"3035\"><strong data-start=\"2985\" data-end=\"3001\">Vetranie:<\/strong> Ko\u017een\u00e9 panely s mikroperfor\u00e1ciou<\/p>\n<\/li>\n<li data-start=\"3036\" data-end=\"3099\">\n<p data-start=\"3038\" data-end=\"3099\"><strong data-start=\"3038\" data-end=\"3046\">Vhodn\u00fd:<\/strong> Predbe\u017ene zakriven\u00e9 prsty + nastavite\u013en\u00fd p\u00e1sik na z\u00e1p\u00e4stie so such\u00fdm zipsom<\/p>\n<\/li>\n<li data-start=\"3100\" data-end=\"3145\">\n<p data-start=\"3102\" data-end=\"3145\"><strong data-start=\"3102\" data-end=\"3111\">Uchytenie:<\/strong> Proti\u0161mykov\u00e9 zosilnen\u00e9 z\u00f3ny na dlani<\/p>\n<\/li>\n<li data-start=\"3146\" data-end=\"3202\">\n<p data-start=\"3148\" data-end=\"3202\"><strong data-start=\"3148\" data-end=\"3159\">Dizajn:<\/strong> Hned\u00e1 s \u010diernymi akcentmi a \u010derven\u00fdm pre\u0161\u00edvan\u00edm<\/p>\n<\/li>\n<li data-start=\"3203\" data-end=\"3262\">\n<p data-start=\"3205\" data-end=\"3262\"><strong data-start=\"3205\" data-end=\"3213\">Pou\u017eitie:<\/strong> Ide\u00e1lne na cestovanie, doch\u00e1dzanie a ka\u017edodenn\u00fa jazdu<\/p>\n<\/li>\n<li data-start=\"3263\" data-end=\"3344\">\n<p data-start=\"3265\" data-end=\"3344\"><strong data-start=\"3265\" data-end=\"3275\">Zna\u010dka:<\/strong> RYINZ - Eur\u00f3pska kvalita, etick\u00e1 v\u00fdroba, posilnenie postavenia \u017eien<\/p>\n<\/li>\n<\/ul>","protected":false},"excerpt":{"rendered":"<p>Str\u00e1nka <strong data-start=\"401\" data-end=\"442\">RYINZ hned\u00e9 ko\u017een\u00e9 rukavice na motorku<\/strong> sp\u00e1jaj\u00fa nad\u010dasov\u00fd dizajn s profesion\u00e1lnou ochranou. Vyroben\u00e9 z <strong data-start=\"510\" data-end=\"542\">100% pr\u00e9miov\u00e1 hov\u00e4dzia ko\u017ea<\/strong>, s\u00fa vybaven\u00e9 <strong data-start=\"557\" data-end=\"590\">zosilnen\u00e1 ochrana k\u013abov<\/strong>, <strong data-start=\"592\" data-end=\"608\">polstrovan\u00e9 dlane<\/strong>, a <strong data-start=\"614\" data-end=\"638\">proti\u0161mykov\u00e9 \u00fachopov\u00e9 z\u00f3ny<\/strong> pre \u00fapln\u00fa kontrolu a pohodlie. Perforovan\u00e9 \u010dasti zabezpe\u010duj\u00fa priedu\u0161nos\u0165, zatia\u013e \u010do <strong data-start=\"725\" data-end=\"747\">P\u00e1sik na z\u00e1p\u00e4stie so such\u00fdm zipsom<\/strong> zaru\u010duje bezpe\u010dn\u00e9 a nastavite\u013en\u00e9 nosenie. Ide\u00e1lne pre <strong data-start=\"797\" data-end=\"827\">turistick\u00e9 a ka\u017edodenn\u00e9 jazdy<\/strong>, tieto rukavice vyva\u017euj\u00fa luxusn\u00fa estetiku s charakteristick\u00fdm z\u00e1v\u00e4zkom spolo\u010dnosti RYINZ k bezpe\u010dnosti, kvalite a zodpovednej v\u00fdrobe.<\/p>","protected":false},"featured_media":10197,"comment_status":"closed","ping_status":"closed","template":"","meta":[],"product_brand":[35],"product_cat":[1111,380,122],"product_tag":[937,934,408,938,912,923,915,928,909,936,862,940,935,939,866],"class_list":{"0":"post-10196","1":"product","2":"type-product","3":"status-publish","4":"has-post-thumbnail","6":"product_brand-ryinz","7":"product_cat-motorbike","8":"product_cat-motorbike-gloves","9":"product_cat-motorbike-racing-gloves","11":"product_tag-brown-biker-gloves","12":"product_tag-ce-certified-gloves","13":"product_tag-classic-motorcycle-gloves","14":"product_tag-durable-touring-gloves","15":"product_tag-ethical-motorcycle-apparel","16":"product_tag-motorcycle-leather-gloves","17":"product_tag-premium-cowhide-gloves","18":"product_tag-protective-biker-gloves","19":"product_tag-reinforced-riding-gloves","20":"product_tag-ryinz-motorcycle-gear","21":"product_tag-stylish-motorbike-accessories","22":"product_tag-touring-motorcycle-gloves","23":"product_tag-ventilated-leather-gloves","24":"product_tag-women-empowerment-brand","26":"first","27":"instock","28":"taxable","29":"shipping-taxable","30":"purchasable","31":"product-type-simple"},"_links":{"self":[{"href":"https:\/\/ryinz.cz\/velkoobchod\/sk\/wp-json\/wp\/v2\/product\/10196","targetHints":{"allow":["GET"]}}],"collection":[{"href":"https:\/\/ryinz.cz\/velkoobchod\/sk\/wp-json\/wp\/v2\/product"}],"about":[{"href":"https:\/\/ryinz.cz\/velkoobchod\/sk\/wp-json\/wp\/v2\/types\/product"}],"replies":[{"embeddable":true,"href":"https:\/\/ryinz.cz\/velkoobchod\/sk\/wp-json\/wp\/v2\/comments?post=10196"}],"wp:featuredmedia":[{"embeddable":true,"href":"https:\/\/ryinz.cz\/velkoobchod\/sk\/wp-json\/wp\/v2\/media\/10197"}],"wp:attachment":[{"href":"https:\/\/ryinz.cz\/velkoobchod\/sk\/wp-json\/wp\/v2\/media?parent=10196"}],"wp:term":[{"taxonomy":"product_brand","embeddable":true,"href":"https:\/\/ryinz.cz\/velkoobchod\/sk\/wp-json\/wp\/v2\/product_brand?post=10196"},{"taxonomy":"product_cat","embeddable":true,"href":"https:\/\/ryinz.cz\/velkoobchod\/sk\/wp-json\/wp\/v2\/product_cat?post=10196"},{"taxonomy":"product_tag","embeddable":true,"href":"https:\/\/ryinz.cz\/velkoobchod\/sk\/wp-json\/wp\/v2\/product_tag?post=10196"}],"curies":[{"name":"wp","href":"https:\/\/api.w.org\/{rel}","templated":true}]}}