{"id":10194,"date":"2025-10-19T10:39:40","date_gmt":"2025-10-19T10:39:40","guid":{"rendered":"https:\/\/ryinz.cz\/velkoobchod\/?post_type=product&#038;p=10194"},"modified":"2026-01-18T20:20:24","modified_gmt":"2026-01-18T20:20:24","slug":"ryinz-modre-cervene-kozene-motocyklove-rukavice-ce-ochrana-sportova-jazda-turisticke-rukavice","status":"publish","type":"product","link":"https:\/\/ryinz.cz\/velkoobchod\/sk\/product\/ryinz-blue-red-leather-motorcycle-gloves-ce-protection-sport-riding-touring-gloves\/","title":{"rendered":"RYINZ Modro-\u010derven\u00e9 ko\u017een\u00e9 rukavice na motorku - ochrana CE | Rukavice na \u0161portov\u00fa jazdu a turistiku"},"content":{"rendered":"<p data-start=\"953\" data-end=\"1286\">Str\u00e1nka <strong data-start=\"957\" data-end=\"1001\">RYINZ Modro-\u010derven\u00e9 ko\u017een\u00e9 rukavice na motorku<\/strong> s\u00fa ur\u010den\u00e9 pre jazdcov, ktor\u00ed chc\u00fa <strong data-start=\"1037\" data-end=\"1078\">dynamick\u00fd \u0161t\u00fdl a spo\u013eahliv\u00e1 ochrana<\/strong> pri ka\u017edej jazde. Navrhnut\u00e9 s d\u00f4razom na detail a vyroben\u00e9 z <strong data-start=\"1142\" data-end=\"1169\">pr\u00e9miov\u00e1 hov\u00e4dzia ko\u017ea<\/strong>, poskytuj\u00fa odolnos\u0165, pri\u013enavos\u0165 a flexibilitu, aby sp\u013a\u0148ali po\u017eiadavky profesion\u00e1lnych aj rekrea\u010dn\u00fdch jazdcov.<\/p>\n<p data-start=\"1288\" data-end=\"1595\">Navrhnut\u00e9 s <strong data-start=\"1304\" data-end=\"1339\">chr\u00e1ni\u010de k\u013abov s vysokou hustotou<\/strong> a <strong data-start=\"1344\" data-end=\"1370\">Vlo\u017eky TPR na prstoch<\/strong>, tieto rukavice zais\u0165uj\u00fa bezpe\u010dnos\u0165 pri n\u00e1raze a z\u00e1rove\u0148 zachov\u00e1vaj\u00fa v\u00fdnimo\u010dn\u00e9 pohodlie. Str\u00e1nka . <strong data-start=\"1456\" data-end=\"1483\">zosilnen\u00e1 ko\u017een\u00e1 dla\u0148<\/strong> poskytuje vynikaj\u00facu odolnos\u0165 proti oderu a bezpe\u010dn\u00e9 uchopenie riadidiel aj po\u010das dlh\u00fdch ciest.<\/p>\n<p data-start=\"1597\" data-end=\"1889\">Na zv\u00fd\u0161enie pohodlia v teplej\u0161om po\u010das\u00ed <strong data-start=\"1639\" data-end=\"1668\">perforovan\u00e9 ko\u017een\u00e9 panely<\/strong> na prednej strane umo\u017e\u0148uj\u00fa prirodzen\u00e9 pr\u00fadenie vzduchu, \u010d\u00edm zabra\u0148uj\u00fa hromadeniu potu a z\u00e1rove\u0148 zachov\u00e1vaj\u00fa priliehavos\u0165. Str\u00e1nka <strong data-start=\"1764\" data-end=\"1786\">P\u00e1sik na z\u00e1p\u00e4stie so such\u00fdm zipsom<\/strong> zabezpe\u010duje r\u00fdchle nastavenie a <strong data-start=\"1821\" data-end=\"1837\">elastick\u00e1 man\u017eeta<\/strong> udr\u017e\u00ed rukavice na mieste po\u010das jazdy vysokou r\u00fdchlos\u0165ou.<\/p>\n<p data-start=\"1891\" data-end=\"2153\">Kombin\u00e1cia <strong data-start=\"1910\" data-end=\"1949\">\u010derven\u00e9, modr\u00e9, \u010dierne a biele akcenty<\/strong> dod\u00e1va t\u00fdmto rukaviciam modern\u00fd pretek\u00e1rsky vzh\u013ead - odv\u00e1\u017eny, energick\u00fd a nezamenite\u013en\u00fd vzh\u013ead zna\u010dky RYINZ. Str\u00e1nka <strong data-start=\"2037\" data-end=\"2065\">predkriven\u00fd dizajn prstov<\/strong> zni\u017euje \u00fanavu r\u00fak a umo\u017e\u0148uje jazdcom udr\u017ea\u0165 prirodzen\u00fd \u00fachop pre maxim\u00e1lnu kontrolu.<\/p>\n<p data-start=\"2155\" data-end=\"2469\">Ka\u017ed\u00e1 rukavica RYINZ sa vyr\u00e1ba pod <strong data-start=\"2191\" data-end=\"2221\">etick\u00e9 pracovn\u00e9 podmienky<\/strong>, ktor\u00e9 podporuj\u00fa <strong data-start=\"2234\" data-end=\"2282\">spravodliv\u00e9 pracovn\u00e9 normy a posilnenie postavenia \u017eien<\/strong> vo v\u0161etk\u00fdch v\u00fdrobn\u00fdch zariadeniach. V\u00fdber zna\u010dky RYINZ znamen\u00e1 podporu \u013eudsk\u00fdch pr\u00e1v, udr\u017eate\u013en\u00fdch postupov a zna\u010dky, ktor\u00e1 ver\u00ed, \u017ee ka\u017ed\u00fd v\u00fdrobok by mal ma\u0165 zmysel a hodnotu presahuj\u00facu zisk.<\/p>\n<p data-start=\"2471\" data-end=\"2643\">Ide\u00e1lne pre <strong data-start=\"2481\" data-end=\"2543\">jazdci na \u0161portov\u00fdch motocykloch, nad\u0161enci turistiky a mestsk\u00ed cestuj\u00faci<\/strong>, modro-\u010derven\u00e9 rukavice RYINZ predstavuj\u00fa v\u00fdkon, osobnos\u0165 a ochranu v dokonalej rovnov\u00e1he.<\/p>\n<p data-start=\"2645\" data-end=\"2732\"><strong data-start=\"2645\" data-end=\"2687\">RYINZ - in\u0161pirovan\u00e1 hodnotami od roku 1975.<\/strong><br data-start=\"2687\" data-end=\"2690\" \/>Jazdite bezpe\u010dne. Jazdite odv\u00e1\u017ene. Jazdite zmysluplne.<\/p>\n<hr data-start=\"2734\" data-end=\"2737\" \/>\n<h2 data-start=\"2739\" data-end=\"2774\">\u2699\ufe0f <strong data-start=\"2745\" data-end=\"2774\">Technick\u00e9 \u0161pecifik\u00e1cie:<\/strong><\/h2>\n<ul data-start=\"2775\" data-end=\"3260\">\n<li data-start=\"2775\" data-end=\"2844\">\n<p data-start=\"2777\" data-end=\"2844\"><strong data-start=\"2777\" data-end=\"2790\">Materi\u00e1l:<\/strong> 100% Pr\u00e9miov\u00e1 hov\u00e4dzia ko\u017ea s perforovan\u00fdmi panelmi<\/p>\n<\/li>\n<li data-start=\"2845\" data-end=\"2903\">\n<p data-start=\"2847\" data-end=\"2903\"><strong data-start=\"2847\" data-end=\"2862\">Ochrana:<\/strong> Tvrd\u00fd pancier na k\u013aby + chr\u00e1ni\u010de prstov TPR<\/p>\n<\/li>\n<li data-start=\"2904\" data-end=\"2959\">\n<p data-start=\"2906\" data-end=\"2959\"><strong data-start=\"2906\" data-end=\"2915\">Dla\u0148:<\/strong> Zosilnen\u00e1 ko\u017ea s proti\u0161mykov\u00fdm polstrovan\u00edm<\/p>\n<\/li>\n<li data-start=\"2960\" data-end=\"3021\">\n<p data-start=\"2962\" data-end=\"3021\"><strong data-start=\"2962\" data-end=\"2978\">Vetranie:<\/strong> Perforovan\u00e9 z\u00f3ny pre pr\u00fadenie vzduchu a pohodlie<\/p>\n<\/li>\n<li data-start=\"3022\" data-end=\"3068\">\n<p data-start=\"3024\" data-end=\"3068\"><strong data-start=\"3024\" data-end=\"3036\">Uzavretie:<\/strong> Nastavite\u013en\u00fd remienok na z\u00e1p\u00e4stie so such\u00fdm zipsom<\/p>\n<\/li>\n<li data-start=\"3069\" data-end=\"3121\">\n<p data-start=\"3071\" data-end=\"3121\"><strong data-start=\"3071\" data-end=\"3082\">Dizajn:<\/strong> Predbe\u017ene zakriven\u00e9 prsty pre ergonomick\u00e9 prisp\u00f4sobenie<\/p>\n<\/li>\n<li data-start=\"3122\" data-end=\"3178\">\n<p data-start=\"3124\" data-end=\"3178\"><strong data-start=\"3124\" data-end=\"3132\">Pou\u017eitie:<\/strong> Ide\u00e1lne pre \u0161portov\u00fdch, turistick\u00fdch a pouli\u010dn\u00fdch jazdcov<\/p>\n<\/li>\n<li data-start=\"3179\" data-end=\"3260\">\n<p data-start=\"3181\" data-end=\"3260\"><strong data-start=\"3181\" data-end=\"3191\">Zna\u010dka:<\/strong> RYINZ - Eur\u00f3pska kvalita, etick\u00e1 v\u00fdroba, posilnenie postavenia \u017eien<\/p>\n<\/li>\n<\/ul>","protected":false},"excerpt":{"rendered":"<p>Dodajte svojej jazde farbu a ochranu pomocou <strong data-start=\"392\" data-end=\"428\">RYINZ Modro-\u010derven\u00e9 rukavice na motorku<\/strong>, vyroben\u00e9 z <strong data-start=\"440\" data-end=\"467\">pr\u00e9miov\u00e1 hov\u00e4dzia ko\u017ea<\/strong> s <strong data-start=\"473\" data-end=\"501\">zosilnen\u00fd pancier na k\u013aby<\/strong> a <strong data-start=\"506\" data-end=\"527\">Chr\u00e1ni\u010de prstov z TPR<\/strong> pre vy\u0161\u0161iu bezpe\u010dnos\u0165. Str\u00e1nka <strong data-start=\"553\" data-end=\"586\">vetran\u00e1 perforovan\u00e1 ko\u017ea<\/strong> zabezpe\u010duje pr\u00fadenie vzduchu, zatia\u013e \u010do <strong data-start=\"614\" data-end=\"631\">ergonomick\u00e9 prisp\u00f4sobenie<\/strong> a <strong data-start=\"636\" data-end=\"662\">proti\u0161mykov\u00e9 polstrovanie dlane<\/strong> poskytuj\u00fa \u00fapln\u00fa kontrolu a pohodlie. Navrhnut\u00e9 pre <strong data-start=\"710\" data-end=\"738\">\u0161portov\u00ed a turistick\u00ed jazdci<\/strong>, tieto rukavice sp\u00e1jaj\u00fa \u017eiariv\u00fd dizajn, modern\u00fa ochranu a d\u00f4veryhodn\u00e9 remeseln\u00e9 spracovanie <strong data-start=\"829\" data-end=\"838\">RYINZ<\/strong> - pre t\u00fdch, ktor\u00ed jazdia s istotou a v\u00e1\u0161\u0148ou.<\/p>","protected":false},"featured_media":10195,"comment_status":"closed","ping_status":"closed","template":"","meta":[],"product_brand":[35],"product_cat":[1111,380],"product_tag":[932,933,927,926,924,923,914,915,928,930,931,862,925,929,866],"class_list":{"0":"post-10194","1":"product","2":"type-product","3":"status-publish","4":"has-post-thumbnail","6":"product_brand-ryinz","7":"product_cat-motorbike","8":"product_cat-motorbike-gloves","9":"product_tag-all-season-biker-gloves","10":"product_tag-anti-slip-palm-gloves","11":"product_tag-blue-red-biker-gloves","12":"product_tag-ce-protective-gloves","13":"product_tag-durable-motorbike-gloves","14":"product_tag-ethical-motorcycle-apparel","15":"product_tag-european-motorcycle-accessories","16":"product_tag-motorcycle-leather-gloves","17":"product_tag-premium-cowhide-gloves","18":"product_tag-protective-touring-gloves","19":"product_tag-racing-style-gloves","20":"product_tag-ryinz-motorcycle-gear","21":"product_tag-sport-bike-gloves","22":"product_tag-ventilated-riding-gloves","23":"product_tag-women-empowerment-brand","25":"first","26":"instock","27":"taxable","28":"shipping-taxable","29":"purchasable","30":"product-type-simple"},"_links":{"self":[{"href":"https:\/\/ryinz.cz\/velkoobchod\/sk\/wp-json\/wp\/v2\/product\/10194","targetHints":{"allow":["GET"]}}],"collection":[{"href":"https:\/\/ryinz.cz\/velkoobchod\/sk\/wp-json\/wp\/v2\/product"}],"about":[{"href":"https:\/\/ryinz.cz\/velkoobchod\/sk\/wp-json\/wp\/v2\/types\/product"}],"replies":[{"embeddable":true,"href":"https:\/\/ryinz.cz\/velkoobchod\/sk\/wp-json\/wp\/v2\/comments?post=10194"}],"wp:featuredmedia":[{"embeddable":true,"href":"https:\/\/ryinz.cz\/velkoobchod\/sk\/wp-json\/wp\/v2\/media\/10195"}],"wp:attachment":[{"href":"https:\/\/ryinz.cz\/velkoobchod\/sk\/wp-json\/wp\/v2\/media?parent=10194"}],"wp:term":[{"taxonomy":"product_brand","embeddable":true,"href":"https:\/\/ryinz.cz\/velkoobchod\/sk\/wp-json\/wp\/v2\/product_brand?post=10194"},{"taxonomy":"product_cat","embeddable":true,"href":"https:\/\/ryinz.cz\/velkoobchod\/sk\/wp-json\/wp\/v2\/product_cat?post=10194"},{"taxonomy":"product_tag","embeddable":true,"href":"https:\/\/ryinz.cz\/velkoobchod\/sk\/wp-json\/wp\/v2\/product_tag?post=10194"}],"curies":[{"name":"wp","href":"https:\/\/api.w.org\/{rel}","templated":true}]}}