{"id":10178,"date":"2025-10-19T10:03:21","date_gmt":"2025-10-19T10:03:21","guid":{"rendered":"https:\/\/ryinz.cz\/velkoobchod\/?post_type=product&#038;p=10178"},"modified":"2026-01-18T20:24:10","modified_gmt":"2026-01-18T20:24:10","slug":"ryinz-retro-zlta-premiova-bunda-z-hovadzej-koze-odnimatelna-ce-level-2-chranice-ramien-a-laktov-3-v-1-turisticke-bezne-oblecenie","status":"publish","type":"product","link":"https:\/\/ryinz.cz\/velkoobchod\/sk\/product\/ryinz-retro-yellow-premium-cowhide-motorcycle-jacket-removable-ce-level-2-shoulder-and-elbow-protectors-3-in-1-touring-casual-wear\/","title":{"rendered":"RYINZ Retro Yellow Premium Cowhide Motorcycle Jacket - odn\u00edmate\u013en\u00e9 chr\u00e1ni\u010de ramien a lak\u0165ov CE Level 2| 3 v 1 Touring &amp; Casual Wear"},"content":{"rendered":"<p data-start=\"1062\" data-end=\"1475\">Str\u00e1nka <strong data-start=\"1066\" data-end=\"1114\">RYINZ Retro Yellow pr\u00e9miov\u00e1 bunda na motorku<\/strong> je ur\u010den\u00fd pre t\u00fdch, ktor\u00ed \u017eij\u00fa a jazdia s v\u00e1\u0161\u0148ou. Je odv\u00e1\u017eny, neboj\u00e1cny a nad\u010dasov\u00fd - sp\u00e1ja prvotriedne remeseln\u00e9 spracovanie s v\u00fdraznou estetikou, ktor\u00e1 urob\u00ed dojem, nech sa vyd\u00e1te kamko\u013evek. Navrhnut\u00fd v Eur\u00f3pe pre jazdcov, ktor\u00ed oce\u0148uj\u00fa v\u00fdkon aj osobnos\u0165, prin\u00e1\u0161a <strong data-start=\"1389\" data-end=\"1449\">\u0161pi\u010dkov\u00e1 ochrana, trval\u00fd komfort a osobit\u00fd \u0161t\u00fdl<\/strong> v jednom pr\u00e9miovom odeve.<\/p>\n<p data-start=\"1477\" data-end=\"1866\">Vyroben\u00e9 z <strong data-start=\"1487\" data-end=\"1519\">100% prav\u00e1 hov\u00e4dzia ko\u017ea<\/strong>, t\u00e1to bunda pon\u00faka vynikaj\u00facu trvanlivos\u0165, odolnos\u0165 proti oderu a prirodzen\u00fd strih, ktor\u00fd sa zlep\u0161uje s ka\u017edou jazdou. Str\u00e1nka <strong data-start=\"1635\" data-end=\"1670\">odn\u00edmate\u013en\u00e9 chr\u00e1ni\u010de CE Level 2<\/strong> na ramen\u00e1ch a lak\u0165och sp\u013a\u0148aj\u00fa eur\u00f3pske bezpe\u010dnostn\u00e9 normy, \u010do zaru\u010duje spo\u013eahliv\u00fa ochranu pred n\u00e1razom. Zosilnen\u00e9 \u0161vy a vysokokvalitn\u00e9 zipsy \u010falej zvy\u0161uj\u00fa jej odolnos\u0165 a v\u00fdkonnos\u0165 na cest\u00e1ch.<\/p>\n<p data-start=\"1868\" data-end=\"2159\">Str\u00e1nka <strong data-start=\"1872\" data-end=\"1905\">\u00faplne odn\u00edmate\u013en\u00e1 tepeln\u00e1 vlo\u017eka<\/strong> je vhodn\u00e1 do ka\u017ed\u00e9ho po\u010dasia - v zime hrejiv\u00e1 a ochrann\u00e1, v lete \u013eahk\u00e1 a priedu\u0161n\u00e1. Po odstr\u00e1nen\u00ed pod\u0161\u00edvky a chr\u00e1ni\u010dov sa \u013eahko zmen\u00ed na <strong data-start=\"2080\" data-end=\"2109\">m\u00f3dna le\u017e\u00e9rna bunda<\/strong>, ide\u00e1lne na cestovanie, vo\u013en\u00fd \u010das alebo ka\u017edodenn\u00e9 nosenie.<\/p>\n<p data-start=\"2161\" data-end=\"2552\">Str\u00e1nka <strong data-start=\"2165\" data-end=\"2212\">retro \u017elt\u00fd odtie\u0148 s \u010diernymi pretek\u00e1rskymi pruhmi<\/strong> vytv\u00e1ra dynamick\u00fd, \u0161portov\u00fd vzh\u013ead, ktor\u00fd vzd\u00e1va hold zlat\u00e9mu veku motocyklov. Vy\u0161\u00edvan\u00e9 n\u00e1\u0161ivky vo vintage \u0161t\u00fdle a vyrazen\u00e9 <strong data-start=\"2350\" data-end=\"2364\">Logo RYINZ<\/strong> na hrudi dod\u00e1va autentickos\u0165 a charakter, zatia\u013e \u010do funk\u010dn\u00e9 detaily, ako napr. <strong data-start=\"2444\" data-end=\"2508\">golier s karab\u00ednkou, bezpe\u010dn\u00e9 vreck\u00e1 na zips a nastavite\u013en\u00e9 p\u00e1sy<\/strong> zaist\u00ed dokonal\u00e9 prisp\u00f4sobenie a celodenn\u00e9 pohodlie.<\/p>\n<p data-start=\"2554\" data-end=\"2883\">Ka\u017ed\u00e1 bunda RYINZ v sebe nesie viac ne\u017e len dizajn - nesie v sebe poslanie. Vyr\u00e1ba sa prostredn\u00edctvom <strong data-start=\"2639\" data-end=\"2698\">etick\u00e1 v\u00fdroba a iniciat\u00edvy na posilnenie postavenia \u017eien<\/strong>, RYINZ podporuje bezpe\u010dn\u00e9 a spravodliv\u00e9 pracovn\u00e9 podmienky pre \u017eeny vo v\u00fdrobn\u00fdch komunit\u00e1ch. Vybra\u0165 si zna\u010dku RYINZ znamen\u00e1 jazdi\u0165 \u00fa\u010delne - sp\u00e1ja prvotriednu kvalitu so spolo\u010denskou zodpovednos\u0165ou.<\/p>\n<p data-start=\"2885\" data-end=\"2967\"><strong data-start=\"2885\" data-end=\"2927\">RYINZ - in\u0161pirovan\u00e1 hodnotami od roku 1975.<\/strong><br data-start=\"2927\" data-end=\"2930\" \/>Jazdite s v\u00e1\u0161\u0148ou. \u017dite cie\u013eavedome.<\/p>\n<hr data-start=\"2969\" data-end=\"2972\" \/>\n<h2 data-start=\"2974\" data-end=\"3009\">\u2699\ufe0f <strong data-start=\"2980\" data-end=\"3009\">Technick\u00e9 \u0161pecifik\u00e1cie:<\/strong><\/h2>\n<ul data-start=\"3010\" data-end=\"3535\">\n<li data-start=\"3010\" data-end=\"3070\">\n<p data-start=\"3012\" data-end=\"3070\"><strong data-start=\"3012\" data-end=\"3031\">Vonkaj\u0161\u00ed materi\u00e1l:<\/strong> 100% Pr\u00e9miov\u00e1 pr\u00edrodn\u00e1 hov\u00e4dzia ko\u017ea<\/p>\n<\/li>\n<li data-start=\"3071\" data-end=\"3151\">\n<p data-start=\"3073\" data-end=\"3151\"><strong data-start=\"3073\" data-end=\"3088\">Chr\u00e1ni\u010de:<\/strong> Odn\u00edmate\u013en\u00e9 chr\u00e1ni\u010de ramien a lak\u0165ov s certifik\u00e1ciou CE Level 2<\/p>\n<\/li>\n<li data-start=\"3152\" data-end=\"3214\">\n<p data-start=\"3154\" data-end=\"3214\"><strong data-start=\"3154\" data-end=\"3165\">Oblo\u017eenie:<\/strong> \u00daplne odn\u00edmate\u013en\u00e1 tepeln\u00e1 vlo\u017eka do chladn\u00e9ho po\u010dasia<\/p>\n<\/li>\n<li data-start=\"3215\" data-end=\"3288\">\n<p data-start=\"3217\" data-end=\"3288\"><strong data-start=\"3217\" data-end=\"3228\">Dizajn:<\/strong> Funkcia 3 v 1 - motocyklov\u00e1, be\u017en\u00e1 a sez\u00f3nna bunda<\/p>\n<\/li>\n<li data-start=\"3289\" data-end=\"3375\">\n<p data-start=\"3291\" data-end=\"3375\"><strong data-start=\"3291\" data-end=\"3301\">Farba:<\/strong> Retro \u017elt\u00e1 s \u010diernymi pretek\u00e1rskymi pruhmi (k dispoz\u00edcii aj v in\u00fdch farb\u00e1ch)<\/p>\n<\/li>\n<li data-start=\"3376\" data-end=\"3453\">\n<p data-start=\"3378\" data-end=\"3453\"><strong data-start=\"3378\" data-end=\"3386\">Vhodn\u00fd:<\/strong> Nastavite\u013en\u00fd p\u00e1s, golier na patentky a vreck\u00e1 na zips pre bezpe\u010dn\u00e9 nosenie<\/p>\n<\/li>\n<li data-start=\"3454\" data-end=\"3535\">\n<p data-start=\"3456\" data-end=\"3535\"><strong data-start=\"3456\" data-end=\"3466\">Zna\u010dka:<\/strong> RYINZ - Eur\u00f3pska kvalita, etick\u00e1 v\u00fdroba, posilnenie postavenia \u017eien<\/p>\n<\/li>\n<\/ul>","protected":false},"excerpt":{"rendered":"<p>Vyniknite pri ka\u017edej jazde s <strong data-start=\"458\" data-end=\"498\">RYINZ Retro \u017elt\u00e1 bunda na motorku<\/strong>, vytvoren\u00e9 z <strong data-start=\"513\" data-end=\"545\">100% pr\u00e9miov\u00e1 hov\u00e4dzia ko\u017ea<\/strong> pre bezkonkuren\u010dn\u00fa pevnos\u0165, pohodlie a flexibilitu. Obsahuje <strong data-start=\"606\" data-end=\"660\">odn\u00edmate\u013en\u00e9 chr\u00e1ni\u010de ramien a lak\u0165ov \u00farovne CE 2<\/strong> a <strong data-start=\"667\" data-end=\"695\">odn\u00edmate\u013en\u00e1 tepeln\u00e1 vlo\u017eka<\/strong>, toto <strong data-start=\"702\" data-end=\"719\">Bunda 3 v 1<\/strong> sa dokonale prisp\u00f4sob\u00ed ka\u017ed\u00e9mu ro\u010dn\u00e9mu obdobiu a pr\u00edle\u017eitosti. V\u00fdrazn\u00e1 \u017elt\u00e1 ko\u017ea s kontrastn\u00fdmi \u010diernymi pruhmi sp\u00e1ja vintage pretek\u00e1rsku estetiku s modernou funk\u010dnos\u0165ou - ide\u00e1lna pre jazdcov, ktor\u00ed chc\u00fa vyjadri\u0165 svoju individualitu a z\u00e1rove\u0148 zosta\u0165 plne chr\u00e1nen\u00ed a \u0161t\u00fdlov\u00ed na bicykli aj mimo neho.<\/p>","protected":false},"featured_media":10179,"comment_status":"closed","ping_status":"closed","template":"","meta":[],"product_brand":[35],"product_cat":[852,1274],"product_tag":[880,882,855,876,886,885,884,853,879,883,881,887,869,866,878],"class_list":{"0":"post-10178","1":"product","2":"type-product","3":"status-publish","4":"has-post-thumbnail","6":"product_brand-ryinz","7":"product_cat-leather-jacket","8":"product_cat-ready-to-ship","9":"product_tag-3-in-1-motorbike-jacket","10":"product_tag-all-season-motorcycle-wear","11":"product_tag-ce-level-2-protection","12":"product_tag-durable-touring-jacket","13":"product_tag-ethical-leather-apparel","14":"product_tag-european-biker-fashion","15":"product_tag-mens-motorcycle-jacket","16":"product_tag-motorcycle-leather-jacket","17":"product_tag-premium-cowhide-leather","18":"product_tag-retro-racing-jacket","19":"product_tag-ryinz-riding-gear","20":"product_tag-stylish-motorbike-clothing","21":"product_tag-vintage-motorcycle-jacket","22":"product_tag-women-empowerment-brand","23":"product_tag-yellow-biker-jacket","25":"first","26":"instock","27":"taxable","28":"shipping-taxable","29":"purchasable","30":"product-type-variable"},"_links":{"self":[{"href":"https:\/\/ryinz.cz\/velkoobchod\/sk\/wp-json\/wp\/v2\/product\/10178","targetHints":{"allow":["GET"]}}],"collection":[{"href":"https:\/\/ryinz.cz\/velkoobchod\/sk\/wp-json\/wp\/v2\/product"}],"about":[{"href":"https:\/\/ryinz.cz\/velkoobchod\/sk\/wp-json\/wp\/v2\/types\/product"}],"replies":[{"embeddable":true,"href":"https:\/\/ryinz.cz\/velkoobchod\/sk\/wp-json\/wp\/v2\/comments?post=10178"}],"wp:featuredmedia":[{"embeddable":true,"href":"https:\/\/ryinz.cz\/velkoobchod\/sk\/wp-json\/wp\/v2\/media\/10179"}],"wp:attachment":[{"href":"https:\/\/ryinz.cz\/velkoobchod\/sk\/wp-json\/wp\/v2\/media?parent=10178"}],"wp:term":[{"taxonomy":"product_brand","embeddable":true,"href":"https:\/\/ryinz.cz\/velkoobchod\/sk\/wp-json\/wp\/v2\/product_brand?post=10178"},{"taxonomy":"product_cat","embeddable":true,"href":"https:\/\/ryinz.cz\/velkoobchod\/sk\/wp-json\/wp\/v2\/product_cat?post=10178"},{"taxonomy":"product_tag","embeddable":true,"href":"https:\/\/ryinz.cz\/velkoobchod\/sk\/wp-json\/wp\/v2\/product_tag?post=10178"}],"curies":[{"name":"wp","href":"https:\/\/api.w.org\/{rel}","templated":true}]}}