{"id":9336,"date":"2025-06-22T15:41:32","date_gmt":"2025-06-22T15:41:32","guid":{"rendered":"https:\/\/ryinz.cz\/velkoobchod\/?post_type=product&#038;p=9336"},"modified":"2026-01-18T20:19:06","modified_gmt":"2026-01-18T20:19:06","slug":"termiczne-kominiarki-taktyczne-maski-pelnotwarzowe-do-sportow-zimowych-wojskowe-rowerowe-paintball-aktywnosci-na-swiezym-powietrzu-b2b","status":"publish","type":"product","link":"https:\/\/ryinz.cz\/velkoobchod\/pl\/product\/thermal-tactical-balaclavas-full-face-masks-for-winter-sports-military-biking-paintball-outdoor-activities-b2b\/","title":{"rendered":"Kominiarki termiczne i taktyczne - maski na ca\u0142\u0105 twarz do sport\u00f3w zimowych, wojska, kolarstwa, paintballa i aktywno\u015bci na \u015bwie\u017cym powietrzu (B2B)"},"content":{"rendered":"<p data-start=\"1149\" data-end=\"1432\">Nasza gama kominiarek zosta\u0142a zaprojektowana z my\u015bl\u0105 o ochronie termicznej, zastosowaniach taktycznych i ca\u0142odziennym komforcie w ekstremalnych warunkach. Niezale\u017cnie od tego, czy wybierasz si\u0119 na stok, pracujesz na zewn\u0105trz, czy trenujesz w terenie, nasze os\u0142ony g\u0142owy zapewniaj\u0105 kluczow\u0105 ochron\u0119 przed wiatrem, \u015bniegiem i kurzem.<\/p>\n<p data-start=\"1434\" data-end=\"1450\">Dost\u0119pne typy:<\/p>\n<ul data-start=\"1451\" data-end=\"1770\">\n<li data-start=\"1451\" data-end=\"1501\">\n<p data-start=\"1453\" data-end=\"1501\">Lekka kominiarka z lycry zapewnia oddychalno\u015b\u0107<\/p>\n<\/li>\n<li data-start=\"1502\" data-end=\"1554\">\n<p data-start=\"1504\" data-end=\"1554\">Zimowe kominiarki z podszewk\u0105 z polaru do zimnych klimat\u00f3w<\/p>\n<\/li>\n<li data-start=\"1555\" data-end=\"1602\">\n<p data-start=\"1557\" data-end=\"1602\">Kominiarka taktyczna z otworami na oczy lub usta<\/p>\n<\/li>\n<li data-start=\"1603\" data-end=\"1664\">\n<p data-start=\"1605\" data-end=\"1664\">Siatki z nadrukiem czaszki lub kamufla\u017cu zapewniaj\u0105 efektowno\u015b\u0107 i to\u017csamo\u015b\u0107<\/p>\n<\/li>\n<li data-start=\"1665\" data-end=\"1718\">\n<p data-start=\"1667\" data-end=\"1718\">Dziane kaptury pe\u0142notwarzowe z otwartymi lub zamkni\u0119tymi bokami<\/p>\n<\/li>\n<li data-start=\"1719\" data-end=\"1770\">\n<p data-start=\"1721\" data-end=\"1770\">Dopasowane kaptury ninja dla sportowc\u00f3w i rowerzyst\u00f3w<\/p>\n<\/li>\n<\/ul>\n<p data-start=\"1772\" data-end=\"1786\">G\u0142\u00f3wne cechy:<\/p>\n<ul data-start=\"1787\" data-end=\"2126\">\n<li data-start=\"1787\" data-end=\"1834\">\n<p data-start=\"1789\" data-end=\"1834\">Pe\u0142ne pokrycie g\u0142owy, szyi, twarzy i podbr\u00f3dka<\/p>\n<\/li>\n<li data-start=\"1835\" data-end=\"1877\">\n<p data-start=\"1837\" data-end=\"1877\">2- lub 4-kierunkowy elastyczny kr\u00f3j dla wygody<\/p>\n<\/li>\n<li data-start=\"1878\" data-end=\"1930\">\n<p data-start=\"1880\" data-end=\"1930\">Izolacja termiczna lub oddychaj\u0105ce tkaniny ch\u0142odz\u0105ce<\/p>\n<\/li>\n<li data-start=\"1931\" data-end=\"1981\">\n<p data-start=\"1933\" data-end=\"1981\">Wiatroszczelne materia\u0142y z wewn\u0119trzn\u0105 szczotkowan\u0105 podszewk\u0105<\/p>\n<\/li>\n<li data-start=\"1982\" data-end=\"2028\">\n<p data-start=\"1984\" data-end=\"2028\">Kompatybilny z kaskami, czapkami i goglami<\/p>\n<\/li>\n<li data-start=\"2029\" data-end=\"2084\">\n<p data-start=\"2031\" data-end=\"2084\">P\u0142askie szwy lub opcje bezszwowe w celu zmniejszenia podra\u017cnie\u0144<\/p>\n<\/li>\n<li data-start=\"2085\" data-end=\"2126\">\n<p data-start=\"2087\" data-end=\"2126\">Rozmiary unisex dla m\u0142odzie\u017cy i doros\u0142ych<\/p>\n<\/li>\n<\/ul>\n<p data-start=\"2128\" data-end=\"2138\">Idealny dla:<\/p>\n<ul data-start=\"2139\" data-end=\"2409\">\n<li data-start=\"2139\" data-end=\"2171\">\n<p data-start=\"2141\" data-end=\"2171\">Sprz\u0119t narciarski i snowboardowy<\/p>\n<\/li>\n<li data-start=\"2172\" data-end=\"2206\">\n<p data-start=\"2174\" data-end=\"2206\">Odzie\u017c rowerowa i motocyklowa<\/p>\n<\/li>\n<li data-start=\"2207\" data-end=\"2254\">\n<p data-start=\"2209\" data-end=\"2254\">Airsoft, paintball i symulacje taktyczne<\/p>\n<\/li>\n<li data-start=\"2255\" data-end=\"2294\">\n<p data-start=\"2257\" data-end=\"2294\">Wojskowy lub policyjny trening na \u015bwie\u017cym powietrzu<\/p>\n<\/li>\n<li data-start=\"2295\" data-end=\"2332\">\n<p data-start=\"2297\" data-end=\"2332\">Ratownictwo g\u00f3rskie i odzie\u017c survivalowa<\/p>\n<\/li>\n<li data-start=\"2333\" data-end=\"2373\">\n<p data-start=\"2335\" data-end=\"2373\">Dostawa w niskich temperaturach i praca w terenie<\/p>\n<\/li>\n<li data-start=\"2374\" data-end=\"2409\">\n<p data-start=\"2376\" data-end=\"2409\">Akcesoria modowe i cosplay<\/p>\n<\/li>\n<\/ul>\n<p data-start=\"2411\" data-end=\"2435\">Niestandardowe opcje brandingu:<\/p>\n<ul data-start=\"2436\" data-end=\"2605\">\n<li data-start=\"2436\" data-end=\"2485\">\n<p data-start=\"2438\" data-end=\"2485\">Pe\u0142ny nadruk sublimacyjny (np. czaszka, wzory)<\/p>\n<\/li>\n<li data-start=\"2486\" data-end=\"2518\">\n<p data-start=\"2488\" data-end=\"2518\">Haftowane logo lub naszywki<\/p>\n<\/li>\n<li data-start=\"2519\" data-end=\"2556\">\n<p data-start=\"2521\" data-end=\"2556\">Drukowane etykiety wewn\u0119trzne lub przywieszki<\/p>\n<\/li>\n<li data-start=\"2557\" data-end=\"2605\">\n<p data-start=\"2559\" data-end=\"2605\">Niestandardowe opakowania dla zestaw\u00f3w detalicznych lub taktycznych<\/p>\n<\/li>\n<\/ul>\n<p data-start=\"2607\" data-end=\"2625\">Materia\u0142y obejmuj\u0105:<\/p>\n<ul data-start=\"2626\" data-end=\"2770\">\n<li data-start=\"2626\" data-end=\"2661\">\n<p data-start=\"2628\" data-end=\"2661\">Poliester, lycra, mieszanki bawe\u0142ny<\/p>\n<\/li>\n<li data-start=\"2662\" data-end=\"2693\">\n<p data-start=\"2664\" data-end=\"2693\">Tkanina termiczna z podszewk\u0105 z polaru<\/p>\n<\/li>\n<li data-start=\"2694\" data-end=\"2725\">\n<p data-start=\"2696\" data-end=\"2725\">Lekka perforowana siateczka<\/p>\n<\/li>\n<li data-start=\"2726\" data-end=\"2770\">\n<p data-start=\"2728\" data-end=\"2770\">Dzianina akrylowa (dla ci\u0119\u017ckich wersji zimowych)<\/p>\n<\/li>\n<\/ul>\n<p data-start=\"2772\" data-end=\"2967\">Dost\u0119pne w r\u00f3\u017cnych kolorach: czarnym, oliwkowym, wojskowym kamufla\u017cu, szarym, fioletowym, pomara\u0144czowym i innych. Nowatorskie nadruki, takie jak twarze czaszek lub grafiki 3D, przyci\u0105gaj\u0105 marki sportowe i fan\u00f3w sport\u00f3w ekstremalnych.<\/p>\n<p data-start=\"2969\" data-end=\"3233\">Wyprodukowany przez <strong data-start=\"2981\" data-end=\"3003\">Ryinz spol. s.r.o.<\/strong>, Kominiarki te s\u0105 dost\u0119pne z fakturowaniem VAT UE, materia\u0142ami zgodnymi z CE i szybk\u0105 dostaw\u0105 w ca\u0142ej Europie. Wspieramy testowanie ma\u0142ych partii, szybkie pobieranie pr\u00f3bek i skalowaln\u0105 produkcj\u0119 dla marek, agencji ochrony i sprzedawc\u00f3w detalicznych.<\/p>","protected":false},"excerpt":{"rendered":"<p data-start=\"302\" data-end=\"699\">Nasze kominiarki s\u0105 przeznaczone do ochrony przed ekstremalnymi warunkami pogodowymi, zastosowa\u0144 taktycznych i wyczynowych sport\u00f3w na \u015bwie\u017cym powietrzu. Zaprojektowane, aby w pe\u0142ni zakrywa\u0107 g\u0142ow\u0119, szyj\u0119 i twarz, s\u0105 niezb\u0119dne do jazdy na nartach, snowboardzie, motocyklu, airsofcie, paintballu i treningu wojskowego. Dost\u0119pne w r\u00f3\u017cnych tkaninach - polar, lycra, bawe\u0142na i siatka - zapewniaj\u0105 izolacj\u0119 termiczn\u0105, odprowadzanie wilgoci i oddychalno\u015b\u0107.<\/p>\n<p data-start=\"701\" data-end=\"937\">Wybieraj spo\u015br\u00f3d modeli z jednym, dwoma lub trzema otworami, w tym taktycznych, sportowych i nowatorskich, takich jak czaszka lub kamufla\u017c. Kilka modeli oferuje elastyczne dopasowanie, przed\u0142u\u017cone klapy na szyj\u0119 lub polarowe podszewki dla doskona\u0142ej ochrony przed zim\u0105.<\/p>\n<p data-start=\"939\" data-end=\"1095\">Produkowane przez Ryinz z niskim MOQ i pe\u0142nym wsparciem dla marek w\u0142asnych, nasze kominiarki s\u0105 gotowe do brandingu i dystrybucji B2B w ca\u0142ej UE i na rynkach globalnych.<\/p>","protected":false},"featured_media":10150,"comment_status":"closed","ping_status":"closed","template":"","meta":[],"product_brand":[35],"product_cat":[68,715],"product_tag":[703,704,705,706,707,708,709,710,711,712,713,714,716,717,718],"class_list":{"0":"post-9336","1":"product","2":"type-product","3":"status-publish","4":"has-post-thumbnail","6":"product_brand-ryinz","7":"product_cat-ryinz","8":"product_cat-thermal-tactical-balaclavas","9":"product_tag-b2b-face-masks-for-tactical-teams","10":"product_tag-breathable-outdoor-full-head-covers-eu","11":"product_tag-custom-skull-print-face-covers-supplier","12":"product_tag-cycling-and-ski-balaclava-manufacturer","13":"product_tag-fleece-lined-balaclavas-for-cold-weather","14":"product_tag-full-face-lycra-balaclavas-wholesale-eu","15":"product_tag-helmet-compatible-face-mask-supplier","16":"product_tag-military-balaclava-ce-certified-supplier","17":"product_tag-motorbike-balaclava-with-windproof-lining","18":"product_tag-paintball-and-airsoft-balaclavas-europe","19":"product_tag-stretch-balaclavas-for-sports-brands","20":"product_tag-tactical-face-masks-for-military-use","21":"product_tag-thermal-balaclavas-for-winter-sports","22":"product_tag-three-hole-tactical-face-masks-for-bulk","23":"product_tag-winter-thermal-balaclavas-czech-supplier","25":"first","26":"instock","27":"taxable","28":"shipping-taxable","29":"purchasable","30":"product-type-simple"},"_links":{"self":[{"href":"https:\/\/ryinz.cz\/velkoobchod\/pl\/wp-json\/wp\/v2\/product\/9336","targetHints":{"allow":["GET"]}}],"collection":[{"href":"https:\/\/ryinz.cz\/velkoobchod\/pl\/wp-json\/wp\/v2\/product"}],"about":[{"href":"https:\/\/ryinz.cz\/velkoobchod\/pl\/wp-json\/wp\/v2\/types\/product"}],"replies":[{"embeddable":true,"href":"https:\/\/ryinz.cz\/velkoobchod\/pl\/wp-json\/wp\/v2\/comments?post=9336"}],"wp:featuredmedia":[{"embeddable":true,"href":"https:\/\/ryinz.cz\/velkoobchod\/pl\/wp-json\/wp\/v2\/media\/10150"}],"wp:attachment":[{"href":"https:\/\/ryinz.cz\/velkoobchod\/pl\/wp-json\/wp\/v2\/media?parent=9336"}],"wp:term":[{"taxonomy":"product_brand","embeddable":true,"href":"https:\/\/ryinz.cz\/velkoobchod\/pl\/wp-json\/wp\/v2\/product_brand?post=9336"},{"taxonomy":"product_cat","embeddable":true,"href":"https:\/\/ryinz.cz\/velkoobchod\/pl\/wp-json\/wp\/v2\/product_cat?post=9336"},{"taxonomy":"product_tag","embeddable":true,"href":"https:\/\/ryinz.cz\/velkoobchod\/pl\/wp-json\/wp\/v2\/product_tag?post=9336"}],"curies":[{"name":"wp","href":"https:\/\/api.w.org\/{rel}","templated":true}]}}