{"id":9335,"date":"2025-06-22T15:41:32","date_gmt":"2025-06-22T15:41:32","guid":{"rendered":"https:\/\/ryinz.cz\/velkoobchod\/?post_type=product&#038;p=9335"},"modified":"2026-01-18T20:19:02","modified_gmt":"2026-01-18T20:19:02","slug":"ocieplacze-na-szyje-z-nadrukiem-rozciagliwe-getry-termiczne-z-mikrofibry-do-uprawiania-sportow-outdoorowych-turystyka-rowerowa-branding-promocyjny","status":"publish","type":"product","link":"https:\/\/ryinz.cz\/velkoobchod\/pl\/product\/printed-neck-warmers-stretchable-microfiber-thermal-gaiters-for-outdoor-sports-biking-hiking-promotional-branding\/","title":{"rendered":"Ocieplacze na szyj\u0119 z nadrukiem - rozci\u0105gliwa mikrofibra i getry termiczne do uprawiania sport\u00f3w na \u015bwie\u017cym powietrzu, jazdy na rowerze, turystyki pieszej i promocji marki"},"content":{"rendered":"<p data-start=\"1208\" data-end=\"1569\">Nasze ocieplacze na szyj\u0119 to idealne po\u0142\u0105czenie wydajno\u015bci, osobowo\u015bci i ochrony. Zaprojektowane z my\u015bl\u0105 o intensywnym u\u017cytkowaniu na \u015bwie\u017cym powietrzu, s\u0105 noszone przez rowerzyst\u00f3w, biegaczy, narciarzy, w\u0119drowc\u00f3w i ka\u017cdego, kto jest nara\u017cony na wiatr, kurz lub s\u0142o\u0144ce. Wykonane z elastycznej mikrofibry lub lekkich mieszanek poliestrowych, zapewniaj\u0105 oddychaj\u0105c\u0105, ca\u0142oroczn\u0105 alternatyw\u0119 dla tradycyjnych szalik\u00f3w.<\/p>\n<p data-start=\"1571\" data-end=\"1686\">Ka\u017cda jednostka jest zbudowana jako bezszwowa rurka dla maksymalnego komfortu i wszechstronno\u015bci stylu. U\u017cytkownicy mog\u0105 je nosi\u0107 na ponad 10 sposob\u00f3w:<\/p>\n<ul data-start=\"1687\" data-end=\"1798\">\n<li data-start=\"1687\" data-end=\"1702\">\n<p data-start=\"1689\" data-end=\"1702\">Ochraniacz na szyj\u0119<\/p>\n<\/li>\n<li data-start=\"1703\" data-end=\"1717\">\n<p data-start=\"1705\" data-end=\"1717\">Os\u0142ona twarzy<\/p>\n<\/li>\n<li data-start=\"1718\" data-end=\"1731\">\n<p data-start=\"1720\" data-end=\"1731\">Kominiarka<\/p>\n<\/li>\n<li data-start=\"1732\" data-end=\"1742\">\n<p data-start=\"1734\" data-end=\"1742\">Czapka<\/p>\n<\/li>\n<li data-start=\"1743\" data-end=\"1755\">\n<p data-start=\"1745\" data-end=\"1755\">Opaska na g\u0142ow\u0119<\/p>\n<\/li>\n<li data-start=\"1756\" data-end=\"1769\">\n<p data-start=\"1758\" data-end=\"1769\">Opaska na r\u0119k\u0119<\/p>\n<\/li>\n<li data-start=\"1770\" data-end=\"1783\">\n<p data-start=\"1772\" data-end=\"1783\">Wk\u0142adka do czapki<\/p>\n<\/li>\n<li data-start=\"1784\" data-end=\"1798\">\n<p data-start=\"1786\" data-end=\"1798\">Os\u0142ona przeciwpy\u0142owa<\/p>\n<\/li>\n<\/ul>\n<p data-start=\"1800\" data-end=\"1817\">Cechy produktu:<\/p>\n<ul data-start=\"1818\" data-end=\"2136\">\n<li data-start=\"1818\" data-end=\"1876\">\n<p data-start=\"1820\" data-end=\"1876\">Bezszwowa konstrukcja rurowa zapewniaj\u0105ca noszenie bez podra\u017cnie\u0144<\/p>\n<\/li>\n<li data-start=\"1877\" data-end=\"1928\">\n<p data-start=\"1879\" data-end=\"1928\">4-kierunkowy elastyczny materia\u0142 z mikrofibry lub poli-spandexu<\/p>\n<\/li>\n<li data-start=\"1929\" data-end=\"1956\">\n<p data-start=\"1931\" data-end=\"1956\">Ochrona przed promieniowaniem UV (UPF 30+)<\/p>\n<\/li>\n<li data-start=\"1957\" data-end=\"1993\">\n<p data-start=\"1959\" data-end=\"1993\">Lekko\u015b\u0107 i odprowadzanie wilgoci<\/p>\n<\/li>\n<li data-start=\"1994\" data-end=\"2046\">\n<p data-start=\"1996\" data-end=\"2046\">Wydruk w wysokiej rozdzielczo\u015bci, odporny na blakni\u0119cie kolor<\/p>\n<\/li>\n<li data-start=\"2047\" data-end=\"2089\">\n<p data-start=\"2049\" data-end=\"2089\">Jeden rozmiar dla wi\u0119kszo\u015bci (m\u0119\u017cczy\u017ani, kobiety, m\u0142odzie\u017c)<\/p>\n<\/li>\n<li data-start=\"2090\" data-end=\"2136\">\n<p data-start=\"2092\" data-end=\"2136\">Szybkoschn\u0105cy i \u0142atwy do z\u0142o\u017cenia w ka\u017cdej kieszeni<\/p>\n<\/li>\n<\/ul>\n<p data-start=\"2138\" data-end=\"2165\">Dost\u0119pne wzory obejmuj\u0105:<\/p>\n<ul data-start=\"2166\" data-end=\"2306\">\n<li data-start=\"2166\" data-end=\"2183\">\n<p data-start=\"2168\" data-end=\"2183\">Kamufla\u017c wojskowy<\/p>\n<\/li>\n<li data-start=\"2184\" data-end=\"2205\">\n<p data-start=\"2186\" data-end=\"2205\">Artystyczne graffiti<\/p>\n<\/li>\n<li data-start=\"2206\" data-end=\"2232\">\n<p data-start=\"2208\" data-end=\"2232\">Nadruk plemienny lub zwierz\u0119cy<\/p>\n<\/li>\n<li data-start=\"2233\" data-end=\"2252\">\n<p data-start=\"2235\" data-end=\"2252\">Tropikalny kwiat<\/p>\n<\/li>\n<li data-start=\"2253\" data-end=\"2275\">\n<p data-start=\"2255\" data-end=\"2275\">Miejskie sportowe odcienie<\/p>\n<\/li>\n<li data-start=\"2276\" data-end=\"2306\">\n<p data-start=\"2278\" data-end=\"2306\">Motywy przyrodnicze i sezonowe<\/p>\n<\/li>\n<\/ul>\n<p data-start=\"2308\" data-end=\"2324\">Idealne przypadki u\u017cycia:<\/p>\n<ul data-start=\"2325\" data-end=\"2559\">\n<li data-start=\"2325\" data-end=\"2364\">\n<p data-start=\"2327\" data-end=\"2364\">Marki sport\u00f3w outdoorowych i przygodowych<\/p>\n<\/li>\n<li data-start=\"2365\" data-end=\"2405\">\n<p data-start=\"2367\" data-end=\"2405\">Zestawy sprz\u0119tu do sport\u00f3w zimowych i g\u00f3rskich<\/p>\n<\/li>\n<li data-start=\"2406\" data-end=\"2443\">\n<p data-start=\"2408\" data-end=\"2443\">Gad\u017cety reklamowe dla firm<\/p>\n<\/li>\n<li data-start=\"2444\" data-end=\"2488\">\n<p data-start=\"2446\" data-end=\"2488\">Niestandardowe upominki na wy\u015bcigach lub targach<\/p>\n<\/li>\n<li data-start=\"2489\" data-end=\"2526\">\n<p data-start=\"2491\" data-end=\"2526\">Zestawy bezpiecze\u0144stwa organizacji pozarz\u0105dowych i kluby rowerowe<\/p>\n<\/li>\n<li data-start=\"2527\" data-end=\"2559\">\n<p data-start=\"2529\" data-end=\"2559\">Gry taktyczne i paintball<\/p>\n<\/li>\n<\/ul>\n<p data-start=\"2561\" data-end=\"2584\">Us\u0142ugi dostosowywania:<\/p>\n<ul data-start=\"2585\" data-end=\"2776\">\n<li data-start=\"2585\" data-end=\"2618\">\n<p data-start=\"2587\" data-end=\"2618\">Nadruk sublimacyjny na ca\u0142ej powierzchni<\/p>\n<\/li>\n<li data-start=\"2619\" data-end=\"2648\">\n<p data-start=\"2621\" data-end=\"2648\">Markowe r\u0119kawy opakowaniowe<\/p>\n<\/li>\n<li data-start=\"2649\" data-end=\"2689\">\n<p data-start=\"2651\" data-end=\"2689\">Drukowane etykiety lub wszyte etykiety marki<\/p>\n<\/li>\n<li data-start=\"2690\" data-end=\"2725\">\n<p data-start=\"2692\" data-end=\"2725\">Gotowe do sprzeda\u017cy detalicznej zestawy wielopakowe<\/p>\n<\/li>\n<li data-start=\"2726\" data-end=\"2776\">\n<p data-start=\"2728\" data-end=\"2776\">Produkcja dopasowana do pantone dla unikalnej to\u017csamo\u015bci<\/p>\n<\/li>\n<\/ul>\n<p data-start=\"2778\" data-end=\"3020\">Wyprodukowany przez <strong data-start=\"2790\" data-end=\"2812\">Ryinz spol. s.r.o.<\/strong>, Te ocieplacze na szyj\u0119 s\u0105 dostarczane z fakturowaniem VAT UE i zgodno\u015bci\u0105 z przepisami, szybk\u0105 wysy\u0142k\u0105 z Czech i pe\u0142nym wsparciem OEM dla Twojej marki w\u0142asnej lub asortymentu sprz\u0119tu outdoorowego. MOQ zaczyna si\u0119 od 100 sztuk\/projekt.<\/p>\n<p data-start=\"3022\" data-end=\"3137\">Pozw\u00f3l swoim klientom je\u017adzi\u0107, biega\u0107 i odkrywa\u0107 w komfortowych warunkach - dzi\u0119ki odwa\u017cnym kolorom, kt\u00f3re wyr\u00f3\u017cniaj\u0105 si\u0119 wydajno\u015bci\u0105 i ochron\u0105.<\/p>","protected":false},"excerpt":{"rendered":"<p data-start=\"304\" data-end=\"684\">Nasze ocieplacze na szyj\u0119 s\u0105 kolorowe, wszechstronne i idealne zar\u00f3wno na zimne, jak i przej\u015bciowe warunki pogodowe. Te wielofunkcyjne getry s\u0142u\u017c\u0105 jako os\u0142ony szyi, maski na twarz i stylowe akcesoria outdoorowe. Wykonane z rozci\u0105gliwej mikrofibry lub oddychaj\u0105cego poliestru, zapewniaj\u0105 ochron\u0119 przed wiatrem, odprowadzanie wilgoci i ochron\u0119 przed promieniowaniem UV podczas aktywno\u015bci takich jak jazda na rowerze, w\u0119dr\u00f3wki, jazda na nartach lub bieganie.<\/p>\n<p data-start=\"686\" data-end=\"976\">Dost\u0119pne w szerokiej gamie \u017cywych nadruk\u00f3w - od kamufla\u017cu i kwiat\u00f3w po grafik\u0119 i abstrakcj\u0119 - te rurkowe os\u0142ony szyi s\u0105 ultralekkie, szybkoschn\u0105ce i mi\u0119kkie dla sk\u00f3ry. Ich bezszwowa konstrukcja pozwala na wiele styl\u00f3w noszenia: jako kominiarka, czapka, opaska na g\u0142ow\u0119 lub szalik.<\/p>\n<p data-start=\"978\" data-end=\"1154\">Idealny dla marek odzie\u017cy sportowej, imprez plenerowych, upomink\u00f3w promocyjnych i sprzedawc\u00f3w detalicznych z bran\u017cy sportowej, Ryinz oferuje niestandardowe drukowanie i niskie MOQ z pe\u0142n\u0105 obs\u0142ug\u0105 B2B z Czech.<\/p>","protected":false},"featured_media":10151,"comment_status":"closed","ping_status":"closed","template":"","meta":[],"product_brand":[35],"product_cat":[68],"product_tag":[688,689,690,691,692,693,694,695,696,697,698,699,700,701,702],"class_list":{"0":"post-9335","1":"product","2":"type-product","3":"status-publish","4":"has-post-thumbnail","6":"product_brand-ryinz","7":"product_cat-ryinz","8":"product_tag-all-over-print-gaiters-for-promotion","9":"product_tag-breathable-face-and-neck-protectors","10":"product_tag-custom-event-scarves-outdoor-use","11":"product_tag-custom-logo-neck-gaiters-europe","12":"product_tag-cycling-and-hiking-neck-warmers-czechia","13":"product_tag-multifunctional-neck-scarves-wholesale","14":"product_tag-neck-warmers-for-travel-and-ski-brands","15":"product_tag-outdoor-headwear-accessories-exporter","16":"product_tag-printed-neck-warmers-for-sports-brands","17":"product_tag-quick-dry-tube-scarves-for-runners","18":"product_tag-seamless-outdoor-gaiters-for-winter","19":"product_tag-sportswear-neck-wraps-b2b-supplier","20":"product_tag-stretchable-microfiber-neck-covers-eu","21":"product_tag-tactical-camo-neck-gaiters-supplier","22":"product_tag-uv-protective-printed-neck-tubes-eu","24":"first","25":"instock","26":"taxable","27":"shipping-taxable","28":"purchasable","29":"product-type-simple"},"_links":{"self":[{"href":"https:\/\/ryinz.cz\/velkoobchod\/pl\/wp-json\/wp\/v2\/product\/9335","targetHints":{"allow":["GET"]}}],"collection":[{"href":"https:\/\/ryinz.cz\/velkoobchod\/pl\/wp-json\/wp\/v2\/product"}],"about":[{"href":"https:\/\/ryinz.cz\/velkoobchod\/pl\/wp-json\/wp\/v2\/types\/product"}],"replies":[{"embeddable":true,"href":"https:\/\/ryinz.cz\/velkoobchod\/pl\/wp-json\/wp\/v2\/comments?post=9335"}],"wp:featuredmedia":[{"embeddable":true,"href":"https:\/\/ryinz.cz\/velkoobchod\/pl\/wp-json\/wp\/v2\/media\/10151"}],"wp:attachment":[{"href":"https:\/\/ryinz.cz\/velkoobchod\/pl\/wp-json\/wp\/v2\/media?parent=9335"}],"wp:term":[{"taxonomy":"product_brand","embeddable":true,"href":"https:\/\/ryinz.cz\/velkoobchod\/pl\/wp-json\/wp\/v2\/product_brand?post=9335"},{"taxonomy":"product_cat","embeddable":true,"href":"https:\/\/ryinz.cz\/velkoobchod\/pl\/wp-json\/wp\/v2\/product_cat?post=9335"},{"taxonomy":"product_tag","embeddable":true,"href":"https:\/\/ryinz.cz\/velkoobchod\/pl\/wp-json\/wp\/v2\/product_tag?post=9335"}],"curies":[{"name":"wp","href":"https:\/\/api.w.org\/{rel}","templated":true}]}}