{"id":9333,"date":"2025-06-22T15:41:31","date_gmt":"2025-06-22T15:41:31","guid":{"rendered":"https:\/\/ryinz.cz\/velkoobchod\/?post_type=product&#038;p=9333"},"modified":"2026-01-18T20:18:58","modified_gmt":"2026-01-18T20:18:58","slug":"odblaskowe-kamizelki-odblaskowe-zgodne-z-norma-en-iso-20471-odziez-robocza-dla-branzy-budowlanej-i-logistycznej","status":"publish","type":"product","link":"https:\/\/ryinz.cz\/velkoobchod\/pl\/product\/high-visibility-reflective-safety-vests-en-iso-20471-compliant-workwear-for-construction-traffic-events-logistics\/","title":{"rendered":"Kamizelki odblaskowe o wysokiej widoczno\u015bci - odzie\u017c robocza zgodna z norm\u0105 EN ISO 20471 dla budownictwa, ruchu drogowego, imprez i logistyki"},"content":{"rendered":"<p data-start=\"1321\" data-end=\"1692\">Nasze odblaskowe kamizelki odblaskowe zosta\u0142y zaprojektowane w celu ochrony pracownik\u00f3w i poprawy widoczno\u015bci we wszystkich \u015brodowiskach - od plac\u00f3w budowy i utrzymania dr\u00f3g po magazyny logistyczne, imprezy plenerowe i jazd\u0119 na rowerze w mie\u015bcie. Wykonane z wytrzyma\u0142ej siatki poliestrowej lub tkaniny, kamizelki te s\u0105 certyfikowane, aby spe\u0142nia\u0107 nast\u0119puj\u0105ce wymagania <strong data-start=\"1617\" data-end=\"1633\">EN ISO 20471<\/strong> i oferuj\u0105 doskona\u0142\u0105 odblaskowo\u015b\u0107 dla bezpiecze\u0144stwa w dzie\u0144 i w nocy.<\/p>\n<p data-start=\"1694\" data-end=\"1763\">Ka\u017cda kamizelka zosta\u0142a zaprojektowana tak, aby poprawi\u0107 widoczno\u015b\u0107 ze wszystkich kierunk\u00f3w:<\/p>\n<ul data-start=\"1764\" data-end=\"1917\">\n<li data-start=\"1764\" data-end=\"1807\">\n<p data-start=\"1766\" data-end=\"1807\">Dwie lub trzy ta\u015bmy odblaskowe 360<\/p>\n<\/li>\n<li data-start=\"1808\" data-end=\"1864\">\n<p data-start=\"1810\" data-end=\"1864\">Fluorescencyjne \u017c\u00f3\u0142te, pomara\u0144czowe, r\u00f3\u017cowe lub czerwone kolory bazowe<\/p>\n<\/li>\n<li data-start=\"1865\" data-end=\"1917\">\n<p data-start=\"1867\" data-end=\"1917\">Opcjonalne odblaskowe lam\u00f3wki, ramiona i wyko\u0144czenia<\/p>\n<\/li>\n<\/ul>\n<p data-start=\"1919\" data-end=\"1979\">W zale\u017cno\u015bci od przypadku u\u017cycia, oferujemy wiele styl\u00f3w kamizelek:<\/p>\n<ul data-start=\"1980\" data-end=\"2309\">\n<li data-start=\"1980\" data-end=\"2023\">\n<p data-start=\"1982\" data-end=\"2023\">Podstawowe kamizelki ekonomiczne z zapi\u0119ciem na rzep<\/p>\n<\/li>\n<li data-start=\"2024\" data-end=\"2084\">\n<p data-start=\"2026\" data-end=\"2084\">Profesjonalne kamizelki z zamkiem b\u0142yskawicznym, kieszeniami na identyfikatory i d\u0142ugopisy<\/p>\n<\/li>\n<li data-start=\"2085\" data-end=\"2146\">\n<p data-start=\"2087\" data-end=\"2146\">Wielokieszeniowe kamizelki geodezyjne dla in\u017cynier\u00f3w lub pracownik\u00f3w budowlanych<\/p>\n<\/li>\n<li data-start=\"2147\" data-end=\"2208\">\n<p data-start=\"2149\" data-end=\"2208\">Kamizelki odblaskowe z p\u0119tlami na mikrofon i kieszeniami na klatce piersiowej<\/p>\n<\/li>\n<li data-start=\"2209\" data-end=\"2256\">\n<p data-start=\"2211\" data-end=\"2256\">Kamizelki ochronne dla kobiet o zw\u0119\u017canym kroju<\/p>\n<\/li>\n<li data-start=\"2257\" data-end=\"2309\">\n<p data-start=\"2259\" data-end=\"2309\">Kamizelki dla obs\u0142ugi wydarze\u0144 w kolorze r\u00f3\u017cowym, niebieskim lub w niestandardowych odcieniach<\/p>\n<\/li>\n<\/ul>\n<p data-start=\"2311\" data-end=\"2324\">Najwa\u017cniejsze cechy:<\/p>\n<ul data-start=\"2325\" data-end=\"2544\">\n<li data-start=\"2325\" data-end=\"2360\">\n<p data-start=\"2327\" data-end=\"2360\">Lekki, oddychaj\u0105cy materia\u0142<\/p>\n<\/li>\n<li data-start=\"2361\" data-end=\"2404\">\n<p data-start=\"2363\" data-end=\"2404\">Trwa\u0142e zapi\u0119cie na zamek b\u0142yskawiczny lub rzepy<\/p>\n<\/li>\n<li data-start=\"2405\" data-end=\"2473\">\n<p data-start=\"2407\" data-end=\"2473\">Niestandardowe umieszczenie logo (sitodruk, druk transferowy, haft)<\/p>\n<\/li>\n<li data-start=\"2474\" data-end=\"2512\">\n<p data-start=\"2476\" data-end=\"2512\">Opcjonalna siatkowa lub pe\u0142na konstrukcja plec\u00f3w<\/p>\n<\/li>\n<li data-start=\"2513\" data-end=\"2544\">\n<p data-start=\"2515\" data-end=\"2544\">Rozszerzony zakres rozmiar\u00f3w (S-5XL)<\/p>\n<\/li>\n<\/ul>\n<p data-start=\"2546\" data-end=\"2583\">Oferujemy pe\u0142ne us\u0142ugi dostosowywania:<\/p>\n<ul data-start=\"2584\" data-end=\"2812\">\n<li data-start=\"2584\" data-end=\"2631\">\n<p data-start=\"2586\" data-end=\"2631\">Branding marki w\u0142asnej (metki wewn\u0119trzne, etykiety)<\/p>\n<\/li>\n<li data-start=\"2632\" data-end=\"2668\">\n<p data-start=\"2634\" data-end=\"2668\">Drukowanie logo firmy lub projektu<\/p>\n<\/li>\n<li data-start=\"2669\" data-end=\"2714\">\n<p data-start=\"2671\" data-end=\"2714\">Niestandardowe kolorowe paski i panele kontrastowe<\/p>\n<\/li>\n<li data-start=\"2715\" data-end=\"2761\">\n<p data-start=\"2717\" data-end=\"2761\">Dodatkowe kieszenie na narz\u0119dzia, radia, notebooki<\/p>\n<\/li>\n<li data-start=\"2762\" data-end=\"2812\">\n<p data-start=\"2764\" data-end=\"2812\">Dokumentacja certyfikacji odblaskowej EN20471<\/p>\n<\/li>\n<\/ul>\n<p data-start=\"2814\" data-end=\"2835\">Aplikacje obejmuj\u0105:<\/p>\n<ul data-start=\"2836\" data-end=\"3102\">\n<li data-start=\"2836\" data-end=\"2880\">\n<p data-start=\"2838\" data-end=\"2880\">Projekty budowlane i infrastrukturalne<\/p>\n<\/li>\n<li data-start=\"2881\" data-end=\"2925\">\n<p data-start=\"2883\" data-end=\"2925\">Kontrola ruchu i operacje logistyczne<\/p>\n<\/li>\n<li data-start=\"2926\" data-end=\"2967\">\n<p data-start=\"2928\" data-end=\"2967\">Obs\u0142uga imprez plenerowych i wolontariusze<\/p>\n<\/li>\n<li data-start=\"2968\" data-end=\"3015\">\n<p data-start=\"2970\" data-end=\"3015\">Przej\u015bcia przez szko\u0142y i patrole bezpiecze\u0144stwa uczni\u00f3w<\/p>\n<\/li>\n<li data-start=\"3016\" data-end=\"3056\">\n<p data-start=\"3018\" data-end=\"3056\">Nocni dor\u0119czyciele i pracownicy poczty<\/p>\n<\/li>\n<li data-start=\"3057\" data-end=\"3102\">\n<p data-start=\"3059\" data-end=\"3102\">Jazda na rowerze, jogging i role zwi\u0105zane z bezpiecze\u0144stwem publicznym<\/p>\n<\/li>\n<\/ul>\n<p data-start=\"3104\" data-end=\"3126\">Nasze kamizelki s\u0105 u\u017cywane przez:<\/p>\n<ul data-start=\"3127\" data-end=\"3318\">\n<li data-start=\"3127\" data-end=\"3160\">\n<p data-start=\"3129\" data-end=\"3160\">Wykonawcy rob\u00f3t in\u017cynierii l\u0105dowej i wodnej<\/p>\n<\/li>\n<li data-start=\"3161\" data-end=\"3190\">\n<p data-start=\"3163\" data-end=\"3190\">Agencje drogowe i autostradowe<\/p>\n<\/li>\n<li data-start=\"3191\" data-end=\"3232\">\n<p data-start=\"3193\" data-end=\"3232\">Us\u0142ugi komunalne i zespo\u0142y elektryczne<\/p>\n<\/li>\n<li data-start=\"3233\" data-end=\"3271\">\n<p data-start=\"3235\" data-end=\"3271\">S\u0142u\u017cby komunalne i ratownicze<\/p>\n<\/li>\n<li data-start=\"3272\" data-end=\"3318\">\n<p data-start=\"3274\" data-end=\"3318\">Organizatorzy imprez sportowych i wolontariusze organizacji pozarz\u0105dowych<\/p>\n<\/li>\n<\/ul>\n<p data-start=\"3320\" data-end=\"3600\">Wyprodukowano w ramach <strong data-start=\"3335\" data-end=\"3357\">Ryinz spol. s.r.o.<\/strong> w Czechach, obs\u0142ugujemy masowe zam\u00f3wienia B2B z fakturowaniem VAT UE i szybkim transportem w ca\u0142ej Europie. MOQ zaczyna si\u0119 od 100 sztuk na model i oferujemy kolory standardowe lub mo\u017cemy opracowa\u0107 w pe\u0142ni niestandardowe ubrania dostosowane do potrzeb organizacyjnych.<\/p>","protected":false},"excerpt":{"rendered":"<p data-start=\"318\" data-end=\"643\">Nasze odblaskowe kamizelki odblaskowe s\u0105 niezb\u0119dne dla pracownik\u00f3w, rowerzyst\u00f3w, wolontariuszy i zespo\u0142\u00f3w bezpiecze\u0144stwa pracuj\u0105cych w warunkach s\u0142abego o\u015bwietlenia lub w \u015brodowiskach wysokiego ryzyka. Te kamizelki odblaskowe spe\u0142niaj\u0105 europejskie normy bezpiecze\u0144stwa EN ISO 20471 i s\u0105 dost\u0119pne w szerokiej gamie kolor\u00f3w fluorescencyjnych, w tym neonowym \u017c\u00f3\u0142tym, pomara\u0144czowym, czerwonym, r\u00f3\u017cowym i niebieskim.<\/p>\n<p data-start=\"645\" data-end=\"997\">Wykonane z lekkiej siatki poliestrowej lub litego materia\u0142u, kamizelki te posiadaj\u0105 szerokie odblaskowe paski na klatce piersiowej, plecach i ramionach, aby zmaksymalizowa\u0107 widoczno\u015b\u0107 w nocy lub przy z\u0142ej pogodzie. Niekt\u00f3re modele s\u0105 wyposa\u017cone w zamki b\u0142yskawiczne, wielofunkcyjne kieszenie, szlufki na radio lub okienka na identyfikatory do praktycznego u\u017cytku na placach budowy, w strefach ruchu lub podczas imprez.<\/p>\n<p data-start=\"999\" data-end=\"1267\">Oferujemy pe\u0142ne prywatne znakowanie, drukowanie logo i niestandardow\u0105 konfiguracj\u0119 kieszeni, aby spe\u0142ni\u0107 potrzeby zwi\u0105zane z brandingiem i operacjami. Rozmiary od S do 5XL s\u0105 dost\u0119pne dla m\u0119\u017cczyzn i kobiet. Ryinz obs\u0142uguje masowe zam\u00f3wienia B2B w UE z fakturowaniem VAT i szybk\u0105 dostaw\u0105 w 28 krajach.<\/p>","protected":false},"featured_media":10156,"comment_status":"closed","ping_status":"closed","template":"","meta":[],"product_brand":[35],"product_cat":[68],"product_tag":[658,659,660,661,662,663,664,665,666,667,668,669,670,671,672],"class_list":{"0":"post-9333","1":"product","2":"type-product","3":"status-publish","4":"has-post-thumbnail","6":"product_brand-ryinz","7":"product_cat-ryinz","8":"product_tag-custom-logo-reflective-vest-eu-ready","9":"product_tag-custom-printed-safety-vests-wholesale-eu","10":"product_tag-en20471-reflective-safety-vest-supplier","11":"product_tag-event-staff-fluorescent-safety-wear-eu","12":"product_tag-executive-safety-vests-b2b-czechia","13":"product_tag-fluorescent-yellow-vest-for-roadside-work","14":"product_tag-hi-vis-vest-for-cycling-and-runners","15":"product_tag-high-visibility-construction-vest-europe","16":"product_tag-mesh-reflective-vest-with-zipper-supplier","17":"product_tag-night-visibility-vest-for-delivery-workers","18":"product_tag-reflective-ppe-clothing-for-work-zones","19":"product_tag-safety-vests-for-construction-companies","20":"product_tag-surveyor-vest-with-pockets-and-id-holder","21":"product_tag-traffic-control-reflective-clothing-ce","22":"product_tag-workwear-with-reflective-tape-manufacturer","24":"first","25":"instock","26":"taxable","27":"shipping-taxable","28":"purchasable","29":"product-type-simple"},"_links":{"self":[{"href":"https:\/\/ryinz.cz\/velkoobchod\/pl\/wp-json\/wp\/v2\/product\/9333","targetHints":{"allow":["GET"]}}],"collection":[{"href":"https:\/\/ryinz.cz\/velkoobchod\/pl\/wp-json\/wp\/v2\/product"}],"about":[{"href":"https:\/\/ryinz.cz\/velkoobchod\/pl\/wp-json\/wp\/v2\/types\/product"}],"replies":[{"embeddable":true,"href":"https:\/\/ryinz.cz\/velkoobchod\/pl\/wp-json\/wp\/v2\/comments?post=9333"}],"wp:featuredmedia":[{"embeddable":true,"href":"https:\/\/ryinz.cz\/velkoobchod\/pl\/wp-json\/wp\/v2\/media\/10156"}],"wp:attachment":[{"href":"https:\/\/ryinz.cz\/velkoobchod\/pl\/wp-json\/wp\/v2\/media?parent=9333"}],"wp:term":[{"taxonomy":"product_brand","embeddable":true,"href":"https:\/\/ryinz.cz\/velkoobchod\/pl\/wp-json\/wp\/v2\/product_brand?post=9333"},{"taxonomy":"product_cat","embeddable":true,"href":"https:\/\/ryinz.cz\/velkoobchod\/pl\/wp-json\/wp\/v2\/product_cat?post=9333"},{"taxonomy":"product_tag","embeddable":true,"href":"https:\/\/ryinz.cz\/velkoobchod\/pl\/wp-json\/wp\/v2\/product_tag?post=9333"}],"curies":[{"name":"wp","href":"https:\/\/api.w.org\/{rel}","templated":true}]}}