{"id":9331,"date":"2025-06-22T15:41:31","date_gmt":"2025-06-22T15:41:31","guid":{"rendered":"https:\/\/ryinz.cz\/velkoobchod\/?post_type=product&#038;p=9331"},"modified":"2026-01-18T20:18:56","modified_gmt":"2026-01-18T20:18:56","slug":"niestandardowe-bawelniane-bluzy-polarowe-bluzy-rozpinane-dla-marek-odziez-robocza-i-streetwear-b2b-supply","status":"publish","type":"product","link":"https:\/\/ryinz.cz\/velkoobchod\/pl\/product\/custom-cotton-fleece-hoodies-pullover-zip-up-sweatshirts-for-brands-teams-workwear-and-streetwear-b2b-supply\/","title":{"rendered":"Niestandardowe bluzy bawe\u0142niane i polarowe - bluzy pulowerowe i rozpinane dla marek, zespo\u0142\u00f3w, odzie\u017cy roboczej i odzie\u017cy ulicznej B2B Supply"},"content":{"rendered":"<p data-start=\"1237\" data-end=\"1521\">Nasze niestandardowe bluzy z kapturem \u0142\u0105cz\u0105 w sobie ciep\u0142o, trwa\u0142o\u015b\u0107 i elastyczno\u015b\u0107 projektowania dla firm, klub\u00f3w sportowych, marek modowych i agencji promocyjnych. Niezale\u017cnie od tego, czy ubierasz sw\u00f3j zesp\u00f3\u0142, wprowadzasz lini\u0119 detaliczn\u0105, czy organizujesz wydarzenie, nasza kolekcja bluz z kapturem zosta\u0142a stworzona z my\u015bl\u0105 o komforcie i widoczno\u015bci.<\/p>\n<p data-start=\"1523\" data-end=\"1682\">Wykonane z najwy\u017cszej jako\u015bci materia\u0142\u00f3w, takich jak szczotkowana bawe\u0142na 100%, mieszanki bawe\u0142ny i polaru 65\/35 lub tkaniny tech-fleece, nasze bluzy z kapturem s\u0105 ciep\u0142e, ale oddychaj\u0105ce. Oferujemy:<\/p>\n<ul data-start=\"1683\" data-end=\"1871\">\n<li data-start=\"1683\" data-end=\"1725\">\n<p data-start=\"1685\" data-end=\"1725\">Bluzy z kapturem i kieszeniami kangurkami<\/p>\n<\/li>\n<li data-start=\"1726\" data-end=\"1779\">\n<p data-start=\"1728\" data-end=\"1779\">Zapinane bluzy z kapturem z dzielonym przodem i metalowymi zamkami b\u0142yskawicznymi<\/p>\n<\/li>\n<li data-start=\"1780\" data-end=\"1821\">\n<p data-start=\"1782\" data-end=\"1821\">Kolorowe lub w pe\u0142ni zadrukowane panele<\/p>\n<\/li>\n<li data-start=\"1822\" data-end=\"1871\">\n<p data-start=\"1824\" data-end=\"1871\">Bluzy z kapturem w jednolitym kolorze w odwa\u017cnych i neutralnych odcieniach<\/p>\n<\/li>\n<\/ul>\n<p data-start=\"1873\" data-end=\"1894\">Kluczowe funkcje obejmuj\u0105:<\/p>\n<ul data-start=\"1895\" data-end=\"2149\">\n<li data-start=\"1895\" data-end=\"1936\">\n<p data-start=\"1897\" data-end=\"1936\">Podszyte kaptury z regulowanymi sznurkami<\/p>\n<\/li>\n<li data-start=\"1937\" data-end=\"1987\">\n<p data-start=\"1939\" data-end=\"1987\">\u015aci\u0105gacze w mankietach i pasie zapewniaj\u0105 bezpieczne dopasowanie<\/p>\n<\/li>\n<li data-start=\"1988\" data-end=\"2041\">\n<p data-start=\"1990\" data-end=\"2041\">Wzmocnione szwy i konstrukcja z podw\u00f3jnymi szwami<\/p>\n<\/li>\n<li data-start=\"2042\" data-end=\"2092\">\n<p data-start=\"2044\" data-end=\"2092\">Mi\u0119kkie w dotyku wn\u0119trze zapewnia izolacj\u0119 i komfort<\/p>\n<\/li>\n<li data-start=\"2093\" data-end=\"2149\">\n<p data-start=\"2095\" data-end=\"2149\">Opcjonalne otwory na kciuki, metalowe oczka i wewn\u0119trzne etykiety<\/p>\n<\/li>\n<\/ul>\n<p data-start=\"2151\" data-end=\"2318\">Nasze bluzy z kapturem s\u0105 dost\u0119pne w r\u00f3\u017cnych krojach, w tym slim-fit, regular-fit lub oversize w stylu streetwear. S\u0105 idealne do niestandardowego nadruku lub haftu:<\/p>\n<ul data-start=\"2319\" data-end=\"2484\">\n<li data-start=\"2319\" data-end=\"2357\">\n<p data-start=\"2321\" data-end=\"2357\">Logo marki lub wydarzenia na piersi\/tyle<\/p>\n<\/li>\n<li data-start=\"2358\" data-end=\"2394\">\n<p data-start=\"2360\" data-end=\"2394\">Nazwy sponsor\u00f3w lub dru\u017cyn na r\u0119kawach<\/p>\n<\/li>\n<li data-start=\"2395\" data-end=\"2444\">\n<p data-start=\"2397\" data-end=\"2444\">Wymiana etykiety na szyj\u0119 na w\u0142asn\u0105 mark\u0119<\/p>\n<\/li>\n<li data-start=\"2445\" data-end=\"2484\">\n<p data-start=\"2447\" data-end=\"2484\">Opakowania gotowe do sprzeda\u017cy detalicznej lub zawieszki<\/p>\n<\/li>\n<\/ul>\n<p data-start=\"2486\" data-end=\"2750\">Obs\u0142ugujemy zam\u00f3wienia hurtowe od 100 sztuk na kolor\/wz\u00f3r i oferujemy pr\u00f3bkowanie przed rozpocz\u0119ciem produkcji. Niezale\u017cnie od tego, czy tworzysz kolekcj\u0119 szkoln\u0105, uruchamiasz mark\u0119 odzie\u017cy ulicznej, czy dostarczasz odzie\u017c firmom, Ryinz zapewnia, \u017ce produkcja spe\u0142nia unijne standardy dotycz\u0105ce rozmiar\u00f3w i jako\u015bci.<\/p>\n<p data-start=\"2752\" data-end=\"2778\">Popularne przypadki u\u017cycia obejmuj\u0105:<\/p>\n<ul data-start=\"2779\" data-end=\"2974\">\n<li data-start=\"2779\" data-end=\"2812\">\n<p data-start=\"2781\" data-end=\"2812\">Firmowa odzie\u017c robocza i uniformy<\/p>\n<\/li>\n<li data-start=\"2813\" data-end=\"2848\">\n<p data-start=\"2815\" data-end=\"2848\">Odzie\u017c podr\u00f3\u017cna lub przedmeczowa<\/p>\n<\/li>\n<li data-start=\"2849\" data-end=\"2903\">\n<p data-start=\"2851\" data-end=\"2903\">Merchandising dla influencer\u00f3w, muzyk\u00f3w i tw\u00f3rc\u00f3w<\/p>\n<\/li>\n<li data-start=\"2904\" data-end=\"2952\">\n<p data-start=\"2906\" data-end=\"2952\">Gad\u017cety promocyjne i markowa odzie\u017c uliczna<\/p>\n<\/li>\n<li data-start=\"2953\" data-end=\"2974\">\n<p data-start=\"2955\" data-end=\"2974\">Organizacja pozarz\u0105dowa lub sprz\u0119t eventowy<\/p>\n<\/li>\n<\/ul>\n<p data-start=\"2976\" data-end=\"3102\">Nasze bluzy z kapturem s\u0105 dost\u0119pne w wersji m\u0119skiej, damskiej i unisex w rozmiarach XS-3XL. Na \u017cyczenie dost\u0119pne s\u0105 r\u00f3wnie\u017c rozmiary niestandardowe.<\/p>\n<p data-start=\"3104\" data-end=\"3321\">Wyprodukowany przez <strong data-start=\"3116\" data-end=\"3138\">Ryinz spol. s.r.o.<\/strong>, Zarejestrowana w Czechach, wszystkie zam\u00f3wienia s\u0105 fakturowane VAT UE z dostaw\u0105 w 28 krajach. Obs\u0142ugujemy klient\u00f3w w Niemczech, Francji, Polsce, Austrii, Holandii, Hiszpanii i nie tylko.<\/p>\n<p data-start=\"3323\" data-end=\"3475\">Niezale\u017cnie od tego, czy potrzebujesz bluz z zamkiem b\u0142yskawicznym z logo, modnych element\u00f3w z nadrukami na ca\u0142ej powierzchni, czy jednokolorowych uniform\u00f3w pracowniczych, Ryinz jest zaufanym dostawc\u0105 odzie\u017cy B2B.<\/p>","protected":false},"excerpt":{"rendered":"<p data-start=\"300\" data-end=\"599\">Nasze bluzy z kapturem zosta\u0142y zaprojektowane z my\u015bl\u0105 o komforcie, cieple i niestandardowym brandingu. Wykonane z mi\u0119kkiej szczotkowanej bawe\u0142ny, polaru lub mieszanki bawe\u0142ny i poli, s\u0105 idealne do noszenia na co dzie\u0144, odzie\u017cy roboczej i odzie\u017cy promocyjnej. Wybieraj spo\u015br\u00f3d bluz rozpinanych lub rozpinanych w r\u00f3\u017cnych kolorach i krojach, aby dopasowa\u0107 je do swojej marki lub odbiorc\u00f3w.<\/p>\n<p data-start=\"601\" data-end=\"906\">Ka\u017cda bluza z kapturem ma podszyty kaptur, regulowane sznurki \u015bci\u0105gaj\u0105ce, pr\u0105\u017ckowane mankiety i pas oraz kiesze\u0144 kangurk\u0119 lub kiesze\u0144 dzielon\u0105. Niezale\u017cnie od tego, czy potrzebujesz odwa\u017cnych nadruk\u00f3w, jednolitych modnych kolor\u00f3w, czy wielopanelowych styl\u00f3w streetwear, oferujemy pe\u0142n\u0105 personalizacj\u0119 za pomoc\u0105 sitodruku, haftu, tkanych etykiet lub opakowa\u0144 detalicznych.<\/p>\n<p data-start=\"908\" data-end=\"1183\">Dost\u0119pne w rozmiarach m\u0119skich, damskich i unisex (od XS do 3XL), nasze bluzy z kapturem s\u0105 u\u017cywane do odzie\u017cy korporacyjnej, odzie\u017cy zespo\u0142owej, merchandisingu marki i odzie\u017cy m\u0142odzie\u017cowej. Dzi\u0119ki niskiemu MOQ i szybkiej dostawie do UE z naszego czeskiego biura, Ryinz jest Twoim partnerem B2B w zakresie wysokiej jako\u015bci bluz z kapturem gotowych do u\u017cycia w UE.<\/p>\n<p data-start=\"300\" data-end=\"599\">Nasze bluzy z kapturem zosta\u0142y zaprojektowane z my\u015bl\u0105 o komforcie, cieple i niestandardowym brandingu. Wykonane z mi\u0119kkiej szczotkowanej bawe\u0142ny, polaru lub mieszanki bawe\u0142ny i poli, s\u0105 idealne do noszenia na co dzie\u0144, odzie\u017cy roboczej i odzie\u017cy promocyjnej. Wybieraj spo\u015br\u00f3d bluz rozpinanych lub rozpinanych w r\u00f3\u017cnych kolorach i krojach, aby dopasowa\u0107 je do swojej marki lub odbiorc\u00f3w.<\/p>\n<p data-start=\"601\" data-end=\"906\">Ka\u017cda bluza z kapturem ma podszyty kaptur, regulowane sznurki \u015bci\u0105gaj\u0105ce, pr\u0105\u017ckowane mankiety i pas oraz kiesze\u0144 kangurk\u0119 lub kiesze\u0144 dzielon\u0105. Niezale\u017cnie od tego, czy potrzebujesz odwa\u017cnych nadruk\u00f3w, jednolitych modnych kolor\u00f3w, czy wielopanelowych styl\u00f3w streetwear, oferujemy pe\u0142n\u0105 personalizacj\u0119 za pomoc\u0105 sitodruku, haftu, tkanych etykiet lub opakowa\u0144 detalicznych.<\/p>\n<p data-start=\"908\" data-end=\"1183\">Dost\u0119pne w rozmiarach m\u0119skich, damskich i unisex (od XS do 3XL), nasze bluzy z kapturem s\u0105 u\u017cywane do odzie\u017cy korporacyjnej, odzie\u017cy zespo\u0142owej, merchandisingu marki i odzie\u017cy m\u0142odzie\u017cowej. Dzi\u0119ki niskiemu MOQ i szybkiej dostawie do UE z naszego czeskiego biura, Ryinz jest Twoim partnerem B2B w zakresie wysokiej jako\u015bci bluz z kapturem gotowych do u\u017cycia w UE.<\/p>","protected":false},"featured_media":10154,"comment_status":"closed","ping_status":"closed","template":"","meta":[],"product_brand":[35],"product_cat":[438,68,467],"product_tag":[628,629,630,631,632,633,634,635,636,637,638,639,640,641,642],"class_list":{"0":"post-9331","1":"product","2":"type-product","3":"status-publish","4":"has-post-thumbnail","6":"product_brand-ryinz","7":"product_cat-leather-motorbike-pants","8":"product_cat-ryinz","9":"product_cat-textile-motorbike-jackets","10":"product_tag-b2b-fashion-hoodies-manufacturer-czechia","11":"product_tag-branded-hoodies-for-promotional-use","12":"product_tag-cotton-poly-hoodies-with-embroidery","13":"product_tag-custom-branded-hoodies-for-business","14":"product_tag-custom-hoodie-printing-eu-wholesale","15":"product_tag-fleece-hoodies-for-casual-wear-supplier","16":"product_tag-hooded-sweatshirts-for-events-and-merch","17":"product_tag-private-label-hoodie-supplier-europe","18":"product_tag-pullover-hoodies-with-logo-europe","19":"product_tag-retail-ready-hoodies-with-logo-print","20":"product_tag-screen-printed-cotton-hoodies-europe","21":"product_tag-streetwear-hoodies-for-fashion-brands","22":"product_tag-teamwear-hoodies-for-clubs-and-schools","23":"product_tag-unisex-custom-hoodies-with-drawstrings","24":"product_tag-zip-up-sweatshirts-for-teamwear-eu","26":"first","27":"instock","28":"taxable","29":"shipping-taxable","30":"purchasable","31":"product-type-simple"},"_links":{"self":[{"href":"https:\/\/ryinz.cz\/velkoobchod\/pl\/wp-json\/wp\/v2\/product\/9331","targetHints":{"allow":["GET"]}}],"collection":[{"href":"https:\/\/ryinz.cz\/velkoobchod\/pl\/wp-json\/wp\/v2\/product"}],"about":[{"href":"https:\/\/ryinz.cz\/velkoobchod\/pl\/wp-json\/wp\/v2\/types\/product"}],"replies":[{"embeddable":true,"href":"https:\/\/ryinz.cz\/velkoobchod\/pl\/wp-json\/wp\/v2\/comments?post=9331"}],"wp:featuredmedia":[{"embeddable":true,"href":"https:\/\/ryinz.cz\/velkoobchod\/pl\/wp-json\/wp\/v2\/media\/10154"}],"wp:attachment":[{"href":"https:\/\/ryinz.cz\/velkoobchod\/pl\/wp-json\/wp\/v2\/media?parent=9331"}],"wp:term":[{"taxonomy":"product_brand","embeddable":true,"href":"https:\/\/ryinz.cz\/velkoobchod\/pl\/wp-json\/wp\/v2\/product_brand?post=9331"},{"taxonomy":"product_cat","embeddable":true,"href":"https:\/\/ryinz.cz\/velkoobchod\/pl\/wp-json\/wp\/v2\/product_cat?post=9331"},{"taxonomy":"product_tag","embeddable":true,"href":"https:\/\/ryinz.cz\/velkoobchod\/pl\/wp-json\/wp\/v2\/product_tag?post=9331"}],"curies":[{"name":"wp","href":"https:\/\/api.w.org\/{rel}","templated":true}]}}