{"id":9329,"date":"2025-06-22T15:41:31","date_gmt":"2025-06-22T15:41:31","guid":{"rendered":"https:\/\/ryinz.cz\/velkoobchod\/?post_type=product&#038;p=9329"},"modified":"2026-01-18T20:18:53","modified_gmt":"2026-01-18T20:18:53","slug":"niestandardowe-koszulki-bawelniane-z-nadrukiem-unisex-koszulki-z-okraglym-dekoltem-na-imprezy-marki-zespoly-i-odziez-codzienna-hurtownia-b2b","status":"publish","type":"product","link":"https:\/\/ryinz.cz\/velkoobchod\/pl\/product\/custom-printed-cotton-t-shirts-unisex-crew-neck-tees-for-events-brands-teams-and-casual-wear-b2b-wholesale\/","title":{"rendered":"Bawe\u0142niane koszulki z nadrukiem na zam\u00f3wienie - koszulki unisex z okr\u0105g\u0142ym dekoltem na imprezy, dla marek, zespo\u0142\u00f3w i do noszenia na co dzie\u0144 (B2B Wholesale)"},"content":{"rendered":"<p data-start=\"1347\" data-end=\"1723\">Nasze koszulki z nadrukiem s\u0105 idealnym pustym p\u0142\u00f3tnem dla marek, klub\u00f3w, projektant\u00f3w i firm, kt\u00f3re chc\u0105 wyrazi\u0107 swoj\u0105 to\u017csamo\u015b\u0107, promowa\u0107 przes\u0142anie lub wprowadzi\u0107 odwa\u017cn\u0105 mod\u0119. Te koszulki z kr\u00f3tkim r\u0119kawem s\u0105 wykonane z mi\u0119kkiej, oddychaj\u0105cej i niekurczliwej bawe\u0142ny lub wysokiej jako\u015bci mieszanki bawe\u0142ny i poliestru, oferuj\u0105c lekkie, nadaj\u0105ce si\u0119 do noszenia przez ca\u0142y dzie\u0144 rozwi\u0105zanie zar\u00f3wno dla m\u0119\u017cczyzn, jak i kobiet.<\/p>\n<p data-start=\"1725\" data-end=\"1792\">Zaprojektowany z my\u015bl\u0105 o masowej atrakcyjno\u015bci, kr\u00f3j jest nowoczesny i zrelaksowany:<\/p>\n<ul data-start=\"1793\" data-end=\"1913\">\n<li data-start=\"1793\" data-end=\"1816\">\n<p data-start=\"1795\" data-end=\"1816\">Pr\u0105\u017ckowany dekolt w szpic<\/p>\n<\/li>\n<li data-start=\"1817\" data-end=\"1839\">\n<p data-start=\"1819\" data-end=\"1839\">Podw\u00f3jnie szyte obszycia<\/p>\n<\/li>\n<li data-start=\"1840\" data-end=\"1877\">\n<p data-start=\"1842\" data-end=\"1877\">Podklejone ramiona dla zachowania kszta\u0142tu<\/p>\n<\/li>\n<li data-start=\"1878\" data-end=\"1913\">\n<p data-start=\"1880\" data-end=\"1913\">Mi\u0119kkie w dotyku etykiety lub prywatne przywieszki<\/p>\n<\/li>\n<\/ul>\n<p data-start=\"1915\" data-end=\"2197\">Wszystkie projekty s\u0105 produkowane przy u\u017cyciu trwa\u0142ych technik drukowania, w tym <strong data-start=\"1984\" data-end=\"2003\">sitodruk<\/strong>, <strong data-start=\"2005\" data-end=\"2032\">DTG (Direct to Garment)<\/strong>, lub <strong data-start=\"2037\" data-end=\"2054\">wymiana ciep\u0142a<\/strong>, w zale\u017cno\u015bci od grafiki i ilo\u015bci zam\u00f3wienia. Atramenty posiadaj\u0105 certyfikat ekologiczny i s\u0105 \u017cywe, oferuj\u0105c d\u0142ugotrwa\u0142y kolor nawet po wielokrotnym praniu.<\/p>\n<p data-start=\"2199\" data-end=\"2408\">Dost\u0119pne w obu wersjach <strong data-start=\"2217\" data-end=\"2232\">jednostronny<\/strong> oraz <strong data-start=\"2237\" data-end=\"2251\">prz\u00f3d-ty\u0142<\/strong> Mo\u017cesz wybiera\u0107 spo\u015br\u00f3d sportowych grafik, motywacyjnych cytat\u00f3w, komiksowych ilustracji, logo lub minimalistycznego brandingu. Niekt\u00f3re z wyr\u00f3\u017cnionych styl\u00f3w obejmuj\u0105 motywy takie jak:<\/p>\n<ul data-start=\"2409\" data-end=\"2610\">\n<li data-start=\"2409\" data-end=\"2442\">\n<p data-start=\"2411\" data-end=\"2442\">Inspirowana je\u017adziectwem grafika sportowa<\/p>\n<\/li>\n<li data-start=\"2443\" data-end=\"2470\">\n<p data-start=\"2445\" data-end=\"2470\">Pogrubione logo (np. Naska)<\/p>\n<\/li>\n<li data-start=\"2471\" data-end=\"2510\">\n<p data-start=\"2473\" data-end=\"2510\">Graficzne eksplozje i sztuka abstrakcyjna<\/p>\n<\/li>\n<li data-start=\"2511\" data-end=\"2564\">\n<p data-start=\"2513\" data-end=\"2564\">Wydruki motywacyjne (\u201cNikt nie zrobi tego za ciebie\u201d)<\/p>\n<\/li>\n<li data-start=\"2565\" data-end=\"2610\">\n<p data-start=\"2567\" data-end=\"2610\">Popkulturowe mashupy i wyraziste projekty<\/p>\n<\/li>\n<\/ul>\n<p data-start=\"2612\" data-end=\"2853\">Wszystkie koszulki mo\u017cna personalizowa\u0107 - prze\u015blij nam swoj\u0105 grafik\u0119 lub koncepcj\u0119 marki, a my zajmiemy si\u0119 reszt\u0105. Nasze MOQ dla niestandardowych koszulek z nadrukiem zaczyna si\u0119 od zaledwie 100 sztuk na kolor\/wz\u00f3r, co czyni je dost\u0119pnymi dla wydarze\u0144, startup\u00f3w i kolekcji sezonowych.<\/p>\n<p data-start=\"2855\" data-end=\"2868\">Ryinz oferuje:<\/p>\n<ul data-start=\"2869\" data-end=\"3033\">\n<li data-start=\"2869\" data-end=\"2894\">\n<p data-start=\"2871\" data-end=\"2894\">Ceny hurtowe B2B<\/p>\n<\/li>\n<li data-start=\"2895\" data-end=\"2915\">\n<p data-start=\"2897\" data-end=\"2915\">Fakturowanie VAT UE<\/p>\n<\/li>\n<li data-start=\"2916\" data-end=\"2942\">\n<p data-start=\"2918\" data-end=\"2942\">Opakowanie gotowe do eksportu<\/p>\n<\/li>\n<li data-start=\"2943\" data-end=\"2973\">\n<p data-start=\"2945\" data-end=\"2973\">Rozmiary od XS do 3XL<\/p>\n<\/li>\n<li data-start=\"2974\" data-end=\"2999\">\n<p data-start=\"2976\" data-end=\"2999\">Niestandardowe dopasowanie kolor\u00f3w<\/p>\n<\/li>\n<li data-start=\"3000\" data-end=\"3033\">\n<p data-start=\"3002\" data-end=\"3033\">Niestandardowe przywieszki na szyj\u0119 i kody kreskowe<\/p>\n<\/li>\n<\/ul>\n<p data-start=\"3035\" data-end=\"3056\">Aplikacje obejmuj\u0105:<\/p>\n<ul data-start=\"3057\" data-end=\"3220\">\n<li data-start=\"3057\" data-end=\"3078\">\n<p data-start=\"3059\" data-end=\"3078\">Marki odzie\u017cy ulicznej<\/p>\n<\/li>\n<li data-start=\"3079\" data-end=\"3099\">\n<p data-start=\"3081\" data-end=\"3099\">Odzie\u017c fitness<\/p>\n<\/li>\n<li data-start=\"3100\" data-end=\"3126\">\n<p data-start=\"3102\" data-end=\"3126\">Wydarzenia muzyczne i taneczne<\/p>\n<\/li>\n<li data-start=\"3127\" data-end=\"3156\">\n<p data-start=\"3129\" data-end=\"3156\">Kampanie zwi\u0119kszaj\u0105ce \u015bwiadomo\u015b\u0107 marki<\/p>\n<\/li>\n<li data-start=\"3157\" data-end=\"3187\">\n<p data-start=\"3159\" data-end=\"3187\">Targi lub wystawy<\/p>\n<\/li>\n<li data-start=\"3188\" data-end=\"3220\">\n<p data-start=\"3190\" data-end=\"3220\">Prezenty korporacyjne i sprzeda\u017c detaliczna<\/p>\n<\/li>\n<\/ul>\n<p data-start=\"3222\" data-end=\"3536\">Nasza produkcja jest obs\u0142ugiwana przez <strong data-start=\"3256\" data-end=\"3278\">Ryinz spol. s.r.o.<\/strong>, z siedzib\u0105 w Czechach. Zapewnia to sprawn\u0105 logistyk\u0119, fakturowanie VAT i dostaw\u0119 do wszystkich 28 kraj\u00f3w UE. Sprzedawcy detaliczni i dystrybutorzy w Niemczech, W\u0142oszech, Francji, Polsce, Austrii i Holandii ju\u017c korzystaj\u0105 z naszej jako\u015bci i niskich MOQ.<\/p>\n<p data-start=\"3538\" data-end=\"3838\">Dzi\u0119ki naszemu wewn\u0119trznemu wsparciu projektowemu, szybkiemu pobieraniu pr\u00f3bek i niezawodno\u015bci produkcji, Twoja marka mo\u017ce wprowadzi\u0107 na rynek atrakcyjn\u0105 wizualnie i wygodn\u0105 kolekcj\u0119 przy minimalnym wysi\u0142ku. Niezale\u017cnie od tego, czy potrzebujesz odwa\u017cnych nadruk\u00f3w na festiwale, czy minimalistycznego brandingu do odzie\u017cy ulicznej, Ryinz ma mo\u017cliwo\u015bci i kreatywno\u015b\u0107, aby je dostarczy\u0107.<\/p>","protected":false},"excerpt":{"rendered":"<p data-start=\"304\" data-end=\"652\">Nasze koszulki z nadrukiem zapewniaj\u0105 wygod\u0119, trwa\u0142o\u015b\u0107 i efekt wizualny. Wykonane z mi\u0119kkiej, oddychaj\u0105cej bawe\u0142ny lub mieszanek bawe\u0142ny, koszulki te s\u0105 idealne do noszenia na co dzie\u0144, stroj\u00f3w dru\u017cynowych, imprez promocyjnych lub merchandisingu marki. Dzi\u0119ki \u017cywej grafice nadrukowanej metod\u0105 sitodruku i bogatemu wyborowi kolor\u00f3w, pasuj\u0105 zar\u00f3wno do modnych klient\u00f3w, jak i aktywnych u\u017cytkownik\u00f3w.<\/p>\n<p data-start=\"654\" data-end=\"968\">Ka\u017cda koszulka ma klasyczny okr\u0105g\u0142y dekolt, kr\u00f3tkie r\u0119kawy i lu\u017any kr\u00f3j w rozmiarach unisex XS-3XL. Wybieraj spo\u015br\u00f3d motyw\u00f3w sportowych, komiksowych nadruk\u00f3w, slogan\u00f3w lub czystych projekt\u00f3w logo - lub popro\u015b o w\u0142asn\u0105 niestandardow\u0105 grafik\u0119. Dost\u0119pna w kolorach czarnym, czerwonym, niebieskim, \u017c\u00f3\u0142tym, pomara\u0144czowym i innych, kolekcja zaspokoi ka\u017cdy nastr\u00f3j i przes\u0142anie.<\/p>\n<p data-start=\"970\" data-end=\"1293\">Koszulki te s\u0105 odpowiednie dla klub\u00f3w fitness, startup\u00f3w odzie\u017cowych, agencji promocyjnych, wydarze\u0144 muzycznych i sklep\u00f3w detalicznych. Ryinz oferuje wsparcie dla marek w\u0142asnych, oznaczanie rozmiar\u00f3w i ekologiczne opakowania na \u017cyczenie. Dzi\u0119ki fakturowaniu VAT w UE i szybkiej dostawie z naszego czeskiego biura mo\u017cesz bez obaw skalowa\u0107 sw\u00f3j asortyment koszulek.<\/p>","protected":false},"featured_media":10152,"comment_status":"closed","ping_status":"closed","template":"","meta":[],"product_brand":[35],"product_cat":[438,68,467],"product_tag":[596,597,598,599,600,601,602,603,604,605,606,607,608,609,610,611,612],"class_list":{"0":"post-9329","1":"product","2":"type-product","3":"status-publish","4":"has-post-thumbnail","6":"product_brand-ryinz","7":"product_cat-leather-motorbike-pants","8":"product_cat-ryinz","9":"product_cat-textile-motorbike-jackets","10":"product_tag-and-merch","11":"product_tag-custom-bulk-printed-t-shirts-europe","12":"product_tag-custom-printed-cotton-t-shirts-eu","13":"product_tag-eco-friendly-branded-t-shirts-wholesale","14":"product_tag-modern-fit-round-neck-tees-europe","15":"product_tag-printed-fashion-shirts-for-retail-b2b","16":"product_tag-printed-teamwear-t-shirts-czechia","17":"product_tag-private-label-fashion-t-shirts-europe","18":"product_tag-screen-printed-t-shirts-for-brands","19":"product_tag-short-sleeve-promotional-tees-supplier","20":"product_tag-soft-cotton-t-shirts-with-logos","21":"product_tag-streetwear-t-shirts-with-bold-prints","22":"product_tag-t-shirt-manufacturer-for-events-eu","23":"product_tag-t-shirt-supplier-for-music-festivals","24":"product_tag-t-shirts-for-clubs","25":"product_tag-teams","26":"product_tag-wholesale-graphic-tees-for-men-and-women","28":"first","29":"instock","30":"taxable","31":"shipping-taxable","32":"purchasable","33":"product-type-simple"},"_links":{"self":[{"href":"https:\/\/ryinz.cz\/velkoobchod\/pl\/wp-json\/wp\/v2\/product\/9329","targetHints":{"allow":["GET"]}}],"collection":[{"href":"https:\/\/ryinz.cz\/velkoobchod\/pl\/wp-json\/wp\/v2\/product"}],"about":[{"href":"https:\/\/ryinz.cz\/velkoobchod\/pl\/wp-json\/wp\/v2\/types\/product"}],"replies":[{"embeddable":true,"href":"https:\/\/ryinz.cz\/velkoobchod\/pl\/wp-json\/wp\/v2\/comments?post=9329"}],"wp:featuredmedia":[{"embeddable":true,"href":"https:\/\/ryinz.cz\/velkoobchod\/pl\/wp-json\/wp\/v2\/media\/10152"}],"wp:attachment":[{"href":"https:\/\/ryinz.cz\/velkoobchod\/pl\/wp-json\/wp\/v2\/media?parent=9329"}],"wp:term":[{"taxonomy":"product_brand","embeddable":true,"href":"https:\/\/ryinz.cz\/velkoobchod\/pl\/wp-json\/wp\/v2\/product_brand?post=9329"},{"taxonomy":"product_cat","embeddable":true,"href":"https:\/\/ryinz.cz\/velkoobchod\/pl\/wp-json\/wp\/v2\/product_cat?post=9329"},{"taxonomy":"product_tag","embeddable":true,"href":"https:\/\/ryinz.cz\/velkoobchod\/pl\/wp-json\/wp\/v2\/product_tag?post=9329"}],"curies":[{"name":"wp","href":"https:\/\/api.w.org\/{rel}","templated":true}]}}