{"id":9326,"date":"2025-06-22T15:41:30","date_gmt":"2025-06-22T15:41:30","guid":{"rendered":"https:\/\/ryinz.cz\/velkoobchod\/?post_type=product&#038;p=9326"},"modified":"2026-01-18T20:18:50","modified_gmt":"2026-01-18T20:18:50","slug":"termiczne-wodoodporne-rekawice-zimowe-wiatroszczelne-rekawice-outdoorowe-z-ekranem-dotykowym-do-jazdy-na-rowerze-i-wedrowek-w-niskich-temperaturach","status":"publish","type":"product","link":"https:\/\/ryinz.cz\/velkoobchod\/pl\/product\/thermal-waterproof-winter-gloves-windproof-touchscreen-ready-outdoor-gloves-for-biking-hiking-and-cold-weather-use\/","title":{"rendered":"Termiczne, wodoodporne r\u0119kawice zimowe - wiatroszczelne, gotowe do obs\u0142ugi ekranu dotykowego r\u0119kawice outdoorowe do jazdy na rowerze, w\u0119dr\u00f3wek i u\u017cytkowania w niskich temperaturach"},"content":{"rendered":"<p data-start=\"1508\" data-end=\"1854\">Nasze r\u0119kawice zimowe zosta\u0142y zaprojektowane z my\u015bl\u0105 o najzimniejszych miesi\u0105cach w roku - zapewniaj\u0105 ochron\u0119 termiczn\u0105, odporno\u015b\u0107 na wiatr, wodoodporno\u015b\u0107 i elastyczno\u015b\u0107 w trudnych warunkach. Niezale\u017cnie od tego, czy Twoimi klientami s\u0105 rowerzy\u015bci, biegacze, osoby chodz\u0105ce po g\u00f3rach, osoby doje\u017cd\u017caj\u0105ce do pracy zim\u0105 czy dostawcy, r\u0119kawice te zapewniaj\u0105 ciep\u0142o, widoczno\u015b\u0107 i u\u017cyteczno\u015b\u0107.<\/p>\n<p data-start=\"1856\" data-end=\"2204\">Wykonana z wysokiej jako\u015bci poliestru lub tkaniny softshell, warstwa zewn\u0119trzna odpycha lekki deszcz i \u015bnieg. Wewn\u0105trz znajduje si\u0119 polar termiczny lub izolowana podszewka, kt\u00f3ra zatrzymuje ciep\u0142o bez nadmiernego zwi\u0119kszania obj\u0119to\u015bci. Dzi\u0119ki temu r\u0119kawice idealnie nadaj\u0105 si\u0119 do aktywnego u\u017cytkowania, umo\u017cliwiaj\u0105c u\u017cytkownikom trzymanie kierownicy, korzystanie z telefonu lub wykonywanie codziennych zada\u0144 w mro\u017anych warunkach.<\/p>\n<p data-start=\"2206\" data-end=\"2559\">Obszary d\u0142oni s\u0105 pokryte antypo\u015blizgowymi silikonowymi lub gumowymi wzorami zapewniaj\u0105cymi dobr\u0105 przyczepno\u015b\u0107 w mokrym lub oblodzonym \u015brodowisku. Poprawia to kontrol\u0119 nad rowerzystami i zapewnia dodatkowe bezpiecze\u0144stwo podczas uprawiania sport\u00f3w zimowych. Palce s\u0105 wst\u0119pnie zakrzywione dla wygody i wzbogacone o <strong data-start=\"2451\" data-end=\"2482\">Ko\u0144c\u00f3wki kompatybilne z ekranem dotykowym<\/strong> dzi\u0119ki czemu u\u017cytkownicy mog\u0105 obs\u0142ugiwa\u0107 smartfony lub urz\u0105dzenia GPS bez zdejmowania r\u0119kawic.<\/p>\n<p data-start=\"2561\" data-end=\"2582\">Kluczowe funkcje obejmuj\u0105:<\/p>\n<ul data-start=\"2583\" data-end=\"2831\">\n<li data-start=\"2583\" data-end=\"2621\">\n<p data-start=\"2585\" data-end=\"2621\">Elastyczne mankiety na nadgarstkach dla ochrony przed wiatrem<\/p>\n<\/li>\n<li data-start=\"2622\" data-end=\"2665\">\n<p data-start=\"2624\" data-end=\"2665\">Wyd\u0142u\u017cone mankiety dla lepszego pokrycia<\/p>\n<\/li>\n<li data-start=\"2666\" data-end=\"2714\">\n<p data-start=\"2668\" data-end=\"2714\">Odblaskowe logo lub detale dla bezpiecze\u0144stwa w nocy<\/p>\n<\/li>\n<li data-start=\"2715\" data-end=\"2769\">\n<p data-start=\"2717\" data-end=\"2769\">Wodoodporne pow\u0142oki lub tkanina zewn\u0119trzna z pow\u0142ok\u0105 DWR<\/p>\n<\/li>\n<li data-start=\"2770\" data-end=\"2831\">\n<p data-start=\"2772\" data-end=\"2831\">Dost\u0119pne w przyci\u0105gaj\u0105cych wzrok kolorach bezpiecze\u0144stwa (czerwony, \u017c\u00f3\u0142ty, niebieski)<\/p>\n<\/li>\n<\/ul>\n<p data-start=\"2833\" data-end=\"3126\">Te r\u0119kawice s\u0105 <strong data-start=\"2850\" data-end=\"2895\">lekki, zmywalny i bardzo wytrzyma\u0142y<\/strong>, dzi\u0119ki czemu idealnie nadaj\u0105 si\u0119 do odsprzeda\u017cy przez sprzedawc\u00f3w sprz\u0119tu outdoorowego, sklepy rowerowe, kluby biegowe lub imprezy promocyjne. Wspieramy r\u00f3wnie\u017c <strong data-start=\"3026\" data-end=\"3053\">personalizacja korporacyjna<\/strong> w tym haft, nadruk logo, specjalne opakowanie lub oznaczenie rozmiaru.<\/p>\n<p data-start=\"3128\" data-end=\"3358\">Dost\u0119pne rozmiary wahaj\u0105 si\u0119 od XS do XXL i pasuj\u0105 zar\u00f3wno m\u0119\u017cczyznom, jak i kobietom. Niestandardowe rozmiary mog\u0105 by\u0107 dodawane dla klient\u00f3w hurtowych potrzebuj\u0105cych specjalnych proporcji. Wi\u0119kszo\u015b\u0107 modeli jest unisex i zaprojektowana do ciasnego noszenia dla maksymalnej wydajno\u015bci termicznej.<\/p>\n<p data-start=\"3360\" data-end=\"3381\">Aplikacje obejmuj\u0105:<\/p>\n<ul data-start=\"3382\" data-end=\"3544\">\n<li data-start=\"3382\" data-end=\"3404\">\n<p data-start=\"3384\" data-end=\"3404\">Jazda na rowerze w niskich temperaturach<\/p>\n<\/li>\n<li data-start=\"3405\" data-end=\"3433\">\n<p data-start=\"3407\" data-end=\"3433\">Zimowe w\u0119dr\u00f3wki i trekking<\/p>\n<\/li>\n<li data-start=\"3434\" data-end=\"3456\">\n<p data-start=\"3436\" data-end=\"3456\">Codzienne dojazdy do pracy w mie\u015bcie<\/p>\n<\/li>\n<li data-start=\"3457\" data-end=\"3476\">\n<p data-start=\"3459\" data-end=\"3476\">Przygotowanie nart i \u015bniegu<\/p>\n<\/li>\n<li data-start=\"3477\" data-end=\"3504\">\n<p data-start=\"3479\" data-end=\"3504\">Praca kurierska lub magazynowa<\/p>\n<\/li>\n<li data-start=\"3505\" data-end=\"3544\">\n<p data-start=\"3507\" data-end=\"3544\">Upominki promocyjne lub zwi\u0105zane z wydarzeniami sportowymi<\/p>\n<\/li>\n<\/ul>\n<p data-start=\"3546\" data-end=\"3867\">Produkowane i eksportowane przez <strong data-start=\"3571\" data-end=\"3593\">Ryinz spol. s.r.o.<\/strong>, Nasze r\u0119kawice s\u0105 zgodne z normami CE i zarz\u0105dzane z fakturowaniem VAT UE z naszego biura w Czechach. Wszystkie r\u0119kawice s\u0105 pakowane w formacie gotowym do sprzeda\u017cy detalicznej lub luzem, w zale\u017cno\u015bci od preferencji. Obs\u0142ugujemy sprzedawc\u00f3w detalicznych i hurtowych w Niemczech, Francji, W\u0142oszech, Hiszpanii, Polsce i innych krajach.<\/p>\n<p data-start=\"3869\" data-end=\"4151\">Je\u015bli chcesz zaopatrzy\u0107 si\u0119 w niezawodn\u0105, stylow\u0105 i wydajn\u0105 lini\u0119 r\u0119kawic zimowych, nasza produkcja fabryczna zapewnia sp\u00f3jno\u015b\u0107 i dostosowanie potrzebne do skalowania oferty. Nasze MOQ zaczyna si\u0119 od 100 par z elastycznymi opcjami opartymi na wyborze modelu i potrzebach brandingowych.<\/p>","protected":false},"excerpt":{"rendered":"<p data-start=\"313\" data-end=\"655\">Zachowaj ciep\u0142o i ochron\u0119 dzi\u0119ki naszym zimowym r\u0119kawicom zaprojektowanym z my\u015bl\u0105 o ujemnych temperaturach, mokrych warunkach i codziennych aktywno\u015bciach na \u015bwie\u017cym powietrzu. R\u0119kawice te s\u0105 wykonane z wielowarstwowej izolacji termicznej, wodoodpornych materia\u0142\u00f3w zewn\u0119trznych softshell lub poliestru oraz antypo\u015blizgowych silikonowych stref chwytnych - idealne dla rowerzyst\u00f3w, biegaczy, spacerowicz\u00f3w lub os\u00f3b doje\u017cd\u017caj\u0105cych do pracy w zimnym klimacie.<\/p>\n<p data-start=\"657\" data-end=\"1042\">Ka\u017cdy model ma opuszki palc\u00f3w kompatybilne z ekranem dotykowym do obs\u0142ugi smartfona, elastyczne mankiety nadgarstk\u00f3w blokuj\u0105ce zimne powietrze oraz elementy odblaskowe zapewniaj\u0105ce widoczno\u015b\u0107 w nocy. Wewn\u0119trzna wy\u015bci\u00f3\u0142ka jest mi\u0119kka i oddychaj\u0105ca, a jednocze\u015bnie utrzymuje ciep\u0142o d\u0142oni podczas opad\u00f3w \u015bniegu, wiatru lub \u015bniegu ze \u015bniegiem. Dost\u0119pne w odwa\u017cnych kolorach, takich jak czerwony, neonowy \u017c\u00f3\u0142ty, granatowy i czarny, r\u0119kawice te \u0142\u0105cz\u0105 funkcjonalno\u015b\u0107 z dobrze widocznym designem.<\/p>\n<p data-start=\"1044\" data-end=\"1287\">Nasze r\u0119kawice zimowe s\u0105 lekkie, elastyczne i odporne na wilgo\u0107, dzi\u0119ki czemu idealnie nadaj\u0105 si\u0119 dla os\u00f3b pracuj\u0105cych na zewn\u0105trz, kierowc\u00f3w dostawczych, entuzjast\u00f3w sportu i zwyk\u0142ych u\u017cytkownik\u00f3w. Wszystkie modele mog\u0105 by\u0107 opatrzone logo firmy lub zaprojektowane dla klient\u00f3w indywidualnych.<\/p>\n<p data-start=\"1289\" data-end=\"1454\">Dzi\u0119ki fakturowaniu w UE, kr\u00f3tkim czasom realizacji i niskim minimalnym zam\u00f3wieniom, Ryinz jest zaufanym dostawc\u0105 B2B wysokiej jako\u015bci r\u0119kawic zimowych w Czechach i 28 krajach europejskich.<\/p>","protected":false},"featured_media":10160,"comment_status":"closed","ping_status":"closed","template":"","meta":[],"product_brand":[35],"product_cat":[438,68,467],"product_tag":[530,531,532,533,534,535,536,537,538,539,540,541,542,543,544],"class_list":{"0":"post-9326","1":"product","2":"type-product","3":"status-publish","4":"has-post-thumbnail","6":"product_brand-ryinz","7":"product_cat-leather-motorbike-pants","8":"product_cat-ryinz","9":"product_cat-textile-motorbike-jackets","10":"product_tag-breathable-fleece-lined-gloves-eu","11":"product_tag-cold-weather-gloves-for-cyclists","12":"product_tag-custom-branded-thermal-gloves-czechia","13":"product_tag-insulated-gloves-for-outdoor-activities","14":"product_tag-lightweight-cold-weather-gloves-europe","15":"product_tag-reflective-winter-gloves-for-night-use","16":"product_tag-running-gloves-for-freezing-conditions","17":"product_tag-softshell-gloves-for-winter-biking","18":"product_tag-sport-and-commuter-gloves-ce-certified","19":"product_tag-thermal-waterproof-winter-gloves-eu","20":"product_tag-touchscreen-insulated-gloves-wholesale","21":"product_tag-water-resistant-gloves-for-delivery-staff","22":"product_tag-windproof-touchscreen-gloves-supplier","23":"product_tag-winter-gloves-with-silicone-grip","24":"product_tag-winter-safety-gloves-manufacturer-europe","26":"first","27":"instock","28":"taxable","29":"shipping-taxable","30":"purchasable","31":"product-type-simple"},"_links":{"self":[{"href":"https:\/\/ryinz.cz\/velkoobchod\/pl\/wp-json\/wp\/v2\/product\/9326","targetHints":{"allow":["GET"]}}],"collection":[{"href":"https:\/\/ryinz.cz\/velkoobchod\/pl\/wp-json\/wp\/v2\/product"}],"about":[{"href":"https:\/\/ryinz.cz\/velkoobchod\/pl\/wp-json\/wp\/v2\/types\/product"}],"replies":[{"embeddable":true,"href":"https:\/\/ryinz.cz\/velkoobchod\/pl\/wp-json\/wp\/v2\/comments?post=9326"}],"wp:featuredmedia":[{"embeddable":true,"href":"https:\/\/ryinz.cz\/velkoobchod\/pl\/wp-json\/wp\/v2\/media\/10160"}],"wp:attachment":[{"href":"https:\/\/ryinz.cz\/velkoobchod\/pl\/wp-json\/wp\/v2\/media?parent=9326"}],"wp:term":[{"taxonomy":"product_brand","embeddable":true,"href":"https:\/\/ryinz.cz\/velkoobchod\/pl\/wp-json\/wp\/v2\/product_brand?post=9326"},{"taxonomy":"product_cat","embeddable":true,"href":"https:\/\/ryinz.cz\/velkoobchod\/pl\/wp-json\/wp\/v2\/product_cat?post=9326"},{"taxonomy":"product_tag","embeddable":true,"href":"https:\/\/ryinz.cz\/velkoobchod\/pl\/wp-json\/wp\/v2\/product_tag?post=9326"}],"curies":[{"name":"wp","href":"https:\/\/api.w.org\/{rel}","templated":true}]}}