{"id":9322,"date":"2025-06-22T15:41:30","date_gmt":"2025-06-22T15:41:30","guid":{"rendered":"https:\/\/ryinz.cz\/velkoobchod\/?post_type=product&#038;p=9322"},"modified":"2026-01-18T20:18:41","modified_gmt":"2026-01-18T20:18:41","slug":"niestandardowe-kurtki-softshell-do-uzytku-miejskiego-na-zewnatrz-wiatroszczelne-wodoodporne-oddychajace-kurtki-dla-mezczyzn-kobiet","status":"publish","type":"product","link":"https:\/\/ryinz.cz\/velkoobchod\/pl\/product\/custom-softshell-jackets-for-outdoor-urban-use-windproof-water-repellent-breathable-jackets-for-men-women\/","title":{"rendered":"Niestandardowe kurtki softshell do u\u017cytku na zewn\u0105trz i w mie\u015bcie - wiatroszczelne, wodoodporne, oddychaj\u0105ce kurtki dla m\u0119\u017cczyzn i kobiet"},"content":{"rendered":"<p data-start=\"1588\" data-end=\"1978\">Nasze kurtki softshell to idealne rozwi\u0105zanie dla firm, marek, zespo\u0142\u00f3w i entuzjast\u00f3w outdooru poszukuj\u0105cych lekkiej, ochronnej i wydajnej odzie\u017cy wierzchniej. Wykonane z elastycznego wielowarstwowego poliestru z wodoodporn\u0105 pow\u0142ok\u0105 zewn\u0119trzn\u0105 i wewn\u0119trzn\u0105 podszewk\u0105 z polaru lub siatki, kurtki te zosta\u0142y zaprojektowane z my\u015bl\u0105 o ochronie przed wiatrem, lekkiej odporno\u015bci na deszcz i oddychaj\u0105cym komforcie w r\u00f3\u017cnych porach roku.<\/p>\n<p data-start=\"1980\" data-end=\"2345\">Ka\u017cda kurtka zosta\u0142a zaprojektowana z my\u015bl\u0105 o aktywnym u\u017cytkowaniu: turystyce pieszej, rowerowej, odzie\u017cy roboczej, zespo\u0142ach sportowych, kampaniach promocyjnych i miejskiej odzie\u017cy codziennej. Zewn\u0119trzna pow\u0142oka odpycha wod\u0119 podczas nag\u0142ego deszczu, podczas gdy wewn\u0119trzna warstwa utrzymuje ciep\u0142o w ch\u0142odniejszym klimacie. Kurtki s\u0105 wystarczaj\u0105co oddychaj\u0105ce na wiosn\u0119 i jesie\u0144, a jednocze\u015bnie wystarczaj\u0105co izoluj\u0105ce, aby nosi\u0107 je wczesn\u0105 zim\u0105 lub podczas aktywno\u015bci na du\u017cych wysoko\u015bciach.<\/p>\n<p data-start=\"2347\" data-end=\"2680\">Oferujemy modele zapinane na ca\u0142ej d\u0142ugo\u015bci i na \u0107wier\u0107 zamka, zar\u00f3wno z kapturami, jak i bez nich. Kurtki z kapturem s\u0105 wyposa\u017cone w regulowane sznurki lub rzepy do dopasowania, podczas gdy ko\u0142nierze w modelach bez kaptura s\u0105 podszyte dla wygody i uszczelnienia przed wiatrem. Elastyczne lub zapinane na rzepy mankiety, prze\u0142\u0105czniki w pasie i ergonomiczne kszta\u0142ty r\u0119kaw\u00f3w zapewniaj\u0105 wygodne, aktywne dopasowanie i komfort przez ca\u0142y dzie\u0144.<\/p>\n<p data-start=\"2682\" data-end=\"2977\">Nasza oferta obejmuje wzory m\u0119skie, damskie i unisex. Wyb\u00f3r kolor\u00f3w obejmuje jaskrawe style promocyjne, takie jak neonowy r\u00f3\u017c, pomara\u0144czowy, \u017c\u00f3\u0142ty, zielony i b\u0142\u0119kitny - idealne do mundur\u00f3w firmowych, wydarze\u0144 lub markowych upomink\u00f3w - a tak\u017ce ziemiste lub korporacyjne odcienie, takie jak oliwkowy, szary i granatowy, do subtelniejszego brandingu.<\/p>\n<p data-start=\"2979\" data-end=\"3339\">Funkcjonalno\u015b\u0107 jest zwi\u0119kszona dzi\u0119ki przemy\u015blanej konstrukcji kieszeni. Modele obejmuj\u0105 kieszenie na suwak na piersi, kieszenie na d\u0142onie z polarow\u0105 podszewk\u0105 i wewn\u0119trzne kieszenie na dokumenty. Zamki b\u0142yskawiczne s\u0105 dobrane pod k\u0105tem p\u0142ynnej pracy i trwa\u0142o\u015bci, a wodoodporne pow\u0142oki s\u0105 dost\u0119pne dla styl\u00f3w outdoorowych. W niekt\u00f3rych modelach zastosowano odblaskowe wyko\u0144czenia, kt\u00f3re zwi\u0119kszaj\u0105 widoczno\u015b\u0107 w nocy lub w warunkach s\u0142abego o\u015bwietlenia.<\/p>\n<p data-start=\"3341\" data-end=\"3653\">Personalizacja jest mo\u017cliwa dzi\u0119ki haftowi, gumowej naszywce i sitodrukowi. Mo\u017cemy doda\u0107 logo na klatce piersiowej, ramieniu lub plecach. Niezale\u017cnie od tego, czy jeste\u015b sprzedawc\u0105 detalicznym oferuj\u0105cym odzie\u017c sezonow\u0105, czy firm\u0105 wyposa\u017caj\u0105c\u0105 sw\u00f3j zesp\u00f3\u0142, nasze kurtki softshell podnios\u0105 Tw\u00f3j wizerunek, oferuj\u0105c jednocze\u015bnie korzy\u015bci funkcjonalne.<\/p>\n<p data-start=\"3655\" data-end=\"3946\">Produkujemy w rozmiarach od XS do 5XL ze specjalnymi rozmiarami dla m\u0119\u017cczyzn, kobiet i dzieci na \u017cyczenie. Kurtki s\u0105 produkowane przez Ryinz spol. s.r.o., zarejestrowan\u0105 w Czechach, co pozwala nam wystawia\u0107 faktury z VAT UE, zarz\u0105dza\u0107 sprawn\u0105 odpraw\u0105 celn\u0105 i oferowa\u0107 \u0142atw\u0105 dostaw\u0119 w 28 krajach europejskich.<\/p>\n<p data-start=\"3948\" data-end=\"4211\">Sprzedawcy detaliczni w Niemczech, Francji, Hiszpanii, Czechach, Austrii i Holandii ufaj\u0105 Ryinz w zakresie tekstylnej odzie\u017cy wierzchniej, kt\u00f3ra \u0142\u0105czy konkurencyjne ceny z najwy\u017cszej jako\u015bci wyko\u0144czeniami. Nasze kurtki s\u0105 ju\u017c noszone przez pracownik\u00f3w, rowerzyst\u00f3w, turyst\u00f3w pieszych i wolontariuszy w ca\u0142ej Europie.<\/p>\n<p data-start=\"4213\" data-end=\"4441\">Dzi\u0119ki niskim minimalnym zam\u00f3wieniom i szybkiemu samplingowi mo\u017cesz szybko wprowadzi\u0107 na rynek w\u0142asn\u0105 markow\u0105 kolekcj\u0119 odzie\u017cy wierzchniej. Wspieramy zam\u00f3wienia sezonowe, wydarzenia promocyjne, wystawy i wyposa\u017cenie personelu dzi\u0119ki cenom hurtowym i wskaz\u00f3wkom katalogowym.<\/p>\n<p data-start=\"4443\" data-end=\"4592\">Niezale\u017cnie od tego, czy zaopatrujesz krajow\u0105 sie\u0107, czy lokalny klub turystyczny, kurtki softshell Ryinz zapewni\u0105 Twojej marce wydajno\u015b\u0107 i widoczno\u015b\u0107, na jak\u0105 zas\u0142uguje.<\/p>","protected":false},"excerpt":{"rendered":"<p data-start=\"312\" data-end=\"581\">Nasze kurtki softshell s\u0105 wszechstronne - zaprojektowane do aktywno\u015bci na \u015bwie\u017cym powietrzu, noszenia na co dzie\u0144 i promowania marki. Wykonane z wiatroszczelnych, wodoodpornych i oddychaj\u0105cych materia\u0142\u00f3w softshell, kurtki te s\u0105 idealne do uprawiania turystyki pieszej, rowerowej, dojazd\u00f3w do pracy lub stroj\u00f3w dru\u017cynowych.<\/p>\n<p data-start=\"583\" data-end=\"893\">Wykonane z elastycznej mieszanki poliestru z wewn\u0119trzn\u0105 polarow\u0105 lub siatkow\u0105 podszewk\u0105, zapewniaj\u0105 komfort, ciep\u0142o i mobilno\u015b\u0107. Dost\u0119pne w \u017cywych kombinacjach kolorystycznych, takich jak czerwony, niebieski, zielony, r\u00f3\u017cowy i pomara\u0144czowy, a tak\u017ce w neutralnych odcieniach czerni i szaro\u015bci, kurtki te \u0142\u0105cz\u0105 przyci\u0105gaj\u0105cy wzrok design z praktyczn\u0105 ochron\u0105.<\/p>\n<p data-start=\"895\" data-end=\"1216\">Wszystkie kurtki mo\u017cna spersonalizowa\u0107 za pomoc\u0105 logo firmy, haftu lub sitodruku - idealne na prezenty firmowe, markow\u0105 odzie\u017c wierzchni\u0105 lub marki prowadz\u0105ce aktywny tryb \u017cycia. Oferujemy wiele opcji: z kapturem lub bez, zapinane na zamek lub \u015bci\u0105gane, kroje m\u0119skie i damskie oraz style z elastycznymi mankietami, sznurkami do \u015bci\u0105gania lub wewn\u0119trznymi kieszeniami.<\/p>\n<p data-start=\"1218\" data-end=\"1532\">Ryinz wspiera nabywc\u00f3w B2B dzi\u0119ki elastycznym minimalnym ilo\u015bciom zam\u00f3wie\u0144, szybkiej produkcji i fakturowaniu VAT UE z naszej czeskiej firmy. Eksportujemy kurtki softshell do Niemiec, Francji, Holandii, Polski i nie tylko. Niezale\u017cnie od tego, czy budujesz mark\u0119, czy zaopatrujesz zesp\u00f3\u0142, nasze kurtki oferuj\u0105 niezawodn\u0105 jako\u015b\u0107 i wyr\u00f3\u017cniaj\u0105cy si\u0119 wygl\u0105d.<\/p>","protected":false},"featured_media":10158,"comment_status":"closed","ping_status":"closed","template":"","meta":[],"product_brand":[35],"product_cat":[438,68,467],"product_tag":[470,471,472,473,474,475,476,477,478,479,480,481,482,483,484],"class_list":{"0":"post-9322","1":"product","2":"type-product","3":"status-publish","4":"has-post-thumbnail","6":"product_brand-ryinz","7":"product_cat-leather-motorbike-pants","8":"product_cat-ryinz","9":"product_cat-textile-motorbike-jackets","10":"product_tag-activewear-softshell-jackets-for-teams","11":"product_tag-b2b-softshell-apparel-czech-republic","12":"product_tag-branded-promotional-outerwear-europe","13":"product_tag-colorful-promotional-jackets-for-events","14":"product_tag-corporate-work-jackets-czech-supplier","15":"product_tag-custom-softshell-jackets-for-branding","16":"product_tag-fleece-lined-softshell-outerwear-b2b","17":"product_tag-lightweight-outdoor-jackets-manufacturer","18":"product_tag-seasonal-outdoor-jackets-for-branding","19":"product_tag-softshell-jackets-with-company-logo-eu","20":"product_tag-urban-windproof-softshell-jackets-eu","21":"product_tag-water-repellent-jackets-with-hoods","22":"product_tag-water-resistant-polyester-jackets-europe","23":"product_tag-wholesale-unisex-softshell-jackets","24":"product_tag-windproof-breathable-jackets-wholesale","26":"first","27":"instock","28":"taxable","29":"shipping-taxable","30":"purchasable","31":"product-type-simple"},"_links":{"self":[{"href":"https:\/\/ryinz.cz\/velkoobchod\/pl\/wp-json\/wp\/v2\/product\/9322","targetHints":{"allow":["GET"]}}],"collection":[{"href":"https:\/\/ryinz.cz\/velkoobchod\/pl\/wp-json\/wp\/v2\/product"}],"about":[{"href":"https:\/\/ryinz.cz\/velkoobchod\/pl\/wp-json\/wp\/v2\/types\/product"}],"replies":[{"embeddable":true,"href":"https:\/\/ryinz.cz\/velkoobchod\/pl\/wp-json\/wp\/v2\/comments?post=9322"}],"wp:featuredmedia":[{"embeddable":true,"href":"https:\/\/ryinz.cz\/velkoobchod\/pl\/wp-json\/wp\/v2\/media\/10158"}],"wp:attachment":[{"href":"https:\/\/ryinz.cz\/velkoobchod\/pl\/wp-json\/wp\/v2\/media?parent=9322"}],"wp:term":[{"taxonomy":"product_brand","embeddable":true,"href":"https:\/\/ryinz.cz\/velkoobchod\/pl\/wp-json\/wp\/v2\/product_brand?post=9322"},{"taxonomy":"product_cat","embeddable":true,"href":"https:\/\/ryinz.cz\/velkoobchod\/pl\/wp-json\/wp\/v2\/product_cat?post=9322"},{"taxonomy":"product_tag","embeddable":true,"href":"https:\/\/ryinz.cz\/velkoobchod\/pl\/wp-json\/wp\/v2\/product_tag?post=9322"}],"curies":[{"name":"wp","href":"https:\/\/api.w.org\/{rel}","templated":true}]}}