{"id":9281,"date":"2025-08-26T11:48:35","date_gmt":"2025-08-26T11:48:35","guid":{"rendered":"https:\/\/ryinz.cz\/velkoobchod\/?post_type=product&#038;p=9281"},"modified":"2026-01-18T20:18:37","modified_gmt":"2026-01-18T20:18:37","slug":"niestandardowe-skorzane-kamizelki-motocyklowe-hurtowe-kamizelki-klubowe-dla-motocyklistow-z-ue-z-zamkiem-blyskawicznym-lub-bocznymi-koronkami","status":"publish","type":"product","link":"https:\/\/ryinz.cz\/velkoobchod\/pl\/product\/custom-leather-motorbike-vests-wholesale-biker-club-vests-for-eu-riders-with-button-zipper-or-side-lace-designs\/","title":{"rendered":"Niestandardowe sk\u00f3rzane kamizelki motocyklowe - hurtowe kamizelki klubowe dla motocyklist\u00f3w z UE z guzikami, zamkami b\u0142yskawicznymi lub bocznymi sznurowad\u0142ami"},"content":{"rendered":"<p data-start=\"1653\" data-end=\"2060\">Sk\u00f3rzane kamizelki motocyklowe to co\u015b wi\u0119cej ni\u017c tylko akcesoria - to symbole stylu \u017cycia motocyklist\u00f3w, kt\u00f3rym ufaj\u0105 kierowcy, kluby motocyklowe i modne spo\u0142eczno\u015bci miejskie. Nasze kamizelki zosta\u0142y zaprojektowane z my\u015bl\u0105 o trwa\u0142o\u015bci, komforcie i odwa\u017cnej ekspresji, przy jednoczesnym zachowaniu praktyczno\u015bci i bezpiecze\u0144stwa motocyklisty. Wykonane z pe\u0142noziarnistej sk\u00f3ry bydl\u0119cej lub sk\u00f3ry bawolej, ka\u017cdy element jest zbudowany tak, aby przetrwa\u0107 ka\u017cd\u0105 mil\u0119 i wspomnienie.<\/p>\n<p data-start=\"2062\" data-end=\"2449\">Nasza oferta obejmuje modele zapinane na guziki, z zamkiem b\u0142yskawicznym i sznurowane z boku, o klasycznym kroju i swobodnym kroju. Kamizelki te zapewniaj\u0105 lekk\u0105 ochron\u0119 tu\u0142owia podczas jazdy w ciep\u0142e dni lub mog\u0105 by\u0107 nak\u0142adane na kurtki motocyklowe w ch\u0142odniejszych porach roku. Dzi\u0119ki wzmocnionym szwom i grubej strukturze sk\u00f3ry, oferuj\u0105 one odporno\u015b\u0107 na wiatr i bezpieczne dopasowanie, zapewniaj\u0105c jednocze\u015bnie swobod\u0119 ruch\u00f3w niezb\u0119dn\u0105 dla motocyklist\u00f3w.<\/p>\n<p data-start=\"2451\" data-end=\"2875\">Oferujemy r\u00f3\u017cne style, aby zaspokoi\u0107 potrzeby wszystkich segment\u00f3w rynku. Nasze br\u0105zowe kamizelki w stylu vintage maj\u0105 polerowane wyko\u0144czenia i antyczne mosi\u0119\u017cne guziki, kt\u00f3re nadaj\u0105 im surowy ameryka\u0144ski wygl\u0105d. Czarne kamizelki maj\u0105 przyjazne dla gang\u00f3w motocyklowych p\u0142askie fronty z wewn\u0119trznymi i zewn\u0119trznymi kieszeniami na portfele, ukryte akcesoria i narz\u0119dzia. Niekt\u00f3re modele s\u0105 wyposa\u017cone w boczne sznurowad\u0142a umo\u017cliwiaj\u0105ce rozszerzenie, tylne panele do haftowania du\u017cych naszywek lub perforowane podszewki zapewniaj\u0105ce przep\u0142yw powietrza.<\/p>\n<p data-start=\"2877\" data-end=\"3234\">Wszystkie kamizelki mo\u017cna dostosowa\u0107, aby odzwierciedla\u0142y to\u017csamo\u015b\u0107 marki lub przynale\u017cno\u015b\u0107 klubow\u0105. Obs\u0142ugujemy niestandardowe umieszczanie naszywek, haftowane logo, grawerowanie laserowe i unikalne projekty tylnego panelu. Nasz warsztat wsp\u00f3\u0142pracuje bezpo\u015brednio z klubami i sklepami w celu prototypowania i dostarczania zam\u00f3wie\u0144 hurtowych. Grubo\u015b\u0107 sk\u00f3ry waha si\u0119 od 1,0 do 1,3 mm, oferuj\u0105c zar\u00f3wno struktur\u0119, jak i komfort.<\/p>\n<p data-start=\"3236\" data-end=\"3605\">Opcje podszewki obejmuj\u0105 satyn\u0119, poliester lub siatk\u0119. Systemy zamykania obejmuj\u0105 wysokiej jako\u015bci zamki b\u0142yskawiczne YKK lub odporne na rdz\u0119 zatrzaski. Niekt\u00f3re modele premium posiadaj\u0105 wiele wewn\u0119trznych kieszeni z opcj\u0105 kabury na bro\u0144 lub bezpiecznymi przegr\u00f3dkami na telefon kom\u00f3rkowy. Niezale\u017cnie od tego, czy kupuj\u0105cy to klasyczni motocykli\u015bci cruiser, miejscy fashioni\u015bci, czy mi\u0142o\u015bnicy Vespy, nasze kamizelki pasuj\u0105 do ka\u017cdego stylu \u017cycia.<\/p>\n<p data-start=\"3607\" data-end=\"3988\">Produkujemy te kamizelki motocyklowe pod mark\u0105 Ryinz spol. s.r.o. z siedzib\u0105 w Czechach, oferuj\u0105c wsparcie B2B w ca\u0142ej UE. Wszystkie faktury s\u0105 przetwarzane w Europie, z przejrzystymi cenami, przyjazn\u0105 dla celnik\u00f3w wysy\u0142k\u0105 i szybkim wsparciem. Nabywcy w Niemczech, Francji, W\u0142oszech, Polsce, Holandii i Hiszpanii ju\u017c dystrybuuj\u0105 nasze kamizelki z doskona\u0142ym zadowoleniem klient\u00f3w.<\/p>\n<p data-start=\"3990\" data-end=\"4290\">Od targ\u00f3w motocyklowych po sklepy internetowe z odzie\u017c\u0105, nasze sk\u00f3rzane kamizelki motocyklowe oferuj\u0105 elastyczny produkt o szerokim zastosowaniu. S\u0105 one szczeg\u00f3lnie popularne w przypadku zam\u00f3wie\u0144 klubowych, imprez promocyjnych, \u015blub\u00f3w motocyklowych i weekendowych wycieczek. Motocykli\u015bci uwielbiaj\u0105 minimaln\u0105 wag\u0119 i siln\u0105 prezencj\u0119, jak\u0105 oferuje ta odzie\u017c.<\/p>\n<p data-start=\"4292\" data-end=\"4644\">Nasza rozmiar\u00f3wka jest zgodna ze standardem UE i obejmuje rozmiary od XS do 5XL. Oferujemy r\u00f3wnie\u017c ponadwymiarowe i wysokie opcje dopasowania. Minimalna ilo\u015b\u0107 zam\u00f3wienia na kamizelki niestandardowe wynosi zaledwie 30 sztuk, a pr\u00f3bki mo\u017cemy dostarczy\u0107 z wyprzedzeniem do zatwierdzenia. Dla marek chc\u0105cych budowa\u0107 kolekcje lub sprzedawc\u00f3w internetowych potrzebuj\u0105cych powtarzalnych zapas\u00f3w, oferujemy r\u00f3wnie\u017c produkcj\u0119 pod mark\u0105 white-label.<\/p>\n<p data-start=\"4646\" data-end=\"4774\">Niech Ryinz b\u0119dzie Twoim europejskim partnerem w zakresie kamizelek sk\u00f3rzanych - wnosz\u0105c dziedzictwo, wydajno\u015b\u0107 i personalizacj\u0119 do Twojej linii odzie\u017cy motocyklowej.<\/p>","protected":false},"excerpt":{"rendered":"<p data-start=\"349\" data-end=\"711\">Nasze sk\u00f3rzane kamizelki motocyklowe oferuj\u0105 idealne po\u0142\u0105czenie to\u017csamo\u015bci motocyklisty, ochrony i stylu. Wykonane z najwy\u017cszej jako\u015bci sk\u00f3ry bydl\u0119cej i bawolej, kamizelki te s\u0105 dostosowane do potrzeb klub\u00f3w motocyklowych, zwyk\u0142ych motocyklist\u00f3w i sprzedawc\u00f3w odzie\u017cy w ca\u0142ej Europie. Dost\u0119pne w wersjach zapinanych na guziki, zamek b\u0142yskawiczny i sznurowanych, nasze kamizelki pasuj\u0105 do r\u00f3\u017cnych cel\u00f3w jazdy i potrzeb modowych.<\/p>\n<p data-start=\"713\" data-end=\"971\">Te kamizelki motocyklowe zapewniaj\u0105 podstawow\u0105 ochron\u0119 klatki piersiowej i s\u0105 powszechnie noszone na sk\u00f3rzanych kurtkach lub bluzach z kapturem. Dzi\u0119ki opcjom ukrytych kieszeni, kieszeni na suwak, wewn\u0119trznej podszewki i stref haftu, nasze kamizelki s\u0105 w pe\u0142ni konfigurowalne dla klub\u00f3w i marek.<\/p>\n<p data-start=\"973\" data-end=\"1304\">Niezale\u017cnie od tego, czy jeste\u015b w\u0142a\u015bcicielem sklepu motocyklowego, hurtownikiem, czy mark\u0105 poszukuj\u0105c\u0105 produkcji pod w\u0142asn\u0105 mark\u0105, nasza fabryka oferuje niskie MOQ, szybkie realizacje i dostawy na terenie UE z fakturami VAT. Kamizelki s\u0105 wykonane w wytrzyma\u0142ych stylach - br\u0105zowym w stylu vintage, klasycznej czerni i postarzanych sk\u00f3rzanych wyko\u0144czeniach - zaprojektowanych tak, aby pasowa\u0142y do sprz\u0119tu motocyklowego lub odzie\u017cy ulicznej.<\/p>\n<p data-start=\"1306\" data-end=\"1599\">Idealne dla klub\u00f3w motocyklowych, wycieczek motocyklowych, europejskich festiwali lub miejskich marek modowych, te sk\u00f3rzane kamizelki s\u0105 dost\u0119pne w rozmiarach XS-5XL i mog\u0105 zawiera\u0107 niestandardowe marki, takie jak naszywki lub logo. Od Czech po Niemcy i od Hiszpanii po Francj\u0119, Ryinz jest niezawodnym partnerem w zakresie sk\u00f3rzanej odzie\u017cy motocyklowej.<\/p>","protected":false},"featured_media":10149,"comment_status":"closed","ping_status":"closed","template":"","meta":[],"product_brand":[35],"product_cat":[438,68],"product_tag":[439,440,441,442,443,444,445,446,447,448,449,450,451,452,453],"class_list":{"0":"post-9281","1":"product","2":"type-product","3":"status-publish","4":"has-post-thumbnail","6":"product_brand-ryinz","7":"product_cat-leather-motorbike-pants","8":"product_cat-ryinz","9":"product_tag-buffalo-leather-motorbike-vests-eu","10":"product_tag-classic-mens-leather-vests-for-riders","11":"product_tag-club-patch-ready-motorcycle-vests","13":"product_tag-distressed-brown-biker-vest-supplier","14":"product_tag-leather-biker-vests-wholesale-europe","15":"product_tag-motorbike-vest-with-concealed-pocket","16":"product_tag-motorcycle-apparel-supplier-in-eu","17":"product_tag-motorcycle-club-vests-manufacturer-eu","18":"product_tag-motorcycle-vest-with-pockets-b2b","19":"product_tag-private-label-biker-vest-supplier","20":"product_tag-side-lace-leather-biker-vest-europe","21":"product_tag-urban-rider-leather-vest-wholesale","22":"product_tag-wholesale-riding-vest-czech-exporter","23":"product_tag-zipper-and-button-leather-vests-b2b","25":"first","26":"instock","27":"taxable","28":"shipping-taxable","29":"purchasable","30":"product-type-simple"},"_links":{"self":[{"href":"https:\/\/ryinz.cz\/velkoobchod\/pl\/wp-json\/wp\/v2\/product\/9281","targetHints":{"allow":["GET"]}}],"collection":[{"href":"https:\/\/ryinz.cz\/velkoobchod\/pl\/wp-json\/wp\/v2\/product"}],"about":[{"href":"https:\/\/ryinz.cz\/velkoobchod\/pl\/wp-json\/wp\/v2\/types\/product"}],"replies":[{"embeddable":true,"href":"https:\/\/ryinz.cz\/velkoobchod\/pl\/wp-json\/wp\/v2\/comments?post=9281"}],"wp:featuredmedia":[{"embeddable":true,"href":"https:\/\/ryinz.cz\/velkoobchod\/pl\/wp-json\/wp\/v2\/media\/10149"}],"wp:attachment":[{"href":"https:\/\/ryinz.cz\/velkoobchod\/pl\/wp-json\/wp\/v2\/media?parent=9281"}],"wp:term":[{"taxonomy":"product_brand","embeddable":true,"href":"https:\/\/ryinz.cz\/velkoobchod\/pl\/wp-json\/wp\/v2\/product_brand?post=9281"},{"taxonomy":"product_cat","embeddable":true,"href":"https:\/\/ryinz.cz\/velkoobchod\/pl\/wp-json\/wp\/v2\/product_cat?post=9281"},{"taxonomy":"product_tag","embeddable":true,"href":"https:\/\/ryinz.cz\/velkoobchod\/pl\/wp-json\/wp\/v2\/product_tag?post=9281"}],"curies":[{"name":"wp","href":"https:\/\/api.w.org\/{rel}","templated":true}]}}