{"id":9266,"date":"2025-08-26T11:48:35","date_gmt":"2025-08-26T11:48:35","guid":{"rendered":"https:\/\/ryinz.cz\/velkoobchod\/?post_type=product&#038;p=9266"},"modified":"2026-01-18T20:18:36","modified_gmt":"2026-01-18T20:18:36","slug":"skorzane-spodnie-motocyklowe-z-certyfikatem-ce-niestandardowe-spodnie-motocyklowe-b2b-z-ochrona-kolan-dla-kierowcow-torowych","status":"publish","type":"product","link":"https:\/\/ryinz.cz\/velkoobchod\/pl\/product\/ce-certified-leather-motorbike-pants-custom-b2b-motorcycle-trousers-with-knee-protection-for-track-road-riders\/","title":{"rendered":"Sk\u00f3rzane spodnie motocyklowe z certyfikatem CE - niestandardowe spodnie motocyklowe B2B z ochron\u0105 kolan dla kierowc\u00f3w torowych i drogowych"},"content":{"rendered":"<p data-start=\"1704\" data-end=\"2049\">Zaprojektowane z my\u015bl\u0105 o wydajno\u015bci, nasze sk\u00f3rzane spodnie motocyklowe s\u0105 niezb\u0119dn\u0105 zbroj\u0105 dolnej cz\u0119\u015bci cia\u0142a dla motocyklist\u00f3w, kt\u00f3rzy nie uznaj\u0105 kompromis\u00f3w w zakresie ochrony, komfortu lub funkcjonalno\u015bci. Wykonane z wysokiej jako\u015bci sk\u00f3ry bydl\u0119cej i spe\u0142niaj\u0105ce lub przekraczaj\u0105ce standardy certyfikacji CE, spodnie te s\u0105 przeznaczone do d\u0142ugich przeja\u017cd\u017cek, szybkich zakr\u0119t\u00f3w i wszystkiego pomi\u0119dzy.<\/p>\n<p data-start=\"2051\" data-end=\"2502\">Ka\u017cda para jest wykonana z prawdziwej sk\u00f3ry o grubo\u015bci 1,2-1,4 mm, oferuj\u0105c doskona\u0142\u0105 odporno\u015b\u0107 na \u015bcieranie i d\u0142ugotrwa\u0142\u0105 trwa\u0142o\u015b\u0107. Spodnie posiadaj\u0105 potr\u00f3jne szwy w krytycznych strefach, zapewniaj\u0105c dodatkow\u0105 wytrzyma\u0142o\u015b\u0107 tam, gdzie jest to najbardziej potrzebne. Je\u017ad\u017acy s\u0105 chronieni przez zintegrowany lub zdejmowany pancerz z certyfikatem CE na kolanach i biodrach. Gniazda pancerza s\u0105 \u0142atwo dost\u0119pne i wymienne, dzi\u0119ki czemu spodnie nadaj\u0105 si\u0119 do codziennej jazdy, wy\u015bcig\u00f3w lub treningu kaskaderskiego.<\/p>\n<p data-start=\"2504\" data-end=\"2861\">Akordeonowe elastyczne panele na kolanach i tylnej cz\u0119\u015bci talii zapewniaj\u0105 doskona\u0142\u0105 swobod\u0119 ruch\u00f3w na rowerze i poza nim. Strefy te wyginaj\u0105 si\u0119 naturalnie wraz z pozycj\u0105 cia\u0142a rowerzysty, jednocze\u015bnie zmniejszaj\u0105c napi\u0119cie i punkty nacisku. Wentylowane sk\u00f3rzane panele lub zapinane na zamek otwory wentylacyjne zapewniaj\u0105 opcjonalny przep\u0142yw powietrza, pomagaj\u0105c regulowa\u0107 temperatur\u0119 cia\u0142a podczas d\u0142u\u017cszych przeja\u017cd\u017cek w ciep\u0142ych warunkach.<\/p>\n<p data-start=\"2863\" data-end=\"3197\">Aby zwi\u0119kszy\u0107 u\u017cyteczno\u015b\u0107, uwzgl\u0119dnili\u015bmy takie funkcje, jak zapinane na zamek otwory na nogi do integracji but\u00f3w, zamki b\u0142yskawiczne \u0142\u0105cz\u0105ce kurtk\u0119 i wewn\u0119trzna podszewka z siatki do odprowadzania wilgoci. Wewn\u0119trzna podszewka jest mi\u0119kka, oddychaj\u0105ca i zmniejsza tarcie o sk\u00f3r\u0119 podczas jazdy. Kieszenie s\u0105 dyskretne, ale dost\u0119pne dla ma\u0142ych niezb\u0119dnych rzeczy, takich jak klucze lub karty.<\/p>\n<p data-start=\"3199\" data-end=\"3475\">Dost\u0119pnych jest wiele styl\u00f3w - od wy\u015bcigowych czerwono-czarnych kombinacji po klasyczne matowe czarne wyko\u0144czenia i br\u0105zowe opcje retro. Rowerzy\u015bci, kt\u00f3rzy ceni\u0105 sobie widoczno\u015b\u0107, mog\u0105 wybra\u0107 modele z odblaskowymi lam\u00f3wkami lub jasnymi akcentami kolorystycznymi, aby zwi\u0119kszy\u0107 bezpiecze\u0144stwo podczas nocnych lub mglistych przeja\u017cd\u017cek.<\/p>\n<p data-start=\"3477\" data-end=\"3773\">Personalizacja jest dost\u0119pna dla kupuj\u0105cych potrzebuj\u0105cych okre\u015blonego brandingu, kolor\u00f3w lub rozmiar\u00f3w. Mo\u017cesz doda\u0107 swoje logo lub dostosowa\u0107 szczeg\u00f3\u0142y stylizacji, aby pasowa\u0142y do Twojej linii produkt\u00f3w. Jako producent hurtowy obs\u0142ugujemy zar\u00f3wno gotowe, jak i wykonane na zam\u00f3wienie spodnie motocyklowe pod Twoj\u0105 mark\u0105 lub nasz\u0105 og\u00f3ln\u0105 etykiet\u0105.<\/p>\n<p data-start=\"3775\" data-end=\"4109\">Zaopatrujemy sprzedawc\u00f3w detalicznych, dealer\u00f3w B2B, dru\u017cyny sportowe i prywatne marki w ca\u0142ej Europie. Nasza firma, Ryinz spol. s.r.o., ma siedzib\u0119 w Czechach i zajmuje si\u0119 wszystkimi wymogami UE w zakresie importu, fakturowania i wysy\u0142ki. Kupuj\u0105cy w Niemczech, Polsce, Francji, W\u0142oszech i Hiszpanii polegaj\u0105 na nas za sta\u0142\u0105 jako\u015b\u0107, przejrzyst\u0105 komunikacj\u0119 i konkurencyjne ceny.<\/p>\n<p data-start=\"4111\" data-end=\"4379\">Niezale\u017cnie od tego, czy Twoi klienci doje\u017cd\u017caj\u0105 do pracy w mie\u015bcie, \u015bcigaj\u0105 si\u0119 w weekendy, czy uprawiaj\u0105 turystyk\u0119 przygodow\u0105, te spodnie zapewniaj\u0105 im bezpiecze\u0144stwo i wydajno\u015b\u0107, kt\u00f3rych oczekuj\u0105. Zapewniamy pe\u0142n\u0105 tabel\u0119 rozmiar\u00f3w (od XS do 5XL), us\u0142ugi pr\u00f3bkowania, szybk\u0105 produkcj\u0119 i niskie minimalne ilo\u015bci zam\u00f3wie\u0144.<\/p>\n<p data-start=\"4381\" data-end=\"4598\">Uczestniczymy r\u00f3wnie\u017c w wystawach i targach motocyklowych w ca\u0142ej Europie, oferuj\u0105c bezpo\u015brednie recenzje produkt\u00f3w i d\u0142ugoterminow\u0105 wsp\u00f3\u0142prac\u0119. Skontaktuj si\u0119 z nami, aby poprosi\u0107 o pr\u00f3bki lub um\u00f3wi\u0107 si\u0119 na rozmow\u0119 telefoniczn\u0105 w celu om\u00f3wienia Twoich potrzeb B2B.<\/p>\n<p data-start=\"4600\" data-end=\"4773\">Wybieraj\u0105c nasze sk\u00f3rzane spodnie motocyklowe, wybierasz nie tylko sprz\u0119t - wybierasz zaufan\u0105 ochron\u0119 popart\u0105 wieloletnim europejskim do\u015bwiadczeniem w zakresie odzie\u017cy ochronnej dla kierowc\u00f3w.<\/p>","protected":false},"excerpt":{"rendered":"<p data-start=\"328\" data-end=\"625\">Nasze sk\u00f3rzane spodnie motocyklowe z certyfikatem CE oferuj\u0105 powa\u017cn\u0105 ochron\u0119 i komfort dla motocyklist\u00f3w, kt\u00f3rzy wymagaj\u0105 wysokiej jako\u015bci sprz\u0119tu. Spodnie te zosta\u0142y zaprojektowane zar\u00f3wno dla motocyklist\u00f3w szosowych, jak i torowych, ze wzmocnionymi panelami w kluczowych punktach uderzenia, ergonomicznym kszta\u0142tem i strefami rozci\u0105gania dla nieograniczonego ruchu.<\/p>\n<p data-start=\"627\" data-end=\"949\">Ka\u017cda para jest wykonana z wysokiej jako\u015bci sk\u00f3ry bydl\u0119cej (o grubo\u015bci 1,2-1,4 mm), aby zapewni\u0107 doskona\u0142\u0105 odporno\u015b\u0107 na \u015bcieranie i d\u0142ugoterminow\u0105 trwa\u0142o\u015b\u0107. Zintegrowana ochrona na poziomie CE na kolanach i opcjonalny pancerz na biodrach. Akordeonowe elastyczne panele i zapinane na zamek mankiety u\u0142atwiaj\u0105 noszenie z butami i kompatybilnymi kurtkami.<\/p>\n<p data-start=\"951\" data-end=\"1187\">Sk\u00f3rzane spodnie s\u0105 dost\u0119pne w stylach wy\u015bcigowych, miejskiej czerni i dobrze widocznych kolorach akcentuj\u0105cych, takich jak czerwony, pomara\u0144czowy i bia\u0142y, pomagaj\u0105c je\u017ad\u017acom pozosta\u0107 widocznymi i stylowymi. Wszystkie spodnie s\u0105 kompatybilne z wi\u0119kszo\u015bci\u0105 kurtek je\u017adzieckich dzi\u0119ki zamkom b\u0142yskawicznym.<\/p>\n<p data-start=\"1189\" data-end=\"1419\">Idealne dla sprzedawc\u00f3w detalicznych, sklep\u00f3w internetowych lub marek poszukuj\u0105cych odzie\u017cy motocyklowej OEM lub marki w\u0142asnej. Dzi\u0119ki niskiemu MOQ i pe\u0142nej personalizacji nasze sk\u00f3rzane spodnie ciesz\u0105 si\u0119 zaufaniem zar\u00f3wno profesjonalist\u00f3w, jak i zapalonych motocyklist\u00f3w w ca\u0142ej Europie.<\/p>\n<p data-start=\"1421\" data-end=\"1648\">Ryinz oferuje rozwi\u0105zania B2B z fakturowaniem z naszej czeskiej firmy, szybk\u0105 wysy\u0142k\u0105 w 28 krajach i elastycznym wsparciem. Niezale\u017cnie od tego, czy jeste\u015b dealerem, czy dystrybutorem, nasze sk\u00f3rzane spodnie motocyklowe oferuj\u0105 bezkonkurencyjn\u0105 warto\u015b\u0107 i bezpiecze\u0144stwo.<\/p>","protected":false},"featured_media":10148,"comment_status":"closed","ping_status":"closed","template":"","meta":[],"product_brand":[35],"product_cat":[438,68],"product_tag":[422,423,424,425,426,427,428,429,430,432,433,434,435,436,437],"class_list":{"0":"post-9266","1":"product","2":"type-product","3":"status-publish","4":"has-post-thumbnail","6":"product_brand-ryinz","7":"product_cat-leather-motorbike-pants","8":"product_cat-ryinz","9":"product_tag-b2b-motorbike-gear-czech-manufacturer","10":"product_tag-bulk-order-motorbike-protective-clothing","11":"product_tag-buy-motorcycle-suits-wholesale-online","12":"product_tag-ce-certified-leather-motorbike-suits","13":"product_tag-custom-motorbike-suits-with-branding","14":"product_tag-custom-made-leather-riding-suits-europe","15":"product_tag-durable-motorcycle-safety-gear-supplier","16":"product_tag-eu-approved-protective-biker-clothing","17":"product_tag-european-supplier-of-leather-race-suits","18":"product_tag-one-piece-biker-leather-racing-suit","19":"product_tag-private-label-motorbike-suits-manufacturer","20":"product_tag-professional-racing-suit-for-bikers","21":"product_tag-racing-leather-suits-for-eu-road-riders","22":"product_tag-track-ready-motorcycle-leather-apparel","23":"product_tag-wholesale-motorcycle-racing-suits-europe","25":"first","26":"instock","27":"taxable","28":"shipping-taxable","29":"purchasable","30":"product-type-simple"},"_links":{"self":[{"href":"https:\/\/ryinz.cz\/velkoobchod\/pl\/wp-json\/wp\/v2\/product\/9266","targetHints":{"allow":["GET"]}}],"collection":[{"href":"https:\/\/ryinz.cz\/velkoobchod\/pl\/wp-json\/wp\/v2\/product"}],"about":[{"href":"https:\/\/ryinz.cz\/velkoobchod\/pl\/wp-json\/wp\/v2\/types\/product"}],"replies":[{"embeddable":true,"href":"https:\/\/ryinz.cz\/velkoobchod\/pl\/wp-json\/wp\/v2\/comments?post=9266"}],"wp:featuredmedia":[{"embeddable":true,"href":"https:\/\/ryinz.cz\/velkoobchod\/pl\/wp-json\/wp\/v2\/media\/10148"}],"wp:attachment":[{"href":"https:\/\/ryinz.cz\/velkoobchod\/pl\/wp-json\/wp\/v2\/media?parent=9266"}],"wp:term":[{"taxonomy":"product_brand","embeddable":true,"href":"https:\/\/ryinz.cz\/velkoobchod\/pl\/wp-json\/wp\/v2\/product_brand?post=9266"},{"taxonomy":"product_cat","embeddable":true,"href":"https:\/\/ryinz.cz\/velkoobchod\/pl\/wp-json\/wp\/v2\/product_cat?post=9266"},{"taxonomy":"product_tag","embeddable":true,"href":"https:\/\/ryinz.cz\/velkoobchod\/pl\/wp-json\/wp\/v2\/product_tag?post=9266"}],"curies":[{"name":"wp","href":"https:\/\/api.w.org\/{rel}","templated":true}]}}