{"id":9251,"date":"2025-08-26T11:48:35","date_gmt":"2025-08-26T11:48:35","guid":{"rendered":"https:\/\/ryinz.cz\/velkoobchod\/?post_type=product&#038;p=9251"},"modified":"2026-01-18T20:18:35","modified_gmt":"2026-01-18T20:18:35","slug":"niestandardowe-skorzane-kurtki-motocyklowe-z-certyfikatem-ce-dla-hurtowej-odziezy-ochronnej-motocyklowej-b2b-dla-kierowcow-drogowych-ue","status":"publish","type":"product","link":"https:\/\/ryinz.cz\/velkoobchod\/pl\/product\/custom-ce-certified-leather-motorbike-jackets-for-b2b-wholesale-protective-motorcycle-outerwear-for-eu-road-riders\/","title":{"rendered":"Niestandardowe sk\u00f3rzane kurtki motocyklowe z certyfikatem CE dla hurtowni B2B - ochronna odzie\u017c motocyklowa dla kierowc\u00f3w drogowych w UE"},"content":{"rendered":"<p data-start=\"1723\" data-end=\"2171\">Nasze sk\u00f3rzane kurtki motocyklowe stanowi\u0105 idealne po\u0142\u0105czenie ochrony, wszechstronno\u015bci i estetyki dla powa\u017cnych kierowc\u00f3w i \u015bwiadomych stylu motocyklist\u00f3w w ca\u0142ej Europie. Zaprojektowane, aby sprosta\u0107 zmieniaj\u0105cym si\u0119 wymaganiom wsp\u00f3\u0142czesnych u\u017cytkownik\u00f3w motocykli, nasze kurtki posiadaj\u0105 certyfikat CE i s\u0105 produkowane z wytrzyma\u0142ej, elastycznej sk\u00f3ry bydl\u0119cej o grubo\u015bci od 1,1 do 1,3 mm - idealnej do codziennego u\u017cytku na drodze, jazdy po mie\u015bcie, d\u0142ugodystansowych wycieczek, a nawet \u015brodowisk torowych.<\/p>\n<p data-start=\"2173\" data-end=\"2647\">Ka\u017cda kurtka z tej kolekcji jest produkowana z my\u015bl\u0105 o bezpiecze\u0144stwie. Wk\u0142adki ochronne na \u0142okciach, ramionach i plecach s\u0105 zintegrowane lub wyjmowane, spe\u0142niaj\u0105c normy CE Level 1 lub 2, w zale\u017cno\u015bci od specyfikacji nabywcy. Pancerz jest lekki i poch\u0142ania uderzenia, pomagaj\u0105c zapobiega\u0107 urazom podczas upadk\u00f3w. Opr\u00f3cz wy\u015bcie\u0142anych obszar\u00f3w, kurtki s\u0105 szyte przy u\u017cyciu nici o wysokiej wytrzyma\u0142o\u015bci na rozci\u0105ganie, wzmocnionych we wszystkich szwach i strefach nacisku.<\/p>\n<p data-start=\"2649\" data-end=\"3111\">Rowerzy\u015bci doceni\u0105 ergonomiczny kszta\u0142t tych kurtek. Niezale\u017cnie od tego, czy jest to w\u0105ski kr\u00f3j wy\u015bcigowy, lu\u017ana kurtka turystyczna, czy hybrydowa konstrukcja dual-sport, ka\u017cda kurtka jest wykonana tak, aby zmniejszy\u0107 op\u00f3r wiatru, jednocze\u015bnie zapewniaj\u0105c elastyczno\u015b\u0107 g\u00f3rnej cz\u0119\u015bci cia\u0142a. Panele z elastycznego materia\u0142u lub sk\u00f3ry akordeonowej na ramionach i \u0142okciach pomagaj\u0105 dostosowa\u0107 si\u0119 do naturalnych ruch\u00f3w podczas jazdy. Wysokie ko\u0142nierze, mankiety na zatrzaski i zapi\u0119cia blokuj\u0105ce wiatr zwi\u0119kszaj\u0105 funkcjonalno\u015b\u0107 podczas d\u0142ugich przeja\u017cd\u017cek w r\u00f3\u017cnych klimatach.<\/p>\n<p data-start=\"3113\" data-end=\"3441\">W ch\u0142odniejszych warunkach pikowane podszewki termiczne zatrzymuj\u0105 ciep\u0142o i utrzymuj\u0105 ciep\u0142o cia\u0142a, a rozpinane na zamek podszewki umo\u017cliwiaj\u0105 przekszta\u0142cenie w oddychaj\u0105c\u0105 letni\u0105 kurtk\u0119 w ci\u0105gu kilku minut. Wentylacyjne zamki b\u0142yskawiczne lub panele z siatki zapewniaj\u0105 cyrkulacj\u0119 powietrza w gor\u0105ce dni. Wszystkie zamki b\u0142yskawiczne YKK s\u0105 wytrzyma\u0142e i odporne na zu\u017cycie przez wiele lat.<\/p>\n<p data-start=\"3443\" data-end=\"3829\">Atrakcyjno\u015b\u0107 wizualna jest r\u00f3wnie wa\u017cna. Oferujemy szerok\u0105 gam\u0119 akcent\u00f3w kolorystycznych, takich jak czarne z bia\u0142ymi paskami, ca\u0142kowicie czarne kurtki typu stealth, br\u0105zowe wyko\u0144czenia w stylu vintage i style wyczynowe z neonowymi panelami o wysokiej widoczno\u015bci. Odblaskowe paski s\u0105 dodawane w celu zwi\u0119kszenia widoczno\u015bci podczas nocnych przeja\u017cd\u017cek. Logo mo\u017cna doda\u0107 na klatce piersiowej, r\u0119kawach lub plecach, w zale\u017cno\u015bci od potrzeb zwi\u0105zanych z brandingiem.<\/p>\n<p data-start=\"3831\" data-end=\"4140\">Nasze kurtki s\u0105 dost\u0119pne w rozmiarach od XS do 5XL, a niestandardowe rozmiary s\u0105 dost\u0119pne na \u017cyczenie. Mo\u017cesz wybiera\u0107 mi\u0119dzy standardowymi stylami z naszego katalogu lub przes\u0142a\u0107 sw\u00f3j projekt do niestandardowej produkcji OEM. Mamy do\u015bwiadczenie w dostarczaniu markom, klubom i modnym sprzedawcom gotowych do sprzeda\u017cy lub bia\u0142ych etykiet.<\/p>\n<p data-start=\"4142\" data-end=\"4535\">Ca\u0142a produkcja jest obs\u0142ugiwana z zapewnieniem jako\u015bci na ka\u017cdym etapie, dzi\u0119ki czemu ka\u017cdy dostarczony element spe\u0142nia oczekiwania. Nasza firma, Ryinz spol. s.r.o., ma siedzib\u0119 w Czechach i zapewnia pe\u0142n\u0105 dokumentacj\u0119 UE, odpraw\u0119 celn\u0105 i wsparcie w zakresie fakturowania. Jako zaufany dostawca B2B zarz\u0105dzamy wszystkim, od wst\u0119pnego pobierania pr\u00f3bek do ostatecznego eksportu, dzi\u0119ki czemu kupuj\u0105cy otrzymuj\u0105 p\u0142ynn\u0105, woln\u0105 od ryzyka dostaw\u0119.<\/p>\n<p data-start=\"4537\" data-end=\"4857\">Je\u015bli jeste\u015b sprzedawc\u0105 detalicznym lub dystrybutorem, kt\u00f3ry chce rozszerzy\u0107 swoj\u0105 ofert\u0119 odzie\u017cy motocyklowej o kurtki najwy\u017cszej jako\u015bci, nasze elastyczne MOQ i wsparcie dla marek w\u0142asnych u\u0142atwiaj\u0105 rozpocz\u0119cie pracy. Obs\u0142ugujemy klient\u00f3w w ponad 28 krajach europejskich i mo\u017cemy pom\u00f3c w regionalnych tabelach rozmiar\u00f3w, zgodno\u015bci z etykietami i projektowaniu katalog\u00f3w.<\/p>\n<p data-start=\"4859\" data-end=\"5124\">Nasze sk\u00f3rzane kurtki motocyklowe to nie tylko odzie\u017c - to kluczowy element wyposa\u017cenia ochronnego kierowcy. Dzi\u0119ki po\u0142\u0105czeniu stylu, wygody i ochrony z certyfikatem CE Twoi klienci zyskuj\u0105 pewno\u015b\u0107, kt\u00f3rej potrzebuj\u0105, a Twoja firma zyskuje wydajno\u015b\u0107, na jak\u0105 zas\u0142uguje.<\/p>","protected":false},"excerpt":{"rendered":"<p data-start=\"373\" data-end=\"669\">Nasza kolekcja sk\u00f3rzanych kurtek motocyklowych z certyfikatem CE zosta\u0142a zaprojektowana z my\u015bl\u0105 o bezpiecze\u0144stwie na drodze, komforcie kierowcy i stylowej wydajno\u015bci. Kurtki te \u0142\u0105cz\u0105 klasyczn\u0105 wytrzyma\u0142o\u015b\u0107 sk\u00f3ry bydl\u0119cej z nowoczesnymi systemami ochrony, zapewniaj\u0105c doskona\u0142\u0105 odporno\u015b\u0107 na \u015bcieranie, uderzenia i warunki pogodowe.<\/p>\n<p data-start=\"671\" data-end=\"971\">Dopasowana do potrzeb codziennych u\u017cytkownik\u00f3w dr\u00f3g, profesjonalnych kolarzy, rowerzyst\u00f3w dostawczych i entuzjast\u00f3w turystyki, ka\u017cda kurtka zawiera ochronne ochraniacze na \u0142okciach, ramionach i kr\u0119gos\u0142upie. Wykonane z my\u015bl\u0105 o ca\u0142orocznej u\u017cyteczno\u015bci, kurtki te zawieraj\u0105 zar\u00f3wno wentylowane panele na lato, jak i wk\u0142adki termiczne do jazdy zim\u0105.<\/p>\n<p data-start=\"973\" data-end=\"1284\">Oferujemy wiele styl\u00f3w, w tym sk\u00f3rzane wyko\u0144czenia w stylu vintage, kroje wy\u015bcigowe i neonowe wyko\u0144czenia o wysokiej widoczno\u015bci, zapewniaj\u0105c opcj\u0119 dla ka\u017cdego rynku i to\u017csamo\u015bci marki. Naszymi klientami s\u0105 sprzedawcy detaliczni, odsprzedawcy i dystrybutorzy w Niemczech, Hiszpanii, Francji, Czechach i Holandii.<\/p>\n<p data-start=\"1286\" data-end=\"1669\">Niestandardowe logo, hafty, wyb\u00f3r kolor\u00f3w i rozmiar\u00f3w s\u0105 dost\u0119pne przy niskich minimalnych ilo\u015bciach zam\u00f3wienia (MOQ). Obs\u0142ugujemy prywatne marki i hurtowe zam\u00f3wienia B2B z fakturowaniem VAT UE i szybk\u0105 dostaw\u0105. Niezale\u017cnie od tego, czy zaopatrujesz sw\u00f3j sklep, wprowadzasz now\u0105 kolekcj\u0119, czy szukasz wysokiej jako\u015bci odzie\u017cy ochronnej, kurtki Ryinz ciesz\u0105 si\u0119 zaufaniem w ca\u0142ej Europie zar\u00f3wno pod wzgl\u0119dem wygl\u0105du, jak i wydajno\u015bci.<\/p>","protected":false},"featured_media":10141,"comment_status":"closed","ping_status":"closed","template":"","meta":[],"product_brand":[35],"product_cat":[68],"product_tag":[422,423,424,425,426,427,428,429,430,432,433,434,435,436,437],"class_list":{"0":"post-9251","1":"product","2":"type-product","3":"status-publish","4":"has-post-thumbnail","6":"product_brand-ryinz","7":"product_cat-ryinz","8":"product_tag-b2b-motorbike-gear-czech-manufacturer","9":"product_tag-bulk-order-motorbike-protective-clothing","10":"product_tag-buy-motorcycle-suits-wholesale-online","11":"product_tag-ce-certified-leather-motorbike-suits","12":"product_tag-custom-motorbike-suits-with-branding","13":"product_tag-custom-made-leather-riding-suits-europe","14":"product_tag-durable-motorcycle-safety-gear-supplier","15":"product_tag-eu-approved-protective-biker-clothing","16":"product_tag-european-supplier-of-leather-race-suits","17":"product_tag-one-piece-biker-leather-racing-suit","18":"product_tag-private-label-motorbike-suits-manufacturer","19":"product_tag-professional-racing-suit-for-bikers","20":"product_tag-racing-leather-suits-for-eu-road-riders","21":"product_tag-track-ready-motorcycle-leather-apparel","22":"product_tag-wholesale-motorcycle-racing-suits-europe","24":"first","25":"instock","26":"taxable","27":"shipping-taxable","28":"purchasable","29":"product-type-simple"},"_links":{"self":[{"href":"https:\/\/ryinz.cz\/velkoobchod\/pl\/wp-json\/wp\/v2\/product\/9251","targetHints":{"allow":["GET"]}}],"collection":[{"href":"https:\/\/ryinz.cz\/velkoobchod\/pl\/wp-json\/wp\/v2\/product"}],"about":[{"href":"https:\/\/ryinz.cz\/velkoobchod\/pl\/wp-json\/wp\/v2\/types\/product"}],"replies":[{"embeddable":true,"href":"https:\/\/ryinz.cz\/velkoobchod\/pl\/wp-json\/wp\/v2\/comments?post=9251"}],"wp:featuredmedia":[{"embeddable":true,"href":"https:\/\/ryinz.cz\/velkoobchod\/pl\/wp-json\/wp\/v2\/media\/10141"}],"wp:attachment":[{"href":"https:\/\/ryinz.cz\/velkoobchod\/pl\/wp-json\/wp\/v2\/media?parent=9251"}],"wp:term":[{"taxonomy":"product_brand","embeddable":true,"href":"https:\/\/ryinz.cz\/velkoobchod\/pl\/wp-json\/wp\/v2\/product_brand?post=9251"},{"taxonomy":"product_cat","embeddable":true,"href":"https:\/\/ryinz.cz\/velkoobchod\/pl\/wp-json\/wp\/v2\/product_cat?post=9251"},{"taxonomy":"product_tag","embeddable":true,"href":"https:\/\/ryinz.cz\/velkoobchod\/pl\/wp-json\/wp\/v2\/product_tag?post=9251"}],"curies":[{"name":"wp","href":"https:\/\/api.w.org\/{rel}","templated":true}]}}