{"id":9233,"date":"2025-08-26T11:48:35","date_gmt":"2025-08-26T11:48:35","guid":{"rendered":"https:\/\/ryinz.cz\/velkoobchod\/?post_type=product&#038;p=9233"},"modified":"2026-01-18T20:18:33","modified_gmt":"2026-01-18T20:18:33","slug":"hurtowe-niestandardowe-skorzane-kombinezony-motocyklowe-wyscigowe-pelna-ochrona-ciala-dla-kierowcow-z-ue-usa-oem-dostepne","status":"publish","type":"product","link":"https:\/\/ryinz.cz\/velkoobchod\/pl\/product\/wholesale-custom-leather-motorbike-racing-suits-full-body-protection-for-eu-usa-riders-oem-available\/","title":{"rendered":"Hurtowe niestandardowe sk\u00f3rzane kombinezony motocyklowe - pe\u0142na ochrona cia\u0142a dla kierowc\u00f3w z UE\/USA, dost\u0119pne OEM"},"content":{"rendered":"<p data-start=\"204\" data-end=\"725\">Nasze sk\u00f3rzane kombinezony do wy\u015bcig\u00f3w motocyklowych zosta\u0142y zaprojektowane z my\u015bl\u0105 o jednym jasnym celu: ochronie kierowc\u00f3w bez uszczerbku dla osi\u0105g\u00f3w, komfortu i stylu. Wykonany z najwy\u017cszej jako\u015bci sk\u00f3ry bydl\u0119cej o grubo\u015bci od 1,2 mm do 1,4 mm, ka\u017cdy produkowany przez nas kombinezon \u0142\u0105czy nowoczesne innowacje w zakresie bezpiecze\u0144stwa z klasyczn\u0105 estetyk\u0105 wy\u015bcigow\u0105. Niezale\u017cnie od tego, czy jeste\u015b amatorem, profesjonalnym kierowc\u0105 wy\u015bcigowym, czy sprzedawc\u0105 detalicznym poszukuj\u0105cym certyfikowanego sprz\u0119tu dla swoich klient\u00f3w, nasze kombinezony spe\u0142niaj\u0105 najwy\u017csze europejskie standardy w zakresie odzie\u017cy ochronnej.<\/p>\n<p data-start=\"727\" data-end=\"1263\">Ka\u017cdy sk\u00f3rzany kombinezon wy\u015bcigowy jest wykonany przy u\u017cyciu podw\u00f3jnych i potr\u00f3jnych szw\u00f3w o wysokiej wytrzyma\u0142o\u015bci, aby wzmocni\u0107 wszystkie strefy nara\u017cone na uderzenia. Na ramionach, \u0142okciach, kolanach i plecach montujemy pancerze z certyfikatem CE, aby zapewni\u0107 pe\u0142n\u0105 ochron\u0119 przed uderzeniami w razie wypadku lub upadku. Je\u017ad\u017acy mog\u0105 zdecydowa\u0107 si\u0119 na zaawansowane ulepszenia pancerza, takie jak D3O lub SAS-TEC, aby jeszcze lepiej poch\u0142ania\u0107 wstrz\u0105sy i rozprasza\u0107 energi\u0119. Kombinezony s\u0105 dopasowane do cia\u0142a, zapewniaj\u0105c jednocze\u015bnie swobod\u0119 ruch\u00f3w dzi\u0119ki elastycznym, rozci\u0105gliwym panelom w dolnej cz\u0119\u015bci plec\u00f3w, kolan i \u0142okci.<\/p>\n<p data-start=\"1265\" data-end=\"1758\">Nasze kombinezony s\u0105 jednocz\u0119\u015bciowe, preferowane przez motocyklist\u00f3w sportowych, zapewniaj\u0105c minimalny op\u00f3r wiatru i doskona\u0142\u0105 aerodynamik\u0119. Posiadaj\u0105 r\u00f3wnie\u017c strategicznie rozmieszczony aerodynamiczny garb pr\u0119dko\u015bci w tylnej g\u00f3rnej cz\u0119\u015bci plec\u00f3w, kt\u00f3ry nie tylko poprawia przep\u0142yw powietrza przy du\u017cych pr\u0119dko\u015bciach, ale tak\u017ce zapewnia dodatkow\u0105 ochron\u0119 szyi i kr\u0119gos\u0142upa. Ka\u017cdy element - od wytrzyma\u0142ych zamk\u00f3w b\u0142yskawicznych YKK po zapinane na rzep mankiety i ko\u0142nierz - zosta\u0142 wybrany tak, aby sprosta\u0107 rygorom wy\u015bcig\u00f3w i d\u0142ugotrwa\u0142ego u\u017cytkowania.<\/p>\n<p data-start=\"1760\" data-end=\"2157\">Komfort nie jest po\u015bwi\u0119cany na rzecz bezpiecze\u0144stwa. Ka\u017cdy kombinezon zawiera mi\u0119kk\u0105, odprowadzaj\u0105c\u0105 wilgo\u0107 wewn\u0119trzn\u0105 wy\u015bci\u00f3\u0142k\u0119 z siatki, kt\u00f3ra zapewnia rowerzy\u015bcie sucho\u015b\u0107 i ch\u0142\u00f3d podczas intensywnych sesji. Wewn\u0119trzna podszewka jest wyjmowana i mo\u017cna j\u0105 pra\u0107, zapewniaj\u0105c higien\u0119 po wielu u\u017cyciach. Perforowane sk\u00f3rzane panele i zamki wentylacyjne umo\u017cliwiaj\u0105 przep\u0142yw powietrza w cieplejsze dni, a komfort termiczny utrzymuje ciep\u0142o w ch\u0142odniejszym klimacie.<\/p>\n<p data-start=\"2159\" data-end=\"2595\">Personalizacja jest g\u0142\u00f3wnym celem naszych nabywc\u00f3w B2B. Niezale\u017cnie od tego, czy jeste\u015b uznan\u0105 mark\u0105 sprz\u0119tu motocyklowego, czy uruchamiasz w\u0142asn\u0105 mark\u0119 prywatn\u0105, zapewniamy pe\u0142ne opcje dostosowywania. Logotypy, schematy kolor\u00f3w, nazwy kierowc\u00f3w i nadruki sponsor\u00f3w mog\u0105 by\u0107 wykonane metod\u0105 sublimacji, sitodruku lub haftu. Mo\u017cesz wybra\u0107 z naszego szerokiego katalogu standardowych modeli - lub opracowa\u0107 ekskluzywne, wykonane na zam\u00f3wienie projekty, aby wyr\u00f3\u017cni\u0107 si\u0119 na rynku.<\/p>\n<p data-start=\"2597\" data-end=\"3102\">Oferujemy garnitury w rozmiarach od XS do 5XL, zapewniaj\u0105c dopasowanie do ka\u017cdego typu sylwetki. Nasz zesp\u00f3\u0142 projektant\u00f3w jest dost\u0119pny, aby pom\u00f3c europejskim nabywcom upewni\u0107 si\u0119, \u017ce tabele rozmiar\u00f3w, wyr\u00f3wnanie marki i ergonomiczne regulacje odpowiadaj\u0105 lokalnym oczekiwaniom klient\u00f3w. Sprzedawcy detaliczni w Niemczech, W\u0142oszech, Hiszpanii, Francji i Czechach ju\u017c polegaj\u0105 na naszej sta\u0142ej jako\u015bci i obs\u0142udze. Nasze czasy realizacji s\u0105 kr\u00f3tkie, a na \u017cyczenie oferujemy pr\u00f3bki, kt\u00f3re pomog\u0105 oceni\u0107 jako\u015b\u0107 przed z\u0142o\u017ceniem pe\u0142nego zam\u00f3wienia.<\/p>\n<p data-start=\"3104\" data-end=\"3511\">Certyfikaty bezpiecze\u0144stwa obejmuj\u0105 EN 13595 i CE poziom 1\/2, w zale\u017cno\u015bci od wybranych element\u00f3w ochronnych. Na \u017cyczenie mo\u017cemy dostarczy\u0107 dokumentacj\u0119, specyfikacje techniczne i wyniki test\u00f3w. Certyfikaty te sprawiaj\u0105, \u017ce nasze kombinezony s\u0105 zgodne z europejskimi przepisami i doskonale nadaj\u0105 si\u0119 dla sprzedawc\u00f3w internetowych, sklep\u00f3w handlowych, a nawet organ\u00f3w \u015bcigania i rynk\u00f3w specjalnego przeznaczenia, takich jak kaskaderzy lub akademie szkoleniowe.<\/p>\n<p data-start=\"3513\" data-end=\"3939\">Nasza fabryka ma do\u015bwiadczenie we wsp\u00f3\u0142pracy zar\u00f3wno z du\u017cymi, jak i ma\u0142ymi detalistami, dru\u017cynami sportowymi i klubami wy\u015bcigowymi. Rozumiemy znaczenie niezawodnej dostawy i przejrzysto\u015bci w biznesie. W\u0142a\u015bnie dlatego jeste\u015bmy dumni, \u017ce dzia\u0142amy w ramach zarejestrowanej europejskiej sp\u00f3\u0142ki Ryinz spol. s.r.o. z siedzib\u0105 w Czechach. Wszystkie faktury, kwestie celne i VAT s\u0105 obs\u0142ugiwane przez nasze biuro w UE, dzi\u0119ki czemu handel i ksi\u0119gowo\u015b\u0107 s\u0105 dla Ciebie proste.<\/p>\n<p data-start=\"3941\" data-end=\"4337\">Zapraszamy do do\u0142\u0105czenia do globalnej rodziny dystrybucyjnej Ryinz. Dzi\u0119ki niskim minimalnym zam\u00f3wieniom, atrakcyjnym cenom, profesjonalnym opakowaniom i szybkiej komunikacji, jeste\u015bmy tutaj, aby pom\u00f3c Ci rozwin\u0105\u0107 Tw\u00f3j biznes. Mo\u017cesz odwiedzi\u0107 nas na wystawach lub poprosi\u0107 o spotkania Zoom, aby zobaczy\u0107 nasze pr\u00f3bki na \u017cywo. Skontaktuj si\u0119 z nami, aby otrzyma\u0107 katalogi, tabele rozmiar\u00f3w i filmy z fabryki.<\/p>\n<p data-start=\"4339\" data-end=\"4498\">To co\u015b wi\u0119cej ni\u017c kombinezon motocyklowy - to wysokowydajny, konfigurowalny system zbroi, kt\u00f3remu zaufali profesjonalni kierowcy, dealerzy i sprzedawcy w ca\u0142ej Europie.<\/p>","protected":false},"excerpt":{"rendered":"<p data-start=\"343\" data-end=\"767\">Odkryj nasz\u0105 kolekcj\u0119 najwy\u017cszej jako\u015bci sk\u00f3rzanych kombinezon\u00f3w motocyklowych, zaprojektowanych z my\u015bl\u0105 o maksymalnej ochronie, trwa\u0142o\u015bci i aerodynamice. Zaprojektowane zar\u00f3wno dla profesjonalnych zawodnik\u00f3w, jak i zwyk\u0142ych motocyklist\u00f3w, te jednocz\u0119\u015bciowe kombinezony z certyfikatem CE s\u0105 wykonane z wysokiej jako\u015bci sk\u00f3ry bydl\u0119cej w po\u0142\u0105czeniu ze wzmocnionymi szwami, elastycznymi panelami i ochron\u0105 pancerza w krytycznych strefach uderzenia, w tym na ramionach, \u0142okciach, kolanach i plecach.<\/p>\n<p data-start=\"769\" data-end=\"1060\">Ka\u017cdy kombinezon jest ergonomicznie dopasowany, aby idealnie pasowa\u0142, zapewniaj\u0105c jednocze\u015bnie elastyczno\u015b\u0107 i wentylacj\u0119. Mo\u017cesz wybiera\u0107 spo\u015br\u00f3d wielu dynamicznych kombinacji kolor\u00f3w - czarnego, czerwonego, bia\u0142ego, neonowego zielonego, \u017c\u00f3\u0142tego, pomara\u0144czowego - i poprosi\u0107 o pe\u0142n\u0105 personalizacj\u0119, w tym logo marki, nazwiska rowerzyst\u00f3w lub to\u017csamo\u015bci zespo\u0142u.<\/p>\n<p data-start=\"1062\" data-end=\"1361\">Niezale\u017cnie od tego, czy wybierasz si\u0119 na tor wy\u015bcigowy, czy lubisz d\u0142ugodystansowe przeja\u017cd\u017cki po autostradach, nasze kombinezony zapewniaj\u0105 idealn\u0105 r\u00f3wnowag\u0119 mi\u0119dzy komfortem, bezpiecze\u0144stwem i stylem. Dzi\u0119ki wewn\u0119trznej wy\u015bci\u00f3\u0142ce odprowadzaj\u0105cej wilgo\u0107, wyjmowanym ochraniaczom i aerodynamicznemu garbowi, kombinezony te spe\u0142niaj\u0105 wymagania powa\u017cnych motocyklist\u00f3w w ca\u0142ej Europie.<\/p>\n<p data-start=\"1363\" data-end=\"1559\">Idealny dla nabywc\u00f3w B2B, dealer\u00f3w, hurtownik\u00f3w lub klient\u00f3w marek w\u0142asnych, kt\u00f3rzy chc\u0105 hurtowo importowa\u0107 odzie\u017c motocyklow\u0105. Oferujemy ma\u0142e MOQ, prywatne marki i elastyczn\u0105 wysy\u0142k\u0119 do 28 kraj\u00f3w UE.<\/p>","protected":false},"featured_media":10140,"comment_status":"closed","ping_status":"closed","template":"","meta":[],"product_brand":[35],"product_cat":[431,68],"product_tag":[422,423,424,425,426,427,428,429,430,432,433,434,435,436,437],"class_list":{"0":"post-9233","1":"product","2":"type-product","3":"status-publish","4":"has-post-thumbnail","6":"product_brand-ryinz","7":"product_cat-leather-motorbike-racing-suits","8":"product_cat-ryinz","9":"product_tag-b2b-motorbike-gear-czech-manufacturer","10":"product_tag-bulk-order-motorbike-protective-clothing","11":"product_tag-buy-motorcycle-suits-wholesale-online","12":"product_tag-ce-certified-leather-motorbike-suits","13":"product_tag-custom-motorbike-suits-with-branding","14":"product_tag-custom-made-leather-riding-suits-europe","15":"product_tag-durable-motorcycle-safety-gear-supplier","16":"product_tag-eu-approved-protective-biker-clothing","17":"product_tag-european-supplier-of-leather-race-suits","18":"product_tag-one-piece-biker-leather-racing-suit","19":"product_tag-private-label-motorbike-suits-manufacturer","20":"product_tag-professional-racing-suit-for-bikers","21":"product_tag-racing-leather-suits-for-eu-road-riders","22":"product_tag-track-ready-motorcycle-leather-apparel","23":"product_tag-wholesale-motorcycle-racing-suits-europe","25":"first","26":"instock","27":"taxable","28":"shipping-taxable","29":"purchasable","30":"product-type-simple"},"_links":{"self":[{"href":"https:\/\/ryinz.cz\/velkoobchod\/pl\/wp-json\/wp\/v2\/product\/9233","targetHints":{"allow":["GET"]}}],"collection":[{"href":"https:\/\/ryinz.cz\/velkoobchod\/pl\/wp-json\/wp\/v2\/product"}],"about":[{"href":"https:\/\/ryinz.cz\/velkoobchod\/pl\/wp-json\/wp\/v2\/types\/product"}],"replies":[{"embeddable":true,"href":"https:\/\/ryinz.cz\/velkoobchod\/pl\/wp-json\/wp\/v2\/comments?post=9233"}],"wp:featuredmedia":[{"embeddable":true,"href":"https:\/\/ryinz.cz\/velkoobchod\/pl\/wp-json\/wp\/v2\/media\/10140"}],"wp:attachment":[{"href":"https:\/\/ryinz.cz\/velkoobchod\/pl\/wp-json\/wp\/v2\/media?parent=9233"}],"wp:term":[{"taxonomy":"product_brand","embeddable":true,"href":"https:\/\/ryinz.cz\/velkoobchod\/pl\/wp-json\/wp\/v2\/product_brand?post=9233"},{"taxonomy":"product_cat","embeddable":true,"href":"https:\/\/ryinz.cz\/velkoobchod\/pl\/wp-json\/wp\/v2\/product_cat?post=9233"},{"taxonomy":"product_tag","embeddable":true,"href":"https:\/\/ryinz.cz\/velkoobchod\/pl\/wp-json\/wp\/v2\/product_tag?post=9233"}],"curies":[{"name":"wp","href":"https:\/\/api.w.org\/{rel}","templated":true}]}}