{"id":9212,"date":"2025-06-22T15:33:26","date_gmt":"2025-06-22T15:33:26","guid":{"rendered":"https:\/\/ryinz.cz\/velkoobchod\/?post_type=product&#038;p=9212"},"modified":"2026-01-18T20:18:32","modified_gmt":"2026-01-18T20:18:32","slug":"ryinz-podgrzewane-rekawice-skorzane-z-systemem-baterii-palce-do-ekranow-dotykowych-hipora-wkladka-zelowa-wyscielana-dlon-do-sprzedazy-detalicznej-b2b","status":"publish","type":"product","link":"https:\/\/ryinz.cz\/velkoobchod\/pl\/product\/ryinz-heated-leather-gloves-with-battery-system-touchscreen-fingers-hipora-insert-gel-padded-palm-for-b2b-retail\/","title":{"rendered":"Podgrzewane r\u0119kawice sk\u00f3rzane RYINZ z systemem akumulatorowym, palcami z ekranem dotykowym, wk\u0142adk\u0105 Hipora i \u017celow\u0105 wy\u015bci\u00f3\u0142k\u0105 d\u0142oni dla B2B \/ handlu detalicznego"},"content":{"rendered":"<p data-start=\"949\" data-end=\"1064\"><strong data-start=\"949\" data-end=\"1064\">Podgrzewane r\u0119kawice motocyklowe RYINZ GPTG-0283 - najwy\u017cszej jako\u015bci elektryczne ogrzewanie z wodoodporn\u0105 ochron\u0105 i sterowaniem dotykowym<\/strong><\/p>\n<p data-start=\"1066\" data-end=\"1461\">Gdy temperatura spada, bezpiecze\u0144stwo i zr\u0119czno\u015b\u0107 musz\u0105 pozosta\u0107 bezkompromisowe - a <strong data-start=\"1145\" data-end=\"1178\">Podgrzewane r\u0119kawice RYINZ GPTG-0283<\/strong> zosta\u0142y zaprojektowane, aby zapewni\u0107 dok\u0142adnie to. Stworzone z my\u015bl\u0105 o rowerzystach, profesjonalistach i pracownikach outdoorowych, kt\u00f3rzy pracuj\u0105 w mro\u017anych warunkach, r\u0119kawice te \u0142\u0105cz\u0105 najnowocze\u015bniejsz\u0105 technologi\u0119 termiczn\u0105 z najwy\u017cszej jako\u015bci materia\u0142ami, aby zapewni\u0107 d\u0142oniom ciep\u0142o, sucho\u015b\u0107 i ochron\u0119 bez utraty przyczepno\u015bci i kontroli.<\/p>\n<p data-start=\"1463\" data-end=\"1691\">Zbudowany z my\u015bl\u0105 o ca\u0142odziennym komforcie i wysokiej widoczno\u015bci, ten zgodny z CE model jest idealny do zimowych wycieczek, d\u0142ugodystansowych dojazd\u00f3w do pracy, zestaw\u00f3w sprz\u0119tu do przyg\u00f3d na \u015bniegu lub sprzeda\u017cy hurtowej B2B na europejskich rynkach \u015brodk\u00f3w ochrony indywidualnej i sprz\u0119tu motocyklowego.<\/p>\n<hr data-start=\"1693\" data-end=\"1696\" \/>\n<h3 data-start=\"1698\" data-end=\"1764\"><strong data-start=\"1702\" data-end=\"1764\">D\u0142o\u0144 z prawdziwej sk\u00f3ry ze wzmocnieniem Pittard i \u017celow\u0105 wy\u015bci\u00f3\u0142k\u0105<\/strong><\/h3>\n<p data-start=\"1766\" data-end=\"2202\">U podstaw tej r\u0119kawicy le\u017cy <strong data-start=\"1797\" data-end=\"1829\">Konstrukcja z prawdziwej sk\u00f3ry<\/strong>, oferuj\u0105c niezr\u00f3wnan\u0105 odporno\u015b\u0107 na \u015bcieranie i naturaln\u0105 przyczepno\u015b\u0107. Wn\u0119trze d\u0142oni posiada <strong data-start=\"1909\" data-end=\"1936\">Sk\u00f3rzana nak\u0142adka Pittard<\/strong>, Znany na ca\u0142ym \u015bwiecie z wyj\u0105tkowej trwa\u0142o\u015bci, wodoodporno\u015bci i elastyczno\u015bci - nawet w temperaturach poni\u017cej zera. Pod spodem znajduje si\u0119 <strong data-start=\"2064\" data-end=\"2091\">Wk\u0142adka z pianki \u017celowej<\/strong> Amortyzuje wibracje z kierownicy lub elektronarz\u0119dzi, zmniejszaj\u0105c zm\u0119czenie rowerzysty na d\u0142ugich dystansach lub w godzinach pracy.<\/p>\n<hr data-start=\"2204\" data-end=\"2207\" \/>\n<h3 data-start=\"2209\" data-end=\"2263\"><strong data-start=\"2213\" data-end=\"2263\">Mo\u017cliwo\u015b\u0107 obs\u0142ugi ekranu dotykowego palcem wskazuj\u0105cym i kciukiem<\/strong><\/h3>\n<p data-start=\"2265\" data-end=\"2535\">Zaprojektowane z my\u015bl\u0105 o nowoczesnych rowerzystach r\u0119kawice posiadaj\u0105 <strong data-start=\"2312\" data-end=\"2340\">Materia\u0142 wra\u017cliwy na dotyk<\/strong> na palcu wskazuj\u0105cym i kciuku. Umo\u017cliwia to \u0142atwe korzystanie ze smartfon\u00f3w, urz\u0105dze\u0144 GPS lub wy\u015bwietlaczy dotykowych motocykli bez konieczno\u015bci zdejmowania r\u0119kawicy - co jest niezb\u0119dne dla wydajno\u015bci i bezpiecze\u0144stwa podczas podr\u00f3\u017cy.<\/p>\n<hr data-start=\"2537\" data-end=\"2540\" \/>\n<h3 data-start=\"2542\" data-end=\"2614\"><strong data-start=\"2546\" data-end=\"2614\">Technologia podgrzewania ze zintegrowanym przyciskiem w\u0142\u0105czania\/wy\u0142\u0105czania i kieszeni\u0105 na bateri\u0119<\/strong><\/h3>\n<p data-start=\"2616\" data-end=\"3023\">Najwa\u017cniejsz\u0105 cech\u0105 modelu GPTG-0283 jest jego <strong data-start=\"2660\" data-end=\"2687\">zaawansowany system ogrzewania<\/strong>, dyskretnie osadzony w wewn\u0119trznych warstwach r\u0119kawicy. An <strong data-start=\"2748\" data-end=\"2765\">Przycisk w\u0142\u0105czania\/wy\u0142\u0105czania<\/strong> jest wygodnie umieszczony na grzbiecie r\u0119kawicy, w po\u0142\u0105czeniu z <strong data-start=\"2829\" data-end=\"2869\">komora baterii i system okablowania<\/strong>. Pozwala to u\u017cytkownikom kontrolowa\u0107 poziomy ciep\u0142a w zale\u017cno\u015bci od potrzeb - idealne dla narciarzy biegowych, entuzjast\u00f3w skuter\u00f3w \u015bnie\u017cnych lub pracownik\u00f3w przemys\u0142owych nara\u017conych na trudne warunki klimatyczne.<\/p>\n<p data-start=\"3025\" data-end=\"3237\">Ogrzewanie obejmuje <strong data-start=\"3044\" data-end=\"3083\">grzbiet d\u0142oni, palce i d\u0142o\u0144<\/strong>, oferuj\u0105c r\u00f3wnomiern\u0105 dystrybucj\u0119 ciep\u0142a. Kompatybilny z akumulatorami litowo-jonowymi (sprzedawanymi oddzielnie), system jest bezpieczny, niezawodny i wodoodporny.<\/p>\n<hr data-start=\"3239\" data-end=\"3242\" \/>\n<h3 data-start=\"3244\" data-end=\"3299\"><strong data-start=\"3248\" data-end=\"3299\">Knuckle Armor, zamek b\u0142yskawiczny YKK i wzmocniony ty\u0142 d\u0142oni<\/strong><\/h3>\n<p data-start=\"3301\" data-end=\"3660\">Dla bezpiecze\u0144stwa r\u0119kawice zawieraj\u0105 <strong data-start=\"3332\" data-end=\"3367\">termoformowane ochraniacze kostek<\/strong>, umieszczony w cholewce z elastycznego materia\u0142u, aby absorbowa\u0107 uderzenia. W <strong data-start=\"3430\" data-end=\"3449\">Zamek b\u0142yskawiczny YKK<\/strong> na bocznym mankiecie pozwala na dok\u0142adne, regulowane dopasowanie i zwi\u0119ksza odporno\u015b\u0107 na wiatr. Dodatkowe <strong data-start=\"3539\" data-end=\"3570\">druk naklejek odblaskowych<\/strong> Poprawia widoczno\u015b\u0107 w nocy, co ma kluczowe znaczenie dla motocyklist\u00f3w, pracownik\u00f3w drogowych lub zespo\u0142\u00f3w ratowniczych.<\/p>\n<hr data-start=\"3662\" data-end=\"3665\" \/>\n<h3 data-start=\"3667\" data-end=\"3722\"><strong data-start=\"3671\" data-end=\"3722\">Wodoodporna wk\u0142adka Hipora + podszewka z trykotowego polaru<\/strong><\/h3>\n<p data-start=\"3724\" data-end=\"4095\">Wewn\u0105trz r\u0119kawicy znajduje si\u0119 <strong data-start=\"3744\" data-end=\"3764\">Membrana Hipora<\/strong> dzia\u0142a jak oddychaj\u0105ca wodoodporna bariera, blokuj\u0105c deszcz i \u015bnieg, jednocze\u015bnie pozwalaj\u0105c na odprowadzanie potu. Wn\u0119trze zawiera r\u00f3wnie\u017c <strong data-start=\"3884\" data-end=\"3913\">Mi\u0119kka trykotowa podszewka z polaru<\/strong>, zapewniaj\u0105c izolacj\u0119 bez zwi\u0119kszania obj\u0119to\u015bci. Ten dwuwarstwowy system zapewnia, \u017ce r\u0119kawice dobrze sprawdzaj\u0105 si\u0119 w mokrych lub oblodzonych warunkach, zachowuj\u0105c wygod\u0119 przez wiele godzin ci\u0105g\u0142ego u\u017cytkowania.<\/p>\n<hr data-start=\"4097\" data-end=\"4100\" \/>\n<h3 data-start=\"4102\" data-end=\"4146\"><strong data-start=\"4106\" data-end=\"4146\">Strefy rozci\u0105gliwego materia\u0142u i ergonomiczne dopasowanie<\/strong><\/h3>\n<p data-start=\"4148\" data-end=\"4466\">Elastyczne panele na palcach i nadgarstku poprawiaj\u0105 zr\u0119czno\u015b\u0107, umo\u017cliwiaj\u0105c pe\u0142ny ruch palc\u00f3w nawet z elementami grzewczymi wewn\u0105trz. Dzi\u0119ki temu r\u0119kawice nadaj\u0105 si\u0119 do szczeg\u00f3\u0142owych zada\u0144, takich jak chwytanie kierownicy, obs\u0142uga maszyn lub zapinanie klips\u00f3w do kasku - niezb\u0119dne cechy zar\u00f3wno dla bezpiecze\u0144stwa, jak i wygody.<\/p>\n<hr data-start=\"4468\" data-end=\"4471\" \/>\n<h3 data-start=\"4473\" data-end=\"4496\"><strong data-start=\"4477\" data-end=\"4494\">Zastosowania:<\/strong><\/h3>\n<ul data-start=\"4497\" data-end=\"4861\">\n<li data-start=\"4497\" data-end=\"4551\">\n<p data-start=\"4499\" data-end=\"4551\">Podgrzewane r\u0119kawice motocyklowe do jazdy w zimnym klimacie<\/p>\n<\/li>\n<li data-start=\"4552\" data-end=\"4616\">\n<p data-start=\"4554\" data-end=\"4616\">Ogrzewane r\u0119kawice PPE dla pracownik\u00f3w pracuj\u0105cych na zewn\u0105trz w niskich temperaturach<\/p>\n<\/li>\n<li data-start=\"4617\" data-end=\"4675\">\n<p data-start=\"4619\" data-end=\"4675\">R\u0119kawice do skuter\u00f3w \u015bnie\u017cnych i sport\u00f3w zimowych z systemem akumulatorowym<\/p>\n<\/li>\n<li data-start=\"4676\" data-end=\"4737\">\n<p data-start=\"4678\" data-end=\"4737\">R\u0119kawice przemys\u0142owe dla ekip komunalnych i konserwator\u00f3w<\/p>\n<\/li>\n<li data-start=\"4738\" data-end=\"4797\">\n<p data-start=\"4740\" data-end=\"4797\">Sprzeda\u017c hurtowa i detaliczna sprz\u0119tu termicznego dla Europy i nie tylko<\/p>\n<\/li>\n<li data-start=\"4798\" data-end=\"4861\">\n<p data-start=\"4800\" data-end=\"4861\">Profesjonalne r\u0119kawice ratownicze, drogowe lub dla patroli g\u00f3rskich<\/p>\n<\/li>\n<\/ul>\n<hr data-start=\"4863\" data-end=\"4866\" \/>\n<h3 data-start=\"4868\" data-end=\"4898\"><strong data-start=\"4872\" data-end=\"4896\">Podsumowanie podstawowych funkcji:<\/strong><\/h3>\n<ul data-start=\"4899\" data-end=\"5456\">\n<li data-start=\"4899\" data-end=\"4950\">\n<p data-start=\"4901\" data-end=\"4950\">D\u0142o\u0144 z prawdziwej sk\u00f3ry ze wzmocnion\u0105 naszywk\u0105 Pittard<\/p>\n<\/li>\n<li data-start=\"4951\" data-end=\"5001\">\n<p data-start=\"4953\" data-end=\"5001\">Wy\u015bci\u00f3\u0142ka z pianki \u017celowej poch\u0142aniaj\u0105ca drgania d\u0142oni<\/p>\n<\/li>\n<li data-start=\"5002\" data-end=\"5047\">\n<p data-start=\"5004\" data-end=\"5047\">Obs\u0142uga dotykowa smartfona na palcu wskazuj\u0105cym i kciuku<\/p>\n<\/li>\n<li data-start=\"5048\" data-end=\"5097\">\n<p data-start=\"5050\" data-end=\"5097\">Zintegrowany system ogrzewania z przyciskiem sterowania<\/p>\n<\/li>\n<li data-start=\"5098\" data-end=\"5147\">\n<p data-start=\"5100\" data-end=\"5147\">Kompatybilno\u015b\u0107 z akumulatorami (zewn\u0119trznymi)<\/p>\n<\/li>\n<li data-start=\"5148\" data-end=\"5200\">\n<p data-start=\"5150\" data-end=\"5200\">Ochraniacz stawu skokowego z elastycznego materia\u0142u<\/p>\n<\/li>\n<li data-start=\"5201\" data-end=\"5245\">\n<p data-start=\"5203\" data-end=\"5245\">Odblaskowy nadruk dla bezpiecze\u0144stwa w nocy<\/p>\n<\/li>\n<li data-start=\"5246\" data-end=\"5292\">\n<p data-start=\"5248\" data-end=\"5292\">Wodoodporna wk\u0142adka Hipora i trykotowa podszewka<\/p>\n<\/li>\n<li data-start=\"5293\" data-end=\"5337\">\n<p data-start=\"5295\" data-end=\"5337\">Boczny mankiet zapinany na zamek YKK + elastyczne dopasowanie nadgarstka<\/p>\n<\/li>\n<li data-start=\"5338\" data-end=\"5386\">\n<p data-start=\"5340\" data-end=\"5386\">Certyfikat CE dla bezpiecze\u0144stwa i wydajno\u015bci w UE<\/p>\n<\/li>\n<li data-start=\"5387\" data-end=\"5456\">\n<p data-start=\"5389\" data-end=\"5456\">Idealny dla kolarzy zimowych, personelu logistycznego i ekip ratownictwa alpejskiego<\/p>\n<\/li>\n<\/ul>\n<p data-start=\"5458\" data-end=\"5658\">Ta r\u0119kawica to nie tylko sprz\u0119t - to <strong data-start=\"5493\" data-end=\"5541\">Kompletne rozwi\u0105zanie kontroli termicznej i bezpiecze\u0144stwa<\/strong>, pomagaj\u0105c markom wyr\u00f3\u017cni\u0107 si\u0119 prawdziw\u0105 innowacyjno\u015bci\u0105 i funkcjonalno\u015bci\u0105, kt\u00f3rej naprawd\u0119 potrzebuj\u0105 rowerzy\u015bci, pracownicy i profesjonali\u015bci.<\/p>","protected":false},"excerpt":{"rendered":"<p data-start=\"429\" data-end=\"898\">RYINZ GPTG-0283 to wysokowydajne podgrzewane r\u0119kawice stworzone dla rowerzyst\u00f3w i profesjonalist\u00f3w outdoorowych. Zbudowane z prawdziwej sk\u00f3ry, wzmocnienia d\u0142oni Pittards, opuszk\u00f3w palc\u00f3w z ekranem dotykowym i systemu ogrzewania z przyciskiem w\u0142\u0105czania \/ wy\u0142\u0105czania, zapewniaj\u0105 ciep\u0142o, ochron\u0119 i przyczepno\u015b\u0107 w ekstremalnych warunkach. Zawiera wodoodporn\u0105 wk\u0142adk\u0119 Hipora, zamek b\u0142yskawiczny YKK i pancerz kostek - idealny do turystyki motocyklowej, przemys\u0142owych \u015brodk\u00f3w ochrony indywidualnej i sprzedawc\u00f3w detalicznych r\u0119kawic premium.<\/p>","protected":false},"featured_media":9307,"comment_status":"closed","ping_status":"closed","template":"","meta":[],"product_brand":[35],"product_cat":[1111,380,122,68],"product_tag":[404,405,406,407,408,409,410,411,412,413,121,414,48,415,416,417,418,419,420,421],"class_list":{"0":"post-9212","1":"product","2":"type-product","3":"status-publish","4":"has-post-thumbnail","6":"product_brand-ryinz","7":"product_cat-motorbike","8":"product_cat-motorbike-gloves","9":"product_cat-motorbike-racing-gloves","10":"product_cat-ryinz","11":"product_tag-all-black-gloves","12":"product_tag-biker-gloves","13":"product_tag-black-riding-gloves","14":"product_tag-carbon-shell-gloves","15":"product_tag-ce-certified-gloves","16":"product_tag-eu-biker-gloves","17":"product_tag-gloves-for-racing","18":"product_tag-goat-leather-gloves","19":"product_tag-hook-loop-gloves","20":"product_tag-leather-motorcycle-gloves","21":"product_tag-motorbike-gloves","22":"product_tag-neoprene-cuff-gloves","23":"product_tag-padded-palm-gloves","24":"product_tag-premium-biker-gloves","25":"product_tag-racing-hand-gear","26":"product_tag-riding-gloves","27":"product_tag-road-trip-gloves","28":"product_tag-ryinz-gloves","29":"product_tag-safety-motorcycle-gloves","30":"product_tag-street-rider-gloves","32":"first","33":"instock","34":"taxable","35":"shipping-taxable","36":"purchasable","37":"product-type-simple"},"_links":{"self":[{"href":"https:\/\/ryinz.cz\/velkoobchod\/pl\/wp-json\/wp\/v2\/product\/9212","targetHints":{"allow":["GET"]}}],"collection":[{"href":"https:\/\/ryinz.cz\/velkoobchod\/pl\/wp-json\/wp\/v2\/product"}],"about":[{"href":"https:\/\/ryinz.cz\/velkoobchod\/pl\/wp-json\/wp\/v2\/types\/product"}],"replies":[{"embeddable":true,"href":"https:\/\/ryinz.cz\/velkoobchod\/pl\/wp-json\/wp\/v2\/comments?post=9212"}],"wp:featuredmedia":[{"embeddable":true,"href":"https:\/\/ryinz.cz\/velkoobchod\/pl\/wp-json\/wp\/v2\/media\/9307"}],"wp:attachment":[{"href":"https:\/\/ryinz.cz\/velkoobchod\/pl\/wp-json\/wp\/v2\/media?parent=9212"}],"wp:term":[{"taxonomy":"product_brand","embeddable":true,"href":"https:\/\/ryinz.cz\/velkoobchod\/pl\/wp-json\/wp\/v2\/product_brand?post=9212"},{"taxonomy":"product_cat","embeddable":true,"href":"https:\/\/ryinz.cz\/velkoobchod\/pl\/wp-json\/wp\/v2\/product_cat?post=9212"},{"taxonomy":"product_tag","embeddable":true,"href":"https:\/\/ryinz.cz\/velkoobchod\/pl\/wp-json\/wp\/v2\/product_tag?post=9212"}],"curies":[{"name":"wp","href":"https:\/\/api.w.org\/{rel}","templated":true}]}}