{"id":9211,"date":"2025-06-22T15:33:25","date_gmt":"2025-06-22T15:33:25","guid":{"rendered":"https:\/\/ryinz.cz\/velkoobchod\/?post_type=product&#038;p=9211"},"modified":"2026-01-18T20:18:31","modified_gmt":"2026-01-18T20:18:31","slug":"ryinz-czerwono-czarne-rekawice-mechaniczne-do-sprzedazy-hurtowej-i-detalicznej-z-ochrona-tpr-i-antyposlizgowym-uchwytem-dloni","status":"publish","type":"product","link":"https:\/\/ryinz.cz\/velkoobchod\/pl\/product\/ryinz-red-black-mechanics-gloves-for-wholesale-retail-with-tpr-protection-and-anti-slip-palm-grip\/","title":{"rendered":"RYINZ Czerwono-czarne r\u0119kawice dla mechanik\u00f3w do sprzeda\u017cy hurtowej i detalicznej z ochron\u0105 TPR i antypo\u015blizgowym uchwytem d\u0142oni"},"content":{"rendered":"<p data-start=\"745\" data-end=\"854\"><strong data-start=\"745\" data-end=\"854\">Czerwono-czarne r\u0119kawice dla mechanik\u00f3w RYINZ - wzmocnione w\u0142\u00f3knem TPR, przeznaczone do prac warsztatowych, budowlanych i przemys\u0142owych<\/strong><\/p>\n<p data-start=\"856\" data-end=\"1170\">Zbudowany z my\u015bl\u0105 o trwa\u0142o\u015bci i precyzji obs\u0142ugi <strong data-start=\"905\" data-end=\"941\">Czerwono-czarne r\u0119kawice dla mechanik\u00f3w RYINZ<\/strong> to idealne po\u0142\u0105czenie elastyczno\u015bci, ochrony i wyr\u00f3\u017cniaj\u0105cego si\u0119 wzornictwa. Zaprojektowane z my\u015bl\u0105 o zastosowaniach przemys\u0142owych, r\u0119kawice te oferuj\u0105 dotykow\u0105 kontrol\u0119 nad narz\u0119dziami, zapewniaj\u0105c jednocze\u015bnie bezpiecze\u0144stwo niezb\u0119dne do praktycznej pracy.<\/p>\n<p data-start=\"1172\" data-end=\"1335\">Model ten, idealny dla dystrybutor\u00f3w \u015brodk\u00f3w ochrony indywidualnej, sieci zaopatrzenia budowlanego, sprzedawc\u00f3w detalicznych w warsztatach i sprz\u0119tu do serwisu samochodowego, zapewnia katalogowi odwa\u017cn\u0105, gotow\u0105 do u\u017cycia opcj\u0119 bezpiecze\u0144stwa.<\/p>\n<hr data-start=\"1337\" data-end=\"1340\" \/>\n<h3 data-start=\"1342\" data-end=\"1392\"><strong data-start=\"1346\" data-end=\"1390\">Ochrona palc\u00f3w TPR dla ochrony przed uderzeniami<\/strong><\/h3>\n<p data-start=\"1393\" data-end=\"1674\">R\u0119kawica jest wyposa\u017cona w <strong data-start=\"1420\" data-end=\"1457\">Os\u0142ony z gumy termoplastycznej (TPR)<\/strong> na palcach - zapewniaj\u0105c istotn\u0105 ochron\u0119 przed uderzeniami, otarciami i uderzeniami mechanicznymi. TPR jest elastyczny, umo\u017cliwiaj\u0105c ruch palc\u00f3w, jednocze\u015bnie chroni\u0105c przed narz\u0119dziami lub upuszczonymi cz\u0119\u015bciami w trudnych warunkach.<\/p>\n<hr data-start=\"1676\" data-end=\"1679\" \/>\n<h3 data-start=\"1681\" data-end=\"1729\"><strong data-start=\"1685\" data-end=\"1727\">Antypo\u015blizgowe silikonowe strefy d\u0142oni zapewniaj\u0105ce przyczepno\u015b\u0107<\/strong><\/h3>\n<p data-start=\"1730\" data-end=\"1990\">Cechy d\u0142oni <strong data-start=\"1748\" data-end=\"1786\">Precyzyjnie umieszczony nadruk silikonowy<\/strong> dla lepszej przyczepno\u015bci podczas zada\u0144 wymagaj\u0105cych du\u017cego nacisku. Niezale\u017cnie od tego, czy trzymasz narz\u0119dzia, sterujesz kierownic\u0105, czy zarz\u0105dzasz sprz\u0119tem, silikonowe strefy zapewniaj\u0105 stabiln\u0105 obs\u0142ug\u0119 bez po\u015blizgu, nawet w wilgotnych lub zaolejonych warunkach.<\/p>\n<hr data-start=\"1992\" data-end=\"1995\" \/>\n<h3 data-start=\"1997\" data-end=\"2045\"><strong data-start=\"2001\" data-end=\"2043\">Wzmocnione szwy dla d\u0142ugotrwa\u0142ego u\u017cytkowania<\/strong><\/h3>\n<p data-start=\"2046\" data-end=\"2319\">Wzmocnione szwy i dwuwarstwowa konstrukcja wzd\u0142u\u017c obszar\u00f3w nara\u017conych na du\u017ce obci\u0105\u017cenia (krocze kciuka, d\u0142o\u0144 i zewn\u0119trzny nadgarstek) zapewniaj\u0105 tym r\u0119kawicom zwi\u0119kszon\u0105 \u017cywotno\u015b\u0107 przy intensywnym u\u017cytkowaniu. Nadaj\u0105 si\u0119 do codziennego u\u017cytku w wymagaj\u0105cych bran\u017cach, takich jak motoryzacja, produkcja metali lub logistyka magazynowa.<\/p>\n<hr data-start=\"2321\" data-end=\"2324\" \/>\n<h3 data-start=\"2326\" data-end=\"2375\"><strong data-start=\"2330\" data-end=\"2373\">Ergonomiczna konstrukcja i elastyczny materia\u0142<\/strong><\/h3>\n<p data-start=\"2376\" data-end=\"2649\">R\u0119kawice s\u0105 ergonomicznie wyprofilowane, maj\u0105 wst\u0119pnie zakrzywione palce i dopasowan\u0105 konstrukcj\u0119, kt\u00f3ra zwi\u0119ksza zr\u0119czno\u015b\u0107. W obszarze nadgarstka znajduje si\u0119 elastyczny mankiet u\u0142atwiaj\u0105cy zak\u0142adanie i zdejmowanie, jednocze\u015bnie chroni\u0105c przed kurzem i zanieczyszczeniami. Lekki materia\u0142 zapewnia wygod\u0119 przez d\u0142ugi czas.<\/p>\n<hr data-start=\"2651\" data-end=\"2654\" \/>\n<h3 data-start=\"2656\" data-end=\"2694\"><strong data-start=\"2660\" data-end=\"2692\">Odwa\u017cna kolorystyka zapewniaj\u0105ca widoczno\u015b\u0107<\/strong><\/h3>\n<p data-start=\"2695\" data-end=\"2938\">Czerwono-czarna kombinacja kolor\u00f3w zapewnia wysok\u0105 widoczno\u015b\u0107 w miejscu pracy, zwi\u0119kszaj\u0105c \u015bwiadomo\u015b\u0107 bezpiecze\u0144stwa. Ostra konstrukcja i <strong data-start=\"2814\" data-end=\"2844\">Znak firmowy RYINZ na mankiecie<\/strong> pozycjonuje r\u00f3wnie\u017c r\u0119kawice jako wysokiej jako\u015bci, ale przyst\u0119pny cenowo element \u015aOI zar\u00f3wno dla zam\u00f3wie\u0144 detalicznych, jak i hurtowych.<\/p>\n<hr data-start=\"2940\" data-end=\"2943\" \/>\n<h3 data-start=\"2945\" data-end=\"2974\"><strong data-start=\"2949\" data-end=\"2972\">Idealne zastosowania:<\/strong><\/h3>\n<ul data-start=\"2975\" data-end=\"3262\">\n<li data-start=\"2975\" data-end=\"3013\">\n<p data-start=\"2977\" data-end=\"3013\">Mechanicy i warsztaty samochodowe<\/p>\n<\/li>\n<li data-start=\"3014\" data-end=\"3054\">\n<p data-start=\"3016\" data-end=\"3054\">Monta\u017c budowlany i przemys\u0142owy<\/p>\n<\/li>\n<li data-start=\"3055\" data-end=\"3091\">\n<p data-start=\"3057\" data-end=\"3091\">Obs\u0142uga magazyn\u00f3w i logistyka<\/p>\n<\/li>\n<li data-start=\"3092\" data-end=\"3140\">\n<p data-start=\"3094\" data-end=\"3140\">U\u017cytkownicy narz\u0119dzi r\u0119cznych w in\u017cynierii i konserwacji<\/p>\n<\/li>\n<li data-start=\"3141\" data-end=\"3184\">\n<p data-start=\"3143\" data-end=\"3184\">Serwisowanie motocykli i obs\u0142uga cz\u0119\u015bci<\/p>\n<\/li>\n<li data-start=\"3185\" data-end=\"3227\">\n<p data-start=\"3187\" data-end=\"3227\">Dostawcy \u015brodk\u00f3w ochrony indywidualnej i hurtownicy z siedzib\u0105 w UE<\/p>\n<\/li>\n<li data-start=\"3228\" data-end=\"3262\">\n<p data-start=\"3230\" data-end=\"3262\">Sklepy detaliczne z artyku\u0142ami dla majsterkowicz\u00f3w i sprz\u0119tem komputerowym<\/p>\n<\/li>\n<\/ul>\n<hr data-start=\"3264\" data-end=\"3267\" \/>\n<h3 data-start=\"3269\" data-end=\"3300\"><strong data-start=\"3273\" data-end=\"3298\">Podsumowanie kluczowych funkcji:<\/strong><\/h3>\n<ul data-start=\"3301\" data-end=\"3712\">\n<li data-start=\"3301\" data-end=\"3337\">\n<p data-start=\"3303\" data-end=\"3337\">Czerwono-czarna konstrukcja o wysokiej widoczno\u015bci<\/p>\n<\/li>\n<li data-start=\"3338\" data-end=\"3380\">\n<p data-start=\"3340\" data-end=\"3380\">Ochrona TPR na palcach i kostkach<\/p>\n<\/li>\n<li data-start=\"3381\" data-end=\"3422\">\n<p data-start=\"3383\" data-end=\"3422\">Antypo\u015blizgowe strefy d\u0142oni z silikonowym nadrukiem<\/p>\n<\/li>\n<li data-start=\"3423\" data-end=\"3464\">\n<p data-start=\"3425\" data-end=\"3464\">Ergonomiczne dopasowanie z zakrzywionymi palcami<\/p>\n<\/li>\n<li data-start=\"3465\" data-end=\"3495\">\n<p data-start=\"3467\" data-end=\"3495\">Elastyczny mankiet na nadgarstek<\/p>\n<\/li>\n<li data-start=\"3496\" data-end=\"3535\">\n<p data-start=\"3498\" data-end=\"3535\">Wzmocnione szwy na kciuku i d\u0142oni<\/p>\n<\/li>\n<li data-start=\"3536\" data-end=\"3572\">\n<p data-start=\"3538\" data-end=\"3572\">Lekkie, oddychaj\u0105ce materia\u0142y<\/p>\n<\/li>\n<li data-start=\"3573\" data-end=\"3612\">\n<p data-start=\"3575\" data-end=\"3612\">Zaprojektowany z my\u015bl\u0105 o wygodzie i trwa\u0142o\u015bci<\/p>\n<\/li>\n<li data-start=\"3613\" data-end=\"3661\">\n<p data-start=\"3615\" data-end=\"3661\">Idealny do dystrybucji przemys\u0142owej i detalicznej<\/p>\n<\/li>\n<li data-start=\"3662\" data-end=\"3712\">\n<p data-start=\"3664\" data-end=\"3712\">Konstrukcja zgodna z normami bezpiecze\u0144stwa UE<\/p>\n<\/li>\n<\/ul>","protected":false},"excerpt":{"rendered":"<p data-start=\"267\" data-end=\"694\">Czerwono-czarne r\u0119kawice dla mechanik\u00f3w RYINZ \u0142\u0105cz\u0105 efektowny design z bezpiecze\u0144stwem, przyczepno\u015bci\u0105 i wygod\u0105. R\u0119kawice te s\u0105 wyposa\u017cone w ochron\u0119 palc\u00f3w TPR, antypo\u015blizgowe silikonowe strefy d\u0142oni i ergonomiczne szwy, dzi\u0119ki czemu idealnie nadaj\u0105 si\u0119 dla technik\u00f3w, ekip budowlanych, pracownik\u00f3w przemys\u0142owych i serwisant\u00f3w motocykli. Idealny wyb\u00f3r dla hurtownik\u00f3w i sprzedawc\u00f3w sprz\u0119tu ochrony osobistej poszukuj\u0105cych trwa\u0142ych, dobrze widocznych r\u0119kawic.<\/p>","protected":false},"featured_media":9306,"comment_status":"closed","ping_status":"closed","template":"","meta":[],"product_brand":[35],"product_cat":[1111,380,122,68],"product_tag":[404,405,406,407,408,409,410,411,412,413,121,414,48,415,416,417,418,419,420,421],"class_list":{"0":"post-9211","1":"product","2":"type-product","3":"status-publish","4":"has-post-thumbnail","6":"product_brand-ryinz","7":"product_cat-motorbike","8":"product_cat-motorbike-gloves","9":"product_cat-motorbike-racing-gloves","10":"product_cat-ryinz","11":"product_tag-all-black-gloves","12":"product_tag-biker-gloves","13":"product_tag-black-riding-gloves","14":"product_tag-carbon-shell-gloves","15":"product_tag-ce-certified-gloves","16":"product_tag-eu-biker-gloves","17":"product_tag-gloves-for-racing","18":"product_tag-goat-leather-gloves","19":"product_tag-hook-loop-gloves","20":"product_tag-leather-motorcycle-gloves","21":"product_tag-motorbike-gloves","22":"product_tag-neoprene-cuff-gloves","23":"product_tag-padded-palm-gloves","24":"product_tag-premium-biker-gloves","25":"product_tag-racing-hand-gear","26":"product_tag-riding-gloves","27":"product_tag-road-trip-gloves","28":"product_tag-ryinz-gloves","29":"product_tag-safety-motorcycle-gloves","30":"product_tag-street-rider-gloves","32":"first","33":"instock","34":"taxable","35":"shipping-taxable","36":"purchasable","37":"product-type-simple"},"_links":{"self":[{"href":"https:\/\/ryinz.cz\/velkoobchod\/pl\/wp-json\/wp\/v2\/product\/9211","targetHints":{"allow":["GET"]}}],"collection":[{"href":"https:\/\/ryinz.cz\/velkoobchod\/pl\/wp-json\/wp\/v2\/product"}],"about":[{"href":"https:\/\/ryinz.cz\/velkoobchod\/pl\/wp-json\/wp\/v2\/types\/product"}],"replies":[{"embeddable":true,"href":"https:\/\/ryinz.cz\/velkoobchod\/pl\/wp-json\/wp\/v2\/comments?post=9211"}],"wp:featuredmedia":[{"embeddable":true,"href":"https:\/\/ryinz.cz\/velkoobchod\/pl\/wp-json\/wp\/v2\/media\/9306"}],"wp:attachment":[{"href":"https:\/\/ryinz.cz\/velkoobchod\/pl\/wp-json\/wp\/v2\/media?parent=9211"}],"wp:term":[{"taxonomy":"product_brand","embeddable":true,"href":"https:\/\/ryinz.cz\/velkoobchod\/pl\/wp-json\/wp\/v2\/product_brand?post=9211"},{"taxonomy":"product_cat","embeddable":true,"href":"https:\/\/ryinz.cz\/velkoobchod\/pl\/wp-json\/wp\/v2\/product_cat?post=9211"},{"taxonomy":"product_tag","embeddable":true,"href":"https:\/\/ryinz.cz\/velkoobchod\/pl\/wp-json\/wp\/v2\/product_tag?post=9211"}],"curies":[{"name":"wp","href":"https:\/\/api.w.org\/{rel}","templated":true}]}}