{"id":9210,"date":"2025-06-22T15:33:24","date_gmt":"2025-06-22T15:33:24","guid":{"rendered":"https:\/\/ryinz.cz\/velkoobchod\/?post_type=product&#038;p=9210"},"modified":"2026-01-18T20:18:30","modified_gmt":"2026-01-18T20:18:30","slug":"rekawice-motocyklowe-ryinz-z-mikrofibry-z-ekranem-dotykowym-regulowanym-paskiem-na-przegub-dloni-do-sprzedazy-detalicznej-hurtowej","status":"publish","type":"product","link":"https:\/\/ryinz.cz\/velkoobchod\/pl\/product\/ryinz-microfiber-motorcycle-gloves-with-touchscreen-index-knuckle-armor-adjustable-strap-for-retail-wholesale\/","title":{"rendered":"R\u0119kawice motocyklowe RYINZ z mikrofibry ze wska\u017anikiem ekranu dotykowego, pancerzem na kostki i regulowanym paskiem do sprzeda\u017cy detalicznej i hurtowej"},"content":{"rendered":"<p data-start=\"751\" data-end=\"859\"><strong data-start=\"751\" data-end=\"859\">R\u0119kawice motocyklowe RYINZ GMTG-0301 z mikrofibry - ochrona przed ekranami dotykowymi dla kierowc\u00f3w i dystrybutor\u00f3w w UE<\/strong><\/p>\n<p data-start=\"861\" data-end=\"1254\">Niezale\u017cnie od tego, czy poruszasz si\u0119 po ulicach miasta, d\u0142ugich trasach turystycznych, czy pracujesz na \u015bwie\u017cym powietrzu. <strong data-start=\"947\" data-end=\"973\">R\u0119kawiczki RYINZ GMTG-0301<\/strong> zapewniaj\u0105 idealne po\u0142\u0105czenie inteligentnej funkcjonalno\u015bci, stylu i bezpiecze\u0144stwa. R\u0119kawice te oferuj\u0105 ca\u0142odzienny komfort dzi\u0119ki elastycznym materia\u0142om, ochronnym knykciom i bezpiecznemu dopasowaniu - dzi\u0119ki czemu s\u0105 popularnym wyborem w\u015br\u00f3d motocyklist\u00f3w, firm kurierskich i sprzedawc\u00f3w sprz\u0119tu B2B w ca\u0142ej Europie.<\/p>\n<hr data-start=\"1256\" data-end=\"1259\" \/>\n<h3 data-start=\"1261\" data-end=\"1306\"><strong data-start=\"1265\" data-end=\"1304\">Palec wskazuj\u0105cy ekranu dotykowego smartfona<\/strong><\/h3>\n<p data-start=\"1307\" data-end=\"1562\">Nigdy wi\u0119cej nie zdejmuj r\u0119kawic do u\u017cytku mobilnego - te r\u0119kawice zawieraj\u0105 <strong data-start=\"1376\" data-end=\"1425\">Materia\u0142 dotykowy smartfona na palcu wskazuj\u0105cym<\/strong>, umo\u017cliwiaj\u0105c odbieranie po\u0142\u0105cze\u0144, dost\u0119p do GPS lub regulacj\u0119 muzyki w trakcie jazdy. Jest to bardzo wygodna funkcja dla kierowc\u00f3w miejskich i dostawc\u00f3w.<\/p>\n<hr data-start=\"1564\" data-end=\"1567\" \/>\n<h3 data-start=\"1569\" data-end=\"1620\"><strong data-start=\"1573\" data-end=\"1618\">D\u0142o\u0144 - pe\u0142na mikrofibra zapewniaj\u0105ca wygod\u0119 i przyczepno\u015b\u0107<\/strong><\/h3>\n<p data-start=\"1621\" data-end=\"1894\">Ca\u0142a d\u0142o\u0144 jest zbudowana z <strong data-start=\"1657\" data-end=\"1682\">Wysokiej jako\u015bci mikrofibra<\/strong>, oferuj\u0105c mi\u0119kk\u0105, przyczepn\u0105 powierzchni\u0119 o zwi\u0119kszonej trwa\u0142o\u015bci. Dopasowuje si\u0119 do d\u0142oni, zapewniaj\u0105c lepsz\u0105 kontrol\u0119, oferuj\u0105c jednocze\u015bnie umiarkowan\u0105 izolacj\u0119 i wysok\u0105 odporno\u015b\u0107 na zu\u017cycie, idealn\u0105 do jazdy w zmiennych warunkach pogodowych.<\/p>\n<hr data-start=\"1896\" data-end=\"1899\" \/>\n<h3 data-start=\"1901\" data-end=\"1957\"><strong data-start=\"1905\" data-end=\"1955\">Materia\u0142 przedni - zaawansowana technologicznie tkanina mieszana<\/strong><\/h3>\n<p data-start=\"1958\" data-end=\"2007\">Zewn\u0119trzna strona r\u0119kawicy zawiera kombinacj\u0119:<\/p>\n<ul data-start=\"2008\" data-end=\"2246\">\n<li data-start=\"2008\" data-end=\"2065\">\n<p data-start=\"2010\" data-end=\"2065\"><strong data-start=\"2010\" data-end=\"2039\">Wyt\u0142aczany materia\u0142 softshell<\/strong> dla struktury i stylu<\/p>\n<\/li>\n<li data-start=\"2066\" data-end=\"2125\">\n<p data-start=\"2068\" data-end=\"2125\"><strong data-start=\"2068\" data-end=\"2093\">Perforowana mikrofibra<\/strong> przy mankiecie zapewnia oddychalno\u015b\u0107<\/p>\n<\/li>\n<li data-start=\"2126\" data-end=\"2185\">\n<p data-start=\"2128\" data-end=\"2185\"><strong data-start=\"2128\" data-end=\"2154\">Strefy rozci\u0105gania w czterech kierunkach<\/strong> dla ruchu i elastyczno\u015bci<\/p>\n<\/li>\n<li data-start=\"2186\" data-end=\"2246\">\n<p data-start=\"2188\" data-end=\"2246\"><strong data-start=\"2188\" data-end=\"2224\">Logo drukowane na silikonie i naklejkach<\/strong> dla wp\u0142ywu na mark\u0119<\/p>\n<\/li>\n<\/ul>\n<p data-start=\"2248\" data-end=\"2382\">Ta wielomateria\u0142owa konstrukcja nadaje r\u0119kawicom profesjonalny wygl\u0105d, zachowuj\u0105c jednocze\u015bnie lekko\u015b\u0107 i wygod\u0119 podczas d\u0142ugotrwa\u0142ego noszenia.<\/p>\n<hr data-start=\"2384\" data-end=\"2387\" \/>\n<h3 data-start=\"2389\" data-end=\"2439\"><strong data-start=\"2393\" data-end=\"2437\">Ochrona kostek - formowana skorupa ochronna<\/strong><\/h3>\n<p data-start=\"2440\" data-end=\"2653\">Formowany <strong data-start=\"2451\" data-end=\"2472\">ochraniacz stawu skokowego<\/strong> jest wtopiona w powierzchni\u0119 r\u0119kawicy, zapewniaj\u0105c tward\u0105 barier\u0119 przed uderzeniami i \u015bcieraniem. Pomaga kierowcom zachowa\u0107 pewno\u015b\u0107 siebie w ruchu ulicznym, w terenie lub podczas nag\u0142ego hamowania.<\/p>\n<hr data-start=\"2655\" data-end=\"2658\" \/>\n<h3 data-start=\"2660\" data-end=\"2723\"><strong data-start=\"2664\" data-end=\"2721\">Pasek na nadgarstek z tkanym paskiem, klamr\u0105 i ogranicznikiem sznurka<\/strong><\/h3>\n<p data-start=\"2724\" data-end=\"3004\">W przeciwie\u0144stwie do podstawowych zapi\u0119\u0107 na rzep, ten model zawiera <strong data-start=\"2776\" data-end=\"2796\">ta\u015bma tkana<\/strong> z <strong data-start=\"2804\" data-end=\"2831\">klamra i zatyczka do linki<\/strong> system. Zapewnia to <strong data-start=\"2854\" data-end=\"2885\">bezpieczne i konfigurowalne dopasowanie<\/strong>, Idealny dla os\u00f3b, kt\u00f3re nosz\u0105 r\u0119kawice codziennie lub podczas czynno\u015bci o wysokim poziomie wibracji, takich jak jazda konna, w\u0119dr\u00f3wki lub praca z narz\u0119dziami.<\/p>\n<hr data-start=\"3006\" data-end=\"3009\" \/>\n<h3 data-start=\"3011\" data-end=\"3063\"><strong data-start=\"3015\" data-end=\"3061\">Wn\u0119trze - trykotowa podszewka z polaru zapewniaj\u0105ca ciep\u0142o<\/strong><\/h3>\n<p data-start=\"3064\" data-end=\"3249\">Wewn\u0105trz r\u0119kawicy znajduje si\u0119 <strong data-start=\"3084\" data-end=\"3108\">trykotowa podszewka z polaru<\/strong> zapewnia mi\u0119kkie, izoluj\u0105ce ciep\u0142o bez zb\u0119dnej obj\u0119to\u015bci. Dodaje komfortu w ch\u0142odniejsze miesi\u0105ce i zmniejsza gromadzenie si\u0119 potu, pozwalaj\u0105c na ca\u0142oroczn\u0105 u\u017cyteczno\u015b\u0107.<\/p>\n<hr data-start=\"3251\" data-end=\"3254\" \/>\n<h3 data-start=\"3256\" data-end=\"3285\"><strong data-start=\"3260\" data-end=\"3283\">Idealne zastosowania:<\/strong><\/h3>\n<ul data-start=\"3286\" data-end=\"3556\">\n<li data-start=\"3286\" data-end=\"3319\">\n<p data-start=\"3288\" data-end=\"3319\">Kierowcy motocykli i skuter\u00f3w<\/p>\n<\/li>\n<li data-start=\"3320\" data-end=\"3368\">\n<p data-start=\"3322\" data-end=\"3368\">Specjali\u015bci ds. dostaw (np. kurierzy \u017cywno\u015bci)<\/p>\n<\/li>\n<li data-start=\"3369\" data-end=\"3407\">\n<p data-start=\"3371\" data-end=\"3407\">Kolekcje sprz\u0119tu miejskiego i turystycznego<\/p>\n<\/li>\n<li data-start=\"3408\" data-end=\"3451\">\n<p data-start=\"3410\" data-end=\"3451\">R\u0119kawice outdoorowe na \u0142agodne warunki pogodowe<\/p>\n<\/li>\n<li data-start=\"3452\" data-end=\"3491\">\n<p data-start=\"3454\" data-end=\"3491\">Hurtowi dystrybutorzy \u015brodk\u00f3w ochrony indywidualnej i sprz\u0119tu<\/p>\n<\/li>\n<li data-start=\"3492\" data-end=\"3556\">\n<p data-start=\"3494\" data-end=\"3556\">Marki r\u0119kawic do u\u017cytku prywatnego potrzebuj\u0105ce opcji z ekranem dotykowym<\/p>\n<\/li>\n<\/ul>\n<hr data-start=\"3558\" data-end=\"3561\" \/>\n<h3 data-start=\"3563\" data-end=\"3592\"><strong data-start=\"3567\" data-end=\"3590\">Najwa\u017cniejsze cechy produktu:<\/strong><\/h3>\n<ul data-start=\"3593\" data-end=\"4014\">\n<li data-start=\"3593\" data-end=\"3647\">\n<p data-start=\"3595\" data-end=\"3647\">D\u0142o\u0144 z mikrofibry z palcem wskazuj\u0105cym do ekran\u00f3w dotykowych<\/p>\n<\/li>\n<li data-start=\"3648\" data-end=\"3700\">\n<p data-start=\"3650\" data-end=\"3700\">Softshell i tkanina Fourway na zewn\u0105trz dla elastyczno\u015bci<\/p>\n<\/li>\n<li data-start=\"3701\" data-end=\"3743\">\n<p data-start=\"3703\" data-end=\"3743\">Silikonowy branding i wyt\u0142aczane akcenty<\/p>\n<\/li>\n<li data-start=\"3744\" data-end=\"3779\">\n<p data-start=\"3746\" data-end=\"3779\">Formowany pancerz przegubu dla bezpiecze\u0144stwa<\/p>\n<\/li>\n<li data-start=\"3780\" data-end=\"3822\">\n<p data-start=\"3782\" data-end=\"3822\">Oddychaj\u0105cy, perforowany mankiet zapewniaj\u0105cy przep\u0142yw powietrza<\/p>\n<\/li>\n<li data-start=\"3823\" data-end=\"3859\">\n<p data-start=\"3825\" data-end=\"3859\">Trykotowa podszewka z polaru dla wygody<\/p>\n<\/li>\n<li data-start=\"3860\" data-end=\"3910\">\n<p data-start=\"3862\" data-end=\"3910\">Regulowany tkany pasek z klamr\u0105 i zatyczk\u0105<\/p>\n<\/li>\n<li data-start=\"3911\" data-end=\"3967\">\n<p data-start=\"3913\" data-end=\"3967\">Stylowa br\u0105zowo-czarna kolorystyka z logo RYINZ<\/p>\n<\/li>\n<li data-start=\"3968\" data-end=\"4014\">\n<p data-start=\"3970\" data-end=\"4014\">Konstrukcja CE gotowa na rynki europejskie<\/p>\n<\/li>\n<\/ul>","protected":false},"excerpt":{"rendered":"<p>R\u0119kawice motocyklowe RYINZ z mikrofibry oferuj\u0105 innowacyjne po\u0142\u0105czenie kompatybilno\u015bci z ekranami dotykowymi, formowan\u0105 ochron\u0119 kostek oraz najwy\u017cszej jako\u015bci mieszank\u0119 materia\u0142\u00f3w softshell, polaru i silikonu. Zaprojektowane z my\u015bl\u0105 o komforcie, kontroli i ochronie, r\u0119kawice te s\u0105 idealne dla motocyklist\u00f3w, personelu dostawczego i dostawc\u00f3w sprz\u0119tu poszukuj\u0105cych stylowej, oddychaj\u0105cej i zgodnej z CE ochrony d\u0142oni.<\/p>","protected":false},"featured_media":9338,"comment_status":"closed","ping_status":"closed","template":"","meta":[],"product_brand":[35],"product_cat":[1111,380,122,68],"product_tag":[404,405,406,407,408,409,410,411,412,413,121,414,48,415,416,417,418,419,420,421],"class_list":{"0":"post-9210","1":"product","2":"type-product","3":"status-publish","4":"has-post-thumbnail","6":"product_brand-ryinz","7":"product_cat-motorbike","8":"product_cat-motorbike-gloves","9":"product_cat-motorbike-racing-gloves","10":"product_cat-ryinz","11":"product_tag-all-black-gloves","12":"product_tag-biker-gloves","13":"product_tag-black-riding-gloves","14":"product_tag-carbon-shell-gloves","15":"product_tag-ce-certified-gloves","16":"product_tag-eu-biker-gloves","17":"product_tag-gloves-for-racing","18":"product_tag-goat-leather-gloves","19":"product_tag-hook-loop-gloves","20":"product_tag-leather-motorcycle-gloves","21":"product_tag-motorbike-gloves","22":"product_tag-neoprene-cuff-gloves","23":"product_tag-padded-palm-gloves","24":"product_tag-premium-biker-gloves","25":"product_tag-racing-hand-gear","26":"product_tag-riding-gloves","27":"product_tag-road-trip-gloves","28":"product_tag-ryinz-gloves","29":"product_tag-safety-motorcycle-gloves","30":"product_tag-street-rider-gloves","32":"first","33":"instock","34":"taxable","35":"shipping-taxable","36":"purchasable","37":"product-type-simple"},"_links":{"self":[{"href":"https:\/\/ryinz.cz\/velkoobchod\/pl\/wp-json\/wp\/v2\/product\/9210","targetHints":{"allow":["GET"]}}],"collection":[{"href":"https:\/\/ryinz.cz\/velkoobchod\/pl\/wp-json\/wp\/v2\/product"}],"about":[{"href":"https:\/\/ryinz.cz\/velkoobchod\/pl\/wp-json\/wp\/v2\/types\/product"}],"replies":[{"embeddable":true,"href":"https:\/\/ryinz.cz\/velkoobchod\/pl\/wp-json\/wp\/v2\/comments?post=9210"}],"wp:featuredmedia":[{"embeddable":true,"href":"https:\/\/ryinz.cz\/velkoobchod\/pl\/wp-json\/wp\/v2\/media\/9338"}],"wp:attachment":[{"href":"https:\/\/ryinz.cz\/velkoobchod\/pl\/wp-json\/wp\/v2\/media?parent=9210"}],"wp:term":[{"taxonomy":"product_brand","embeddable":true,"href":"https:\/\/ryinz.cz\/velkoobchod\/pl\/wp-json\/wp\/v2\/product_brand?post=9210"},{"taxonomy":"product_cat","embeddable":true,"href":"https:\/\/ryinz.cz\/velkoobchod\/pl\/wp-json\/wp\/v2\/product_cat?post=9210"},{"taxonomy":"product_tag","embeddable":true,"href":"https:\/\/ryinz.cz\/velkoobchod\/pl\/wp-json\/wp\/v2\/product_tag?post=9210"}],"curies":[{"name":"wp","href":"https:\/\/api.w.org\/{rel}","templated":true}]}}