{"id":9209,"date":"2025-06-22T15:33:23","date_gmt":"2025-06-22T15:33:23","guid":{"rendered":"https:\/\/ryinz.cz\/velkoobchod\/?post_type=product&#038;p=9209"},"modified":"2026-01-18T20:18:29","modified_gmt":"2026-01-18T20:18:29","slug":"ryinz-opancerzone-rekawice-motocyklowe-z-koziej-skory-do-hurtowej-sprzedazy-detalicznej-z-ochrona-kostek-tpu-i-wytloczona-kopia-uchwytu","status":"publish","type":"product","link":"https:\/\/ryinz.cz\/velkoobchod\/pl\/product\/ryinz-armored-goatskin-motorcycle-gloves-for-wholesale-retail-with-tpu-knuckle-protection-and-embossed-grip-copy\/","title":{"rendered":"R\u0119kawice motocyklowe RYINZ Armored GoatSkin do sprzeda\u017cy hurtowej i detalicznej z ochron\u0105 kostek TPU i wyt\u0142oczonym uchwytem (kopia)"},"content":{"rendered":"<p data-start=\"738\" data-end=\"835\"><strong data-start=\"738\" data-end=\"835\">R\u0119kawice motocyklowe RYINZ MBWG 9999-0128 Premium - bezpiecze\u0144stwo przy du\u017cych pr\u0119dko\u015bciach w odwa\u017cnej niebiesko-bia\u0142ej stylistyce<\/strong><\/p>\n<p data-start=\"837\" data-end=\"1191\">Zaprojektowany, aby zapewni\u0107 wyj\u0105tkow\u0105 kontrol\u0119, ochron\u0119 i estetyczny wygl\u0105d. <strong data-start=\"915\" data-end=\"953\">R\u0119kawice wy\u015bcigowe RYINZ MBWG 9999-0128<\/strong> zosta\u0142y stworzone z my\u015bl\u0105 o powa\u017cnych motocyklistach i profesjonalnych dostawcach sprz\u0119tu. Czy to na torze, w ruchu miejskim, czy na kr\u0119tych drogach, r\u0119kawice te spe\u0142niaj\u0105 europejskie normy bezpiecze\u0144stwa, a jednocze\u015bnie wyr\u00f3\u017cniaj\u0105 si\u0119 wzornictwem inspirowanym wy\u015bcigami.<\/p>\n<p data-start=\"1193\" data-end=\"1339\">Idealne dla sprzedawc\u00f3w motocykli, dystrybutor\u00f3w B2B i kolekcji sprz\u0119tu wyczynowego, r\u0119kawice te \u0142\u0105cz\u0105 w sobie in\u017cynieri\u0119 bezpiecze\u0144stwa z atrakcyjnym stylem.<\/p>\n<hr data-start=\"1341\" data-end=\"1344\" \/>\n<h3 data-start=\"1346\" data-end=\"1404\"><strong data-start=\"1350\" data-end=\"1402\">Ty\u0142 z materia\u0142u Twill ze wzmocnieniami z koziej sk\u00f3ry<\/strong><\/h3>\n<p data-start=\"1405\" data-end=\"1685\">G\u00f3rna cz\u0119\u015b\u0107 r\u0119kawicy wykonana jest z oddychaj\u0105cego materia\u0142u <strong data-start=\"1455\" data-end=\"1471\">tkanina diagonalna<\/strong>, wzmocniony <strong data-start=\"1489\" data-end=\"1517\">Sk\u00f3rzane naszywki GoatSkin<\/strong> na grzbietach palc\u00f3w dla zwi\u0119kszenia trwa\u0142o\u015bci i elastyczno\u015bci. Zapewnia to naturalny ruch d\u0142oni, przy jednoczesnym zachowaniu ochrony strukturalnej podczas nacisku lub uderzenia.<\/p>\n<hr data-start=\"1687\" data-end=\"1690\" \/>\n<h3 data-start=\"1692\" data-end=\"1755\"><strong data-start=\"1696\" data-end=\"1753\">Guma EVA + pancerz TPU na kostkach dla maksymalnej ochrony<\/strong><\/h3>\n<p data-start=\"1756\" data-end=\"2047\">Strefy ochronne obejmuj\u0105 zar\u00f3wno <strong data-start=\"1786\" data-end=\"1808\">Gumowa wy\u015bci\u00f3\u0142ka EVA<\/strong> oraz <strong data-start=\"1815\" data-end=\"1840\">Ochraniacz kostek TPU<\/strong> zapewniaj\u0105c warstwow\u0105 ochron\u0119 przed bezpo\u015brednimi uderzeniami, otarciami na drodze i upadkami z du\u017c\u0105 pr\u0119dko\u015bci\u0105. Zewn\u0119trzny pancerz TPU jest wysoce odporny na uderzenia, a wk\u0142adki EVA amortyzuj\u0105 wstrz\u0105sy wok\u00f3\u0142 palc\u00f3w i mankiet\u00f3w.<\/p>\n<hr data-start=\"2049\" data-end=\"2052\" \/>\n<h3 data-start=\"2054\" data-end=\"2102\"><strong data-start=\"2058\" data-end=\"2100\">D\u0142o\u0144 z koziej sk\u00f3ry z wyt\u0142oczonymi strefami chwytu<\/strong><\/h3>\n<p data-start=\"2103\" data-end=\"2405\">The <strong data-start=\"2107\" data-end=\"2132\">D\u0142o\u0144 z koziej sk\u00f3ry<\/strong> jest mi\u0119kka, a jednocze\u015bnie wytrzyma\u0142a, zapewniaj\u0105c naturaln\u0105 si\u0142\u0119 chwytu. Strategiczny <strong data-start=\"2196\" data-end=\"2219\">wyt\u0142oczone strefy chwytu<\/strong> zapewniaj\u0105 antypo\u015blizgow\u0105 kontrol\u0119 nawet w mokrych warunkach. Wzmocnione szwy i dodatkowe warstwy pianki zapewniaj\u0105 t\u0142umienie drga\u0144, pozwalaj\u0105c kierowcy na d\u0142ugie przeja\u017cd\u017cki bez dyskomfortu.<\/p>\n<hr data-start=\"2407\" data-end=\"2410\" \/>\n<h3 data-start=\"2412\" data-end=\"2456\"><strong data-start=\"2416\" data-end=\"2454\">Niebiesko-bia\u0142a estetyka o wysokim kontra\u015bcie<\/strong><\/h3>\n<p data-start=\"2457\" data-end=\"2711\">Wyr\u00f3\u017cnij si\u0119 dzi\u0119ki <strong data-start=\"2476\" data-end=\"2519\">Odwa\u017cna niebiesko-bia\u0142o-czarna tr\u00f3jkolorowa kolorystyka<\/strong>, Zaprojektowane nie tylko z my\u015bl\u0105 o atrakcyjno\u015bci wizualnej, ale tak\u017ce zwi\u0119kszonej widoczno\u015bci w ci\u0105gu dnia. Kontrastuj\u0105ce kolory pomagaj\u0105 r\u00f3wnie\u017c sprzedawcom detalicznym zaprezentowa\u0107 unikaln\u0105 wizualnie ofert\u0119 w\u015br\u00f3d standardowych, ca\u0142kowicie czarnych r\u0119kawic.<\/p>\n<hr data-start=\"2713\" data-end=\"2716\" \/>\n<h3 data-start=\"2718\" data-end=\"2779\"><strong data-start=\"2722\" data-end=\"2777\">Wyt\u0142oczony znak firmowy RYINZ + regulowane zapi\u0119cie na rzep<\/strong><\/h3>\n<p data-start=\"2780\" data-end=\"3017\">Z <strong data-start=\"2785\" data-end=\"2812\">wyt\u0142oczone logo RYINZ<\/strong> na mankiecie i zintegrowany <strong data-start=\"2840\" data-end=\"2856\">Pasek na rzep<\/strong>, R\u0119kawice zapewniaj\u0105 eleganckie i bezpieczne dopasowanie do nadgarstka. Niezale\u017cnie od tego, czy s\u0105 noszone wewn\u0105trz, czy na r\u0119kawach kurtki, system zapinania zapewnia odporno\u015b\u0107 na wiatr i \u0142atw\u0105 regulacj\u0119.<\/p>\n<hr data-start=\"3019\" data-end=\"3022\" \/>\n<h3 data-start=\"3024\" data-end=\"3064\"><strong data-start=\"3028\" data-end=\"3062\">Certyfikat bezpiecze\u0144stwa jazdy UE<\/strong><\/h3>\n<p data-start=\"3065\" data-end=\"3300\">W pe\u0142ni zgodny z <strong data-start=\"3086\" data-end=\"3110\">EN420 &amp; EN13594:2015<\/strong> Zgodnie z europejskimi normami dotycz\u0105cymi ochronnych r\u0119kawic motocyklowych, model ten jest zatwierdzony do u\u017cytku drogowego i spe\u0142nia standardy jako\u015bci wymagane w dystrybucji B2B i profesjonalnych kolekcjach sprz\u0119tu je\u017adzieckiego.<\/p>\n<hr data-start=\"3302\" data-end=\"3305\" \/>\n<h3 data-start=\"3307\" data-end=\"3336\"><strong data-start=\"3311\" data-end=\"3334\">Idealne zastosowania:<\/strong><\/h3>\n<ul data-start=\"3337\" data-end=\"3567\">\n<li data-start=\"3337\" data-end=\"3371\">\n<p data-start=\"3339\" data-end=\"3371\">Wysokowydajna jazda uliczna<\/p>\n<\/li>\n<li data-start=\"3372\" data-end=\"3405\">\n<p data-start=\"3374\" data-end=\"3405\">Wy\u015bcigi motocyklowe i turystyka<\/p>\n<\/li>\n<li data-start=\"3406\" data-end=\"3447\">\n<p data-start=\"3408\" data-end=\"3447\">Markowe kolekcje bezpiecze\u0144stwa motocykli<\/p>\n<\/li>\n<li data-start=\"3448\" data-end=\"3489\">\n<p data-start=\"3450\" data-end=\"3489\">Dostawy detaliczne B2B na rynkach europejskich<\/p>\n<\/li>\n<li data-start=\"3490\" data-end=\"3526\">\n<p data-start=\"3492\" data-end=\"3526\">Programy r\u0119kawic OEM z prywatn\u0105 mark\u0105<\/p>\n<\/li>\n<li data-start=\"3527\" data-end=\"3567\">\n<p data-start=\"3529\" data-end=\"3567\">Hurtownie odzie\u017cy motocyklowej<\/p>\n<\/li>\n<\/ul>\n<hr data-start=\"3569\" data-end=\"3572\" \/>\n<h3 data-start=\"3574\" data-end=\"3605\"><strong data-start=\"3578\" data-end=\"3603\">Podsumowanie kluczowych funkcji:<\/strong><\/h3>\n<ul data-start=\"3606\" data-end=\"3994\">\n<li data-start=\"3606\" data-end=\"3664\">\n<p data-start=\"3608\" data-end=\"3664\">Ty\u0142 z tkaniny Twill ze wzmocnieniami ze sk\u00f3ry GoatSkin<\/p>\n<\/li>\n<li data-start=\"3665\" data-end=\"3700\">\n<p data-start=\"3667\" data-end=\"3700\">Wy\u015bci\u00f3\u0142ka EVA na palcach i mankiecie<\/p>\n<\/li>\n<li data-start=\"3701\" data-end=\"3748\">\n<p data-start=\"3703\" data-end=\"3748\">Ochraniacz kostek z TPU zapewniaj\u0105cy odporno\u015b\u0107 na uderzenia<\/p>\n<\/li>\n<li data-start=\"3749\" data-end=\"3797\">\n<p data-start=\"3751\" data-end=\"3797\">D\u0142o\u0144 z koziej sk\u00f3ry z wyt\u0142oczonym uchwytem wy\u015bcie\u0142anym piank\u0105<\/p>\n<\/li>\n<li data-start=\"3798\" data-end=\"3841\">\n<p data-start=\"3800\" data-end=\"3841\">Odwa\u017cna niebiesko-bia\u0142o-czarna kombinacja kolor\u00f3w<\/p>\n<\/li>\n<li data-start=\"3842\" data-end=\"3893\">\n<p data-start=\"3844\" data-end=\"3893\">Pasek na nadgarstek zapinany na rzep z wyt\u0142oczonym logo RYINZ<\/p>\n<\/li>\n<li data-start=\"3894\" data-end=\"3939\">\n<p data-start=\"3896\" data-end=\"3939\">Lekka, oddychaj\u0105ca, z certyfikatem CE<\/p>\n<\/li>\n<li data-start=\"3940\" data-end=\"3994\">\n<p data-start=\"3942\" data-end=\"3994\">Idealny do jazdy w upale, na torze i w mie\u015bcie<\/p>\n<\/li>\n<\/ul>","protected":false},"excerpt":{"rendered":"<p>Do\u015bwiadcz elitarnej wydajno\u015bci i stylu dzi\u0119ki niebiesko-bia\u0142ym r\u0119kawicom wy\u015bcigowym RYINZ, wykonanym z najwy\u017cszej jako\u015bci sk\u00f3ry GoatSkin z pancerzem TPU na kostkach, gumow\u0105 wy\u015bci\u00f3\u0142k\u0105 EVA i wzmocnionymi piank\u0105 d\u0142o\u0144mi. Te r\u0119kawice z certyfikatem CE zapewniaj\u0105 bezpiecze\u0144stwo, elastyczno\u015b\u0107 i przyczepno\u015b\u0107 na profesjonalnym poziomie dla agresywnych kierowc\u00f3w, turyst\u00f3w i nabywc\u00f3w hurtowych poszukuj\u0105cych dobrze widocznej i wydajnej ochrony motocykla.<\/p>","protected":false},"featured_media":9305,"comment_status":"closed","ping_status":"closed","template":"","meta":[],"product_brand":[35],"product_cat":[1111,380,122,68],"product_tag":[404,405,406,407,408,409,410,411,412,413,121,414,48,415,416,417,418,419,420,421],"class_list":{"0":"post-9209","1":"product","2":"type-product","3":"status-publish","4":"has-post-thumbnail","6":"product_brand-ryinz","7":"product_cat-motorbike","8":"product_cat-motorbike-gloves","9":"product_cat-motorbike-racing-gloves","10":"product_cat-ryinz","11":"product_tag-all-black-gloves","12":"product_tag-biker-gloves","13":"product_tag-black-riding-gloves","14":"product_tag-carbon-shell-gloves","15":"product_tag-ce-certified-gloves","16":"product_tag-eu-biker-gloves","17":"product_tag-gloves-for-racing","18":"product_tag-goat-leather-gloves","19":"product_tag-hook-loop-gloves","20":"product_tag-leather-motorcycle-gloves","21":"product_tag-motorbike-gloves","22":"product_tag-neoprene-cuff-gloves","23":"product_tag-padded-palm-gloves","24":"product_tag-premium-biker-gloves","25":"product_tag-racing-hand-gear","26":"product_tag-riding-gloves","27":"product_tag-road-trip-gloves","28":"product_tag-ryinz-gloves","29":"product_tag-safety-motorcycle-gloves","30":"product_tag-street-rider-gloves","32":"first","33":"instock","34":"taxable","35":"shipping-taxable","36":"purchasable","37":"product-type-simple"},"_links":{"self":[{"href":"https:\/\/ryinz.cz\/velkoobchod\/pl\/wp-json\/wp\/v2\/product\/9209","targetHints":{"allow":["GET"]}}],"collection":[{"href":"https:\/\/ryinz.cz\/velkoobchod\/pl\/wp-json\/wp\/v2\/product"}],"about":[{"href":"https:\/\/ryinz.cz\/velkoobchod\/pl\/wp-json\/wp\/v2\/types\/product"}],"replies":[{"embeddable":true,"href":"https:\/\/ryinz.cz\/velkoobchod\/pl\/wp-json\/wp\/v2\/comments?post=9209"}],"wp:featuredmedia":[{"embeddable":true,"href":"https:\/\/ryinz.cz\/velkoobchod\/pl\/wp-json\/wp\/v2\/media\/9305"}],"wp:attachment":[{"href":"https:\/\/ryinz.cz\/velkoobchod\/pl\/wp-json\/wp\/v2\/media?parent=9209"}],"wp:term":[{"taxonomy":"product_brand","embeddable":true,"href":"https:\/\/ryinz.cz\/velkoobchod\/pl\/wp-json\/wp\/v2\/product_brand?post=9209"},{"taxonomy":"product_cat","embeddable":true,"href":"https:\/\/ryinz.cz\/velkoobchod\/pl\/wp-json\/wp\/v2\/product_cat?post=9209"},{"taxonomy":"product_tag","embeddable":true,"href":"https:\/\/ryinz.cz\/velkoobchod\/pl\/wp-json\/wp\/v2\/product_tag?post=9209"}],"curies":[{"name":"wp","href":"https:\/\/api.w.org\/{rel}","templated":true}]}}