{"id":9208,"date":"2025-06-22T15:33:22","date_gmt":"2025-06-22T15:33:22","guid":{"rendered":"https:\/\/ryinz.cz\/velkoobchod\/?post_type=product&#038;p=9208"},"modified":"2026-01-18T20:18:28","modified_gmt":"2026-01-18T20:18:28","slug":"ryinz-opancerzone-rekawice-motocyklowe-z-koziej-skory-do-sprzedazy-hurtowej-i-detalicznej-z-ochrona-kostek-tpu-i-wytloczonym-uchwytem","status":"publish","type":"product","link":"https:\/\/ryinz.cz\/velkoobchod\/pl\/product\/ryinz-armored-goatskin-motorcycle-gloves-for-wholesale-retail-with-tpu-knuckle-protection-and-embossed-grip\/","title":{"rendered":"R\u0119kawice motocyklowe RYINZ Armored GoatSkin do sprzeda\u017cy hurtowej i detalicznej z ochron\u0105 kostek TPU i wyt\u0142oczonym uchwytem"},"content":{"rendered":"<p data-start=\"814\" data-end=\"924\"><strong data-start=\"814\" data-end=\"924\">R\u0119kawice motocyklowe RYINZ MBWG 9999-0129 - stworzone z my\u015bl\u0105 o precyzji, wytrzyma\u0142o\u015bci i europejskich standardach bezpiecze\u0144stwa drogowego<\/strong><\/p>\n<p data-start=\"926\" data-end=\"1400\">Zaprojektowany z my\u015bl\u0105 o bezpiecze\u0144stwie, stylu i doskona\u0142ym komforcie. <strong data-start=\"982\" data-end=\"1024\">R\u0119kawice motocyklowe RYINZ MBWG 9999-0129<\/strong> s\u0105 idealnym towarzyszem dla rowerzyst\u00f3w, kt\u00f3rzy wymagaj\u0105 czego\u015b wi\u0119cej ni\u017c tylko ochrony. Zaprojektowane z profesjonalnych materia\u0142\u00f3w i wzmocnionych technologii, r\u0119kawice te nadaj\u0105 si\u0119 do agresywnej jazdy szosowej, codziennych dojazd\u00f3w do pracy i turystyki. Niezale\u017cnie od tego, czy jeste\u015b sprzedawc\u0105 sprz\u0119tu, mark\u0105 odzie\u017cy motocyklowej, czy hurtowym nabywc\u0105 dla klubu je\u017adzieckiego, ten model jest idealnym dodatkiem do ka\u017cdej linii r\u0119kawic.<\/p>\n<hr data-start=\"1402\" data-end=\"1405\" \/>\n<h3 data-start=\"1407\" data-end=\"1466\"><strong data-start=\"1411\" data-end=\"1466\">Pancerz TPU Knuckle Armor - pe\u0142na odporno\u015b\u0107 na uderzenia<\/strong><\/h3>\n<p data-start=\"1467\" data-end=\"1783\">R\u0119kawice te posiadaj\u0105 <strong data-start=\"1490\" data-end=\"1512\">Os\u0142ona zwrotnicy z TPU<\/strong>, zapewniaj\u0105c solidn\u0105 ochron\u0119 przed uderzeniami i otarciami podczas zderze\u0144 lub kontaktu z d\u0142oni\u0105. Dzi\u0119ki aerodynamicznej konstrukcji przypominaj\u0105cej skorup\u0119, ochraniacze te pomagaj\u0105 absorbowa\u0107 nacisk, oferuj\u0105c jednocze\u015bnie wygl\u0105d gotowy do wy\u015bcig\u00f3w. Wystarczaj\u0105co elastyczne, aby si\u0119 porusza\u0107, a jednocze\u015bnie wytrzyma\u0142e na si\u0142y zewn\u0119trzne.<\/p>\n<hr data-start=\"1785\" data-end=\"1788\" \/>\n<h3 data-start=\"1790\" data-end=\"1840\"><strong data-start=\"1794\" data-end=\"1840\">Sk\u00f3ra kozia - d\u0142o\u0144 i wzmocnienia<\/strong><\/h3>\n<p data-start=\"1841\" data-end=\"2247\">Wykonane z <strong data-start=\"1854\" data-end=\"1874\">Sk\u00f3ra kozia<\/strong> W poprzek d\u0142oni i stref wzmocnienia, r\u0119kawice te zapewniaj\u0105 doskona\u0142\u0105 odporno\u015b\u0107 na \u015bcieranie bez uszczerbku dla elastyczno\u015bci. R\u0119kawice <strong data-start=\"2004\" data-end=\"2038\">wn\u0119trze d\u0142oni z wyt\u0142aczanej sk\u00f3ry<\/strong>, poprawiaj\u0105c przyczepno\u015b\u0107 w ka\u017cdych warunkach pogodowych, zw\u0142aszcza podczas obs\u0142ugi hamulca lub sprz\u0119g\u0142a. Sk\u00f3ra jest wystarczaj\u0105co mi\u0119kka, aby zapewni\u0107 elastyczno\u015b\u0107 d\u0142oni, a jednocze\u015bnie wystarczaj\u0105co wytrzyma\u0142a, aby wytrzyma\u0107 d\u0142ugotrwa\u0142e u\u017cytkowanie.<\/p>\n<hr data-start=\"2249\" data-end=\"2252\" \/>\n<h3 data-start=\"2254\" data-end=\"2303\"><strong data-start=\"2258\" data-end=\"2303\">Ochrona z gumy EVA - strefy plec\u00f3w i mankiet\u00f3w<\/strong><\/h3>\n<p data-start=\"2304\" data-end=\"2641\">Gumowe podk\u0142adki EVA s\u0105 zintegrowane na <strong data-start=\"2342\" data-end=\"2368\">grzbiety palc\u00f3w i mankiety<\/strong>, dzia\u0142aj\u0105c jak amortyzatory podczas nag\u0142ego uderzenia. Ta guma o mi\u0119kkiej g\u0119sto\u015bci zmniejsza wp\u0142yw zewn\u0119trznych wibracji i zapewnia lekk\u0105 warstw\u0119 dodatkowego bezpiecze\u0144stwa. Podk\u0142adki te wsp\u00f3\u0142pracuj\u0105 z pancerzem TPU, dzi\u0119ki czemu r\u0119kawice s\u0105 idealne zar\u00f3wno do szybkiej jazdy, jak i nawigacji w ruchu ulicznym.<\/p>\n<hr data-start=\"2643\" data-end=\"2646\" \/>\n<h3 data-start=\"2648\" data-end=\"2691\"><strong data-start=\"2652\" data-end=\"2691\">Piankowa wy\u015bci\u00f3\u0142ka + wyt\u0142aczany uchwyt<\/strong><\/h3>\n<p data-start=\"2692\" data-end=\"3002\">Dodatkowe <strong data-start=\"2703\" data-end=\"2719\">piankowa wy\u015bci\u00f3\u0142ka<\/strong> pod sk\u00f3r\u0105 zapewnia subteln\u0105 amortyzacj\u0119 wstrz\u0105s\u00f3w, a <strong data-start=\"2780\" data-end=\"2806\">wyt\u0142aczany wz\u00f3r d\u0142oni<\/strong> poprawia trakcj\u0119 i kontrol\u0119, daj\u0105c kierowcy lepsze wyczucie i prowadzenie bez po\u015blizgu. Po\u0142\u0105czenie tych element\u00f3w zapewnia pe\u0142n\u0105 funkcjonalno\u015b\u0107 nawet podczas d\u0142ugich przeja\u017cd\u017cek lub w mokrych warunkach.<\/p>\n<hr data-start=\"3004\" data-end=\"3007\" \/>\n<h3 data-start=\"3009\" data-end=\"3059\"><strong data-start=\"3013\" data-end=\"3059\">Ty\u0142 z tkaniny Twill - oddychaj\u0105cy i trwa\u0142y<\/strong><\/h3>\n<p data-start=\"3060\" data-end=\"3334\">The <strong data-start=\"3064\" data-end=\"3092\">tylny panel z tkaniny diagonalnej<\/strong> zapewnia rozci\u0105gliwo\u015b\u0107 i przep\u0142yw powietrza bez uszczerbku dla wytrzyma\u0142o\u015bci. Umo\u017cliwia naturalny ruch d\u0142oni i elastyczno\u015b\u0107, zmniejszaj\u0105c pocenie si\u0119 i poprawiaj\u0105c regulacj\u0119 temperatury d\u0142oni. Dzi\u0119ki temu r\u0119kawice mo\u017cna nosi\u0107 nawet w cieplejszych porach roku lub podczas d\u0142ugodystansowych przeja\u017cd\u017cek.<\/p>\n<hr data-start=\"3336\" data-end=\"3339\" \/>\n<h3 data-start=\"3341\" data-end=\"3376\"><strong data-start=\"3345\" data-end=\"3376\">Mankiet na rzep z bezpiecznym dopasowaniem<\/strong><\/h3>\n<p data-start=\"3377\" data-end=\"3595\">A <strong data-start=\"3379\" data-end=\"3411\">Mankiet na rzep ze sk\u00f3ry koziej<\/strong> owija nadgarstek i blokuje r\u0119kawic\u0119 na miejscu. Niezale\u017cnie od tego, czy s\u0105 noszone na kurtce, czy pod ni\u0105, regulowany mankiet zapewnia kierowcy spersonalizowane dopasowanie i ochron\u0119 przed wiatrem podczas jazdy z du\u017c\u0105 pr\u0119dko\u015bci\u0105.<\/p>\n<hr data-start=\"3597\" data-end=\"3600\" \/>\n<h3 data-start=\"3602\" data-end=\"3653\"><strong data-start=\"3606\" data-end=\"3653\">Certyfikat zgodno\u015bci z normami EN420 i EN13594:2015<\/strong><\/h3>\n<p data-start=\"3654\" data-end=\"3852\">Ta r\u0119kawica jest zgodna z <strong data-start=\"3679\" data-end=\"3711\">Europejskie normy bezpiecze\u0144stwa CE<\/strong> dla r\u0119kawic motocyklowych, w tym ochron\u0119 przed \u015bcieraniem, rozdarciem i kostkami, zapewniaj\u0105c, \u017ce s\u0105 one prawnie zatwierdzone i gotowe do jazdy po drogach we wszystkich krajach UE.<\/p>\n<hr data-start=\"3854\" data-end=\"3857\" \/>\n<h3 data-start=\"3859\" data-end=\"3884\"><strong data-start=\"3863\" data-end=\"3882\">Najlepsze przypadki u\u017cycia:<\/strong><\/h3>\n<ul data-start=\"3885\" data-end=\"4155\">\n<li data-start=\"3885\" data-end=\"3927\">\n<p data-start=\"3887\" data-end=\"3927\">Turystyka motocyklowa i dojazdy do pracy w mie\u015bcie<\/p>\n<\/li>\n<li data-start=\"3928\" data-end=\"3960\">\n<p data-start=\"3930\" data-end=\"3960\">Jazda wy\u015bcigowa lub wyczynowa<\/p>\n<\/li>\n<li data-start=\"3961\" data-end=\"4001\">\n<p data-start=\"3963\" data-end=\"4001\">Programy OEM i markowego sprz\u0119tu ochronnego<\/p>\n<\/li>\n<li data-start=\"4002\" data-end=\"4047\">\n<p data-start=\"4004\" data-end=\"4047\">Sprzedawcy produkt\u00f3w motocyklowych zgodnych z CE<\/p>\n<\/li>\n<li data-start=\"4048\" data-end=\"4080\">\n<p data-start=\"4050\" data-end=\"4080\">Internetowe rynki sprz\u0119tu B2B<\/p>\n<\/li>\n<li data-start=\"4081\" data-end=\"4115\">\n<p data-start=\"4083\" data-end=\"4115\">Jazda w sezonie zimnym do umiarkowanego<\/p>\n<\/li>\n<li data-start=\"4116\" data-end=\"4155\">\n<p data-start=\"4118\" data-end=\"4155\">Kierowcy dostawczy lub wyposa\u017cenie floty<\/p>\n<\/li>\n<\/ul>\n<hr data-start=\"4157\" data-end=\"4160\" \/>\n<h3 data-start=\"4162\" data-end=\"4188\"><strong data-start=\"4166\" data-end=\"4186\">Podsumowanie funkcji:<\/strong><\/h3>\n<ul data-start=\"4189\" data-end=\"4616\">\n<li data-start=\"4189\" data-end=\"4230\">\n<p data-start=\"4191\" data-end=\"4230\">Oddychaj\u0105cy ty\u0142 z materia\u0142u Twill<\/p>\n<\/li>\n<li data-start=\"4231\" data-end=\"4275\">\n<p data-start=\"4233\" data-end=\"4275\">D\u0142o\u0144 z koziej sk\u00f3ry z wyt\u0142oczonym uchwytem<\/p>\n<\/li>\n<li data-start=\"4276\" data-end=\"4316\">\n<p data-start=\"4278\" data-end=\"4316\">Pancerz z TPU dla ochrony przed uderzeniami<\/p>\n<\/li>\n<li data-start=\"4317\" data-end=\"4359\">\n<p data-start=\"4319\" data-end=\"4359\">Gumowa wy\u015bci\u00f3\u0142ka EVA na palcach i mankiecie<\/p>\n<\/li>\n<li data-start=\"4360\" data-end=\"4395\">\n<p data-start=\"4362\" data-end=\"4395\">Wewn\u0119trzna struktura wzmocniona piank\u0105<\/p>\n<\/li>\n<li data-start=\"4396\" data-end=\"4436\">\n<p data-start=\"4398\" data-end=\"4436\">Certyfikat CE zgodny z normami EN420 i EN13594:2015<\/p>\n<\/li>\n<li data-start=\"4437\" data-end=\"4483\">\n<p data-start=\"4439\" data-end=\"4483\">Trwa\u0142e szwy i odporno\u015b\u0107 na zu\u017cycie<\/p>\n<\/li>\n<li data-start=\"4484\" data-end=\"4522\">\n<p data-start=\"4486\" data-end=\"4522\">System zapinania na rzep na nadgarstku<\/p>\n<\/li>\n<li data-start=\"4523\" data-end=\"4567\">\n<p data-start=\"4525\" data-end=\"4567\">Wyt\u0142oczony znak firmowy z zaciemnionym stylem<\/p>\n<\/li>\n<li data-start=\"4568\" data-end=\"4616\">\n<p data-start=\"4570\" data-end=\"4616\">Idealny do du\u017cych pr\u0119dko\u015bci, jazdy miejskiej i turystycznej<\/p>\n<\/li>\n<\/ul>","protected":false},"excerpt":{"rendered":"<p>Odkryj niezr\u00f3wnan\u0105 trwa\u0142o\u015b\u0107 i wygod\u0119 dzi\u0119ki pancernym r\u0119kawicom motocyklowym RYINZ, wykonanym ze sk\u00f3ry GoatSkin, os\u0142on kostek TPU, wzmocnie\u0144 z gumy EVA i diagonalnej pow\u0142oki tylnej. R\u0119kawice te \u0142\u0105cz\u0105 w sobie ochron\u0119 wy\u015bcie\u0142an\u0105 piank\u0105, wyt\u0142oczony uchwyt d\u0142oni i funkcje zgodne z CE, dzi\u0119ki czemu s\u0105 idealne dla sprzedawc\u00f3w motocykli, nabywc\u00f3w hurtowych i profesjonalnych motocyklist\u00f3w. Te ciesz\u0105ce si\u0119 zaufaniem w ca\u0142ej Europie r\u0119kawice zosta\u0142y stworzone z my\u015bl\u0105 o wydajno\u015bci, ochronie i d\u0142ugotrwa\u0142ym komforcie.<\/p>","protected":false},"featured_media":9304,"comment_status":"closed","ping_status":"closed","template":"","meta":[],"product_brand":[35],"product_cat":[1111,380,122,68],"product_tag":[404,405,406,407,408,409,410,411,412,413,121,414,48,415,416,417,418,419,420,421],"class_list":{"0":"post-9208","1":"product","2":"type-product","3":"status-publish","4":"has-post-thumbnail","6":"product_brand-ryinz","7":"product_cat-motorbike","8":"product_cat-motorbike-gloves","9":"product_cat-motorbike-racing-gloves","10":"product_cat-ryinz","11":"product_tag-all-black-gloves","12":"product_tag-biker-gloves","13":"product_tag-black-riding-gloves","14":"product_tag-carbon-shell-gloves","15":"product_tag-ce-certified-gloves","16":"product_tag-eu-biker-gloves","17":"product_tag-gloves-for-racing","18":"product_tag-goat-leather-gloves","19":"product_tag-hook-loop-gloves","20":"product_tag-leather-motorcycle-gloves","21":"product_tag-motorbike-gloves","22":"product_tag-neoprene-cuff-gloves","23":"product_tag-padded-palm-gloves","24":"product_tag-premium-biker-gloves","25":"product_tag-racing-hand-gear","26":"product_tag-riding-gloves","27":"product_tag-road-trip-gloves","28":"product_tag-ryinz-gloves","29":"product_tag-safety-motorcycle-gloves","30":"product_tag-street-rider-gloves","32":"first","33":"instock","34":"taxable","35":"shipping-taxable","36":"purchasable","37":"product-type-simple"},"_links":{"self":[{"href":"https:\/\/ryinz.cz\/velkoobchod\/pl\/wp-json\/wp\/v2\/product\/9208","targetHints":{"allow":["GET"]}}],"collection":[{"href":"https:\/\/ryinz.cz\/velkoobchod\/pl\/wp-json\/wp\/v2\/product"}],"about":[{"href":"https:\/\/ryinz.cz\/velkoobchod\/pl\/wp-json\/wp\/v2\/types\/product"}],"replies":[{"embeddable":true,"href":"https:\/\/ryinz.cz\/velkoobchod\/pl\/wp-json\/wp\/v2\/comments?post=9208"}],"wp:featuredmedia":[{"embeddable":true,"href":"https:\/\/ryinz.cz\/velkoobchod\/pl\/wp-json\/wp\/v2\/media\/9304"}],"wp:attachment":[{"href":"https:\/\/ryinz.cz\/velkoobchod\/pl\/wp-json\/wp\/v2\/media?parent=9208"}],"wp:term":[{"taxonomy":"product_brand","embeddable":true,"href":"https:\/\/ryinz.cz\/velkoobchod\/pl\/wp-json\/wp\/v2\/product_brand?post=9208"},{"taxonomy":"product_cat","embeddable":true,"href":"https:\/\/ryinz.cz\/velkoobchod\/pl\/wp-json\/wp\/v2\/product_cat?post=9208"},{"taxonomy":"product_tag","embeddable":true,"href":"https:\/\/ryinz.cz\/velkoobchod\/pl\/wp-json\/wp\/v2\/product_tag?post=9208"}],"curies":[{"name":"wp","href":"https:\/\/api.w.org\/{rel}","templated":true}]}}