{"id":9207,"date":"2025-06-22T15:33:20","date_gmt":"2025-06-22T15:33:20","guid":{"rendered":"https:\/\/ryinz.cz\/velkoobchod\/?post_type=product&#038;p=9207"},"modified":"2026-01-18T20:18:27","modified_gmt":"2026-01-18T20:18:27","slug":"rekawice-motocyklowe-ryinz-premium-z-koziej-skory-anilinowej-z-neoprenowym-mankietem-z-wlokna-weglowego-do-sprzedazy-hurtowej-i-detalicznej","status":"publish","type":"product","link":"https:\/\/ryinz.cz\/velkoobchod\/pl\/product\/ryinz-premium-aniline-goat-leather-motorcycle-gloves-with-carbon-knuckle-neoprene-cuff-for-wholesale-retail\/","title":{"rendered":"R\u0119kawice motocyklowe RYINZ Premium z koziej sk\u00f3ry anilinowej z karbonowym \u015bci\u0105gaczem i neoprenowym mankietem do sprzeda\u017cy hurtowej i detalicznej"},"content":{"rendered":"<p data-start=\"891\" data-end=\"1004\"><strong data-start=\"891\" data-end=\"1004\">R\u0119kawice motocyklowe RYINZ Aniline Leather - ochrona z karbonem dla powa\u017cnych motocyklist\u00f3w, sprzedawc\u00f3w detalicznych i nabywc\u00f3w B2B<\/strong><\/p>\n<p data-start=\"1006\" data-end=\"1373\">Dzi\u0119ki wyrafinowanej, czarnej konstrukcji, ergonomicznemu dopasowaniu i ochronie klasy wy\u015bcigowej <strong data-start=\"1089\" data-end=\"1120\">R\u0119kawice RYINZ MBSG 0786-0016<\/strong> stanowi\u0105 idealne po\u0142\u0105czenie estetyki i wydajno\u015bci. Zaprojektowany z <strong data-start=\"1196\" data-end=\"1234\">Najwy\u017cszej jako\u015bci sk\u00f3ra kozia anilinowa<\/strong>, R\u0119kawice te zapewniaj\u0105 odporno\u015b\u0107 na \u015bcieranie, kontrol\u0119 dotykow\u0105 i niezr\u00f3wnany komfort podczas codziennych dojazd\u00f3w do pracy, jazdy turystycznej lub agresywnej jazdy ulicznej.<\/p>\n<p data-start=\"1375\" data-end=\"1527\">Model ten idealnie nadaje si\u0119 do sprzeda\u017cy detalicznej i hurtowej, zw\u0142aszcza na rynkach europejskich, gdzie certyfikowana wydajno\u015b\u0107 i solidna stylistyka s\u0105 bardzo po\u017c\u0105dane.<\/p>\n<hr data-start=\"1529\" data-end=\"1532\" \/>\n<p data-start=\"1534\" data-end=\"1852\"><strong data-start=\"1534\" data-end=\"1592\">D\u0142o\u0144 z koziej sk\u00f3ry anilinowej - doskona\u0142e czucie i elastyczno\u015b\u0107<\/strong><br data-start=\"1592\" data-end=\"1595\" \/>Wewn\u0119trzna cz\u0119\u015b\u0107 r\u0119kawicy jest wykonana z <strong data-start=\"1630\" data-end=\"1666\">Najwy\u017cszej jako\u015bci sk\u00f3ra kozia anilinowa<\/strong>, Znany z mi\u0119kko\u015bci, naturalnej elastyczno\u015bci i doskona\u0142ej odporno\u015bci na \u015bcieranie. R\u0119kawice te szybko si\u0119 wch\u0142aniaj\u0105, dopasowuj\u0105c si\u0119 do d\u0142oni rowerzysty i zapewniaj\u0105c wygodny, ale pewny chwyt.<\/p>\n<hr data-start=\"1854\" data-end=\"1857\" \/>\n<p data-start=\"1859\" data-end=\"2145\"><strong data-start=\"1859\" data-end=\"1905\">Wzmocnienie d\u0142oni z wy\u015bci\u00f3\u0142k\u0105 ochronn\u0105<\/strong><br data-start=\"1905\" data-end=\"1908\" \/>Obszar palmowy obejmuje <strong data-start=\"1931\" data-end=\"1970\">Dodatkowe wzmocnienie ze sk\u00f3ry anilinowej<\/strong> w strefach wysokiego zu\u017cycia wraz z <strong data-start=\"2001\" data-end=\"2023\">Lekka piankowa wy\u015bci\u00f3\u0142ka<\/strong>, zapewniaj\u0105c rowerzystom dodatkow\u0105 amortyzacj\u0119 i zwi\u0119kszon\u0105 wytrzyma\u0142o\u015b\u0107 d\u0142oni podczas d\u0142ugodystansowych przeja\u017cd\u017cek lub technicznych prac kontrolnych.<\/p>\n<hr data-start=\"2147\" data-end=\"2150\" \/>\n<p data-start=\"2152\" data-end=\"2454\"><strong data-start=\"2152\" data-end=\"2200\">Karbonowa skorupa zwrotnicy zapewniaj\u0105ca ochron\u0119 przed uderzeniami<\/strong><br data-start=\"2200\" data-end=\"2203\" \/>A <strong data-start=\"2205\" data-end=\"2239\">Karbonowy ochraniacz stawu skokowego<\/strong> wbudowana w sk\u00f3rzany ty\u0142 d\u0142oni zapewnia zaawansowan\u0105 ochron\u0119 przed uderzeniami. Ta lekka, ale wytrzyma\u0142a pow\u0142oka chroni kostki kierowcy przed gruzem, upadkami i kolizjami, jednocze\u015bnie dodaj\u0105c eleganckiej estetyki sport\u00f3w motorowych.<\/p>\n<hr data-start=\"2456\" data-end=\"2459\" \/>\n<p data-start=\"2461\" data-end=\"2781\"><strong data-start=\"2461\" data-end=\"2509\">Ty\u0142 ze sk\u00f3ry anilinowej z odblaskowymi akcentami<\/strong><br data-start=\"2509\" data-end=\"2512\" \/>Backhand jest w pe\u0142ni owini\u0119ty <strong data-start=\"2545\" data-end=\"2569\">sk\u00f3ra kozia anilinowa<\/strong> aby zapewni\u0107 trwa\u0142o\u015b\u0107 i jednolity wygl\u0105d. Subtelny <strong data-start=\"2621\" data-end=\"2642\">odblaskowe orurowanie<\/strong> poprawia widoczno\u015b\u0107 przy s\u0142abym o\u015bwietleniu, zapewniaj\u0105c rowerzystom dodatkowe bezpiecze\u0144stwo podczas jazdy o zmierzchu lub w nocy, bez uszczerbku dla ukrytego, ca\u0142kowicie czarnego wygl\u0105du.<\/p>\n<hr data-start=\"2783\" data-end=\"2786\" \/>\n<p data-start=\"2788\" data-end=\"3106\"><strong data-start=\"2788\" data-end=\"2839\">Neoprenowy mankiet - mi\u0119kkie, odporne na warunki atmosferyczne zamkni\u0119cie<\/strong><br data-start=\"2839\" data-end=\"2842\" \/>The <strong data-start=\"2846\" data-end=\"2863\">mankiet neoprenowy<\/strong> zapewnia dok\u0142adne i odporne na wiatr uszczelnienie nadgarstka. Wygodnie dopasowuje si\u0119 do nadgarstka i posiada <strong data-start=\"2967\" data-end=\"3003\">Pasek na rzep z logo RYINZ<\/strong>, umo\u017cliwiaj\u0105c \u0142atw\u0105 regulacj\u0119 i bezpieczne zapi\u0119cie nawet podczas noszenia innego sprz\u0119tu, takiego jak kurtki lub r\u0119kawy.<\/p>\n<hr data-start=\"3108\" data-end=\"3111\" \/>\n<p data-start=\"3113\" data-end=\"3370\"><strong data-start=\"3113\" data-end=\"3144\">Zaprojektowany do u\u017cytku przez ca\u0142y sezon<\/strong><br data-start=\"3144\" data-end=\"3147\" \/>Lekko wy\u015bcie\u0142ane i oddychaj\u0105ce r\u0119kawice nadaj\u0105 si\u0119 do u\u017cytku wiosn\u0105, latem i jesieni\u0105. S\u0105 szczeg\u00f3lnie popularne w\u015br\u00f3d europejskich rowerzyst\u00f3w, kt\u00f3rzy ceni\u0105 sobie ca\u0142kowicie czarny sprz\u0119t z dyskretnym brandingiem i doskona\u0142\u0105 integralno\u015bci\u0105 materia\u0142u.<\/p>\n<hr data-start=\"3372\" data-end=\"3375\" \/>\n<p data-start=\"3377\" data-end=\"3399\"><strong data-start=\"3377\" data-end=\"3397\">Najlepszy wyb\u00f3r:<\/strong><\/p>\n<ul data-start=\"3400\" data-end=\"3639\">\n<li data-start=\"3400\" data-end=\"3449\">\n<p data-start=\"3402\" data-end=\"3449\">Sprzedawcy sprz\u0119tu i odzie\u017cy motocyklowej<\/p>\n<\/li>\n<li data-start=\"3450\" data-end=\"3499\">\n<p data-start=\"3452\" data-end=\"3499\">Hurtownicy dostarczaj\u0105cy r\u0119kawice sk\u00f3rzane z certyfikatem CE<\/p>\n<\/li>\n<li data-start=\"3500\" data-end=\"3546\">\n<p data-start=\"3502\" data-end=\"3546\">Programy OEM i prywatnych marek r\u0119kawic sk\u00f3rzanych<\/p>\n<\/li>\n<li data-start=\"3547\" data-end=\"3584\">\n<p data-start=\"3549\" data-end=\"3584\">Dystrybutorzy sprz\u0119tu ochronnego z siedzib\u0105 w UE<\/p>\n<\/li>\n<li data-start=\"3585\" data-end=\"3639\">\n<p data-start=\"3587\" data-end=\"3639\">Kolarze uliczni i turystyczni w \u0142agodnym i ciep\u0142ym klimacie<\/p>\n<\/li>\n<\/ul>\n<hr data-start=\"3641\" data-end=\"3644\" \/>\n<p data-start=\"3646\" data-end=\"3681\"><strong data-start=\"3646\" data-end=\"3679\">Cechy produktu w skr\u00f3cie:<\/strong><\/p>\n<ul data-start=\"3682\" data-end=\"4086\">\n<li data-start=\"3682\" data-end=\"3725\">\n<p data-start=\"3684\" data-end=\"3725\">D\u0142o\u0144 i grzbiet wykonane w ca\u0142o\u015bci z koziej sk\u00f3ry anilinowej<\/p>\n<\/li>\n<li data-start=\"3726\" data-end=\"3772\">\n<p data-start=\"3728\" data-end=\"3772\">Wzmocnienie d\u0142oni z lekk\u0105 wy\u015bci\u00f3\u0142k\u0105 z pianki<\/p>\n<\/li>\n<li data-start=\"3773\" data-end=\"3808\">\n<p data-start=\"3775\" data-end=\"3808\">Karbonowa skorupa pancerza zwrotnicy<\/p>\n<\/li>\n<li data-start=\"3809\" data-end=\"3853\">\n<p data-start=\"3811\" data-end=\"3853\">Neoprenowy mankiet z zapi\u0119ciem na rzep<\/p>\n<\/li>\n<li data-start=\"3854\" data-end=\"3896\">\n<p data-start=\"3856\" data-end=\"3896\">Odblaskowa lam\u00f3wka zapewniaj\u0105ca widoczno\u015b\u0107 w nocy<\/p>\n<\/li>\n<li data-start=\"3897\" data-end=\"3935\">\n<p data-start=\"3899\" data-end=\"3935\">Elegancki, ca\u0142kowicie czarny design<\/p>\n<\/li>\n<li data-start=\"3936\" data-end=\"3983\">\n<p data-start=\"3938\" data-end=\"3983\">Lekkie, oddychaj\u0105ce i gotowe do w\u0142amania<\/p>\n<\/li>\n<li data-start=\"3984\" data-end=\"4037\">\n<p data-start=\"3986\" data-end=\"4037\">Nadaje si\u0119 do codziennej jazdy i u\u017cytku profesjonalnego<\/p>\n<\/li>\n<li data-start=\"4038\" data-end=\"4086\">\n<p data-start=\"4040\" data-end=\"4086\">R\u0119kawice z certyfikatem CE przeznaczone na rynek UE<\/p>\n<\/li>\n<\/ul>","protected":false},"excerpt":{"rendered":"<p>Te ca\u0142kowicie czarne r\u0119kawice motocyklowe RYINZ s\u0105 wykonane z najwy\u017cszej jako\u015bci koziej sk\u00f3ry anilinowej z wy\u015bcie\u0142anym wzmocnieniem, ochron\u0105 d\u0142oni i karbonow\u0105 os\u0142on\u0105 kostek. Zaprojektowane z my\u015bl\u0105 o powa\u017cnych motocyklistach, posiadaj\u0105 neoprenowy mankiet, odblaskowe lam\u00f3wki zapewniaj\u0105ce widoczno\u015b\u0107 oraz oddychaj\u0105ce, ale ochronne materia\u0142y zapewniaj\u0105ce wydajno\u015b\u0107 w ka\u017cdych warunkach pogodowych. Idealne dla sprzedawc\u00f3w detalicznych, sprzedawc\u00f3w sprz\u0119tu ochronnego i europejskich dystrybutor\u00f3w poszukuj\u0105cych r\u0119kawic motocyklowych klasy CE, kt\u00f3re zapewniaj\u0105 zar\u00f3wno funkcjonalno\u015b\u0107, jak i elegancki styl.<\/p>","protected":false},"featured_media":9303,"comment_status":"closed","ping_status":"closed","template":"","meta":[],"product_brand":[35],"product_cat":[1111,380,122,68],"product_tag":[404,405,406,407,408,409,410,411,412,413,121,414,48,415,416,417,418,419,420,421],"class_list":{"0":"post-9207","1":"product","2":"type-product","3":"status-publish","4":"has-post-thumbnail","6":"product_brand-ryinz","7":"product_cat-motorbike","8":"product_cat-motorbike-gloves","9":"product_cat-motorbike-racing-gloves","10":"product_cat-ryinz","11":"product_tag-all-black-gloves","12":"product_tag-biker-gloves","13":"product_tag-black-riding-gloves","14":"product_tag-carbon-shell-gloves","15":"product_tag-ce-certified-gloves","16":"product_tag-eu-biker-gloves","17":"product_tag-gloves-for-racing","18":"product_tag-goat-leather-gloves","19":"product_tag-hook-loop-gloves","20":"product_tag-leather-motorcycle-gloves","21":"product_tag-motorbike-gloves","22":"product_tag-neoprene-cuff-gloves","23":"product_tag-padded-palm-gloves","24":"product_tag-premium-biker-gloves","25":"product_tag-racing-hand-gear","26":"product_tag-riding-gloves","27":"product_tag-road-trip-gloves","28":"product_tag-ryinz-gloves","29":"product_tag-safety-motorcycle-gloves","30":"product_tag-street-rider-gloves","32":"first","33":"instock","34":"taxable","35":"shipping-taxable","36":"purchasable","37":"product-type-simple"},"_links":{"self":[{"href":"https:\/\/ryinz.cz\/velkoobchod\/pl\/wp-json\/wp\/v2\/product\/9207","targetHints":{"allow":["GET"]}}],"collection":[{"href":"https:\/\/ryinz.cz\/velkoobchod\/pl\/wp-json\/wp\/v2\/product"}],"about":[{"href":"https:\/\/ryinz.cz\/velkoobchod\/pl\/wp-json\/wp\/v2\/types\/product"}],"replies":[{"embeddable":true,"href":"https:\/\/ryinz.cz\/velkoobchod\/pl\/wp-json\/wp\/v2\/comments?post=9207"}],"wp:featuredmedia":[{"embeddable":true,"href":"https:\/\/ryinz.cz\/velkoobchod\/pl\/wp-json\/wp\/v2\/media\/9303"}],"wp:attachment":[{"href":"https:\/\/ryinz.cz\/velkoobchod\/pl\/wp-json\/wp\/v2\/media?parent=9207"}],"wp:term":[{"taxonomy":"product_brand","embeddable":true,"href":"https:\/\/ryinz.cz\/velkoobchod\/pl\/wp-json\/wp\/v2\/product_brand?post=9207"},{"taxonomy":"product_cat","embeddable":true,"href":"https:\/\/ryinz.cz\/velkoobchod\/pl\/wp-json\/wp\/v2\/product_cat?post=9207"},{"taxonomy":"product_tag","embeddable":true,"href":"https:\/\/ryinz.cz\/velkoobchod\/pl\/wp-json\/wp\/v2\/product_tag?post=9207"}],"curies":[{"name":"wp","href":"https:\/\/api.w.org\/{rel}","templated":true}]}}