{"id":9206,"date":"2025-06-22T15:33:20","date_gmt":"2025-06-22T15:33:20","guid":{"rendered":"https:\/\/ryinz.cz\/velkoobchod\/?post_type=product&#038;p=9206"},"modified":"2026-01-18T20:18:25","modified_gmt":"2026-01-18T20:18:25","slug":"ryinz-czarne-rekawiczki-jezdzieckie-do-sprzedazy-hurtowej-i-detalicznej-z-karbonowym-pancerzem-z-siatki-wzmocniona-skorzana-dlon-2","status":"publish","type":"product","link":"https:\/\/ryinz.cz\/velkoobchod\/pl\/product\/ryinz-black-riding-gloves-for-wholesale-retail-with-carbon-knuckle-armor-mesh-back-reinforced-leather-palm-2\/","title":{"rendered":"Czarne r\u0119kawice je\u017adzieckie RYINZ do sprzeda\u017cy hurtowej i detalicznej z karbonowym pancerzem, siatkowym ty\u0142em i wzmocnion\u0105 sk\u00f3rzan\u0105 d\u0142oni\u0105"},"content":{"rendered":"<p data-start=\"855\" data-end=\"972\"><strong data-start=\"855\" data-end=\"972\">R\u0119kawice ochronne RYINZ Neon Yellow Cordura - przyci\u0105gaj\u0105ca wzrok ochrona dla kierowc\u00f3w drogowych, pracownik\u00f3w i dystrybutor\u00f3w sprz\u0119tu UE<\/strong><\/p>\n<p data-start=\"974\" data-end=\"1247\">Gdy widoczno\u015b\u0107 i bezpiecze\u0144stwo maj\u0105 najwi\u0119ksze znaczenie <strong data-start=\"1018\" data-end=\"1057\">R\u0119kawice ochronne RYINZ o wysokiej widoczno\u015bci<\/strong> s\u0105 najlepszym rozwi\u0105zaniem. R\u0119kawice te zosta\u0142y stworzone z my\u015bl\u0105 o zastosowaniach u\u017cytkowych, pracy na zewn\u0105trz, je\u017adzie miejskiej lub us\u0142ugach dostawczych - gdzie widoczno\u015b\u0107 w dzie\u0144 i w nocy mo\u017ce zmniejszy\u0107 liczb\u0119 wypadk\u00f3w i poprawi\u0107 bezpiecze\u0144stwo kierowcy.<\/p>\n<p data-start=\"1249\" data-end=\"1536\">Dzi\u0119ki \u017cywemu neonowo\u017c\u00f3\u0142temu wyko\u0144czeniu, odwa\u017cnemu wzorowi szachownicy i odblaskowym detalom, r\u0119kawice te \u0142\u0105cz\u0105 styl streetwear z wysoce funkcjonalnym sprz\u0119tem ochronnym. Niezale\u017cnie od tego, czy uzupe\u0142niasz katalog odzie\u017cy roboczej, czy rozszerzasz swoj\u0105 lini\u0119 akcesori\u00f3w dla motocyklist\u00f3w, te r\u0119kawice idealnie pasuj\u0105 do B2B i sprzeda\u017cy detalicznej.<\/p>\n<hr data-start=\"1538\" data-end=\"1541\" \/>\n<p data-start=\"1543\" data-end=\"1892\"><strong data-start=\"1543\" data-end=\"1596\">Ty\u0142 z materia\u0142u Cordura - trwa\u0142y i stylowy nadruk<\/strong><br data-start=\"1596\" data-end=\"1599\" \/>Zewn\u0119trzna pow\u0142oka r\u0119kawic wykonana jest z <strong data-start=\"1636\" data-end=\"1654\">Tkanina Cordura<\/strong>, wybrana ze wzgl\u0119du na jej odporno\u015b\u0107 na przetarcia, przebicia i rozdarcia. The <strong data-start=\"1722\" data-end=\"1758\">Czarno-\u017c\u00f3\u0142ta szachownica<\/strong> to nie tylko wyraz mody - przyczynia si\u0119 r\u00f3wnie\u017c do widoczno\u015bci na drodze, przyci\u0105gaj\u0105c wzrok otaczaj\u0105cych pojazd\u00f3w i pieszych.<\/p>\n<hr data-start=\"1894\" data-end=\"1897\" \/>\n<p data-start=\"1899\" data-end=\"2239\"><strong data-start=\"1899\" data-end=\"1953\">D\u0142o\u0144 ze sk\u00f3ry syntetycznej z silikonowym wzmocnieniem<\/strong><br data-start=\"1953\" data-end=\"1956\" \/>Po stronie chwytnej d\u0142o\u0144 jest zbudowana z <strong data-start=\"2007\" data-end=\"2036\">wytrzyma\u0142a sk\u00f3ra syntetyczna<\/strong>, Wybrany ze wzgl\u0119du na swoj\u0105 lekko\u015b\u0107 i elastyczno\u015b\u0107. W kluczowych strefach kontaktu, <strong data-start=\"2106\" data-end=\"2135\">Nak\u0142adki silikonowe z nadrukiem<\/strong> zwi\u0119kszaj\u0105 przyczepno\u015b\u0107 i odporno\u015b\u0107 na \u015bcieranie, dzi\u0119ki czemu idealnie nadaj\u0105 si\u0119 do kierownic motocyklowych, narz\u0119dzi lub toreb dostawczych.<\/p>\n<p data-start=\"2241\" data-end=\"2394\">Wzmocnienia te poprawiaj\u0105 kontrol\u0119 u\u017cytkownika zar\u00f3wno w suchych, jak i lekko mokrych warunkach, zwi\u0119kszaj\u0105c bezpiecze\u0144stwo podczas hamowania, zmiany bieg\u00f3w lub obs\u0142ugi obiekt\u00f3w.<\/p>\n<hr data-start=\"2396\" data-end=\"2399\" \/>\n<p data-start=\"2401\" data-end=\"2705\"><strong data-start=\"2401\" data-end=\"2441\">Ochrona kostek i wygodna wy\u015bci\u00f3\u0142ka<\/strong><br data-start=\"2441\" data-end=\"2444\" \/>Kluczow\u0105 funkcj\u0105 bezpiecze\u0144stwa w tych r\u0119kawicach jest wbudowany <strong data-start=\"2497\" data-end=\"2520\">Wy\u015bcie\u0142ana strefa kostek<\/strong>, Zaprojektowane, aby absorbowa\u0107 uderzenia i zapewnia\u0107 komfort podczas przypadkowych uderze\u0144 lub upadk\u00f3w. Ta lekka wy\u015bci\u00f3\u0142ka sprawia, \u017ce r\u0119kawice pozostaj\u0105 oddychaj\u0105ce i wygodne w codziennym u\u017cytkowaniu.<\/p>\n<hr data-start=\"2707\" data-end=\"2710\" \/>\n<p data-start=\"2712\" data-end=\"2995\"><strong data-start=\"2712\" data-end=\"2750\">Odblaskowe lam\u00f3wki dla bezpiecze\u0144stwa w nocy<\/strong><br data-start=\"2750\" data-end=\"2753\" \/>A <strong data-start=\"2755\" data-end=\"2775\">pasek odblaskowy<\/strong> zintegrowana z r\u0119kawic\u0105 poprawia widoczno\u015b\u0107 podczas nocnych przeja\u017cd\u017cek lub w warunkach s\u0142abego o\u015bwietlenia. Odbija \u015bwiat\u0142o z reflektor\u00f3w samochodowych, zwi\u0119kszaj\u0105c szanse u\u017cytkownika na bycie zauwa\u017conym podczas dojazd\u00f3w do pracy lub postoj\u00f3w na poboczu.<\/p>\n<hr data-start=\"2997\" data-end=\"3000\" \/>\n<p data-start=\"3002\" data-end=\"3273\"><strong data-start=\"3002\" data-end=\"3038\">Mankiet z Cordury z mo\u017cliwo\u015bci\u0105 regulacji<\/strong><br data-start=\"3038\" data-end=\"3041\" \/>The <strong data-start=\"3045\" data-end=\"3059\">mankiet na nadgarstek<\/strong> zosta\u0142 zaprojektowany przy u\u017cyciu wytrzyma\u0142ego materia\u0142u Cordura i zawiera <strong data-start=\"3118\" data-end=\"3134\">Pasek na rzep<\/strong> dla regulowanego zamkni\u0119cia. Mankiet zapewnia bezpiecze\u0144stwo r\u0119kawic podczas aktywnego ruchu, a tak\u017ce chroni przed kurzem, wiatrem i lekkim deszczem.<\/p>\n<hr data-start=\"3275\" data-end=\"3278\" \/>\n<p data-start=\"3280\" data-end=\"3424\"><strong data-start=\"3280\" data-end=\"3341\">Wszechstronno\u015b\u0107 zastosowa\u0144 - stworzona do wielu zastosowa\u0144<\/strong><br data-start=\"3341\" data-end=\"3344\" \/>Te r\u0119kawice s\u0105 przeznaczone nie tylko dla kolarzy. Ich konstrukcja sprawia, \u017ce s\u0105 r\u00f3wnie przydatne dla:<\/p>\n<ul data-start=\"3426\" data-end=\"3691\">\n<li data-start=\"3426\" data-end=\"3465\">\n<p data-start=\"3428\" data-end=\"3465\">Rowerzy\u015bci i motocykli\u015bci w mie\u015bcie<\/p>\n<\/li>\n<li data-start=\"3466\" data-end=\"3518\">\n<p data-start=\"3468\" data-end=\"3518\">Personel dostawczy (np. kurierzy \u017cywno\u015bci)<\/p>\n<\/li>\n<li data-start=\"3519\" data-end=\"3561\">\n<p data-start=\"3521\" data-end=\"3561\">Kontrola ruchu lub obs\u0142uga imprez plenerowych<\/p>\n<\/li>\n<li data-start=\"3562\" data-end=\"3604\">\n<p data-start=\"3564\" data-end=\"3604\">Pracownicy magazyn\u00f3w lub plac\u00f3w budowy<\/p>\n<\/li>\n<li data-start=\"3605\" data-end=\"3646\">\n<p data-start=\"3607\" data-end=\"3646\">Osoby poruszaj\u0105ce si\u0119 pieszo lub na hulajnodze w niskich temperaturach<\/p>\n<\/li>\n<li data-start=\"3647\" data-end=\"3691\">\n<p data-start=\"3649\" data-end=\"3691\">Zestawy \u015brodk\u00f3w ochrony indywidualnej (PPE)<\/p>\n<\/li>\n<\/ul>\n<hr data-start=\"3693\" data-end=\"3696\" \/>\n<p data-start=\"3698\" data-end=\"3723\"><strong data-start=\"3698\" data-end=\"3721\">Najwa\u017cniejsze cechy produktu:<\/strong><\/p>\n<ul data-start=\"3724\" data-end=\"4145\">\n<li data-start=\"3724\" data-end=\"3782\">\n<p data-start=\"3726\" data-end=\"3782\">\u017bywy neonowy \u017c\u00f3\u0142ty kolor z czarnym wzorem w kratk\u0119<\/p>\n<\/li>\n<li data-start=\"3783\" data-end=\"3829\">\n<p data-start=\"3785\" data-end=\"3829\">Wytrzyma\u0142y materia\u0142 Cordura na plecach i mankietach nadgarstk\u00f3w<\/p>\n<\/li>\n<li data-start=\"3830\" data-end=\"3881\">\n<p data-start=\"3832\" data-end=\"3881\">D\u0142o\u0144 z syntetycznej sk\u00f3ry z silikonowym nadrukiem uchwytu<\/p>\n<\/li>\n<li data-start=\"3882\" data-end=\"3929\">\n<p data-start=\"3884\" data-end=\"3929\">Wy\u015bci\u00f3\u0142ka kostek zapewniaj\u0105ca podstawow\u0105 ochron\u0119 przed uderzeniami<\/p>\n<\/li>\n<li data-start=\"3930\" data-end=\"3983\">\n<p data-start=\"3932\" data-end=\"3983\">Odblaskowa lam\u00f3wka zapewniaj\u0105ca widoczno\u015b\u0107 w nocy<\/p>\n<\/li>\n<li data-start=\"3984\" data-end=\"4020\">\n<p data-start=\"3986\" data-end=\"4020\">Zapinany na rzep pasek na nadgarstek<\/p>\n<\/li>\n<li data-start=\"4021\" data-end=\"4062\">\n<p data-start=\"4023\" data-end=\"4062\">Lekka, oddychaj\u0105ca i elastyczna<\/p>\n<\/li>\n<li data-start=\"4063\" data-end=\"4113\">\n<p data-start=\"4065\" data-end=\"4113\">Nadaje si\u0119 do u\u017cytku miejskiego, przemys\u0142owego i bezpiecze\u0144stwa<\/p>\n<\/li>\n<li data-start=\"4114\" data-end=\"4145\">\n<p data-start=\"4116\" data-end=\"4145\">Przyci\u0105gaj\u0105cy wzrok branding RYINZ<\/p>\n<\/li>\n<\/ul>\n<p data-start=\"4147\" data-end=\"4355\">Dzi\u0119ki wytrzyma\u0142ej konstrukcji i przykuwaj\u0105cemu uwag\u0119 stylowi <strong data-start=\"4204\" data-end=\"4236\">R\u0119kawice o wysokiej widoczno\u015bci RYINZ<\/strong> s\u0105 wyr\u00f3\u017cniaj\u0105cym si\u0119 wyborem dla dystrybutor\u00f3w i sprzedawc\u00f3w detalicznych, kt\u00f3rzy chc\u0105 zaopatrzy\u0107 si\u0119 w sprz\u0119t ochronny, kt\u00f3ry jest r\u00f3wnie stylowy, co skuteczny.<\/p>","protected":false},"excerpt":{"rendered":"<p>Zwi\u0119ksz swoj\u0105 widoczno\u015b\u0107 i bezpiecze\u0144stwo dzi\u0119ki neonowo\u017c\u00f3\u0142tym r\u0119kawicom je\u017adzieckim RYINZ, wyposa\u017conym w grzbiet z Cordury w kratk\u0119, wn\u0119trze d\u0142oni ze sk\u00f3ry syntetycznej, silikonowe wzmocnienia uchwyt\u00f3w i wy\u015bcie\u0142an\u0105 ochron\u0119 kostek. Zaprojektowane z odblaskowym paskiem i regulowanym mankietem nadgarstka, r\u0119kawice te s\u0105 idealne do dojazd\u00f3w do pracy w mie\u015bcie, jazdy dostawczej i pracy na \u015bwie\u017cym powietrzu. Stworzone z my\u015bl\u0105 o wydajno\u015bci, komforcie i wyr\u00f3\u017cniaj\u0105cym si\u0119 stylu, s\u0105 idealne dla dystrybutor\u00f3w hurtowych, dostawc\u00f3w \u015brodk\u00f3w ochrony indywidualnej i marek detalicznych sprz\u0119tu ochronnego.<\/p>","protected":false},"featured_media":9301,"comment_status":"closed","ping_status":"closed","template":"","meta":[],"product_brand":[35],"product_cat":[1111,380,122,68],"product_tag":[389,390,391,392,393,394,395,396,397,398,399,400,401,402,403],"class_list":{"0":"post-9206","1":"product","2":"type-product","3":"status-publish","4":"has-post-thumbnail","6":"product_brand-ryinz","7":"product_cat-motorbike","8":"product_cat-motorbike-gloves","9":"product_cat-motorbike-racing-gloves","10":"product_cat-ryinz","11":"product_tag-anti-slip-grip-gloves-for-riding-and-climbing","12":"product_tag-black-tactical-gloves-for-distributors-and-oems","13":"product_tag-ce-grade-gloves-with-impact-protection","14":"product_tag-cowhide-goat-sheep-leather-tactical-gloves","15":"product_tag-customizable-lining-tactical-gloves-for-all-weather","16":"product_tag-full-finger-motorcycle-gloves-with-hard-shell","17":"product_tag-leather-gloves-for-military-and-patrol-gear","18":"product_tag-lightweight-leather-gloves-for-b2b-buyers","19":"product_tag-multi-purpose-gloves-for-tactical-retail","20":"product_tag-protective-gloves-for-airsoft-and-police-use","21":"product_tag-reinforced-gloves-for-mechanical-use","22":"product_tag-ryinz-motorcycle-gloves-with-mesh-ventilation","23":"product_tag-summer-breathable-gloves-with-mesh-zones","24":"product_tag-tactical-leather-gloves-with-knuckle-armor","25":"product_tag-wholesale-riding-gloves-with-finger-protection","27":"first","28":"instock","29":"taxable","30":"shipping-taxable","31":"purchasable","32":"product-type-simple"},"_links":{"self":[{"href":"https:\/\/ryinz.cz\/velkoobchod\/pl\/wp-json\/wp\/v2\/product\/9206","targetHints":{"allow":["GET"]}}],"collection":[{"href":"https:\/\/ryinz.cz\/velkoobchod\/pl\/wp-json\/wp\/v2\/product"}],"about":[{"href":"https:\/\/ryinz.cz\/velkoobchod\/pl\/wp-json\/wp\/v2\/types\/product"}],"replies":[{"embeddable":true,"href":"https:\/\/ryinz.cz\/velkoobchod\/pl\/wp-json\/wp\/v2\/comments?post=9206"}],"wp:featuredmedia":[{"embeddable":true,"href":"https:\/\/ryinz.cz\/velkoobchod\/pl\/wp-json\/wp\/v2\/media\/9301"}],"wp:attachment":[{"href":"https:\/\/ryinz.cz\/velkoobchod\/pl\/wp-json\/wp\/v2\/media?parent=9206"}],"wp:term":[{"taxonomy":"product_brand","embeddable":true,"href":"https:\/\/ryinz.cz\/velkoobchod\/pl\/wp-json\/wp\/v2\/product_brand?post=9206"},{"taxonomy":"product_cat","embeddable":true,"href":"https:\/\/ryinz.cz\/velkoobchod\/pl\/wp-json\/wp\/v2\/product_cat?post=9206"},{"taxonomy":"product_tag","embeddable":true,"href":"https:\/\/ryinz.cz\/velkoobchod\/pl\/wp-json\/wp\/v2\/product_tag?post=9206"}],"curies":[{"name":"wp","href":"https:\/\/api.w.org\/{rel}","templated":true}]}}