{"id":9205,"date":"2025-06-22T15:33:19","date_gmt":"2025-06-22T15:33:19","guid":{"rendered":"https:\/\/ryinz.cz\/velkoobchod\/?post_type=product&#038;p=9205"},"modified":"2026-01-18T20:18:24","modified_gmt":"2026-01-18T20:18:24","slug":"czarne-rekawiczki-jezdzieckie-ryinz-do-sprzedazy-hurtowej-i-detalicznej-z-karbonowym-pancerzem-z-siatki-wzmocnionej-skorzana-czescia-dloniowa","status":"publish","type":"product","link":"https:\/\/ryinz.cz\/velkoobchod\/pl\/product\/ryinz-black-riding-gloves-for-wholesale-retail-with-carbon-knuckle-armor-mesh-back-reinforced-leather-palm\/","title":{"rendered":"Czarne r\u0119kawice je\u017adzieckie RYINZ do sprzeda\u017cy hurtowej i detalicznej z karbonowym pancerzem, siatkowym ty\u0142em i wzmocnion\u0105 sk\u00f3rzan\u0105 d\u0142oni\u0105"},"content":{"rendered":"<p data-start=\"890\" data-end=\"993\"><strong data-start=\"890\" data-end=\"993\">Czarne r\u0119kawice motocyklowe RYINZ z karbonowymi knykciami - wysoki poziom bezpiecze\u0144stwa dla sprzedawc\u00f3w sprz\u0119tu i hurtownik\u00f3w w UE<\/strong><\/p>\n<p data-start=\"995\" data-end=\"1334\">The <strong data-start=\"999\" data-end=\"1041\">R\u0119kawice motocyklowe RYINZ z karbonowymi kostkami<\/strong> zosta\u0142y zaprojektowane z my\u015bl\u0105 o powa\u017cnych motocyklistach, oferuj\u0105c najwy\u017cszej klasy ochron\u0119, komfort i wentylacj\u0119 w eleganckiej, ca\u0142kowicie czarnej sylwetce. Dzi\u0119ki dba\u0142o\u015bci o szczeg\u00f3\u0142y materia\u0142\u00f3w i szw\u00f3w, r\u0119kawice te s\u0105 idealne dla nabywc\u00f3w B2B, dystrybutor\u00f3w sport\u00f3w motorowych i motocyklist\u00f3w wymagaj\u0105cych zar\u00f3wno bezpiecze\u0144stwa, jak i estetyki.<\/p>\n<p data-start=\"1336\" data-end=\"1498\">Te r\u0119kawice \u0142\u0105cz\u0105 w sobie wytrzyma\u0142\u0105 pow\u0142ok\u0119 do jazdy i stylowy design inspirowany wy\u015bcigami, dzi\u0119ki czemu s\u0105 jednym z najbardziej wszechstronnych produkt\u00f3w w ofercie RYINZ.<\/p>\n<hr data-start=\"1500\" data-end=\"1503\" \/>\n<p data-start=\"1505\" data-end=\"1812\"><strong data-start=\"1505\" data-end=\"1544\">Pancerz z TPU o wygl\u0105dzie w\u0142\u00f3kna w\u0119glowego<\/strong><br data-start=\"1544\" data-end=\"1547\" \/>U podstaw bezpiecznej konstrukcji r\u0119kawic znajduje si\u0119 <strong data-start=\"1593\" data-end=\"1626\">Wysokoudarowa os\u0142ona kostek z TPU<\/strong> z <strong data-start=\"1634\" data-end=\"1655\">Wygl\u0105d w\u0142\u00f3kna w\u0119glowego<\/strong>, oferuj\u0105c doskona\u0142\u0105 ochron\u0119 przed twardym kontaktem, wstrz\u0105sami i otarciami na drodze. Jego zakrzywiony kszta\u0142t zwi\u0119ksza komfort, jednocze\u015bnie wzmacniaj\u0105c kluczowe strefy uderzenia.<\/p>\n<hr data-start=\"1814\" data-end=\"1817\" \/>\n<p data-start=\"1819\" data-end=\"2211\"><strong data-start=\"1819\" data-end=\"1872\">Sk\u00f3rzana d\u0142o\u0144 Premium ze wzmocnionymi szwami<\/strong><br data-start=\"1872\" data-end=\"1875\" \/>D\u0142o\u0144 jest wykonana z <strong data-start=\"1900\" data-end=\"1919\">wytrzyma\u0142a sk\u00f3ra<\/strong>, wybrana ze wzgl\u0119du na naturaln\u0105 przyczepno\u015b\u0107, odporno\u015b\u0107 na \u015bcieranie i wra\u017cenia dotykowe. Wiele <strong data-start=\"1998\" data-end=\"2021\">wzmocnione nak\u0142adki<\/strong> s\u0105 strategicznie zszywane w obszarach nara\u017conych na du\u017ce obci\u0105\u017cenia przy u\u017cyciu kontrastowych wzor\u00f3w, co zapewnia styl i struktur\u0119. Zapewnia to kierowcom bezpieczn\u0105 kontrol\u0119 nad kierownic\u0105 i wyd\u0142u\u017con\u0105 \u017cywotno\u015b\u0107 r\u0119kawic.<\/p>\n<hr data-start=\"2213\" data-end=\"2216\" \/>\n<p data-start=\"2218\" data-end=\"2554\"><strong data-start=\"2218\" data-end=\"2264\">Siatkowy sp\u00f3d zapewniaj\u0105cy wentylacj\u0119 i elastyczno\u015b\u0107<\/strong><br data-start=\"2264\" data-end=\"2267\" \/>Panel tylny zawiera <strong data-start=\"2295\" data-end=\"2322\">rozci\u0105gliwy materia\u0142 siatkowy<\/strong>, umo\u017cliwiaj\u0105c przep\u0142yw powietrza podczas jazdy, pomagaj\u0105c zmniejszy\u0107 gromadzenie si\u0119 potu i ciep\u0142a w cieplejszych warunkach. W po\u0142\u0105czeniu z elastyczn\u0105 sk\u00f3rzan\u0105 podstaw\u0105, r\u0119kawice zapewniaj\u0105 maksymaln\u0105 mobilno\u015b\u0107, kontrol\u0119 przepustnicy i artykulacj\u0119 palc\u00f3w.<\/p>\n<hr data-start=\"2556\" data-end=\"2559\" \/>\n<p data-start=\"2561\" data-end=\"2822\"><strong data-start=\"2561\" data-end=\"2595\">Wst\u0119pnie zakrzywiona konstrukcja palc\u00f3w<\/strong><br data-start=\"2595\" data-end=\"2598\" \/>Ergonomiczny kszta\u0142t <strong data-start=\"2619\" data-end=\"2641\">wst\u0119pnie zakrzywione palce<\/strong> poprawia dopasowanie r\u0119kawic i zmniejsza zm\u0119czenie rowerzysty podczas d\u0142ugodystansowych przeja\u017cd\u017cek. Gwarantuje to, \u017ce r\u0119kawice dopasowuj\u0105 si\u0119 do naturalnej pozycji d\u0142oni podczas jazdy bez nadwyr\u0119\u017cania si\u0142y chwytu.<\/p>\n<hr data-start=\"2824\" data-end=\"2827\" \/>\n<p data-start=\"2829\" data-end=\"3081\"><strong data-start=\"2829\" data-end=\"2866\">Odblaskowe akcenty zapewniaj\u0105ce widoczno\u015b\u0107<\/strong><br data-start=\"2866\" data-end=\"2869\" \/>Subtelny <strong data-start=\"2876\" data-end=\"2897\">odblaskowe orurowanie<\/strong> wzd\u0142u\u017c nadgarstka i tylnej cz\u0119\u015bci d\u0142oni poprawia widoczno\u015b\u0107 w nocy lub we mgle, dzi\u0119ki czemu r\u0119kawice te s\u0105 bezpieczne dla rowerzyst\u00f3w miejskich i os\u00f3b doje\u017cd\u017caj\u0105cych do pracy, kt\u00f3re cz\u0119sto je\u017cd\u017c\u0105 w warunkach s\u0142abego o\u015bwietlenia.<\/p>\n<hr data-start=\"3083\" data-end=\"3086\" \/>\n<p data-start=\"3088\" data-end=\"3330\"><strong data-start=\"3088\" data-end=\"3135\">Pasek na nadgarstek na rzep z wyt\u0142oczonym logo RYINZ<\/strong><br data-start=\"3135\" data-end=\"3138\" \/>The <strong data-start=\"3142\" data-end=\"3169\">regulowany pasek na rzep<\/strong> na nadgarstku zapewnia indywidualne dopasowanie i bezpieczne zamkni\u0119cie. Opatrzony charakterystycznym logo RYINZ, ten pasek na nadgarstek zapewnia ochron\u0119 przed wiatrem i czyste, dok\u0142adne wyko\u0144czenie.<\/p>\n<hr data-start=\"3332\" data-end=\"3335\" \/>\n<p data-start=\"3337\" data-end=\"3371\"><strong data-start=\"3337\" data-end=\"3369\">Zastosowania i idealni nabywcy:<\/strong><\/p>\n<ul data-start=\"3372\" data-end=\"3597\">\n<li data-start=\"3372\" data-end=\"3406\">\n<p data-start=\"3374\" data-end=\"3406\">Sprzedawcy akcesori\u00f3w motocyklowych<\/p>\n<\/li>\n<li data-start=\"3407\" data-end=\"3449\">\n<p data-start=\"3409\" data-end=\"3449\">Dystrybutorzy sprz\u0119tu ochronnego w ca\u0142ej Europie<\/p>\n<\/li>\n<li data-start=\"3450\" data-end=\"3500\">\n<p data-start=\"3452\" data-end=\"3500\">Internetowe sklepy z moto-odzie\u017c\u0105 skierowane do miejskich motocyklist\u00f3w<\/p>\n<\/li>\n<li data-start=\"3501\" data-end=\"3547\">\n<p data-start=\"3503\" data-end=\"3547\">Dostawcy r\u0119kawic OEM i marki w\u0142asne<\/p>\n<\/li>\n<li data-start=\"3548\" data-end=\"3597\">\n<p data-start=\"3550\" data-end=\"3597\">Sprzedawcy skuter\u00f3w, sprz\u0119tu dla os\u00f3b doje\u017cd\u017caj\u0105cych do pracy i sprz\u0119tu turystycznego<\/p>\n<\/li>\n<\/ul>\n<hr data-start=\"3599\" data-end=\"3602\" \/>\n<p data-start=\"3604\" data-end=\"3639\"><strong data-start=\"3604\" data-end=\"3637\">Kluczowe cechy produktu Podsumowanie:<\/strong><\/p>\n<ul data-start=\"3640\" data-end=\"4140\">\n<li data-start=\"3640\" data-end=\"3696\">\n<p data-start=\"3642\" data-end=\"3696\">Karbonowy pancerz z TPU zapewniaj\u0105cy odporno\u015b\u0107 na uderzenia<\/p>\n<\/li>\n<li data-start=\"3697\" data-end=\"3755\">\n<p data-start=\"3699\" data-end=\"3755\">Sk\u00f3rzana d\u0142o\u0144 z podw\u00f3jnymi wzmocnieniami<\/p>\n<\/li>\n<li data-start=\"3756\" data-end=\"3796\">\n<p data-start=\"3758\" data-end=\"3796\">Oddychaj\u0105ca siateczka z ty\u0142u zapewnia wentylacj\u0119<\/p>\n<\/li>\n<li data-start=\"3797\" data-end=\"3838\">\n<p data-start=\"3799\" data-end=\"3838\">Ergonomiczna, wst\u0119pnie zakrzywiona struktura palc\u00f3w<\/p>\n<\/li>\n<li data-start=\"3839\" data-end=\"3888\">\n<p data-start=\"3841\" data-end=\"3888\">Odblaskowa lam\u00f3wka zapewniaj\u0105ca widoczno\u015b\u0107 przy s\u0142abym o\u015bwietleniu<\/p>\n<\/li>\n<li data-start=\"3889\" data-end=\"3936\">\n<p data-start=\"3891\" data-end=\"3936\">Zapi\u0119cie na rzep z wyt\u0142oczonym logo marki<\/p>\n<\/li>\n<li data-start=\"3937\" data-end=\"3981\">\n<p data-start=\"3939\" data-end=\"3981\">Ca\u0142kowicie czarny design z kontrastowymi przeszyciami<\/p>\n<\/li>\n<li data-start=\"3982\" data-end=\"4032\">\n<p data-start=\"3984\" data-end=\"4032\">Lekka, ale wysoce ochronna konstrukcja<\/p>\n<\/li>\n<li data-start=\"4033\" data-end=\"4082\">\n<p data-start=\"4035\" data-end=\"4082\">Doskona\u0142y zar\u00f3wno do codziennego u\u017cytku, jak i jazdy sportowej<\/p>\n<\/li>\n<li data-start=\"4083\" data-end=\"4140\">\n<p data-start=\"4085\" data-end=\"4140\">Zgodno\u015b\u0107 z normami CE i europejskimi standardami dystrybucji<\/p>\n<\/li>\n<\/ul>\n<p data-start=\"4142\" data-end=\"4342\">Niezale\u017cnie od tego, czy gromadzisz zapasy na sezonow\u0105 wyprzeda\u017c, czy wprowadzasz na rynek kolekcj\u0119 premium <strong data-start=\"4228\" data-end=\"4270\">R\u0119kawice motocyklowe RYINZ z karbonowymi kostkami<\/strong> zapewniaj\u0105 najwy\u017csz\u0105 warto\u015b\u0107 i agresywn\u0105 konstrukcj\u0119 dla potrzeb wysokiej wydajno\u015bci.<\/p>","protected":false},"excerpt":{"rendered":"<p data-start=\"275\" data-end=\"773\">Je\u017adzij pewnie, u\u017cywaj\u0105c wysokiej klasy czarnych r\u0119kawic motocyklowych RYINZ z ochron\u0105 kostek w stylu w\u0142\u00f3kna w\u0119glowego, wysokiej jako\u015bci sk\u00f3rzan\u0105 konstrukcj\u0105 i wentylowanym grzbietem z siatki. Zaprojektowane z kontrastowymi przeszyciami, wy\u015bcie\u0142anymi strefami d\u0142oni i odblaskowymi detalami, r\u0119kawice te \u0142\u0105cz\u0105 uliczny styl z powa\u017cn\u0105 ochron\u0105. Idealne dla sprzedawc\u00f3w motocykli, hurtownik\u00f3w sprz\u0119tu i motocyklist\u00f3w poszukuj\u0105cych eleganckich, trwa\u0142ych i zgodnych z normami CE r\u0119kawic do codziennego lub szybkiego u\u017cytku.<\/p>","protected":false},"featured_media":9300,"comment_status":"closed","ping_status":"closed","template":"","meta":[],"product_brand":[35],"product_cat":[1111,380,122,68],"product_tag":[389,390,391,392,393,394,395,396,397,398,399,400,401,402,403],"class_list":{"0":"post-9205","1":"product","2":"type-product","3":"status-publish","4":"has-post-thumbnail","6":"product_brand-ryinz","7":"product_cat-motorbike","8":"product_cat-motorbike-gloves","9":"product_cat-motorbike-racing-gloves","10":"product_cat-ryinz","11":"product_tag-anti-slip-grip-gloves-for-riding-and-climbing","12":"product_tag-black-tactical-gloves-for-distributors-and-oems","13":"product_tag-ce-grade-gloves-with-impact-protection","14":"product_tag-cowhide-goat-sheep-leather-tactical-gloves","15":"product_tag-customizable-lining-tactical-gloves-for-all-weather","16":"product_tag-full-finger-motorcycle-gloves-with-hard-shell","17":"product_tag-leather-gloves-for-military-and-patrol-gear","18":"product_tag-lightweight-leather-gloves-for-b2b-buyers","19":"product_tag-multi-purpose-gloves-for-tactical-retail","20":"product_tag-protective-gloves-for-airsoft-and-police-use","21":"product_tag-reinforced-gloves-for-mechanical-use","22":"product_tag-ryinz-motorcycle-gloves-with-mesh-ventilation","23":"product_tag-summer-breathable-gloves-with-mesh-zones","24":"product_tag-tactical-leather-gloves-with-knuckle-armor","25":"product_tag-wholesale-riding-gloves-with-finger-protection","27":"first","28":"instock","29":"taxable","30":"shipping-taxable","31":"purchasable","32":"product-type-simple"},"_links":{"self":[{"href":"https:\/\/ryinz.cz\/velkoobchod\/pl\/wp-json\/wp\/v2\/product\/9205","targetHints":{"allow":["GET"]}}],"collection":[{"href":"https:\/\/ryinz.cz\/velkoobchod\/pl\/wp-json\/wp\/v2\/product"}],"about":[{"href":"https:\/\/ryinz.cz\/velkoobchod\/pl\/wp-json\/wp\/v2\/types\/product"}],"replies":[{"embeddable":true,"href":"https:\/\/ryinz.cz\/velkoobchod\/pl\/wp-json\/wp\/v2\/comments?post=9205"}],"wp:featuredmedia":[{"embeddable":true,"href":"https:\/\/ryinz.cz\/velkoobchod\/pl\/wp-json\/wp\/v2\/media\/9300"}],"wp:attachment":[{"href":"https:\/\/ryinz.cz\/velkoobchod\/pl\/wp-json\/wp\/v2\/media?parent=9205"}],"wp:term":[{"taxonomy":"product_brand","embeddable":true,"href":"https:\/\/ryinz.cz\/velkoobchod\/pl\/wp-json\/wp\/v2\/product_brand?post=9205"},{"taxonomy":"product_cat","embeddable":true,"href":"https:\/\/ryinz.cz\/velkoobchod\/pl\/wp-json\/wp\/v2\/product_cat?post=9205"},{"taxonomy":"product_tag","embeddable":true,"href":"https:\/\/ryinz.cz\/velkoobchod\/pl\/wp-json\/wp\/v2\/product_tag?post=9205"}],"curies":[{"name":"wp","href":"https:\/\/api.w.org\/{rel}","templated":true}]}}