{"id":9204,"date":"2025-06-22T15:32:55","date_gmt":"2025-06-22T15:32:55","guid":{"rendered":"https:\/\/ryinz.cz\/velkoobchod\/?post_type=product&#038;p=9204"},"modified":"2026-01-18T20:18:23","modified_gmt":"2026-01-18T20:18:23","slug":"wyscigowe-rekawice-ryinz-ze-skory-bydlecej-z-lateksowa-wysciolka-i-ochrona-tpu-do-sprzedazy-hurtowej-i-detalicznej-zolto-czarna-edycja","status":"publish","type":"product","link":"https:\/\/ryinz.cz\/velkoobchod\/pl\/product\/ryinz-racing-cowhide-gloves-with-latex-padding-tpu-protection-for-wholesale-retail-yellow-black-edition\/","title":{"rendered":"R\u0119kawice RYINZ Racing Cowhide z lateksow\u0105 wy\u015bci\u00f3\u0142k\u0105 i ochron\u0105 TPU do sprzeda\u017cy hurtowej i detalicznej - edycja \u017c\u00f3\u0142to-czarna"},"content":{"rendered":"<p data-start=\"824\" data-end=\"943\"><strong data-start=\"824\" data-end=\"943\">\u017b\u00f3\u0142to-czarne r\u0119kawice wy\u015bcigowe RYINZ - najwy\u017cszej jako\u015bci sk\u00f3ra bydl\u0119ca i kozia dla kolarzy torowych, hurtownik\u00f3w i sprzedawc\u00f3w detalicznych w UE<\/strong><\/p>\n<p data-start=\"945\" data-end=\"1297\">Dla entuzjast\u00f3w pr\u0119dko\u015bci i dystrybutor\u00f3w sprz\u0119tu szukaj\u0105cych po\u0142\u0105czenia elitarnego bezpiecze\u0144stwa z odwa\u017cn\u0105 estetyk\u0105 <strong data-start=\"1047\" data-end=\"1095\">Sk\u00f3rzane r\u0119kawice wy\u015bcigowe RYINZ - edycja \u017c\u00f3\u0142ta<\/strong> zapewniaj\u0105 wyj\u0105tkow\u0105 ochron\u0119 i styl. Zaprojektowane z my\u015bl\u0105 o wy\u015bcigach motocyklowych, miejskich dojazdach do pracy lub je\u017adzie turystycznej, te r\u0119kawice s\u0105 zbudowane tak, aby imponowa\u0107 dwukolorow\u0105 grafik\u0105 i wzmocnion\u0105 konstrukcj\u0105.<\/p>\n<p data-start=\"1299\" data-end=\"1437\">Idealny do dystrybucji hurtowej B2B lub sklep\u00f3w detalicznych zorientowanych na wydajno\u015b\u0107, model ten wyr\u00f3\u017cnia si\u0119 zar\u00f3wno materia\u0142ami, jak i atrakcyjno\u015bci\u0105 wizualn\u0105.<\/p>\n<hr data-start=\"1439\" data-end=\"1442\" \/>\n<p data-start=\"1444\" data-end=\"1753\"><strong data-start=\"1444\" data-end=\"1495\">D\u0142o\u0144 z barwionej sk\u00f3ry bydl\u0119cej - maksymalna trwa\u0142o\u015b\u0107<\/strong><br data-start=\"1495\" data-end=\"1498\" \/>Te r\u0119kawice s\u0105 zbudowane z <strong data-start=\"1528\" data-end=\"1554\">Barwiona b\u0119bnowo sk\u00f3ra bydl\u0119ca d\u0142oni<\/strong>, znana ze swojej g\u0142\u0119bokiej, bogatej kolorystyki i doskona\u0142ej odporno\u015bci na \u015bcieranie. Sk\u00f3ra ta zapewnia niezawodn\u0105 kontrol\u0119 chwytu, a jednocze\u015bnie jest odporna na przedwczesne zu\u017cycie - co ma kluczowe znaczenie dla kolarzy torowych i u\u017cytkownik\u00f3w d\u0142ugodystansowych.<\/p>\n<hr data-start=\"1755\" data-end=\"1758\" \/>\n<p data-start=\"1760\" data-end=\"2055\"><strong data-start=\"1760\" data-end=\"1810\">Lateksowa wy\u015bci\u00f3\u0142ka o grubo\u015bci 4 mm - amortyzacja i poch\u0142anianie wstrz\u0105s\u00f3w<\/strong><br data-start=\"1810\" data-end=\"1813\" \/>Zintegrowany <strong data-start=\"1824\" data-end=\"1845\">Wy\u015bci\u00f3\u0142ka lateksowa o grubo\u015bci 4 mm<\/strong> w strefach d\u0142oni zapewnia absorpcj\u0119 wstrz\u0105s\u00f3w podczas intensywnych aktywno\u015bci, takich jak pokonywanie zakr\u0119t\u00f3w, hamowanie lub jazda wytrzyma\u0142o\u015bciowa. Wy\u015bci\u00f3\u0142ka poprawia komfort rowerzysty, jednocze\u015bnie zmniejszaj\u0105c zm\u0119czenie d\u0142oni podczas d\u0142u\u017cszych przeja\u017cd\u017cek lub wy\u015bcig\u00f3w.<\/p>\n<hr data-start=\"2057\" data-end=\"2060\" \/>\n<p data-start=\"2062\" data-end=\"2357\"><strong data-start=\"2062\" data-end=\"2119\">Grzbiet z koziej sk\u00f3ry anilinowej - mi\u0119kkie i oddychaj\u0105ce wsparcie<\/strong><br data-start=\"2119\" data-end=\"2122\" \/>Grzbiet r\u0119kawicy wykonany jest z <strong data-start=\"2152\" data-end=\"2185\">kozia sk\u00f3ra wyko\u0144czona anilin\u0105<\/strong>, zapewniaj\u0105c r\u00f3wnowag\u0119 mi\u0119dzy mi\u0119kko\u015bci\u0105, oddychalno\u015bci\u0105 i rozci\u0105gliwo\u015bci\u0105. Materia\u0142 ten umo\u017cliwia pe\u0142n\u0105 artykulacj\u0119 d\u0142oni, a jednocze\u015bnie jest odporny na zarysowania i zachowuje wysokiej jako\u015bci wygl\u0105d.<\/p>\n<hr data-start=\"2359\" data-end=\"2362\" \/>\n<p data-start=\"2364\" data-end=\"2697\"><strong data-start=\"2364\" data-end=\"2409\">Wzmocnione panele na palce + ochrona ko\u0144c\u00f3wek<\/strong><br data-start=\"2409\" data-end=\"2412\" \/>Palce obejmuj\u0105 zar\u00f3wno <strong data-start=\"2437\" data-end=\"2473\">Wzmocnienia ze sk\u00f3ry syntetycznej<\/strong> oraz <strong data-start=\"2478\" data-end=\"2512\">ochronna wy\u015bci\u00f3\u0142ka na czubkach<\/strong>, zapewniaj\u0105c ochron\u0119 ka\u017cdego punktu styku podczas manewrowania z du\u017c\u0105 pr\u0119dko\u015bci\u0105 lub przypadkowych upadk\u00f3w. Dodatkowa warstwa na czubkach palc\u00f3w zwi\u0119ksza przyczepno\u015b\u0107 i trwa\u0142o\u015b\u0107 tam, gdzie jest to najwa\u017cniejsze.<\/p>\n<hr data-start=\"2699\" data-end=\"2702\" \/>\n<p data-start=\"2704\" data-end=\"2994\"><strong data-start=\"2704\" data-end=\"2745\">Zapi\u0119cie na nadgarstek z rzepem TPU dla lepszego dopasowania<\/strong><br data-start=\"2745\" data-end=\"2748\" \/>A <strong data-start=\"2750\" data-end=\"2781\">Panel TPU z paskiem na rzep<\/strong> zapewnia, \u017ce r\u0119kawice pozostaj\u0105 na swoim miejscu, a przed\u0142u\u017cony mankiet zapewnia lepsze pokrycie nadgarstka. System zamykania mo\u017cna \u0142atwo regulowa\u0107 w trakcie jazdy i uszczelnia przed wiatrem i brudem podczas agresywnej jazdy.<\/p>\n<hr data-start=\"2996\" data-end=\"2999\" \/>\n<p data-start=\"3001\" data-end=\"3317\"><strong data-start=\"3001\" data-end=\"3035\">Odwa\u017cna kolorystyka dla atrakcyjno\u015bci na torze<\/strong><br data-start=\"3035\" data-end=\"3038\" \/>Z jego <strong data-start=\"3047\" data-end=\"3080\">Czarno-\u017c\u00f3\u0142ty motyw wy\u015bcigowy<\/strong>, R\u0119kawice te s\u0105 natychmiast rozpoznawalne i popularne zar\u00f3wno w\u015br\u00f3d profesjonalnych, jak i hobbystycznych motocyklist\u00f3w. Wyszywana etykieta \u201cRACE EDITION\u201d i marka RYINZ nadaj\u0105 r\u0119kawicom to\u017csamo\u015b\u0107 premium, odpowiedni\u0105 zar\u00f3wno do u\u017cytku przy du\u017cych pr\u0119dko\u015bciach, jak i do sprzeda\u017cy detalicznej.<\/p>\n<hr data-start=\"3319\" data-end=\"3322\" \/>\n<p data-start=\"3324\" data-end=\"3359\"><strong data-start=\"3324\" data-end=\"3357\">Zastosowania i idealne rynki:<\/strong><\/p>\n<ul data-start=\"3360\" data-end=\"3608\">\n<li data-start=\"3360\" data-end=\"3400\">\n<p data-start=\"3362\" data-end=\"3400\">Motocyklowe zespo\u0142y wy\u015bcigowe i zawodowi kierowcy<\/p>\n<\/li>\n<li data-start=\"3401\" data-end=\"3439\">\n<p data-start=\"3403\" data-end=\"3439\">Sprzedawcy sprz\u0119tu do sport\u00f3w motorowych z siedzib\u0105 w UE<\/p>\n<\/li>\n<li data-start=\"3440\" data-end=\"3484\">\n<p data-start=\"3442\" data-end=\"3484\">Nabywcy r\u0119kawic sk\u00f3rzanych OEM \/ marki w\u0142asnej<\/p>\n<\/li>\n<li data-start=\"3485\" data-end=\"3531\">\n<p data-start=\"3487\" data-end=\"3531\">Dystrybutorzy B2B akcesori\u00f3w motocyklowych<\/p>\n<\/li>\n<li data-start=\"3532\" data-end=\"3565\">\n<p data-start=\"3534\" data-end=\"3565\">Sklepy ze sprz\u0119tem turystycznym i miejskim<\/p>\n<\/li>\n<li data-start=\"3566\" data-end=\"3608\">\n<p data-start=\"3568\" data-end=\"3608\">Promocje sezonowe i markowa sprzeda\u017c detaliczna<\/p>\n<\/li>\n<\/ul>\n<hr data-start=\"3610\" data-end=\"3613\" \/>\n<p data-start=\"3615\" data-end=\"3643\"><strong data-start=\"3615\" data-end=\"3641\">Przegl\u0105d najwa\u017cniejszych funkcji:<\/strong><\/p>\n<ul data-start=\"3644\" data-end=\"4073\">\n<li data-start=\"3644\" data-end=\"3699\">\n<p data-start=\"3646\" data-end=\"3699\">D\u0142o\u0144: B\u0119bnowo barwiona sk\u00f3ra bydl\u0119ca zapewniaj\u0105ca ochron\u0119 przed \u015bcieraniem<\/p>\n<\/li>\n<li data-start=\"3700\" data-end=\"3743\">\n<p data-start=\"3702\" data-end=\"3743\">Wy\u015bci\u00f3\u0142ka: 4 mm lateksu zapewniaj\u0105cego odporno\u015b\u0107 na wstrz\u0105sy<\/p>\n<\/li>\n<li data-start=\"3744\" data-end=\"3797\">\n<p data-start=\"3746\" data-end=\"3797\">Ty\u0142: Sk\u00f3ra kozia anilinowa zapewniaj\u0105ca oddychaj\u0105cy komfort<\/p>\n<\/li>\n<li data-start=\"3798\" data-end=\"3845\">\n<p data-start=\"3800\" data-end=\"3845\">Palce: Sk\u00f3ra syntetyczna z wy\u015bcie\u0142anymi ko\u0144c\u00f3wkami<\/p>\n<\/li>\n<li data-start=\"3846\" data-end=\"3900\">\n<p data-start=\"3848\" data-end=\"3900\">Zapi\u0119cie: pasek na nadgarstek z rzepem TPU dla regulowanego dopasowania<\/p>\n<\/li>\n<li data-start=\"3901\" data-end=\"3952\">\n<p data-start=\"3903\" data-end=\"3952\">Szwy: wytrzyma\u0142a ni\u0107 o ergonomicznym kszta\u0142cie<\/p>\n<\/li>\n<li data-start=\"3953\" data-end=\"4008\">\n<p data-start=\"3955\" data-end=\"4008\">Styl: \u017b\u00f3\u0142to-czarna kolorystyka z odwa\u017cnym brandingiem<\/p>\n<\/li>\n<li data-start=\"4009\" data-end=\"4073\">\n<p data-start=\"4011\" data-end=\"4073\">Osi\u0105gi: Odpowiednie do wy\u015bcig\u00f3w, jazdy turystycznej i ulicznej<\/p>\n<\/li>\n<\/ul>\n<p data-start=\"4075\" data-end=\"4265\">R\u0119kawice te stanowi\u0105 idealne po\u0142\u0105czenie <strong data-start=\"4125\" data-end=\"4176\">Komfort, trwa\u0142o\u015b\u0107 i estetyka gotowa do jazdy na torze<\/strong>, co czyni je doskona\u0142\u0105 opcj\u0105 zar\u00f3wno dla sklep\u00f3w detalicznych, jak i odbiorc\u00f3w hurtowych dbaj\u0105cych o bezpiecze\u0144stwo.<\/p>","protected":false},"excerpt":{"rendered":"<p data-start=\"275\" data-end=\"773\">Stworzone z my\u015bl\u0105 o szybkich osi\u0105gach i ochronie, r\u0119kawice wy\u015bcigowe RYINZ maj\u0105 odwa\u017cne \u017c\u00f3\u0142to-czarne po\u0142\u0105czenie kolor\u00f3w z barwionymi na b\u0119bnowo d\u0142o\u0144mi ze sk\u00f3ry bydl\u0119cej, lateksow\u0105 wy\u015bci\u00f3\u0142k\u0105 o grubo\u015bci 4 mm, wzmocnieniami ze sk\u00f3ry syntetycznej i grzbietem z anilinowej sk\u00f3ry koziej. Zaprojektowane z ochron\u0105 palc\u00f3w i bezpiecznym zapi\u0119ciem na rzep TPU, r\u0119kawice te s\u0105 idealne dla sprzedawc\u00f3w detalicznych, je\u017ad\u017ac\u00f3w torowych i hurtownik\u00f3w sprz\u0119tu ochronnego poszukuj\u0105cych wysokiej klasy ochrony d\u0142oni w sportach motorowych o wyj\u0105tkowym wygl\u0105dzie.<\/p>","protected":false},"featured_media":9299,"comment_status":"closed","ping_status":"closed","template":"","meta":[],"product_brand":[35],"product_cat":[1111,380,122,68],"product_tag":[389,390,391,392,393,394,395,396,397,398,399,400,401,402,403],"class_list":{"0":"post-9204","1":"product","2":"type-product","3":"status-publish","4":"has-post-thumbnail","6":"product_brand-ryinz","7":"product_cat-motorbike","8":"product_cat-motorbike-gloves","9":"product_cat-motorbike-racing-gloves","10":"product_cat-ryinz","11":"product_tag-anti-slip-grip-gloves-for-riding-and-climbing","12":"product_tag-black-tactical-gloves-for-distributors-and-oems","13":"product_tag-ce-grade-gloves-with-impact-protection","14":"product_tag-cowhide-goat-sheep-leather-tactical-gloves","15":"product_tag-customizable-lining-tactical-gloves-for-all-weather","16":"product_tag-full-finger-motorcycle-gloves-with-hard-shell","17":"product_tag-leather-gloves-for-military-and-patrol-gear","18":"product_tag-lightweight-leather-gloves-for-b2b-buyers","19":"product_tag-multi-purpose-gloves-for-tactical-retail","20":"product_tag-protective-gloves-for-airsoft-and-police-use","21":"product_tag-reinforced-gloves-for-mechanical-use","22":"product_tag-ryinz-motorcycle-gloves-with-mesh-ventilation","23":"product_tag-summer-breathable-gloves-with-mesh-zones","24":"product_tag-tactical-leather-gloves-with-knuckle-armor","25":"product_tag-wholesale-riding-gloves-with-finger-protection","27":"first","28":"instock","29":"taxable","30":"shipping-taxable","31":"purchasable","32":"product-type-simple"},"_links":{"self":[{"href":"https:\/\/ryinz.cz\/velkoobchod\/pl\/wp-json\/wp\/v2\/product\/9204","targetHints":{"allow":["GET"]}}],"collection":[{"href":"https:\/\/ryinz.cz\/velkoobchod\/pl\/wp-json\/wp\/v2\/product"}],"about":[{"href":"https:\/\/ryinz.cz\/velkoobchod\/pl\/wp-json\/wp\/v2\/types\/product"}],"replies":[{"embeddable":true,"href":"https:\/\/ryinz.cz\/velkoobchod\/pl\/wp-json\/wp\/v2\/comments?post=9204"}],"wp:featuredmedia":[{"embeddable":true,"href":"https:\/\/ryinz.cz\/velkoobchod\/pl\/wp-json\/wp\/v2\/media\/9299"}],"wp:attachment":[{"href":"https:\/\/ryinz.cz\/velkoobchod\/pl\/wp-json\/wp\/v2\/media?parent=9204"}],"wp:term":[{"taxonomy":"product_brand","embeddable":true,"href":"https:\/\/ryinz.cz\/velkoobchod\/pl\/wp-json\/wp\/v2\/product_brand?post=9204"},{"taxonomy":"product_cat","embeddable":true,"href":"https:\/\/ryinz.cz\/velkoobchod\/pl\/wp-json\/wp\/v2\/product_cat?post=9204"},{"taxonomy":"product_tag","embeddable":true,"href":"https:\/\/ryinz.cz\/velkoobchod\/pl\/wp-json\/wp\/v2\/product_tag?post=9204"}],"curies":[{"name":"wp","href":"https:\/\/api.w.org\/{rel}","templated":true}]}}