{"id":9203,"date":"2025-06-22T15:32:55","date_gmt":"2025-06-22T15:32:55","guid":{"rendered":"https:\/\/ryinz.cz\/velkoobchod\/?post_type=product&#038;p=9203"},"modified":"2026-01-18T20:18:18","modified_gmt":"2026-01-18T20:18:18","slug":"pelne-skorzane-rekawice-wyscigowe-ryinz-do-sprzedazy-hurtowej-i-detalicznej-ze-wzmocnieniami-ze-skory-bydlecej-i-ochrona-kostek-z-tpu","status":"publish","type":"product","link":"https:\/\/ryinz.cz\/velkoobchod\/pl\/product\/ryinz-full-leather-racing-gloves-for-wholesale-retail-with-cowhide-reinforcements-and-tpu-knuckle-protection\/","title":{"rendered":"Pe\u0142ne sk\u00f3rzane r\u0119kawice wy\u015bcigowe RYINZ do sprzeda\u017cy hurtowej i detalicznej ze wzmocnieniami ze sk\u00f3ry bydl\u0119cej i ochron\u0105 kostek z TPU"},"content":{"rendered":"<p data-start=\"822\" data-end=\"931\"><strong data-start=\"822\" data-end=\"931\">Sk\u00f3rzane r\u0119kawice wy\u015bcigowe RYINZ Premium - wysokiej klasy ochrona dla sprzedawc\u00f3w detalicznych i profesjonalnych zawodnik\u00f3w sport\u00f3w motorowych<\/strong><\/p>\n<p data-start=\"933\" data-end=\"1236\">Je\u015bli chodzi o sprz\u0119t wy\u015bcigowy, kolarze wymagaj\u0105 wydajno\u015bci, precyzji i ochrony. The <strong data-start=\"1021\" data-end=\"1057\">Sk\u00f3rzane r\u0119kawice wy\u015bcigowe RYINZ<\/strong> zosta\u0142y zaprojektowane tak, aby przekracza\u0107 oczekiwania dzi\u0119ki unikalnemu po\u0142\u0105czeniu najwy\u017cszej jako\u015bci materia\u0142\u00f3w, anatomicznej konstrukcji i elastycznego komfortu - a wszystko to poparte zaanga\u017cowaniem RYINZ w jako\u015b\u0107 wykonania.<\/p>\n<p data-start=\"1238\" data-end=\"1387\">Model ten jest wysoce zalecany dla sklep\u00f3w ze sprz\u0119tem motocyklowym, hurtowni B2B i dystrybutor\u00f3w bezpiecze\u0144stwa ukierunkowanych na rynki premium w Europie i za granic\u0105.<\/p>\n<hr data-start=\"1389\" data-end=\"1392\" \/>\n<p data-start=\"1394\" data-end=\"1723\"><strong data-start=\"1394\" data-end=\"1454\">Pe\u0142noziarnista kozia sk\u00f3ra anilinowa - lekka i elastyczna<\/strong><br data-start=\"1454\" data-end=\"1457\" \/>R\u0119kawice s\u0105 wykonane z <strong data-start=\"1489\" data-end=\"1513\">sk\u00f3ra kozia anilinowa<\/strong>, Wybrano j\u0105 ze wzgl\u0119du na wyj\u0105tkow\u0105 mi\u0119kko\u015b\u0107, elastyczno\u015b\u0107 i odporno\u015b\u0107 na zu\u017cycie. G\u0142adkie wyko\u0144czenie zapewnia naturalny ruch d\u0142oni, niezb\u0119dny w \u015brodowiskach wy\u015bcigowych, gdzie szybka reakcja i kontrola przepustnicy s\u0105 kluczowe.<\/p>\n<hr data-start=\"1725\" data-end=\"1728\" \/>\n<p data-start=\"1730\" data-end=\"2081\"><strong data-start=\"1730\" data-end=\"1788\">Wzmocnienia ze sk\u00f3ry bydl\u0119cej - strategiczna konstrukcja pier\u015bcienia<\/strong><br data-start=\"1788\" data-end=\"1791\" \/>Aby zwi\u0119kszy\u0107 wytrzyma\u0142o\u015b\u0107 w strefach nara\u017conych na uderzenia, r\u0119kawice zawieraj\u0105 <strong data-start=\"1853\" data-end=\"1895\">Wzmocnienia z bydl\u0119cej sk\u00f3ry w kszta\u0142cie pier\u015bcienia<\/strong> zar\u00f3wno na d\u0142oni, jak i palcach. Te stylowe wzmocnienia zwi\u0119kszaj\u0105 trwa\u0142o\u015b\u0107 i dwuwarstwowe bezpiecze\u0144stwo bez zwi\u0119kszania obj\u0119to\u015bci, dzi\u0119ki czemu r\u0119kawice s\u0105 idealne do d\u0142ugotrwa\u0142ego noszenia podczas wy\u015bcig\u00f3w lub wycieczek.<\/p>\n<p data-start=\"2083\" data-end=\"2206\">Teksturowany wz\u00f3r sk\u00f3ry nie tylko dodaje wizualnego charakteru, ale tak\u017ce zapewnia subteln\u0105 kontrol\u0119 chwytu w strefach palc\u00f3w i d\u0142oni.<\/p>\n<hr data-start=\"2208\" data-end=\"2211\" \/>\n<p data-start=\"2213\" data-end=\"2542\"><strong data-start=\"2213\" data-end=\"2267\">Ochraniacze kostek z TPU - lekka ochrona przed uderzeniami<\/strong><br data-start=\"2267\" data-end=\"2270\" \/>Ka\u017cda r\u0119kawica jest wyposa\u017cona w <strong data-start=\"2298\" data-end=\"2324\">Ochraniacze kostek TPU<\/strong>, Ochraniacze zosta\u0142y strategicznie uformowane, aby absorbowa\u0107 bezpo\u015brednie uderzenia i zmniejsza\u0107 ryzyko uraz\u00f3w staw\u00f3w. Ochraniacze s\u0105 p\u0142ynnie zintegrowane ze skorup\u0105 r\u0119kawic, aby zachowa\u0107 eleganck\u0105 estetyk\u0119 wy\u015bcigow\u0105, zapewniaj\u0105c jednocze\u015bnie prawdziw\u0105 ochron\u0119.<\/p>\n<hr data-start=\"2544\" data-end=\"2547\" \/>\n<p data-start=\"2549\" data-end=\"2871\"><strong data-start=\"2549\" data-end=\"2611\">Wygodna konstrukcja - lekka wy\u015bci\u00f3\u0142ka i detale szw\u00f3w<\/strong><br data-start=\"2611\" data-end=\"2614\" \/>R\u0119kawice obejmuj\u0105 <strong data-start=\"2633\" data-end=\"2659\">Lekka wy\u015bci\u00f3\u0142ka wewn\u0119trzna<\/strong>, Zaprojektowane tak, aby redukowa\u0107 wibracje bez negatywnego wp\u0142ywu na wyczucie motocykla. Wszystkie szwy s\u0105 wykonane nici\u0105 wy\u015bcigow\u0105, a kraw\u0119dzie paneli s\u0105 starannie ukszta\u0142towane, aby zapobiec otarciom i poprawi\u0107 og\u00f3lne dopasowanie r\u0119kawic.<\/p>\n<p data-start=\"2873\" data-end=\"2986\">To po\u0142\u0105czenie komfortu i wzmocnienia sprawia, \u017ce r\u0119kawice te s\u0105 idealne zar\u00f3wno do szybkiej jazdy, jak i d\u0142u\u017cszych wycieczek.<\/p>\n<hr data-start=\"2988\" data-end=\"2991\" \/>\n<p data-start=\"2993\" data-end=\"3252\"><strong data-start=\"2993\" data-end=\"3027\">Bezpieczne zamkni\u0119cie i pe\u0142ne pokrycie<\/strong><br data-start=\"3027\" data-end=\"3030\" \/>Przed\u0142u\u017cony mankiet ma wzmocnione panele nadgarstkowe i <strong data-start=\"3085\" data-end=\"3114\">Zapi\u0119cie regulowane na rzep<\/strong> dla lepszego dopasowania i ochrony przed wiatrem. Gwarantuje to, \u017ce r\u0119kawice pozostan\u0105 na swoim miejscu podczas intensywnej jazdy, jednocze\u015bnie blokuj\u0105c przedostawanie si\u0119 wiatru i zanieczyszcze\u0144.<\/p>\n<hr data-start=\"3254\" data-end=\"3257\" \/>\n<p data-start=\"3259\" data-end=\"3277\"><strong data-start=\"3259\" data-end=\"3275\">Idealne dla:<\/strong><\/p>\n<ul data-start=\"3278\" data-end=\"3518\">\n<li data-start=\"3278\" data-end=\"3316\">\n<p data-start=\"3280\" data-end=\"3316\">Zespo\u0142y i zawodnicy wy\u015bcig\u00f3w motocyklowych<\/p>\n<\/li>\n<li data-start=\"3317\" data-end=\"3352\">\n<p data-start=\"3319\" data-end=\"3352\">Sprzedawcy sprz\u0119tu o wysokiej wydajno\u015bci<\/p>\n<\/li>\n<li data-start=\"3353\" data-end=\"3386\">\n<p data-start=\"3355\" data-end=\"3386\">Programy r\u0119kawic OEM do sport\u00f3w motorowych<\/p>\n<\/li>\n<li data-start=\"3387\" data-end=\"3429\">\n<p data-start=\"3389\" data-end=\"3429\">Prywatne kolekcje r\u0119kawic wy\u015bcigowych<\/p>\n<\/li>\n<li data-start=\"3430\" data-end=\"3466\">\n<p data-start=\"3432\" data-end=\"3466\">Dostawcy hurtowi spe\u0142niaj\u0105cy wymogi UE<\/p>\n<\/li>\n<li data-start=\"3467\" data-end=\"3518\">\n<p data-start=\"3469\" data-end=\"3518\">Osoby doje\u017cd\u017caj\u0105ce do pracy potrzebuj\u0105 wysokiej jako\u015bci sk\u00f3rzanych r\u0119kawic do jazdy konnej<\/p>\n<\/li>\n<\/ul>\n<hr data-start=\"3520\" data-end=\"3523\" \/>\n<p data-start=\"3525\" data-end=\"3550\"><strong data-start=\"3525\" data-end=\"3548\">Najwa\u017cniejsze cechy produktu:<\/strong><\/p>\n<ul data-start=\"3551\" data-end=\"3945\">\n<li data-start=\"3551\" data-end=\"3593\">\n<p data-start=\"3553\" data-end=\"3593\">Pe\u0142na konstrukcja z koziej sk\u00f3ry anilinowej<\/p>\n<\/li>\n<li data-start=\"3594\" data-end=\"3656\">\n<p data-start=\"3596\" data-end=\"3656\">Wzmocnienia z bydl\u0119cej sk\u00f3ry na d\u0142oni i palcach w kszta\u0142cie pier\u015bcienia<\/p>\n<\/li>\n<li data-start=\"3657\" data-end=\"3712\">\n<p data-start=\"3659\" data-end=\"3712\">Zintegrowane os\u0142ony kostek z TPU dla ochrony przed uderzeniami<\/p>\n<\/li>\n<li data-start=\"3713\" data-end=\"3754\">\n<p data-start=\"3715\" data-end=\"3754\">Lekka wy\u015bci\u00f3\u0142ka t\u0142umi\u0105ca drgania<\/p>\n<\/li>\n<li data-start=\"3755\" data-end=\"3794\">\n<p data-start=\"3757\" data-end=\"3794\">Ergonomiczny kszta\u0142t palc\u00f3w w stylu wy\u015bcigowym<\/p>\n<\/li>\n<li data-start=\"3795\" data-end=\"3834\">\n<p data-start=\"3797\" data-end=\"3834\">D\u0142ugi mankiet z bezpiecznym zapi\u0119ciem na nadgarstku<\/p>\n<\/li>\n<li data-start=\"3835\" data-end=\"3894\">\n<p data-start=\"3837\" data-end=\"3894\">Czarny na czarnym z napisami \u201cRYINZ\u201d i \u201cRACE EDITION\u201d<\/p>\n<\/li>\n<li data-start=\"3895\" data-end=\"3945\">\n<p data-start=\"3897\" data-end=\"3945\">Najwy\u017cszej jako\u015bci materia\u0142y zapewniaj\u0105ce profesjonaln\u0105 wydajno\u015b\u0107<\/p>\n<\/li>\n<\/ul>\n<p data-start=\"3947\" data-end=\"4182\">R\u0119kawice te oferuj\u0105 elitarne wsparcie podczas jazdy oraz wyj\u0105tkowe po\u0142\u0105czenie ochrony i stylu. Niezale\u017cnie od tego, czy jeste\u015b sprzedawc\u0105 sport\u00f3w motorowych, czy profesjonalnym zespo\u0142em wy\u015bcigowym, r\u0119kawice <strong data-start=\"4110\" data-end=\"4146\">Sk\u00f3rzane r\u0119kawice wy\u015bcigowe RYINZ<\/strong> wzbogaci Twoj\u0105 kolekcj\u0119 r\u0119kawic.<\/p>","protected":false},"excerpt":{"rendered":"<p>Przedstawiamy ca\u0142kowicie czarne sk\u00f3rzane r\u0119kawice wy\u015bcigowe RYINZ - wykonane z koziej sk\u00f3ry anilinowej ze wzmocnieniami ze sk\u00f3ry bydl\u0119cej i pancerzem TPU. Zaprojektowane z my\u015bl\u0105 o trwa\u0142o\u015bci i elastyczno\u015bci, r\u0119kawice te posiadaj\u0105 lekk\u0105 wewn\u0119trzn\u0105 wy\u015bci\u00f3\u0142k\u0119, pier\u015bcieniowe panele na palcach i bezpieczne szwy do jazdy wyczynowej. Stworzone z my\u015bl\u0105 o potrzebach entuzjast\u00f3w wy\u015bcig\u00f3w, os\u00f3b doje\u017cd\u017caj\u0105cych do pracy i dostawc\u00f3w sprz\u0119tu ochronnego w ca\u0142ej Europie, r\u0119kawice te oferuj\u0105 najwy\u017cszy komfort i funkcjonalno\u015b\u0107 ochronn\u0105.<\/p>","protected":false},"featured_media":9298,"comment_status":"closed","ping_status":"closed","template":"","meta":[],"product_brand":[35],"product_cat":[1111,380,122,68],"product_tag":[389,390,391,392,393,394,395,396,397,398,399,400,401,402,403],"class_list":{"0":"post-9203","1":"product","2":"type-product","3":"status-publish","4":"has-post-thumbnail","6":"product_brand-ryinz","7":"product_cat-motorbike","8":"product_cat-motorbike-gloves","9":"product_cat-motorbike-racing-gloves","10":"product_cat-ryinz","11":"product_tag-anti-slip-grip-gloves-for-riding-and-climbing","12":"product_tag-black-tactical-gloves-for-distributors-and-oems","13":"product_tag-ce-grade-gloves-with-impact-protection","14":"product_tag-cowhide-goat-sheep-leather-tactical-gloves","15":"product_tag-customizable-lining-tactical-gloves-for-all-weather","16":"product_tag-full-finger-motorcycle-gloves-with-hard-shell","17":"product_tag-leather-gloves-for-military-and-patrol-gear","18":"product_tag-lightweight-leather-gloves-for-b2b-buyers","19":"product_tag-multi-purpose-gloves-for-tactical-retail","20":"product_tag-protective-gloves-for-airsoft-and-police-use","21":"product_tag-reinforced-gloves-for-mechanical-use","22":"product_tag-ryinz-motorcycle-gloves-with-mesh-ventilation","23":"product_tag-summer-breathable-gloves-with-mesh-zones","24":"product_tag-tactical-leather-gloves-with-knuckle-armor","25":"product_tag-wholesale-riding-gloves-with-finger-protection","27":"first","28":"instock","29":"taxable","30":"shipping-taxable","31":"purchasable","32":"product-type-simple"},"_links":{"self":[{"href":"https:\/\/ryinz.cz\/velkoobchod\/pl\/wp-json\/wp\/v2\/product\/9203","targetHints":{"allow":["GET"]}}],"collection":[{"href":"https:\/\/ryinz.cz\/velkoobchod\/pl\/wp-json\/wp\/v2\/product"}],"about":[{"href":"https:\/\/ryinz.cz\/velkoobchod\/pl\/wp-json\/wp\/v2\/types\/product"}],"replies":[{"embeddable":true,"href":"https:\/\/ryinz.cz\/velkoobchod\/pl\/wp-json\/wp\/v2\/comments?post=9203"}],"wp:featuredmedia":[{"embeddable":true,"href":"https:\/\/ryinz.cz\/velkoobchod\/pl\/wp-json\/wp\/v2\/media\/9298"}],"wp:attachment":[{"href":"https:\/\/ryinz.cz\/velkoobchod\/pl\/wp-json\/wp\/v2\/media?parent=9203"}],"wp:term":[{"taxonomy":"product_brand","embeddable":true,"href":"https:\/\/ryinz.cz\/velkoobchod\/pl\/wp-json\/wp\/v2\/product_brand?post=9203"},{"taxonomy":"product_cat","embeddable":true,"href":"https:\/\/ryinz.cz\/velkoobchod\/pl\/wp-json\/wp\/v2\/product_cat?post=9203"},{"taxonomy":"product_tag","embeddable":true,"href":"https:\/\/ryinz.cz\/velkoobchod\/pl\/wp-json\/wp\/v2\/product_tag?post=9203"}],"curies":[{"name":"wp","href":"https:\/\/api.w.org\/{rel}","templated":true}]}}