{"id":9202,"date":"2025-06-22T15:32:54","date_gmt":"2025-06-22T15:32:54","guid":{"rendered":"https:\/\/ryinz.cz\/velkoobchod\/?post_type=product&#038;p=9202"},"modified":"2026-01-18T20:18:17","modified_gmt":"2026-01-18T20:18:17","slug":"rekawice-motocyklowe-ryinz-z-zamkiem-blyskawicznym-z-silikonowym-uchwytem-dloni-tpu-knuckle-armor-odblaskowe-lamowki-do-sprzedazy-hurtowej","status":"publish","type":"product","link":"https:\/\/ryinz.cz\/velkoobchod\/pl\/product\/ryinz-zipper-cuff-motorcycle-gloves-with-silicone-palm-grip-tpu-knuckle-armor-reflective-piping-for-wholesale\/","title":{"rendered":"R\u0119kawice motocyklowe RYINZ z zamkiem b\u0142yskawicznym, silikonowym uchwytem d\u0142oni, pancerzem TPU i odblaskow\u0105 lam\u00f3wk\u0105 do sprzeda\u017cy hurtowej"},"content":{"rendered":"<p data-start=\"807\" data-end=\"916\"><strong data-start=\"807\" data-end=\"916\">R\u0119kawice motocyklowe RYINZ z zamkiem b\u0142yskawicznym i silikonowym uchwytem - innowacja o wysokim poziomie bezpiecze\u0144stwa dla kierowc\u00f3w i nabywc\u00f3w B2B<\/strong><\/p>\n<p data-start=\"918\" data-end=\"1225\">Dla rowerzyst\u00f3w ceni\u0105cych nowoczesny design i inteligentn\u0105 funkcjonalno\u015b\u0107, <strong data-start=\"983\" data-end=\"1024\">R\u0119kawice motocyklowe RYINZ z mankietem na zamek b\u0142yskawiczny<\/strong> zapewniaj\u0105 zar\u00f3wno wydajno\u015b\u0107, jak i styl. Idealne do codziennych dojazd\u00f3w do pracy, d\u0142ugodystansowych wycieczek lub lekkich zastosowa\u0144 taktycznych, r\u0119kawice te oferuj\u0105 lekkie, ochronne rozwi\u0105zanie bez po\u015bwi\u0119cania przyczepno\u015bci i zr\u0119czno\u015bci.<\/p>\n<p data-start=\"1227\" data-end=\"1406\">Niezale\u017cnie od tego, czy dostarczasz r\u0119kawice sprzedawcom motocykli, dostawcom, czy te\u017c uzupe\u0142niasz sw\u00f3j hurtowy katalog produkt\u00f3w B2B, ten model jest wszechstronnym wyborem z wyr\u00f3\u017cniaj\u0105cymi si\u0119 funkcjami.<\/p>\n<hr data-start=\"1408\" data-end=\"1411\" \/>\n<p data-start=\"1413\" data-end=\"1778\"><strong data-start=\"1413\" data-end=\"1464\">D\u0142o\u0144 ze sk\u00f3ry syntetycznej z nadrukiem silikonowym<\/strong><br data-start=\"1464\" data-end=\"1467\" \/>D\u0142o\u0144 jest wykonana z wytrzyma\u0142ego materia\u0142u <strong data-start=\"1497\" data-end=\"1518\">sk\u00f3ra syntetyczna<\/strong>, Zaprojektowany, aby wytrzyma\u0107 \u015bcieranie i powtarzaj\u0105ce si\u0119 tarcie. Aby zwi\u0119kszy\u0107 przyczepno\u015b\u0107 i kontrol\u0119 nad uchwytem, nadrukowano na nim <strong data-start=\"1628\" data-end=\"1653\">Silikonowe akcenty na d\u0142onie<\/strong>, zapewniaj\u0105c rowerzystom wi\u0119ksz\u0105 precyzj\u0119 podczas korzystania z przepustnic, d\u017awigni hamulca lub urz\u0105dze\u0144 mobilnych. Idealny zar\u00f3wno do jazdy po mie\u015bcie, jak i po autostradzie.<\/p>\n<hr data-start=\"1780\" data-end=\"1783\" \/>\n<p data-start=\"1785\" data-end=\"2091\"><strong data-start=\"1785\" data-end=\"1825\">Ochrona TPU z wy\u015bcie\u0142an\u0105 stref\u0105 d\u0142oni<\/strong><br data-start=\"1825\" data-end=\"1828\" \/>Wbudowany <strong data-start=\"1837\" data-end=\"1863\">Ochraniacze kostek TPU<\/strong> chroni\u0105 najbardziej wra\u017cliwe stawy d\u0142oni przed uderzeniami, a dodatkowo <strong data-start=\"1928\" data-end=\"1944\">piankowa wy\u015bci\u00f3\u0142ka<\/strong> w d\u0142oni \u0142agodzi wibracje i zwi\u0119ksza d\u0142ugotrwa\u0142y komfort. Te cechy sprawiaj\u0105, \u017ce r\u0119kawice te nadaj\u0105 si\u0119 zar\u00f3wno do jazdy po mie\u015bcie, jak i w terenie.<\/p>\n<hr data-start=\"2093\" data-end=\"2096\" \/>\n<p data-start=\"2098\" data-end=\"2391\"><strong data-start=\"2098\" data-end=\"2148\">Elastyczny ty\u0142 z panelem na palce ze sk\u00f3ry anilinowej<\/strong><br data-start=\"2148\" data-end=\"2151\" \/>Grzbiet r\u0119kawicy jest skonstruowany przy u\u017cyciu <strong data-start=\"2189\" data-end=\"2217\">Elastyczny materia\u0142 o wysokiej rozci\u0105gliwo\u015bci<\/strong>, co zapewnia przep\u0142yw powietrza i swobod\u0119 ruch\u00f3w. Palce s\u0105 wzmocnione <strong data-start=\"2299\" data-end=\"2325\">panele ze sk\u00f3ry anilinowej<\/strong>, oferuj\u0105c zwi\u0119kszon\u0105 trwa\u0142o\u015b\u0107 i doskona\u0142y dotyk dla rowerzysty.<\/p>\n<hr data-start=\"2393\" data-end=\"2396\" \/>\n<p data-start=\"2398\" data-end=\"2690\"><strong data-start=\"2398\" data-end=\"2437\">Zamek b\u0142yskawiczny z ty\u0142u mankietu dla bezpiecznego zamkni\u0119cia<\/strong><br data-start=\"2437\" data-end=\"2440\" \/>W przeciwie\u0144stwie do tradycyjnych r\u0119kawic zapinanych tylko na rzep, ten model zawiera <strong data-start=\"2501\" data-end=\"2540\">zamek b\u0142yskawiczny na ca\u0142ej d\u0142ugo\u015bci na tylnym mankiecie<\/strong>, oferuj\u0105c bezpieczne i op\u0142ywowe dopasowanie. Je\u017ad\u017acy mog\u0105 szybko zak\u0142ada\u0107 i zdejmowa\u0107 r\u0119kawice, jednocze\u015bnie ciesz\u0105c si\u0119 dodatkow\u0105 os\u0142on\u0105 nadgarstka, kt\u00f3ra blokuje wiatr i wilgo\u0107.<\/p>\n<hr data-start=\"2692\" data-end=\"2695\" \/>\n<p data-start=\"2697\" data-end=\"2987\"><strong data-start=\"2697\" data-end=\"2743\">Odblaskowa lam\u00f3wka zapewniaj\u0105ca widoczno\u015b\u0107 w s\u0142abym \u015bwietle<\/strong><br data-start=\"2743\" data-end=\"2746\" \/>Zwi\u0119ksza widoczno\u015b\u0107 w nocy lub w warunkach s\u0142abego o\u015bwietlenia, <strong data-start=\"2806\" data-end=\"2827\">odblaskowe orurowanie<\/strong> biegnie wzd\u0142u\u017c mankietu, dzi\u0119ki czemu ruchy d\u0142oni rowerzysty s\u0105 bardziej zauwa\u017calne dla innych kierowc\u00f3w. Krytyczna funkcja bezpiecze\u0144stwa, szczeg\u00f3lnie dla os\u00f3b doje\u017cd\u017caj\u0105cych do pracy i je\u017cd\u017c\u0105cych zim\u0105.<\/p>\n<hr data-start=\"2989\" data-end=\"2992\" \/>\n<p data-start=\"2994\" data-end=\"3245\"><strong data-start=\"2994\" data-end=\"3032\">Pasek na rzep umo\u017cliwiaj\u0105cy dopasowanie<\/strong><br data-start=\"3032\" data-end=\"3035\" \/>Opr\u00f3cz mankietu z zamkiem b\u0142yskawicznym, r\u0119kawica zawiera <strong data-start=\"3088\" data-end=\"3110\">Pasek na nadgarstek na rzep<\/strong> dla dodatkowej regulacji i wsparcia nadgarstka. Ten hybrydowy system zapinania zapewnia zar\u00f3wno wygod\u0119, jak i bezpiecze\u0144stwo, nawet pod r\u0119kawicami lub kurtkami.<\/p>\n<hr data-start=\"3247\" data-end=\"3250\" \/>\n<p data-start=\"3252\" data-end=\"3286\"><strong data-start=\"3252\" data-end=\"3284\">Idealni nabywcy i zastosowania:<\/strong><\/p>\n<ul data-start=\"3287\" data-end=\"3530\">\n<li data-start=\"3287\" data-end=\"3319\">\n<p data-start=\"3289\" data-end=\"3319\">Sprzedawcy odzie\u017cy motocyklowej<\/p>\n<\/li>\n<li data-start=\"3320\" data-end=\"3353\">\n<p data-start=\"3322\" data-end=\"3353\">Internetowe sklepy ze sprz\u0119tem motocyklowym<\/p>\n<\/li>\n<li data-start=\"3354\" data-end=\"3381\">\n<p data-start=\"3356\" data-end=\"3381\">Hurtownie sprz\u0119tu ochronnego<\/p>\n<\/li>\n<li data-start=\"3382\" data-end=\"3409\">\n<p data-start=\"3384\" data-end=\"3409\">Producenci r\u0119kawic OEM<\/p>\n<\/li>\n<li data-start=\"3410\" data-end=\"3445\">\n<p data-start=\"3412\" data-end=\"3445\">Motocykli\u015bci doje\u017cd\u017caj\u0105cy do pracy przez ca\u0142y rok<\/p>\n<\/li>\n<li data-start=\"3446\" data-end=\"3489\">\n<p data-start=\"3448\" data-end=\"3489\">Profesjonali\u015bci od jazdy taktycznej i miejskiej<\/p>\n<\/li>\n<li data-start=\"3490\" data-end=\"3530\">\n<p data-start=\"3492\" data-end=\"3530\">Dostawcy i firmy oferuj\u0105ce rowery elektryczne<\/p>\n<\/li>\n<\/ul>\n<hr data-start=\"3532\" data-end=\"3535\" \/>\n<p data-start=\"3537\" data-end=\"3568\"><strong data-start=\"3537\" data-end=\"3566\">Podsumowanie cech produktu:<\/strong><\/p>\n<ul data-start=\"3569\" data-end=\"3998\">\n<li data-start=\"3569\" data-end=\"3620\">\n<p data-start=\"3571\" data-end=\"3620\">D\u0142o\u0144 z syntetycznej sk\u00f3ry z silikonowymi strefami chwytu<\/p>\n<\/li>\n<li data-start=\"3621\" data-end=\"3669\">\n<p data-start=\"3623\" data-end=\"3669\">Rozci\u0105gliwy materia\u0142 z ty\u0142u zapewnia ruch i przep\u0142yw powietrza<\/p>\n<\/li>\n<li data-start=\"3670\" data-end=\"3717\">\n<p data-start=\"3672\" data-end=\"3717\">Pancerz z TPU z piankow\u0105 ochron\u0105 d\u0142oni<\/p>\n<\/li>\n<li data-start=\"3718\" data-end=\"3766\">\n<p data-start=\"3720\" data-end=\"3766\">Panele na palce ze sk\u00f3ry anilinowej zapewniaj\u0105 trwa\u0142o\u015b\u0107<\/p>\n<\/li>\n<li data-start=\"3767\" data-end=\"3816\">\n<p data-start=\"3769\" data-end=\"3816\">Odblaskowa lam\u00f3wka zapewniaj\u0105ca widoczno\u015b\u0107 podczas jazdy noc\u0105<\/p>\n<\/li>\n<li data-start=\"3817\" data-end=\"3856\">\n<p data-start=\"3819\" data-end=\"3856\">Mankiet na zamek b\u0142yskawiczny z paskiem na nadgarstek na rzep<\/p>\n<\/li>\n<li data-start=\"3857\" data-end=\"3894\">\n<p data-start=\"3859\" data-end=\"3894\">Lekka, a jednocze\u015bnie ochronna konstrukcja<\/p>\n<\/li>\n<li data-start=\"3895\" data-end=\"3950\">\n<p data-start=\"3897\" data-end=\"3950\">Nowoczesna estetyka czarnego na czarnym z brandingiem RYINZ<\/p>\n<\/li>\n<li data-start=\"3951\" data-end=\"3998\">\n<p data-start=\"3953\" data-end=\"3998\">Idealny do u\u017cytku wiosn\u0105, jesieni\u0105 i \u0142agodn\u0105 zim\u0105<\/p>\n<\/li>\n<\/ul>\n<p data-start=\"4000\" data-end=\"4230\">The <strong data-start=\"4004\" data-end=\"4043\">R\u0119kawice motocyklowe RYINZ z mankietem na zamek b\u0142yskawiczny<\/strong> oferuj\u0105 najnowocze\u015bniejszy design, doskona\u0142\u0105 ochron\u0119 i atrakcyjno\u015b\u0107 komercyjn\u0105 dla szerokiej gamy rowerzyst\u00f3w i rynk\u00f3w biznesowych. Idealne do zaopatrzenia sklepu lub wprowadzenia nowej linii sprz\u0119tu.<\/p>","protected":false},"excerpt":{"rendered":"<p>Te r\u0119kawice motocyklowe RYINZ \u0142\u0105cz\u0105 w sobie funkcjonalno\u015b\u0107 i form\u0119 z syntetyczn\u0105 sk\u00f3r\u0105 d\u0142oni, silikonowym nadrukiem chwytnym, pancerzem TPU na kostkach i mankietem z zamkiem b\u0142yskawicznym, zapewniaj\u0105c bezpieczne i stylowe dopasowanie. Wyposa\u017cone w elastyczny materia\u0142 z ty\u0142u, panele palc\u00f3w ze sk\u00f3ry anilinowej, wy\u015bcie\u0142ane wzmocnienie d\u0142oni i odblaskowe lam\u00f3wki zapewniaj\u0105ce widoczno\u015b\u0107, r\u0119kawice te s\u0105 przeznaczone do ca\u0142orocznej jazdy. Idealne dla hurtownik\u00f3w i sprzedawc\u00f3w sprz\u0119tu ochronnego, kt\u00f3rzy wymagaj\u0105 jako\u015bci i innowacyjno\u015bci w ka\u017cdej r\u0119kawicy.<\/p>","protected":false},"featured_media":9297,"comment_status":"closed","ping_status":"closed","template":"","meta":[],"product_brand":[35],"product_cat":[1111,380,122,68],"product_tag":[389,390,391,392,393,394,395,396,397,398,399,400,401,402,403],"class_list":{"0":"post-9202","1":"product","2":"type-product","3":"status-publish","4":"has-post-thumbnail","6":"product_brand-ryinz","7":"product_cat-motorbike","8":"product_cat-motorbike-gloves","9":"product_cat-motorbike-racing-gloves","10":"product_cat-ryinz","11":"product_tag-anti-slip-grip-gloves-for-riding-and-climbing","12":"product_tag-black-tactical-gloves-for-distributors-and-oems","13":"product_tag-ce-grade-gloves-with-impact-protection","14":"product_tag-cowhide-goat-sheep-leather-tactical-gloves","15":"product_tag-customizable-lining-tactical-gloves-for-all-weather","16":"product_tag-full-finger-motorcycle-gloves-with-hard-shell","17":"product_tag-leather-gloves-for-military-and-patrol-gear","18":"product_tag-lightweight-leather-gloves-for-b2b-buyers","19":"product_tag-multi-purpose-gloves-for-tactical-retail","20":"product_tag-protective-gloves-for-airsoft-and-police-use","21":"product_tag-reinforced-gloves-for-mechanical-use","22":"product_tag-ryinz-motorcycle-gloves-with-mesh-ventilation","23":"product_tag-summer-breathable-gloves-with-mesh-zones","24":"product_tag-tactical-leather-gloves-with-knuckle-armor","25":"product_tag-wholesale-riding-gloves-with-finger-protection","27":"first","28":"instock","29":"taxable","30":"shipping-taxable","31":"purchasable","32":"product-type-simple"},"_links":{"self":[{"href":"https:\/\/ryinz.cz\/velkoobchod\/pl\/wp-json\/wp\/v2\/product\/9202","targetHints":{"allow":["GET"]}}],"collection":[{"href":"https:\/\/ryinz.cz\/velkoobchod\/pl\/wp-json\/wp\/v2\/product"}],"about":[{"href":"https:\/\/ryinz.cz\/velkoobchod\/pl\/wp-json\/wp\/v2\/types\/product"}],"replies":[{"embeddable":true,"href":"https:\/\/ryinz.cz\/velkoobchod\/pl\/wp-json\/wp\/v2\/comments?post=9202"}],"wp:featuredmedia":[{"embeddable":true,"href":"https:\/\/ryinz.cz\/velkoobchod\/pl\/wp-json\/wp\/v2\/media\/9297"}],"wp:attachment":[{"href":"https:\/\/ryinz.cz\/velkoobchod\/pl\/wp-json\/wp\/v2\/media?parent=9202"}],"wp:term":[{"taxonomy":"product_brand","embeddable":true,"href":"https:\/\/ryinz.cz\/velkoobchod\/pl\/wp-json\/wp\/v2\/product_brand?post=9202"},{"taxonomy":"product_cat","embeddable":true,"href":"https:\/\/ryinz.cz\/velkoobchod\/pl\/wp-json\/wp\/v2\/product_cat?post=9202"},{"taxonomy":"product_tag","embeddable":true,"href":"https:\/\/ryinz.cz\/velkoobchod\/pl\/wp-json\/wp\/v2\/product_tag?post=9202"}],"curies":[{"name":"wp","href":"https:\/\/api.w.org\/{rel}","templated":true}]}}