{"id":9201,"date":"2025-06-22T15:32:53","date_gmt":"2025-06-22T15:32:53","guid":{"rendered":"https:\/\/ryinz.cz\/velkoobchod\/?post_type=product&#038;p=9201"},"modified":"2026-01-18T20:18:16","modified_gmt":"2026-01-18T20:18:16","slug":"ryinz-wyscigowe-skorzane-rekawice-motocyklowe-do-sprzedazy-hurtowej-i-detalicznej-z-wkladka-hipora-mankiet-na-zamek-blyskawiczny-podszewka-z-wlokna-wypelniajacego","status":"publish","type":"product","link":"https:\/\/ryinz.cz\/velkoobchod\/pl\/product\/ryinz-racing-leather-motorcycle-gloves-for-wholesale-retail-with-hipora-insert-zip-cuff-fiberfill-lining\/","title":{"rendered":"Sk\u00f3rzane r\u0119kawice motocyklowe RYINZ Racing do sprzeda\u017cy hurtowej i detalicznej z wk\u0142adk\u0105 HIPORA, mankietem na zamek b\u0142yskawiczny i podszewk\u0105 z w\u0142\u00f3kna szklanego"},"content":{"rendered":"<p data-start=\"792\" data-end=\"894\"><strong data-start=\"792\" data-end=\"894\">Sk\u00f3rzane r\u0119kawice wy\u015bcigowe RYINZ Performance - bezpiecze\u0144stwo przy du\u017cych pr\u0119dko\u015bciach dla sprzedawc\u00f3w detalicznych i B2B w sportach motorowych<\/strong><\/p>\n<p data-start=\"896\" data-end=\"1226\">Zaprojektowany dla rowerzyst\u00f3w, kt\u00f3rzy rozwijaj\u0105 pr\u0119dko\u015b\u0107, kontrol\u0119 i ochron\u0119 na poziomie mistrzowskim. <strong data-start=\"985\" data-end=\"1016\">Sk\u00f3rzane r\u0119kawice wy\u015bcigowe RYINZ<\/strong> zosta\u0142y stworzone z my\u015bl\u0105 o profesjonalnych zawodnikach i entuzjastach osi\u0105g\u00f3w. Ta r\u0119kawica jest kandydatem do bestsellera dla sprzedawc\u00f3w detalicznych, nabywc\u00f3w B2B i dystrybutor\u00f3w sprz\u0119tu wy\u015bcigowego ukierunkowanych na rynek akcesori\u00f3w motocyklowych premium.<\/p>\n<p data-start=\"1228\" data-end=\"1383\">Niezale\u017cnie od tego, czy wyposa\u017casz zesp\u00f3\u0142 sport\u00f3w motorowych, czy zaopatrujesz sw\u00f3j sklep internetowy w najwy\u017cszej klasy sk\u00f3rzany sprz\u0119t, ten produkt oferuje jako\u015b\u0107, funkcjonalno\u015b\u0107 i atrakcyjno\u015b\u0107 w jednym.<\/p>\n<hr data-start=\"1385\" data-end=\"1388\" \/>\n<p data-start=\"1390\" data-end=\"1678\"><strong data-start=\"1390\" data-end=\"1422\">Konstrukcja z prawdziwej sk\u00f3ry<\/strong><br data-start=\"1422\" data-end=\"1425\" \/>R\u0119kawice te s\u0105 wykonane z <strong data-start=\"1455\" data-end=\"1474\">sk\u00f3ra naturalna<\/strong>, wybrany ze wzgl\u0119du na swoj\u0105 naturaln\u0105 elastyczno\u015b\u0107, odporno\u015b\u0107 na \u015bcieranie i zdolno\u015b\u0107 do wytrzymywania uderze\u0144 z du\u017c\u0105 pr\u0119dko\u015bci\u0105. Wzmocnione panele i precyzyjne szwy zapewniaj\u0105 dodatkow\u0105 wytrzyma\u0142o\u015b\u0107 bez uszczerbku dla dopasowania.<\/p>\n<p data-start=\"1680\" data-end=\"1823\">Ca\u0142kowicie czarno-bia\u0142y design inspirowany wy\u015bcigami zapewnia <strong data-start=\"1736\" data-end=\"1751\">kraw\u0119d\u017a wizualna<\/strong>, idealny dla kolekcji o wysokich osi\u0105gach i sklep\u00f3w ze sprz\u0119tem wy\u015bcigowym.<\/p>\n<hr data-start=\"1825\" data-end=\"1828\" \/>\n<p data-start=\"1830\" data-end=\"2131\"><strong data-start=\"1830\" data-end=\"1886\">Wk\u0142adka do r\u0119kawic HIPORA - wodoodporna i wiatroszczelna bariera<\/strong><br data-start=\"1886\" data-end=\"1889\" \/>R\u0119kawice posiadaj\u0105 zintegrowany <strong data-start=\"1922\" data-end=\"1941\">Membrana HIPORA<\/strong>, to wysoce oddychaj\u0105ca i wodoodporna wk\u0142adka, kt\u00f3ra zapewnia sucho\u015b\u0107 d\u0142oni bez zatrzymywania ciep\u0142a. Zar\u00f3wno w suchych, jak i wilgotnych warunkach wy\u015bcigowych, ta wk\u0142adka pomaga utrzyma\u0107 idealn\u0105 temperatur\u0119 d\u0142oni i komfort.<\/p>\n<hr data-start=\"2133\" data-end=\"2136\" \/>\n<p data-start=\"2138\" data-end=\"2436\"><strong data-start=\"2138\" data-end=\"2183\">Wype\u0142nienie z w\u0142\u00f3kna 300G dla lekkiej izolacji<\/strong><br data-start=\"2183\" data-end=\"2186\" \/>R\u0119kawice te s\u0105 wyposa\u017cone w <strong data-start=\"2209\" data-end=\"2242\">300-gramowa izolacja z w\u0142\u00f3kna wype\u0142niaj\u0105cego<\/strong>, Idealne na nieco ch\u0142odniejsze warunki, w kt\u00f3rych ch\u0142\u00f3d wiatru mo\u017ce wp\u0142ywa\u0107 na wydajno\u015b\u0107. Ta izolacja zapewnia ciep\u0142o bez nadmiernego zwi\u0119kszania obj\u0119to\u015bci, dzi\u0119ki czemu r\u0119kawice nadaj\u0105 si\u0119 do wy\u015bcig\u00f3w przez trzy sezony.<\/p>\n<hr data-start=\"2438\" data-end=\"2441\" \/>\n<p data-start=\"2443\" data-end=\"2700\"><strong data-start=\"2443\" data-end=\"2477\">Trykotowa podszewka zapewniaj\u0105ca mi\u0119kki komfort<\/strong><br data-start=\"2477\" data-end=\"2480\" \/>Wn\u0119trze jest wy\u0142o\u017cone <strong data-start=\"2507\" data-end=\"2529\">Mi\u0119kki materia\u0142 trykotowy<\/strong>, zapewniaj\u0105c p\u0142ynne, wolne od podra\u017cnie\u0144 wra\u017cenia podczas d\u0142ugich wy\u015bcig\u00f3w. Trykot przyczynia si\u0119 r\u00f3wnie\u017c do wewn\u0119trznej regulacji temperatury i odprowadzania potu podczas intensywnych przeja\u017cd\u017cek.<\/p>\n<hr data-start=\"2702\" data-end=\"2705\" \/>\n<p data-start=\"2707\" data-end=\"3035\"><strong data-start=\"2707\" data-end=\"2751\">Regulacja mankiet\u00f3w na zamek b\u0142yskawiczny - bezpieczne dopasowanie i styl<\/strong><br data-start=\"2751\" data-end=\"2754\" \/>W przeciwie\u0144stwie do standardowych zapi\u0119\u0107 na rzep, r\u0119kawice te posiadaj\u0105 <strong data-start=\"2815\" data-end=\"2845\">System regulacji mankiet\u00f3w na zamek b\u0142yskawiczny<\/strong>, umo\u017cliwiaj\u0105c dok\u0142adne dopasowanie do nadgarstka i bardziej elegancki wygl\u0105d. W po\u0142\u0105czeniu z paskiem zapinanym na rzep, ten system podw\u00f3jnego zapi\u0119cia zapewnia, \u017ce r\u0119kawice pozostaj\u0105 na miejscu podczas wy\u015bcig\u00f3w.<\/p>\n<hr data-start=\"3037\" data-end=\"3040\" \/>\n<p data-start=\"3042\" data-end=\"3297\"><strong data-start=\"3042\" data-end=\"3083\">Haftowane logo dla marki premium<\/strong><br data-start=\"3083\" data-end=\"3086\" \/>R\u0119kawice posiadaj\u0105 <strong data-start=\"3105\" data-end=\"3149\">haftowane logo RYINZ i Race Edition<\/strong>, oferuj\u0105c wysokiej klasy, zszywany wygl\u0105d, kt\u00f3ry podnosi postrzegan\u0105 warto\u015b\u0107 produktu. Idealny dla linii premium lub produkt\u00f3w skoncentrowanych na marce.<\/p>\n<hr data-start=\"3299\" data-end=\"3302\" \/>\n<p data-start=\"3304\" data-end=\"3605\"><strong data-start=\"3304\" data-end=\"3352\">Ergonomiczna konstrukcja z pe\u0142n\u0105 ochron\u0105 palc\u00f3w<\/strong><br data-start=\"3352\" data-end=\"3355\" \/>Strategiczne strefy wy\u015bci\u00f3\u0142ki i anatomiczny kszta\u0142t sprawiaj\u0105, \u017ce r\u0119kawice te s\u0105 idealne do jazdy wy\u015bcigowej. Wst\u0119pnie zakrzywione palce i elastyczna sk\u00f3ra sprawiaj\u0105, \u017ce kontrola przepustnicy jest p\u0142ynna, a punkty ochronne wzd\u0142u\u017c kostek i d\u0142oni zapewniaj\u0105 bezpiecze\u0144stwo tam, gdzie jest to najbardziej potrzebne.<\/p>\n<hr data-start=\"3607\" data-end=\"3610\" \/>\n<p data-start=\"3612\" data-end=\"3634\"><strong data-start=\"3612\" data-end=\"3632\">Najlepszy wyb\u00f3r:<\/strong><\/p>\n<ul data-start=\"3635\" data-end=\"3855\">\n<li data-start=\"3635\" data-end=\"3674\">\n<p data-start=\"3637\" data-end=\"3674\">Dystrybutorzy sprz\u0119tu do wy\u015bcig\u00f3w motocyklowych<\/p>\n<\/li>\n<li data-start=\"3675\" data-end=\"3717\">\n<p data-start=\"3677\" data-end=\"3717\">Kupuj\u0105cy r\u0119kawice B2B dla sklep\u00f3w motoryzacyjnych<\/p>\n<\/li>\n<li data-start=\"3718\" data-end=\"3758\">\n<p data-start=\"3720\" data-end=\"3758\">Zawodowi kolarze i dru\u017cyny sportowe<\/p>\n<\/li>\n<li data-start=\"3759\" data-end=\"3792\">\n<p data-start=\"3761\" data-end=\"3792\">Internetowi sprzedawcy r\u0119kawic wy\u015bcigowych<\/p>\n<\/li>\n<li data-start=\"3793\" data-end=\"3824\">\n<p data-start=\"3795\" data-end=\"3824\">Wydajne linie akcesori\u00f3w<\/p>\n<\/li>\n<li data-start=\"3825\" data-end=\"3855\">\n<p data-start=\"3827\" data-end=\"3855\">Prywatne marki r\u0119kawic<\/p>\n<\/li>\n<\/ul>\n<hr data-start=\"3857\" data-end=\"3860\" \/>\n<p data-start=\"3862\" data-end=\"3887\"><strong data-start=\"3862\" data-end=\"3885\">Najwa\u017cniejsze cechy produktu:<\/strong><\/p>\n<ul data-start=\"3888\" data-end=\"4321\">\n<li data-start=\"3888\" data-end=\"3952\">\n<p data-start=\"3890\" data-end=\"3952\">Wysokiej jako\u015bci sk\u00f3rzana pow\u0142oka zapewnia trwa\u0142o\u015b\u0107 i ochron\u0119 przed \u015bcieraniem<\/p>\n<\/li>\n<li data-start=\"3953\" data-end=\"4002\">\n<p data-start=\"3955\" data-end=\"4002\">Wodoodporna\/wiatroszczelna oddychaj\u0105ca wk\u0142adka HIPORA<\/p>\n<\/li>\n<li data-start=\"4003\" data-end=\"4043\">\n<p data-start=\"4005\" data-end=\"4043\">Izolacja z w\u0142\u00f3kna 300G zapewnia ciep\u0142o<\/p>\n<\/li>\n<li data-start=\"4044\" data-end=\"4087\">\n<p data-start=\"4046\" data-end=\"4087\">Trykotowa podszewka zapewniaj\u0105ca mi\u0119kki komfort wewn\u0105trz<\/p>\n<\/li>\n<li data-start=\"4088\" data-end=\"4132\">\n<p data-start=\"4090\" data-end=\"4132\">Mankiet zapinany na zamek b\u0142yskawiczny + zapi\u0119cie na rzep<\/p>\n<\/li>\n<li data-start=\"4133\" data-end=\"4168\">\n<p data-start=\"4135\" data-end=\"4168\">Stylizacja wy\u015bcigowa w czerni i bieli<\/p>\n<\/li>\n<li data-start=\"4169\" data-end=\"4209\">\n<p data-start=\"4171\" data-end=\"4209\">Haftowane logo dla najwy\u017cszej jako\u015bci wyko\u0144czenia<\/p>\n<\/li>\n<li data-start=\"4210\" data-end=\"4267\">\n<p data-start=\"4212\" data-end=\"4267\">Nadaje si\u0119 do szybkich wy\u015bcig\u00f3w i osi\u0105g\u00f3w ulicznych<\/p>\n<\/li>\n<li data-start=\"4268\" data-end=\"4321\">\n<p data-start=\"4270\" data-end=\"4321\">Konstrukcja zgodna z CE i gotowa na rynek europejski<\/p>\n<\/li>\n<\/ul>\n<p data-start=\"4323\" data-end=\"4475\">Z <strong data-start=\"4332\" data-end=\"4374\">Sk\u00f3rzane r\u0119kawice motocyklowe RYINZ Racing<\/strong>, Zapewniasz produkt o wysokiej wydajno\u015bci, kt\u00f3remu kierowcy mog\u0105 zaufa\u0107 w najbardziej wymagaj\u0105cych sytuacjach.<\/p>","protected":false},"excerpt":{"rendered":"<p data-start=\"272\" data-end=\"741\">Do\u015bwiadcz precyzji, ochrony i komfortu dzi\u0119ki sk\u00f3rzanym r\u0119kawicom wy\u015bcigowym RYINZ premium - zaprojektowanym z my\u015bl\u0105 o szybko\u015bci i bezpiecze\u0144stwie. Zaprojektowane z haftowanym logo, trwa\u0142ymi mankietami regulowanymi zamkiem b\u0142yskawicznym, izolacj\u0105 z w\u0142\u00f3kna wype\u0142niaj\u0105cego 300G, trykotow\u0105 podszewk\u0105 i wodoodporn\u0105 wk\u0142adk\u0105 HIPORA, r\u0119kawice te s\u0105 idealne dla profesjonalnych kierowc\u00f3w wy\u015bcigowych, wyczynowych je\u017ad\u017ac\u00f3w i sprzedawc\u00f3w sprz\u0119tu. Najlepszy wyb\u00f3r dla hurtownik\u00f3w sport\u00f3w motorowych i prywatnych dystrybutor\u00f3w r\u0119kawic.<\/p>","protected":false},"featured_media":9296,"comment_status":"closed","ping_status":"closed","template":"","meta":[],"product_brand":[35],"product_cat":[1111,380,122,68],"product_tag":[389,390,391,392,393,394,395,396,397,398,399,400,401,402,403],"class_list":{"0":"post-9201","1":"product","2":"type-product","3":"status-publish","4":"has-post-thumbnail","6":"product_brand-ryinz","7":"product_cat-motorbike","8":"product_cat-motorbike-gloves","9":"product_cat-motorbike-racing-gloves","10":"product_cat-ryinz","11":"product_tag-anti-slip-grip-gloves-for-riding-and-climbing","12":"product_tag-black-tactical-gloves-for-distributors-and-oems","13":"product_tag-ce-grade-gloves-with-impact-protection","14":"product_tag-cowhide-goat-sheep-leather-tactical-gloves","15":"product_tag-customizable-lining-tactical-gloves-for-all-weather","16":"product_tag-full-finger-motorcycle-gloves-with-hard-shell","17":"product_tag-leather-gloves-for-military-and-patrol-gear","18":"product_tag-lightweight-leather-gloves-for-b2b-buyers","19":"product_tag-multi-purpose-gloves-for-tactical-retail","20":"product_tag-protective-gloves-for-airsoft-and-police-use","21":"product_tag-reinforced-gloves-for-mechanical-use","22":"product_tag-ryinz-motorcycle-gloves-with-mesh-ventilation","23":"product_tag-summer-breathable-gloves-with-mesh-zones","24":"product_tag-tactical-leather-gloves-with-knuckle-armor","25":"product_tag-wholesale-riding-gloves-with-finger-protection","27":"first","28":"instock","29":"taxable","30":"shipping-taxable","31":"purchasable","32":"product-type-simple"},"_links":{"self":[{"href":"https:\/\/ryinz.cz\/velkoobchod\/pl\/wp-json\/wp\/v2\/product\/9201","targetHints":{"allow":["GET"]}}],"collection":[{"href":"https:\/\/ryinz.cz\/velkoobchod\/pl\/wp-json\/wp\/v2\/product"}],"about":[{"href":"https:\/\/ryinz.cz\/velkoobchod\/pl\/wp-json\/wp\/v2\/types\/product"}],"replies":[{"embeddable":true,"href":"https:\/\/ryinz.cz\/velkoobchod\/pl\/wp-json\/wp\/v2\/comments?post=9201"}],"wp:featuredmedia":[{"embeddable":true,"href":"https:\/\/ryinz.cz\/velkoobchod\/pl\/wp-json\/wp\/v2\/media\/9296"}],"wp:attachment":[{"href":"https:\/\/ryinz.cz\/velkoobchod\/pl\/wp-json\/wp\/v2\/media?parent=9201"}],"wp:term":[{"taxonomy":"product_brand","embeddable":true,"href":"https:\/\/ryinz.cz\/velkoobchod\/pl\/wp-json\/wp\/v2\/product_brand?post=9201"},{"taxonomy":"product_cat","embeddable":true,"href":"https:\/\/ryinz.cz\/velkoobchod\/pl\/wp-json\/wp\/v2\/product_cat?post=9201"},{"taxonomy":"product_tag","embeddable":true,"href":"https:\/\/ryinz.cz\/velkoobchod\/pl\/wp-json\/wp\/v2\/product_tag?post=9201"}],"curies":[{"name":"wp","href":"https:\/\/api.w.org\/{rel}","templated":true}]}}