{"id":9200,"date":"2025-06-22T15:32:52","date_gmt":"2025-06-22T15:32:52","guid":{"rendered":"https:\/\/ryinz.cz\/velkoobchod\/?post_type=product&#038;p=9200"},"modified":"2026-01-18T20:18:15","modified_gmt":"2026-01-18T20:18:15","slug":"skorzane-rekawice-taktyczne-ryinz-do-sprzedazy-hurtowej-i-detalicznej-z-twardym-pancerzem-knykciowym-siatkowa-wentylacja-i-ochrona-palcow","status":"publish","type":"product","link":"https:\/\/ryinz.cz\/velkoobchod\/pl\/product\/ryinz-leather-tactical-gloves-for-wholesale-retail-with-hard-knuckle-armor-mesh-ventilation-finger-protection\/","title":{"rendered":"Sk\u00f3rzane r\u0119kawice taktyczne RYINZ do sprzeda\u017cy hurtowej i detalicznej z twardym pancerzem, siatkow\u0105 wentylacj\u0105 i ochron\u0105 palc\u00f3w"},"content":{"rendered":"<p data-start=\"829\" data-end=\"931\"><strong data-start=\"829\" data-end=\"931\">Sk\u00f3rzane r\u0119kawice taktyczne RYINZ Premium - zaprojektowane dla je\u017ad\u017ac\u00f3w, profesjonalist\u00f3w i globalnych dystrybutor\u00f3w<\/strong><\/p>\n<p data-start=\"933\" data-end=\"1249\">Gdy ochrona \u0142\u0105czy si\u0119 z elastyczno\u015bci\u0105, otrzymujesz <strong data-start=\"980\" data-end=\"1013\">Sk\u00f3rzane r\u0119kawice taktyczne RYINZ<\/strong> - to najwy\u017cszej jako\u015bci opcja dla motocyklist\u00f3w, personelu wojskowego i profesjonalist\u00f3w taktycznych na ca\u0142ym \u015bwiecie. R\u0119kawice te zosta\u0142y zaprojektowane w konkretnym celu: oferuj\u0105 najwy\u017cszy poziom bezpiecze\u0144stwa, przyczepno\u015bci, komfortu i oddychalno\u015bci bez uszczerbku dla ruchu i wydajno\u015bci.<\/p>\n<p data-start=\"1251\" data-end=\"1411\">Model ten jest idealny dla hurtownik\u00f3w, dostawc\u00f3w \u015brodk\u00f3w ochrony indywidualnej, sklep\u00f3w detalicznych i projekt\u00f3w r\u0119kawic pod mark\u0105 w\u0142asn\u0105, jest dostosowany do potrzeb klient\u00f3w wymagaj\u0105cych zar\u00f3wno stylu, jak i tre\u015bci.<\/p>\n<hr data-start=\"1413\" data-end=\"1416\" \/>\n<p data-start=\"1418\" data-end=\"1816\"><strong data-start=\"1418\" data-end=\"1472\">Opcje materia\u0142owe - sk\u00f3ra bydl\u0119ca, kozia lub owcza<\/strong><br data-start=\"1472\" data-end=\"1475\" \/>RYINZ oferuje konfigurowaln\u0105 produkcj\u0119 z <strong data-start=\"1517\" data-end=\"1528\">sk\u00f3ra bydl\u0119ca<\/strong>, <strong data-start=\"1530\" data-end=\"1538\">koza<\/strong>, lub <strong data-start=\"1543\" data-end=\"1560\">sk\u00f3ra owcza<\/strong> w zale\u017cno\u015bci od wymaganego wyczucia i trwa\u0142o\u015bci. Sk\u00f3ra bydl\u0119ca zapewnia wysok\u0105 odporno\u015b\u0107 na \u015bcieranie, sk\u00f3ra kozia oferuje mi\u0119kk\u0105 elastyczno\u015b\u0107, a sk\u00f3ra owcza zapewnia eleganckie, elastyczne wyko\u0144czenie dla precyzyjnego ruchu. Wszystkie trzy opcje s\u0105 znane z d\u0142ugotrwa\u0142ego zu\u017cycia.<\/p>\n<hr data-start=\"1818\" data-end=\"1821\" \/>\n<p data-start=\"1823\" data-end=\"2146\"><strong data-start=\"1823\" data-end=\"1880\">Wentylowana konstrukcja z siateczki - zwi\u0119kszona oddychalno\u015b\u0107<\/strong><br data-start=\"1880\" data-end=\"1883\" \/>R\u0119kawice te przeznaczone s\u0105 do \u015brodowisk o wysokiej temperaturze lub wysokiej aktywno\u015bci. <strong data-start=\"1943\" data-end=\"1969\">Siatkowe strefy wentylacji<\/strong> zintegrowany z panelem tylnym i palcami. Poprawia to przep\u0142yw powietrza, dzi\u0119ki czemu r\u0119kawice nadaj\u0105 si\u0119 do letnich lub spoconych operacji, takich jak jazda motocyklem, airsoft lub obowi\u0105zki patrolowe.<\/p>\n<hr data-start=\"2148\" data-end=\"2151\" \/>\n<p data-start=\"2153\" data-end=\"2454\"><strong data-start=\"2153\" data-end=\"2197\">Twarda ochrona kostek w strefach uderzenia<\/strong><br data-start=\"2197\" data-end=\"2200\" \/>Formowany <strong data-start=\"2211\" data-end=\"2233\">twardy pancerz<\/strong> to kluczowy element bezpiecze\u0144stwa, oferuj\u0105cy siln\u0105 os\u0142on\u0119 przed uderzeniami, zadrapaniami i otarciami. Niezale\u017cnie od tego, czy je\u017adzisz na rowerze, wspinasz si\u0119, czy trenujesz, r\u0119kawice te zapewniaj\u0105 krytyczn\u0105 ochron\u0119 w strefach wysokiego ryzyka.<\/p>\n<hr data-start=\"2456\" data-end=\"2459\" \/>\n<p data-start=\"2461\" data-end=\"2741\"><strong data-start=\"2461\" data-end=\"2489\">Panele ochronne na palce<\/strong><br data-start=\"2489\" data-end=\"2492\" \/>Ka\u017cdy palec zawiera <strong data-start=\"2513\" data-end=\"2543\">wzmocnione ko\u0144c\u00f3wki ochronne<\/strong>, kt\u00f3re chroni\u0105 przed zakleszczeniem i otarciami, zapewniaj\u0105c jednocze\u015bnie elastyczno\u015b\u0107 i precyzj\u0119 chwytu. Ko\u0144c\u00f3wki te s\u0105 niezb\u0119dne w zastosowaniach taktycznych lub budowlanych, gdzie zr\u0119czno\u015b\u0107 palc\u00f3w i kontrola maj\u0105 kluczowe znaczenie.<\/p>\n<hr data-start=\"2743\" data-end=\"2746\" \/>\n<p data-start=\"2748\" data-end=\"2892\"><strong data-start=\"2748\" data-end=\"2805\">Wygodne podszewki - polar \/ trykot \/ Playboy<\/strong><br data-start=\"2805\" data-end=\"2808\" \/>Mo\u017cesz wybiera\u0107 spo\u015br\u00f3d wielu opcji wewn\u0119trznej wy\u015bci\u00f3\u0142ki, aby dopasowa\u0107 j\u0105 do klimatu i potrzeb zwi\u0105zanych z komfortem:<\/p>\n<ul data-start=\"2893\" data-end=\"3036\">\n<li data-start=\"2893\" data-end=\"2933\">\n<p data-start=\"2895\" data-end=\"2933\"><strong data-start=\"2895\" data-end=\"2905\">Polar<\/strong> na ch\u0142odniejsze dni<\/p>\n<\/li>\n<li data-start=\"2934\" data-end=\"2986\">\n<p data-start=\"2936\" data-end=\"2986\"><strong data-start=\"2936\" data-end=\"2946\">Trykot<\/strong> odprowadzanie wilgoci i ca\u0142odzienne noszenie<\/p>\n<\/li>\n<li data-start=\"2987\" data-end=\"3036\">\n<p data-start=\"2989\" data-end=\"3036\"><strong data-start=\"2989\" data-end=\"3000\">Playboy<\/strong> dla g\u0142adkiej, jedwabistej warstwy komfortu<\/p>\n<\/li>\n<\/ul>\n<p data-start=\"3038\" data-end=\"3119\">Ta elastyczno\u015b\u0107 sprawia, \u017ce r\u0119kawice mo\u017cna dostosowa\u0107 do r\u00f3\u017cnych rynk\u00f3w i warunk\u00f3w.<\/p>\n<hr data-start=\"3121\" data-end=\"3124\" \/>\n<p data-start=\"3126\" data-end=\"3410\"><strong data-start=\"3126\" data-end=\"3172\">Wzmocnienie chwytu i wzmocnione strefy d\u0142oni<\/strong><br data-start=\"3172\" data-end=\"3175\" \/>Obszar palmowy obejmuje <strong data-start=\"3198\" data-end=\"3244\">strategiczne panele chwytne i podw\u00f3jne szwy<\/strong>, zapewniaj\u0105c u\u017cytkownikowi optymaln\u0105 kontrol\u0119 nad narz\u0119dziami, kierownic\u0105 lub broni\u0105. Teksturowana powierzchnia zapewnia antypo\u015blizgowo\u015b\u0107, dzi\u0119ki czemu r\u0119kawice te idealnie nadaj\u0105 si\u0119 do pracy pod wysokim ci\u015bnieniem.<\/p>\n<hr data-start=\"3412\" data-end=\"3415\" \/>\n<p data-start=\"3417\" data-end=\"3433\"><strong data-start=\"3417\" data-end=\"3431\">Idealny dla:<\/strong><\/p>\n<ul data-start=\"3434\" data-end=\"3664\">\n<li data-start=\"3434\" data-end=\"3463\">\n<p data-start=\"3436\" data-end=\"3463\">Sprzedawcy sprz\u0119tu motocyklowego<\/p>\n<\/li>\n<li data-start=\"3464\" data-end=\"3498\">\n<p data-start=\"3466\" data-end=\"3498\">Dostawcy produkt\u00f3w taktycznych i airsoftowych<\/p>\n<\/li>\n<li data-start=\"3499\" data-end=\"3542\">\n<p data-start=\"3501\" data-end=\"3542\">Wojskowe i paramilitarne \u0142a\u0144cuchy dostaw<\/p>\n<\/li>\n<li data-start=\"3543\" data-end=\"3592\">\n<p data-start=\"3545\" data-end=\"3592\">Dystrybutorzy r\u0119kawic budowlanych i mechanicznych<\/p>\n<\/li>\n<li data-start=\"3593\" data-end=\"3623\">\n<p data-start=\"3595\" data-end=\"3623\">Programy r\u0119kawic sk\u00f3rzanych OEM<\/p>\n<\/li>\n<li data-start=\"3624\" data-end=\"3664\">\n<p data-start=\"3626\" data-end=\"3664\">Marki outdoorowe lub survivalowe<\/p>\n<\/li>\n<\/ul>\n<hr data-start=\"3666\" data-end=\"3669\" \/>\n<p data-start=\"3671\" data-end=\"3695\"><strong data-start=\"3671\" data-end=\"3693\">Najwa\u017cniejsze cechy konstrukcji:<\/strong><\/p>\n<ul data-start=\"3696\" data-end=\"4133\">\n<li data-start=\"3696\" data-end=\"3737\">\n<p data-start=\"3698\" data-end=\"3737\">Do wyboru sk\u00f3ra bydl\u0119ca, kozia lub owcza<\/p>\n<\/li>\n<li data-start=\"3738\" data-end=\"3783\">\n<p data-start=\"3740\" data-end=\"3783\">Siatkowe panele na plecach zapewniaj\u0105 przewiewno\u015b\u0107<\/p>\n<\/li>\n<li data-start=\"3784\" data-end=\"3828\">\n<p data-start=\"3786\" data-end=\"3828\">Twardy pancerz kostek zapewniaj\u0105cy odporno\u015b\u0107 na uderzenia<\/p>\n<\/li>\n<li data-start=\"3829\" data-end=\"3874\">\n<p data-start=\"3831\" data-end=\"3874\">Wzmocnienie palc\u00f3w dla dodatkowej ochrony<\/p>\n<\/li>\n<li data-start=\"3875\" data-end=\"3921\">\n<p data-start=\"3877\" data-end=\"3921\">Dost\u0119pne podszewki: polar, trykot, playboy<\/p>\n<\/li>\n<li data-start=\"3922\" data-end=\"3959\">\n<p data-start=\"3924\" data-end=\"3959\">Wzmocniona d\u0142o\u0144 z tekstur\u0105 zapewniaj\u0105c\u0105 przyczepno\u015b\u0107<\/p>\n<\/li>\n<li data-start=\"3960\" data-end=\"4001\">\n<p data-start=\"3962\" data-end=\"4001\">Elegancki czarny kolor z logo RYINZ<\/p>\n<\/li>\n<li data-start=\"4002\" data-end=\"4055\">\n<p data-start=\"4004\" data-end=\"4055\">Regulowany pasek na nadgarstek z zapi\u0119ciem na rzep<\/p>\n<\/li>\n<li data-start=\"4056\" data-end=\"4090\">\n<p data-start=\"4058\" data-end=\"4090\">Lekki, a jednocze\u015bnie bardzo wytrzyma\u0142y<\/p>\n<\/li>\n<li data-start=\"4091\" data-end=\"4133\">\n<p data-start=\"4093\" data-end=\"4133\">Mo\u017cliwo\u015b\u0107 dostosowania dla kupuj\u0105cych hurtowo<\/p>\n<\/li>\n<\/ul>\n<p data-start=\"4135\" data-end=\"4359\">Niezale\u017cnie od tego, czy dostarczasz sprz\u0119t taktyczny do pracy wysokiego ryzyka, czy te\u017c oferujesz stylow\u0105 ochron\u0119 dla motocyklist\u00f3w <strong data-start=\"4251\" data-end=\"4284\">Sk\u00f3rzane r\u0119kawice taktyczne RYINZ<\/strong> to najlepszy w swojej klasie produkt o sprawdzonej atrakcyjno\u015bci w wielu bran\u017cach.<\/p>","protected":false},"excerpt":{"rendered":"<p data-start=\"273\" data-end=\"778\">Sk\u00f3rzane r\u0119kawice taktyczne RYINZ, stworzone z my\u015bl\u0105 o profesjonalnym u\u017cytkowaniu, \u0142\u0105cz\u0105 sk\u00f3r\u0119 bydl\u0119c\u0105, kozi\u0105 lub owcz\u0105 z oddychaj\u0105c\u0105 siateczk\u0105 i wzmocnieniami ochronnymi. Zbudowane z tward\u0105 os\u0142on\u0105 knykci, pancerzem palc\u00f3w i wyborem podszewki z polaru, trykotu lub playboya, r\u0119kawice te s\u0105 idealne do jazdy motocyklem, airsoftu, wojska lub zastosowa\u0144 budowlanych. Nadaj\u0105 si\u0119 do u\u017cytku przez ca\u0142y rok i s\u0105 wysokiej jako\u015bci produktem dla odbiorc\u00f3w hurtowych i sklep\u00f3w ze sprz\u0119tem taktycznym.<\/p>","protected":false},"featured_media":9295,"comment_status":"closed","ping_status":"closed","template":"","meta":[],"product_brand":[35],"product_cat":[1111,380,122,68],"product_tag":[389,390,391,392,393,394,395,396,397,398,399,400,401,402,403],"class_list":{"0":"post-9200","1":"product","2":"type-product","3":"status-publish","4":"has-post-thumbnail","6":"product_brand-ryinz","7":"product_cat-motorbike","8":"product_cat-motorbike-gloves","9":"product_cat-motorbike-racing-gloves","10":"product_cat-ryinz","11":"product_tag-anti-slip-grip-gloves-for-riding-and-climbing","12":"product_tag-black-tactical-gloves-for-distributors-and-oems","13":"product_tag-ce-grade-gloves-with-impact-protection","14":"product_tag-cowhide-goat-sheep-leather-tactical-gloves","15":"product_tag-customizable-lining-tactical-gloves-for-all-weather","16":"product_tag-full-finger-motorcycle-gloves-with-hard-shell","17":"product_tag-leather-gloves-for-military-and-patrol-gear","18":"product_tag-lightweight-leather-gloves-for-b2b-buyers","19":"product_tag-multi-purpose-gloves-for-tactical-retail","20":"product_tag-protective-gloves-for-airsoft-and-police-use","21":"product_tag-reinforced-gloves-for-mechanical-use","22":"product_tag-ryinz-motorcycle-gloves-with-mesh-ventilation","23":"product_tag-summer-breathable-gloves-with-mesh-zones","24":"product_tag-tactical-leather-gloves-with-knuckle-armor","25":"product_tag-wholesale-riding-gloves-with-finger-protection","27":"first","28":"instock","29":"taxable","30":"shipping-taxable","31":"purchasable","32":"product-type-simple"},"_links":{"self":[{"href":"https:\/\/ryinz.cz\/velkoobchod\/pl\/wp-json\/wp\/v2\/product\/9200","targetHints":{"allow":["GET"]}}],"collection":[{"href":"https:\/\/ryinz.cz\/velkoobchod\/pl\/wp-json\/wp\/v2\/product"}],"about":[{"href":"https:\/\/ryinz.cz\/velkoobchod\/pl\/wp-json\/wp\/v2\/types\/product"}],"replies":[{"embeddable":true,"href":"https:\/\/ryinz.cz\/velkoobchod\/pl\/wp-json\/wp\/v2\/comments?post=9200"}],"wp:featuredmedia":[{"embeddable":true,"href":"https:\/\/ryinz.cz\/velkoobchod\/pl\/wp-json\/wp\/v2\/media\/9295"}],"wp:attachment":[{"href":"https:\/\/ryinz.cz\/velkoobchod\/pl\/wp-json\/wp\/v2\/media?parent=9200"}],"wp:term":[{"taxonomy":"product_brand","embeddable":true,"href":"https:\/\/ryinz.cz\/velkoobchod\/pl\/wp-json\/wp\/v2\/product_brand?post=9200"},{"taxonomy":"product_cat","embeddable":true,"href":"https:\/\/ryinz.cz\/velkoobchod\/pl\/wp-json\/wp\/v2\/product_cat?post=9200"},{"taxonomy":"product_tag","embeddable":true,"href":"https:\/\/ryinz.cz\/velkoobchod\/pl\/wp-json\/wp\/v2\/product_tag?post=9200"}],"curies":[{"name":"wp","href":"https:\/\/api.w.org\/{rel}","templated":true}]}}