{"id":9199,"date":"2025-06-22T15:32:52","date_gmt":"2025-06-22T15:32:52","guid":{"rendered":"https:\/\/ryinz.cz\/velkoobchod\/?post_type=product&#038;p=9199"},"modified":"2026-01-18T20:18:14","modified_gmt":"2026-01-18T20:18:14","slug":"taktyczne-rekawice-bojowe-ryinz-do-sprzedazy-hurtowej-i-detalicznej-z-twardym-pancerzem-i-antyposlizgowa-ochrona-dloni","status":"publish","type":"product","link":"https:\/\/ryinz.cz\/velkoobchod\/pl\/product\/ryinz-tactical-combat-gloves-for-wholesale-retail-with-hard-knuckle-armor-and-anti-slip-grip-palm-protection\/","title":{"rendered":"Taktyczne r\u0119kawice bojowe RYINZ do sprzeda\u017cy hurtowej i detalicznej z twardym pancerzem i antypo\u015blizgow\u0105 ochron\u0105 d\u0142oni"},"content":{"rendered":"<p>&nbsp;<\/p>\n<p data-start=\"846\" data-end=\"964\"><strong data-start=\"846\" data-end=\"964\">R\u0119kawice taktyczne RYINZ - wytrzyma\u0142a ochrona dla si\u0142 bezpiecze\u0144stwa, poszukiwaczy przyg\u00f3d i nabywc\u00f3w hurtowych<\/strong><\/p>\n<p data-start=\"966\" data-end=\"1322\">Zaprojektowany z my\u015bl\u0105 o intensywnych \u015brodowiskach, intensywnym u\u017cytkowaniu i przygodach w terenie. <strong data-start=\"1049\" data-end=\"1074\">R\u0119kawice taktyczne RYINZ<\/strong> s\u0105 najlepszym wyborem zar\u00f3wno dla profesjonalist\u00f3w, jak i entuzjast\u00f3w outdooru. Niezale\u017cnie od tego, czy wyposa\u017casz motocyklist\u00f3w, pracownik\u00f3w ochrony, graczy airsoftowych czy zespo\u0142y taktyczne, r\u0119kawice te s\u0105 zbudowane tak, aby sprosta\u0107 wymaganiom zar\u00f3wno codziennego, jak i ekstremalnego u\u017cytkowania.<\/p>\n<p data-start=\"1324\" data-end=\"1480\">Model ten jest doskona\u0142ym rozwi\u0105zaniem dla nabywc\u00f3w hurtowych, sprzedawc\u00f3w detalicznych sprz\u0119tu i sprzedawc\u00f3w marek prywatnych ukierunkowanych na rynki bezpiecze\u0144stwa i taktyczne w Europie i poza ni\u0105.<\/p>\n<hr data-start=\"1482\" data-end=\"1485\" \/>\n<p data-start=\"1487\" data-end=\"1832\"><strong data-start=\"1487\" data-end=\"1522\">Gotowa do walki ochrona kostek<\/strong><br data-start=\"1522\" data-end=\"1525\" \/>Cech\u0105 charakterystyczn\u0105 tych r\u0119kawic jest <strong data-start=\"1567\" data-end=\"1595\">twardy pancerz na kostki<\/strong>, wykonane z wytrzyma\u0142ego, odpornego na uderzenia tworzywa termoplastycznego. Zaprojektowany w celu ochrony knykci przed bezpo\u015brednim kontaktem i silnymi uderzeniami, ten pancerz sprawia, \u017ce r\u0119kawice s\u0105 idealne do misji taktycznych, trening\u00f3w wojskowych lub ochrony motocykli.<\/p>\n<p data-start=\"1834\" data-end=\"2004\">Ka\u017cdy palec jest wyposa\u017cony w mniejsze <strong data-start=\"1871\" data-end=\"1899\">wzmocnione wk\u0142adki skorupy<\/strong>, zwi\u0119kszaj\u0105c bezpiecze\u0144stwo podczas kontaktu fizycznego lub manewr\u00f3w taktycznych przy zachowaniu pe\u0142nego zakresu ruchu.<\/p>\n<hr data-start=\"2006\" data-end=\"2009\" \/>\n<p data-start=\"2011\" data-end=\"2341\"><strong data-start=\"2011\" data-end=\"2054\">Doskona\u0142y chwyt - antypo\u015blizgowa teksturowana d\u0142o\u0144<\/strong><br data-start=\"2054\" data-end=\"2057\" \/>Strona d\u0142oni zawiera <strong data-start=\"2080\" data-end=\"2111\">teksturowany materia\u0142 antypo\u015blizgowy<\/strong> Zaprojektowany, aby zwi\u0119kszy\u0107 kontrol\u0119 i zapobiec po\u015blizgowi podczas obs\u0142ugi sprz\u0119tu, narz\u0119dzi, broni lub kierownicy. Ten uchwyt jest niezb\u0119dny dla ka\u017cdego, kto zajmuje si\u0119 precyzyjnymi lub szybkimi zadaniami, takimi jak jazda konna, strzelanie lub wspinaczka.<\/p>\n<p data-start=\"2343\" data-end=\"2513\">Wzmocnione szwy na d\u0142oniach dodatkowo wspieraj\u0105 kluczowe punkty napr\u0119\u017cenia, aby wyd\u0142u\u017cy\u0107 \u017cywotno\u015b\u0107 produktu, szczeg\u00f3lnie w przypadku u\u017cytkownik\u00f3w wykonuj\u0105cych powtarzalne ruchy, takich jak funkcjonariusze organ\u00f3w \u015bcigania lub mechanicy.<\/p>\n<hr data-start=\"2515\" data-end=\"2518\" \/>\n<p data-start=\"2520\" data-end=\"2788\"><strong data-start=\"2520\" data-end=\"2568\">Taktyczne dopasowanie - regulowany pasek na nadgarstek z rzepem<\/strong><br data-start=\"2568\" data-end=\"2571\" \/>Ka\u017cda r\u0119kawica zawiera <strong data-start=\"2593\" data-end=\"2620\">wytrzyma\u0142y pasek na rzep<\/strong> aby zapewni\u0107 \u015bcis\u0142e, konfigurowalne dopasowanie wok\u00f3\u0142 nadgarstka. Konstrukcja zapewnia, \u017ce r\u0119kawice pozostaj\u0105 na miejscu podczas szybkich ruch\u00f3w d\u0142oni lub uderze\u0144, jednocze\u015bnie chroni\u0105c przed wiatrem i kurzem.<\/p>\n<p data-start=\"2790\" data-end=\"2914\">Szeroki mankiet pozwala na szybkie zak\u0142adanie i zdejmowanie, dzi\u0119ki czemu r\u0119kawice s\u0105 idealne dla funkcjonariuszy i motocyklist\u00f3w w podr\u00f3\u017cy.<\/p>\n<hr data-start=\"2916\" data-end=\"2919\" \/>\n<p data-start=\"2921\" data-end=\"3223\"><strong data-start=\"2921\" data-end=\"2961\">Oddychaj\u0105ca i elastyczna konstrukcja<\/strong><br data-start=\"2961\" data-end=\"2964\" \/>Pomimo wzmocnionej ochrony, r\u0119kawice pozostaj\u0105 <strong data-start=\"3017\" data-end=\"3047\">Lekki i oddychaj\u0105cy<\/strong>, Wykonane z elastycznego materia\u0142u i wy\u015bcie\u0142anych wn\u0119trz, kt\u00f3re umo\u017cliwiaj\u0105 przep\u0142yw powietrza, jednocze\u015bnie chroni\u0105c stawy i sk\u00f3r\u0119. Dzi\u0119ki temu nadaje si\u0119 do d\u0142ugotrwa\u0142ego noszenia w r\u00f3\u017cnych klimatach.<\/p>\n<hr data-start=\"3225\" data-end=\"3228\" \/>\n<p data-start=\"3230\" data-end=\"3246\"><strong data-start=\"3230\" data-end=\"3244\">Idealny dla:<\/strong><\/p>\n<ul data-start=\"3247\" data-end=\"3536\">\n<li data-start=\"3247\" data-end=\"3279\">\n<p data-start=\"3249\" data-end=\"3279\">Wojsko i si\u0142y bezpiecze\u0144stwa<\/p>\n<\/li>\n<li data-start=\"3280\" data-end=\"3319\">\n<p data-start=\"3282\" data-end=\"3319\">Zaopatrzenie zespo\u0142\u00f3w taktycznych i sprz\u0119tu SWAT<\/p>\n<\/li>\n<li data-start=\"3320\" data-end=\"3365\">\n<p data-start=\"3322\" data-end=\"3365\">Airsoft, paintball i symulacja walki<\/p>\n<\/li>\n<li data-start=\"3366\" data-end=\"3401\">\n<p data-start=\"3368\" data-end=\"3401\">Motocykli\u015bci i kierowcy rower\u00f3w terenowych<\/p>\n<\/li>\n<li data-start=\"3402\" data-end=\"3441\">\n<p data-start=\"3404\" data-end=\"3441\">Zestawy przetrwania i przygody na \u015bwie\u017cym powietrzu<\/p>\n<\/li>\n<li data-start=\"3442\" data-end=\"3484\">\n<p data-start=\"3444\" data-end=\"3484\">Prace budowlane, ci\u0119\u017ckie prace warsztatowe<\/p>\n<\/li>\n<li data-start=\"3485\" data-end=\"3536\">\n<p data-start=\"3487\" data-end=\"3536\">Hurtowi dystrybutorzy \u015brodk\u00f3w ochrony indywidualnej i odzie\u017cy taktycznej<\/p>\n<\/li>\n<\/ul>\n<hr data-start=\"3538\" data-end=\"3541\" \/>\n<p data-start=\"3543\" data-end=\"3570\"><strong data-start=\"3543\" data-end=\"3568\">Podsumowanie kluczowych funkcji:<\/strong><\/p>\n<ul data-start=\"3571\" data-end=\"4000\">\n<li data-start=\"3571\" data-end=\"3628\">\n<p data-start=\"3573\" data-end=\"3628\">Twardy pancerz na kostki zapewniaj\u0105cy bezpo\u015bredni\u0105 ochron\u0119 przed uderzeniami<\/p>\n<\/li>\n<li data-start=\"3629\" data-end=\"3674\">\n<p data-start=\"3631\" data-end=\"3674\">Antypo\u015blizgowa teksturowana d\u0142o\u0144 zapewnia doskona\u0142\u0105 przyczepno\u015b\u0107<\/p>\n<\/li>\n<li data-start=\"3675\" data-end=\"3721\">\n<p data-start=\"3677\" data-end=\"3721\">Wk\u0142adki na palce dla pe\u0142nej obrony d\u0142oni<\/p>\n<\/li>\n<li data-start=\"3722\" data-end=\"3755\">\n<p data-start=\"3724\" data-end=\"3755\">Regulowany pasek na nadgarstek na rzep<\/p>\n<\/li>\n<li data-start=\"3756\" data-end=\"3802\">\n<p data-start=\"3758\" data-end=\"3802\">Wzmocnione szwy na d\u0142oniach dla d\u0142u\u017cszego u\u017cytkowania<\/p>\n<\/li>\n<li data-start=\"3803\" data-end=\"3837\">\n<p data-start=\"3805\" data-end=\"3837\">Oddychaj\u0105ce i wy\u015bcie\u0142ane wn\u0119trze<\/p>\n<\/li>\n<li data-start=\"3838\" data-end=\"3889\">\n<p data-start=\"3840\" data-end=\"3889\">Wytrzyma\u0142a, ca\u0142kowicie czarna konstrukcja zapewniaj\u0105ca taktyczn\u0105 estetyk\u0119<\/p>\n<\/li>\n<li data-start=\"3890\" data-end=\"3950\">\n<p data-start=\"3892\" data-end=\"3950\">Kompatybilny z mundurami, sprz\u0119tem je\u017adzieckim i zestawami taktycznymi<\/p>\n<\/li>\n<li data-start=\"3951\" data-end=\"4000\">\n<p data-start=\"3953\" data-end=\"4000\">Dost\u0119pne w standardowych rozmiarach dla m\u0119\u017cczyzn i kobiet<\/p>\n<\/li>\n<\/ul>","protected":false},"excerpt":{"rendered":"<p>Stworzone z my\u015bl\u0105 o wytrzyma\u0142o\u015bci i zastosowaniach taktycznych, czarne r\u0119kawice bojowe RYINZ posiadaj\u0105 wzmocniony twardy pancerz knykci, antypo\u015blizgowe strefy chwytu i ochron\u0119 palc\u00f3w o wysokiej zr\u0119czno\u015bci. Idealne do zastosowa\u0144 wojskowych, airsoftowych, ochroniarskich, motocyklowych i outdoorowych, r\u0119kawice te oferuj\u0105 idealn\u0105 r\u00f3wnowag\u0119 mi\u0119dzy trwa\u0142o\u015bci\u0105, elastyczno\u015bci\u0105 i bezpiecznym dopasowaniem nadgarstka dzi\u0119ki regulowanemu rzepowi. Idealne dla hurtowni B2B, sklep\u00f3w z zaopatrzeniem taktycznym i sprzedawc\u00f3w motocykli poszukuj\u0105cych wytrzyma\u0142ych r\u0119kawic wielofunkcyjnych.<\/p>\n<ul>\n<li data-start=\"4037\" data-end=\"4081\">\n<p data-start=\"4040\" data-end=\"4081\">R\u0119kawice taktyczne z twardym pancerzem na kostkach<\/p>\n<\/li>\n<li data-start=\"4082\" data-end=\"4137\">\n<p data-start=\"4085\" data-end=\"4137\">Hurtownia r\u0119kawic wojskowych z knykciami ochronnymi<\/p>\n<\/li>\n<li data-start=\"4138\" data-end=\"4191\">\n<p data-start=\"4141\" data-end=\"4191\">R\u0119kawice bojowe RYINZ do zastosowa\u0144 ochronnych i outdoorowych<\/p>\n<\/li>\n<li data-start=\"4192\" data-end=\"4240\">\n<p data-start=\"4195\" data-end=\"4240\">Antypo\u015blizgowe r\u0119kawice taktyczne do strzelania<\/p>\n<\/li>\n<li data-start=\"4241\" data-end=\"4293\">\n<p data-start=\"4244\" data-end=\"4293\">R\u0119kawice motocyklowe z ochron\u0105 kostek<\/p>\n<\/li>\n<li data-start=\"4294\" data-end=\"4347\">\n<p data-start=\"4297\" data-end=\"4347\">R\u0119kawice ochronne dla policji i zespo\u0142\u00f3w SWAT<\/p>\n<\/li>\n<li data-start=\"4348\" data-end=\"4403\">\n<p data-start=\"4351\" data-end=\"4403\">R\u0119kawice taktyczne z pe\u0142nymi palcami zapewniaj\u0105ce wytrzyma\u0142o\u015b\u0107<\/p>\n<\/li>\n<li data-start=\"4404\" data-end=\"4460\">\n<p data-start=\"4407\" data-end=\"4460\">Wzmocnione r\u0119kawice dla graczy airsoft i paintball<\/p>\n<\/li>\n<li data-start=\"4461\" data-end=\"4515\">\n<p data-start=\"4464\" data-end=\"4515\">Wytrzyma\u0142e r\u0119kawice robocze do prac budowlanych lub jazdy konnej<\/p>\n<\/li>\n<li data-start=\"4516\" data-end=\"4568\">\n<p data-start=\"4520\" data-end=\"4568\">Oddychaj\u0105ce r\u0119kawice taktyczne do u\u017cytku w gor\u0105ce dni<\/p>\n<\/li>\n<li data-start=\"4569\" data-end=\"4620\">\n<p data-start=\"4573\" data-end=\"4620\">R\u0119kawice klasy wojskowej z rzepem na nadgarstku<\/p>\n<\/li>\n<li data-start=\"4621\" data-end=\"4673\">\n<p data-start=\"4625\" data-end=\"4673\">R\u0119kawice outdoorowe dla mi\u0142o\u015bnik\u00f3w przyg\u00f3d i survivalu<\/p>\n<\/li>\n<li data-start=\"4674\" data-end=\"4720\">\n<p data-start=\"4678\" data-end=\"4720\">Europejskie r\u0119kawice taktyczne dla zam\u00f3wie\u0144 hurtowych<\/p>\n<\/li>\n<li data-start=\"4721\" data-end=\"4773\">\n<p data-start=\"4725\" data-end=\"4773\">R\u0119kawice pancerne zapewniaj\u0105ce ochron\u0119 i kontrol\u0119 chwytu<\/p>\n<\/li>\n<li data-start=\"4774\" data-end=\"4831\">\n<p data-start=\"4778\" data-end=\"4831\">Uniwersalne r\u0119kawice taktyczne dla dostawc\u00f3w hurtowych<\/p>\n<\/li>\n<\/ul>","protected":false},"featured_media":9294,"comment_status":"closed","ping_status":"closed","template":"","meta":[],"product_brand":[35],"product_cat":[1111,380,122,68],"product_tag":[],"class_list":{"0":"post-9199","1":"product","2":"type-product","3":"status-publish","4":"has-post-thumbnail","6":"product_brand-ryinz","7":"product_cat-motorbike","8":"product_cat-motorbike-gloves","9":"product_cat-motorbike-racing-gloves","10":"product_cat-ryinz","12":"first","13":"instock","14":"taxable","15":"shipping-taxable","16":"purchasable","17":"product-type-simple"},"_links":{"self":[{"href":"https:\/\/ryinz.cz\/velkoobchod\/pl\/wp-json\/wp\/v2\/product\/9199","targetHints":{"allow":["GET"]}}],"collection":[{"href":"https:\/\/ryinz.cz\/velkoobchod\/pl\/wp-json\/wp\/v2\/product"}],"about":[{"href":"https:\/\/ryinz.cz\/velkoobchod\/pl\/wp-json\/wp\/v2\/types\/product"}],"replies":[{"embeddable":true,"href":"https:\/\/ryinz.cz\/velkoobchod\/pl\/wp-json\/wp\/v2\/comments?post=9199"}],"wp:featuredmedia":[{"embeddable":true,"href":"https:\/\/ryinz.cz\/velkoobchod\/pl\/wp-json\/wp\/v2\/media\/9294"}],"wp:attachment":[{"href":"https:\/\/ryinz.cz\/velkoobchod\/pl\/wp-json\/wp\/v2\/media?parent=9199"}],"wp:term":[{"taxonomy":"product_brand","embeddable":true,"href":"https:\/\/ryinz.cz\/velkoobchod\/pl\/wp-json\/wp\/v2\/product_brand?post=9199"},{"taxonomy":"product_cat","embeddable":true,"href":"https:\/\/ryinz.cz\/velkoobchod\/pl\/wp-json\/wp\/v2\/product_cat?post=9199"},{"taxonomy":"product_tag","embeddable":true,"href":"https:\/\/ryinz.cz\/velkoobchod\/pl\/wp-json\/wp\/v2\/product_tag?post=9199"}],"curies":[{"name":"wp","href":"https:\/\/api.w.org\/{rel}","templated":true}]}}