{"id":9198,"date":"2025-08-26T11:48:35","date_gmt":"2025-08-26T11:48:35","guid":{"rendered":"https:\/\/ryinz.cz\/velkoobchod\/?post_type=product&#038;p=9198"},"modified":"2026-01-18T20:18:13","modified_gmt":"2026-01-18T20:18:13","slug":"ryinz-ogrzewane-zimowe-rekawice-motocyklowe-z-ekranem-dotykowym-ipora-km076-izolacja-dla-sprzedazy-detalicznej-hurtowej","status":"publish","type":"product","link":"https:\/\/ryinz.cz\/velkoobchod\/pl\/product\/ryinz-heated-winter-motorcycle-gloves-with-touchscreen-fingertip-ipora-km076-insulation-for-retail-wholesale\/","title":{"rendered":"RYINZ Podgrzewane zimowe r\u0119kawice motocyklowe z ekranem dotykowym, iPora + izolacja KM076 dla handlu detalicznego i hurtowego"},"content":{"rendered":"<p data-start=\"856\" data-end=\"979\"><strong data-start=\"856\" data-end=\"979\">Podgrzewane zimowe r\u0119kawice motocyklowe RYINZ - zaawansowane technologicznie ciep\u0142o i ochrona dla sprzedawc\u00f3w detalicznych, dystrybutor\u00f3w i kierowc\u00f3w je\u017cd\u017c\u0105cych w niskich temperaturach<\/strong><\/p>\n<p data-start=\"981\" data-end=\"1296\">Dla rowerzyst\u00f3w, kt\u00f3rzy stawiaj\u0105 czo\u0142a najzimniejszym warunkom <strong data-start=\"1030\" data-end=\"1060\">Podgrzewane r\u0119kawice zimowe RYINZ<\/strong> oferuj\u0105 zaawansowan\u0105 technologi\u0119 i solidn\u0105 jako\u015b\u0107 wykonania. Idealny zar\u00f3wno do dystrybucji hurtowej, jak i sprzeda\u017cy B2C, ten model r\u0119kawic \u0142\u0105czy nowoczesn\u0105 izolacj\u0119, ochron\u0119 przed warunkami atmosferycznymi i cyfrow\u0105 funkcjonalno\u015b\u0107 w eleganckim, niezawodnym rozwi\u0105zaniu do jazdy konnej.<\/p>\n<p data-start=\"1298\" data-end=\"1495\">Niezale\u017cnie od tego, czy zaopatrujesz sprzedawc\u00f3w odzie\u017cy motocyklowej, ekipy dostarczaj\u0105ce e-rowery, czy firmy zajmuj\u0105ce si\u0119 turystyk\u0105 przygodow\u0105, ten produkt zapewnia maksymalne ciep\u0142o i funkcjonalno\u015b\u0107 bez uszczerbku dla stylu i bezpiecze\u0144stwa.<\/p>\n<hr data-start=\"1497\" data-end=\"1500\" \/>\n<p data-start=\"1502\" data-end=\"1833\"><strong data-start=\"1502\" data-end=\"1549\">Kontrola termiczna - zintegrowany system ogrzewania<\/strong><br data-start=\"1549\" data-end=\"1552\" \/>R\u0119kawice te s\u0105 wyposa\u017cone w <strong data-start=\"1585\" data-end=\"1612\">wbudowany system ogrzewania<\/strong>, zaprojektowany do utrzymywania ciep\u0142a w mro\u017anym klimacie. Idealny do jazdy poni\u017cej zera, zimowych dojazd\u00f3w do pracy lub turystyki g\u00f3rskiej, system zapewnia sta\u0142e ciep\u0142o przez palce i d\u0142o\u0144, gdy jest zasilany przez pod\u0142\u0105czony akumulator.<\/p>\n<hr data-start=\"1835\" data-end=\"1838\" \/>\n<p data-start=\"1840\" data-end=\"2182\"><strong data-start=\"1840\" data-end=\"1895\">Izolacja iPora + KM076 - warstwa termiczna klasy premium<\/strong><br data-start=\"1895\" data-end=\"1898\" \/>Wewn\u0105trz r\u0119kawicy znajduje si\u0119 dwuwarstwowa kombinacja izolacji: <strong data-start=\"1953\" data-end=\"1982\">Wodoodporna membrana iPora<\/strong> utrzymuje d\u0142onie suche, blokuj\u0105c przedostawanie si\u0119 wilgoci, podczas gdy <strong data-start=\"2041\" data-end=\"2061\">Izolacja KM076<\/strong> zatrzymuje ciep\u0142o cia\u0142a, zapewniaj\u0105c d\u0142ugotrwa\u0142y komfort termiczny. Ta kombinacja zapewnia wysok\u0105 wydajno\u015b\u0107 w deszczu, \u015bniegu i oblodzonych warunkach.<\/p>\n<hr data-start=\"2184\" data-end=\"2187\" \/>\n<p data-start=\"2189\" data-end=\"2507\"><strong data-start=\"2189\" data-end=\"2241\">Syntetyczna d\u0142o\u0144 PU ze wzmocnieniem Serino Palm<\/strong><br data-start=\"2241\" data-end=\"2244\" \/>D\u0142o\u0144 jest zbudowana z <strong data-start=\"2273\" data-end=\"2297\">Sk\u00f3ra syntetyczna PU<\/strong> dla elastyczno\u015bci i przyczepno\u015bci, podczas gdy <strong data-start=\"2332\" data-end=\"2376\">Wzmocnienie d\u0142oni Serino w stylu pi\u0142karskim<\/strong> zwi\u0119ksza odporno\u015b\u0107 na \u015bcieranie i kontrol\u0119 chwytu, dzi\u0119ki czemu r\u0119kawice te s\u0105 idealne do intensywnego u\u017cytkowania przepustnicy lub hamulca w \u015bliskich warunkach.<\/p>\n<hr data-start=\"2509\" data-end=\"2512\" \/>\n<p data-start=\"2514\" data-end=\"2844\"><strong data-start=\"2514\" data-end=\"2565\">Elastyczny mankiet + zapi\u0119cie na rzep + uszczelnienie sznurkiem<\/strong><br data-start=\"2565\" data-end=\"2568\" \/>Rozszerzona konstrukcja mankietu obejmuje <strong data-start=\"2602\" data-end=\"2624\">rozci\u0105gliwy materia\u0142<\/strong>, a <strong data-start=\"2628\" data-end=\"2644\">Pasek na rzep<\/strong>, oraz <strong data-start=\"2650\" data-end=\"2672\">Prze\u0142\u0105czniki ze sznurkiem<\/strong> dla potr\u00f3jnego uszczelnienia pogodowego. Konstrukcja ta zapewnia, \u017ce wiatr, woda ani \u015bnieg nie przedostan\u0105 si\u0119 przez nadgarstek, zapewniaj\u0105c jednocze\u015bnie pe\u0142n\u0105 kompatybilno\u015b\u0107 z r\u0119kawami kurtki motocyklowej.<\/p>\n<hr data-start=\"2846\" data-end=\"2849\" \/>\n<p data-start=\"2851\" data-end=\"3166\"><strong data-start=\"2851\" data-end=\"2903\">Palec wskazuj\u0105cy ekranu dotykowego + odblaskowy panel tylny<\/strong><br data-start=\"2903\" data-end=\"2906\" \/>Wyposa\u017cony w <strong data-start=\"2922\" data-end=\"2949\">dotykowy koniuszek palca<\/strong>, Kierowcy mog\u0105 korzysta\u0107 z telefon\u00f3w, GPS i ekran\u00f3w dotykowych bez zdejmowania r\u0119kawic. Dodatkowo <strong data-start=\"3055\" data-end=\"3089\">tylny panel z materia\u0142u odblaskowego<\/strong> poprawia widoczno\u015b\u0107 w nocy, zwi\u0119kszaj\u0105c bezpiecze\u0144stwo na drodze w warunkach s\u0142abego o\u015bwietlenia.<\/p>\n<hr data-start=\"3168\" data-end=\"3171\" \/>\n<p data-start=\"3173\" data-end=\"3466\"><strong data-start=\"3173\" data-end=\"3217\">Ochrona ko\u0144c\u00f3wek palc\u00f3w PU + pancerz kostek<\/strong><br data-start=\"3217\" data-end=\"3220\" \/>Aby zapewni\u0107 zar\u00f3wno ciep\u0142o, jak i ochron\u0119, r\u0119kawice obejmuj\u0105 <strong data-start=\"3277\" data-end=\"3317\">Wzmocnienie palc\u00f3w z syntetycznego PU<\/strong> oraz <strong data-start=\"3324\" data-end=\"3356\">elastyczna p\u0142yta pancerza zwrotnicy<\/strong>, chroni\u0105c rowerzyst\u0119 przed nieoczekiwanymi uderzeniami i chroni\u0105c wra\u017cliwe stawy bez po\u015bwi\u0119cania komfortu.<\/p>\n<hr data-start=\"3468\" data-end=\"3471\" \/>\n<p data-start=\"3473\" data-end=\"3672\"><strong data-start=\"3473\" data-end=\"3516\">Zaprojektowany z my\u015bl\u0105 o sukcesie w sprzeda\u017cy detalicznej i hurtowej<\/strong><br data-start=\"3516\" data-end=\"3519\" \/>Dost\u0119pny w wielu rozmiarach i wspierany przez mark\u0119 RYINZ, model ten jest inteligentnym dodatkiem do ka\u017cdego zestawu zimowego sprz\u0119tu je\u017adzieckiego. Szczeg\u00f3lnie nadaje si\u0119 do:<\/p>\n<ul data-start=\"3674\" data-end=\"3900\">\n<li data-start=\"3674\" data-end=\"3718\">\n<p data-start=\"3676\" data-end=\"3718\">Sprzedawcy motocykli i sklepy sportowe<\/p>\n<\/li>\n<li data-start=\"3719\" data-end=\"3761\">\n<p data-start=\"3721\" data-end=\"3761\">Hurtowi dostawcy sprz\u0119tu w ca\u0142ej Europie<\/p>\n<\/li>\n<li data-start=\"3762\" data-end=\"3804\">\n<p data-start=\"3764\" data-end=\"3804\">Sprzedawcy produkt\u00f3w bezpiecze\u0144stwa zgodnych z CE<\/p>\n<\/li>\n<li data-start=\"3805\" data-end=\"3853\">\n<p data-start=\"3807\" data-end=\"3853\">Zimowe kolekcje B2B odzie\u017cy motocyklowej<\/p>\n<\/li>\n<li data-start=\"3854\" data-end=\"3900\">\n<p data-start=\"3856\" data-end=\"3900\">Operatorzy wycieczek d\u0142ugodystansowych lub \u015bnie\u017cnych<\/p>\n<\/li>\n<\/ul>","protected":false},"excerpt":{"rendered":"<p>Zmierz si\u0119 z ujemnymi temperaturami w ogrzewanych r\u0119kawicach motocyklowych RYINZ, zaprojektowanych z syntetycznymi d\u0142o\u0144mi PU, wzmocnieniami Serino, wodoodporno\u015bci\u0105 iPora i izolacj\u0105 KM076. R\u0119kawice te posiadaj\u0105 wbudowany system grzewczy, dotykowy palec wskazuj\u0105cy, odblaskowy elastyczny materia\u0142 z ty\u0142u oraz bezpieczny mankiet na rzep z regulacj\u0105. Model ten, idealny dla rowerzyst\u00f3w, pracownik\u00f3w dostawczych i poszukiwaczy zimowych przyg\u00f3d, jest doskona\u0142ym wyborem dla odbiorc\u00f3w hurtowych i sprzedawc\u00f3w sprz\u0119tu ochronnego w ca\u0142ej Europie.<\/p>","protected":false},"featured_media":9293,"comment_status":"closed","ping_status":"closed","template":"","meta":[],"product_brand":[35],"product_cat":[1111,380,122,68],"product_tag":[373,374,375,376,377,378,379,381,382,383,384,385,386,387,388],"class_list":{"0":"post-9198","1":"product","2":"type-product","3":"status-publish","4":"has-post-thumbnail","6":"product_brand-ryinz","7":"product_cat-motorbike","8":"product_cat-motorbike-gloves","9":"product_cat-motorbike-racing-gloves","10":"product_cat-ryinz","11":"product_tag-breathable-protective-gloves-for-long-rides","12":"product_tag-bright-color-gloves-for-road-safety-and-visibility","13":"product_tag-ce-certified-gloves-for-eu-motorcycle-safety","14":"product_tag-en13594-motorcycle-gloves-with-tpu-armor","15":"product_tag-eva-rubber-reinforced-tactical-gloves","16":"product_tag-goatskin-leather-motorcycle-gloves-for-retailers","17":"product_tag-high-visibility-biker-gloves-with-safety-features","18":"product_tag-motorcycle-gloves-with-foam-padded-palm","19":"product_tag-premium-riding-gloves-for-distribution","20":"product_tag-protective-riding-gloves-for-street-and-off-road","21":"product_tag-tactical-motorcycle-gloves-for-wholesale","22":"product_tag-tpu-knuckle-protected-gloves-for-motorcyclists","23":"product_tag-twill-back-biker-gloves-with-leather-palm","24":"product_tag-velcro-closure-motorcycle-gloves-for-fit","25":"product_tag-wholesale-riding-gloves-for-european-suppliers","27":"first","28":"instock","29":"taxable","30":"shipping-taxable","31":"purchasable","32":"product-type-simple"},"_links":{"self":[{"href":"https:\/\/ryinz.cz\/velkoobchod\/pl\/wp-json\/wp\/v2\/product\/9198","targetHints":{"allow":["GET"]}}],"collection":[{"href":"https:\/\/ryinz.cz\/velkoobchod\/pl\/wp-json\/wp\/v2\/product"}],"about":[{"href":"https:\/\/ryinz.cz\/velkoobchod\/pl\/wp-json\/wp\/v2\/types\/product"}],"replies":[{"embeddable":true,"href":"https:\/\/ryinz.cz\/velkoobchod\/pl\/wp-json\/wp\/v2\/comments?post=9198"}],"wp:featuredmedia":[{"embeddable":true,"href":"https:\/\/ryinz.cz\/velkoobchod\/pl\/wp-json\/wp\/v2\/media\/9293"}],"wp:attachment":[{"href":"https:\/\/ryinz.cz\/velkoobchod\/pl\/wp-json\/wp\/v2\/media?parent=9198"}],"wp:term":[{"taxonomy":"product_brand","embeddable":true,"href":"https:\/\/ryinz.cz\/velkoobchod\/pl\/wp-json\/wp\/v2\/product_brand?post=9198"},{"taxonomy":"product_cat","embeddable":true,"href":"https:\/\/ryinz.cz\/velkoobchod\/pl\/wp-json\/wp\/v2\/product_cat?post=9198"},{"taxonomy":"product_tag","embeddable":true,"href":"https:\/\/ryinz.cz\/velkoobchod\/pl\/wp-json\/wp\/v2\/product_tag?post=9198"}],"curies":[{"name":"wp","href":"https:\/\/api.w.org\/{rel}","templated":true}]}}