{"id":9197,"date":"2025-06-22T15:32:50","date_gmt":"2025-06-22T15:32:50","guid":{"rendered":"https:\/\/ryinz.cz\/velkoobchod\/?post_type=product&#038;p=9197"},"modified":"2026-01-18T20:18:12","modified_gmt":"2026-01-18T20:18:12","slug":"ryinz-hurtowa-sprzedaz-detaliczna-czarnych-pancernych-rekawic-jezdzieckich-z-ochrona-z-koziej-skory-pvc-dla-dealerow-rowerowych","status":"publish","type":"product","link":"https:\/\/ryinz.cz\/velkoobchod\/pl\/product\/ryinz-wholesale-retail-black-armored-riding-gloves-with-pvc-goat-leather-protection-for-bikers-dealers\/","title":{"rendered":"RYINZ Sprzeda\u017c hurtowa i detaliczna Czarne pancerne r\u0119kawice je\u017adzieckie z ochron\u0105 z PVC i koziej sk\u00f3ry dla motocyklist\u00f3w i dealer\u00f3w"},"content":{"rendered":"<p data-start=\"834\" data-end=\"946\"><strong data-start=\"834\" data-end=\"946\">W pe\u0142ni ochronne, pancerne r\u0119kawice motocyklowe RYINZ - zaprojektowane z my\u015bl\u0105 o agresywnej je\u017adzie, turystyce i dystrybucji B2B<\/strong><\/p>\n<p data-start=\"948\" data-end=\"1314\">Stworzony dla rowerzyst\u00f3w, kt\u00f3rzy wymagaj\u0105 ekstremalnej ochrony, trwa\u0142o\u015bci i mocy wizualnej. <strong data-start=\"1029\" data-end=\"1060\">Pancerne r\u0119kawice je\u017adzieckie RYINZ<\/strong> s\u0105 stworzone do pracy pod presj\u0105. Od miejskich ulic po autostrady, r\u0119kawice te \u0142\u0105cz\u0105 zaawansowane technologie bezpiecze\u0144stwa z wysokiej jako\u015bci materia\u0142ami, co czyni je idealnym wyborem dla hurtownik\u00f3w, sprzedawc\u00f3w i prywatnych kolekcji sprz\u0119tu motocyklowego.<\/p>\n<p data-start=\"1316\" data-end=\"1650\"><strong data-start=\"1316\" data-end=\"1381\">Wytrzyma\u0142a konstrukcja - po\u0142\u0105czenie sk\u00f3ry i materia\u0142u Cordura<\/strong><br data-start=\"1381\" data-end=\"1384\" \/>R\u0119kawice te charakteryzuj\u0105 si\u0119 <strong data-start=\"1414\" data-end=\"1437\">Ty\u0142 z tkaniny Cordura<\/strong>, Zosta\u0142a ona wybrana ze wzgl\u0119du na jej wytrzyma\u0142o\u015b\u0107 i odporno\u015b\u0107 na rozdarcia i warunki pogodowe. Strona d\u0142oniowa jest wykonana z <strong data-start=\"1539\" data-end=\"1572\">p\u00f3\u0142anilinowa sk\u00f3ra kozia<\/strong>, oferuj\u0105c mi\u0119kk\u0105, ale odporn\u0105 na \u015bcieranie powierzchni\u0119 zapewniaj\u0105c\u0105 wysok\u0105 wydajno\u015b\u0107 w kontakcie.<\/p>\n<p data-start=\"1652\" data-end=\"1891\">Kciuk i obszar siode\u0142ka s\u0105 wzmocnione za pomoc\u0105 <strong data-start=\"1697\" data-end=\"1719\">Sk\u00f3ra Cow Design<\/strong>, zapewniaj\u0105c lepsz\u0105 przyczepno\u015b\u0107 i odporno\u015b\u0107 na zu\u017cycie podczas obs\u0142ugi sprz\u0119g\u0142a i przepustnicy. Materia\u0142y te wsp\u00f3\u0142graj\u0105 ze sob\u0105, zapewniaj\u0105c responsywne, dok\u0142adne i bardzo trwa\u0142e dopasowanie r\u0119kawic.<\/p>\n<p data-start=\"1893\" data-end=\"2206\"><strong data-start=\"1893\" data-end=\"1949\">Najwy\u017csza ochrona - PVC + harmonijkowe os\u0142ony kostek<\/strong><br data-start=\"1949\" data-end=\"1952\" \/>G\u00f3rna cz\u0119\u015b\u0107 r\u0119kawicy zawiera <strong data-start=\"1984\" data-end=\"2017\">Os\u0142ona kostek z gumowanego PVC<\/strong> Zaprojektowany w stylu harmonijki dla maksymalnej elastyczno\u015bci i pokrycia. Ten obszar o wysokiej odporno\u015bci na uderzenia chroni przed bezpo\u015brednimi kolizjami i otarciami, dzi\u0119ki czemu jest idealny dla je\u017ad\u017ac\u00f3w sportowych i przygodowych.<\/p>\n<p data-start=\"2208\" data-end=\"2443\">Ponadto, <strong data-start=\"2221\" data-end=\"2261\">Gumowane os\u0142ony kostek palc\u00f3w z PVC<\/strong> s\u0105 zintegrowane z ka\u017cdym stawem palca, aby zwi\u0119kszy\u0107 bezpiecze\u0144stwo przy jednoczesnym zachowaniu zr\u0119czno\u015bci. Te cechy zapewniaj\u0105 solidn\u0105 ochron\u0119 pod ka\u017cdym k\u0105tem podczas szybkiej lub agresywnej jazdy.<\/p>\n<p data-start=\"2445\" data-end=\"2729\"><strong data-start=\"2445\" data-end=\"2498\">Komfort i oddychalno\u015b\u0107 - wn\u0119trze wy\u015bcie\u0142ane trykotem<\/strong><br data-start=\"2498\" data-end=\"2501\" \/>Wewn\u0105trz r\u0119kawice s\u0105 wyposa\u017cone w <strong data-start=\"2538\" data-end=\"2560\">Mi\u0119kka trykotowa podszewka<\/strong>, kt\u00f3ry pomaga odprowadza\u0107 wilgo\u0107 z d\u0142oni, zapewniaj\u0105c jednocze\u015bnie ciep\u0142\u0105, woln\u0105 od podra\u017cnie\u0144 powierzchni\u0119. Dzi\u0119ki temu nadaj\u0105 si\u0119 do ca\u0142orocznych przeja\u017cd\u017cek lub d\u0142ugich godzin noszenia.<\/p>\n<p data-start=\"2731\" data-end=\"3013\"><strong data-start=\"2731\" data-end=\"2767\">Odblaskowa lam\u00f3wka zapewniaj\u0105ca widoczno\u015b\u0107<\/strong><br data-start=\"2767\" data-end=\"2770\" \/>Zintegrowany <strong data-start=\"2781\" data-end=\"2802\">odblaskowe orurowanie<\/strong> Wzd\u0142u\u017c tylnej cz\u0119\u015bci r\u0119kawicy poprawia widoczno\u015b\u0107 podczas nocnych przeja\u017cd\u017cek lub we mgle. Niewielka, ale kluczowa funkcja bezpiecze\u0144stwa, kt\u00f3ra przyczynia si\u0119 do zwi\u0119kszenia \u015bwiadomo\u015bci na drodze bez uszczerbku dla ukrytej estetyki r\u0119kawic.<\/p>\n<p data-start=\"3015\" data-end=\"3310\"><strong data-start=\"3015\" data-end=\"3072\">Indywidualne dopasowanie - zapi\u0119cie na rzep z p\u00f3\u0142anilinowej koziej sk\u00f3ry<\/strong><br data-start=\"3072\" data-end=\"3075\" \/>Regulowany nadgarstek posiada <strong data-start=\"3107\" data-end=\"3149\">Pasek na rzep z p\u00f3\u0142anilinowej koziej sk\u00f3ry<\/strong>, i wyt\u0142oczone logo RYINZ, aby zapewni\u0107 najwy\u017csz\u0105 jako\u015b\u0107 brandingu. Zamkni\u0119cie zapewnia \u015bcis\u0142e i dopasowane dopasowanie do ka\u017cdego rozmiaru d\u0142oni i pomaga blokowa\u0107 przedostawanie si\u0119 wiatru i kurzu.<\/p>\n<p data-start=\"3312\" data-end=\"3337\"><strong data-start=\"3312\" data-end=\"3335\">Idealne zastosowania:<\/strong><\/p>\n<ul data-start=\"3338\" data-end=\"3619\">\n<li data-start=\"3338\" data-end=\"3374\">\n<p data-start=\"3340\" data-end=\"3374\">Motocykle sportowe i naked bike<\/p>\n<\/li>\n<li data-start=\"3375\" data-end=\"3420\">\n<p data-start=\"3377\" data-end=\"3420\">Motocyklowy sprz\u0119t turystyczny i d\u0142ugodystansowy<\/p>\n<\/li>\n<li data-start=\"3421\" data-end=\"3469\">\n<p data-start=\"3423\" data-end=\"3469\">Sklepy sportowe i sprzedawcy sprz\u0119tu ochronnego<\/p>\n<\/li>\n<li data-start=\"3470\" data-end=\"3519\">\n<p data-start=\"3472\" data-end=\"3519\">Produkcja OEM markowej odzie\u017cy motocyklowej<\/p>\n<\/li>\n<li data-start=\"3520\" data-end=\"3568\">\n<p data-start=\"3522\" data-end=\"3568\">Dystrybutorzy z UE poszukuj\u0105cy r\u0119kawic zgodnych z CE<\/p>\n<\/li>\n<li data-start=\"3569\" data-end=\"3619\">\n<p data-start=\"3571\" data-end=\"3619\">Kupcy hurtowi zaopatruj\u0105cy linie sprz\u0119tu przygodowego<\/p>\n<\/li>\n<\/ul>\n<p data-start=\"3621\" data-end=\"3646\"><strong data-start=\"3621\" data-end=\"3644\">Najwa\u017cniejsze funkcje:<\/strong><\/p>\n<ul data-start=\"3647\" data-end=\"4068\">\n<li data-start=\"3647\" data-end=\"3678\">\n<p data-start=\"3649\" data-end=\"3678\">Wytrzyma\u0142y ty\u0142 z tkaniny Cordura<\/p>\n<\/li>\n<li data-start=\"3679\" data-end=\"3723\">\n<p data-start=\"3681\" data-end=\"3723\">D\u0142o\u0144 i kciuk z p\u00f3\u0142anilinowej koziej sk\u00f3ry<\/p>\n<\/li>\n<li data-start=\"3724\" data-end=\"3760\">\n<p data-start=\"3726\" data-end=\"3760\">Wzmocnienie siod\u0142a ze sk\u00f3ry bydl\u0119cej<\/p>\n<\/li>\n<li data-start=\"3761\" data-end=\"3802\">\n<p data-start=\"3763\" data-end=\"3802\">Ochraniacze kostek z PVC w stylu harmonijki<\/p>\n<\/li>\n<li data-start=\"3803\" data-end=\"3836\">\n<p data-start=\"3805\" data-end=\"3836\">Ochraniacze kostek palc\u00f3w z PVC<\/p>\n<\/li>\n<li data-start=\"3837\" data-end=\"3881\">\n<p data-start=\"3839\" data-end=\"3881\">Wewn\u0119trzna podszewka z trykotu zapewnia komfort wilgoci<\/p>\n<\/li>\n<li data-start=\"3882\" data-end=\"3924\">\n<p data-start=\"3884\" data-end=\"3924\">Odblaskowa lam\u00f3wka zapewniaj\u0105ca widoczno\u015b\u0107 w nocy<\/p>\n<\/li>\n<li data-start=\"3925\" data-end=\"3973\">\n<p data-start=\"3927\" data-end=\"3973\">Mankiet na rzep z logo TPR i sk\u00f3rzanym wyko\u0144czeniem<\/p>\n<\/li>\n<li data-start=\"3974\" data-end=\"4014\">\n<p data-start=\"3976\" data-end=\"4014\">Ergonomiczny uchwyt wzmocniony na d\u0142oni<\/p>\n<\/li>\n<li data-start=\"4015\" data-end=\"4068\">\n<p data-start=\"4017\" data-end=\"4068\">Zaprojektowany z my\u015bl\u0105 o wydajno\u015bci, elastyczno\u015bci i bezpiecze\u0144stwie<\/p>\n<\/li>\n<\/ul>\n<p data-start=\"4070\" data-end=\"4309\">Ta r\u0119kawica \u0142\u0105czy <strong data-start=\"4088\" data-end=\"4107\">projekt taktyczny<\/strong> z <strong data-start=\"4113\" data-end=\"4141\">Europejskie funkcje bezpiecze\u0144stwa<\/strong>, oferuj\u0105c wyj\u0105tkow\u0105 warto\u015b\u0107 dla dystrybutor\u00f3w lub sprzedawc\u00f3w detalicznych, kt\u00f3rzy potrzebuj\u0105 niezawodnych, uniwersalnych r\u0119kawic motocyklowych, kt\u00f3re mog\u0105 spodoba\u0107 si\u0119 zar\u00f3wno profesjonalistom, jak i motocyklistom.<\/p>","protected":false},"excerpt":{"rendered":"<p data-start=\"255\" data-end=\"783\">Opancerzone r\u0119kawice motocyklowe RYINZ zapewniaj\u0105 solidn\u0105 ochron\u0119 dzi\u0119ki p\u00f3\u0142-anilinowej sk\u00f3rze GoatSkin, wzmocnionym skorupom z PVC i gumowanym knykciom oraz trwa\u0142o\u015bci na bazie Cordury. Zaprojektowane z my\u015bl\u0105 o agresywnej je\u017adzie i d\u0142ugodystansowych wycieczkach, r\u0119kawice te posiadaj\u0105 pancerz na palcach, odblaskowe lam\u00f3wki, mankiet z logo TPR oraz ergonomiczne wzmocnienia siod\u0142a na d\u0142oni i kciuku. Idealne dla sprzedawc\u00f3w motocykli, dystrybutor\u00f3w i odbiorc\u00f3w hurtowych B2B poszukuj\u0105cych wydajno\u015bci klasy CE z wyko\u0144czeniem z materia\u0142\u00f3w premium.<\/p>","protected":false},"featured_media":9292,"comment_status":"closed","ping_status":"closed","template":"","meta":[],"product_brand":[35],"product_cat":[1111,380,122,68],"product_tag":[373,374,375,376,377,378,379,381,382,383,384,385,386,387,388],"class_list":{"0":"post-9197","1":"product","2":"type-product","3":"status-publish","4":"has-post-thumbnail","6":"product_brand-ryinz","7":"product_cat-motorbike","8":"product_cat-motorbike-gloves","9":"product_cat-motorbike-racing-gloves","10":"product_cat-ryinz","11":"product_tag-breathable-protective-gloves-for-long-rides","12":"product_tag-bright-color-gloves-for-road-safety-and-visibility","13":"product_tag-ce-certified-gloves-for-eu-motorcycle-safety","14":"product_tag-en13594-motorcycle-gloves-with-tpu-armor","15":"product_tag-eva-rubber-reinforced-tactical-gloves","16":"product_tag-goatskin-leather-motorcycle-gloves-for-retailers","17":"product_tag-high-visibility-biker-gloves-with-safety-features","18":"product_tag-motorcycle-gloves-with-foam-padded-palm","19":"product_tag-premium-riding-gloves-for-distribution","20":"product_tag-protective-riding-gloves-for-street-and-off-road","21":"product_tag-tactical-motorcycle-gloves-for-wholesale","22":"product_tag-tpu-knuckle-protected-gloves-for-motorcyclists","23":"product_tag-twill-back-biker-gloves-with-leather-palm","24":"product_tag-velcro-closure-motorcycle-gloves-for-fit","25":"product_tag-wholesale-riding-gloves-for-european-suppliers","27":"first","28":"instock","29":"taxable","30":"shipping-taxable","31":"purchasable","32":"product-type-simple"},"_links":{"self":[{"href":"https:\/\/ryinz.cz\/velkoobchod\/pl\/wp-json\/wp\/v2\/product\/9197","targetHints":{"allow":["GET"]}}],"collection":[{"href":"https:\/\/ryinz.cz\/velkoobchod\/pl\/wp-json\/wp\/v2\/product"}],"about":[{"href":"https:\/\/ryinz.cz\/velkoobchod\/pl\/wp-json\/wp\/v2\/types\/product"}],"replies":[{"embeddable":true,"href":"https:\/\/ryinz.cz\/velkoobchod\/pl\/wp-json\/wp\/v2\/comments?post=9197"}],"wp:featuredmedia":[{"embeddable":true,"href":"https:\/\/ryinz.cz\/velkoobchod\/pl\/wp-json\/wp\/v2\/media\/9292"}],"wp:attachment":[{"href":"https:\/\/ryinz.cz\/velkoobchod\/pl\/wp-json\/wp\/v2\/media?parent=9197"}],"wp:term":[{"taxonomy":"product_brand","embeddable":true,"href":"https:\/\/ryinz.cz\/velkoobchod\/pl\/wp-json\/wp\/v2\/product_brand?post=9197"},{"taxonomy":"product_cat","embeddable":true,"href":"https:\/\/ryinz.cz\/velkoobchod\/pl\/wp-json\/wp\/v2\/product_cat?post=9197"},{"taxonomy":"product_tag","embeddable":true,"href":"https:\/\/ryinz.cz\/velkoobchod\/pl\/wp-json\/wp\/v2\/product_tag?post=9197"}],"curies":[{"name":"wp","href":"https:\/\/api.w.org\/{rel}","templated":true}]}}