{"id":9196,"date":"2025-08-26T11:48:34","date_gmt":"2025-08-26T11:48:34","guid":{"rendered":"https:\/\/ryinz.cz\/velkoobchod\/?post_type=product&#038;p=9196"},"modified":"2026-01-18T20:18:11","modified_gmt":"2026-01-18T20:18:11","slug":"ryinz-wszystkie-czarne-ochronne-rekawice-motocyklowe-do-sprzedazy-hurtowej-z-piankowa-wysciolka-dloni-i-pancerzem-eva-tpu","status":"publish","type":"product","link":"https:\/\/ryinz.cz\/velkoobchod\/pl\/product\/ryinz-all-black-protective-motorcycle-gloves-for-retail-wholesale-with-foam-padded-palm-and-eva-tpu-armor\/","title":{"rendered":"Ca\u0142kowicie czarne ochronne r\u0119kawice motocyklowe RYINZ do sprzeda\u017cy detalicznej i hurtowej z wy\u015bcie\u0142an\u0105 piank\u0105 d\u0142oni\u0105 i pancerzem EVA + TPU"},"content":{"rendered":"<p data-start=\"887\" data-end=\"1000\"><strong data-start=\"887\" data-end=\"1000\">R\u0119kawice motocyklowe RYINZ All-Black - Usprawnione bezpiecze\u0144stwo i wygoda dla sprzedawc\u00f3w detalicznych, dystrybutor\u00f3w i nabywc\u00f3w z UE<\/strong><\/p>\n<p data-start=\"1002\" data-end=\"1363\">\u0141\u0105cz\u0105c czyst\u0105 estetyk\u0119 z solidnymi parametrami bezpiecze\u0144stwa <strong data-start=\"1064\" data-end=\"1101\">R\u0119kawice motocyklowe RYINZ All-Black<\/strong> s\u0105 idealne dla tych, kt\u00f3rzy ceni\u0105 sobie sprz\u0119t, kt\u00f3ry jest zar\u00f3wno stylowy, jak i subtelny. Zaprojektowany, aby sprosta\u0107 rosn\u0105cemu zapotrzebowaniu na minimalistyczne r\u0119kawice ochronne zar\u00f3wno w kana\u0142ach hurtowych, jak i detalicznych, model ten posiada certyfikat CE, jest odporny na uderzenia i wykonany z my\u015bl\u0105 o komforcie.<\/p>\n<p data-start=\"1365\" data-end=\"1532\">Niezale\u017cnie od tego, czy jeste\u015b sprzedawc\u0105 detalicznym obs\u0142uguj\u0105cym osoby doje\u017cd\u017caj\u0105ce do pracy w mie\u015bcie, czy hurtownikiem obs\u0142uguj\u0105cym europejskich dystrybutor\u00f3w, ta r\u0119kawica zapewnia zar\u00f3wno atrakcyjny wygl\u0105d, jak i praktyczn\u0105 funkcjonalno\u015b\u0107.<\/p>\n<p data-start=\"1534\" data-end=\"1872\"><strong data-start=\"1534\" data-end=\"1580\">Elastyczne i oddychaj\u0105ce plecy z twillu<\/strong><br data-start=\"1580\" data-end=\"1583\" \/>Zewn\u0119trzna warstwa r\u0119kawic jest wykonana z <strong data-start=\"1632\" data-end=\"1654\">wytrzyma\u0142a tkanina diagonalna<\/strong>, Materia\u0142 ten zosta\u0142 wybrany ze wzgl\u0119du na jego trwa\u0142o\u015b\u0107, elastyczno\u015b\u0107 i zdolno\u015b\u0107 do wentylacji pod ci\u015bnieniem. Dzi\u0119ki temu r\u0119kawice nadaj\u0105 si\u0119 do d\u0142ugich przeja\u017cd\u017cek lub zmiennych warunk\u00f3w pogodowych, szczeg\u00f3lnie wiosn\u0105, jesieni\u0105 lub w ch\u0142odniejsze letnie dni.<\/p>\n<p data-start=\"1874\" data-end=\"2197\"><strong data-start=\"1874\" data-end=\"1928\">Sk\u00f3rzane naszywki GoatSkin - strategiczne wzmocnienie<\/strong><br data-start=\"1928\" data-end=\"1931\" \/>Aby zwi\u0119kszy\u0107 odporno\u015b\u0107 na \u015bcieranie i wsparcie strukturalne, <strong data-start=\"1982\" data-end=\"2010\">Naszywki z koziej sk\u00f3ry<\/strong> s\u0105 zintegrowane z ty\u0142u palc\u00f3w. Obszary te maj\u0105 kluczowe znaczenie dla ochrony podczas upadk\u00f3w i ruch\u00f3w wymagaj\u0105cych du\u017cego tarcia, zapewniaj\u0105c d\u0142u\u017csz\u0105 \u017cywotno\u015b\u0107 produktu i wi\u0119ksze zaufanie u\u017cytkownika.<\/p>\n<p data-start=\"2199\" data-end=\"2561\"><strong data-start=\"2199\" data-end=\"2244\">Ochrona kostek TPU + gumowy pancerz EVA<\/strong><br data-start=\"2244\" data-end=\"2247\" \/>Zawodnicy skorzystaj\u0105 z wbudowanego <strong data-start=\"2283\" data-end=\"2304\">Os\u0142ona kostek z TPU<\/strong>, Zaprojektowany, aby absorbowa\u0107 bezpo\u015brednie uderzenia bez zwi\u0119kszania masy. Dodatkowo, <strong data-start=\"2373\" data-end=\"2402\">Wzmocnienia z gumy EVA<\/strong> na grzbiecie palc\u00f3w i mankiecie zwi\u0119kszaj\u0105 og\u00f3ln\u0105 absorpcj\u0119 wstrz\u0105s\u00f3w, dzi\u0119ki czemu r\u0119kawice nadaj\u0105 si\u0119 do u\u017cytku w \u015brodowiskach wysokiego ryzyka lub podczas szybkich przeja\u017cd\u017cek.<\/p>\n<p data-start=\"2563\" data-end=\"2900\"><strong data-start=\"2563\" data-end=\"2608\">D\u0142o\u0144 z koziej sk\u00f3ry z piankow\u0105 wy\u015bci\u00f3\u0142k\u0105<\/strong><br data-start=\"2608\" data-end=\"2611\" \/>Wn\u0119trze d\u0142oni r\u0119kawicy posiada <strong data-start=\"2642\" data-end=\"2671\">Nak\u0142adki z koziej sk\u00f3ry<\/strong> z wewn\u0119trznym <strong data-start=\"2686\" data-end=\"2702\">piankowa wy\u015bci\u00f3\u0142ka<\/strong>, redukuj\u0105c wibracje i zapewniaj\u0105c pewny chwyt podczas d\u0142u\u017cszych przeja\u017cd\u017cek. Niezale\u017cnie od tego, czy poruszasz si\u0119 w ruchu miejskim, czy po autostradach, to dodatkowe wsparcie minimalizuje zm\u0119czenie rowerzysty i poprawia kontrol\u0119 dotykow\u0105.<\/p>\n<p data-start=\"2902\" data-end=\"3199\"><strong data-start=\"2902\" data-end=\"2951\">Wygodne dopasowanie do nadgarstka - system zapi\u0119cia na rzep<\/strong><br data-start=\"2951\" data-end=\"2954\" \/>The <strong data-start=\"2958\" data-end=\"2998\">wyt\u0142aczany pasek na nadgarstek z rzepem GoatSkin<\/strong> oferuje regulowane, bezpieczne dopasowanie, kt\u00f3re utrzymuje r\u0119kawice na miejscu nawet podczas szybkiego ruchu. Wyd\u0142u\u017cony nadgarstek zapewnia odporno\u015b\u0107 na wiatr i ochron\u0119 bez zak\u0142\u00f3cania r\u0119kaw\u00f3w kurtki.<\/p>\n<p data-start=\"3201\" data-end=\"3492\"><strong data-start=\"3201\" data-end=\"3246\">Minimalistyczny design i maksymalna funkcjonalno\u015b\u0107<\/strong><br data-start=\"3246\" data-end=\"3249\" \/>Zaprojektowane w czystej, ca\u0142kowicie czarnej kolorystyce, r\u0119kawice te s\u0105 idealne dla rowerzyst\u00f3w, kt\u00f3rzy preferuj\u0105 niskoprofilowy wygl\u0105d. R\u0119kawice <strong data-start=\"3364\" data-end=\"3389\">subtelny branding RYINZ<\/strong> dzi\u0119ki czemu r\u0119kawice te pasuj\u0105 do ka\u017cdej konfiguracji sprz\u0119tu, w tym zar\u00f3wno nowoczesnych motocykli sportowych, jak i klasycznych motocykli.<\/p>\n<p data-start=\"3494\" data-end=\"3718\"><strong data-start=\"3494\" data-end=\"3516\">Dost\u0119pne warianty<\/strong><br data-start=\"3516\" data-end=\"3519\" \/>Model ten jest r\u00f3wnie\u017c dost\u0119pny w nast\u0119puj\u0105cych wersjach <strong data-start=\"3551\" data-end=\"3574\">czarny z czerwonym wyko\u0144czeniem<\/strong> oraz <strong data-start=\"3579\" data-end=\"3605\">czarny z \u017c\u00f3\u0142tym wyko\u0144czeniem<\/strong>, Pozwala to nabywcom na magazynowanie wielu wersji lub oferowanie wi\u0119kszej r\u00f3\u017cnorodno\u015bci klientom poszukuj\u0105cym r\u00f3\u017cnych akcent\u00f3w wizualnych.<\/p>\n<p data-start=\"3720\" data-end=\"3952\"><strong data-start=\"3720\" data-end=\"3768\">Certyfikat CE - zgodno\u015b\u0107 z normami EN420 i EN13594:2015<\/strong><br data-start=\"3768\" data-end=\"3771\" \/>Zgodne z europejskimi normami bezpiecze\u0144stwa, r\u0119kawice te s\u0105 <strong data-start=\"3830\" data-end=\"3875\">Certyfikat CE zgodnie z normami EN420 i EN13594:2015<\/strong>, zapewniaj\u0105c, \u017ce s\u0105 one prawnie zatwierdzone do u\u017cytku w motocyklach na rynku UE.<\/p>\n<p data-start=\"3954\" data-end=\"3976\"><strong data-start=\"3954\" data-end=\"3974\">Najlepszy wyb\u00f3r:<\/strong><\/p>\n<ul data-start=\"3977\" data-end=\"4266\">\n<li data-start=\"3977\" data-end=\"4013\">\n<p data-start=\"3979\" data-end=\"4013\">Osoby doje\u017cd\u017caj\u0105ce do pracy w mie\u015bcie i codzienni kierowcy<\/p>\n<\/li>\n<li data-start=\"4014\" data-end=\"4062\">\n<p data-start=\"4016\" data-end=\"4062\">Sklepy detaliczne oferuj\u0105ce minimalistyczny sprz\u0119t je\u017adziecki<\/p>\n<\/li>\n<li data-start=\"4063\" data-end=\"4118\">\n<p data-start=\"4065\" data-end=\"4118\">Marki motocyklowe oferuj\u0105ce akcesoria z certyfikatem CE<\/p>\n<\/li>\n<li data-start=\"4119\" data-end=\"4157\">\n<p data-start=\"4121\" data-end=\"4157\">Wiosenne i jesienne kolekcje sprz\u0119tu<\/p>\n<\/li>\n<li data-start=\"4158\" data-end=\"4234\">\n<p data-start=\"4160\" data-end=\"4234\">Dystrybutorzy i hurtownicy poszukuj\u0105cy uniwersalnych r\u0119kawic ochronnych<\/p>\n<\/li>\n<li data-start=\"4235\" data-end=\"4266\">\n<p data-start=\"4237\" data-end=\"4266\">Projekty OEM lub co-brandingowe<\/p>\n<\/li>\n<\/ul>\n<p data-start=\"4268\" data-end=\"4303\"><strong data-start=\"4268\" data-end=\"4301\">Cechy produktu w skr\u00f3cie:<\/strong><\/p>\n<ul data-start=\"4304\" data-end=\"4677\">\n<li data-start=\"4304\" data-end=\"4333\">\n<p data-start=\"4306\" data-end=\"4333\">Wytrzyma\u0142y ty\u0142 z tkaniny diagonalnej<\/p>\n<\/li>\n<li data-start=\"4334\" data-end=\"4376\">\n<p data-start=\"4336\" data-end=\"4376\">Wzmocnienia palc\u00f3w z koziej sk\u00f3ry<\/p>\n<\/li>\n<li data-start=\"4377\" data-end=\"4423\">\n<p data-start=\"4379\" data-end=\"4423\">Gumowy pancerz EVA na palcach i mankiecie nadgarstka<\/p>\n<\/li>\n<li data-start=\"4424\" data-end=\"4456\">\n<p data-start=\"4426\" data-end=\"4456\">Skorupa chroni\u0105ca kostki z TPU<\/p>\n<\/li>\n<li data-start=\"4457\" data-end=\"4494\">\n<p data-start=\"4459\" data-end=\"4494\">Wy\u015bcie\u0142ana piank\u0105 d\u0142o\u0144 z koziej sk\u00f3ry<\/p>\n<\/li>\n<li data-start=\"4495\" data-end=\"4528\">\n<p data-start=\"4497\" data-end=\"4528\">Regulowany pasek na nadgarstek na rzep<\/p>\n<\/li>\n<li data-start=\"4529\" data-end=\"4576\">\n<p data-start=\"4531\" data-end=\"4576\">Subtelny, ca\u0142kowicie czarny design z jasnym brandingiem<\/p>\n<\/li>\n<li data-start=\"4577\" data-end=\"4635\">\n<p data-start=\"4579\" data-end=\"4635\">Dost\u0119pne opcjonalne warianty kolorystyczne (czerwone lub \u017c\u00f3\u0142te wyko\u0144czenie)<\/p>\n<\/li>\n<li data-start=\"4636\" data-end=\"4677\">\n<p data-start=\"4638\" data-end=\"4677\">EN420 i EN13594:2015 Certyfikat CE<\/p>\n<\/li>\n<\/ul>\n<p data-start=\"4679\" data-end=\"4910\">The <strong data-start=\"4683\" data-end=\"4720\">R\u0119kawice motocyklowe RYINZ All-Black<\/strong> s\u0105 wszechstronnym i stylowym wyborem dla tych, kt\u00f3rzy chc\u0105 odzie\u017cy ochronnej bez krzykliwo\u015bci. Model obowi\u0105zkowy dla sklep\u00f3w, kt\u00f3re chc\u0105 przyci\u0105gn\u0105\u0107 nowoczesnych je\u017ad\u017ac\u00f3w i masowych nabywc\u00f3w w Europie i poza ni\u0105.<\/p>","protected":false},"excerpt":{"rendered":"<p>Ca\u0142kowicie czarne r\u0119kawice motocyklowe RYINZ to wszechstronny niezb\u0119dnik dla motocyklist\u00f3w i dostawc\u00f3w sprz\u0119tu poszukuj\u0105cych eleganckiego, ochronnego rozwi\u0105zania z certyfikatem CE. Zbudowane z grzbietu z tkaniny diagonalnej i wzmocnienia ze sk\u00f3ry GoatSkin, r\u0119kawice te s\u0105 wyposa\u017cone w gum\u0119 EVA i pancerz TPU na kostkach, wy\u015bcie\u0142an\u0105 d\u0142o\u0144 dla wygody na d\u0142ugich dystansach oraz wyt\u0142oczone zapi\u0119cie na rzep na nadgarstku dla dopasowanego dopasowania. Idealne dla odbiorc\u00f3w hurtowych i detalicznych koncentruj\u0105cych si\u0119 na sprz\u0119cie ochronnym o minimalistycznym designie. Certyfikowane zgodnie z normami EN420 i EN13594:2015 do u\u017cytku w ca\u0142ej UE.<\/p>","protected":false},"featured_media":9291,"comment_status":"closed","ping_status":"closed","template":"","meta":[],"product_brand":[35],"product_cat":[1111,380,122,68],"product_tag":[373,374,375,376,377,378,379,381,382,383,384,385,386,387,388],"class_list":{"0":"post-9196","1":"product","2":"type-product","3":"status-publish","4":"has-post-thumbnail","6":"product_brand-ryinz","7":"product_cat-motorbike","8":"product_cat-motorbike-gloves","9":"product_cat-motorbike-racing-gloves","10":"product_cat-ryinz","11":"product_tag-breathable-protective-gloves-for-long-rides","12":"product_tag-bright-color-gloves-for-road-safety-and-visibility","13":"product_tag-ce-certified-gloves-for-eu-motorcycle-safety","14":"product_tag-en13594-motorcycle-gloves-with-tpu-armor","15":"product_tag-eva-rubber-reinforced-tactical-gloves","16":"product_tag-goatskin-leather-motorcycle-gloves-for-retailers","17":"product_tag-high-visibility-biker-gloves-with-safety-features","18":"product_tag-motorcycle-gloves-with-foam-padded-palm","19":"product_tag-premium-riding-gloves-for-distribution","20":"product_tag-protective-riding-gloves-for-street-and-off-road","21":"product_tag-tactical-motorcycle-gloves-for-wholesale","22":"product_tag-tpu-knuckle-protected-gloves-for-motorcyclists","23":"product_tag-twill-back-biker-gloves-with-leather-palm","24":"product_tag-velcro-closure-motorcycle-gloves-for-fit","25":"product_tag-wholesale-riding-gloves-for-european-suppliers","27":"first","28":"instock","29":"taxable","30":"shipping-taxable","31":"purchasable","32":"product-type-simple"},"_links":{"self":[{"href":"https:\/\/ryinz.cz\/velkoobchod\/pl\/wp-json\/wp\/v2\/product\/9196","targetHints":{"allow":["GET"]}}],"collection":[{"href":"https:\/\/ryinz.cz\/velkoobchod\/pl\/wp-json\/wp\/v2\/product"}],"about":[{"href":"https:\/\/ryinz.cz\/velkoobchod\/pl\/wp-json\/wp\/v2\/types\/product"}],"replies":[{"embeddable":true,"href":"https:\/\/ryinz.cz\/velkoobchod\/pl\/wp-json\/wp\/v2\/comments?post=9196"}],"wp:featuredmedia":[{"embeddable":true,"href":"https:\/\/ryinz.cz\/velkoobchod\/pl\/wp-json\/wp\/v2\/media\/9291"}],"wp:attachment":[{"href":"https:\/\/ryinz.cz\/velkoobchod\/pl\/wp-json\/wp\/v2\/media?parent=9196"}],"wp:term":[{"taxonomy":"product_brand","embeddable":true,"href":"https:\/\/ryinz.cz\/velkoobchod\/pl\/wp-json\/wp\/v2\/product_brand?post=9196"},{"taxonomy":"product_cat","embeddable":true,"href":"https:\/\/ryinz.cz\/velkoobchod\/pl\/wp-json\/wp\/v2\/product_cat?post=9196"},{"taxonomy":"product_tag","embeddable":true,"href":"https:\/\/ryinz.cz\/velkoobchod\/pl\/wp-json\/wp\/v2\/product_tag?post=9196"}],"curies":[{"name":"wp","href":"https:\/\/api.w.org\/{rel}","templated":true}]}}