{"id":9186,"date":"2025-06-22T15:32:02","date_gmt":"2025-06-22T15:32:02","guid":{"rendered":"https:\/\/ryinz.cz\/velkoobchod\/?post_type=product&#038;p=9186"},"modified":"2026-01-18T20:18:10","modified_gmt":"2026-01-18T20:18:10","slug":"wodoodporne-zimowe-rekawice-motocyklowe-ryinz-do-sprzedazy-hurtowej-z-pancerzem-na-kostkach-i-pelna-oslona-rekawic","status":"publish","type":"product","link":"https:\/\/ryinz.cz\/velkoobchod\/pl\/product\/ryinz-waterproof-winter-motorcycle-gloves-for-retail-wholesale-with-knuckle-armor-and-full-gauntlet-coverage\/","title":{"rendered":"Wodoodporne zimowe r\u0119kawice motocyklowe RYINZ dla handlu detalicznego i hurtowego z pancerzem na kostkach i pe\u0142nym pokryciem r\u0119kawic"},"content":{"rendered":"<p data-start=\"903\" data-end=\"1026\"><strong data-start=\"903\" data-end=\"1026\">Wodoodporne zimowe r\u0119kawice motocyklowe RYINZ - izolowane r\u0119kawice z pe\u0142nym r\u0119kawem dla sprzedawc\u00f3w detalicznych, dystrybutor\u00f3w i kierowc\u00f3w turystycznych<\/strong><\/p>\n<p data-start=\"1028\" data-end=\"1408\">Gdy nadchodzi zimna pogoda, rowerzy\u015bci potrzebuj\u0105 sprz\u0119tu, kt\u00f3ry nie ogranicza ciep\u0142a, przyczepno\u015bci ani ochrony. The <strong data-start=\"1129\" data-end=\"1174\">Wodoodporne zimowe r\u0119kawice motocyklowe RYINZ<\/strong> zosta\u0142y zaprojektowane specjalnie w celu zaspokojenia tych potrzeb. R\u0119kawice te s\u0105 istotn\u0105 cz\u0119\u015bci\u0105 ka\u017cdej linii odzie\u017cy motocyklowej do sprzeda\u017cy w sezonie zimowym - niezale\u017cnie od tego, czy zaopatrujesz sprzedawc\u00f3w detalicznych, dystrybutor\u00f3w, czy oferujesz sprz\u0119t motocyklowy pod w\u0142asn\u0105 mark\u0105.<\/p>\n<p data-start=\"1410\" data-end=\"1830\"><strong data-start=\"1410\" data-end=\"1462\">Stworzony na ekstremalne warunki pogodowe - materia\u0142y ca\u0142oroczne<\/strong><br data-start=\"1462\" data-end=\"1465\" \/>Wykonane przy u\u017cyciu <strong data-start=\"1479\" data-end=\"1516\">Wytrzyma\u0142a tkanina odporna na warunki atmosferyczne<\/strong>, R\u0119kawice te zosta\u0142y zaprojektowane tak, aby blokowa\u0107 wiatr i odpycha\u0107 wod\u0119 podczas mokrych i \u015bnie\u017cnych przeja\u017cd\u017cek. Przed\u0142u\u017cony <strong data-start=\"1615\" data-end=\"1638\">mankiety z pe\u0142nym r\u0119kawem<\/strong> Zapewniaj\u0105 pe\u0142ne pokrycie poza nadgarstkiem, tworz\u0105c uszczelnienie, kt\u00f3re zapobiega przedostawaniu si\u0119 zimnego powietrza i wilgoci - co czyni je doskona\u0142ym wyborem do zimowych wycieczek i d\u0142ugodystansowych dojazd\u00f3w do pracy.<\/p>\n<p data-start=\"1832\" data-end=\"2196\"><strong data-start=\"1832\" data-end=\"1886\">Wzmocniona d\u0142o\u0144 z systemem Grip Control i piankow\u0105 wy\u015bci\u00f3\u0142k\u0105<\/strong><br data-start=\"1886\" data-end=\"1889\" \/>D\u0142o\u0144 r\u0119kawicy jest wykonana z po\u0142\u0105czenia <strong data-start=\"1934\" data-end=\"1987\">Sk\u00f3ra kozia i teksturowane wzmocnienia uchwyt\u00f3w<\/strong>, zapewniaj\u0105c zar\u00f3wno odporno\u015b\u0107 na \u015bcieranie, jak i pewn\u0105 kontrol\u0119 nad kierownic\u0105. Piankowa wy\u015bci\u00f3\u0142ka w strefach uderzenia \u0142agodzi wibracje i zmniejsza obci\u0105\u017cenie, idealna dla rowerzyst\u00f3w zmagaj\u0105cych si\u0119 z trudnym terenem lub sp\u0119dzaj\u0105cych wiele godzin w drodze.<\/p>\n<p data-start=\"2198\" data-end=\"2520\"><strong data-start=\"2198\" data-end=\"2238\">TPU Knuckle Armor dla maksymalnego bezpiecze\u0144stwa<\/strong><br data-start=\"2238\" data-end=\"2241\" \/>W miejscach nara\u017conych na uderzenia r\u0119kawice s\u0105 wyposa\u017cone w <strong data-start=\"2292\" data-end=\"2318\">Ochraniacze kostek TPU<\/strong>, W sk\u00f3rzanej i tekstylnej pow\u0142oce osadzone s\u0105 elementy zapewniaj\u0105ce strukturaln\u0105 ochron\u0119 przed uderzeniami i od\u0142amkami. G\u0142adkie kontury pozwalaj\u0105 na naturalne zginanie d\u0142oni, dzi\u0119ki czemu r\u0119kawice s\u0105 zar\u00f3wno bezpieczne, jak i elastyczne.<\/p>\n<p data-start=\"2522\" data-end=\"2889\"><strong data-start=\"2522\" data-end=\"2571\">Regulowane dopasowanie - podw\u00f3jny system ochrony nadgarstka<\/strong><br data-start=\"2571\" data-end=\"2574\" \/>Zaprojektowane z my\u015bl\u0105 o komforcie i mo\u017cliwo\u015bci dostosowania, r\u0119kawice te obejmuj\u0105 <strong data-start=\"2639\" data-end=\"2661\">Pasek na nadgarstek na rzep<\/strong> zapewniaj\u0105cy dok\u0142adne dopasowanie wewn\u0119trzne, a tak\u017ce <strong data-start=\"2701\" data-end=\"2742\">Zewn\u0119trzny elastyczny \u015bci\u0105gacz w mankiecie<\/strong> aby dodatkowo chroni\u0107 przed zimnym wiatrem lub przesi\u0105kaniem wody. Ten dwuwarstwowy system zamykania jest idealny dla rowerzyst\u00f3w nosz\u0105cych ci\u0119\u017ckie kurtki lub warstwowe r\u0119kawy.<\/p>\n<p data-start=\"2891\" data-end=\"3183\"><strong data-start=\"2891\" data-end=\"2929\">Ca\u0142odzienny komfort i kontrola wilgoci<\/strong><br data-start=\"2929\" data-end=\"2932\" \/>Podszyta <strong data-start=\"2943\" data-end=\"2966\">mi\u0119kki materia\u0142 termiczny<\/strong>, Te r\u0119kawice zapewniaj\u0105 doskona\u0142\u0105 izolacj\u0119, nie powoduj\u0105c gromadzenia si\u0119 potu. Oddychaj\u0105cy materia\u0142 utrzymuje ciep\u0142o, jednocze\u015bnie umo\u017cliwiaj\u0105c odprowadzanie wilgoci, dzi\u0119ki czemu d\u0142onie pozostaj\u0105 suche i wygodne podczas d\u0142ugich podr\u00f3\u017cy.<\/p>\n<p data-start=\"3185\" data-end=\"3411\"><strong data-start=\"3185\" data-end=\"3213\">Odblaskowa lam\u00f3wka Hi-Vis<\/strong><br data-start=\"3213\" data-end=\"3216\" \/>Subtelny, ale funkcjonalny, zintegrowany <strong data-start=\"3254\" data-end=\"3275\">odblaskowe orurowanie<\/strong> z ty\u0142u poprawia widoczno\u015b\u0107 podczas nocnych lub mglistych przeja\u017cd\u017cek, zwi\u0119kszaj\u0105c bezpiecze\u0144stwo bez uszczerbku dla eleganckiego, ca\u0142kowicie czarnego designu.<\/p>\n<p data-start=\"3413\" data-end=\"3435\"><strong data-start=\"3413\" data-end=\"3433\">Idealne przypadki u\u017cycia:<\/strong><\/p>\n<ul data-start=\"3436\" data-end=\"3663\">\n<li data-start=\"3436\" data-end=\"3470\">\n<p data-start=\"3438\" data-end=\"3470\">Jazda zim\u0105 i w niskich temperaturach<\/p>\n<\/li>\n<li data-start=\"3471\" data-end=\"3509\">\n<p data-start=\"3473\" data-end=\"3509\">Motocykle przygodowe i turystyczne<\/p>\n<\/li>\n<li data-start=\"3510\" data-end=\"3537\">\n<p data-start=\"3512\" data-end=\"3537\">D\u0142ugodystansowe dojazdy do pracy<\/p>\n<\/li>\n<li data-start=\"3538\" data-end=\"3570\">\n<p data-start=\"3540\" data-end=\"3570\">Profesjonalni kierowcy dostawczy<\/p>\n<\/li>\n<li data-start=\"3571\" data-end=\"3609\">\n<p data-start=\"3573\" data-end=\"3609\">Europejscy sprzedawcy sprz\u0119tu motocyklowego<\/p>\n<\/li>\n<li data-start=\"3610\" data-end=\"3663\">\n<p data-start=\"3612\" data-end=\"3663\">Hurtowe i prywatne programy r\u0119kawic zimowych<\/p>\n<\/li>\n<\/ul>\n<p data-start=\"3665\" data-end=\"3691\"><strong data-start=\"3665\" data-end=\"3689\">Dodatkowe funkcje:<\/strong><\/p>\n<ul data-start=\"3692\" data-end=\"4147\">\n<li data-start=\"3692\" data-end=\"3745\">\n<p data-start=\"3694\" data-end=\"3745\">Pe\u0142ne r\u0119kawice z przed\u0142u\u017con\u0105 os\u0142on\u0105 przed warunkami atmosferycznymi<\/p>\n<\/li>\n<li data-start=\"3746\" data-end=\"3785\">\n<p data-start=\"3748\" data-end=\"3785\">Wodoodporna konstrukcja pow\u0142oki zewn\u0119trznej<\/p>\n<\/li>\n<li data-start=\"3786\" data-end=\"3818\">\n<p data-start=\"3788\" data-end=\"3818\">Ochronna pow\u0142oka z TPU<\/p>\n<\/li>\n<li data-start=\"3819\" data-end=\"3873\">\n<p data-start=\"3821\" data-end=\"3873\">D\u0142o\u0144 z kozi\u0105 sk\u00f3r\u0105 i teksturowanymi obszarami chwytnymi<\/p>\n<\/li>\n<li data-start=\"3874\" data-end=\"3906\">\n<p data-start=\"3876\" data-end=\"3906\">Oddychaj\u0105ca podszewka izolacyjna<\/p>\n<\/li>\n<li data-start=\"3907\" data-end=\"3953\">\n<p data-start=\"3909\" data-end=\"3953\">Zapi\u0119cie na rzep i sznurek \u015bci\u0105gaj\u0105cy<\/p>\n<\/li>\n<li data-start=\"3954\" data-end=\"4001\">\n<p data-start=\"3956\" data-end=\"4001\">Odblaskowe akcenty zapewniaj\u0105ce widoczno\u015b\u0107 przy s\u0142abym o\u015bwietleniu<\/p>\n<\/li>\n<li data-start=\"4002\" data-end=\"4051\">\n<p data-start=\"4004\" data-end=\"4051\">Wzmocnione szwy zapewniaj\u0105 d\u0142ugotrwa\u0142\u0105 wytrzyma\u0142o\u015b\u0107<\/p>\n<\/li>\n<li data-start=\"4052\" data-end=\"4100\">\n<p data-start=\"4054\" data-end=\"4100\">Dost\u0119pne w r\u00f3\u017cnych rozmiarach dla kobiet i m\u0119\u017cczyzn<\/p>\n<\/li>\n<li data-start=\"4101\" data-end=\"4147\">\n<p data-start=\"4103\" data-end=\"4147\">Zgodny z CE i przeznaczony na rynki europejskie<\/p>\n<\/li>\n<\/ul>\n<p data-start=\"4149\" data-end=\"4375\">Niezale\u017cnie od tego, czy je\u017adzisz w deszczu, \u015bniegu, czy przy lodowatym wietrze. <strong data-start=\"4209\" data-end=\"4254\">Wodoodporne zimowe r\u0119kawice motocyklowe RYINZ<\/strong> oferuj\u0105 niezr\u00f3wnan\u0105 izolacj\u0119, bezpiecze\u0144stwo i wytrzyma\u0142y styl - co czyni je niezb\u0119dnym produktem w nast\u0119pnym sezonie.<\/p>","protected":false},"excerpt":{"rendered":"<p data-start=\"258\" data-end=\"852\">Wodoodporne zimowe r\u0119kawice motocyklowe RYINZ zapewniaj\u0105 ochron\u0119 i ciep\u0142o w ekstremalnych warunkach jazdy. Zaprojektowane z my\u015bl\u0105 o wydajno\u015bci i komforcie, te r\u0119kawice z pe\u0142nym r\u0119kawem maj\u0105 odporny na warunki atmosferyczne materia\u0142 zewn\u0119trzny, pancerz TPU na kostkach, wzmocnion\u0105 piank\u0105 wy\u015bci\u00f3\u0142k\u0119 d\u0142oni oraz regulowane zapi\u0119cia na nadgarstki i sznurek do \u015bci\u0105gania dla bezpiecznego, wiatroszczelnego dopasowania. Idealne dla kolarzy zimowych, os\u00f3b doje\u017cd\u017caj\u0105cych do pracy na d\u0142ugich dystansach i sklep\u00f3w ze sprz\u0119tem turystycznym, r\u0119kawice te zapewniaj\u0105 maksymaln\u0105 izolacj\u0119, przyczepno\u015b\u0107 i bezpiecze\u0144stwo - doskonale nadaj\u0105 si\u0119 zar\u00f3wno do sprzeda\u017cy hurtowej, jak i detalicznej w ca\u0142ej Europie.<\/p>","protected":false},"featured_media":9290,"comment_status":"closed","ping_status":"closed","template":"","meta":[],"product_brand":[35],"product_cat":[1111,380,122,68],"product_tag":[373,374,375,376,377,378,379,381,382,383,384,385,386,387,388],"class_list":{"0":"post-9186","1":"product","2":"type-product","3":"status-publish","4":"has-post-thumbnail","6":"product_brand-ryinz","7":"product_cat-motorbike","8":"product_cat-motorbike-gloves","9":"product_cat-motorbike-racing-gloves","10":"product_cat-ryinz","11":"product_tag-breathable-protective-gloves-for-long-rides","12":"product_tag-bright-color-gloves-for-road-safety-and-visibility","13":"product_tag-ce-certified-gloves-for-eu-motorcycle-safety","14":"product_tag-en13594-motorcycle-gloves-with-tpu-armor","15":"product_tag-eva-rubber-reinforced-tactical-gloves","16":"product_tag-goatskin-leather-motorcycle-gloves-for-retailers","17":"product_tag-high-visibility-biker-gloves-with-safety-features","18":"product_tag-motorcycle-gloves-with-foam-padded-palm","19":"product_tag-premium-riding-gloves-for-distribution","20":"product_tag-protective-riding-gloves-for-street-and-off-road","21":"product_tag-tactical-motorcycle-gloves-for-wholesale","22":"product_tag-tpu-knuckle-protected-gloves-for-motorcyclists","23":"product_tag-twill-back-biker-gloves-with-leather-palm","24":"product_tag-velcro-closure-motorcycle-gloves-for-fit","25":"product_tag-wholesale-riding-gloves-for-european-suppliers","27":"first","28":"instock","29":"taxable","30":"shipping-taxable","31":"purchasable","32":"product-type-simple"},"_links":{"self":[{"href":"https:\/\/ryinz.cz\/velkoobchod\/pl\/wp-json\/wp\/v2\/product\/9186","targetHints":{"allow":["GET"]}}],"collection":[{"href":"https:\/\/ryinz.cz\/velkoobchod\/pl\/wp-json\/wp\/v2\/product"}],"about":[{"href":"https:\/\/ryinz.cz\/velkoobchod\/pl\/wp-json\/wp\/v2\/types\/product"}],"replies":[{"embeddable":true,"href":"https:\/\/ryinz.cz\/velkoobchod\/pl\/wp-json\/wp\/v2\/comments?post=9186"}],"wp:featuredmedia":[{"embeddable":true,"href":"https:\/\/ryinz.cz\/velkoobchod\/pl\/wp-json\/wp\/v2\/media\/9290"}],"wp:attachment":[{"href":"https:\/\/ryinz.cz\/velkoobchod\/pl\/wp-json\/wp\/v2\/media?parent=9186"}],"wp:term":[{"taxonomy":"product_brand","embeddable":true,"href":"https:\/\/ryinz.cz\/velkoobchod\/pl\/wp-json\/wp\/v2\/product_brand?post=9186"},{"taxonomy":"product_cat","embeddable":true,"href":"https:\/\/ryinz.cz\/velkoobchod\/pl\/wp-json\/wp\/v2\/product_cat?post=9186"},{"taxonomy":"product_tag","embeddable":true,"href":"https:\/\/ryinz.cz\/velkoobchod\/pl\/wp-json\/wp\/v2\/product_tag?post=9186"}],"curies":[{"name":"wp","href":"https:\/\/api.w.org\/{rel}","templated":true}]}}