{"id":9185,"date":"2025-06-22T15:32:01","date_gmt":"2025-06-22T15:32:01","guid":{"rendered":"https:\/\/ryinz.cz\/velkoobchod\/?post_type=product&#038;p=9185"},"modified":"2026-01-18T20:18:08","modified_gmt":"2026-01-18T20:18:08","slug":"ryinz-detaliczna-sprzedaz-hurtowa-lekkich-rekawic-jezdzieckich-z-ekranem-dotykowym-i-ochrona-tpu-eva","status":"publish","type":"product","link":"https:\/\/ryinz.cz\/velkoobchod\/pl\/product\/ryinz-retail-wholesale-lightweight-riding-gloves-with-touchscreen-fingertip-and-tpu-eva-safety-protection\/","title":{"rendered":"RYINZ Sprzeda\u017c detaliczna i hurtowa Lekkie r\u0119kawice je\u017adzieckie z ekranem dotykowym i ochron\u0105 TPU + EVA"},"content":{"rendered":"<p data-start=\"892\" data-end=\"1001\"><strong data-start=\"892\" data-end=\"1001\">Lekkie r\u0119kawice motocyklowe RYINZ z funkcj\u0105 ekranu dotykowego - dla kierowc\u00f3w hurtowych, detalicznych i cyfrowych<\/strong><\/p>\n<p data-start=\"1003\" data-end=\"1377\">R\u0119kawice motocyklowe ewoluowa\u0142y - a <strong data-start=\"1044\" data-end=\"1079\">Lekkie r\u0119kawice je\u017adzieckie RYINZ<\/strong> s\u0105 doskona\u0142ym odzwierciedleniem tej ewolucji. Zaprojektowane z my\u015bl\u0105 o nowoczesnych motocyklistach, r\u0119kawice te stawiaj\u0105 na komfort, kontrol\u0119, cyfrow\u0105 u\u017cyteczno\u015b\u0107 i bezpiecze\u0144stwo, pozostaj\u0105c jednocze\u015bnie lekkimi i oddychaj\u0105cymi. Niezale\u017cnie od tego, czy jeste\u015b sprzedawc\u0105 detalicznym, dystrybutorem, czy sprzedawc\u0105 online, jest to idealny produkt do Twojego magazynu.<\/p>\n<p data-start=\"1379\" data-end=\"1678\"><strong data-start=\"1379\" data-end=\"1444\">Op\u0142ywowa konstrukcja - elastyczny i oddychaj\u0105cy ty\u0142 z twillu<\/strong><br data-start=\"1444\" data-end=\"1447\" \/>R\u0119kawice te posiadaj\u0105 <strong data-start=\"1470\" data-end=\"1491\">ty\u0142 z tkaniny diagonalnej<\/strong> kt\u00f3ra jest lekka, oddychaj\u0105ca i rozci\u0105gliwa. Zapewnia swobod\u0119 ruch\u00f3w i odpowiedni przep\u0142yw powietrza dla rowerzyst\u00f3w, kt\u00f3rzy sp\u0119dzaj\u0105 d\u0142ugie godziny w trasie lub u\u017cywaj\u0105 r\u0119kawic w ciep\u0142ych warunkach pogodowych.<\/p>\n<p data-start=\"1680\" data-end=\"1840\">\u017bywe czerwone akcenty i kolorowe wyko\u0144czenia dodaj\u0105 odwa\u017cnego, sportowego wygl\u0105du bez nadmiernej krzykliwo\u015bci, idealne zar\u00f3wno dla zwyk\u0142ych, jak i p\u00f3\u0142profesjonalnych rowerzyst\u00f3w.<\/p>\n<p data-start=\"1842\" data-end=\"2206\"><strong data-start=\"1842\" data-end=\"1901\">Os\u0142ona bezpiecze\u0144stwa z TPU i EVA - zintegrowana, ale lekka<\/strong><br data-start=\"1901\" data-end=\"1904\" \/>Bezpiecze\u0144stwo nie zosta\u0142o naruszone. <strong data-start=\"1937\" data-end=\"1963\">Ochrona kostek z TPU<\/strong> jest osadzona pod sko\u015bnym ty\u0142em, zapewniaj\u0105c amortyzacj\u0119 wstrz\u0105s\u00f3w podczas przypadkowych upadk\u00f3w lub gwa\u0142townych ruch\u00f3w. <strong data-start=\"2071\" data-end=\"2090\">Gumowe podk\u0142adki EVA<\/strong> Dodatkowe wzmocnienie r\u0119kawic na palcach i mankiecie nadgarstka dla lepszej ochrony przed st\u0142uczeniami i otarciami.<\/p>\n<p data-start=\"2208\" data-end=\"2337\">Funkcje te zosta\u0142y subtelnie zaprojektowane, aby zachowa\u0107 lekko\u015b\u0107 r\u0119kawicy, zapewniaj\u0105c jednocze\u015bnie wysokiej jako\u015bci obron\u0119 tam, gdzie ma to znaczenie.<\/p>\n<p data-start=\"2339\" data-end=\"2766\"><strong data-start=\"2339\" data-end=\"2406\">Palm Perfection - wzmocnienie z koziej sk\u00f3ry + wy\u015bci\u00f3\u0142ka z pianki<\/strong><br data-start=\"2406\" data-end=\"2409\" \/>D\u0142o\u0144 jest krytycznym obszarem dla przyczepno\u015bci i zu\u017cycia, a RYINZ rozwi\u0105zuje ten problem za pomoc\u0105 <strong data-start=\"2486\" data-end=\"2520\">Wzmocnienie z koziej sk\u00f3ry<\/strong> w strefach nara\u017conych na du\u017ce obci\u0105\u017cenia. Ponadto, <strong data-start=\"2564\" data-end=\"2580\">piankowa wy\u015bci\u00f3\u0142ka<\/strong> \u0142agodzi wibracje i poprawia kontrol\u0119 chwytu. Ten ergonomiczny uk\u0142ad zapewnia wygodne, antypo\u015blizgowe wra\u017cenia idealne do jazdy miejskiej, hulajn\u00f3g elektrycznych, kierowc\u00f3w dostawczych i rowerzyst\u00f3w g\u00f3rskich.<\/p>\n<p data-start=\"2768\" data-end=\"3041\"><strong data-start=\"2768\" data-end=\"2820\">Kompatybilny z ekranem dotykowym palec dla wygody<\/strong><br data-start=\"2820\" data-end=\"2823\" \/>Kluczowa cecha dla wsp\u00f3\u0142czesnego kierowcy: <strong data-start=\"2863\" data-end=\"2901\">wra\u017cliwy na dotyk palec wskazuj\u0105cy<\/strong> umo\u017cliwia p\u0142ynne korzystanie ze smartfon\u00f3w i urz\u0105dze\u0144 GPS bez konieczno\u015bci zdejmowania r\u0119kawicy. To sprawia, \u017ce produkt wyr\u00f3\u017cnia si\u0119 na rynku sprz\u0119tu cyfrowego.<\/p>\n<p data-start=\"3043\" data-end=\"3311\"><strong data-start=\"3043\" data-end=\"3091\">Regulowany pasek na nadgarstek z rzepem dla bezpiecznego dopasowania<\/strong><br data-start=\"3091\" data-end=\"3094\" \/>R\u0119kawice s\u0105 dostarczane z <strong data-start=\"3117\" data-end=\"3133\">Pasek na rzep<\/strong> dla spersonalizowanej regulacji nadgarstka, zapewniaj\u0105c, \u017ce pozostan\u0105 one bezpiecznie na miejscu nawet podczas intensywnych przeja\u017cd\u017cek lub szybkich postoj\u00f3w. Konstrukcja pomaga r\u00f3wnie\u017c chroni\u0107 przed kurzem, wiatrem i lekk\u0105 wilgoci\u0105.<\/p>\n<p data-start=\"3313\" data-end=\"3651\"><strong data-start=\"3313\" data-end=\"3361\">Warianty kolorystyczne i brandingowe dla szerszego zastosowania<\/strong><br data-start=\"3361\" data-end=\"3364\" \/>Dost\u0119pne w efektownych kolorach <strong data-start=\"3386\" data-end=\"3399\">czarny\/czerwony<\/strong>, <strong data-start=\"3401\" data-end=\"3417\">czarny\/\u017c\u00f3\u0142ty<\/strong>, oraz <strong data-start=\"3423\" data-end=\"3437\">czarny\/szary<\/strong>, R\u0119kawice te pozwalaj\u0105 kupuj\u0105cym wybra\u0107 produkt idealnie dopasowany do ich stylu. Wsp\u00f3lna marka z obydwoma <strong data-start=\"3536\" data-end=\"3545\">RYINZ<\/strong> oraz <strong data-start=\"3550\" data-end=\"3560\">Wiosna<\/strong> ten model jest gotowy zar\u00f3wno dla sprzedawc\u00f3w detalicznych wielu marek, jak i wy\u0142\u0105cznych dystrybutor\u00f3w B2B.<\/p>\n<p data-start=\"3653\" data-end=\"3927\"><strong data-start=\"3653\" data-end=\"3705\">Certyfikat wydajno\u015bci - EN420 i EN13594:2015<\/strong><br data-start=\"3705\" data-end=\"3708\" \/>Wszystkie r\u0119kawice RYINZ s\u0105 testowane pod k\u0105tem <strong data-start=\"3739\" data-end=\"3769\">Standardy certyfikacji CE<\/strong>, i ten model nie jest wyj\u0105tkiem. Zgodno\u015b\u0107 z <strong data-start=\"3818\" data-end=\"3844\">EN420 i EN13594:2015<\/strong>, Zapewnia prawne zatwierdzenie bezpiecze\u0144stwa sprzeda\u017cy i u\u017cytkowania w ca\u0142ej Unii Europejskiej.<\/p>\n<p data-start=\"3929\" data-end=\"3958\"><strong data-start=\"3929\" data-end=\"3956\">Idealne rynki i nabywcy:<\/strong><\/p>\n<ul data-start=\"3959\" data-end=\"4226\">\n<li data-start=\"3959\" data-end=\"3991\">\n<p data-start=\"3961\" data-end=\"3991\">Dystrybutorzy sprz\u0119tu ochronnego B2B<\/p>\n<\/li>\n<li data-start=\"3992\" data-end=\"4027\">\n<p data-start=\"3994\" data-end=\"4027\">Sklepy z odzie\u017c\u0105 sportow\u0105 i motocyklow\u0105<\/p>\n<\/li>\n<li data-start=\"4028\" data-end=\"4085\">\n<p data-start=\"4030\" data-end=\"4085\">Sprzedawcy internetowi poszukuj\u0105cy funkcjonalnych r\u0119kawiczek do jazdy konnej<\/p>\n<\/li>\n<li data-start=\"4086\" data-end=\"4138\">\n<p data-start=\"4088\" data-end=\"4138\">Hulajnogi elektryczne, rowery elektryczne i rowerzy\u015bci dostawczy<\/p>\n<\/li>\n<li data-start=\"4139\" data-end=\"4181\">\n<p data-start=\"4141\" data-end=\"4181\">Projekty OEM i markowe linie produkt\u00f3w<\/p>\n<\/li>\n<li data-start=\"4182\" data-end=\"4226\">\n<p data-start=\"4184\" data-end=\"4226\">Letnie kolekcje odzie\u017cy dla miejskich rowerzyst\u00f3w<\/p>\n<\/li>\n<\/ul>\n<p data-start=\"4228\" data-end=\"4259\"><strong data-start=\"4228\" data-end=\"4257\">Najwa\u017cniejsze cechy w skr\u00f3cie:<\/strong><\/p>\n<ul data-start=\"4260\" data-end=\"4683\">\n<li data-start=\"4260\" data-end=\"4302\">\n<p data-start=\"4262\" data-end=\"4302\">Lekki diagonalny ty\u0142 zapewnia wentylacj\u0119<\/p>\n<\/li>\n<li data-start=\"4303\" data-end=\"4346\">\n<p data-start=\"4305\" data-end=\"4346\">Os\u0142ony kostek z TPU dla ochrony przed wstrz\u0105sami<\/p>\n<\/li>\n<li data-start=\"4347\" data-end=\"4389\">\n<p data-start=\"4349\" data-end=\"4389\">Gumowa wy\u015bci\u00f3\u0142ka EVA na palcach i mankiecie<\/p>\n<\/li>\n<li data-start=\"4390\" data-end=\"4441\">\n<p data-start=\"4392\" data-end=\"4441\">Wzmocniona d\u0142o\u0144 z koziej sk\u00f3ry zapewnia trwa\u0142o\u015b\u0107<\/p>\n<\/li>\n<li data-start=\"4442\" data-end=\"4488\">\n<p data-start=\"4444\" data-end=\"4488\">Wy\u015bcie\u0142ane piank\u0105 strefy poch\u0142aniaj\u0105ce wibracje<\/p>\n<\/li>\n<li data-start=\"4489\" data-end=\"4539\">\n<p data-start=\"4491\" data-end=\"4539\">\u0141atwy w obs\u0142udze ekran dotykowy do u\u017cytku cyfrowego<\/p>\n<\/li>\n<li data-start=\"4540\" data-end=\"4571\">\n<p data-start=\"4542\" data-end=\"4571\">Bezpieczne zapi\u0119cie na rzep na nadgarstku<\/p>\n<\/li>\n<li data-start=\"4572\" data-end=\"4602\">\n<p data-start=\"4574\" data-end=\"4602\">Co-branded: RYINZ x Spring<\/p>\n<\/li>\n<li data-start=\"4603\" data-end=\"4642\">\n<p data-start=\"4605\" data-end=\"4642\">Dost\u0119pne w wielu opcjach kolorystycznych<\/p>\n<\/li>\n<li data-start=\"4643\" data-end=\"4683\">\n<p data-start=\"4645\" data-end=\"4683\">Certyfikat zgodno\u015bci z normami EN420 i EN13594:2015<\/p>\n<\/li>\n<\/ul>\n<p data-start=\"4685\" data-end=\"4942\">Dzi\u0119ki tym r\u0119kawicom oferujesz swoim klientom nie tylko ochron\u0119, ale tak\u017ce praktyczn\u0105 wydajno\u015b\u0107. R\u0119kawice <strong data-start=\"4788\" data-end=\"4823\">Lekkie r\u0119kawice je\u017adzieckie RYINZ<\/strong> s\u0105 idealne dla codziennych rowerzyst\u00f3w, kt\u00f3rzy chc\u0105 elastycznych r\u0119kawic z ekranem dotykowym i funkcjami bezpiecze\u0144stwa ci\u0119\u017cszych modeli.<\/p>","protected":false},"excerpt":{"rendered":"<p>Zwi\u0119ksz swoje wra\u017cenia z jazdy dzi\u0119ki lekkim r\u0119kawicom motocyklowym RYINZ - zaprojektowanym z my\u015bl\u0105 o komforcie, trwa\u0142o\u015bci i cyfrowej wygodzie. Wykonane z diagonalnego spodu i wzmocnionej sk\u00f3r\u0105 GoatSkin d\u0142oni, r\u0119kawice te zapewniaj\u0105 niezawodny chwyt, amortyzacj\u0119 piankow\u0105 i oddychalno\u015b\u0107. Skorupa knykci z TPU i gumowe ochraniacze EVA zapewniaj\u0105 odporno\u015b\u0107 na uderzenia, a ko\u0144c\u00f3wka palca kompatybilna z ekranem dotykowym zwi\u0119ksza funkcjonalno\u015b\u0107 dla nowoczesnych rowerzyst\u00f3w. Idealny do zam\u00f3wie\u0144 hurtowych i sprzeda\u017cy detalicznej, model ten oferuje doskona\u0142\u0105 ochron\u0119 bez du\u017cych rozmiar\u00f3w - certyfikat CE zgodnie z EN420 i EN13594:2015.<\/p>","protected":false},"featured_media":9289,"comment_status":"closed","ping_status":"closed","template":"","meta":[],"product_brand":[35],"product_cat":[1111,380,122,68],"product_tag":[373,374,375,376,377,378,379,381,382,383,384,385,386,387,388],"class_list":{"0":"post-9185","1":"product","2":"type-product","3":"status-publish","4":"has-post-thumbnail","6":"product_brand-ryinz","7":"product_cat-motorbike","8":"product_cat-motorbike-gloves","9":"product_cat-motorbike-racing-gloves","10":"product_cat-ryinz","11":"product_tag-breathable-protective-gloves-for-long-rides","12":"product_tag-bright-color-gloves-for-road-safety-and-visibility","13":"product_tag-ce-certified-gloves-for-eu-motorcycle-safety","14":"product_tag-en13594-motorcycle-gloves-with-tpu-armor","15":"product_tag-eva-rubber-reinforced-tactical-gloves","16":"product_tag-goatskin-leather-motorcycle-gloves-for-retailers","17":"product_tag-high-visibility-biker-gloves-with-safety-features","18":"product_tag-motorcycle-gloves-with-foam-padded-palm","19":"product_tag-premium-riding-gloves-for-distribution","20":"product_tag-protective-riding-gloves-for-street-and-off-road","21":"product_tag-tactical-motorcycle-gloves-for-wholesale","22":"product_tag-tpu-knuckle-protected-gloves-for-motorcyclists","23":"product_tag-twill-back-biker-gloves-with-leather-palm","24":"product_tag-velcro-closure-motorcycle-gloves-for-fit","25":"product_tag-wholesale-riding-gloves-for-european-suppliers","27":"first","28":"instock","29":"taxable","30":"shipping-taxable","31":"purchasable","32":"product-type-simple"},"_links":{"self":[{"href":"https:\/\/ryinz.cz\/velkoobchod\/pl\/wp-json\/wp\/v2\/product\/9185","targetHints":{"allow":["GET"]}}],"collection":[{"href":"https:\/\/ryinz.cz\/velkoobchod\/pl\/wp-json\/wp\/v2\/product"}],"about":[{"href":"https:\/\/ryinz.cz\/velkoobchod\/pl\/wp-json\/wp\/v2\/types\/product"}],"replies":[{"embeddable":true,"href":"https:\/\/ryinz.cz\/velkoobchod\/pl\/wp-json\/wp\/v2\/comments?post=9185"}],"wp:featuredmedia":[{"embeddable":true,"href":"https:\/\/ryinz.cz\/velkoobchod\/pl\/wp-json\/wp\/v2\/media\/9289"}],"wp:attachment":[{"href":"https:\/\/ryinz.cz\/velkoobchod\/pl\/wp-json\/wp\/v2\/media?parent=9185"}],"wp:term":[{"taxonomy":"product_brand","embeddable":true,"href":"https:\/\/ryinz.cz\/velkoobchod\/pl\/wp-json\/wp\/v2\/product_brand?post=9185"},{"taxonomy":"product_cat","embeddable":true,"href":"https:\/\/ryinz.cz\/velkoobchod\/pl\/wp-json\/wp\/v2\/product_cat?post=9185"},{"taxonomy":"product_tag","embeddable":true,"href":"https:\/\/ryinz.cz\/velkoobchod\/pl\/wp-json\/wp\/v2\/product_tag?post=9185"}],"curies":[{"name":"wp","href":"https:\/\/api.w.org\/{rel}","templated":true}]}}