{"id":9184,"date":"2025-06-22T15:32:00","date_gmt":"2025-06-22T15:32:00","guid":{"rendered":"https:\/\/ryinz.cz\/velkoobchod\/?post_type=product&#038;p=9184"},"modified":"2026-01-18T20:18:07","modified_gmt":"2026-01-18T20:18:07","slug":"ryinz-hurtowa-sprzedaz-detaliczna-bialych-skorzanych-rekawic-motocyklowych-z-ochraniaczami-kostek-tpu-i-mankietem-eva","status":"publish","type":"product","link":"https:\/\/ryinz.cz\/velkoobchod\/pl\/product\/ryinz-wholesale-retail-white-leather-motorcycle-gloves-with-tpu-knuckle-armor-and-eva-cuff-protection\/","title":{"rendered":"RYINZ Sprzeda\u017c hurtowa i detaliczna Bia\u0142e sk\u00f3rzane r\u0119kawice motocyklowe z pancerzem TPU i ochron\u0105 mankiet\u00f3w EVA"},"content":{"rendered":"<p data-start=\"962\" data-end=\"1067\"><strong data-start=\"962\" data-end=\"1067\">Sk\u00f3rzane r\u0119kawice motocyklowe RYINZ White GoatSkin - wysoki poziom bezpiecze\u0144stwa dla B2B, sprzedawc\u00f3w detalicznych i powa\u017cnych motocyklist\u00f3w<\/strong><\/p>\n<p data-start=\"1069\" data-end=\"1372\">The <strong data-start=\"1073\" data-end=\"1114\">Bia\u0142e sk\u00f3rzane r\u0119kawice motocyklowe RYINZ<\/strong> zosta\u0142y zaprojektowane dla tych, kt\u00f3rzy wymagaj\u0105 nie tylko ochrony, ale i prezencji. Dzi\u0119ki uderzaj\u0105cym bia\u0142ym detalom, wysokiej jako\u015bci materia\u0142om i solidnym funkcjom bezpiecze\u0144stwa, r\u0119kawice te s\u0105 idealne dla sklep\u00f3w detalicznych, sprzedawc\u00f3w sprz\u0119tu i dystrybutor\u00f3w hurtowych w ca\u0142ej Europie i poza ni\u0105.<\/p>\n<p data-start=\"1374\" data-end=\"1578\">R\u0119kawice te zosta\u0142y specjalnie zaprojektowane, aby sprosta\u0107 podw\u00f3jnym wymaganiom <strong data-start=\"1433\" data-end=\"1475\">Atrakcyjno\u015b\u0107 wizualna i certyfikowana ochrona<\/strong>, dzi\u0119ki czemu s\u0105 idealne zar\u00f3wno dla profesjonalnych kolarzy, rowerzyst\u00f3w d\u0142ugodystansowych, jak i stylowych os\u00f3b doje\u017cd\u017caj\u0105cych do pracy w mie\u015bcie.<\/p>\n<p data-start=\"1580\" data-end=\"1998\"><strong data-start=\"1580\" data-end=\"1653\">Odwa\u017cna konstrukcja - bia\u0142o-czarno-czerwony wz\u00f3r z twillu i koziej sk\u00f3ry<\/strong><br data-start=\"1653\" data-end=\"1656\" \/>Z ty\u0142u r\u0119kawic znajduje si\u0119 <strong data-start=\"1690\" data-end=\"1712\">pow\u0142oka z tkaniny diagonalnej<\/strong> kt\u00f3ra zapewnia lekkie, oddychaj\u0105ce dopasowanie, wzbogacone o <strong data-start=\"1771\" data-end=\"1799\">Naszywki z koziej sk\u00f3ry<\/strong> dla odporno\u015bci na \u015bcieranie i elastyczno\u015bci. Wyr\u00f3\u017cniaj\u0105ca si\u0119 bia\u0142a podstawa jest podkre\u015blona czarnymi panelami i czerwonym paskiem, zapewniaj\u0105c nowoczesny, inspirowany sportami motorowymi wygl\u0105d, kt\u00f3ry przemawia do modnych motocyklist\u00f3w.<\/p>\n<p data-start=\"2000\" data-end=\"2306\"><strong data-start=\"2000\" data-end=\"2035\">Zaawansowana ochrona kostek TPU<\/strong><br data-start=\"2035\" data-end=\"2038\" \/>Aby zapewni\u0107 odporno\u015b\u0107 na uderzenia, r\u0119kawice s\u0105 wyposa\u017cone w wytrzyma\u0142e <strong data-start=\"2097\" data-end=\"2123\">Ochraniacze kostek TPU<\/strong> osadzone pod sk\u00f3rzan\u0105 pow\u0142ok\u0105. Ochraniacze te zmniejszaj\u0105 ryzyko obra\u017ce\u0144 w wyniku kolizji lub nag\u0142ego uderzenia, a ich ergonomiczna krzywizna zapewnia naturalny ruch wraz z d\u0142oni\u0105.<\/p>\n<p data-start=\"2308\" data-end=\"2611\"><strong data-start=\"2308\" data-end=\"2352\">Gumowe os\u0142ony EVA na palce i mankiety<\/strong><br data-start=\"2352\" data-end=\"2355\" \/>Aby jeszcze bardziej zwi\u0119kszy\u0107 bezpiecze\u0144stwo, <strong data-start=\"2382\" data-end=\"2411\">Wzmocnienia z gumy EVA<\/strong> s\u0105 dodawane z ty\u0142u palc\u00f3w i na mankietach. Strefy te s\u0105 krytyczne podczas wypadk\u00f3w, a EVA zapewnia lekk\u0105, ale bardzo skuteczn\u0105 warstw\u0119 ochronn\u0105, kt\u00f3ra poch\u0142ania i rozprasza wstrz\u0105sy.<\/p>\n<p data-start=\"2613\" data-end=\"2981\"><strong data-start=\"2613\" data-end=\"2657\">D\u0142o\u0144 z koziej sk\u00f3ry z wy\u015bcie\u0142anymi wzmocnieniami<\/strong><br data-start=\"2657\" data-end=\"2660\" \/>Sekcja d\u0142oni zawiera <strong data-start=\"2686\" data-end=\"2714\">Najwy\u017cszej jako\u015bci sk\u00f3ra kozia<\/strong> dla maksymalnej przyczepno\u015bci i odporno\u015bci na zu\u017cycie. Wewn\u0105trz, <strong data-start=\"2769\" data-end=\"2785\">piankowa wy\u015bci\u00f3\u0142ka<\/strong> jest strategicznie rozmieszczona w strefach wysokiego ci\u015bnienia, aby poprawi\u0107 kontrol\u0119 nad kierownic\u0105 i zmniejszy\u0107 wibracje. Ta dodatkowa wy\u015bci\u00f3\u0142ka zwi\u0119ksza komfort i wytrzyma\u0142o\u015b\u0107, szczeg\u00f3lnie podczas d\u0142ugich podr\u00f3\u017cy lub jazdy w terenie.<\/p>\n<p data-start=\"2983\" data-end=\"3241\"><strong data-start=\"2983\" data-end=\"3025\">Dopasowany kr\u00f3j - Zapi\u0119cie na wyt\u0142oczony rzep<\/strong><br data-start=\"3025\" data-end=\"3028\" \/>R\u0119kawice te s\u0105 wyposa\u017cone w <strong data-start=\"3054\" data-end=\"3087\">regulowany pasek na nadgarstek na rzep<\/strong> kt\u00f3ry oferuje indywidualne dopasowanie dla ka\u017cdego rowerzysty. Pomaga chroni\u0107 przed kurzem, wiatrem i wod\u0105, zapewniaj\u0105c jednocze\u015bnie bezpiecze\u0144stwo r\u0119kawic nawet przy du\u017cych pr\u0119dko\u015bciach.<\/p>\n<p data-start=\"3243\" data-end=\"3516\"><strong data-start=\"3243\" data-end=\"3300\">Certyfikowany do u\u017cytku profesjonalnego - EN420 i EN13594:2015<\/strong><br data-start=\"3300\" data-end=\"3303\" \/>Te r\u0119kawice s\u0105 <strong data-start=\"3320\" data-end=\"3336\">Certyfikat CE<\/strong> i spotka\u0107 si\u0119 <strong data-start=\"3346\" data-end=\"3372\">EN420 i EN13594:2015<\/strong> standardy, dzi\u0119ki czemu s\u0105 odpowiednie dla profesjonalnych motocyklist\u00f3w, organ\u00f3w \u015bcigania i je\u017ad\u017ac\u00f3w rekreacyjnych w Europie i na innych regulowanych rynkach.<\/p>\n<p data-start=\"3518\" data-end=\"3812\"><strong data-start=\"3518\" data-end=\"3554\">Dost\u0119pnych jest wiele opcji kolorystycznych<\/strong><br data-start=\"3554\" data-end=\"3557\" \/>Opr\u00f3cz bia\u0142o-czerwono-czarnej kolorystyki, r\u0119kawice te s\u0105 r\u00f3wnie\u017c dost\u0119pne w nast\u0119puj\u0105cych kolorach <strong data-start=\"3633\" data-end=\"3664\">Pe\u0142ne warianty czerni i opalenizny<\/strong>, dzi\u0119ki czemu s\u0105 odpowiednie dla szerszego grona klient\u00f3w. Idealny dla nabywc\u00f3w B2B, kt\u00f3rzy chc\u0105 zaoferowa\u0107 swoim klientom r\u00f3\u017cnorodno\u015b\u0107 zar\u00f3wno pod wzgl\u0119dem wzornictwa, jak i funkcji.<\/p>\n<p data-start=\"3814\" data-end=\"3851\"><strong data-start=\"3814\" data-end=\"3849\">Zastosowania i docelowi nabywcy:<\/strong><\/p>\n<ul data-start=\"3852\" data-end=\"4071\">\n<li data-start=\"3852\" data-end=\"3877\">\n<p data-start=\"3854\" data-end=\"3877\">Sklepy ze sprz\u0119tem motocyklowym<\/p>\n<\/li>\n<li data-start=\"3878\" data-end=\"3914\">\n<p data-start=\"3880\" data-end=\"3914\">Sprzedawcy sprz\u0119tu do sport\u00f3w si\u0142owych<\/p>\n<\/li>\n<li data-start=\"3915\" data-end=\"3955\">\n<p data-start=\"3917\" data-end=\"3955\">Taktyczne i miejskie kolekcje dla motocyklist\u00f3w<\/p>\n<\/li>\n<li data-start=\"3956\" data-end=\"3999\">\n<p data-start=\"3958\" data-end=\"3999\">Marki motocykli turystycznych i przygodowych<\/p>\n<\/li>\n<li data-start=\"4000\" data-end=\"4034\">\n<p data-start=\"4002\" data-end=\"4034\">Sprzedawcy produkt\u00f3w z certyfikatem CE<\/p>\n<\/li>\n<li data-start=\"4035\" data-end=\"4071\">\n<p data-start=\"4037\" data-end=\"4071\">Linie sprz\u0119tu marek w\u0142asnych i OEM<\/p>\n<\/li>\n<\/ul>\n<p data-start=\"4073\" data-end=\"4108\"><strong data-start=\"4073\" data-end=\"4106\">Cechy produktu w skr\u00f3cie:<\/strong><\/p>\n<ul data-start=\"4109\" data-end=\"4565\">\n<li data-start=\"4109\" data-end=\"4138\">\n<p data-start=\"4111\" data-end=\"4138\">Wytrzyma\u0142y ty\u0142 z tkaniny diagonalnej<\/p>\n<\/li>\n<li data-start=\"4139\" data-end=\"4200\">\n<p data-start=\"4141\" data-end=\"4200\">Stylowa bia\u0142o-czerwono-czarna obudowa z ochron\u0105 GoatSkin<\/p>\n<\/li>\n<li data-start=\"4201\" data-end=\"4255\">\n<p data-start=\"4203\" data-end=\"4255\">Zintegrowany pancerz TPU dla ochrony przed uderzeniami<\/p>\n<\/li>\n<li data-start=\"4256\" data-end=\"4307\">\n<p data-start=\"4258\" data-end=\"4307\">Gumowe os\u0142ony EVA na palcach i mankietach nadgarstk\u00f3w<\/p>\n<\/li>\n<li data-start=\"4308\" data-end=\"4365\">\n<p data-start=\"4310\" data-end=\"4365\">Wzmocniona d\u0142o\u0144 z koziej sk\u00f3ry z piankow\u0105 amortyzacj\u0105<\/p>\n<\/li>\n<li data-start=\"4366\" data-end=\"4418\">\n<p data-start=\"4368\" data-end=\"4418\">Regulowany pasek na nadgarstek z rzepem dla dopasowania<\/p>\n<\/li>\n<li data-start=\"4419\" data-end=\"4454\">\n<p data-start=\"4421\" data-end=\"4454\">Stylowe wyko\u0144czenie z wyt\u0142aczanej sk\u00f3ry<\/p>\n<\/li>\n<li data-start=\"4455\" data-end=\"4514\">\n<p data-start=\"4457\" data-end=\"4514\">Certyfikat zgodno\u015bci z normami bezpiecze\u0144stwa EN420 i EN13594:2015<\/p>\n<\/li>\n<li data-start=\"4515\" data-end=\"4565\">\n<p data-start=\"4517\" data-end=\"4565\">Odpowiedni dla europejskiego handlu hurtowego i detalicznego B2C<\/p>\n<\/li>\n<\/ul>\n<p data-start=\"4567\" data-end=\"4875\">Z <strong data-start=\"4576\" data-end=\"4617\">Bia\u0142e sk\u00f3rzane r\u0119kawice motocyklowe RYINZ<\/strong>, to nie tylko bezpiecze\u0144stwo, ale tak\u017ce odwa\u017cna deklaracja wizualna. Niezale\u017cnie od tego, czy budujesz swoj\u0105 lini\u0119 r\u0119kawic jako hurtownik, czy rozszerzasz swoj\u0105 ofert\u0119 detaliczn\u0105 o certyfikowane produkty, ten model zapewnia wysoki potencja\u0142 zwrotu i niezaprzeczaln\u0105 jako\u015b\u0107.<\/p>","protected":false},"excerpt":{"rendered":"<p>Ulepsz sw\u00f3j sprz\u0119t motocyklowy dzi\u0119ki bia\u0142ym sk\u00f3rzanym r\u0119kawicom je\u017adzieckim RYINZ - zaprojektowanym z my\u015bl\u0105 o wydajno\u015bci, ochronie i europejskich standardach rynkowych. R\u0119kawice te maj\u0105 odwa\u017cny diagonalny grzbiet ze stylowymi bia\u0142ymi i czerwonymi detalami, w po\u0142\u0105czeniu z wytrzyma\u0142\u0105 konstrukcj\u0105 z koziej sk\u00f3ry, zapewniaj\u0105c\u0105 niezr\u00f3wnan\u0105 odporno\u015b\u0107. Dzi\u0119ki wbudowanej ochronie knykci TPU, gumowym os\u0142onom EVA na palcach i mankietach oraz wzmocnionym wy\u015bcie\u0142anym sk\u00f3rzanym d\u0142oniom, r\u0119kawice te posiadaj\u0105 certyfikat bezpiecze\u0144stwa CE i s\u0105 gotowe do dystrybucji hurtowej lub detalicznej. Idealne dla kierowc\u00f3w miejskich, entuzjast\u00f3w turystyki i profesjonalnych motocyklist\u00f3w poszukuj\u0105cych zar\u00f3wno bezpiecze\u0144stwa, jak i wyr\u00f3\u017cniaj\u0105cego si\u0119 designu.<\/p>","protected":false},"featured_media":9288,"comment_status":"closed","ping_status":"closed","template":"","meta":[],"product_brand":[35],"product_cat":[1111,380,122,68],"product_tag":[373,374,375,376,377,378,379,381,382,383,384,385,386,387,388],"class_list":{"0":"post-9184","1":"product","2":"type-product","3":"status-publish","4":"has-post-thumbnail","6":"product_brand-ryinz","7":"product_cat-motorbike","8":"product_cat-motorbike-gloves","9":"product_cat-motorbike-racing-gloves","10":"product_cat-ryinz","11":"product_tag-breathable-protective-gloves-for-long-rides","12":"product_tag-bright-color-gloves-for-road-safety-and-visibility","13":"product_tag-ce-certified-gloves-for-eu-motorcycle-safety","14":"product_tag-en13594-motorcycle-gloves-with-tpu-armor","15":"product_tag-eva-rubber-reinforced-tactical-gloves","16":"product_tag-goatskin-leather-motorcycle-gloves-for-retailers","17":"product_tag-high-visibility-biker-gloves-with-safety-features","18":"product_tag-motorcycle-gloves-with-foam-padded-palm","19":"product_tag-premium-riding-gloves-for-distribution","20":"product_tag-protective-riding-gloves-for-street-and-off-road","21":"product_tag-tactical-motorcycle-gloves-for-wholesale","22":"product_tag-tpu-knuckle-protected-gloves-for-motorcyclists","23":"product_tag-twill-back-biker-gloves-with-leather-palm","24":"product_tag-velcro-closure-motorcycle-gloves-for-fit","25":"product_tag-wholesale-riding-gloves-for-european-suppliers","27":"first","28":"instock","29":"taxable","30":"shipping-taxable","31":"purchasable","32":"product-type-simple"},"_links":{"self":[{"href":"https:\/\/ryinz.cz\/velkoobchod\/pl\/wp-json\/wp\/v2\/product\/9184","targetHints":{"allow":["GET"]}}],"collection":[{"href":"https:\/\/ryinz.cz\/velkoobchod\/pl\/wp-json\/wp\/v2\/product"}],"about":[{"href":"https:\/\/ryinz.cz\/velkoobchod\/pl\/wp-json\/wp\/v2\/types\/product"}],"replies":[{"embeddable":true,"href":"https:\/\/ryinz.cz\/velkoobchod\/pl\/wp-json\/wp\/v2\/comments?post=9184"}],"wp:featuredmedia":[{"embeddable":true,"href":"https:\/\/ryinz.cz\/velkoobchod\/pl\/wp-json\/wp\/v2\/media\/9288"}],"wp:attachment":[{"href":"https:\/\/ryinz.cz\/velkoobchod\/pl\/wp-json\/wp\/v2\/media?parent=9184"}],"wp:term":[{"taxonomy":"product_brand","embeddable":true,"href":"https:\/\/ryinz.cz\/velkoobchod\/pl\/wp-json\/wp\/v2\/product_brand?post=9184"},{"taxonomy":"product_cat","embeddable":true,"href":"https:\/\/ryinz.cz\/velkoobchod\/pl\/wp-json\/wp\/v2\/product_cat?post=9184"},{"taxonomy":"product_tag","embeddable":true,"href":"https:\/\/ryinz.cz\/velkoobchod\/pl\/wp-json\/wp\/v2\/product_tag?post=9184"}],"curies":[{"name":"wp","href":"https:\/\/api.w.org\/{rel}","templated":true}]}}