{"id":9183,"date":"2025-08-26T11:48:34","date_gmt":"2025-08-26T11:48:34","guid":{"rendered":"https:\/\/ryinz.cz\/velkoobchod\/?post_type=product&#038;p=9183"},"modified":"2026-01-18T20:18:06","modified_gmt":"2026-01-18T20:18:06","slug":"ryinz-hurt-detal-brazowe-skorzane-rekawice-motocyklowe-z-przegubem-tpu-i-wysciolka-ochronna-eva","status":"publish","type":"product","link":"https:\/\/ryinz.cz\/velkoobchod\/pl\/product\/ryinz-wholesale-retail-brown-leather-motorcycle-gloves-with-tpu-knuckle-and-eva-protective-padding\/","title":{"rendered":"RYINZ Sprzeda\u017c hurtowa i detaliczna Br\u0105zowe sk\u00f3rzane r\u0119kawice motocyklowe z przegubem TPU i wy\u015bci\u00f3\u0142k\u0105 ochronn\u0105 EVA"},"content":{"rendered":"<p data-start=\"967\" data-end=\"1089\"><strong data-start=\"967\" data-end=\"1089\">R\u0119kawice motocyklowe RYINZ Brown GoatSkin - dla dystrybutor\u00f3w, sprzedawc\u00f3w detalicznych i profesjonalnych motocyklist\u00f3w ceni\u0105cych styl i bezpiecze\u0144stwo<\/strong><\/p>\n<p data-start=\"1091\" data-end=\"1486\">The <strong data-start=\"1095\" data-end=\"1136\">Br\u0105zowe sk\u00f3rzane r\u0119kawice motocyklowe RYINZ<\/strong> to nie tylko r\u0119kawice - to wyraz klasy, ochrony i trwa\u0142ego kunsztu. Zaprojektowany z my\u015bl\u0105 o hurtownikach i sprzedawcach detalicznych ukierunkowanych na stylowych motocyklist\u00f3w, model ten \u0142\u0105czy w sobie najwy\u017csz\u0105 estetyk\u0119 z najwy\u017cszej klasy ochron\u0105 i komfortem. Je\u015bli szukasz r\u0119kawic motocyklowych, kt\u00f3re r\u00f3wnowa\u017c\u0105 wyrafinowany design i solidn\u0105 in\u017cynieri\u0119, ten model jest Twoj\u0105 odpowiedzi\u0105.<\/p>\n<p data-start=\"1488\" data-end=\"1902\"><strong data-start=\"1488\" data-end=\"1544\">Wyrafinowane po\u0142\u0105czenie materia\u0142\u00f3w - Twill i kozia sk\u00f3ra<\/strong><br data-start=\"1544\" data-end=\"1547\" \/>Zewn\u0119trzna cz\u0119\u015b\u0107 r\u0119kawicy jest zbudowana na <strong data-start=\"1582\" data-end=\"1603\">podstawa z tkaniny diagonalnej<\/strong>, wybrany ze wzgl\u0119du na jego trwa\u0142o\u015b\u0107 i elastyczno\u015b\u0107, podczas gdy panele ochronne s\u0105 wykonane z <strong data-start=\"1693\" data-end=\"1724\">Wysokiej jako\u015bci sk\u00f3ra kozia<\/strong>. Eleganckie br\u0105zowe wyko\u0144czenie wyr\u00f3\u017cnia si\u0119 na tle typowych, ca\u0142kowicie czarnych r\u0119kawic, dzi\u0119ki czemu s\u0105 one idealne dla marek lub sklep\u00f3w skierowanych do \u015bwiadomych mody motocyklist\u00f3w lub spo\u0142eczno\u015bci je\u017cd\u017c\u0105cych w stylu retro.<\/p>\n<p data-start=\"1904\" data-end=\"2240\"><strong data-start=\"1904\" data-end=\"1960\">Os\u0142ona knykci z TPU dla niezawodnej ochrony przed uderzeniami<\/strong><br data-start=\"1960\" data-end=\"1963\" \/>Bezpiecze\u0144stwo jest najwa\u017cniejsze w r\u0119kawicach motocyklowych, a RYINZ integruje <strong data-start=\"2026\" data-end=\"2052\">Ochraniacze kostek TPU<\/strong> kt\u00f3re poch\u0142aniaj\u0105 i rozpraszaj\u0105 si\u0142y uderzenia podczas kolizji lub nag\u0142ego hamowania. Skorupa stawu skokowego zosta\u0142a ergonomicznie zaprojektowana z my\u015bl\u0105 o komforcie, oferuj\u0105c doskona\u0142\u0105 ochron\u0119 bez ograniczania ruch\u00f3w.<\/p>\n<p data-start=\"2242\" data-end=\"2559\"><strong data-start=\"2242\" data-end=\"2288\">Wzmocnienie z gumy EVA - palce i mankiety<\/strong><br data-start=\"2288\" data-end=\"2291\" \/>Strategicznie rozmieszczone <strong data-start=\"2312\" data-end=\"2338\">Zabezpieczenia z gumy EVA<\/strong> z ty\u0142u palc\u00f3w i w strefach mankiet\u00f3w zapewniaj\u0105 amortyzacj\u0119 i ochron\u0119 tam, gdzie jest to najbardziej potrzebne. Te sekcje pomagaj\u0105 zapobiega\u0107 urazom najbardziej wra\u017cliwych obszar\u00f3w podczas wypadk\u00f3w podczas jazdy lub w trudnym terenie.<\/p>\n<p data-start=\"2561\" data-end=\"2996\"><strong data-start=\"2561\" data-end=\"2622\">Zwi\u0119kszona przyczepno\u015b\u0107 i wygoda - d\u0142o\u0144 z koziej sk\u00f3ry z piankow\u0105 wy\u015bci\u00f3\u0142k\u0105<\/strong><br data-start=\"2622\" data-end=\"2625\" \/>The <strong data-start=\"2629\" data-end=\"2673\">Obszar d\u0142oni wykonany w ca\u0142o\u015bci z koziej sk\u00f3ry<\/strong>, wybrana ze wzgl\u0119du na po\u0142\u0105czenie mi\u0119kko\u015bci i odporno\u015bci na \u015bcieranie. Wzmocniona <strong data-start=\"2755\" data-end=\"2771\">piankowa wy\u015bci\u00f3\u0142ka<\/strong>, R\u0119kawice zapewniaj\u0105 pewny chwyt kierownicy roweru, t\u0142umi\u0105 drgania i zmniejszaj\u0105 zm\u0119czenie podczas d\u0142ugich przeja\u017cd\u017cek. Wzmocnienia s\u0105 rozmieszczone tak, aby wspiera\u0107 punkty styku o du\u017cym obci\u0105\u017ceniu, zapewniaj\u0105c kontrol\u0119 nawet w mokrych lub trudnych warunkach.<\/p>\n<p data-start=\"2998\" data-end=\"3298\"><strong data-start=\"2998\" data-end=\"3035\">Bezpieczne dopasowanie - zapi\u0119cie na rzep na nadgarstku<\/strong><br data-start=\"3035\" data-end=\"3038\" \/>Wyposa\u017cony w regulowany <strong data-start=\"3066\" data-end=\"3082\">Pasek na rzep<\/strong>, R\u0119kawice te zapewniaj\u0105 dok\u0142adne dopasowanie do r\u00f3\u017cnych rozmiar\u00f3w nadgarstk\u00f3w. System zapinania pomaga chroni\u0107 przed wiatrem i kurzem, zapewniaj\u0105c jednocze\u015bnie szybkie zak\u0142adanie i zdejmowanie - idealne dla rowerzyst\u00f3w, kt\u00f3rzy potrzebuj\u0105 praktyczno\u015bci bez po\u015bwi\u0119cania stylu.<\/p>\n<p data-start=\"3300\" data-end=\"3637\"><strong data-start=\"3300\" data-end=\"3350\">Certyfikowana ochrona - stworzona dla rynku UE<\/strong><br data-start=\"3350\" data-end=\"3353\" \/>Wszystkie r\u0119kawice RYINZ, w tym ten br\u0105zowy model, s\u0105 testowane w warunkach <strong data-start=\"3416\" data-end=\"3452\">Normy EN420 i EN13594:2015<\/strong>, dzi\u0119ki czemu s\u0105 one zgodne z przepisami CE. Certyfikat ten gwarantuje, \u017ce nabywcy i klienci otrzymuj\u0105 sprawdzon\u0105 ochron\u0119 i komfort poparte mi\u0119dzynarodowymi standardami bezpiecze\u0144stwa.<\/p>\n<p data-start=\"3639\" data-end=\"3661\"><strong data-start=\"3639\" data-end=\"3659\">Idealne przypadki u\u017cycia:<\/strong><\/p>\n<ul data-start=\"3662\" data-end=\"3906\">\n<li data-start=\"3662\" data-end=\"3703\">\n<p data-start=\"3664\" data-end=\"3703\">Codzienna jazda w \u015brodowisku miejskim<\/p>\n<\/li>\n<li data-start=\"3704\" data-end=\"3753\">\n<p data-start=\"3706\" data-end=\"3753\">Cafe racer i entuzja\u015bci motocykli zabytkowych<\/p>\n<\/li>\n<li data-start=\"3754\" data-end=\"3790\">\n<p data-start=\"3756\" data-end=\"3790\">Wycieczki i przygody na otwartych drogach<\/p>\n<\/li>\n<li data-start=\"3791\" data-end=\"3853\">\n<p data-start=\"3793\" data-end=\"3853\">Sprzedawcy sprz\u0119tu szukaj\u0105cy stylowych i ochronnych produkt\u00f3w<\/p>\n<\/li>\n<li data-start=\"3854\" data-end=\"3906\">\n<p data-start=\"3856\" data-end=\"3906\">Projekty OEM\/ODM poszukuj\u0105ce wysokiej klasy r\u0119kawic sk\u00f3rzanych<\/p>\n<\/li>\n<\/ul>\n<p data-start=\"3908\" data-end=\"4225\"><strong data-start=\"3908\" data-end=\"3951\">Mo\u017cliwo\u015bci personalizacji i sprzeda\u017cy hurtowej<\/strong><br data-start=\"3951\" data-end=\"3954\" \/>Jako marka przyjazna B2B, <strong data-start=\"3979\" data-end=\"4007\">RYINZ oferuje opcje OEM<\/strong>, i niestandardowe opakowania oraz ceny hurtowe dla klient\u00f3w hurtowych. Ten model r\u0119kawic jest szczeg\u00f3lnie popularny w\u015br\u00f3d butikowych sklep\u00f3w ze sprz\u0119tem motocyklowym, marek lifestylowych i dystrybutor\u00f3w premium w ca\u0142ej Europie.<\/p>\n<p data-start=\"4227\" data-end=\"4251\"><strong data-start=\"4227\" data-end=\"4249\">Najwa\u017cniejsze cechy konstrukcji:<\/strong><\/p>\n<ul data-start=\"4252\" data-end=\"4705\">\n<li data-start=\"4252\" data-end=\"4301\">\n<p data-start=\"4254\" data-end=\"4301\">Elegancka dwukolorowa br\u0105zowo-czarna kolorystyka<\/p>\n<\/li>\n<li data-start=\"4302\" data-end=\"4354\">\n<p data-start=\"4304\" data-end=\"4354\">Wysokiej jako\u015bci naszywki z koziej sk\u00f3ry na palcach<\/p>\n<\/li>\n<li data-start=\"4355\" data-end=\"4419\">\n<p data-start=\"4357\" data-end=\"4419\">Mocny materia\u0142 diagonalny z ty\u0142u zapewnia elastyczno\u015b\u0107 i oddychalno\u015b\u0107<\/p>\n<\/li>\n<li data-start=\"4420\" data-end=\"4478\">\n<p data-start=\"4422\" data-end=\"4478\">Ochraniacz knykci z TPU z subtelnym matowym wyko\u0144czeniem<\/p>\n<\/li>\n<li data-start=\"4479\" data-end=\"4528\">\n<p data-start=\"4481\" data-end=\"4528\">Wzmocnienia EVA na palcach i nadgarstkach<\/p>\n<\/li>\n<li data-start=\"4529\" data-end=\"4579\">\n<p data-start=\"4531\" data-end=\"4579\">Wy\u015bcie\u0142ana d\u0142o\u0144 z koziej sk\u00f3ry ze wzmocnionymi szwami<\/p>\n<\/li>\n<li data-start=\"4580\" data-end=\"4625\">\n<p data-start=\"4582\" data-end=\"4625\">Zapi\u0119cie na rzep na nadgarstku dla spersonalizowanego dopasowania<\/p>\n<\/li>\n<li data-start=\"4626\" data-end=\"4669\">\n<p data-start=\"4628\" data-end=\"4669\">Lekka, oddychaj\u0105ca i gotowa do jazdy po drogach<\/p>\n<\/li>\n<li data-start=\"4670\" data-end=\"4705\">\n<p data-start=\"4672\" data-end=\"4705\">Test CE: EN420 &amp; EN13594:2015<\/p>\n<\/li>\n<\/ul>\n<p data-start=\"4707\" data-end=\"5027\">Wybieraj\u0105c <strong data-start=\"4723\" data-end=\"4753\">Br\u0105zowe sk\u00f3rzane r\u0119kawiczki RYINZ<\/strong>, Inwestujesz w produkt, kt\u00f3ry wygl\u0105da luksusowo i dzia\u0142a jak bestia na drodze. Niezale\u017cnie od tego, czy jeste\u015b hurtownikiem zaopatruj\u0105cym sw\u00f3j sezonowy katalog, czy sprzedawc\u0105 detalicznym dostarczaj\u0105cym wysokiej klasy sprz\u0119t motocyklowy, te r\u0119kawice zapewniaj\u0105 najwy\u017csz\u0105 jako\u015b\u0107, kt\u00f3r\u0105 klienci natychmiast zauwa\u017c\u0105.<\/p>","protected":false},"excerpt":{"rendered":"<p>Poznaj najwy\u017cszej jako\u015bci po\u0142\u0105czenie stylu, trwa\u0142o\u015bci i ochrony dzi\u0119ki br\u0105zowym r\u0119kawicom motocyklowym RYINZ - idealnym dla hurtownik\u00f3w, sprzedawc\u00f3w detalicznych i sprzedawc\u00f3w sprz\u0119tu motocyklowego. R\u0119kawice te maj\u0105 elegancki diagonalny grzbiet w po\u0142\u0105czeniu z bogat\u0105 konstrukcj\u0105 z koziej sk\u00f3ry, oferuj\u0105c zar\u00f3wno elegancj\u0119, jak i solidn\u0105 funkcjonalno\u015b\u0107. Wyposa\u017cone w os\u0142ony kostek z TPU, gumow\u0105 ochron\u0119 EVA na palcach i mankietach oraz wzmocnione piank\u0105 sk\u00f3rzane d\u0142onie, r\u0119kawice te spe\u0142niaj\u0105 europejskie normy bezpiecze\u0144stwa (EN420 i EN13594:2015), zapewniaj\u0105c jednocze\u015bnie ca\u0142odzienny komfort i mocny chwyt. Idealny wyb\u00f3r do stylowej jazdy przy zachowaniu ochrony, teraz dost\u0119pny w sprzeda\u017cy B2B i detalicznej.<\/p>","protected":false},"featured_media":9287,"comment_status":"closed","ping_status":"closed","template":"","meta":[],"product_brand":[35],"product_cat":[1111,380,122,68],"product_tag":[373,374,375,376,377,378,379,381,382,383,384,385,386,387,388],"class_list":{"0":"post-9183","1":"product","2":"type-product","3":"status-publish","4":"has-post-thumbnail","6":"product_brand-ryinz","7":"product_cat-motorbike","8":"product_cat-motorbike-gloves","9":"product_cat-motorbike-racing-gloves","10":"product_cat-ryinz","11":"product_tag-breathable-protective-gloves-for-long-rides","12":"product_tag-bright-color-gloves-for-road-safety-and-visibility","13":"product_tag-ce-certified-gloves-for-eu-motorcycle-safety","14":"product_tag-en13594-motorcycle-gloves-with-tpu-armor","15":"product_tag-eva-rubber-reinforced-tactical-gloves","16":"product_tag-goatskin-leather-motorcycle-gloves-for-retailers","17":"product_tag-high-visibility-biker-gloves-with-safety-features","18":"product_tag-motorcycle-gloves-with-foam-padded-palm","19":"product_tag-premium-riding-gloves-for-distribution","20":"product_tag-protective-riding-gloves-for-street-and-off-road","21":"product_tag-tactical-motorcycle-gloves-for-wholesale","22":"product_tag-tpu-knuckle-protected-gloves-for-motorcyclists","23":"product_tag-twill-back-biker-gloves-with-leather-palm","24":"product_tag-velcro-closure-motorcycle-gloves-for-fit","25":"product_tag-wholesale-riding-gloves-for-european-suppliers","27":"first","28":"instock","29":"taxable","30":"shipping-taxable","31":"purchasable","32":"product-type-simple"},"_links":{"self":[{"href":"https:\/\/ryinz.cz\/velkoobchod\/pl\/wp-json\/wp\/v2\/product\/9183","targetHints":{"allow":["GET"]}}],"collection":[{"href":"https:\/\/ryinz.cz\/velkoobchod\/pl\/wp-json\/wp\/v2\/product"}],"about":[{"href":"https:\/\/ryinz.cz\/velkoobchod\/pl\/wp-json\/wp\/v2\/types\/product"}],"replies":[{"embeddable":true,"href":"https:\/\/ryinz.cz\/velkoobchod\/pl\/wp-json\/wp\/v2\/comments?post=9183"}],"wp:featuredmedia":[{"embeddable":true,"href":"https:\/\/ryinz.cz\/velkoobchod\/pl\/wp-json\/wp\/v2\/media\/9287"}],"wp:attachment":[{"href":"https:\/\/ryinz.cz\/velkoobchod\/pl\/wp-json\/wp\/v2\/media?parent=9183"}],"wp:term":[{"taxonomy":"product_brand","embeddable":true,"href":"https:\/\/ryinz.cz\/velkoobchod\/pl\/wp-json\/wp\/v2\/product_brand?post=9183"},{"taxonomy":"product_cat","embeddable":true,"href":"https:\/\/ryinz.cz\/velkoobchod\/pl\/wp-json\/wp\/v2\/product_cat?post=9183"},{"taxonomy":"product_tag","embeddable":true,"href":"https:\/\/ryinz.cz\/velkoobchod\/pl\/wp-json\/wp\/v2\/product_tag?post=9183"}],"curies":[{"name":"wp","href":"https:\/\/api.w.org\/{rel}","templated":true}]}}