{"id":9182,"date":"2025-06-22T15:31:57","date_gmt":"2025-06-22T15:31:57","guid":{"rendered":"https:\/\/ryinz.cz\/velkoobchod\/?post_type=product&#038;p=9182"},"modified":"2026-01-18T20:18:05","modified_gmt":"2026-01-18T20:18:05","slug":"ryinz-hurtowy-detal-taktyczne-rekawice-motocyklowe-z-koziej-skory-z-ochrona-tpu-knuckle-eva","status":"publish","type":"product","link":"https:\/\/ryinz.cz\/velkoobchod\/pl\/product\/ryinz-wholesale-retail-goatskin-tactical-motorcycle-gloves-with-tpu-knuckle-eva-safety-protection\/","title":{"rendered":"Taktyczne r\u0119kawice motocyklowe RYINZ Wholesale &amp; Retail GoatSkin z os\u0142on\u0105 TPU Knuckle i EVA Safety Protection"},"content":{"rendered":"<p data-start=\"1061\" data-end=\"1170\"><strong data-start=\"1061\" data-end=\"1170\">Taktyczne r\u0119kawice motocyklowe RYINZ GoatSkin dla nabywc\u00f3w hurtowych i detalicznych - zaprojektowane z my\u015bl\u0105 o bezpiecze\u0144stwie i pr\u0119dko\u015bci<\/strong><\/p>\n<p data-start=\"1172\" data-end=\"1619\">Je\u015bli chodzi o profesjonalne r\u0119kawice motocyklowe, <strong data-start=\"1227\" data-end=\"1236\">RYINZ<\/strong> to nazwa, kt\u00f3ra oznacza bezpiecze\u0144stwo, kunszt i wydajno\u015b\u0107. Te najwy\u017cszej jako\u015bci r\u0119kawice taktyczne s\u0105 przeznaczone dla hurtownik\u00f3w, sprzedawc\u00f3w detalicznych i marek poszukuj\u0105cych wysokiej jako\u015bci sprz\u0119tu ochronnego, kt\u00f3ry \u0142\u0105czy innowacyjne materia\u0142y ze \u015bwiatowej klasy funkcjami ochronnymi. Stworzone z my\u015bl\u0105 o pracy w najtrudniejszych warunkach drogowych i pogodowych, r\u0119kawice te zapewniaj\u0105 klientom przewag\u0119, kt\u00f3rej potrzebuj\u0105 na drodze.<\/p>\n<p data-start=\"1621\" data-end=\"2002\"><strong data-start=\"1621\" data-end=\"1689\">Zbudowany z my\u015bl\u0105 o wytrzyma\u0142o\u015bci - plecy z Twillu i ochrona z koziej sk\u00f3ry<\/strong><br data-start=\"1689\" data-end=\"1692\" \/>Te r\u0119kawice zaczynaj\u0105 si\u0119 od trwa\u0142ego <strong data-start=\"1726\" data-end=\"1749\">materia\u0142 diagonalny z ty\u0142u<\/strong> kt\u00f3ra jest wystarczaj\u0105co elastyczna, aby wspiera\u0107 p\u0142ynne ruchy d\u0142oni, pozostaj\u0105c jednocze\u015bnie odporn\u0105 na rozdarcia i d\u0142ugotrwa\u0142e u\u017cytkowanie. Strategiczny <strong data-start=\"1872\" data-end=\"1900\">Naszywki z koziej sk\u00f3ry<\/strong> s\u0105 dodawane do tylnej cz\u0119\u015bci palc\u00f3w w celu zwi\u0119kszenia warstwy ochronnej przed otarciami i nara\u017ceniem.<\/p>\n<p data-start=\"2004\" data-end=\"2455\"><strong data-start=\"2004\" data-end=\"2053\">Zaawansowana ochrona przed uderzeniami dla powa\u017cnych motocyklist\u00f3w<\/strong><br data-start=\"2053\" data-end=\"2056\" \/>Je\u017ad\u017acy coraz cz\u0119\u015bciej wymagaj\u0105 r\u0119kawic, kt\u00f3re zapewniaj\u0105 wysoki poziom ochrony bez uszczerbku dla elastyczno\u015bci. Te r\u0119kawice odpowiadaj\u0105 na to wezwanie dzi\u0119ki <strong data-start=\"2201\" data-end=\"2227\">Ochraniacze kostek TPU<\/strong>, kt\u00f3re zapewniaj\u0105 niezawodn\u0105 ochron\u0119 przed uderzeniami w razie upadku. W mi\u0119dzyczasie, <strong data-start=\"2305\" data-end=\"2329\">Os\u0142ona z gumy EVA<\/strong> jest zintegrowany na palcach i mankietach nadgarstk\u00f3w, chroni\u0105c delikatne obszary i poch\u0142aniaj\u0105c wstrz\u0105sy podczas zderze\u0144 lub nag\u0142ych ruch\u00f3w.<\/p>\n<p data-start=\"2457\" data-end=\"2896\"><strong data-start=\"2457\" data-end=\"2524\">Wysoce chwytna konstrukcja d\u0142oni ze wzmocnion\u0105 kozi\u0105 sk\u00f3r\u0105 i piankow\u0105 wy\u015bci\u00f3\u0142k\u0105<\/strong><br data-start=\"2524\" data-end=\"2527\" \/>D\u0142o\u0144 jest jednym z najwa\u017cniejszych punkt\u00f3w styku dla rowerzyst\u00f3w, a RYINZ zapewnia jej doskona\u0142e traktowanie. The <strong data-start=\"2646\" data-end=\"2671\">D\u0142o\u0144 z koziej sk\u00f3ry<\/strong> jest osadzony z dodatkowymi <strong data-start=\"2700\" data-end=\"2716\">piankowa wy\u015bci\u00f3\u0142ka<\/strong> aby zmniejszy\u0107 nacisk i poprawi\u0107 przyczepno\u015b\u0107 na kierownicy. Niezale\u017cnie od tego, czy Twoi klienci je\u017cd\u017c\u0105 po mie\u015bcie, czy na rowerze terenowym, ta ergonomiczna konstrukcja wspiera ich postaw\u0119 d\u0142oni i kontrol\u0119.<\/p>\n<p data-start=\"2898\" data-end=\"3265\"><strong data-start=\"2898\" data-end=\"2946\">Wygoda i dopasowanie - regulowane zapi\u0119cia na rzepy<\/strong><br data-start=\"2946\" data-end=\"2949\" \/>R\u0119kawice zawieraj\u0105 <strong data-start=\"2970\" data-end=\"2999\">bezpieczny pasek na nadgarstek z rzepem<\/strong> dzi\u0119ki czemu mo\u017cna je \u0142atwo dopasowa\u0107 lub poluzowa\u0107 podczas jazdy. Zapi\u0119cie na nadgarstku nie tylko zapewnia dok\u0142adne dopasowanie r\u0119kawic, ale tak\u017ce chroni przed wiatrem, brudem i wilgoci\u0105. Te cechy konstrukcyjne sprawiaj\u0105, \u017ce s\u0105 one idealne do d\u0142ugich przeja\u017cd\u017cek, kolarstwa g\u00f3rskiego i profesjonalnego u\u017cytku ulicznego.<\/p>\n<p data-start=\"3267\" data-end=\"3592\"><strong data-start=\"3267\" data-end=\"3311\">Wysoka widoczno\u015b\u0107 dla wi\u0119kszego bezpiecze\u0144stwa na drodze<\/strong><br data-start=\"3311\" data-end=\"3314\" \/>Opr\u00f3cz ochrony i przyczepno\u015bci, r\u0119kawice te s\u0105 dost\u0119pne w nast\u0119puj\u0105cych wersjach <strong data-start=\"3371\" data-end=\"3408\">Opcje kolor\u00f3w neonowego \u017c\u00f3\u0142tego i czerwonego<\/strong> kt\u00f3re znacznie poprawiaj\u0105 widoczno\u015b\u0107 kierowcy. Akcenty kolorystyczne, szczeg\u00f3lnie przydatne podczas nocnych przeja\u017cd\u017cek lub jazdy w z\u0142ych warunkach pogodowych, sprawiaj\u0105, \u017ce rowerzy\u015bci s\u0105 bardziej widoczni dla innych kierowc\u00f3w, co poprawia bezpiecze\u0144stwo na drodze.<\/p>\n<p data-start=\"3594\" data-end=\"3947\"><strong data-start=\"3594\" data-end=\"3639\">Idealny dla kupuj\u0105cych B2B i sprzedawc\u00f3w sprz\u0119tu<\/strong><br data-start=\"3639\" data-end=\"3642\" \/>Je\u015bli jeste\u015b dystrybutorem, dostawc\u0105 sprz\u0119tu lub sklepem detalicznym, kt\u00f3ry chce zaopatrzy\u0107 si\u0119 w wysokiej jako\u015bci r\u0119kawice motocyklowe, RYINZ zapewnia gwarancj\u0119 jako\u015bci, stylowe opcje pakowania i doskona\u0142e wsparcie dla Twoich potrzeb hurtowych. R\u0119kawice te posiadaj\u0105 certyfikat CE i s\u0105 zgodne z normami europejskimi - to pozycja obowi\u0105zkowa w Twoim magazynie.<\/p>\n<p data-start=\"3949\" data-end=\"4242\"><strong data-start=\"3949\" data-end=\"3995\">Przetestowane i zatwierdzone - EN420 i EN13594:2015<\/strong><br data-start=\"3995\" data-end=\"3998\" \/>R\u0119kawice te s\u0105 certyfikowane zgodnie z <strong data-start=\"4031\" data-end=\"4057\">EN420 i EN13594:2015<\/strong>, co oznacza, \u017ce przesz\u0142y rygorystyczne testy pod k\u0105tem bezpiecze\u0144stwa, wydajno\u015bci i komfortu. Dzi\u0119ki temu nadaj\u0105 si\u0119 do u\u017cytku we wszystkich krajach UE i ciesz\u0105 si\u0119 zaufaniem zar\u00f3wno amator\u00f3w, jak i profesjonalist\u00f3w.<\/p>\n<p data-start=\"4244\" data-end=\"4519\"><strong data-start=\"4244\" data-end=\"4298\">Dost\u0119pne warianty kolorystyczne i niestandardowe opcje brandingu<\/strong><br data-start=\"4298\" data-end=\"4301\" \/>Dost\u0119pne w <strong data-start=\"4314\" data-end=\"4349\">Neonowy \u017c\u00f3\u0142ty\/czarny i czerwony\/czarny<\/strong>, RYINZ oferuje elastyczno\u015b\u0107 w stylizacji i mo\u017ce wsp\u00f3\u0142pracowa\u0107 z niestandardowymi projektami logo i etykiet na \u017cyczenie. MOQ i wsparcie w zakresie dostosowywania s\u0105 dost\u0119pne dla projekt\u00f3w marek w\u0142asnych.<\/p>\n<p data-start=\"4521\" data-end=\"4548\"><strong data-start=\"4521\" data-end=\"4546\">Podsumowanie kluczowych funkcji:<\/strong><\/p>\n<ul data-start=\"4549\" data-end=\"4990\">\n<li data-start=\"4549\" data-end=\"4586\">\n<p data-start=\"4551\" data-end=\"4586\">Wytrzyma\u0142a konstrukcja z tkaniny diagonalnej<\/p>\n<\/li>\n<li data-start=\"4587\" data-end=\"4643\">\n<p data-start=\"4589\" data-end=\"4643\">Ochrona kostek z TPU dla ekstremalnej absorpcji uderze\u0144<\/p>\n<\/li>\n<li data-start=\"4644\" data-end=\"4694\">\n<p data-start=\"4646\" data-end=\"4694\">Wzmocnienia z gumy EVA na palcach i mankietach<\/p>\n<\/li>\n<li data-start=\"4695\" data-end=\"4746\">\n<p data-start=\"4697\" data-end=\"4746\">Panele d\u0142oni i palc\u00f3w z najwy\u017cszej jako\u015bci sk\u00f3ry koziej<\/p>\n<\/li>\n<li data-start=\"4747\" data-end=\"4810\">\n<p data-start=\"4749\" data-end=\"4810\">Wewn\u0119trzna wy\u015bci\u00f3\u0142ka z pianki dla lepszej przyczepno\u015bci i redukcji wstrz\u0105s\u00f3w<\/p>\n<\/li>\n<li data-start=\"4811\" data-end=\"4845\">\n<p data-start=\"4813\" data-end=\"4845\">Regulowane paski na nadgarstki na rzep<\/p>\n<\/li>\n<li data-start=\"4846\" data-end=\"4893\">\n<p data-start=\"4848\" data-end=\"4893\">Neonowe kolory zwi\u0119kszaj\u0105ce widoczno\u015b\u0107<\/p>\n<\/li>\n<li data-start=\"4894\" data-end=\"4947\">\n<p data-start=\"4896\" data-end=\"4947\">Dost\u0119pne dla projekt\u00f3w hurtowych, detalicznych i OEM<\/p>\n<\/li>\n<li data-start=\"4948\" data-end=\"4990\">\n<p data-start=\"4950\" data-end=\"4990\">Certyfikat zgodno\u015bci z normami EN420 i EN13594:2015<\/p>\n<\/li>\n<\/ul>\n<p data-start=\"4992\" data-end=\"5227\">Niezale\u017cnie od tego, czy zaopatrujesz sklep ze sprz\u0119tem motocyklowym, importujesz do dystrybucji, czy budujesz asortyment produkt\u00f3w pod w\u0142asn\u0105 mark\u0105 <strong data-start=\"5123\" data-end=\"5159\">Taktyczne r\u0119kawice motocyklowe RYINZ<\/strong> zapewniaj\u0105 funkcjonalno\u015b\u0107 i ochron\u0119, kt\u00f3rej zaufaj\u0105 Twoi klienci.<\/p>","protected":false},"excerpt":{"rendered":"<p>Odkryj niezr\u00f3wnan\u0105 ochron\u0119 i komfort dzi\u0119ki taktycznym r\u0119kawicom motocyklowym RYINZ - doskona\u0142emu po\u0142\u0105czeniu trwa\u0142o\u015bci, kontroli i wzornictwa dla profesjonalnych motocyklist\u00f3w i sprzedawc\u00f3w sprz\u0119tu motocyklowego. Wykonane z tkaniny diagonalnej i wzmocnione najwy\u017cszej jako\u015bci sk\u00f3r\u0105 GoatSkin, r\u0119kawice te posiadaj\u0105 zaawansowan\u0105 ochron\u0119 knykci TPU, gumowe os\u0142ony EVA na palcach i mankietach oraz wy\u015bcie\u0142an\u0105 piank\u0105 d\u0142o\u0144 zapewniaj\u0105c\u0105 doskona\u0142\u0105 odporno\u015b\u0107 na uderzenia. Niezale\u017cnie od tego, czy chodzi o sprzeda\u017c detaliczn\u0105, czy hurtow\u0105 B2B, r\u0119kawice te zapewniaj\u0105 wysok\u0105 wydajno\u015b\u0107 i trwa\u0142\u0105 warto\u015b\u0107. Certyfikowane zgodnie z normami EN420 i EN13594:2015, s\u0105 dost\u0119pne w \u017cywych kolorach bezpiecze\u0144stwa, aby zwi\u0119kszy\u0107 widoczno\u015b\u0107 i pewno\u015b\u0107 siebie kierowcy na drodze.<\/p>","protected":false},"featured_media":9286,"comment_status":"closed","ping_status":"closed","template":"","meta":[],"product_brand":[35],"product_cat":[1111,380,122,68],"product_tag":[373,374,375,376,377,378,379,381,382,383,384,385,386,387,388],"class_list":{"0":"post-9182","1":"product","2":"type-product","3":"status-publish","4":"has-post-thumbnail","6":"product_brand-ryinz","7":"product_cat-motorbike","8":"product_cat-motorbike-gloves","9":"product_cat-motorbike-racing-gloves","10":"product_cat-ryinz","11":"product_tag-breathable-protective-gloves-for-long-rides","12":"product_tag-bright-color-gloves-for-road-safety-and-visibility","13":"product_tag-ce-certified-gloves-for-eu-motorcycle-safety","14":"product_tag-en13594-motorcycle-gloves-with-tpu-armor","15":"product_tag-eva-rubber-reinforced-tactical-gloves","16":"product_tag-goatskin-leather-motorcycle-gloves-for-retailers","17":"product_tag-high-visibility-biker-gloves-with-safety-features","18":"product_tag-motorcycle-gloves-with-foam-padded-palm","19":"product_tag-premium-riding-gloves-for-distribution","20":"product_tag-protective-riding-gloves-for-street-and-off-road","21":"product_tag-tactical-motorcycle-gloves-for-wholesale","22":"product_tag-tpu-knuckle-protected-gloves-for-motorcyclists","23":"product_tag-twill-back-biker-gloves-with-leather-palm","24":"product_tag-velcro-closure-motorcycle-gloves-for-fit","25":"product_tag-wholesale-riding-gloves-for-european-suppliers","27":"first","28":"instock","29":"taxable","30":"shipping-taxable","31":"purchasable","32":"product-type-simple"},"_links":{"self":[{"href":"https:\/\/ryinz.cz\/velkoobchod\/pl\/wp-json\/wp\/v2\/product\/9182","targetHints":{"allow":["GET"]}}],"collection":[{"href":"https:\/\/ryinz.cz\/velkoobchod\/pl\/wp-json\/wp\/v2\/product"}],"about":[{"href":"https:\/\/ryinz.cz\/velkoobchod\/pl\/wp-json\/wp\/v2\/types\/product"}],"replies":[{"embeddable":true,"href":"https:\/\/ryinz.cz\/velkoobchod\/pl\/wp-json\/wp\/v2\/comments?post=9182"}],"wp:featuredmedia":[{"embeddable":true,"href":"https:\/\/ryinz.cz\/velkoobchod\/pl\/wp-json\/wp\/v2\/media\/9286"}],"wp:attachment":[{"href":"https:\/\/ryinz.cz\/velkoobchod\/pl\/wp-json\/wp\/v2\/media?parent=9182"}],"wp:term":[{"taxonomy":"product_brand","embeddable":true,"href":"https:\/\/ryinz.cz\/velkoobchod\/pl\/wp-json\/wp\/v2\/product_brand?post=9182"},{"taxonomy":"product_cat","embeddable":true,"href":"https:\/\/ryinz.cz\/velkoobchod\/pl\/wp-json\/wp\/v2\/product_cat?post=9182"},{"taxonomy":"product_tag","embeddable":true,"href":"https:\/\/ryinz.cz\/velkoobchod\/pl\/wp-json\/wp\/v2\/product_tag?post=9182"}],"curies":[{"name":"wp","href":"https:\/\/api.w.org\/{rel}","templated":true}]}}