{"id":9181,"date":"2025-06-22T15:31:56","date_gmt":"2025-06-22T15:31:56","guid":{"rendered":"https:\/\/ryinz.cz\/velkoobchod\/?post_type=product&#038;p=9181"},"modified":"2026-01-18T20:18:04","modified_gmt":"2026-01-18T20:18:04","slug":"rekawice-motocyklowe-ryinz-premium-z-koziej-skory-z-ochrona-mankietu-tpu-knuckle-eva-model-mbwg-9999-0118","status":"publish","type":"product","link":"https:\/\/ryinz.cz\/velkoobchod\/pl\/product\/ryinz-premium-goatskin-leather-motorcycle-gloves-with-tpu-knuckle-eva-cuff-protection-model-mbwg-9999-0118\/","title":{"rendered":"Sk\u00f3rzane r\u0119kawice motocyklowe RYINZ Premium GoatSkin z ochron\u0105 knykci TPU i mankietem EVA - model MBWG 9999-0118"},"content":{"rendered":"<p data-start=\"1186\" data-end=\"1265\">RYINZ MBWG 9999-0118 - Zaawansowane ochronne r\u0119kawice motocyklowe dla powa\u017cnych kierowc\u00f3w<\/p>\n<p data-start=\"1267\" data-end=\"1622\">Dla entuzjast\u00f3w motocykli i profesjonalist\u00f3w, kt\u00f3rzy nie uznaj\u0105 kompromis\u00f3w w zakresie bezpiecze\u0144stwa lub komfortu <strong data-start=\"1363\" data-end=\"1387\">RYINZ MBWG 9999-0118<\/strong> s\u0105 najlepszym towarzyszem na drodze. R\u0119kawice te zosta\u0142y zaprojektowane z przemy\u015blan\u0105 r\u00f3wnowag\u0105 nowoczesnych funkcji ochronnych i najwy\u017cszej jako\u015bci wykonania, dzi\u0119ki czemu idealnie nadaj\u0105 si\u0119 do szybkiej jazdy na rowerze, motocrossu, turystyki i jazdy miejskiej.<\/p>\n<p data-start=\"1624\" data-end=\"2017\"><strong data-start=\"1624\" data-end=\"1669\">Doskona\u0142e materia\u0142y dla maksymalnej trwa\u0142o\u015bci<\/strong><br data-start=\"1669\" data-end=\"1672\" \/>Podstaw\u0105 modelu MBWG 9999-0118 jest ty\u0142 wykonany z materia\u0142u twill - mocnej i elastycznej tkaniny, kt\u00f3ra pozwala na swobod\u0119 ruch\u00f3w bez utraty wytrzyma\u0142o\u015bci. Wzmocniony <strong data-start=\"1842\" data-end=\"1878\">naszywki premium z koziej sk\u00f3ry<\/strong> R\u0119kawice te s\u0105 odporne na przetarcia i regularne zu\u017cycie, a jednocze\u015bnie zapewniaj\u0105 doskona\u0142e wra\u017cenia dotykowe.<\/p>\n<p data-start=\"2019\" data-end=\"2406\"><strong data-start=\"2019\" data-end=\"2065\">Ochrona TPU i EVA tam, gdzie ma to najwi\u0119ksze znaczenie<\/strong><br data-start=\"2065\" data-end=\"2068\" \/>Aby zminimalizowa\u0107 obra\u017cenia podczas uderzenia, r\u0119kawice s\u0105 wyposa\u017cone w <strong data-start=\"2129\" data-end=\"2155\">Ochraniacze kostek TPU<\/strong> - lekka, ale bardzo wytrzyma\u0142a pow\u0142oka termoplastyczna, kt\u00f3ra rozprasza si\u0142\u0119. <strong data-start=\"2233\" data-end=\"2258\">Ochrona z gumy EVA<\/strong> jest wbudowany zar\u00f3wno na tylnych palcach, jak i na mankiecie, zapewniaj\u0105c krytyczne pokrycie delikatnych obszar\u00f3w podatnych na uszkodzenia podczas upadk\u00f3w lub nag\u0142ych zatrzyma\u0144.<\/p>\n<p data-start=\"2408\" data-end=\"2812\"><strong data-start=\"2408\" data-end=\"2449\">Wzmocnienia d\u0142oni zapewniaj\u0105ce pewny chwyt<\/strong><br data-start=\"2449\" data-end=\"2452\" \/>Obszar d\u0142oni obejmuje <strong data-start=\"2475\" data-end=\"2495\">Sk\u00f3ra kozia<\/strong> wzbogacony o <strong data-start=\"2510\" data-end=\"2545\">Wzmocnienia ze sk\u00f3ry koziej<\/strong> i wewn\u0119trzny <strong data-start=\"2559\" data-end=\"2575\">piankowa wy\u015bci\u00f3\u0142ka<\/strong>. Ta kombinacja zapewnia rowerzystom doskona\u0142\u0105 przyczepno\u015b\u0107 i zwi\u0119kszon\u0105 odporno\u015b\u0107 na wstrz\u0105sy, szczeg\u00f3lnie przydatn\u0105 podczas d\u0142ugich przeja\u017cd\u017cek lub w warunkach terenowych. Wyt\u0142aczana tekstura poprawia kontrol\u0119 chwytu i zmniejsza zm\u0119czenie, zachowuj\u0105c jednocze\u015bnie oddychalno\u015b\u0107.<\/p>\n<p data-start=\"2814\" data-end=\"3068\"><strong data-start=\"2814\" data-end=\"2850\">Niezawodne dopasowanie dzi\u0119ki zapi\u0119ciu na rzep<\/strong><br data-start=\"2850\" data-end=\"2853\" \/>Regulowany <strong data-start=\"2864\" data-end=\"2881\">Paski na rzepy<\/strong> na nadgarstku pomaga zapewni\u0107 spersonalizowane, dok\u0142adne dopasowanie. To bezpieczne zapi\u0119cie zapewnia, \u017ce r\u0119kawice pozostaj\u0105 na miejscu podczas intensywnej aktywno\u015bci, eliminuj\u0105c czynniki rozpraszaj\u0105ce i zwi\u0119kszaj\u0105c pewno\u015b\u0107 siebie rowerzysty.<\/p>\n<p data-start=\"3070\" data-end=\"3387\"><strong data-start=\"3070\" data-end=\"3101\">Stylowy i funkcjonalny design<\/strong><br data-start=\"3101\" data-end=\"3104\" \/>R\u0119kawice te s\u0105 nie tylko funkcjonalne, ale tak\u017ce efektowne wizualnie. Oferowane w <strong data-start=\"3175\" data-end=\"3217\">warianty czarny, bia\u0142y, czerwony i niebieski<\/strong>, Uzupe\u0142niaj\u0105 one r\u00f3\u017cne kombinezony je\u017adzieckie i dodaj\u0105 warstw\u0119 osobistego stylu. Wyt\u0142aczana kozia sk\u00f3ra i eleganckie ochraniacze kostek sprawiaj\u0105, \u017ce r\u0119kawice te wyr\u00f3\u017cniaj\u0105 si\u0119 w t\u0142umie.<\/p>\n<p data-start=\"3389\" data-end=\"3734\"><strong data-start=\"3389\" data-end=\"3436\">Przetestowane i certyfikowane zgodnie z normami europejskimi<\/strong><br data-start=\"3436\" data-end=\"3439\" \/>R\u0119kawice MBWG 9999-0118 s\u0105 testowane i certyfikowane zgodnie z nast\u0119puj\u0105cymi normami <strong data-start=\"3503\" data-end=\"3512\">EN420<\/strong> oraz <strong data-start=\"3517\" data-end=\"3534\">EN 13594:2015<\/strong>, spe\u0142niaj\u0105 europejskie normy bezpiecze\u0144stwa dotycz\u0105ce \u015brodk\u00f3w ochrony indywidualnej (\u015aOI). Certyfikat ten gwarantuje, \u017ce s\u0105 one odpowiednie do u\u017cytku drogowego i zapewniaj\u0105 niezb\u0119dn\u0105 ochron\u0119 w razie wypadku.<\/p>\n<p data-start=\"3736\" data-end=\"3761\"><strong data-start=\"3736\" data-end=\"3759\">Idealne zastosowania:<\/strong><\/p>\n<ul data-start=\"3762\" data-end=\"3927\">\n<li data-start=\"3762\" data-end=\"3790\">\n<p data-start=\"3764\" data-end=\"3790\">Uliczna jazda motocyklem<\/p>\n<\/li>\n<li data-start=\"3791\" data-end=\"3814\">\n<p data-start=\"3793\" data-end=\"3814\">Profesjonalne wy\u015bcigi<\/p>\n<\/li>\n<li data-start=\"3815\" data-end=\"3849\">\n<p data-start=\"3817\" data-end=\"3849\">Jazda turystyczna i d\u0142ugodystansowa<\/p>\n<\/li>\n<li data-start=\"3850\" data-end=\"3885\">\n<p data-start=\"3852\" data-end=\"3885\">Motocross i przygody w terenie<\/p>\n<\/li>\n<li data-start=\"3886\" data-end=\"3927\">\n<p data-start=\"3888\" data-end=\"3927\">Zimowa jazda na rowerze (w r\u0119kawiczkach)<\/p>\n<\/li>\n<\/ul>\n<p data-start=\"3929\" data-end=\"3954\"><strong data-start=\"3929\" data-end=\"3952\">Najwa\u017cniejsze cechy produktu:<\/strong><\/p>\n<ul data-start=\"3955\" data-end=\"4379\">\n<li data-start=\"3955\" data-end=\"3991\">\n<p data-start=\"3957\" data-end=\"3991\">Konstrukcja tylnej cz\u0119\u015bci z materia\u0142u Twill<\/p>\n<\/li>\n<li data-start=\"3992\" data-end=\"4039\">\n<p data-start=\"3994\" data-end=\"4039\">Sk\u00f3rzane naszywki Premium GoatSkin na palcach<\/p>\n<\/li>\n<li data-start=\"4040\" data-end=\"4088\">\n<p data-start=\"4042\" data-end=\"4088\">Ochrona kostek z TPU poch\u0142aniaj\u0105ca uderzenia<\/p>\n<\/li>\n<li data-start=\"4089\" data-end=\"4138\">\n<p data-start=\"4091\" data-end=\"4138\">Wzmocnienia z gumy EVA na palcach i mankiecie<\/p>\n<\/li>\n<li data-start=\"4139\" data-end=\"4188\">\n<p data-start=\"4141\" data-end=\"4188\">Wy\u015bcie\u0142ana piank\u0105 d\u0142o\u0144 ze wzmocnieniami GoatSkin<\/p>\n<\/li>\n<li data-start=\"4189\" data-end=\"4236\">\n<p data-start=\"4191\" data-end=\"4236\">Wyt\u0142aczana kozia sk\u00f3ra dla stylowych detali<\/p>\n<\/li>\n<li data-start=\"4237\" data-end=\"4285\">\n<p data-start=\"4239\" data-end=\"4285\">Bezpieczne zapi\u0119cie na rzep dla indywidualnego dopasowania<\/p>\n<\/li>\n<li data-start=\"4286\" data-end=\"4331\">\n<p data-start=\"4288\" data-end=\"4331\">Dost\u0119pne w czterech efektownych wariantach kolorystycznych<\/p>\n<\/li>\n<li data-start=\"4332\" data-end=\"4379\">\n<p data-start=\"4334\" data-end=\"4379\">Certyfikat zgodno\u015bci z normami EN420 i EN13594:2015<\/p>\n<\/li>\n<\/ul>\n<p data-start=\"4381\" data-end=\"4605\">Niezale\u017cnie od tego, czy poruszasz si\u0119 w ruchu miejskim, czy wyruszasz w podr\u00f3\u017c krajow\u0105 <strong data-start=\"4465\" data-end=\"4489\">RYINZ MBWG 9999-0118<\/strong> R\u0119kawice zapewniaj\u0105 wyj\u0105tkow\u0105 ochron\u0119, najwy\u017cszy komfort i przykuwaj\u0105cy uwag\u0119 styl - wszystko, czego potrzebuje powa\u017cny motocyklista.<\/p>","protected":false},"excerpt":{"rendered":"<p>Przedstawiamy wysokowydajne r\u0119kawice motocyklowe RYINZ MBWG 9999-0118 - stworzone dla motocyklist\u00f3w, kt\u00f3rzy wymagaj\u0105 doskona\u0142ej ochrony, komfortu i stylu. R\u0119kawice te s\u0105 wykonane z wytrzyma\u0142ej tkaniny diagonalnej, wzmocnionej naszywkami z koziej sk\u00f3ry, gumowymi ochraniaczami EVA i pancerzem TPU, aby chroni\u0107 d\u0142onie w najbardziej ekstremalnych warunkach. Mankiet zawiera dodatkow\u0105 gumow\u0105 ochron\u0119 EVA zapewniaj\u0105c\u0105 stabilno\u015b\u0107 nadgarstka, podczas gdy d\u0142o\u0144 jest wzmocniona kozi\u0105 sk\u00f3r\u0105 i strategiczn\u0105 piankow\u0105 wy\u015bci\u00f3\u0142k\u0105 zapewniaj\u0105c\u0105 ca\u0142odzienny komfort i poch\u0142anianie uderze\u0144. Zapi\u0119cie na rzep zapewnia bezpieczne dopasowanie, a wyt\u0142aczana kozia sk\u00f3ra dodaje odrobin\u0119 wyrafinowania. R\u0119kawice te, certyfikowane zgodnie z normami EN420 i EN 13594:2015, s\u0105 dost\u0119pne w wielu wariantach kolorystycznych, dzi\u0119ki czemu mo\u017cna je dopasowa\u0107 do swojego sprz\u0119tu je\u017adzieckiego. Idealne dla profesjonalist\u00f3w, rowerzyst\u00f3w d\u0142ugodystansowych i miejskich rowerzyst\u00f3w poszukuj\u0105cych trwa\u0142ej jako\u015bci.<\/p>","protected":false},"featured_media":9285,"comment_status":"closed","ping_status":"closed","template":"","meta":[],"product_brand":[35],"product_cat":[68],"product_tag":[353,354,355,356,357,358,359,360,361,362,363,364,365,366,367,368,369,370,371,372],"class_list":{"0":"post-9181","1":"product","2":"type-product","3":"status-publish","4":"has-post-thumbnail","6":"product_brand-ryinz","7":"product_cat-ryinz","8":"product_tag-b2b-leather-racing-gloves-eu","9":"product_tag-breathable-biker-gloves-custom","10":"product_tag-chrom-vi-free-gloves-for-sale","11":"product_tag-custom-logo-biker-gloves-eu","12":"product_tag-custom-motorcycle-gloves-ryinz","13":"product_tag-eu-style-racing-gloves-design","14":"product_tag-gel-padded-motorbike-gloves","15":"product_tag-goat-leather-racing-gloves-eu","16":"product_tag-high-grip-motorcycle-gloves-eu","17":"product_tag-hook-loop-secure-wrist-gloves","18":"product_tag-motorbike-gloves-premium-leather","19":"product_tag-premium-goat-leather-gloves-ryinz","20":"product_tag-racing-gloves-with-gel-closure","21":"product_tag-reinforced-finger-gloves-ryinz","22":"product_tag-rubber-knuckle-gloves-ryinz","23":"product_tag-ryinz-blue-white-racing-gloves","24":"product_tag-synthetic-patch-biker-gloves","25":"product_tag-tpu-knuckle-biker-gloves-bulk","26":"product_tag-track-ready-motorbike-gloves-eu","27":"product_tag-wrist-strap-leather-bike-gloves","29":"first","30":"instock","31":"taxable","32":"shipping-taxable","33":"purchasable","34":"product-type-simple"},"_links":{"self":[{"href":"https:\/\/ryinz.cz\/velkoobchod\/pl\/wp-json\/wp\/v2\/product\/9181","targetHints":{"allow":["GET"]}}],"collection":[{"href":"https:\/\/ryinz.cz\/velkoobchod\/pl\/wp-json\/wp\/v2\/product"}],"about":[{"href":"https:\/\/ryinz.cz\/velkoobchod\/pl\/wp-json\/wp\/v2\/types\/product"}],"replies":[{"embeddable":true,"href":"https:\/\/ryinz.cz\/velkoobchod\/pl\/wp-json\/wp\/v2\/comments?post=9181"}],"wp:featuredmedia":[{"embeddable":true,"href":"https:\/\/ryinz.cz\/velkoobchod\/pl\/wp-json\/wp\/v2\/media\/9285"}],"wp:attachment":[{"href":"https:\/\/ryinz.cz\/velkoobchod\/pl\/wp-json\/wp\/v2\/media?parent=9181"}],"wp:term":[{"taxonomy":"product_brand","embeddable":true,"href":"https:\/\/ryinz.cz\/velkoobchod\/pl\/wp-json\/wp\/v2\/product_brand?post=9181"},{"taxonomy":"product_cat","embeddable":true,"href":"https:\/\/ryinz.cz\/velkoobchod\/pl\/wp-json\/wp\/v2\/product_cat?post=9181"},{"taxonomy":"product_tag","embeddable":true,"href":"https:\/\/ryinz.cz\/velkoobchod\/pl\/wp-json\/wp\/v2\/product_tag?post=9181"}],"curies":[{"name":"wp","href":"https:\/\/api.w.org\/{rel}","templated":true}]}}