{"id":9180,"date":"2025-08-26T11:48:34","date_gmt":"2025-08-26T11:48:34","guid":{"rendered":"https:\/\/ryinz.cz\/velkoobchod\/?post_type=product&#038;p=9180"},"modified":"2026-01-18T20:18:03","modified_gmt":"2026-01-18T20:18:03","slug":"taktyczne-rekawice-motocyklowe-premium-do-patroli-wyscigowych-hurtowa-skora-kozia-z-ochrona-palcow-tpu-eva","status":"publish","type":"product","link":"https:\/\/ryinz.cz\/velkoobchod\/pl\/product\/premium-tactical-motorbike-gloves-for-racing-patrol-wholesale-goatskin-leather-with-tpu-eva-finger-protection\/","title":{"rendered":"Najwy\u017cszej jako\u015bci taktyczne r\u0119kawice motocyklowe do wy\u015bcig\u00f3w, patrolu i sprzeda\u017cy hurtowej - sk\u00f3ra kozia z ochron\u0105 palc\u00f3w z TPU i EVA"},"content":{"rendered":"<p>&nbsp;<\/p>\n<p data-start=\"729\" data-end=\"1150\">Przedstawiamy <strong data-start=\"745\" data-end=\"780\">Taktyczne r\u0119kawice motocyklowe Ryinz<\/strong>, Zbudowany z materia\u0142\u00f3w nowej generacji i doskona\u0142ego rzemios\u0142a, aby s\u0142u\u017cy\u0107 <strong data-start=\"855\" data-end=\"907\">kolarze, organy \u015bcigania, klienci hurtowi<\/strong>, oraz <strong data-start=\"913\" data-end=\"938\">marki sprz\u0119tu motocyklowego<\/strong> z precyzj\u0105 i jako\u015bci\u0105. R\u0119kawice te zosta\u0142y zaprojektowane z my\u015bl\u0105 o odporno\u015bci, mobilno\u015bci taktycznej i ochronie w najtrudniejszych warunkach - niezale\u017cnie od tego, czy p\u0119dzisz po torze, czy patrolujesz ulice.<\/p>\n<p data-start=\"1152\" data-end=\"1609\"><strong data-start=\"1152\" data-end=\"1175\">Doskona\u0142o\u015b\u0107 materia\u0142u<\/strong><br data-start=\"1175\" data-end=\"1178\" \/>G\u00f3rna pow\u0142oka jest wykonana z <strong data-start=\"1210\" data-end=\"1234\">Wytrzyma\u0142a tkanina diagonalna<\/strong> oferuj\u0105c lekk\u0105 elastyczno\u015b\u0107 i wysok\u0105 wytrzyma\u0142o\u015b\u0107 na rozci\u0105ganie. Jest wzmocniona <strong data-start=\"1317\" data-end=\"1345\">Naszywki z koziej sk\u00f3ry<\/strong> Strategicznie rozmieszczone nad wszystkimi obszarami nara\u017conymi na uderzenia, w tym <strong data-start=\"1405\" data-end=\"1429\">palce i mankiet<\/strong>. Gumowa wy\u015bci\u00f3\u0142ka EVA chroni wra\u017cliwe strefy, umo\u017cliwiaj\u0105c jednocze\u015bnie p\u0142ynn\u0105 artykulacj\u0119 d\u0142oni. W komplecie <strong data-start=\"1520\" data-end=\"1545\">Ochraniacz kostek TPU<\/strong> oferuje ochron\u0119 przed uderzeniami bez po\u015bwi\u0119cania zakresu ruchu.<\/p>\n<p data-start=\"1611\" data-end=\"1648\"><strong data-start=\"1611\" data-end=\"1646\">Zwi\u0119kszona ochrona i komfort<\/strong><\/p>\n<ul data-start=\"1649\" data-end=\"2286\">\n<li data-start=\"1649\" data-end=\"1838\">\n<p data-start=\"1651\" data-end=\"1838\"><strong data-start=\"1651\" data-end=\"1659\">Palma<\/strong>: Wykonane z wysokiej jako\u015bci <strong data-start=\"1685\" data-end=\"1705\">Sk\u00f3ra kozia<\/strong>, wzmocniony za pomoc\u0105 dodatkowych <strong data-start=\"1735\" data-end=\"1754\">Panele GoatSkin<\/strong>, oferuj\u0105c odporno\u015b\u0107 na \u015bcieranie i zwi\u0119kszon\u0105 przyczepno\u015b\u0107, szczeg\u00f3lnie w mokrych warunkach.<\/p>\n<\/li>\n<li data-start=\"1839\" data-end=\"1960\">\n<p data-start=\"1841\" data-end=\"1960\"><strong data-start=\"1841\" data-end=\"1849\">Powr\u00f3t<\/strong>: Zawiera gumow\u0105 ochron\u0119 EVA na palcach, zapewniaj\u0105c\u0105 dodatkow\u0105 amortyzacj\u0119 podczas ostrej jazdy i przypadkowych uderze\u0144.<\/p>\n<\/li>\n<li data-start=\"1961\" data-end=\"2097\">\n<p data-start=\"1963\" data-end=\"2097\"><strong data-start=\"1963\" data-end=\"1975\">Knuckles<\/strong>: Chroniony ergonomicznym <strong data-start=\"2002\" data-end=\"2015\">Pancerz TPU<\/strong> zaprojektowane, aby absorbowa\u0107 wstrz\u0105sy i zapobiega\u0107 p\u0119kni\u0119ciom podczas zderze\u0144 lub twardego kontaktu.<\/p>\n<\/li>\n<li data-start=\"2098\" data-end=\"2286\">\n<p data-start=\"2100\" data-end=\"2286\"><strong data-start=\"2100\" data-end=\"2116\">Nadgarstek i mankiet<\/strong>: Cechy r\u0119kawic <strong data-start=\"2137\" data-end=\"2177\">Zapi\u0119cie na rzep ze sk\u00f3ry koziej<\/strong>, Zapewnia regulowane i bezpieczne dopasowanie, u\u0142atwiaj\u0105c zak\u0142adanie i zdejmowanie bez utraty stabilno\u015bci.<\/p>\n<\/li>\n<\/ul>\n<p data-start=\"2288\" data-end=\"2659\"><strong data-start=\"2288\" data-end=\"2315\">Wydajno\u015b\u0107 i u\u017cyteczno\u015b\u0107<\/strong><br data-start=\"2315\" data-end=\"2318\" \/>Zaprojektowany dla <strong data-start=\"2331\" data-end=\"2354\">profesjonalni motocykli\u015bci<\/strong>, <strong data-start=\"2356\" data-end=\"2381\">wojskowe jednostki patrolowe<\/strong>, <strong data-start=\"2383\" data-end=\"2401\">bezpiecze\u0144stwo miejskie<\/strong>, oraz <strong data-start=\"2407\" data-end=\"2426\">partnerzy detaliczni<\/strong>, R\u0119kawice te zachowuj\u0105 idealn\u0105 r\u00f3wnowag\u0119 mi\u0119dzy trwa\u0142o\u015bci\u0105, taktyczn\u0105 finezj\u0105 i oddychalno\u015bci\u0105. Ochraniacze EVA i TPU sprawiaj\u0105, \u017ce s\u0105 wyj\u0105tkowo bezpieczne, a piankowa wy\u015bci\u00f3\u0142ka zintegrowana wewn\u0105trz zapewnia wygodny chwyt podczas d\u0142ugich przeja\u017cd\u017cek.<\/p>\n<p data-start=\"2661\" data-end=\"3036\"><strong data-start=\"2661\" data-end=\"2696\">Mi\u0119dzynarodowa zgodno\u015b\u0107 w zakresie bezpiecze\u0144stwa<\/strong><br data-start=\"2696\" data-end=\"2699\" \/>R\u0119kawice te s\u0105 produkowane w nast\u0119puj\u0105cy spos\u00f3b <strong data-start=\"2739\" data-end=\"2765\">EN420 i EN13594:2015<\/strong> Europejskie standardy bezpiecze\u0144stwa, dzi\u0119ki czemu idealnie nadaj\u0105 si\u0119 do <strong data-start=\"2815\" data-end=\"2825\">eksport<\/strong>, <strong data-start=\"2827\" data-end=\"2845\">Sprzeda\u017c hurtowa B2B<\/strong>, oraz <strong data-start=\"2851\" data-end=\"2891\">przetargi rz\u0105dowe lub organizacyjne<\/strong> gdzie zgodno\u015b\u0107 jest niezb\u0119dna. Niezale\u017cnie od tego, czy sk\u0142adasz zam\u00f3wienie w celu odsprzeda\u017cy, wyposa\u017cenia zespo\u0142u czy marki w\u0142asnej - Ryinz gwarantuje niezawodno\u015b\u0107 na najwy\u017cszym poziomie.<\/p>\n<p data-start=\"3038\" data-end=\"3282\"><strong data-start=\"3038\" data-end=\"3059\">Projektowanie i branding<\/strong><br data-start=\"3059\" data-end=\"3062\" \/>R\u0119kawice maj\u0105 subtelny, ale efektowny wygl\u0105d. <strong data-start=\"3106\" data-end=\"3129\">Wyt\u0142oczone logo RYINZ<\/strong> na nadgarstku, wzmacniaj\u0105c presti\u017c marki i widoczno\u015b\u0107 dla sprzedawc\u00f3w detalicznych i dystrybutor\u00f3w. W przypadku zam\u00f3wie\u0144 hurtowych OEM dost\u0119pne s\u0105 niestandardowe opcje kolor\u00f3w i logo.<\/p>\n<p data-start=\"3284\" data-end=\"3302\"><strong data-start=\"3284\" data-end=\"3300\">Zastosowania<\/strong><\/p>\n<ul data-start=\"3303\" data-end=\"3534\">\n<li data-start=\"3303\" data-end=\"3348\">\n<p data-start=\"3305\" data-end=\"3348\">Wy\u015bcigi motocyklowe i przeja\u017cd\u017cki d\u0142ugodystansowe<\/p>\n<\/li>\n<li data-start=\"3349\" data-end=\"3390\">\n<p data-start=\"3351\" data-end=\"3390\">Policyjne i wojskowe patrole motocyklowe<\/p>\n<\/li>\n<li data-start=\"3391\" data-end=\"3438\">\n<p data-start=\"3393\" data-end=\"3438\">Specjali\u015bci ds. bezpiecze\u0144stwa taktycznego i obrony<\/p>\n<\/li>\n<li data-start=\"3439\" data-end=\"3479\">\n<p data-start=\"3441\" data-end=\"3479\">Dostawcy i pracownicy u\u017cyteczno\u015bci publicznej<\/p>\n<\/li>\n<li data-start=\"3480\" data-end=\"3534\">\n<p data-start=\"3482\" data-end=\"3534\">Nabywcy hurtowi i sprzedawcy detaliczni \u015aOI w UE, Wielkiej Brytanii i USA<\/p>\n<\/li>\n<\/ul>\n<p data-start=\"3536\" data-end=\"3720\"><strong data-start=\"3536\" data-end=\"3551\">Rozmiary i MOQ<\/strong><br data-start=\"3551\" data-end=\"3554\" \/>Dost\u0119pne rozmiary standardowe (S-XXL). Niestandardowe rozmiary i pro\u015bby OEM mile widziane. Minimalna ilo\u015b\u0107 zam\u00f3wienia (MOQ) mo\u017ce by\u0107 dostosowana lub ukryta w zale\u017cno\u015bci od strategii docelowej.<\/p>","protected":false},"excerpt":{"rendered":"<p>Zaprojektowane z my\u015bl\u0105 o powa\u017cnych kolarzach i u\u017cytkownikach taktycznych, te r\u0119kawice Ryinz \u0142\u0105cz\u0105 w sobie <strong data-start=\"390\" data-end=\"404\">diagonalny ty\u0142<\/strong>, <strong data-start=\"406\" data-end=\"431\">D\u0142o\u0144 z koziej sk\u00f3ry<\/strong>, <strong data-start=\"433\" data-end=\"459\">wzmocniona wy\u015bci\u00f3\u0142ka EVA<\/strong>, oraz <strong data-start=\"465\" data-end=\"488\">Os\u0142ony kostek z TPU<\/strong> dla najwy\u017cszej trwa\u0142o\u015bci, komfortu i bezpiecze\u0144stwa. Idealny do wy\u015bcig\u00f3w, patrolowania i ci\u0119\u017ckiej jazdy w ka\u017cdych warunkach pogodowych, z pe\u0142n\u0105 zgodno\u015bci\u0105 z normami EN420 i EN13594:2015.<\/p>","protected":false},"featured_media":9284,"comment_status":"closed","ping_status":"closed","template":"","meta":[],"product_brand":[35],"product_cat":[68],"product_tag":[353,354,355,356,357,358,359,360,361,362,363,364,365,366,367,368,369,370,371,372],"class_list":{"0":"post-9180","1":"product","2":"type-product","3":"status-publish","4":"has-post-thumbnail","6":"product_brand-ryinz","7":"product_cat-ryinz","8":"product_tag-b2b-leather-racing-gloves-eu","9":"product_tag-breathable-biker-gloves-custom","10":"product_tag-chrom-vi-free-gloves-for-sale","11":"product_tag-custom-logo-biker-gloves-eu","12":"product_tag-custom-motorcycle-gloves-ryinz","13":"product_tag-eu-style-racing-gloves-design","14":"product_tag-gel-padded-motorbike-gloves","15":"product_tag-goat-leather-racing-gloves-eu","16":"product_tag-high-grip-motorcycle-gloves-eu","17":"product_tag-hook-loop-secure-wrist-gloves","18":"product_tag-motorbike-gloves-premium-leather","19":"product_tag-premium-goat-leather-gloves-ryinz","20":"product_tag-racing-gloves-with-gel-closure","21":"product_tag-reinforced-finger-gloves-ryinz","22":"product_tag-rubber-knuckle-gloves-ryinz","23":"product_tag-ryinz-blue-white-racing-gloves","24":"product_tag-synthetic-patch-biker-gloves","25":"product_tag-tpu-knuckle-biker-gloves-bulk","26":"product_tag-track-ready-motorbike-gloves-eu","27":"product_tag-wrist-strap-leather-bike-gloves","29":"first","30":"instock","31":"taxable","32":"shipping-taxable","33":"purchasable","34":"product-type-simple"},"_links":{"self":[{"href":"https:\/\/ryinz.cz\/velkoobchod\/pl\/wp-json\/wp\/v2\/product\/9180","targetHints":{"allow":["GET"]}}],"collection":[{"href":"https:\/\/ryinz.cz\/velkoobchod\/pl\/wp-json\/wp\/v2\/product"}],"about":[{"href":"https:\/\/ryinz.cz\/velkoobchod\/pl\/wp-json\/wp\/v2\/types\/product"}],"replies":[{"embeddable":true,"href":"https:\/\/ryinz.cz\/velkoobchod\/pl\/wp-json\/wp\/v2\/comments?post=9180"}],"wp:featuredmedia":[{"embeddable":true,"href":"https:\/\/ryinz.cz\/velkoobchod\/pl\/wp-json\/wp\/v2\/media\/9284"}],"wp:attachment":[{"href":"https:\/\/ryinz.cz\/velkoobchod\/pl\/wp-json\/wp\/v2\/media?parent=9180"}],"wp:term":[{"taxonomy":"product_brand","embeddable":true,"href":"https:\/\/ryinz.cz\/velkoobchod\/pl\/wp-json\/wp\/v2\/product_brand?post=9180"},{"taxonomy":"product_cat","embeddable":true,"href":"https:\/\/ryinz.cz\/velkoobchod\/pl\/wp-json\/wp\/v2\/product_cat?post=9180"},{"taxonomy":"product_tag","embeddable":true,"href":"https:\/\/ryinz.cz\/velkoobchod\/pl\/wp-json\/wp\/v2\/product_tag?post=9180"}],"curies":[{"name":"wp","href":"https:\/\/api.w.org\/{rel}","templated":true}]}}