{"id":9179,"date":"2025-08-26T11:48:34","date_gmt":"2025-08-26T11:48:34","guid":{"rendered":"https:\/\/ryinz.cz\/velkoobchod\/?post_type=product&#038;p=9179"},"modified":"2026-01-18T20:18:02","modified_gmt":"2026-01-18T20:18:02","slug":"wysokiej-jakosci-rekawice-motocyklowe-do-sprzedazy-hurtowej-detalicznej-ochronne-konfigurowalne-wysokowydajne-rekawice-z-koziej-skory","status":"publish","type":"product","link":"https:\/\/ryinz.cz\/velkoobchod\/pl\/product\/premium-motorbike-racing-gloves-for-wholesale-retail-protective-customizable-high-performance-goat-leather-gloves\/","title":{"rendered":"Najwy\u017cszej jako\u015bci r\u0119kawice motocyklowe do sprzeda\u017cy hurtowej i detalicznej - ochronne, konfigurowalne, wysokowydajne r\u0119kawice z koziej sk\u00f3ry"},"content":{"rendered":"<p data-start=\"764\" data-end=\"1082\">Przedstawiamy r\u0119kawice wy\u015bcigowe Ryinz Premium Motorbike Racing Gloves - gdzie maksymalna ochrona \u0142\u0105czy si\u0119 z komfortem i funkcjonalno\u015bci\u0105 klasy wy\u015bcigowej. Stworzone z my\u015bl\u0105 o odbiorcach hurtowych, entuzjastach wy\u015bcig\u00f3w, patrolach motocyklowych i sprzedawcach sprz\u0119tu B2B, r\u0119kawice te zosta\u0142y zaprojektowane przy u\u017cyciu zaawansowanych materia\u0142\u00f3w ochronnych i ergonomicznych element\u00f3w konstrukcyjnych.<\/p>\n<p data-start=\"1084\" data-end=\"1410\"><strong data-start=\"1084\" data-end=\"1112\">Konstrukcja i materia\u0142y<\/strong><br data-start=\"1112\" data-end=\"1115\" \/>R\u0119kawice te s\u0105 wykonane z najwy\u017cszej jako\u015bci sk\u00f3ry koziej (PCP), kt\u00f3ra zapewnia wyj\u0105tkow\u0105 odporno\u015b\u0107 na \u015bcieranie przy jednoczesnym zachowaniu mi\u0119kkiej elastyczno\u015bci. Wn\u0119trze d\u0142oni pokryte jest wzmocnion\u0105 sk\u00f3r\u0105 bez chromu VI i dodatkowymi plastikowymi ochraniaczami, kt\u00f3re zapewniaj\u0105 doskona\u0142\u0105 absorpcj\u0119 uderze\u0144 i kontrol\u0119 sprz\u0119\u017cenia zwrotnego na drodze.<\/p>\n<p data-start=\"1412\" data-end=\"1754\">The <strong data-start=\"1416\" data-end=\"1437\">ty\u0142 r\u0119kawicy<\/strong> zosta\u0142y zaprojektowane z ochron\u0105 knykci TPU, uzupe\u0142nion\u0105 o wzmocnione gum\u0105 os\u0142ony na ka\u017cdym palcu dla dodatkowej trwa\u0142o\u015bci i pancerza. Ka\u017cdy szew jest precyzyjnie zszyty zgodnie z norm\u0105 EN13594, dzi\u0119ki czemu r\u0119kawice te spe\u0142niaj\u0105 i przekraczaj\u0105 profesjonalne standardy wy\u015bcigowe i bezpiecze\u0144stwa w Europie i na rynkach mi\u0119dzynarodowych.<\/p>\n<p data-start=\"1756\" data-end=\"1790\"><strong data-start=\"1756\" data-end=\"1788\">Funkcje skoncentrowane na wydajno\u015bci<\/strong><\/p>\n<ul data-start=\"1791\" data-end=\"2372\">\n<li data-start=\"1791\" data-end=\"1906\">\n<p data-start=\"1793\" data-end=\"1906\"><strong data-start=\"1793\" data-end=\"1814\">TPU Knuckle Armor<\/strong>: Chroni przed uderzeniami i urazami podczas szybkich wy\u015bcig\u00f3w lub wypadk\u00f3w.<\/p>\n<\/li>\n<li data-start=\"1907\" data-end=\"2018\">\n<p data-start=\"1909\" data-end=\"2018\"><strong data-start=\"1909\" data-end=\"1931\">Pasek na rzep na nadgarstek<\/strong>: Umo\u017cliwia \u0142atw\u0105 regulacj\u0119 i bezpieczne dopasowanie niezale\u017cnie od intensywno\u015bci jazdy.<\/p>\n<\/li>\n<li data-start=\"2019\" data-end=\"2119\">\n<p data-start=\"2021\" data-end=\"2119\"><strong data-start=\"2021\" data-end=\"2055\">TPU i gumowa ochrona palc\u00f3w<\/strong>: Chroni ka\u017cdy staw palca przed otarciami i przeprostem.<\/p>\n<\/li>\n<li data-start=\"2120\" data-end=\"2248\">\n<p data-start=\"2122\" data-end=\"2248\"><strong data-start=\"2122\" data-end=\"2168\">Wyt\u0142oczony znak firmowy i wiele opcji kolorystycznych<\/strong>: Wysokiej klasy wygl\u0105d i mo\u017cliwo\u015b\u0107 dostosowania do promocji marki lub dostaw OEM.<\/p>\n<\/li>\n<li data-start=\"2249\" data-end=\"2372\">\n<p data-start=\"2251\" data-end=\"2372\"><strong data-start=\"2251\" data-end=\"2292\">Oddychaj\u0105ca podszewka i strefy wentylacji<\/strong>: Utrzymuje d\u0142onie suche i wygodne nawet podczas d\u0142ugich przeja\u017cd\u017cek lub letnich wy\u015bcig\u00f3w.<\/p>\n<\/li>\n<\/ul>\n<p data-start=\"2374\" data-end=\"2729\"><strong data-start=\"2374\" data-end=\"2396\">Bezpiecze\u0144stwo i standardy<\/strong><br data-start=\"2396\" data-end=\"2399\" \/>Zbudowany zgodnie z <strong data-start=\"2422\" data-end=\"2466\">Norma bezpiecze\u0144stwa r\u0119kawic motocyklowych EN13594<\/strong>, Ten produkt jest idealny dla policyjnych oddzia\u0142\u00f3w motocyklowych, zespo\u0142\u00f3w wy\u015bcigowych, jednostek patrolowych i dystrybutor\u00f3w sprz\u0119tu ochronnego w Europie, USA i Azji. Wzmocniony obszar d\u0142oni i system opancerzenia palc\u00f3w zapewniaj\u0105 szerok\u0105 ochron\u0119 zar\u00f3wno do u\u017cytku profesjonalnego, jak i codziennego.<\/p>\n<p data-start=\"2731\" data-end=\"3081\"><strong data-start=\"2731\" data-end=\"2768\">Gotowo\u015b\u0107 do sprzeda\u017cy hurtowej i personalizacji<\/strong><br data-start=\"2768\" data-end=\"2771\" \/>Oferowane w wariantach czerwonym, zielonym, niebieskim i czarno-bia\u0142ym, r\u0119kawice te s\u0105 <strong data-start=\"2843\" data-end=\"2865\">W pe\u0142ni konfigurowalny<\/strong> z logo marki, kolorami lub dodatkowymi funkcjami na \u017cyczenie. Idealny dla reseller\u00f3w, klient\u00f3w hurtowych B2B i startup\u00f3w sprz\u0119towych, kt\u00f3rzy chc\u0105 stworzy\u0107 lini\u0119 produkt\u00f3w bez uszczerbku dla jako\u015bci lub zgodno\u015bci.<\/p>\n<p data-start=\"3083\" data-end=\"3098\"><strong data-start=\"3083\" data-end=\"3096\">Przypadki u\u017cycia<\/strong><\/p>\n<ul data-start=\"3099\" data-end=\"3279\">\n<li data-start=\"3099\" data-end=\"3120\">\n<p data-start=\"3101\" data-end=\"3120\">Wy\u015bcigi motocyklowe<\/p>\n<\/li>\n<li data-start=\"3121\" data-end=\"3161\">\n<p data-start=\"3123\" data-end=\"3161\">Policyjny i wojskowy patrol motocyklowy<\/p>\n<\/li>\n<li data-start=\"3162\" data-end=\"3183\">\n<p data-start=\"3164\" data-end=\"3183\">Sklepy ze sprz\u0119tem na zam\u00f3wienie<\/p>\n<\/li>\n<li data-start=\"3184\" data-end=\"3208\">\n<p data-start=\"3186\" data-end=\"3208\">Kluby je\u017adzieckie na \u015bwie\u017cym powietrzu<\/p>\n<\/li>\n<li data-start=\"3209\" data-end=\"3249\">\n<p data-start=\"3211\" data-end=\"3249\">Zespo\u0142y bezpiecze\u0144stwa i reagowania taktycznego<\/p>\n<\/li>\n<li data-start=\"3250\" data-end=\"3279\">\n<p data-start=\"3252\" data-end=\"3279\">Europejscy dystrybutorzy \u015brodk\u00f3w ochrony indywidualnej<\/p>\n<\/li>\n<\/ul>\n<p data-start=\"3281\" data-end=\"3493\"><strong data-start=\"3281\" data-end=\"3300\">Opakowanie i MOQ<\/strong><br data-start=\"3300\" data-end=\"3303\" \/>Dost\u0119pne opakowanie standardowe lub premium. MOQ elastyczne na \u017cyczenie. Zam\u00f3wienia OEM i marki w\u0142asnej mile widziane. MOQ mo\u017ce pozosta\u0107 ukryte na platformach dla szerszej widoczno\u015bci dla wszystkich potencjalnych klient\u00f3w.<\/p>","protected":false},"excerpt":{"rendered":"<p data-pm-slice=\"1 1 []\">Zaprojektowane z my\u015bl\u0105 o powa\u017cnych motocyklistach r\u0119kawice wy\u015bcigowe Ryinz premium \u0142\u0105cz\u0105 w sobie zaawansowan\u0105 ochron\u0119, elastyczno\u015b\u0107 i wydajno\u015b\u0107 z indywidualnym dopasowaniem. Wykonane z wysokiej jako\u015bci sk\u00f3ry koziej, os\u0142on kostek TPU i zapi\u0119cia na rzep dla zabezpieczenia nadgarstka, s\u0105 idealne do wy\u015bcig\u00f3w, codziennych przeja\u017cd\u017cek lub obowi\u0105zk\u00f3w patrolowych. Dost\u0119pne w wielu kolorach, r\u0119kawice te spe\u0142niaj\u0105 normy EN13594 w zakresie bezpiecze\u0144stwa i trwa\u0142o\u015bci.<\/p>","protected":false},"featured_media":9283,"comment_status":"closed","ping_status":"closed","template":"","meta":[],"product_brand":[35],"product_cat":[68],"product_tag":[353,354,355,356,357,358,359,360,361,362,363,364,365,366,367,368,369,370,371,372],"class_list":{"0":"post-9179","1":"product","2":"type-product","3":"status-publish","4":"has-post-thumbnail","6":"product_brand-ryinz","7":"product_cat-ryinz","8":"product_tag-b2b-leather-racing-gloves-eu","9":"product_tag-breathable-biker-gloves-custom","10":"product_tag-chrom-vi-free-gloves-for-sale","11":"product_tag-custom-logo-biker-gloves-eu","12":"product_tag-custom-motorcycle-gloves-ryinz","13":"product_tag-eu-style-racing-gloves-design","14":"product_tag-gel-padded-motorbike-gloves","15":"product_tag-goat-leather-racing-gloves-eu","16":"product_tag-high-grip-motorcycle-gloves-eu","17":"product_tag-hook-loop-secure-wrist-gloves","18":"product_tag-motorbike-gloves-premium-leather","19":"product_tag-premium-goat-leather-gloves-ryinz","20":"product_tag-racing-gloves-with-gel-closure","21":"product_tag-reinforced-finger-gloves-ryinz","22":"product_tag-rubber-knuckle-gloves-ryinz","23":"product_tag-ryinz-blue-white-racing-gloves","24":"product_tag-synthetic-patch-biker-gloves","25":"product_tag-tpu-knuckle-biker-gloves-bulk","26":"product_tag-track-ready-motorbike-gloves-eu","27":"product_tag-wrist-strap-leather-bike-gloves","29":"first","30":"instock","31":"taxable","32":"shipping-taxable","33":"purchasable","34":"product-type-simple"},"_links":{"self":[{"href":"https:\/\/ryinz.cz\/velkoobchod\/pl\/wp-json\/wp\/v2\/product\/9179","targetHints":{"allow":["GET"]}}],"collection":[{"href":"https:\/\/ryinz.cz\/velkoobchod\/pl\/wp-json\/wp\/v2\/product"}],"about":[{"href":"https:\/\/ryinz.cz\/velkoobchod\/pl\/wp-json\/wp\/v2\/types\/product"}],"replies":[{"embeddable":true,"href":"https:\/\/ryinz.cz\/velkoobchod\/pl\/wp-json\/wp\/v2\/comments?post=9179"}],"wp:featuredmedia":[{"embeddable":true,"href":"https:\/\/ryinz.cz\/velkoobchod\/pl\/wp-json\/wp\/v2\/media\/9283"}],"wp:attachment":[{"href":"https:\/\/ryinz.cz\/velkoobchod\/pl\/wp-json\/wp\/v2\/media?parent=9179"}],"wp:term":[{"taxonomy":"product_brand","embeddable":true,"href":"https:\/\/ryinz.cz\/velkoobchod\/pl\/wp-json\/wp\/v2\/product_brand?post=9179"},{"taxonomy":"product_cat","embeddable":true,"href":"https:\/\/ryinz.cz\/velkoobchod\/pl\/wp-json\/wp\/v2\/product_cat?post=9179"},{"taxonomy":"product_tag","embeddable":true,"href":"https:\/\/ryinz.cz\/velkoobchod\/pl\/wp-json\/wp\/v2\/product_tag?post=9179"}],"curies":[{"name":"wp","href":"https:\/\/api.w.org\/{rel}","templated":true}]}}