{"id":9178,"date":"2025-08-26T11:48:34","date_gmt":"2025-08-26T11:48:34","guid":{"rendered":"https:\/\/ryinz.cz\/velkoobchod\/?post_type=product&#038;p=9178"},"modified":"2026-01-18T20:18:02","modified_gmt":"2026-01-18T20:18:02","slug":"wysokiej-jakosci-hurtowe-niestandardowe-rekawice-wyscigowe-z-koziej-skory-z-zelowa-wysciolka-kostki-tpu-dla-motocyklistow-ue-usa","status":"publish","type":"product","link":"https:\/\/ryinz.cz\/velkoobchod\/pl\/product\/premium-wholesale-custom-goat-leather-racing-gloves-with-tpu-knuckle-gel-padding-for-motorbike-riders-eu-usa\/","title":{"rendered":"Najwy\u017cszej jako\u015bci hurtowe niestandardowe r\u0119kawice wy\u015bcigowe z koziej sk\u00f3ry z przegubem TPU i \u017celow\u0105 wy\u015bci\u00f3\u0142k\u0105 dla motocyklist\u00f3w UE\/USA"},"content":{"rendered":"<p data-pm-slice=\"1 1 []\">Przedstawiamy r\u0119kawice RYINZ Premium Goat Leather Racing Gloves, odwa\u017cn\u0105 innowacj\u0119 w zakresie bezpiecze\u0144stwa kierowcy i osi\u0105g\u00f3w wy\u015bcigowych. Opracowane specjalnie dla dystrybutor\u00f3w hurtowych, sprzedawc\u00f3w detalicznych i marek prywatnych w UE i USA, te r\u0119kawice motocyklowe \u0142\u0105cz\u0105 najnowocze\u015bniejsz\u0105 technologi\u0119 ochronn\u0105 z kunsztem rzemie\u015blniczym ukierunkowanym na komfort. Ka\u017cda cecha zosta\u0142a starannie dobrana, aby sprosta\u0107 rygorystycznym wymaganiom sport\u00f3w motorowych i codziennej jazdy.<\/p>\n<p><strong>Materia\u0142y i jako\u015b\u0107 wykonania<\/strong><\/p>\n<p>Wykonane z pe\u0142noziarnistej sk\u00f3ry koziej PCP, r\u0119kawice te zapewniaj\u0105 wysok\u0105 wytrzyma\u0142o\u015b\u0107 na rozci\u0105ganie, oferuj\u0105c jednocze\u015bnie oddychalno\u015b\u0107 i elastyczno\u015b\u0107. Najwy\u017cszej jako\u015bci sk\u00f3ra u\u017cyta w tych r\u0119kawicach jest wolna od Chromu VI, co czyni je ekologicznym i przyjaznym dla sk\u00f3ry wyborem dla codziennych rowerzyst\u00f3w i zawodnik\u00f3w. Dodatkowa nak\u0142adka ze sk\u00f3ry syntetycznej jest zintegrowana w strefach napr\u0119\u017ce\u0144, aby zapewni\u0107 dwuwarstwow\u0105 ochron\u0119 przed wysypk\u0105 drogow\u0105 i uszkodzeniami spowodowanymi wysokim tarciem.<\/p>\n<p><strong>Zaawansowane warstwy ochrony<\/strong><\/p>\n<p>R\u0119kawice s\u0105 wy\u015bcie\u0142ane piank\u0105 GEL FOAM w obszarze d\u0142oni i kostek, co minimalizuje wibracje i zmniejsza ryzyko zm\u0119czenia d\u0142oni podczas d\u0142ugotrwa\u0142ego u\u017cytkowania. Dodatkowa wy\u015bci\u00f3\u0142ka GEL FOAM w obszarze zapi\u0119cia nadgarstka zwi\u0119ksza bezpiecze\u0144stwo i wygod\u0119 dla wszystkich rozmiar\u00f3w nadgarstk\u00f3w. Na knykciach znajduje si\u0119 warstwa pancerza z TPU (termoplastycznego poliuretanu), kt\u00f3ra zapewnia sztywn\u0105 ochron\u0119 bez ograniczania mobilno\u015bci d\u0142oni.<\/p>\n<p><strong>Ergonomiczna konstrukcja i dopasowanie<\/strong><\/p>\n<p>Ergonomicznie wyprofilowane, aby odzwierciedli\u0107 naturalny kszta\u0142t d\u0142oni je\u017adzieckiej, r\u0119kawice te maj\u0105 zakrzywione wzory palc\u00f3w i elastyczne szwy. Zintegrowane paski na nadgarstki, wzmocnione zapi\u0119ciami na rzep, zapewniaj\u0105 indywidualne dopasowanie za ka\u017cdym razem. Wewn\u0119trzne szwy palc\u00f3w s\u0105 dopasowane, aby zmniejszy\u0107 punkty nacisku i wyeliminowa\u0107 wewn\u0119trzne tarcie.<\/p>\n<p><strong>Niestandardowy branding i wsparcie sprzeda\u017cy detalicznej<\/strong><\/p>\n<p>Dzi\u0119ki us\u0142ugom dostosowywania RYINZ mo\u017cesz w\u0142\u0105czy\u0107 w\u0142asne logo lub wsp\u00f3\u0142tworzy\u0107 mark\u0119 z naszym uznanym znakiem RYINZ. Masowe zam\u00f3wienia B2B obejmuj\u0105 wsparcie w zakresie prywatnego etykietowania, projektowania zawieszek, rozwi\u0105za\u0144 opakowaniowych i zgodno\u015bci z rozmiarami UE\/USA. Przyjazne warunki MOQ i ekspresowa produkcja sprawiaj\u0105, \u017ce r\u0119kawice te s\u0105 idealn\u0105 opcj\u0105 na targi, sezonowe premiery i kampanie promocyjne.<\/p>\n<p><strong>Zastosowania i docelowi nabywcy<\/strong><\/p>\n<p>Idealny do wy\u015bcig\u00f3w superbike, jazdy kaskaderskiej, dni na torze, turystyki, a nawet miejskich dojazd\u00f3w do pracy. Partnerzy B2B obejmuj\u0105 sprzedawc\u00f3w internetowych, sprzedawc\u00f3w odzie\u017cy sportowej, kluby motocyklowe, sprzedawc\u00f3w Amazon FBA i sieci dealerskie. Ochronny i stylowy design przyci\u0105ga zar\u00f3wno profesjonalnych, jak i amatorskich motocyklist\u00f3w.<\/p>\n<p><strong>Instrukcje dotycz\u0105ce piel\u0119gnacji<\/strong><\/p>\n<p>Po u\u017cyciu przetrze\u0107 wilgotn\u0105 szmatk\u0105. Przechowywa\u0107 w suchym, wentylowanym miejscu. Unikaj d\u0142ugotrwa\u0142ej ekspozycji na s\u0142o\u0144ce, aby zachowa\u0107 tekstur\u0119 sk\u00f3ry i \u017cywo\u015b\u0107 kolor\u00f3w.<\/p>\n<p><strong>Dlaczego RYINZ?<\/strong><\/p>\n<p>RYINZ stoi na przeci\u0119ciu innowacji w zakresie bezpiecze\u0144stwa i stylu. Dzi\u0119ki wieloletniemu do\u015bwiadczeniu w eksporcie r\u0119kawic na ca\u0142ym \u015bwiecie, nasze produkty ciesz\u0105 si\u0119 zaufaniem tysi\u0119cy motocyklist\u00f3w i s\u0105 doceniane za najwy\u017csze standardy materia\u0142owe i dba\u0142o\u015b\u0107 o szczeg\u00f3\u0142y. Wsp\u00f3\u0142pracujemy bezpo\u015brednio z dystrybutorami, zapewniaj\u0105c konkurencyjne ceny, przejrzyst\u0105 obs\u0142ug\u0119 i terminowe dostawy na ca\u0142ym \u015bwiecie.<\/p>","protected":false},"excerpt":{"rendered":"<p data-pm-slice=\"1 1 []\">RYINZ oferuje najwy\u017csz\u0105 ochron\u0119, wydajno\u015b\u0107 i precyzj\u0119 dzi\u0119ki tym wysokowydajnym r\u0119kawicom wy\u015bcigowym wykonanym z koziej sk\u00f3ry PCP. Zaprojektowane z my\u015bl\u0105 o profesjonalnych motocyklistach i entuzjastach szybkiej jazdy, r\u0119kawice te posiadaj\u0105 sk\u0142ad wolny od chromu VI, aby zapewni\u0107 przyjazno\u015b\u0107 dla \u015brodowiska i hipoalergiczny komfort. Zewn\u0119trzna warstwa r\u0119kawic jest strategicznie pokryta syntetyczn\u0105 sk\u00f3r\u0105 w celu zwi\u0119kszenia trwa\u0142o\u015bci i odporno\u015bci na \u015bcieranie, a wewn\u0119trzna wy\u015bci\u00f3\u0142ka z pianki GEL zapewnia bezpiecze\u0144stwo i amortyzacj\u0119 podczas d\u0142ugodystansowych przeja\u017cd\u017cek lub szybkich wy\u015bcig\u00f3w.<\/p>\n<p>R\u0119kawice te s\u0105 wyposa\u017cone w zapi\u0119cia GEL FOAM zapewniaj\u0105ce ochron\u0119 nadgarstka i \u0142atwo\u015b\u0107 dopasowania, tworz\u0105c przytulne i stabilne uczucie nawet w intensywnych warunkach wy\u015bcigowych. Z ty\u0142u znajduj\u0105 si\u0119 wzmocnione ochraniacze knykci z TPU i gumowane paski odporne na uderzenia na palcach, zapewniaj\u0105ce doskona\u0142\u0105 ochron\u0119 przed uderzeniami, \u015bcieraniem i zm\u0119czeniem. Gumowe logo RYINZ dodaje charakterystycznego markowego akcentu, kt\u00f3ry oznacza jako\u015b\u0107 i zaufanie do produkcji hurtowej, detalicznej lub niestandardowej.<\/p>\n<p>Niezale\u017cnie od tego, czy zarz\u0105dzasz sprzeda\u017c\u0105 B2B, prowadzisz sprzeda\u017c detaliczn\u0105, czy chcesz wprowadzi\u0107 markow\u0105 kolekcj\u0119, te r\u0119kawice stanowi\u0105 najlepszy wyb\u00f3r w swojej kategorii. Idealne dla dealer\u00f3w motocyklowych, sprzedawc\u00f3w eCommerce, kierowc\u00f3w torowych i klubowych poszukuj\u0105cych ochrony i stylu w jednym pot\u0119\u017cnym produkcie.<\/p>","protected":false},"featured_media":9282,"comment_status":"closed","ping_status":"closed","template":"","meta":[],"product_brand":[35],"product_cat":[68],"product_tag":[],"class_list":{"0":"post-9178","1":"product","2":"type-product","3":"status-publish","4":"has-post-thumbnail","6":"product_brand-ryinz","7":"product_cat-ryinz","9":"first","10":"instock","11":"taxable","12":"shipping-taxable","13":"purchasable","14":"product-type-simple"},"_links":{"self":[{"href":"https:\/\/ryinz.cz\/velkoobchod\/pl\/wp-json\/wp\/v2\/product\/9178","targetHints":{"allow":["GET"]}}],"collection":[{"href":"https:\/\/ryinz.cz\/velkoobchod\/pl\/wp-json\/wp\/v2\/product"}],"about":[{"href":"https:\/\/ryinz.cz\/velkoobchod\/pl\/wp-json\/wp\/v2\/types\/product"}],"replies":[{"embeddable":true,"href":"https:\/\/ryinz.cz\/velkoobchod\/pl\/wp-json\/wp\/v2\/comments?post=9178"}],"wp:featuredmedia":[{"embeddable":true,"href":"https:\/\/ryinz.cz\/velkoobchod\/pl\/wp-json\/wp\/v2\/media\/9282"}],"wp:attachment":[{"href":"https:\/\/ryinz.cz\/velkoobchod\/pl\/wp-json\/wp\/v2\/media?parent=9178"}],"wp:term":[{"taxonomy":"product_brand","embeddable":true,"href":"https:\/\/ryinz.cz\/velkoobchod\/pl\/wp-json\/wp\/v2\/product_brand?post=9178"},{"taxonomy":"product_cat","embeddable":true,"href":"https:\/\/ryinz.cz\/velkoobchod\/pl\/wp-json\/wp\/v2\/product_cat?post=9178"},{"taxonomy":"product_tag","embeddable":true,"href":"https:\/\/ryinz.cz\/velkoobchod\/pl\/wp-json\/wp\/v2\/product_tag?post=9178"}],"curies":[{"name":"wp","href":"https:\/\/api.w.org\/{rel}","templated":true}]}}