{"id":9170,"date":"2025-06-22T15:31:15","date_gmt":"2025-06-22T15:31:15","guid":{"rendered":"https:\/\/ryinz.cz\/velkoobchod\/?post_type=product&#038;p=9170"},"modified":"2026-01-18T20:17:56","modified_gmt":"2026-01-18T20:17:56","slug":"brazowe-czarne-zimowe-rekawiczki-ryinz-niestandardowe-ocieplane-wodoodporne-polarowe-rekawiczki-na-zimna-pogode-hurtowa-sprzedaz-detaliczna","status":"publish","type":"product","link":"https:\/\/ryinz.cz\/velkoobchod\/pl\/product\/brown-black-winter-mittens-by-ryinz-custom-insulated-waterproof-fleece-mitt-gloves-for-cold-weather-wholesale-retail\/","title":{"rendered":"Br\u0105zowo-czarne r\u0119kawiczki zimowe RYINZ | Niestandardowe izolowane wodoodporne r\u0119kawiczki z polaru na zimn\u0105 pogod\u0119 Sprzeda\u017c hurtowa i detaliczna"},"content":{"rendered":"<p data-start=\"1107\" data-end=\"1481\">The <strong data-start=\"1111\" data-end=\"1150\">R\u0119kawice ocieplane RYINZ br\u0105zowo-czarne<\/strong> s\u0105 alternatyw\u0105 dla klient\u00f3w i nabywc\u00f3w, dla kt\u00f3rych priorytetem jest ciep\u0142o, ochrona i ergonomiczna prostota. Stworzony z my\u015bl\u0105 o ekstremalnych mrozach, model ten wykorzystuje tradycyjn\u0105 konstrukcj\u0119 r\u0119kawicy dla maksymalnego zatrzymywania ciep\u0142a, jednocze\u015bnie integruj\u0105c nowoczesne materia\u0142y i opcje brandingu do odsprzeda\u017cy i marki w\u0142asnej.<\/p>\n<p data-start=\"1483\" data-end=\"1762\">Dzi\u0119ki mniejszej liczbie szw\u00f3w ni\u017c w standardowych r\u0119kawicach i izolowanemu, jednokomorowemu wn\u0119trzu, r\u0119kawice takie jak te zapewniaj\u0105 niezr\u00f3wnan\u0105 odporno\u015b\u0107 na zimno. W\u0142a\u015bnie dlatego pozostaj\u0105 one r\u0119kawicami wybieranymi przez mi\u0142o\u015bnik\u00f3w skuter\u00f3w \u015bnie\u017cnych, za\u0142ogi wypraw arktycznych, narciarzy i ka\u017cdego, kto pracuje na zewn\u0105trz w ujemnych temperaturach.<\/p>\n<hr data-start=\"1764\" data-end=\"1767\" \/>\n<h4 data-start=\"1769\" data-end=\"1811\">???? <strong data-start=\"1777\" data-end=\"1811\">Struktura produktu i materia\u0142y:<\/strong><\/h4>\n<ul data-start=\"1812\" data-end=\"2372\">\n<li data-start=\"1812\" data-end=\"1925\">\n<p data-start=\"1814\" data-end=\"1925\"><strong data-start=\"1814\" data-end=\"1830\">Pow\u0142oka zewn\u0119trzna:<\/strong> Dwukolorowa br\u0105zowo-czarna tkanina odporna na warunki atmosferyczne z tekstur\u0105 tekstyln\u0105 dla zwi\u0119kszenia atrakcyjno\u015bci wizualnej<\/p>\n<\/li>\n<li data-start=\"1926\" data-end=\"2014\">\n<p data-start=\"1928\" data-end=\"2014\"><strong data-start=\"1928\" data-end=\"1942\">Strefa Palmowa:<\/strong> Sk\u00f3ra syntetyczna PU zapewnia doskona\u0142\u0105 przyczepno\u015b\u0107 i zwi\u0119kszon\u0105 odporno\u015b\u0107 na zu\u017cycie<\/p>\n<\/li>\n<li data-start=\"2015\" data-end=\"2119\">\n<p data-start=\"2017\" data-end=\"2119\"><strong data-start=\"2017\" data-end=\"2030\">Wn\u0119trze:<\/strong> Polarowa podszewka termiczna, mi\u0119kka dla sk\u00f3ry i zaprojektowana do zatrzymywania ciep\u0142a bez gromadzenia wilgoci<\/p>\n<\/li>\n<li data-start=\"2120\" data-end=\"2218\">\n<p data-start=\"2122\" data-end=\"2218\"><strong data-start=\"2122\" data-end=\"2138\">Styl nadgarstka:<\/strong> Rozci\u0105gliwa strefa opaski utrzymuje ciep\u0142o wewn\u0105trz i zapobiega przedostawaniu si\u0119 zimnego powietrza lub \u015bniegu.<\/p>\n<\/li>\n<li data-start=\"2219\" data-end=\"2300\">\n<p data-start=\"2221\" data-end=\"2300\"><strong data-start=\"2221\" data-end=\"2235\">Dopasowanie kciuka:<\/strong> K\u0105towa konstrukcja pozwala na swobodny ruch d\u0142oni pomimo kszta\u0142tu r\u0119kawicy<\/p>\n<\/li>\n<li data-start=\"2301\" data-end=\"2372\">\n<p data-start=\"2303\" data-end=\"2372\"><strong data-start=\"2303\" data-end=\"2316\">Kolorystyka:<\/strong> Br\u0105zowy + czarny + ciep\u0142y be\u017c dla naturalnego, ziemistego wygl\u0105du<\/p>\n<\/li>\n<\/ul>\n<hr data-start=\"2374\" data-end=\"2377\" \/>\n<h4 data-start=\"2379\" data-end=\"2415\">???? <strong data-start=\"2387\" data-end=\"2415\">Kluczowe korzy\u015bci funkcjonalne:<\/strong><\/h4>\n<ul data-start=\"2416\" data-end=\"2856\">\n<li data-start=\"2416\" data-end=\"2514\">\n<p data-start=\"2418\" data-end=\"2514\">\u2705 <strong data-start=\"2420\" data-end=\"2439\">Zatrzymywanie ciep\u0142a:<\/strong> Jednokomorowa konstrukcja r\u0119kawic utrzymuje ciep\u0142o d\u0142u\u017cej ni\u017c r\u0119kawice z wieloma palcami<\/p>\n<\/li>\n<li data-start=\"2515\" data-end=\"2615\">\n<p data-start=\"2517\" data-end=\"2615\">\u2705 <strong data-start=\"2519\" data-end=\"2542\">Funkcjonalno\u015b\u0107 uchwytu:<\/strong> D\u0142o\u0144 ze sk\u00f3ry PU wspiera obs\u0142ug\u0119 narz\u0119dzi, kijk\u00f3w narciarskich, uchwyt\u00f3w skuter\u00f3w \u015bnie\u017cnych<\/p>\n<\/li>\n<li data-start=\"2616\" data-end=\"2700\">\n<p data-start=\"2618\" data-end=\"2700\">\u2705 <strong data-start=\"2620\" data-end=\"2648\">Ochrona przed wiatrem i wod\u0105:<\/strong> Wielowarstwowa pow\u0142oka chroni d\u0142onie w ekstremalnych warunkach pogodowych<\/p>\n<\/li>\n<li data-start=\"2701\" data-end=\"2775\">\n<p data-start=\"2703\" data-end=\"2775\">\u2705 <strong data-start=\"2705\" data-end=\"2720\">Indywidualne dopasowanie:<\/strong> Elastyczna strefa nadgarstka dopasowuje si\u0119 do odzie\u017cy wierzchniej lub go\u0142ej sk\u00f3ry<\/p>\n<\/li>\n<li data-start=\"2776\" data-end=\"2856\">\n<p data-start=\"2778\" data-end=\"2856\">\u2705 <strong data-start=\"2780\" data-end=\"2800\">Niskie koszty utrzymania:<\/strong> \u0141atwy w czyszczeniu, szybko schnie i jest odporny na nieprzyjemne zapachy przez d\u0142ugi czas.<\/p>\n<\/li>\n<\/ul>\n<hr data-start=\"2858\" data-end=\"2861\" \/>\n<h4 data-start=\"2863\" data-end=\"2912\">???? <strong data-start=\"2871\" data-end=\"2912\">Mo\u017cliwo\u015bci OEM \/ White Label (RYINZ):<\/strong><\/h4>\n<ul data-start=\"2913\" data-end=\"3291\">\n<li data-start=\"2913\" data-end=\"2989\">\n<p data-start=\"2915\" data-end=\"2989\">Opcje znakowania: wyt\u0142oczone logo, sk\u00f3rzana naszywka, sitodruk, zgrzewanie<\/p>\n<\/li>\n<li data-start=\"2990\" data-end=\"3028\">\n<p data-start=\"2992\" data-end=\"3028\">Rozmiary: Doro\u015bli unisex - S, M, L, XL<\/p>\n<\/li>\n<li data-start=\"3029\" data-end=\"3047\">\n<p data-start=\"3031\" data-end=\"3047\">MOQ: 300 par<\/p>\n<\/li>\n<li data-start=\"3048\" data-end=\"3128\">\n<p data-start=\"3050\" data-end=\"3128\">Kolory dost\u0119pne na zam\u00f3wienie: czarno-szary, granatowo-be\u017cowy, oliwkowo-tanowy<\/p>\n<\/li>\n<li data-start=\"3129\" data-end=\"3203\">\n<p data-start=\"3131\" data-end=\"3203\">Rodzaje opakowa\u0144: folia ekologiczna sk\u0142adana na p\u0142asko, torebka foliowa z przywieszk\u0105, opakowanie prezentowe<\/p>\n<\/li>\n<li data-start=\"3204\" data-end=\"3291\">\n<p data-start=\"3206\" data-end=\"3291\">Niestandardowe wersje dost\u0119pne dla o\u015brodk\u00f3w narciarskich, szk\u00f3\u0142, personelu zimowego lub nabywc\u00f3w mundur\u00f3w<\/p>\n<\/li>\n<\/ul>\n<hr data-start=\"3293\" data-end=\"3296\" \/>\n<h4 data-start=\"3298\" data-end=\"3339\">???? <strong data-start=\"3306\" data-end=\"3339\">Rekomendowani nabywcy i rynki:<\/strong><\/h4>\n<ul data-start=\"3340\" data-end=\"3686\">\n<li data-start=\"3340\" data-end=\"3382\">\n<p data-start=\"3342\" data-end=\"3382\">???? <strong data-start=\"3345\" data-end=\"3380\">Marki w\u0142asne odzie\u017cy zimowej<\/strong><\/p>\n<\/li>\n<li data-start=\"3383\" data-end=\"3422\">\n<p data-start=\"3385\" data-end=\"3422\">\u2744\ufe0f <strong data-start=\"3388\" data-end=\"3420\">O\u015brodek narciarski i wypo\u017cyczalnie<\/strong><\/p>\n<\/li>\n<li data-start=\"3423\" data-end=\"3462\">\n<p data-start=\"3425\" data-end=\"3462\">???? <strong data-start=\"3428\" data-end=\"3460\">Dostawcy sprz\u0119tu do pracy na zewn\u0105trz<\/strong><\/p>\n<\/li>\n<li data-start=\"3463\" data-end=\"3515\">\n<p data-start=\"3465\" data-end=\"3515\">????\ufe0f <strong data-start=\"3469\" data-end=\"3513\">Zespo\u0142y skuter\u00f3w \u015bnie\u017cnych i ekspedycji g\u00f3rskich<\/strong><\/p>\n<\/li>\n<li data-start=\"3516\" data-end=\"3572\">\n<p data-start=\"3518\" data-end=\"3572\">???? <strong data-start=\"3521\" data-end=\"3570\">Dostawcy \u015bnie\u017cnej odzie\u017cy roboczej i uniform\u00f3w logistycznych<\/strong><\/p>\n<\/li>\n<li data-start=\"3573\" data-end=\"3633\">\n<p data-start=\"3575\" data-end=\"3633\">???? <strong data-start=\"3578\" data-end=\"3631\">Sprzedawcy detaliczni rozszerzaj\u0105 swoje kategorie r\u0119kawic zimowych<\/strong><\/p>\n<\/li>\n<li data-start=\"3634\" data-end=\"3686\">\n<p data-start=\"3636\" data-end=\"3686\">???? <strong data-start=\"3639\" data-end=\"3686\">Europejskie hurtownie i sklepy Amazon<\/strong><\/p>\n<\/li>\n<\/ul>\n<hr data-start=\"3688\" data-end=\"3691\" \/>\n<h4 data-start=\"3693\" data-end=\"3736\">???? <strong data-start=\"3701\" data-end=\"3736\">Dlaczego warto wybra\u0107 te r\u0119kawiczki RYINZ?<\/strong><\/h4>\n<p data-start=\"3737\" data-end=\"4127\">R\u0119kawiczki powracaj\u0105 - szczeg\u00f3lnie na rynkach, gdzie zima jest d\u0142uga i mro\u017ana. <strong data-start=\"3835\" data-end=\"3844\">RYINZ<\/strong> zaprojektowa\u0142a ten model tak, aby odzwierciedla\u0142 zar\u00f3wno funkcjonalno\u015b\u0107, jak i mod\u0119: ciep\u0142y, minimalistyczny i \u0142atwy do zintegrowania z programami marek w\u0142asnych. Niezale\u017cnie od tego, czy gromadzisz zapasy na wynajem kurortu, czy przygotowujesz si\u0119 do uruchomienia linii odzie\u017cy zimowej, te r\u0119kawiczki sprawdz\u0105 si\u0119 pod ka\u017cdym wzgl\u0119dem pod wzgl\u0119dem ciep\u0142a, dopasowania i atrakcyjno\u015bci rynkowej.<\/p>\n<p data-start=\"4129\" data-end=\"4275\">Zaufany przez globalnych nabywc\u00f3w i wykonany zgodnie ze standardami tolerancji UE. <strong data-start=\"4194\" data-end=\"4223\">Br\u0105zowo-czarne r\u0119kawiczki RYINZ<\/strong> s\u0105 bezpieczn\u0105 inwestycj\u0105 z du\u017cym potencja\u0142em mar\u017cy.<\/p>\n<hr data-start=\"4277\" data-end=\"4280\" \/>\n<p data-start=\"4282\" data-end=\"4367\"><strong data-start=\"4282\" data-end=\"4367\">Prosty. Funkcjonalny. Odporne na mr\u00f3z. R\u0119kawiczki RYINZ to najcieplejszy u\u015bcisk d\u0142oni w zimie.<\/strong><\/p>","protected":false},"excerpt":{"rendered":"<p>Cieplej i d\u0142u\u017cej dzi\u0119ki <strong data-start=\"453\" data-end=\"500\">Br\u0105zowo-czarne wodoodporne r\u0119kawice zimowe RYINZ<\/strong> - stworzone z my\u015bl\u0105 o zimnym klimacie, \u015bnie\u017cnych przygodach i pracy na \u015bwie\u017cym powietrzu. R\u0119kawice te s\u0105 w pe\u0142ni izolowane, wiatroszczelne i wodoodporne, a ich wn\u0119trze wykonane jest z wytrzyma\u0142ej sk\u00f3ry PU, zapewniaj\u0105cej dobr\u0105 przyczepno\u015b\u0107 i trwa\u0142o\u015b\u0107. Konstrukcja z dzielonego materia\u0142u zapewnia atrakcyjno\u015b\u0107 wizualn\u0105 dla nowoczesnych linii odzie\u017cy zimowej, a gruba polarowa podszewka zapewnia komfort termiczny w mro\u017anych warunkach. Zaprojektowane z my\u015bl\u0105 o personalizacji marki w\u0142asnej i odsprzeda\u017cy hurtowej, r\u0119kawice te s\u0105 idealne dla o\u015brodk\u00f3w narciarskich, przewodnik\u00f3w g\u00f3rskich, pracownik\u00f3w outdoorowych i sprzedawc\u00f3w detalicznych odzie\u017cy zimowej w ca\u0142ej Europie i poza ni\u0105.<\/p>","protected":false},"featured_media":9195,"comment_status":"closed","ping_status":"closed","template":"","meta":[],"product_brand":[35],"product_cat":[57],"product_tag":[304,305,306,307,308,309,310,311,312,313,314,315,316,317,318],"class_list":{"0":"post-9170","1":"product","2":"type-product","3":"status-publish","4":"has-post-thumbnail","6":"product_brand-ryinz","8":"product_tag-brown-and-white-stitched-thermal-gloves","9":"product_tag-cold-weather-accessories-for-gifting","10":"product_tag-designer-inspired-winter-gloves-for-branding","11":"product_tag-fashion-gloves-for-urban-winter-outfits","12":"product_tag-insulated-quilt-gloves-for-winter-sports","13":"product_tag-luxury-gloves-for-fashion-retailers","14":"product_tag-oem-touchscreen-gloves-with-fleece","15":"product_tag-premium-driving-gloves-for-winter-use","16":"product_tag-quilted-winter-gloves-with-zipper","17":"product_tag-ryinz-gloves-for-private-label-winterwear","18":"product_tag-soft-lined-gloves-for-snow-and-frost","19":"product_tag-thermal-gloves-for-equestrian-apparel","20":"product_tag-touchscreen-compatible-outdoor-gloves","21":"product_tag-wholesale-fur-lined-gloves-for-boutiques","22":"product_tag-womens-touchscreen-cold-weather-gloves","24":"first","25":"instock","26":"taxable","27":"shipping-taxable","28":"purchasable","29":"product-type-simple"},"_links":{"self":[{"href":"https:\/\/ryinz.cz\/velkoobchod\/pl\/wp-json\/wp\/v2\/product\/9170","targetHints":{"allow":["GET"]}}],"collection":[{"href":"https:\/\/ryinz.cz\/velkoobchod\/pl\/wp-json\/wp\/v2\/product"}],"about":[{"href":"https:\/\/ryinz.cz\/velkoobchod\/pl\/wp-json\/wp\/v2\/types\/product"}],"replies":[{"embeddable":true,"href":"https:\/\/ryinz.cz\/velkoobchod\/pl\/wp-json\/wp\/v2\/comments?post=9170"}],"wp:featuredmedia":[{"embeddable":true,"href":"https:\/\/ryinz.cz\/velkoobchod\/pl\/wp-json\/wp\/v2\/media\/9195"}],"wp:attachment":[{"href":"https:\/\/ryinz.cz\/velkoobchod\/pl\/wp-json\/wp\/v2\/media?parent=9170"}],"wp:term":[{"taxonomy":"product_brand","embeddable":true,"href":"https:\/\/ryinz.cz\/velkoobchod\/pl\/wp-json\/wp\/v2\/product_brand?post=9170"},{"taxonomy":"product_cat","embeddable":true,"href":"https:\/\/ryinz.cz\/velkoobchod\/pl\/wp-json\/wp\/v2\/product_cat?post=9170"},{"taxonomy":"product_tag","embeddable":true,"href":"https:\/\/ryinz.cz\/velkoobchod\/pl\/wp-json\/wp\/v2\/product_tag?post=9170"}],"curies":[{"name":"wp","href":"https:\/\/api.w.org\/{rel}","templated":true}]}}