{"id":9169,"date":"2025-06-22T15:31:14","date_gmt":"2025-06-22T15:31:14","guid":{"rendered":"https:\/\/ryinz.cz\/velkoobchod\/?post_type=product&#038;p=9169"},"modified":"2026-01-18T20:17:55","modified_gmt":"2026-01-18T20:17:55","slug":"ryinz-wszystkie-czarne-wodoodporne-rekawice-zimowe-niestandardowe-ocieplane-rekawice-sniezne-z-mankietem-na-pasek-do-pracy-sport-detaliczny-b2b","status":"publish","type":"product","link":"https:\/\/ryinz.cz\/velkoobchod\/pl\/product\/ryinz-all-black-waterproof-winter-gloves-custom-insulated-snow-gloves-with-strap-cuff-for-work-sports-retail-b2b\/","title":{"rendered":"Ca\u0142kowicie czarne wodoodporne r\u0119kawice zimowe RYINZ | Niestandardowe izolowane r\u0119kawice \u015bnie\u017cne z mankietem na pasek do pracy, sportu i handlu detalicznego B2B"},"content":{"rendered":"<p data-start=\"1094\" data-end=\"1447\">Przedstawiamy <strong data-start=\"1110\" data-end=\"1152\">R\u0119kawice \u015bniegowe RYINZ All-Black z mankietem na pasek<\/strong> - Zimowy niezb\u0119dnik Twojej marki stworzony z my\u015bl\u0105 o wydajno\u015bci, cieple i eleganckiej kompatybilno\u015bci z mundurem. Te r\u0119kawice zosta\u0142y zaprojektowane z my\u015bl\u0105 o funkcjonalno\u015bci: wodoodporna pow\u0142oka, mi\u0119kka podszewka termiczna i regulowany system pask\u00f3w, kt\u00f3ry zapewnia \u015bcis\u0142e dopasowanie bez wzgl\u0119du na rozmiar nadgarstka lub intensywno\u015b\u0107 aktywno\u015bci.<\/p>\n<p data-start=\"1449\" data-end=\"1795\">Niezale\u017cnie od tego, czy wyposa\u017casz zespo\u0142y o\u015brodk\u00f3w narciarskich, ekipy pracuj\u0105ce zim\u0105, entuzjast\u00f3w outdooru, czy te\u017c wprowadzasz now\u0105 lini\u0119 produkt\u00f3w odzie\u017cy zimowej, ta r\u0119kawica jest uniwersalnym rozwi\u0105zaniem. Wykonane ze standardowych w bran\u017cy, odpornych na zimno materia\u0142\u00f3w i wykonane w minimalistycznym czarnym kolorze, s\u0105 niezawodn\u0105 opcj\u0105 dla <strong data-start=\"1740\" data-end=\"1794\">branding, sprzeda\u017c hurtowa, uniformy i odsprzeda\u017c katalog\u00f3w<\/strong>.<\/p>\n<hr data-start=\"1797\" data-end=\"1800\" \/>\n<h4 data-start=\"1802\" data-end=\"1850\">???? <strong data-start=\"1810\" data-end=\"1850\">Cechy produktu i szczeg\u00f3\u0142y materia\u0142owe:<\/strong><\/h4>\n<ul data-start=\"1851\" data-end=\"2391\">\n<li data-start=\"1851\" data-end=\"1913\">\n<p data-start=\"1853\" data-end=\"1913\"><strong data-start=\"1853\" data-end=\"1872\">Pow\u0142oka zewn\u0119trzna:<\/strong> Czarna wodoodporna tkanina odporna na wiatr<\/p>\n<\/li>\n<li data-start=\"1914\" data-end=\"2000\">\n<p data-start=\"1916\" data-end=\"2000\"><strong data-start=\"1916\" data-end=\"1931\">Izolacja:<\/strong> Mi\u0119kka syntetyczna warstwa termiczna z polaru zapewniaj\u0105ca komfort i zatrzymywanie ciep\u0142a<\/p>\n<\/li>\n<li data-start=\"2001\" data-end=\"2082\">\n<p data-start=\"2003\" data-end=\"2082\"><strong data-start=\"2003\" data-end=\"2019\">D\u0142o\u0144 i uchwyt:<\/strong> Elastyczna strefa d\u0142oni z PU do obs\u0142ugi narz\u0119dzi i kontroli tarcia<\/p>\n<\/li>\n<li data-start=\"2083\" data-end=\"2166\">\n<p data-start=\"2085\" data-end=\"2166\"><strong data-start=\"2085\" data-end=\"2100\">Styl mankietu:<\/strong> D\u0142ugi mankiet r\u0119kawicy z elastycznym \u015bci\u0105gaczem blokuj\u0105cym \u015bnieg i wiatr<\/p>\n<\/li>\n<li data-start=\"2167\" data-end=\"2240\">\n<p data-start=\"2169\" data-end=\"2240\"><strong data-start=\"2169\" data-end=\"2187\">Mo\u017cliwo\u015b\u0107 regulacji:<\/strong> Wbudowany system pask\u00f3w do indywidualnej kompresji nadgarstka<\/p>\n<\/li>\n<li data-start=\"2241\" data-end=\"2324\">\n<p data-start=\"2243\" data-end=\"2324\"><strong data-start=\"2243\" data-end=\"2253\">Kolor:<\/strong> W pe\u0142ni czarne wyko\u0144czenie z dopasowanym czarnym brandingiem - eleganckie i wszechstronne<\/p>\n<\/li>\n<li data-start=\"2325\" data-end=\"2391\">\n<p data-start=\"2327\" data-end=\"2391\"><strong data-start=\"2327\" data-end=\"2341\">Szwy:<\/strong> Podw\u00f3jne szwy zapewniaj\u0105 trwa\u0142o\u015b\u0107 podczas intensywnego u\u017cytkowania<\/p>\n<\/li>\n<\/ul>\n<hr data-start=\"2393\" data-end=\"2396\" \/>\n<h4 data-start=\"2398\" data-end=\"2444\">???? <strong data-start=\"2406\" data-end=\"2444\">Wydajno\u015b\u0107 i korzy\u015bci funkcjonalne:<\/strong><\/h4>\n<ul data-start=\"2445\" data-end=\"2777\">\n<li data-start=\"2445\" data-end=\"2501\">\n<p data-start=\"2447\" data-end=\"2501\">\u2705 <strong data-start=\"2449\" data-end=\"2467\">Ciep\u0142o przez ca\u0142y dzie\u0144<\/strong> bez pocenia si\u0119 i przegrzewania<\/p>\n<\/li>\n<li data-start=\"2502\" data-end=\"2568\">\n<p data-start=\"2504\" data-end=\"2568\">\u2705 <strong data-start=\"2506\" data-end=\"2529\">Bezpieczny system pask\u00f3w<\/strong> Zapewnia brak po\u015blizgu nawet podczas aktywno\u015bci<\/p>\n<\/li>\n<li data-start=\"2569\" data-end=\"2635\">\n<p data-start=\"2571\" data-end=\"2635\">\u2705 <strong data-start=\"2573\" data-end=\"2597\">Przed\u0142u\u017cony mankiet<\/strong> Chroni przedrami\u0119 przed wnikaniem \u015bniegu<\/p>\n<\/li>\n<li data-start=\"2636\" data-end=\"2714\">\n<p data-start=\"2638\" data-end=\"2714\">\u2705 <strong data-start=\"2640\" data-end=\"2660\">Stylizacja zaciemnienia<\/strong> Idealny dla sektor\u00f3w taktycznych, bezpiecze\u0144stwa i logistyki<\/p>\n<\/li>\n<li data-start=\"2715\" data-end=\"2777\">\n<p data-start=\"2717\" data-end=\"2777\">\u2705 <strong data-start=\"2719\" data-end=\"2745\">Wyko\u0144czenie niewymagaj\u0105ce konserwacji<\/strong> - \u0142atwe do czyszczenia, szybkie do wyschni\u0119cia<\/p>\n<\/li>\n<\/ul>\n<hr data-start=\"2779\" data-end=\"2782\" \/>\n<h4 data-start=\"2784\" data-end=\"2834\">???? <strong data-start=\"2792\" data-end=\"2834\">Us\u0142ugi dostosowywania i OEM firmy RYINZ:<\/strong><\/h4>\n<ul data-start=\"2835\" data-end=\"3206\">\n<li data-start=\"2835\" data-end=\"2907\">\n<p data-start=\"2837\" data-end=\"2907\">Logotypy: drukowane, wyt\u0142aczane lub naszywane na nadgarstku, mankiecie lub backhandzie<\/p>\n<\/li>\n<li data-start=\"2908\" data-end=\"2974\">\n<p data-start=\"2910\" data-end=\"2974\">Warianty kolorystyczne: Dost\u0119pne w kolorach: czarny\/niebieski, czarny\/szary, granatowy<\/p>\n<\/li>\n<li data-start=\"2975\" data-end=\"3006\">\n<p data-start=\"2977\" data-end=\"3006\">Zakres rozmiar\u00f3w: XS, S, M, L, XL<\/p>\n<\/li>\n<li data-start=\"3007\" data-end=\"3082\">\n<p data-start=\"3009\" data-end=\"3082\">Funkcje opcjonalne: Odblaskowe strefy logo, ko\u0144c\u00f3wki do ekran\u00f3w dotykowych, etykiety z nazwiskami<\/p>\n<\/li>\n<li data-start=\"3083\" data-end=\"3160\">\n<p data-start=\"3085\" data-end=\"3160\">Opcje pakowania: P\u0142aska folia ekologiczna, torebka foliowa, pude\u0142ko z przywieszk\u0105, torebka prezentowa<\/p>\n<\/li>\n<li data-start=\"3161\" data-end=\"3206\">\n<p data-start=\"3163\" data-end=\"3206\">MOQ: 300 par do produkcji bia\u0142ych etykiet<\/p>\n<\/li>\n<\/ul>\n<hr data-start=\"3208\" data-end=\"3211\" \/>\n<h4 data-start=\"3213\" data-end=\"3261\">???? <strong data-start=\"3221\" data-end=\"3261\">Idealni nabywcy, sprzedawcy i przypadki u\u017cycia:<\/strong><\/h4>\n<ul data-start=\"3262\" data-end=\"3623\">\n<li data-start=\"3262\" data-end=\"3304\">\n<p data-start=\"3264\" data-end=\"3304\">????\ufe0f <strong data-start=\"3268\" data-end=\"3302\">Dostawcy uniform\u00f3w na zimn\u0105 pogod\u0119<\/strong><\/p>\n<\/li>\n<li data-start=\"3305\" data-end=\"3352\">\n<p data-start=\"3307\" data-end=\"3352\">????\ufe0f <strong data-start=\"3311\" data-end=\"3350\">Sklepy z pami\u0105tkami w o\u015brodkach narciarskich i snowparkach<\/strong><\/p>\n<\/li>\n<li data-start=\"3353\" data-end=\"3396\">\n<p data-start=\"3355\" data-end=\"3396\">???? <strong data-start=\"3358\" data-end=\"3394\">Prywatne marki sprz\u0119tu zimowego<\/strong><\/p>\n<\/li>\n<li data-start=\"3397\" data-end=\"3448\">\n<p data-start=\"3399\" data-end=\"3448\">???? <strong data-start=\"3402\" data-end=\"3446\">Amazon, eBay, Allegro, sprzedawcy Shopify<\/strong><\/p>\n<\/li>\n<li data-start=\"3449\" data-end=\"3503\">\n<p data-start=\"3451\" data-end=\"3503\">???? <strong data-start=\"3454\" data-end=\"3501\">Dystrybutorzy odzie\u017cy roboczej i wypo\u017cyczalnie sprz\u0119tu<\/strong><\/p>\n<\/li>\n<li data-start=\"3504\" data-end=\"3564\">\n<p data-start=\"3506\" data-end=\"3564\">???? <strong data-start=\"3509\" data-end=\"3562\">Sprzedawcy detaliczni potrzebuj\u0105 czarnych r\u0119kawiczek dla linii sezonowych<\/strong><\/p>\n<\/li>\n<li data-start=\"3565\" data-end=\"3623\">\n<p data-start=\"3567\" data-end=\"3623\">???? <strong data-start=\"3570\" data-end=\"3623\">Firmy zajmuj\u0105ce si\u0119 dostawami i logistyk\u0105<\/strong><\/p>\n<\/li>\n<\/ul>\n<hr data-start=\"3625\" data-end=\"3628\" \/>\n<h4 data-start=\"3630\" data-end=\"3676\">???? <strong data-start=\"3638\" data-end=\"3676\">Dlaczego warto wybra\u0107 r\u0119kawice RYINZ All-Black?<\/strong><\/h4>\n<p data-start=\"3677\" data-end=\"4023\">Dla kupuj\u0105cych, kt\u00f3rzy ceni\u0105 <strong data-start=\"3698\" data-end=\"3749\">Wszechstronno\u015b\u0107, trwa\u0142o\u015b\u0107 i stonowane wzornictwo<\/strong>, Ten model jest najlepszym rozwi\u0105zaniem. Czysty, czarny wygl\u0105d jest idealny do odsprzeda\u017cy o wielu zastosowaniach: od uniform\u00f3w pracowniczych po sklepy sportowe. R\u0119kawice te s\u0105 ciep\u0142e, wodoodporne, niedrogie i wysoce funkcjonalne - dok\u0142adnie to, czego potrzebuje Tw\u00f3j katalog lub oferta eCommerce, aby zwi\u0119kszy\u0107 sprzeda\u017c hurtow\u0105.<\/p>\n<p data-start=\"4025\" data-end=\"4164\"><strong data-start=\"4025\" data-end=\"4034\">RYINZ<\/strong> stoi za kunsztem, stylistyk\u0105 i elastyczno\u015bci\u0105 produkcji, kt\u00f3rych Twoja marka potrzebuje, aby <strong data-start=\"4129\" data-end=\"4164\">Pewnie rozwija\u0107 si\u0119 w odzie\u017cy zimowej.<\/strong><\/p>\n<hr data-start=\"4166\" data-end=\"4169\" \/>\n<p data-start=\"4171\" data-end=\"4288\"><strong data-start=\"4171\" data-end=\"4288\">Neutralny. Profesjonalny. Sprawdzone na rynku. Ca\u0142kowicie czarne r\u0119kawice, kt\u00f3re b\u0119dziesz sprzedawa\u0107 wielokrotnie - od stok\u00f3w po chodniki.<\/strong><\/p>","protected":false},"excerpt":{"rendered":"<p>The <strong data-start=\"422\" data-end=\"466\">Wodoodporne r\u0119kawice zimowe RYINZ All-Black<\/strong> zosta\u0142y zaprojektowane z my\u015bl\u0105 o najwy\u017cszej wydajno\u015bci w zimnych, mokrych i wietrznych warunkach. Dzi\u0119ki ochronie mankiet\u00f3w na ca\u0142ej d\u0142ugo\u015bci, izolacji termicznej i bezpiecznemu paskowi na nadgarstku, r\u0119kawice te zapewniaj\u0105 trwa\u0142e ciep\u0142o i odporno\u015b\u0107 na wiatr. Idealne do jazdy na nartach, snowboardzie, prac dostawczych lub intensywnego u\u017cytkowania w zimie, elegancki matowo-czarny design zapewnia atrakcyjno\u015b\u0107 premium dla zespo\u0142\u00f3w mundurowych lub odsprzeda\u017cy marek prywatnych. R\u0119kawice te s\u0105 przyjazne dla sprzeda\u017cy hurtowej, gotowe na mark\u0119 i wyprodukowane, aby spe\u0142ni\u0107 wysokie oczekiwania europejskich nabywc\u00f3w, globalnych sprzedawc\u00f3w eCommerce i sprzedawc\u00f3w detalicznych odzie\u017cy do sport\u00f3w zimowych.<\/p>","protected":false},"featured_media":9374,"comment_status":"closed","ping_status":"closed","template":"","meta":[],"product_brand":[35],"product_cat":[57],"product_tag":[304,305,306,307,308,309,310,311,312,313,314,315,316,317,318],"class_list":{"0":"post-9169","1":"product","2":"type-product","3":"status-publish","4":"has-post-thumbnail","6":"product_brand-ryinz","8":"product_tag-brown-and-white-stitched-thermal-gloves","9":"product_tag-cold-weather-accessories-for-gifting","10":"product_tag-designer-inspired-winter-gloves-for-branding","11":"product_tag-fashion-gloves-for-urban-winter-outfits","12":"product_tag-insulated-quilt-gloves-for-winter-sports","13":"product_tag-luxury-gloves-for-fashion-retailers","14":"product_tag-oem-touchscreen-gloves-with-fleece","15":"product_tag-premium-driving-gloves-for-winter-use","16":"product_tag-quilted-winter-gloves-with-zipper","17":"product_tag-ryinz-gloves-for-private-label-winterwear","18":"product_tag-soft-lined-gloves-for-snow-and-frost","19":"product_tag-thermal-gloves-for-equestrian-apparel","20":"product_tag-touchscreen-compatible-outdoor-gloves","21":"product_tag-wholesale-fur-lined-gloves-for-boutiques","22":"product_tag-womens-touchscreen-cold-weather-gloves","24":"first","25":"instock","26":"taxable","27":"shipping-taxable","28":"purchasable","29":"product-type-simple"},"_links":{"self":[{"href":"https:\/\/ryinz.cz\/velkoobchod\/pl\/wp-json\/wp\/v2\/product\/9169","targetHints":{"allow":["GET"]}}],"collection":[{"href":"https:\/\/ryinz.cz\/velkoobchod\/pl\/wp-json\/wp\/v2\/product"}],"about":[{"href":"https:\/\/ryinz.cz\/velkoobchod\/pl\/wp-json\/wp\/v2\/types\/product"}],"replies":[{"embeddable":true,"href":"https:\/\/ryinz.cz\/velkoobchod\/pl\/wp-json\/wp\/v2\/comments?post=9169"}],"wp:featuredmedia":[{"embeddable":true,"href":"https:\/\/ryinz.cz\/velkoobchod\/pl\/wp-json\/wp\/v2\/media\/9374"}],"wp:attachment":[{"href":"https:\/\/ryinz.cz\/velkoobchod\/pl\/wp-json\/wp\/v2\/media?parent=9169"}],"wp:term":[{"taxonomy":"product_brand","embeddable":true,"href":"https:\/\/ryinz.cz\/velkoobchod\/pl\/wp-json\/wp\/v2\/product_brand?post=9169"},{"taxonomy":"product_cat","embeddable":true,"href":"https:\/\/ryinz.cz\/velkoobchod\/pl\/wp-json\/wp\/v2\/product_cat?post=9169"},{"taxonomy":"product_tag","embeddable":true,"href":"https:\/\/ryinz.cz\/velkoobchod\/pl\/wp-json\/wp\/v2\/product_tag?post=9169"}],"curies":[{"name":"wp","href":"https:\/\/api.w.org\/{rel}","templated":true}]}}