{"id":9167,"date":"2025-06-22T15:31:13","date_gmt":"2025-06-22T15:31:13","guid":{"rendered":"https:\/\/ryinz.cz\/velkoobchod\/?post_type=product&#038;p=9167"},"modified":"2026-01-18T20:17:53","modified_gmt":"2026-01-18T20:17:53","slug":"rekawice-zimowe-z-dlugim-mankietem-na-chlodne-dni-ryinz-black-tan-pu-grip-gloves-for-outdoor-work-snow-retail-wholesale","status":"publish","type":"product","link":"https:\/\/ryinz.cz\/velkoobchod\/pl\/product\/long-cuff-winter-gloves-for-cold-weather-by-ryinz-black-tan-pu-grip-gloves-for-outdoor-work-snow-retail-wholesale\/","title":{"rendered":"R\u0119kawice zimowe z d\u0142ugim mankietem na zimn\u0105 pogod\u0119 RYINZ | Czarno-br\u0105zowe r\u0119kawice PU Grip do pracy na zewn\u0105trz, \u015bniegu i sprzeda\u017cy hurtowej"},"content":{"rendered":"<p data-start=\"1177\" data-end=\"1554\">The <strong data-start=\"1181\" data-end=\"1228\">R\u0119kawiczki zimowe RYINZ Black and Tan z d\u0142ugim mankietem<\/strong> zosta\u0142y zaprojektowane tak, aby zdominowa\u0107 zimno, oferuj\u0105c jednocze\u015bnie wszechstronno\u015b\u0107 marki dla hurtownik\u00f3w i sprzedawc\u00f3w detalicznych na ca\u0142ym \u015bwiecie. \u0141\u0105cz\u0105c solidn\u0105 jako\u015b\u0107 wykonania z eleganck\u0105 dwukolorow\u0105 estetyk\u0105, model ten stanowi rozwi\u0105zanie premium dla firm skierowanych do <strong data-start=\"1480\" data-end=\"1493\">sprz\u0119t \u015bnie\u017cny<\/strong>, <strong data-start=\"1495\" data-end=\"1511\">konstrukcja<\/strong>, <strong data-start=\"1513\" data-end=\"1524\">u\u017cyteczno\u015b\u0107<\/strong>, oraz <strong data-start=\"1530\" data-end=\"1544\">odzie\u017c sportowa<\/strong> segmenty.<\/p>\n<p data-start=\"1556\" data-end=\"1858\">R\u0119kawice te si\u0119gaj\u0105 poza nadgarstek dzi\u0119ki d\u0142ugiemu mankietowi ochronnemu, co czyni je szczeg\u00f3lnie przydatnymi w nast\u0119puj\u0105cych sytuacjach <strong data-start=\"1655\" data-end=\"1668\">g\u0142\u0119boki \u015bnieg<\/strong>, <strong data-start=\"1670\" data-end=\"1693\">mokre warunki pracy<\/strong>, lub <strong data-start=\"1698\" data-end=\"1725\">\u015brodowiska o silnym wietrze<\/strong>. Niezale\u017cnie od tego, czy s\u0105 u\u017cywane przez profesjonalist\u00f3w g\u00f3rskich, narciarzy czy pracownik\u00f3w outdoorowych, r\u0119kawice spe\u0142niaj\u0105 kluczowe wymagania: ciep\u0142o, trwa\u0142o\u015b\u0107 i przyczepno\u015b\u0107.<\/p>\n<hr data-start=\"1860\" data-end=\"1863\" \/>\n<h4 data-start=\"1865\" data-end=\"1902\">???? <strong data-start=\"1873\" data-end=\"1902\">Materia\u0142y i konstrukcja:<\/strong><\/h4>\n<ul data-start=\"1903\" data-end=\"2523\">\n<li data-start=\"1903\" data-end=\"2012\">\n<p data-start=\"1905\" data-end=\"2012\"><strong data-start=\"1905\" data-end=\"1924\">Backhand Shell:<\/strong> Wiatroszczelna i wodoodporna czarna tkanina zewn\u0119trzna, stworzona z my\u015bl\u0105 o \u015bniegu i ujemnych temperaturach<\/p>\n<\/li>\n<li data-start=\"2013\" data-end=\"2119\">\n<p data-start=\"2015\" data-end=\"2119\"><strong data-start=\"2015\" data-end=\"2039\">Strefy d\u0142oni i chwytu:<\/strong> Sk\u00f3ra syntetyczna PU w kolorze jasnobr\u0105zowym dla lepszej trwa\u0142o\u015bci i widoczno\u015bci<\/p>\n<\/li>\n<li data-start=\"2120\" data-end=\"2223\">\n<p data-start=\"2122\" data-end=\"2223\"><strong data-start=\"2122\" data-end=\"2137\">Opuszki palc\u00f3w:<\/strong> Ulepszona zakrzywiona struktura zapewnia mobilno\u015b\u0107 palc\u00f3w, obs\u0142ug\u0119 narz\u0119dzi i og\u00f3ln\u0105 sprawno\u015b\u0107 manualn\u0105<\/p>\n<\/li>\n<li data-start=\"2224\" data-end=\"2348\">\n<p data-start=\"2226\" data-end=\"2348\"><strong data-start=\"2226\" data-end=\"2235\">Mankiet:<\/strong> Przed\u0142u\u017cony mankiet r\u0119kawicy zapewnia dodatkow\u0105 ochron\u0119 nadgarstka i dolnej cz\u0119\u015bci przedramienia - mo\u017cna go za\u0142o\u017cy\u0107 na odzie\u017c wierzchni\u0105 lub pod ni\u0105.<\/p>\n<\/li>\n<li data-start=\"2349\" data-end=\"2434\">\n<p data-start=\"2351\" data-end=\"2434\"><strong data-start=\"2351\" data-end=\"2364\">Wn\u0119trze:<\/strong> Mi\u0119kka, szczotkowana podszewka termiczna zapewnia d\u0142ugotrwa\u0142e ciep\u0142o bez zm\u0119czenia d\u0142oni<\/p>\n<\/li>\n<li data-start=\"2435\" data-end=\"2523\">\n<p data-start=\"2437\" data-end=\"2523\"><strong data-start=\"2437\" data-end=\"2456\">Elastyczne nadgarstki:<\/strong> \u015acis\u0142e zamkni\u0119cie chroni\u0105ce przed lodem, \u015bniegiem i wilgoci\u0105 podczas aktywno\u015bci<\/p>\n<\/li>\n<\/ul>\n<hr data-start=\"2525\" data-end=\"2528\" \/>\n<h4 data-start=\"2530\" data-end=\"2563\">???? <strong data-start=\"2538\" data-end=\"2563\">W\u0142a\u015bciwo\u015bci u\u017cytkowe:<\/strong><\/h4>\n<ul data-start=\"2564\" data-end=\"2954\">\n<li data-start=\"2564\" data-end=\"2632\">\n<p data-start=\"2566\" data-end=\"2632\">\u2705 <strong data-start=\"2568\" data-end=\"2595\">D\u0142ugi mankiet z pe\u0142nym pokryciem<\/strong> Konstrukcja zapewniaj\u0105ca maksymaln\u0105 ochron\u0119 przed \u015bniegiem<\/p>\n<\/li>\n<li data-start=\"2633\" data-end=\"2706\">\n<p data-start=\"2635\" data-end=\"2706\">\u2705 <strong data-start=\"2637\" data-end=\"2664\">Odporna na \u015bcieranie d\u0142o\u0144<\/strong> materia\u0142y o przemys\u0142owej sile chwytu<\/p>\n<\/li>\n<li data-start=\"2707\" data-end=\"2781\">\n<p data-start=\"2709\" data-end=\"2781\">\u2705 <strong data-start=\"2711\" data-end=\"2727\">Elastyczne dopasowanie<\/strong> wspiera prac\u0119 na \u015bwie\u017cym powietrzu lub techniczn\u0105 aktywno\u015b\u0107 wysokog\u00f3rsk\u0105<\/p>\n<\/li>\n<li data-start=\"2782\" data-end=\"2865\">\n<p data-start=\"2784\" data-end=\"2865\">\u2705 <strong data-start=\"2786\" data-end=\"2804\">Wyk\u0142adzina termiczna<\/strong> Zapewnia niezawodne zatrzymywanie ciep\u0142a nawet w wilgotnych i zimnych warunkach.<\/p>\n<\/li>\n<li data-start=\"2866\" data-end=\"2954\">\n<p data-start=\"2868\" data-end=\"2954\">\u2705 <strong data-start=\"2870\" data-end=\"2899\">Stylowy i funkcjonalny wygl\u0105d<\/strong> zar\u00f3wno do zastosowa\u0144 mundurowych, jak i na rynku odzie\u017cy sportowej<\/p>\n<\/li>\n<\/ul>\n<hr data-start=\"2956\" data-end=\"2959\" \/>\n<h4 data-start=\"2961\" data-end=\"3015\">???? <strong data-start=\"2969\" data-end=\"3015\">Opcje brandingu i personalizacji od RYINZ:<\/strong><\/h4>\n<ul data-start=\"3016\" data-end=\"3368\">\n<li data-start=\"3016\" data-end=\"3071\">\n<p data-start=\"3018\" data-end=\"3071\">Dodaj swoje logo za pomoc\u0105 naszywki, wyt\u0142oczenia lub bezpo\u015bredniego nadruku<\/p>\n<\/li>\n<li data-start=\"3072\" data-end=\"3165\">\n<p data-start=\"3074\" data-end=\"3165\">Niestandardowe schematy kolor\u00f3w dost\u0119pne przy wi\u0119kszych zam\u00f3wieniach (czarny\/oliwkowy, czarny\/czerwony, granatowy\/br\u0105zowy itp.)<\/p>\n<\/li>\n<li data-start=\"3166\" data-end=\"3199\">\n<p data-start=\"3168\" data-end=\"3199\">Dost\u0119pne rozmiary: S, M, L, XL<\/p>\n<\/li>\n<li data-start=\"3200\" data-end=\"3219\">\n<p data-start=\"3202\" data-end=\"3219\">MOQ: 300+ par<\/p>\n<\/li>\n<li data-start=\"3220\" data-end=\"3288\">\n<p data-start=\"3222\" data-end=\"3288\">Opakowania zbiorcze: pary w wi\u0105zkach, opakowania ekologiczne lub p\u0142askie torby.<\/p>\n<\/li>\n<li data-start=\"3289\" data-end=\"3368\">\n<p data-start=\"3291\" data-end=\"3368\">Opcjonalne funkcje: opuszki palc\u00f3w z ekranem dotykowym, pancerz kostek, wewn\u0119trzny mankiet z polaru<\/p>\n<\/li>\n<\/ul>\n<hr data-start=\"3370\" data-end=\"3373\" \/>\n<h4 data-start=\"3375\" data-end=\"3416\">???? <strong data-start=\"3383\" data-end=\"3416\">Najwa\u017cniejsze przypadki u\u017cycia tego modelu:<\/strong><\/h4>\n<ul data-start=\"3417\" data-end=\"3783\">\n<li data-start=\"3417\" data-end=\"3469\">\n<p data-start=\"3419\" data-end=\"3469\">????\ufe0f <strong data-start=\"3423\" data-end=\"3467\">Praca na zewn\u0105trz i budowa w niskich temperaturach<\/strong><\/p>\n<\/li>\n<li data-start=\"3470\" data-end=\"3519\">\n<p data-start=\"3472\" data-end=\"3519\">????\ufe0f <strong data-start=\"3476\" data-end=\"3517\">Zespo\u0142y ratownictwa g\u00f3rskiego i technicy terenowi<\/strong><\/p>\n<\/li>\n<li data-start=\"3520\" data-end=\"3563\">\n<p data-start=\"3522\" data-end=\"3563\">???? <strong data-start=\"3525\" data-end=\"3561\">Sprzedawcy r\u0119kawic do skuter\u00f3w \u015bnie\u017cnych i nart<\/strong><\/p>\n<\/li>\n<li data-start=\"3564\" data-end=\"3615\">\n<p data-start=\"3566\" data-end=\"3615\">???? <strong data-start=\"3569\" data-end=\"3613\">Linie r\u0119kawic zimowych do u\u017cytku prywatnego<\/strong><\/p>\n<\/li>\n<li data-start=\"3616\" data-end=\"3673\">\n<p data-start=\"3618\" data-end=\"3673\">???? <strong data-start=\"3621\" data-end=\"3671\">Dostarczanie lodu, p\u0142ugi \u015bnie\u017cne i zespo\u0142y konserwacyjne<\/strong><\/p>\n<\/li>\n<li data-start=\"3674\" data-end=\"3727\">\n<p data-start=\"3676\" data-end=\"3727\">???? <strong data-start=\"3679\" data-end=\"3725\">Eksporterzy i hurtownicy akcesori\u00f3w zimowych<\/strong><\/p>\n<\/li>\n<li data-start=\"3728\" data-end=\"3783\">\n<p data-start=\"3730\" data-end=\"3783\">???? <strong data-start=\"3733\" data-end=\"3783\">Dystrybutorzy ci\u0119\u017ckich r\u0119kawic w ca\u0142ej UE\/USA<\/strong><\/p>\n<\/li>\n<\/ul>\n<hr data-start=\"3785\" data-end=\"3788\" \/>\n<h4 data-start=\"3790\" data-end=\"3845\">???? <strong data-start=\"3798\" data-end=\"3845\">Dlaczego r\u0119kawiczki z d\u0142ugim mankietem RYINZ s\u0105 niezb\u0119dne:<\/strong><\/h4>\n<p data-start=\"3846\" data-end=\"4163\">Dzi\u0119ki ponad dwudziestoletniemu mi\u0119dzynarodowemu do\u015bwiadczeniu w produkcji r\u0119kawic, RYINZ specjalizuje si\u0119 w przekszta\u0142caniu solidnej wydajno\u015bci w skalowalny sukces marki w\u0142asnej. Ten model - z wyd\u0142u\u017conym mankietem, mocnymi strefami chwytu i wszechstronnym potencja\u0142em brandingu - oferuje wyr\u00f3\u017cniaj\u0105ce si\u0119 SKU zar\u00f3wno w kategorii mody, jak i funkcjonalno\u015bci.<\/p>\n<p data-start=\"4165\" data-end=\"4411\">Zbudowane z my\u015bl\u0105 o pracy w prawdziwym \u015bwiecie i dopracowane pod k\u0105tem prezentacji w katalogach lub eCommerce, r\u0119kawice te oferuj\u0105 niezawodno\u015b\u0107, kt\u00f3rej oczekuj\u0105 kupuj\u0105cy i atrakcyjny wygl\u0105d, kt\u00f3rego potrzebuj\u0105 sprzedawcy. Niezale\u017cnie od tego, czy zaopatrujesz pracownik\u00f3w, je\u017ad\u017ac\u00f3w czy zimowych wojownik\u00f3w - te r\u0119kawice dzia\u0142aj\u0105.<\/p>\n<hr data-start=\"4413\" data-end=\"4416\" \/>\n<p data-start=\"4418\" data-end=\"4522\"><strong data-start=\"4418\" data-end=\"4522\">Chro\u0144 nadgarstek. Chwytaj chwil\u0119. Sprzedawaj z pewno\u015bci\u0105 - tylko z r\u0119kawicami RYINZ Cold-Pro z d\u0142ugim mankietem.<\/strong><\/p>","protected":false},"excerpt":{"rendered":"<p>Zaprojektowany z my\u015bl\u0105 o przed\u0142u\u017conej wydajno\u015bci w mro\u017anych warunkach. <strong data-start=\"504\" data-end=\"537\">R\u0119kawiczki zimowe RYINZ z d\u0142ugim mankietem<\/strong> oferuj\u0105 doskona\u0142\u0105 ochron\u0119 d\u0142oni dzi\u0119ki trwa\u0142ym strefom chwytu ze sk\u00f3ry PU, wodoodpornej pow\u0142oce zewn\u0119trznej i izolowanemu komfortowi. Wysoki mankiet nadgarstka chroni przed przedostawaniem si\u0119 \u015bniegu i ch\u0142odem wiatru, a wzmocnione cz\u0119\u015bci d\u0142oni i palc\u00f3w zapewniaj\u0105 trwa\u0142\u0105 przyczepno\u015b\u0107 i elastyczno\u015b\u0107. Stworzone do jazdy na nartach, pracy na \u015bwie\u017cym powietrzu, jazdy na skuterach \u015bnie\u017cnych lub pracy w terenie w niskich temperaturach, r\u0119kawice te s\u0105 r\u00f3wnie\u017c w pe\u0142ni konfigurowalne dla marek w\u0142asnych. Ciesz\u0105 si\u0119 zaufaniem sprzedawc\u00f3w detalicznych, wykonawc\u00f3w i dostawc\u00f3w odzie\u017cy sportowej - te r\u0119kawice s\u0105 gotowe na zim\u0119, gotowe na rynek i stworzone z my\u015bl\u0105 o sukcesie sprzeda\u017cy hurtowej.<\/p>","protected":false},"featured_media":9361,"comment_status":"closed","ping_status":"closed","template":"","meta":[],"product_brand":[35],"product_cat":[57],"product_tag":[304,305,306,307,308,309,310,311,312,313,314,315,316,317,318],"class_list":{"0":"post-9167","1":"product","2":"type-product","3":"status-publish","4":"has-post-thumbnail","6":"product_brand-ryinz","8":"product_tag-brown-and-white-stitched-thermal-gloves","9":"product_tag-cold-weather-accessories-for-gifting","10":"product_tag-designer-inspired-winter-gloves-for-branding","11":"product_tag-fashion-gloves-for-urban-winter-outfits","12":"product_tag-insulated-quilt-gloves-for-winter-sports","13":"product_tag-luxury-gloves-for-fashion-retailers","14":"product_tag-oem-touchscreen-gloves-with-fleece","15":"product_tag-premium-driving-gloves-for-winter-use","16":"product_tag-quilted-winter-gloves-with-zipper","17":"product_tag-ryinz-gloves-for-private-label-winterwear","18":"product_tag-soft-lined-gloves-for-snow-and-frost","19":"product_tag-thermal-gloves-for-equestrian-apparel","20":"product_tag-touchscreen-compatible-outdoor-gloves","21":"product_tag-wholesale-fur-lined-gloves-for-boutiques","22":"product_tag-womens-touchscreen-cold-weather-gloves","24":"first","25":"instock","26":"taxable","27":"shipping-taxable","28":"purchasable","29":"product-type-simple"},"_links":{"self":[{"href":"https:\/\/ryinz.cz\/velkoobchod\/pl\/wp-json\/wp\/v2\/product\/9167","targetHints":{"allow":["GET"]}}],"collection":[{"href":"https:\/\/ryinz.cz\/velkoobchod\/pl\/wp-json\/wp\/v2\/product"}],"about":[{"href":"https:\/\/ryinz.cz\/velkoobchod\/pl\/wp-json\/wp\/v2\/types\/product"}],"replies":[{"embeddable":true,"href":"https:\/\/ryinz.cz\/velkoobchod\/pl\/wp-json\/wp\/v2\/comments?post=9167"}],"wp:featuredmedia":[{"embeddable":true,"href":"https:\/\/ryinz.cz\/velkoobchod\/pl\/wp-json\/wp\/v2\/media\/9361"}],"wp:attachment":[{"href":"https:\/\/ryinz.cz\/velkoobchod\/pl\/wp-json\/wp\/v2\/media?parent=9167"}],"wp:term":[{"taxonomy":"product_brand","embeddable":true,"href":"https:\/\/ryinz.cz\/velkoobchod\/pl\/wp-json\/wp\/v2\/product_brand?post=9167"},{"taxonomy":"product_cat","embeddable":true,"href":"https:\/\/ryinz.cz\/velkoobchod\/pl\/wp-json\/wp\/v2\/product_cat?post=9167"},{"taxonomy":"product_tag","embeddable":true,"href":"https:\/\/ryinz.cz\/velkoobchod\/pl\/wp-json\/wp\/v2\/product_tag?post=9167"}],"curies":[{"name":"wp","href":"https:\/\/api.w.org\/{rel}","templated":true}]}}