{"id":9166,"date":"2025-08-26T11:48:33","date_gmt":"2025-08-26T11:48:33","guid":{"rendered":"https:\/\/ryinz.cz\/velkoobchod\/?post_type=product&#038;p=9166"},"modified":"2026-01-18T20:17:53","modified_gmt":"2026-01-18T20:17:53","slug":"niestandardowe-taktyczne-rekawiczki-skorzane-czarne-firmy-ryinz-pikowane-rekawiczki-pu-grip-do-sprzedazy-detalicznej-rowerzysta-zima-bezpieczenstwo-hurtownia","status":"publish","type":"product","link":"https:\/\/ryinz.cz\/velkoobchod\/pl\/product\/custom-tactical-leather-gloves-black-by-ryinz-quilted-pu-grip-gloves-for-retail-biker-winter-security-wholesale\/","title":{"rendered":"Niestandardowe sk\u00f3rzane r\u0119kawice taktyczne Black by RYINZ | Pikowane r\u0119kawice PU Grip do sprzeda\u017cy detalicznej, rowerowej, zimowej i hurtowej ochrony"},"content":{"rendered":"<p data-start=\"1151\" data-end=\"1506\">Przejmij kontrol\u0119 dzi\u0119ki <strong data-start=\"1169\" data-end=\"1216\">Sk\u00f3rzane r\u0119kawice taktyczne RYINZ Premium Black<\/strong>, to idealne rozwi\u0105zanie w zakresie nowoczesnej funkcjonalno\u015bci, wydajno\u015bci komercyjnej i eleganckiej estetyki zimowej. R\u0119kawice te zosta\u0142y stworzone z my\u015bl\u0105 zar\u00f3wno o ochronie, jak i polerowaniu - dzi\u0119ki czemu nadaj\u0105 si\u0119 do linii sprz\u0119tu motocyklowego, kolekcji odzie\u017cy wierzchniej marek w\u0142asnych, stroj\u00f3w mundurowych i dostawc\u00f3w sprz\u0119tu taktycznego.<\/p>\n<p data-start=\"1508\" data-end=\"1798\">Zaprojektowane z wytrzyma\u0142ymi szwami przemys\u0142owymi, mi\u0119kk\u0105 wewn\u0119trzn\u0105 wy\u015bci\u00f3\u0142k\u0105 i czarnym matowym wyko\u0144czeniem, r\u0119kawice te s\u0105 przeznaczone zar\u00f3wno do pracy, jak i na co dzie\u0144. <strong data-start=\"1631\" data-end=\"1678\">operacje terenowe i modowe p\u00f3\u0142ki detaliczne<\/strong>. RYINZ \u0142\u0105czy europejsk\u0105 stylistyk\u0119 z globaln\u0105 trwa\u0142o\u015bci\u0105, dzi\u0119ki czemu model ten spe\u0142nia wysokie oczekiwania nabywc\u00f3w B2B.<\/p>\n<hr data-start=\"1800\" data-end=\"1803\" \/>\n<h4 data-start=\"1805\" data-end=\"1850\">???? <strong data-start=\"1813\" data-end=\"1850\">Konstrukcja i specyfikacje materia\u0142owe:<\/strong><\/h4>\n<ul data-start=\"1851\" data-end=\"2313\">\n<li data-start=\"1851\" data-end=\"1942\">\n<p data-start=\"1853\" data-end=\"1942\"><strong data-start=\"1853\" data-end=\"1862\">D\u0142o\u0144:<\/strong> W pe\u0142ni syntetyczna sk\u00f3ra z precyzyjnie odwzorowanymi konturami zapewniaj\u0105cymi pewny chwyt podczas pracy<\/p>\n<\/li>\n<li data-start=\"1943\" data-end=\"2057\">\n<p data-start=\"1945\" data-end=\"2057\"><strong data-start=\"1945\" data-end=\"1954\">Powr\u00f3t:<\/strong> Pikowana strefa o diamentowym wzorze ze zintegrowanymi panelami o strukturze plastra miodu - stylowa i odporna na uderzenia<\/p>\n<\/li>\n<li data-start=\"2058\" data-end=\"2134\">\n<p data-start=\"2060\" data-end=\"2134\"><strong data-start=\"2060\" data-end=\"2072\">Palce:<\/strong> Zakrzywiony kr\u00f3j dla ergonomicznej pozycji d\u0142oni i maksymalnej zr\u0119czno\u015bci<\/p>\n<\/li>\n<li data-start=\"2135\" data-end=\"2218\">\n<p data-start=\"2137\" data-end=\"2218\"><strong data-start=\"2137\" data-end=\"2146\">Mankiet:<\/strong> Prosty kr\u00f3j z wewn\u0119trznym elastycznym paskiem do szybkiego dopasowania i zak\u0142adania<\/p>\n<\/li>\n<li data-start=\"2219\" data-end=\"2313\">\n<p data-start=\"2221\" data-end=\"2313\"><strong data-start=\"2221\" data-end=\"2234\">Kolorystyka:<\/strong> Jednolita czer\u0144 we wszystkich strefach zapewnia taktyczn\u0105 dyskrecj\u0119 i wszechstronny styl<\/p>\n<\/li>\n<\/ul>\n<hr data-start=\"2315\" data-end=\"2318\" \/>\n<h4 data-start=\"2320\" data-end=\"2356\">???? <strong data-start=\"2328\" data-end=\"2356\">Kluczowe korzy\u015bci funkcjonalne:<\/strong><\/h4>\n<ul data-start=\"2357\" data-end=\"2917\">\n<li data-start=\"2357\" data-end=\"2494\">\n<p data-start=\"2359\" data-end=\"2494\">\u2705 <strong data-start=\"2361\" data-end=\"2389\">Profesjonalny wygl\u0105d:<\/strong> Elegancki, ca\u0142kowicie czarny odcie\u0144 idealny dla str\u00f3\u017c\u00f3w prawa, za\u0142\u00f3g motocyklowych, pracownik\u00f3w ochrony lub odzie\u017cy miejskiej premium<\/p>\n<\/li>\n<li data-start=\"2495\" data-end=\"2612\">\n<p data-start=\"2497\" data-end=\"2612\">\u2705 <strong data-start=\"2499\" data-end=\"2525\">Wzmocniona ochrona:<\/strong> Strefy d\u0142oni i kostek zaprojektowane z my\u015bl\u0105 o odporno\u015bci na \u015bcieranie i lekkiej os\u0142onie taktycznej<\/p>\n<\/li>\n<li data-start=\"2613\" data-end=\"2730\">\n<p data-start=\"2615\" data-end=\"2730\">\u2705 <strong data-start=\"2617\" data-end=\"2639\">Elastyczna mobilno\u015b\u0107:<\/strong> Zbudowany z naturalnym zakrzywieniem palc\u00f3w i mi\u0119kk\u0105 rozci\u0105gliwo\u015bci\u0105 dla ruchu podczas jazdy konnej lub patrolu<\/p>\n<\/li>\n<li data-start=\"2731\" data-end=\"2823\">\n<p data-start=\"2733\" data-end=\"2823\">\u2705 <strong data-start=\"2735\" data-end=\"2756\">Przyjazny dla pogody:<\/strong> Materia\u0142y blokuj\u0105ce wiatr zapewniaj\u0105 utrzymanie ciep\u0142a w zimnym klimacie<\/p>\n<\/li>\n<li data-start=\"2824\" data-end=\"2917\">\n<p data-start=\"2826\" data-end=\"2917\">\u2705 <strong data-start=\"2828\" data-end=\"2850\">Uniwersalne dopasowanie:<\/strong> Idealny do zastosowa\u0144 codziennych, mundurowych, zewn\u0119trznych lub mechanicznych<\/p>\n<\/li>\n<\/ul>\n<hr data-start=\"2919\" data-end=\"2922\" \/>\n<h4 data-start=\"2924\" data-end=\"2972\">???? <strong data-start=\"2932\" data-end=\"2972\">Opcje dostosowywania i bia\u0142ej etykiety:<\/strong><\/h4>\n<ul data-start=\"2973\" data-end=\"3259\">\n<li data-start=\"2973\" data-end=\"3028\">\n<p data-start=\"2975\" data-end=\"3028\">Umieszczenie logo: Ty\u0142 d\u0142oni, pasek mankietu lub strefa nadgarstka<\/p>\n<\/li>\n<li data-start=\"3029\" data-end=\"3061\">\n<p data-start=\"3031\" data-end=\"3061\">Dost\u0119pne w rozmiarach: XS do XL<\/p>\n<\/li>\n<li data-start=\"3062\" data-end=\"3106\">\n<p data-start=\"3064\" data-end=\"3106\">Opcjonalne opuszki palc\u00f3w przyjazne dla ekranu dotykowego<\/p>\n<\/li>\n<li data-start=\"3107\" data-end=\"3186\">\n<p data-start=\"3109\" data-end=\"3186\">Rodzaje opakowa\u0144: torebki z zamkiem b\u0142yskawicznym, rolki ekologiczne, zestawy pude\u0142ek lub p\u0142askie r\u0119kawy detaliczne<\/p>\n<\/li>\n<li data-start=\"3187\" data-end=\"3259\">\n<p data-start=\"3189\" data-end=\"3259\">Obs\u0142uga MOQ od 300 par dla startup\u00f3w lub sezonowych linii o ma\u0142ej obj\u0119to\u015bci<\/p>\n<\/li>\n<\/ul>\n<hr data-start=\"3261\" data-end=\"3264\" \/>\n<h4 data-start=\"3266\" data-end=\"3294\">???? <strong data-start=\"3274\" data-end=\"3294\">Zalecane dla:<\/strong><\/h4>\n<ul data-start=\"3295\" data-end=\"3627\">\n<li data-start=\"3295\" data-end=\"3335\">\n<p data-start=\"3297\" data-end=\"3335\">???? <strong data-start=\"3300\" data-end=\"3333\">Sprzedawcy akcesori\u00f3w motocyklowych<\/strong><\/p>\n<\/li>\n<li data-start=\"3336\" data-end=\"3373\">\n<p data-start=\"3338\" data-end=\"3373\">???? <strong data-start=\"3341\" data-end=\"3371\">Dostawcy uniform\u00f3w bezpiecze\u0144stwa<\/strong><\/p>\n<\/li>\n<li data-start=\"3374\" data-end=\"3418\">\n<p data-start=\"3376\" data-end=\"3418\">???? <strong data-start=\"3379\" data-end=\"3416\">Marki sprz\u0119tu taktycznego na zimn\u0105 pogod\u0119<\/strong><\/p>\n<\/li>\n<li data-start=\"3419\" data-end=\"3467\">\n<p data-start=\"3421\" data-end=\"3467\">???? <strong data-start=\"3424\" data-end=\"3465\">Dostawcy upomink\u00f3w korporacyjnych lub dla kadry kierowniczej<\/strong><\/p>\n<\/li>\n<li data-start=\"3468\" data-end=\"3518\">\n<p data-start=\"3470\" data-end=\"3518\">????\ufe0f <strong data-start=\"3474\" data-end=\"3516\">Marki w\u0142asne odzie\u017cy wierzchniej<\/strong><\/p>\n<\/li>\n<li data-start=\"3519\" data-end=\"3569\">\n<p data-start=\"3521\" data-end=\"3569\">???? <strong data-start=\"3524\" data-end=\"3567\">Sprzedawcy eCommerce na Amazon, Etsy itp.<\/strong><\/p>\n<\/li>\n<li data-start=\"3570\" data-end=\"3627\">\n<p data-start=\"3572\" data-end=\"3627\">???? <strong data-start=\"3575\" data-end=\"3627\">Zestawy personelu frachtowego, dostawczego i transportowego<\/strong><\/p>\n<\/li>\n<\/ul>\n<hr data-start=\"3629\" data-end=\"3632\" \/>\n<h4 data-start=\"3634\" data-end=\"3679\">???? <strong data-start=\"3642\" data-end=\"3679\">Dlaczego warto wybra\u0107 ten model RYINZ?<\/strong><\/h4>\n<p data-start=\"3680\" data-end=\"4069\">Ten model reprezentuje <strong data-start=\"3702\" data-end=\"3739\">Precyzja, polerowanie i ochrona<\/strong>. Niezale\u017cnie od tego, czy wyposa\u017casz sklep motocyklowy, uruchamiasz lini\u0119 odzie\u017cy zimowej, czy zaopatrujesz si\u0119 w mundury taktyczne - ta r\u0119kawica zapewnia najlepsz\u0105 form\u0119 i funkcjonalno\u015b\u0107. Dzi\u0119ki eleganckiej czerni i ca\u0142orocznej wszechstronno\u015bci wyr\u00f3\u017cniaj\u0105 si\u0119 na tle zwyk\u0142ych r\u0119kawic roboczych. Podobnie jak wszystkie produkty RYINZ, zosta\u0142y zaprojektowane z my\u015bl\u0105 o sprzeda\u017cy, skalowaniu i obs\u0142udze.<\/p>","protected":false},"excerpt":{"rendered":"<p>Zachowaj wygod\u0119 i pewno\u015b\u0107 siebie na \u015bniegu dzi\u0119ki <strong data-start=\"4018\" data-end=\"4057\">R\u0119kawice \u015bniegowe i narciarskie RYINZ na ka\u017cd\u0105 pogod\u0119<\/strong> - Gotowe na zim\u0119 r\u0119kawice stworzone z my\u015bl\u0105 o powa\u017cnej wydajno\u015bci w ekstremalnych warunkach. R\u0119kawice te \u0142\u0105cz\u0105 wytrzyma\u0142\u0105 pow\u0142ok\u0119 zewn\u0119trzn\u0105 z izolacj\u0105 termiczn\u0105 i wygodn\u0105 podszewk\u0105, zapewniaj\u0105c niezawodn\u0105 ochron\u0119 przed wiatrem, \u015bniegiem i wilgoci\u0105. D\u0142ugi mankiet zapewnia dodatkow\u0105 os\u0142on\u0119, a regulowany pasek i zacisk na nadgarstek utrzymuj\u0105 je bezpiecznie na miejscu. Wzmocniona d\u0142o\u0144 poprawia przyczepno\u015b\u0107, a wy\u015bcie\u0142ane obszary i wst\u0119pnie zakrzywione palce zwi\u0119kszaj\u0105 elastyczno\u015b\u0107 i ochron\u0119. Idealne do jazdy na nartach, snowboardzie, skuterach \u015bnie\u017cnych i pracy w niskich temperaturach, r\u0119kawice te s\u0105 przeznaczone dla m\u0119\u017cczyzn i kobiet, kt\u00f3rzy potrzebuj\u0105 zar\u00f3wno stylu, jak i wydajno\u015bci w jednym.<\/p>","protected":false},"featured_media":9360,"comment_status":"closed","ping_status":"closed","template":"","meta":[],"product_brand":[35],"product_cat":[57],"product_tag":[304,305,306,307,308,309,310,311,312,313,314,315,316,317,318],"class_list":{"0":"post-9166","1":"product","2":"type-product","3":"status-publish","4":"has-post-thumbnail","6":"product_brand-ryinz","8":"product_tag-brown-and-white-stitched-thermal-gloves","9":"product_tag-cold-weather-accessories-for-gifting","10":"product_tag-designer-inspired-winter-gloves-for-branding","11":"product_tag-fashion-gloves-for-urban-winter-outfits","12":"product_tag-insulated-quilt-gloves-for-winter-sports","13":"product_tag-luxury-gloves-for-fashion-retailers","14":"product_tag-oem-touchscreen-gloves-with-fleece","15":"product_tag-premium-driving-gloves-for-winter-use","16":"product_tag-quilted-winter-gloves-with-zipper","17":"product_tag-ryinz-gloves-for-private-label-winterwear","18":"product_tag-soft-lined-gloves-for-snow-and-frost","19":"product_tag-thermal-gloves-for-equestrian-apparel","20":"product_tag-touchscreen-compatible-outdoor-gloves","21":"product_tag-wholesale-fur-lined-gloves-for-boutiques","22":"product_tag-womens-touchscreen-cold-weather-gloves","24":"first","25":"instock","26":"taxable","27":"shipping-taxable","28":"purchasable","29":"product-type-simple"},"_links":{"self":[{"href":"https:\/\/ryinz.cz\/velkoobchod\/pl\/wp-json\/wp\/v2\/product\/9166","targetHints":{"allow":["GET"]}}],"collection":[{"href":"https:\/\/ryinz.cz\/velkoobchod\/pl\/wp-json\/wp\/v2\/product"}],"about":[{"href":"https:\/\/ryinz.cz\/velkoobchod\/pl\/wp-json\/wp\/v2\/types\/product"}],"replies":[{"embeddable":true,"href":"https:\/\/ryinz.cz\/velkoobchod\/pl\/wp-json\/wp\/v2\/comments?post=9166"}],"wp:featuredmedia":[{"embeddable":true,"href":"https:\/\/ryinz.cz\/velkoobchod\/pl\/wp-json\/wp\/v2\/media\/9360"}],"wp:attachment":[{"href":"https:\/\/ryinz.cz\/velkoobchod\/pl\/wp-json\/wp\/v2\/media?parent=9166"}],"wp:term":[{"taxonomy":"product_brand","embeddable":true,"href":"https:\/\/ryinz.cz\/velkoobchod\/pl\/wp-json\/wp\/v2\/product_brand?post=9166"},{"taxonomy":"product_cat","embeddable":true,"href":"https:\/\/ryinz.cz\/velkoobchod\/pl\/wp-json\/wp\/v2\/product_cat?post=9166"},{"taxonomy":"product_tag","embeddable":true,"href":"https:\/\/ryinz.cz\/velkoobchod\/pl\/wp-json\/wp\/v2\/product_tag?post=9166"}],"curies":[{"name":"wp","href":"https:\/\/api.w.org\/{rel}","templated":true}]}}